{"id":7934,"date":"2024-05-09T15:10:06","date_gmt":"2024-05-09T12:10:06","guid":{"rendered":"https:\/\/cityofmercy.lt\/?page_id=7934"},"modified":"2024-05-21T14:14:24","modified_gmt":"2024-05-21T11:14:24","slug":"tuskulenai","status":"publish","type":"page","link":"https:\/\/cityofmercy.lt\/pl_PL\/objektai\/tuskulenai\/","title":{"rendered":"Park pami\u0119ci w Tuskulanach"},"content":{"rendered":"[vc_row type=&#8221;in_container&#8221; full_screen_row_position=&#8221;middle&#8221; scene_position=&#8221;center&#8221; text_color=&#8221;dark&#8221; text_align=&#8221;left&#8221; overlay_strength=&#8221;0.3&#8243; shape_divider_position=&#8221;bottom&#8221;][vc_column centered_text=&#8221;true&#8221; column_padding=&#8221;no-extra-padding&#8221; column_padding_position=&#8221;all&#8221; background_color_opacity=&#8221;1&#8243; background_hover_color_opacity=&#8221;1&#8243; column_shadow=&#8221;none&#8221; column_border_radius=&#8221;none&#8221; width=&#8221;1\/1&#8243; tablet_text_alignment=&#8221;default&#8221; phone_text_alignment=&#8221;default&#8221; column_border_width=&#8221;none&#8221; column_border_style=&#8221;solid&#8221;][vc_column_text]\n<h4>Park pami\u0119ci w Tuskulanach<\/h4>\n[\/vc_column_text]<div class=\"divider-wrap\"><div style=\"margin-top: 25px; height: 1px; margin-bottom: 25px;\" data-width=\"100%\" data-animate=\"\" data-animation-delay=\"\" data-color=\"default\" class=\"divider-border\"><\/div><\/div>[\/vc_column][\/vc_row][vc_row type=&#8221;in_container&#8221; full_screen_row_position=&#8221;middle&#8221; scene_position=&#8221;center&#8221; text_color=&#8221;dark&#8221; text_align=&#8221;left&#8221; overlay_strength=&#8221;0.3&#8243; shape_divider_position=&#8221;bottom&#8221;][vc_column column_padding=&#8221;no-extra-padding&#8221; column_padding_position=&#8221;all&#8221; background_color_opacity=&#8221;1&#8243; background_hover_color_opacity=&#8221;1&#8243; column_shadow=&#8221;none&#8221; column_border_radius=&#8221;none&#8221; top_margin=&#8221;-30&#8243; width=&#8221;1\/1&#8243; tablet_text_alignment=&#8221;default&#8221; phone_text_alignment=&#8221;default&#8221; column_border_width=&#8221;none&#8221; column_border_style=&#8221;solid&#8221;][vc_row_inner column_margin=&#8221;default&#8221; text_align=&#8221;left&#8221;][vc_column_inner column_padding=&#8221;no-extra-padding&#8221; column_padding_position=&#8221;all&#8221; background_color_opacity=&#8221;1&#8243; background_hover_color_opacity=&#8221;1&#8243; column_shadow=&#8221;none&#8221; column_border_radius=&#8221;none&#8221; width=&#8221;1\/2&#8243; column_border_width=&#8221;none&#8221; column_border_style=&#8221;solid&#8221;][nectar_image_with_hotspots image=&#8221;7932&#8243; preview=&#8221;https:\/\/cityofmercy.lt\/wp-content\/uploads\/2024\/05\/Tuskulenai_873-KB-scaled.jpg&#8221; color_1=&#8221;Accent-Color&#8221; hotspot_icon=&#8221;plus_sign&#8221; tooltip=&#8221;hover&#8221; tooltip_shadow=&#8221;medium_depth&#8221;][nectar_hotspot left=&#8221;11.6097%&#8221; top=&#8221;77.2271%&#8221; position=&#8221;top&#8221;][\/nectar_hotspot][\/nectar_image_with_hotspots]<div class=\"divider-wrap\"><div style=\"height: 20px;\" class=\"divider\"><\/div><\/div>[vc_column_text][\/vc_column_text]<div class=\"divider-wrap\"><div style=\"height: 20px;\" class=\"divider\"><\/div><\/div>[vc_column_text]\n<div class=\"wpb_text_column wpb_content_element \" style=\"text-align: justify;\">\n<div class=\"wpb_wrapper\">\n<p>Zesp\u00f3\u0142 Parku Pami\u0119ci w Tuskulanach jest dzia\u0142em Muzeum Okupacji i Walk o Wolno\u015b\u0107 Oddzia\u0142u Pami\u0119ci Centrum Bada\u0144 nad Ludob\u00f3jstwem i Ruchem Oporu Mieszka\u0144c\u00f3w Litwy. To wyj\u0105tkowe miejsce, kt\u00f3re \u0142\u0105czy w sobie kilka zupe\u0142nie r\u00f3\u017cnych epok \u2013 chwalebn\u0105 przesz\u0142o\u015b\u0107 i \u015blady pope\u0142nionych zbrodni. Wzniesiony w tym miejscu w XVI w. dw\u00f3r mia\u0142 status kr\u00f3lewski. A\u017c do po\u0142owy XIX w. niezwykle bogato zdobiony pa\u0142ac w stylu klasycystycznym by\u0142 jednym z o\u015brodk\u00f3w kultury Wilna. W wieku XX karty historii uleg\u0142y zmianie. Tutaj w latach 1944\u20131947 w tajemnicy grzebano zw\u0142oki os\u00f3b torturowanych i zamordowanych w wewn\u0119trznym wi\u0119zieniu NKGB (MGB) w Wilnie, kt\u00f3re wcze\u015bniej zosta\u0142y skazane na kar\u0119 \u015bmierci.<\/p>\n<p>W sk\u0142ad kompleksu wchodz\u0105: <a href=\"https:\/\/tuskulenumemorialas.lt\/pl\/o-nas\/budynki\/kaplica-kolumbarium\/\">kaplica-kolumbarium<\/a> \u2013 miejsce wiecznego spoczynku ofiar sowieckiego re\u017cimu totalitarnego, Park Pami\u0119ci w Tuskulanach, pa\u0142ac dworski w Tuskulanach, oficyna dworska, Bia\u0142y Dworek i kapliczk\u0119 \u015bw. Teresy. W pa\u0142acu dworu w Tuskulanach prezentowana jest wystawa <a href=\"http:\/\/homo.tuskulenumemorialas.lt\/projekt-homo-sovieticus-pl\/\">\u201eProjekt \u2013 HOMO SOVIETICUS\u201d<\/a>, kt\u00f3rej celem jest ukazanie wysi\u0142k\u00f3w i \u015brodk\u00f3w sowieckiego re\u017cimu totalitarnego na rzecz stworzenia nowego \u015brodowiska spo\u0142ecznego, kulturalnego i politycznego.<\/p>\n<p>W Bia\u0142ym dworku prezentowany jest zachowany i cz\u0119\u015bciowo odrestaurowany piec z XVII w. do wypalania ceramiki budowlanej, w kt\u00f3rym wypalane by\u0142y ceg\u0142y do budowy ko\u015bcio\u0142a \u015bw. Piotra i Paw\u0142a, a ekspozycja <a href=\"https:\/\/tuskulenumemorialas.lt\/pl\/ekspozycje\/tajemnice-dworu-w-tuskulanach\/\">\u201eTajemnice dworu w Tuskulanach\u201d<\/a> ukazuje proces skazywania na \u015bmier\u0107 przez totalitarny re\u017cim sowiecki. Jedna z sal wystawowych po\u015bwi\u0119cona jest biskupowi telsza\u0144skiemu Vincentasowi Borisevi\u010diusowi, kt\u00f3ry zosta\u0142 zamordowany 18 listopada 1946 r. w wi\u0119zieniu wewn\u0119trznym NKGB (MGB) w Wilnie, a jego szcz\u0105tki pochowano na terenie dworu w Tuskulanach.<\/p>\n<\/div>\n<\/div>\n[\/vc_column_text][\/vc_column_inner][vc_column_inner column_padding=&#8221;no-extra-padding&#8221; column_padding_position=&#8221;all&#8221; background_color_opacity=&#8221;1&#8243; background_hover_color_opacity=&#8221;1&#8243; column_shadow=&#8221;none&#8221; column_border_radius=&#8221;none&#8221; width=&#8221;1\/2&#8243; column_border_width=&#8221;none&#8221; column_border_style=&#8221;solid&#8221;]<div class=\"iwithtext\"><div class=\"iwt-icon\"> <i class=\"icon-default-style icon-map-marker accent-color\"><\/i> <\/div><div class=\"iwt-text\"> <a href=\"https:\/\/www.google.com\/maps\/place\/%C5%BDirm%C5%ABn%C5%B3+g.+1F,+Vilnius,+09101+Vilniaus+m.+sav.\/@54.6981264,25.3001922,17z\/data=!3m1!4b1!4m6!3m5!1s0x46dd96a0f1ab2655:0xad6a5d14bbc68fa5!8m2!3d54.6981264!4d25.3027671!16s%2Fg%2F11c5pbcth2?entry=ttu\" target=\"_blank\" rel=\"noopener\">ul. \u017dirm\u016bn\u0173 1F, 1N, Vilnius<\/a> <\/div><div class=\"clear\"><\/div><\/div><div class=\"iwithtext\"><div class=\"iwt-icon\"> <i class=\"icon-default-style icon-time accent-color\"><\/i> <\/div><div class=\"iwt-text\"> <strong>Godziny otwarcia muzeum<\/strong><br \/>\n\u015broda \u2013 sobota 10:00\u201318:00<br \/>\nniedziela 10:00\u201317:00<\/p>\n<p>Muzeum jest nieczynne w poniedzia\u0142ki i wtorki. W przeddzie\u0144 \u015bwi\u0105t pa\u0144stwowych jest czynne o godzin\u0119 kr\u00f3cej. <\/div><div class=\"clear\"><\/div><\/div><div class=\"iwithtext\"><div class=\"iwt-icon\"> <i class=\"icon-default-style icon-phone accent-color\"><\/i> <\/div><div class=\"iwt-text\"> Wycieczki z przewodnikiem: +370 602 87308, +370 646 46279,<br \/>\n+370 602 04592<br \/>\nZaj\u0119cia edukacyjne, projekcje film\u00f3w: +370 646 45949<\/p>\n<p>Email: tuskulenai@genocid.lt <\/div><div class=\"clear\"><\/div><\/div><div class=\"iwithtext\"><div class=\"iwt-icon\"> <i class=\"icon-default-style icon-globe accent-color\"><\/i> <\/div><div class=\"iwt-text\"> <a href=\"http:\/\/tuskulenumemorialas.lt\">tuskulenumemorialas.lt<\/a><\/p>\n <\/div><div class=\"clear\"><\/div><\/div>[\/vc_column_inner][\/vc_row_inner][\/vc_column][\/vc_row][vc_row type=&#8221;in_container&#8221; full_screen_row_position=&#8221;middle&#8221; scene_position=&#8221;center&#8221; text_color=&#8221;dark&#8221; text_align=&#8221;left&#8221; overlay_strength=&#8221;0.3&#8243; shape_divider_position=&#8221;bottom&#8221;][vc_column column_padding=&#8221;no-extra-padding&#8221; column_padding_position=&#8221;all&#8221; background_color_opacity=&#8221;1&#8243; background_hover_color_opacity=&#8221;1&#8243; column_shadow=&#8221;none&#8221; column_border_radius=&#8221;none&#8221; width=&#8221;1\/1&#8243; tablet_text_alignment=&#8221;default&#8221; phone_text_alignment=&#8221;default&#8221; column_border_width=&#8221;none&#8221; column_border_style=&#8221;solid&#8221;]<div class=\"divider-wrap\"><div style=\"height: 200px;\" class=\"divider\"><\/div><\/div>[\/vc_column][\/vc_row]\n","protected":false},"excerpt":{"rendered":"<p>[vc_row type=&#8221;in_container&#8221; full_screen_row_position=&#8221;middle&#8221; scene_position=&#8221;center&#8221; text_color=&#8221;dark&#8221; text_align=&#8221;left&#8221; overlay_strength=&#8221;0.3&#8243; shape_divider_position=&#8221;bottom&#8221;][vc_column centered_text=&#8221;true&#8221; column_padding=&#8221;no-extra-padding&#8221; column_&#8230;<\/p>\n","protected":false},"author":13,"featured_media":7932,"parent":38,"menu_order":0,"comment_status":"closed","ping_status":"closed","template":"","meta":{"footnotes":""},"class_list":["post-7934","page","type-page","status-publish","has-post-thumbnail","hentry"],"_links":{"self":[{"href":"https:\/\/cityofmercy.lt\/pl_PL\/wp-json\/wp\/v2\/pages\/7934","targetHints":{"allow":["GET"]}}],"collection":[{"href":"https:\/\/cityofmercy.lt\/pl_PL\/wp-json\/wp\/v2\/pages"}],"about":[{"href":"https:\/\/cityofmercy.lt\/pl_PL\/wp-json\/wp\/v2\/types\/page"}],"author":[{"embeddable":true,"href":"https:\/\/cityofmercy.lt\/pl_PL\/wp-json\/wp\/v2\/users\/13"}],"replies":[{"embeddable":true,"href":"https:\/\/cityofmercy.lt\/pl_PL\/wp-json\/wp\/v2\/comments?post=7934"}],"version-history":[{"count":16,"href":"https:\/\/cityofmercy.lt\/pl_PL\/wp-json\/wp\/v2\/pages\/7934\/revisions"}],"predecessor-version":[{"id":7952,"href":"https:\/\/cityofmercy.lt\/pl_PL\/wp-json\/wp\/v2\/pages\/7934\/revisions\/7952"}],"up":[{"embeddable":true,"href":"https:\/\/cityofmercy.lt\/pl_PL\/wp-json\/wp\/v2\/pages\/38"}],"wp:featuredmedia":[{"embeddable":true,"href":"https:\/\/cityofmercy.lt\/pl_PL\/wp-json\/wp\/v2\/media\/7932"}],"wp:attachment":[{"href":"https:\/\/cityofmercy.lt\/pl_PL\/wp-json\/wp\/v2\/media?parent=7934"}],"curies":[{"name":"wp","href":"https:\/\/api.w.org\/{rel}","templated":true}]}}