{"id":6892,"date":"2021-06-02T14:01:17","date_gmt":"2021-06-02T11:01:17","guid":{"rendered":"https:\/\/cityofmercy.lt\/?page_id=6892"},"modified":"2025-08-25T18:46:43","modified_gmt":"2025-08-25T15:46:43","slug":"sventes","status":"publish","type":"page","link":"https:\/\/cityofmercy.lt\/pl_PL\/planavimas\/sventes\/","title":{"rendered":"\u015aWI\u0118TA"},"content":{"rendered":"[vc_row type=&#8221;in_container&#8221; full_screen_row_position=&#8221;middle&#8221; scene_position=&#8221;center&#8221; text_color=&#8221;dark&#8221; text_align=&#8221;left&#8221; top_padding=&#8221;4%&#8221; id=&#8221;Feasts&#8221; overlay_strength=&#8221;0.3&#8243; shape_divider_position=&#8221;bottom&#8221; shape_type=&#8221;&#8221;][vc_column column_padding=&#8221;no-extra-padding&#8221; column_padding_position=&#8221;all&#8221; background_color_opacity=&#8221;1&#8243; background_hover_color_opacity=&#8221;1&#8243; column_shadow=&#8221;none&#8221; column_border_radius=&#8221;none&#8221; width=&#8221;1\/1&#8243; tablet_text_alignment=&#8221;default&#8221; phone_text_alignment=&#8221;default&#8221; column_border_width=&#8221;none&#8221; column_border_style=&#8221;solid&#8221;][vc_row_inner column_margin=&#8221;default&#8221; text_align=&#8221;left&#8221;][vc_column_inner column_padding=&#8221;no-extra-padding&#8221; column_padding_position=&#8221;all&#8221; background_color_opacity=&#8221;1&#8243; background_hover_color_opacity=&#8221;1&#8243; column_shadow=&#8221;none&#8221; column_border_radius=&#8221;none&#8221; width=&#8221;1\/2&#8243; column_border_width=&#8221;none&#8221; column_border_style=&#8221;solid&#8221;][nectar_cascading_images image_1_url=&#8221;959&#8243; image_1_offset_x_sign=&#8221;+&#8221; image_1_offset_x=&#8221;0%&#8221; image_1_offset_y_sign=&#8221;+&#8221; image_1_offset_y=&#8221;0%&#8221; image_1_rotate_sign=&#8221;-&#8221; image_1_rotate=&#8221;none&#8221; image_1_animation=&#8221;None&#8221; image_1_box_shadow=&#8221;small_depth&#8221; image_2_offset_x_sign=&#8221;+&#8221; image_2_offset_x=&#8221;0%&#8221; image_2_offset_y_sign=&#8221;+&#8221; image_2_offset_y=&#8221;0%&#8221; image_2_rotate_sign=&#8221;+&#8221; image_2_rotate=&#8221;none&#8221; image_2_animation=&#8221;Fade In&#8221; image_2_box_shadow=&#8221;none&#8221; image_3_offset_x_sign=&#8221;+&#8221; image_3_offset_x=&#8221;0%&#8221; image_3_offset_y_sign=&#8221;+&#8221; image_3_offset_y=&#8221;0%&#8221; image_3_rotate_sign=&#8221;+&#8221; image_3_rotate=&#8221;none&#8221; image_3_animation=&#8221;Fade In&#8221; image_3_box_shadow=&#8221;none&#8221; image_4_offset_x_sign=&#8221;+&#8221; image_4_offset_x=&#8221;0%&#8221; image_4_offset_y_sign=&#8221;+&#8221; image_4_offset_y=&#8221;0%&#8221; image_4_rotate_sign=&#8221;+&#8221; image_4_rotate=&#8221;none&#8221; image_4_animation=&#8221;Fade In&#8221; image_4_box_shadow=&#8221;none&#8221; border_radius=&#8221;none&#8221;][\/vc_column_inner][vc_column_inner column_padding=&#8221;no-extra-padding&#8221; column_padding_position=&#8221;all&#8221; background_color_opacity=&#8221;1&#8243; background_hover_color_opacity=&#8221;1&#8243; column_shadow=&#8221;none&#8221; column_border_radius=&#8221;none&#8221; width=&#8221;1\/2&#8243; column_border_width=&#8221;none&#8221; column_border_style=&#8221;solid&#8221;][vc_column_text]\n<h1>NAJWA\u017bNIEJSZE ODPUSTY I \u015aWI\u0118TA KO\u015aCIELNE W ARCHIDIECEZJI WILE\u0143SKIEJ<\/h1>\n[\/vc_column_text]<div class=\"divider-wrap\"><div style=\"margin-top: 12px; width: 20%px; height: 3px; margin-bottom: 12px;\" data-width=\"20%\" data-animate=\"\" data-animation-delay=\"\" data-color=\"accent-color\" class=\"divider-small-border\"><\/div><\/div>[vc_column_text]<strong>\u015aw. Kazimierz\u00a0<\/strong>\u2013 dnia 4 marca (<a href=\"https:\/\/cityofmercy.lt\/pl_PL\/objektai\/vilniaus-arkikatedra-bazilika\/\" target=\"_blank\" rel=\"noopener\">Katedra Wile\u0144ska<\/a>)<\/p>\n<p><strong>Tydzie\u0144 Mi\u0142osierdzia\u00a0<\/strong>\u2013 tydzie\u0144 po Wielkanocy (<a href=\"https:\/\/cityofmercy.lt\/pl_PL\/objektai\/dievo-gailestingumo-sventove\/\" target=\"_blank\" rel=\"noopener\">Sanktuarium Bo\u017cego Mi\u0142osierdzia<\/a>)<\/p>\n<p><strong>Zielone \u015awi\u0105tki\u00a0<\/strong>\u2013 si\u00f3dma niedziela po Wielkanocy (<a href=\"https:\/\/cityofmercy.lt\/pl_PL\/objektai\/vilniaus-kalvariju-sv-kryziaus-atradimo-baznycia\/\" target=\"_blank\" rel=\"noopener\">Ko\u015bci\u00f3\u0142 Znalezienia Krzy\u017ca \u015awi\u0119tego w Kalwarii Wile\u0144skiej<\/a>)<\/p>\n<p><strong>Piesza Pielgrzymka\u00a0Mi\u0142osierdzia Ejszyszki-Ostra Brama<\/strong>\u00a0\u2013 II tydzie\u0144 lipca (odbywa si\u0119 w j\u0119zyku polskim)<\/p>\n<p><strong>Odpust Matki Boskiej Trockiej Patronki Litwy<\/strong>\u00a0\u2013 I tydzie\u0144 wrze\u015bnia<\/p>\n<p><strong>Piesza Pielgrzymka Ostra Brama-Landwar\u00f3w-Troki\u00a0<\/strong>\u2013 I sobota\u00a0wrze\u015bnia\u00a0(odbywa si\u0119 w j\u0119zyku polskim oraz litewskim)<\/p>\n<p><strong>Odpust Opieki Naj\u015bwi\u0119tszej Maryi Panny Matki Mi\u0142osierdzia\u00a0<\/strong>\u2013 tydzie\u0144 listopada, w kt\u00f3rym przypada 16 listopada (<a href=\"https:\/\/cityofmercy.lt\/pl_PL\/objektai\/ausros-vartai\/\" target=\"_blank\" rel=\"noopener\">Kaplica Ostrobramska<\/a>)<\/p>\n<p>O pozosta\u0142ych, aktualnych dla pielgrzym\u00f3w wydarzeniach, odbywaj\u0105cych si\u0119 w Archidiecezji Wile\u0144skiej, dowiedzie\u0107 si\u0119 mo\u017cna\u00a0<a href=\"http:\/\/www.vilnensis.lt\/?lang=pl\">na tej stronie.<\/a>[\/vc_column_text][\/vc_column_inner][\/vc_row_inner][\/vc_column][\/vc_row][vc_row type=&#8221;in_container&#8221; full_screen_row_position=&#8221;middle&#8221; scene_position=&#8221;center&#8221; text_color=&#8221;dark&#8221; text_align=&#8221;left&#8221; top_padding=&#8221;4%&#8221; id=&#8221;holidays&#8221; overlay_strength=&#8221;0.3&#8243; shape_divider_position=&#8221;bottom&#8221; shape_type=&#8221;&#8221;][vc_column column_padding=&#8221;no-extra-padding&#8221; column_padding_position=&#8221;all&#8221; background_color_opacity=&#8221;1&#8243; background_hover_color_opacity=&#8221;1&#8243; column_shadow=&#8221;none&#8221; column_border_radius=&#8221;none&#8221; width=&#8221;1\/1&#8243; tablet_text_alignment=&#8221;default&#8221; phone_text_alignment=&#8221;default&#8221; column_border_width=&#8221;none&#8221; column_border_style=&#8221;solid&#8221;][vc_row_inner column_margin=&#8221;default&#8221; text_align=&#8221;left&#8221;][vc_column_inner column_padding=&#8221;no-extra-padding&#8221; column_padding_position=&#8221;all&#8221; background_color_opacity=&#8221;1&#8243; background_hover_color_opacity=&#8221;1&#8243; column_shadow=&#8221;none&#8221; column_border_radius=&#8221;none&#8221; width=&#8221;1\/2&#8243; column_border_width=&#8221;none&#8221; column_border_style=&#8221;solid&#8221;][vc_column_text]\n<h1>\u015aWI\u0118TA PA\u0143STWOWE NA LITWIE<\/h1>\n[\/vc_column_text]<div class=\"divider-wrap\"><div style=\"margin-top: 12px; width: 20%px; height: 3px; margin-bottom: 12px;\" data-width=\"20%\" data-animate=\"\" data-animation-delay=\"\" data-color=\"accent-color\" class=\"divider-small-border\"><\/div><\/div>[vc_column_text]<strong>Dni wolne od pracy<\/strong><br \/>\n<strong>1 stycznia\u00a0<\/strong>\u2013 Nowy Rok<br \/>\n<strong>16 lutego\u00a0<\/strong>\u2013 Dzie\u0144 Odrodzenia Pa\u0144stwa Litewskiego<br \/>\n<strong>11 marca\u00a0<\/strong>\u2013 Dzie\u0144 Odrodzenia Niepodleg\u0142o\u015bci Litwy<br \/>\n<strong>Wielkanoc\u00a0<\/strong>\u2013 \u015bwi\u0119to ruchome; obchodzone tak jak w ca\u0142ym Ko\u015bciele katolickim<br \/>\n<strong>1 maja\u00a0<\/strong>\u2013 Mi\u0119dzynarodowy Dzie\u0144 Solidarno\u015bci Ludzi Pracy<br \/>\n<strong>Pierwsza niedziela maja\u00a0<\/strong>\u2013 Dzie\u0144 Matki<br \/>\n<strong>Pierwsza niedziela czerwca\u00a0<\/strong>\u2013 Dzie\u0144 Ojca<br \/>\n<strong>24 czerwca\u00a0<\/strong>\u2013 Noc \u015awi\u0119toja\u0144ska<br \/>\n<strong>6 lipca\u00a0<\/strong>\u2013 \u015awi\u0119to pa\u0144stwowe (koronacja kr\u00f3la litewskiego Mendoga)<br \/>\n<strong>15 sierpnia\u00a0<\/strong>\u2013 \u015awi\u0119to Wniebowzi\u0119cia Naj\u015bwi\u0119tszej Maryi Panny<br \/>\n<strong>1 listopada\u00a0<\/strong>\u2013 Dzie\u0144 Wszystkich \u015awi\u0119tych<br \/>\n<strong>2 listopada<\/strong>\u00a0\u2013\u00a0Dzie\u0144 Zaduszny<br \/>\n<strong>24 grudnia\u00a0<\/strong>\u2013 Wigilia Bo\u017cego Narodzenia<br \/>\n<strong>25-26 grudnia\u00a0<\/strong>\u2013 Bo\u017ce Narodzenie[\/vc_column_text][\/vc_column_inner][vc_column_inner column_padding=&#8221;no-extra-padding&#8221; column_padding_position=&#8221;all&#8221; background_color_opacity=&#8221;1&#8243; background_hover_color_opacity=&#8221;1&#8243; column_shadow=&#8221;none&#8221; column_border_radius=&#8221;none&#8221; width=&#8221;1\/2&#8243; column_border_width=&#8221;none&#8221; column_border_style=&#8221;solid&#8221;][nectar_cascading_images image_1_url=&#8221;4046&#8243; image_1_offset_x_sign=&#8221;+&#8221; image_1_offset_x=&#8221;0%&#8221; image_1_offset_y_sign=&#8221;+&#8221; image_1_offset_y=&#8221;0%&#8221; image_1_rotate_sign=&#8221;+&#8221; image_1_rotate=&#8221;none&#8221; image_1_animation=&#8221;None&#8221; image_1_box_shadow=&#8221;small_depth&#8221; image_2_offset_x_sign=&#8221;+&#8221; image_2_offset_x=&#8221;0%&#8221; image_2_offset_y_sign=&#8221;+&#8221; image_2_offset_y=&#8221;0%&#8221; image_2_rotate_sign=&#8221;+&#8221; image_2_rotate=&#8221;none&#8221; image_2_animation=&#8221;Fade In&#8221; image_2_box_shadow=&#8221;none&#8221; image_3_offset_x_sign=&#8221;+&#8221; image_3_offset_x=&#8221;0%&#8221; image_3_offset_y_sign=&#8221;+&#8221; image_3_offset_y=&#8221;0%&#8221; image_3_rotate_sign=&#8221;+&#8221; image_3_rotate=&#8221;none&#8221; image_3_animation=&#8221;Fade In&#8221; image_3_box_shadow=&#8221;none&#8221; image_4_offset_x_sign=&#8221;+&#8221; image_4_offset_x=&#8221;0%&#8221; image_4_offset_y_sign=&#8221;+&#8221; image_4_offset_y=&#8221;0%&#8221; image_4_rotate_sign=&#8221;+&#8221; image_4_rotate=&#8221;none&#8221; image_4_animation=&#8221;Fade In&#8221; image_4_box_shadow=&#8221;none&#8221; border_radius=&#8221;none&#8221;][\/vc_column_inner][\/vc_row_inner][\/vc_column][\/vc_row][vc_column column_padding=&#8221;no-extra-padding&#8221; column_padding_position=&#8221;all&#8221; background_color_opacity=&#8221;1&#8243; background_hover_color_opacity=&#8221;1&#8243; column_shadow=&#8221;none&#8221; column_border_radius=&#8221;none&#8221; width=&#8221;1\/1&#8243; tablet_text_alignment=&#8221;default&#8221; phone_text_alignment=&#8221;default&#8221; column_border_width=&#8221;none&#8221; column_border_style=&#8221;solid&#8221;][\/vc_column][vc_column_inner column_padding=&#8221;no-extra-padding&#8221; column_padding_position=&#8221;all&#8221; background_color_opacity=&#8221;1&#8243; background_hover_color_opacity=&#8221;1&#8243; column_shadow=&#8221;none&#8221; column_border_radius=&#8221;none&#8221; width=&#8221;1\/2&#8243; column_border_width=&#8221;none&#8221; column_border_style=&#8221;solid&#8221;][\/vc_column_inner][vc_column_inner column_padding=&#8221;no-extra-padding&#8221; column_padding_position=&#8221;all&#8221; background_color_opacity=&#8221;1&#8243; background_hover_color_opacity=&#8221;1&#8243; column_shadow=&#8221;none&#8221; column_border_radius=&#8221;none&#8221; width=&#8221;1\/2&#8243; column_border_width=&#8221;none&#8221; column_border_style=&#8221;solid&#8221;][\/vc_column_inner]\n","protected":false},"excerpt":{"rendered":"<p>[vc_row type=&#8221;in_container&#8221; full_screen_row_position=&#8221;middle&#8221; scene_position=&#8221;center&#8221; text_color=&#8221;dark&#8221; text_align=&#8221;left&#8221; top_padding=&#8221;4%&#8221; id=&#8221;Feasts&#8221; overlay_strength=&#8221;0.3&#8243; shape_divider_position=&#8221;bottom&#8221; shape_type=&#8221;&#8221;][vc_column column_padding=&#8221;no-&#8230;<\/p>\n","protected":false},"author":6,"featured_media":0,"parent":49,"menu_order":0,"comment_status":"closed","ping_status":"closed","template":"","meta":{"footnotes":""},"class_list":["post-6892","page","type-page","status-publish","hentry"],"_links":{"self":[{"href":"https:\/\/cityofmercy.lt\/pl_PL\/wp-json\/wp\/v2\/pages\/6892","targetHints":{"allow":["GET"]}}],"collection":[{"href":"https:\/\/cityofmercy.lt\/pl_PL\/wp-json\/wp\/v2\/pages"}],"about":[{"href":"https:\/\/cityofmercy.lt\/pl_PL\/wp-json\/wp\/v2\/types\/page"}],"author":[{"embeddable":true,"href":"https:\/\/cityofmercy.lt\/pl_PL\/wp-json\/wp\/v2\/users\/6"}],"replies":[{"embeddable":true,"href":"https:\/\/cityofmercy.lt\/pl_PL\/wp-json\/wp\/v2\/comments?post=6892"}],"version-history":[{"count":18,"href":"https:\/\/cityofmercy.lt\/pl_PL\/wp-json\/wp\/v2\/pages\/6892\/revisions"}],"predecessor-version":[{"id":8064,"href":"https:\/\/cityofmercy.lt\/pl_PL\/wp-json\/wp\/v2\/pages\/6892\/revisions\/8064"}],"up":[{"embeddable":true,"href":"https:\/\/cityofmercy.lt\/pl_PL\/wp-json\/wp\/v2\/pages\/49"}],"wp:attachment":[{"href":"https:\/\/cityofmercy.lt\/pl_PL\/wp-json\/wp\/v2\/media?parent=6892"}],"curies":[{"name":"wp","href":"https:\/\/api.w.org\/{rel}","templated":true}]}}