{"id":6883,"date":"2021-06-02T13:46:50","date_gmt":"2021-06-02T10:46:50","guid":{"rendered":"https:\/\/cityofmercy.lt\/?page_id=6883"},"modified":"2021-06-02T13:58:44","modified_gmt":"2021-06-02T10:58:44","slug":"transportas-2","status":"publish","type":"page","link":"https:\/\/cityofmercy.lt\/pl_PL\/planavimas\/transportas-2\/","title":{"rendered":"Transport"},"content":{"rendered":"[vc_row type=&#8221;in_container&#8221; full_screen_row_position=&#8221;middle&#8221; scene_position=&#8221;center&#8221; text_color=&#8221;dark&#8221; text_align=&#8221;left&#8221; top_padding=&#8221;5%&#8221; id=&#8221;international&#8221; overlay_strength=&#8221;0.3&#8243; shape_divider_position=&#8221;bottom&#8221; shape_type=&#8221;&#8221;][vc_column column_padding=&#8221;no-extra-padding&#8221; column_padding_position=&#8221;all&#8221; background_color_opacity=&#8221;1&#8243; background_hover_color_opacity=&#8221;1&#8243; column_shadow=&#8221;none&#8221; column_border_radius=&#8221;none&#8221; width=&#8221;1\/1&#8243; tablet_text_alignment=&#8221;default&#8221; phone_text_alignment=&#8221;default&#8221; column_border_width=&#8221;none&#8221; column_border_style=&#8221;solid&#8221;][vc_row_inner column_margin=&#8221;default&#8221; text_align=&#8221;left&#8221;][vc_column_inner column_padding=&#8221;no-extra-padding&#8221; column_padding_position=&#8221;all&#8221; background_color_opacity=&#8221;1&#8243; background_hover_color_opacity=&#8221;1&#8243; column_shadow=&#8221;none&#8221; column_border_radius=&#8221;none&#8221; width=&#8221;1\/2&#8243; column_border_width=&#8221;none&#8221; column_border_style=&#8221;solid&#8221;][nectar_cascading_images image_1_url=&#8221;962&#8243; image_1_offset_x_sign=&#8221;+&#8221; image_1_offset_x=&#8221;0%&#8221; image_1_offset_y_sign=&#8221;+&#8221; image_1_offset_y=&#8221;0%&#8221; image_1_rotate_sign=&#8221;-&#8221; image_1_rotate=&#8221;none&#8221; image_1_animation=&#8221;None&#8221; image_1_box_shadow=&#8221;small_depth&#8221; image_2_offset_x_sign=&#8221;+&#8221; image_2_offset_x=&#8221;0%&#8221; image_2_offset_y_sign=&#8221;+&#8221; image_2_offset_y=&#8221;0%&#8221; image_2_rotate_sign=&#8221;+&#8221; image_2_rotate=&#8221;none&#8221; image_2_animation=&#8221;Fade In&#8221; image_2_box_shadow=&#8221;none&#8221; image_3_offset_x_sign=&#8221;+&#8221; image_3_offset_x=&#8221;0%&#8221; image_3_offset_y_sign=&#8221;+&#8221; image_3_offset_y=&#8221;0%&#8221; image_3_rotate_sign=&#8221;+&#8221; image_3_rotate=&#8221;none&#8221; image_3_animation=&#8221;Fade In&#8221; image_3_box_shadow=&#8221;none&#8221; image_4_offset_x_sign=&#8221;+&#8221; image_4_offset_x=&#8221;0%&#8221; image_4_offset_y_sign=&#8221;+&#8221; image_4_offset_y=&#8221;0%&#8221; image_4_rotate_sign=&#8221;+&#8221; image_4_rotate=&#8221;none&#8221; image_4_animation=&#8221;Fade In&#8221; image_4_box_shadow=&#8221;none&#8221; border_radius=&#8221;none&#8221;][\/vc_column_inner][vc_column_inner column_padding=&#8221;no-extra-padding&#8221; column_padding_position=&#8221;all&#8221; background_color_opacity=&#8221;1&#8243; background_hover_color_opacity=&#8221;1&#8243; column_shadow=&#8221;none&#8221; column_border_radius=&#8221;none&#8221; width=&#8221;1\/2&#8243; column_border_width=&#8221;none&#8221; column_border_style=&#8221;solid&#8221;][vc_column_text]\n<h1>MI\u0118DZYNARODOWY TRANSPORT<\/h1>\n[\/vc_column_text]<div class=\"divider-wrap\"><div style=\"margin-top: 12px; width: 20%px; height: 3px; margin-bottom: 12px;\" data-width=\"20%\" data-animate=\"\" data-animation-delay=\"\" data-color=\"accent-color\" class=\"divider-small-border\"><\/div><\/div>[vc_column_text]Nie mo\u017cemy przewidzie\u0107, z kt\u00f3rego miejsca Europy lub \u015bwiata przyb\u0119dziesz, warto jednak, aby\u015b wiedzia\u0142, \u017ce na Port Lotniczy w Wilnie dostaniesz si\u0119 z 50 miast \u015bwiata. Dwa kolejne lotniska w Kownie i Po\u0142\u0105dze te\u017c mog\u0105 by\u0107 przydatne w planowaniu podr\u00f3\u017cy.<\/p>\n<p><a href=\"https:\/\/www.vilnius-airport.lt\/en\/\">WILNO<\/a><br \/>\n<a href=\"https:\/\/www.kaunas-airport.lt\">KOWNO<\/a><br \/>\n<a href=\"https:\/\/www.palanga-airport.lt\/en\">PO\u0141\u0104GA<\/a><\/p>\n<p>Rozwa\u017c te\u017c podr\u00f3\u017c na Litw\u0119 mi\u0119dzynarodowym poci\u0105giem czy autobusem. Dworzec kolejowy i autobusowy w Wilnie znajduj\u0105 si\u0119 obok siebie \u2013 wystarczy tylko przej\u015b\u0107 przez ulic\u0119.<\/p>\n<p><a href=\"https:\/\/www.traukiniobilietas.lt\/portal\/en\">POCI\u0104GI<\/a> (z Polski, Bia\u0142orusi, Rosji)<\/p>\n<p>System nie pokazuje tras przesiadkowych, jedynie ko\u0144cowy przystanek okre\u015blonego poci\u0105gu.<\/p>\n<p><a href=\"http:\/\/autobusustotis.lt\">AUTOBUSY<\/a><br \/>\n<a href=\"https:\/\/luxexpress.eu\/en\">LUX EXPRESS<\/a><br \/>\n<a href=\"http:\/\/www.eurolines.lt\/en\/\">EUROLINES<\/a><br \/>\n<a href=\"https:\/\/ecolines.net\/lt\/en\">ECOLINES<\/a>[\/vc_column_text][\/vc_column_inner][\/vc_row_inner][\/vc_column][\/vc_row][vc_row type=&#8221;in_container&#8221; full_screen_row_position=&#8221;middle&#8221; scene_position=&#8221;center&#8221; text_color=&#8221;dark&#8221; text_align=&#8221;left&#8221; top_padding=&#8221;5%&#8221; id=&#8221;air&#8221; overlay_strength=&#8221;0.3&#8243; shape_divider_position=&#8221;bottom&#8221; shape_type=&#8221;&#8221;][vc_column column_padding=&#8221;no-extra-padding&#8221; column_padding_position=&#8221;all&#8221; background_color_opacity=&#8221;1&#8243; background_hover_color_opacity=&#8221;1&#8243; column_shadow=&#8221;none&#8221; column_border_radius=&#8221;none&#8221; width=&#8221;1\/1&#8243; tablet_text_alignment=&#8221;default&#8221; phone_text_alignment=&#8221;default&#8221; column_border_width=&#8221;none&#8221; column_border_style=&#8221;solid&#8221;][vc_row_inner column_margin=&#8221;default&#8221; text_align=&#8221;left&#8221;][vc_column_inner column_padding=&#8221;no-extra-padding&#8221; column_padding_position=&#8221;all&#8221; background_color_opacity=&#8221;1&#8243; background_hover_color_opacity=&#8221;1&#8243; column_shadow=&#8221;none&#8221; column_border_radius=&#8221;none&#8221; width=&#8221;1\/2&#8243; column_border_width=&#8221;none&#8221; column_border_style=&#8221;solid&#8221;][vc_column_text]\n<h1>PRZYJAZD Z LOTNISKA<\/h1>\n[\/vc_column_text]<div class=\"divider-wrap\"><div style=\"margin-top: 12px; width: 20%px; height: 3px; margin-bottom: 12px;\" data-width=\"20%\" data-animate=\"\" data-animation-delay=\"\" data-color=\"accent-color\" class=\"divider-small-border\"><\/div><\/div>[vc_column_text]Do centrum miasta i innych miejsc w Wilnie mo\u017cna \u0142atwo dotrze\u0107 r\u00f3\u017cnymi \u015brodkami<a href=\"https:\/\/www.vilnius-airport.lt\/en\/before-the-flight\/transport\" target=\"_blank\" rel=\"noopener\"> transportu.<\/a><\/p>\n<p>Mo\u017cna r\u00f3wnie\u017c zam\u00f3wi\u0107 taks\u00f3wk\u0119, <a href=\"https:\/\/bolt.eu\/pl\/\" target=\"_blank\" rel=\"noopener\">Bolta<\/a>, <a href=\"https:\/\/www.uber.com\/lt\/en\/\" target=\"_blank\" rel=\"noopener\">Ubera<\/a> lub wynaj\u0105\u0107 auto <a href=\"https:\/\/www.citybee.lt\/\">CityBee<\/a> lub <a href=\"http:\/\/www.espark.lt\/en\/electric-cars\/\">Spark.<\/a><\/p>\n<p>Najlepiej zam\u00f3wi\u0107 taks\u00f3wk\u0119 telefonicznie, ni\u017c bra\u0107 przypadkow\u0105 z ulicy, nale\u017c\u0105c\u0105 do niesprawdzonej firmy, bowiem mo\u017ce si\u0119 ona okaza\u0107 o wiele dro\u017csza. Warto zapyta\u0107 kierowc\u0119, o stawki za przejazd. Kwota z lotniska na Star\u00f3wk\u0119 nie powinna przekroczy\u0107 10 euro. Mog\u0105 pojawi\u0107 si\u0119 problemy z wezwaniem taks\u00f3wki po angielsku. W takim przypadku, pomo\u017ce personel Wile\u0144skiego Centrum Informacji Turystycznej znajduj\u0105cy si\u0119 na lotniku.[\/vc_column_text][\/vc_column_inner][vc_column_inner column_padding=&#8221;no-extra-padding&#8221; column_padding_position=&#8221;all&#8221; background_color_opacity=&#8221;1&#8243; background_hover_color_opacity=&#8221;1&#8243; column_shadow=&#8221;none&#8221; column_border_radius=&#8221;none&#8221; width=&#8221;1\/2&#8243; column_border_width=&#8221;none&#8221; column_border_style=&#8221;solid&#8221;][nectar_cascading_images image_1_url=&#8221;4047&#8243; image_1_offset_x_sign=&#8221;+&#8221; image_1_offset_x=&#8221;0%&#8221; image_1_offset_y_sign=&#8221;+&#8221; image_1_offset_y=&#8221;0%&#8221; image_1_rotate_sign=&#8221;+&#8221; image_1_rotate=&#8221;none&#8221; image_1_animation=&#8221;None&#8221; image_1_box_shadow=&#8221;small_depth&#8221; image_2_offset_x_sign=&#8221;+&#8221; image_2_offset_x=&#8221;0%&#8221; image_2_offset_y_sign=&#8221;+&#8221; image_2_offset_y=&#8221;0%&#8221; image_2_rotate_sign=&#8221;+&#8221; image_2_rotate=&#8221;none&#8221; image_2_animation=&#8221;Fade In&#8221; image_2_box_shadow=&#8221;none&#8221; image_3_offset_x_sign=&#8221;+&#8221; image_3_offset_x=&#8221;0%&#8221; image_3_offset_y_sign=&#8221;+&#8221; image_3_offset_y=&#8221;0%&#8221; image_3_rotate_sign=&#8221;+&#8221; image_3_rotate=&#8221;none&#8221; image_3_animation=&#8221;Fade In&#8221; image_3_box_shadow=&#8221;none&#8221; image_4_offset_x_sign=&#8221;+&#8221; image_4_offset_x=&#8221;0%&#8221; image_4_offset_y_sign=&#8221;+&#8221; image_4_offset_y=&#8221;0%&#8221; image_4_rotate_sign=&#8221;+&#8221; image_4_rotate=&#8221;none&#8221; image_4_animation=&#8221;Fade In&#8221; image_4_box_shadow=&#8221;none&#8221; border_radius=&#8221;none&#8221;][\/vc_column_inner][\/vc_row_inner][\/vc_column][\/vc_row][vc_row type=&#8221;in_container&#8221; full_screen_row_position=&#8221;middle&#8221; scene_position=&#8221;center&#8221; text_color=&#8221;dark&#8221; text_align=&#8221;left&#8221; top_padding=&#8221;5%&#8221; id=&#8221;transportation&#8221; overlay_strength=&#8221;0.3&#8243; shape_divider_position=&#8221;bottom&#8221; shape_type=&#8221;&#8221;][vc_column column_padding=&#8221;no-extra-padding&#8221; column_padding_position=&#8221;all&#8221; background_color_opacity=&#8221;1&#8243; background_hover_color_opacity=&#8221;1&#8243; column_shadow=&#8221;none&#8221; column_border_radius=&#8221;none&#8221; width=&#8221;1\/1&#8243; tablet_text_alignment=&#8221;default&#8221; phone_text_alignment=&#8221;default&#8221; column_border_width=&#8221;none&#8221; column_border_style=&#8221;solid&#8221;][vc_row_inner column_margin=&#8221;default&#8221; text_align=&#8221;left&#8221;][vc_column_inner column_padding=&#8221;no-extra-padding&#8221; column_padding_position=&#8221;all&#8221; background_color_opacity=&#8221;1&#8243; background_hover_color_opacity=&#8221;1&#8243; column_shadow=&#8221;none&#8221; column_border_radius=&#8221;none&#8221; width=&#8221;1\/2&#8243; column_border_width=&#8221;none&#8221; column_border_style=&#8221;solid&#8221;][nectar_cascading_images image_1_url=&#8221;951&#8243; image_1_offset_x_sign=&#8221;+&#8221; image_1_offset_x=&#8221;0%&#8221; image_1_offset_y_sign=&#8221;+&#8221; image_1_offset_y=&#8221;0%&#8221; image_1_rotate_sign=&#8221;-&#8221; image_1_rotate=&#8221;none&#8221; image_1_animation=&#8221;None&#8221; image_1_box_shadow=&#8221;small_depth&#8221; image_2_offset_x_sign=&#8221;+&#8221; image_2_offset_x=&#8221;0%&#8221; image_2_offset_y_sign=&#8221;+&#8221; image_2_offset_y=&#8221;0%&#8221; image_2_rotate_sign=&#8221;+&#8221; image_2_rotate=&#8221;none&#8221; image_2_animation=&#8221;Fade In&#8221; image_2_box_shadow=&#8221;none&#8221; image_3_offset_x_sign=&#8221;+&#8221; image_3_offset_x=&#8221;0%&#8221; image_3_offset_y_sign=&#8221;+&#8221; image_3_offset_y=&#8221;0%&#8221; image_3_rotate_sign=&#8221;+&#8221; image_3_rotate=&#8221;none&#8221; image_3_animation=&#8221;Fade In&#8221; image_3_box_shadow=&#8221;none&#8221; image_4_offset_x_sign=&#8221;+&#8221; image_4_offset_x=&#8221;0%&#8221; image_4_offset_y_sign=&#8221;+&#8221; image_4_offset_y=&#8221;0%&#8221; image_4_rotate_sign=&#8221;+&#8221; image_4_rotate=&#8221;none&#8221; image_4_animation=&#8221;Fade In&#8221; image_4_box_shadow=&#8221;none&#8221; border_radius=&#8221;none&#8221;][\/vc_column_inner][vc_column_inner column_padding=&#8221;no-extra-padding&#8221; column_padding_position=&#8221;all&#8221; background_color_opacity=&#8221;1&#8243; background_hover_color_opacity=&#8221;1&#8243; column_shadow=&#8221;none&#8221; column_border_radius=&#8221;none&#8221; width=&#8221;1\/2&#8243; column_border_width=&#8221;none&#8221; column_border_style=&#8221;solid&#8221;][vc_column_text]\n<h1>TRANSPORT W WILNIE I NA LITWIE<\/h1>\n[\/vc_column_text]<div class=\"divider-wrap\"><div style=\"margin-top: 12px; width: 20%px; height: 3px; margin-bottom: 12px;\" data-width=\"20%\" data-animate=\"\" data-animation-delay=\"\" data-color=\"accent-color\" class=\"divider-small-border\"><\/div><\/div>[vc_column_text]Transport publiczny \u2013 <a href=\"https:\/\/www.trafi.com\/lt?utm_source=trafi.lt&amp;utm_medium=301#!tvarkarasciai\/vilnius\">autobusy, trolejbusy\u00a0<\/a>\u2013 to bardzo wygodna forma podr\u00f3\u017cowania, poniewa\u017c Wilno jest miastem zwartym. Godziny szczytu rozpoczynaj\u0105 si\u0119 rano, kiedy mieszka\u0144cy jad\u0105 do pracy, oraz podczas popo\u0142udniowych powrot\u00f3w do domu. W tym czasie podr\u00f3\u017c transportem publicznym mo\u017ce si\u0119 nieco wyd\u0142u\u017cy\u0107, nie mniej, jednak, pokonanie najbardziej oddalonych od siebie punkt\u00f3w miasta zajmuje godzin\u0119, a nawet mniej.<\/p>\n<p>W centrum, na Starym Mie\u015bcie i w pobliskich rejonach mo\u017cna korzysta\u0107 z rower\u00f3w miejskich <a href=\"https:\/\/www.cyclocity.lt\/en\/\">Cyclocity<\/a>, jad\u0105c nieco dalej \u2013 warto wezwa\u0107 Bolt, Uber, Taxi, wypo\u017cyczy\u0107 samoch\u00f3d w systemie <a href=\"https:\/\/www.citybee.lt\/en\">CityBee<\/a> czy <a href=\"http:\/\/www.espark.lt\/en\/electric-cars\/\">Spark.<\/a><\/p>\n<p>Wypo\u017cyczalnia w\u00f3zk\u00f3w inwalidzkich \u2013 <a href=\"https:\/\/www.idemus.lt\">Idemus<\/a>, <a href=\"http:\/\/www.teida.lt\/Medicinos-ir-slaugos-irangos-nuoma\/Neigaliojo-vezimelis-nuomai.html\">Teida.<\/a><\/p>\n<p>Terytorium Litwy nie jest du\u017ce, dlatego w ci\u0105gu 4-5 godz. mo\u017cna dosta\u0107 si\u0119 do najbardziej oddalonych punkt\u00f3w pa\u0144stwa. Z pewno\u015bci\u0105 podr\u00f3\u017c u\u0142atwi\u0105 <a href=\"https:\/\/www.autobusubilietai.lt\/index.php?cl=start&amp;lang=0\">autobusowe<\/a> i <a href=\"https:\/\/www.traukiniobilietas.lt\/portal\/en\">kolejowe<\/a> po\u0142\u0105czenia krajowe.[\/vc_column_text][\/vc_column_inner][\/vc_row_inner][\/vc_column][\/vc_row][vc_column column_padding=&#8221;no-extra-padding&#8221; column_padding_position=&#8221;all&#8221; background_color_opacity=&#8221;1&#8243; background_hover_color_opacity=&#8221;1&#8243; column_shadow=&#8221;none&#8221; column_border_radius=&#8221;none&#8221; width=&#8221;1\/1&#8243; tablet_text_alignment=&#8221;default&#8221; phone_text_alignment=&#8221;default&#8221; column_border_width=&#8221;none&#8221; column_border_style=&#8221;solid&#8221;][\/vc_column][vc_column_inner column_padding=&#8221;no-extra-padding&#8221; column_padding_position=&#8221;all&#8221; background_color_opacity=&#8221;1&#8243; background_hover_color_opacity=&#8221;1&#8243; column_shadow=&#8221;none&#8221; column_border_radius=&#8221;none&#8221; width=&#8221;1\/2&#8243; column_border_width=&#8221;none&#8221; column_border_style=&#8221;solid&#8221;][\/vc_column_inner]\n","protected":false},"excerpt":{"rendered":"<p>[vc_row type=&#8221;in_container&#8221; full_screen_row_position=&#8221;middle&#8221; scene_position=&#8221;center&#8221; text_color=&#8221;dark&#8221; text_align=&#8221;left&#8221; top_padding=&#8221;5%&#8221; id=&#8221;international&#8221; overlay_strength=&#8221;0.3&#8243; shape_divider_position=&#8221;bottom&#8221; shape_type=&#8221;&#8221;][vc_column column_paddi&#8230;<\/p>\n","protected":false},"author":6,"featured_media":0,"parent":49,"menu_order":0,"comment_status":"closed","ping_status":"closed","template":"","meta":{"footnotes":""},"class_list":["post-6883","page","type-page","status-publish","hentry"],"_links":{"self":[{"href":"https:\/\/cityofmercy.lt\/pl_PL\/wp-json\/wp\/v2\/pages\/6883","targetHints":{"allow":["GET"]}}],"collection":[{"href":"https:\/\/cityofmercy.lt\/pl_PL\/wp-json\/wp\/v2\/pages"}],"about":[{"href":"https:\/\/cityofmercy.lt\/pl_PL\/wp-json\/wp\/v2\/types\/page"}],"author":[{"embeddable":true,"href":"https:\/\/cityofmercy.lt\/pl_PL\/wp-json\/wp\/v2\/users\/6"}],"replies":[{"embeddable":true,"href":"https:\/\/cityofmercy.lt\/pl_PL\/wp-json\/wp\/v2\/comments?post=6883"}],"version-history":[{"count":8,"href":"https:\/\/cityofmercy.lt\/pl_PL\/wp-json\/wp\/v2\/pages\/6883\/revisions"}],"predecessor-version":[{"id":6891,"href":"https:\/\/cityofmercy.lt\/pl_PL\/wp-json\/wp\/v2\/pages\/6883\/revisions\/6891"}],"up":[{"embeddable":true,"href":"https:\/\/cityofmercy.lt\/pl_PL\/wp-json\/wp\/v2\/pages\/49"}],"wp:attachment":[{"href":"https:\/\/cityofmercy.lt\/pl_PL\/wp-json\/wp\/v2\/media?parent=6883"}],"curies":[{"name":"wp","href":"https:\/\/api.w.org\/{rel}","templated":true}]}}