{"id":6847,"date":"2021-06-01T17:25:15","date_gmt":"2021-06-01T14:25:15","guid":{"rendered":"https:\/\/cityofmercy.lt\/?page_id=6847"},"modified":"2025-09-11T16:50:49","modified_gmt":"2025-09-11T13:50:49","slug":"informacija","status":"publish","type":"page","link":"https:\/\/cityofmercy.lt\/pl_PL\/planavimas\/informacija\/","title":{"rendered":"Porady"},"content":{"rendered":"[vc_row type=&#8221;in_container&#8221; full_screen_row_position=&#8221;middle&#8221; scene_position=&#8221;center&#8221; text_color=&#8221;dark&#8221; text_align=&#8221;left&#8221; top_padding=&#8221;5%&#8221; id=&#8221;info&#8221; overlay_strength=&#8221;0.3&#8243; shape_divider_position=&#8221;bottom&#8221; shape_type=&#8221;&#8221;][vc_column column_padding=&#8221;no-extra-padding&#8221; column_padding_position=&#8221;all&#8221; background_color_opacity=&#8221;1&#8243; background_hover_color_opacity=&#8221;1&#8243; column_shadow=&#8221;none&#8221; column_border_radius=&#8221;none&#8221; width=&#8221;1\/1&#8243; tablet_text_alignment=&#8221;default&#8221; phone_text_alignment=&#8221;default&#8221; column_border_width=&#8221;none&#8221; column_border_style=&#8221;solid&#8221;][vc_row_inner column_margin=&#8221;default&#8221; text_align=&#8221;left&#8221;][vc_column_inner column_padding=&#8221;no-extra-padding&#8221; column_padding_position=&#8221;all&#8221; background_color_opacity=&#8221;1&#8243; background_hover_color_opacity=&#8221;1&#8243; column_shadow=&#8221;none&#8221; column_border_radius=&#8221;none&#8221; width=&#8221;1\/2&#8243; column_border_width=&#8221;none&#8221; column_border_style=&#8221;solid&#8221;][nectar_cascading_images image_1_url=&#8221;958&#8243; image_1_offset_x_sign=&#8221;+&#8221; image_1_offset_x=&#8221;0%&#8221; image_1_offset_y_sign=&#8221;+&#8221; image_1_offset_y=&#8221;0%&#8221; image_1_rotate_sign=&#8221;-&#8221; image_1_rotate=&#8221;none&#8221; image_1_animation=&#8221;None&#8221; image_1_box_shadow=&#8221;small_depth&#8221; image_2_offset_x_sign=&#8221;+&#8221; image_2_offset_x=&#8221;0%&#8221; image_2_offset_y_sign=&#8221;+&#8221; image_2_offset_y=&#8221;0%&#8221; image_2_rotate_sign=&#8221;+&#8221; image_2_rotate=&#8221;none&#8221; image_2_animation=&#8221;Fade In&#8221; image_2_box_shadow=&#8221;none&#8221; image_3_offset_x_sign=&#8221;+&#8221; image_3_offset_x=&#8221;0%&#8221; image_3_offset_y_sign=&#8221;+&#8221; image_3_offset_y=&#8221;0%&#8221; image_3_rotate_sign=&#8221;+&#8221; image_3_rotate=&#8221;none&#8221; image_3_animation=&#8221;Fade In&#8221; image_3_box_shadow=&#8221;none&#8221; image_4_offset_x_sign=&#8221;+&#8221; image_4_offset_x=&#8221;0%&#8221; image_4_offset_y_sign=&#8221;+&#8221; image_4_offset_y=&#8221;0%&#8221; image_4_rotate_sign=&#8221;+&#8221; image_4_rotate=&#8221;none&#8221; image_4_animation=&#8221;Fade In&#8221; image_4_box_shadow=&#8221;none&#8221; border_radius=&#8221;none&#8221;][\/vc_column_inner][vc_column_inner column_padding=&#8221;no-extra-padding&#8221; column_padding_position=&#8221;all&#8221; background_color_opacity=&#8221;1&#8243; background_hover_color_opacity=&#8221;1&#8243; column_shadow=&#8221;none&#8221; column_border_radius=&#8221;none&#8221; width=&#8221;1\/2&#8243; column_border_width=&#8221;none&#8221; column_border_style=&#8221;solid&#8221;][vc_column_text]\n<h1>INFORMACJE DLA PODR\u00d3\u017bUJ\u0104CYCH<\/h1>\n[\/vc_column_text]<div class=\"divider-wrap\"><div style=\"margin-top: 12px; width: 20%px; height: 3px; margin-bottom: 12px;\" data-width=\"20%\" data-animate=\"\" data-animation-delay=\"\" data-color=\"accent-color\" class=\"divider-small-border\"><\/div><\/div>[vc_column_text]Wszelkie informacje dotycz\u0105ce pielgrzymstwa w Wilnie \u2013 mie\u015bcie Bo\u017cego Mi\u0142osierdzia, zamieszczone s\u0105 na niniejszej stronie internetowej. Wszystkich pielgrzym\u00f3w przybywaj\u0105cych do Wilna zapraszamy do Wile\u0144skiego Centrum Pielgrzymkowego (<a href=\"https:\/\/goo.gl\/maps\/Su4GPyB3Mzyd3Weu6\" target=\"_blank\" rel=\"noopener\">ul. Dominikon\u0173 6<\/a>).<\/p>\n<p>Centrum Informacji Turystycznej mie\u015bci si\u0119 w Starym Mie\u015bcie, na ul. Pilies 7.\u00a0Tam mo\u017cna uzyska\u0107 wiele niezb\u0119dnych informacji, wypo\u017cyczy\u0107 audio przewodnik, naby\u0107 kart\u0119 <a href=\"https:\/\/www.govilnius.lt\/odwiedz-wilno\/kup-vilnius-pass\" target=\"_blank\" rel=\"noopener\">\u201eVilnius Pass\u201d<\/a> lub wyj\u0105tkowe upominki. W Centrum Informacji dzia\u0142a darmowa sie\u0107 Wi-Fi.<\/p>\n<p>Chc\u0105c zaplanowa\u0107 podr\u00f3\u017c lub ju\u017c b\u0119d\u0105c\u00a0w Wilnie warto odwiedzi\u0107 stron\u0119 internetow\u0105 Wile\u0144skiego Centrum Informacji Turystycznej <a href=\"https:\/\/www.govilnius.lt\/odwiedz-wilno\">www.govilnius.lt<\/a>, a tak\u017ce dowiedzie\u0107 si\u0119 o wydarzeniach, kt\u00f3re odbywaj\u0105 si\u0119 w mie\u015bcie <a href=\"http:\/\/www.vilnius-events.lt\/\">www.vilnius-events.lt<\/a>.[\/vc_column_text][\/vc_column_inner][\/vc_row_inner][\/vc_column][\/vc_row][vc_row type=&#8221;in_container&#8221; full_screen_row_position=&#8221;middle&#8221; scene_position=&#8221;center&#8221; text_color=&#8221;dark&#8221; text_align=&#8221;center&#8221; id=&#8221;naudinga&#8221; overlay_strength=&#8221;0.3&#8243; shape_divider_position=&#8221;bottom&#8221; shape_type=&#8221;&#8221;][vc_column column_padding=&#8221;no-extra-padding&#8221; column_padding_position=&#8221;all&#8221; background_color_opacity=&#8221;1&#8243; background_hover_color_opacity=&#8221;1&#8243; column_shadow=&#8221;none&#8221; column_border_radius=&#8221;none&#8221; width=&#8221;1\/1&#8243; tablet_text_alignment=&#8221;default&#8221; phone_text_alignment=&#8221;default&#8221; column_border_width=&#8221;none&#8221; column_border_style=&#8221;solid&#8221;][vc_row_inner column_margin=&#8221;default&#8221; text_align=&#8221;left&#8221;][vc_column_inner column_padding=&#8221;no-extra-padding&#8221; column_padding_position=&#8221;all&#8221; background_color_opacity=&#8221;1&#8243; background_hover_color_opacity=&#8221;1&#8243; column_shadow=&#8221;none&#8221; column_border_radius=&#8221;none&#8221; width=&#8221;1\/1&#8243; column_border_width=&#8221;none&#8221; column_border_style=&#8221;solid&#8221;][nectar_icon icon_family=&#8221;linea&#8221; icon_style=&#8221;border-basic&#8221; icon_border_thickness=&#8221;2px&#8221; icon_color=&#8221;Accent-Color&#8221; icon_padding=&#8221;20px&#8221; icon_linea=&#8221;icon-basic-lightbulb&#8221;]\n    <div class=\"col span_12 section-title text-align-center extra-padding\">\n\t\t<h2>\n<h1>INNE PRZYDATNE INFORMACJE<\/h1>\n<\/h2><\/div><div class=\"clear\"><\/div>[\/vc_column_inner][\/vc_row_inner]<div class=\"toggles \" data-style=\"default\"><div class=\"toggle default\"><h3><a href=\"#\"><i class=\"icon-plus-sign\"><\/i>NUMER TELEFONU ALARMOWEGO<\/a><\/h3><div>[vc_column_text]112<\/p>\n[\/vc_column_text]<\/div><\/div><div class=\"toggle default\"><h3><a href=\"#\"><i class=\"icon-plus-sign\"><\/i>STREFA CZASOWA<\/a><\/h3><div>[vc_column_text]Litwa zalicza si\u0119 do strefy UTC+3 latem i UTC+2 zim\u0105.[\/vc_column_text]<\/div><\/div><div class=\"toggle default\"><h3><a href=\"#\"><i class=\"icon-plus-sign\"><\/i>KLIMAT I ZALECANY UBI\u00d3R<\/a><\/h3><div>[vc_column_text]\u015arednia temperatura w lipcu wynosi +17<sup>0<\/sup>C, \u015brednia najni\u017csza temperatura w styczniu -5<sup>0<\/sup>C. Od ko\u0144ca kwietnia do po\u0142owy wrze\u015bnia dni s\u0105 ciep\u0142e, dlatego podr\u00f3\u017cnicy decyduj\u0105 si\u0119 na wyjazd do Wilna w\u0142a\u015bnie w tym okresie.<\/p>\n<p>Decyduj\u0105c si\u0119 na wyjazd zim\u0105 i wczesn\u0105 wiosn\u0105, nale\u017cy przygotowa\u0107 si\u0119 na minusowe temperatury, mo\u017cliw\u0105 pluch\u0119. W tym okresie zalecamy zabra\u0107 ze sob\u0105 r\u0119kawiczki, czapk\u0119 i cieplejsze obuwie. Wiosn\u0105, latem i jesieni\u0105 warto by\u0107 zaopatrzonym w odzie\u017c chroni\u0105c\u0105 przed deszczem, parasol. Ze wzgl\u0119du na zmienn\u0105 pogod\u0119, a tak\u017ce wizyty w ch\u0142odnych Ko\u015bcio\u0142ach Starego Miasta, warto zabra\u0107 ze sob\u0105 kilka warstw odzie\u017cy, dzi\u0119ki temu \u0142atwiej dostosowa\u0107 si\u0119 do aktualnych warunk\u00f3w pogodowych.[\/vc_column_text]<\/div><\/div><div class=\"toggle accent-color\"><h3><a href=\"#\"><i class=\"icon-plus-sign\"><\/i>INTERNET<\/a><\/h3><div>[vc_column_text]Po\u0142\u0105czenie internetowe na Litwie \u2013 jedno z najszybszych na \u015bwiecie. Na Starym Mie\u015bcie w Wilnie dzia\u0142a ponad 55 stref z darmowym Wi-Fi. Klienci niemal ka\u017cdej kawiarni lub restauracji mog\u0105 korzysta\u0107 z darmowej sieci Wi-Fi. Na wewn\u0119trznym dziedzi\u0144cu Biblioteki Technicznej (przy ul. \u0160v. Ignoto 6) w dni robocze (od 8.00 do 19.00 godz.) mo\u017cna bezp\u0142atnie skorzysta\u0107 z komputera i internetu.[\/vc_column_text]<\/div><\/div><div class=\"toggle default\"><h3><a href=\"#\"><i class=\"icon-plus-sign\"><\/i>BEZPIECZE\u0143STWO<\/a><\/h3><div>[vc_column_text]Wilno jest bezpiecznym miastem, jednak og\u00f3lne zalecenia bezpiecze\u0144stwa obowi\u0105zuj\u0105 tak\u017ce tutaj: nie nale\u017cy samemu spacerowa\u0107 po ciemnych zakamarkach ulic, wdawa\u0107 si\u0119 w konflikty, w miejscach publicznych pozostawia\u0107 cennych rzeczy bez opieki, nale\u017cy zachowa\u0107 szczeg\u00f3ln\u0105 czujno\u015b\u0107 na dworcu autobusowym i kolejowym po zmroku, itp.[\/vc_column_text]<\/div><\/div><div class=\"toggle default\"><h3><a href=\"#\"><i class=\"icon-plus-sign\"><\/i>TRADYCYJNA \u017bYWNO\u015a\u0106<\/a><\/h3><div>[vc_column_text]Latem \u2013 zimny barszcz z ziemniakami, a przez ca\u0142y rok\u00a0\u2013 cepeliny, placki ziemniaczane, na przek\u0105sk\u0119 \u2013 sma\u017cone paluszki chlebowe z serem, \u015bled\u017a z ziemniakami i buraczkami. Potrawy z dziczyzny prezentuj\u0105 dawn\u0105 litewsk\u0105 kuchni\u0119, obecnie jednak rzadko pojawiaj\u0105 si\u0119 na codziennym stole litewskim. S\u0119kacz, podobno pochodzi z Niemiec, a \u0161imtalapis (w dos\u0142ownym t\u0142umaczeniu \u201eciasto zrobione ze stu li\u015bci\u201d) \u2013 z rejonu Morza Czarnego, mimo to tak wtopi\u0142y si\u0119 w kuchni\u0119 litewsk\u0105, \u017ce teraz wielu Litwin\u00f3w nie wyobra\u017ca sobie \u015bwi\u0105t bez tych smako\u0142yk\u00f3w. Kwas chlebowy \u2013 tradycyjny nap\u00f3j litewski, warzony na bazie chleba. Zdecydowanie zach\u0119camy r\u00f3wnie\u017c do skosztowania tradycyjnego litewskiego napoju \u2013 kawy \u017co\u0142\u0119dzi\u00f3wki.<\/p>\n<p>Wilno \u2013 to wielokulturowe miasto, dlatego polecamy dania kuchni zar\u00f3wno litewskiej, jak i polskiej, ukrai\u0144skiej, bia\u0142oruskiej, \u017cydowskiej.[\/vc_column_text]<\/div><\/div><div class=\"toggle default\"><h3><a href=\"#\"><i class=\"icon-plus-sign\"><\/i>GDZIE NA \u015aNIADANIE I GDZIE SZUKA\u0106 JEDZENIA BEZ MI\u0118SA?<\/a><\/h3><div>[vc_column_text]Litwini lubi\u0105 je\u015b\u0107 \u015bniadanie w domu. Kultura \u015bniadaniowa w wile\u0144skich kawiarniach dopiero si\u0119 rozwija, dlatego wiemy, \u017ce turysta cz\u0119sto staje przed dylematem, gdzie o poranku zaspokoi\u0107 apetyt. Opr\u00f3cz kawiarni sieciowych, kt\u00f3re \u0142atwo dostrzec na ulicach miasta, warto odwiedzi\u0107 restauracj\u0119 \u201eFire Place\u201d, kawiarni\u0119 \u201eSugamore\u201d i \u201eHurac\u00e1n\u201c, p\u0105czkarnia \u201eHoly Donuts\u201c, bar \u201eCosy\u201c, piekarni\u0119 \u201eCrustum\u201c lub \u201eBir\u017e\u0173 duona\u201c.<\/p>\n<p>Wegetarianie te\u017c znajd\u0105 w Wilnie co\u015b dla siebie, np. \u201eVieta\u201c przy ul. \u0160v. Ignoto, \u201eVegacafe\u201c przy ul. Totori\u0173 i ul. Augustion\u0173 lub \u201eRaw 42\u201c przy ul. R\u016bdnink\u0173 i wiele innych.[\/vc_column_text]<\/div><\/div><div class=\"toggle default\"><h3><a href=\"#\"><i class=\"icon-plus-sign\"><\/i>NAPIWKI <\/a><\/h3><div>[vc_column_text]Zwyczajowo zostawia si\u0119 oko\u0142o 10% sumy na rachunku.[\/vc_column_text]<\/div><\/div><div class=\"toggle default\"><h3><a href=\"#\"><i class=\"icon-plus-sign\"><\/i>GDZIE KUPI\u0106 UPOMINEK<\/a><\/h3><div>[vc_column_text]Na Wile\u0144skiej Star\u00f3wce nie brakuje sklep\u00f3w z pami\u0105tkami. Jest w nich mn\u00f3stwo wyrob\u00f3w z bursztynu, nazywanego litewskim z\u0142otem. Na ulicach Star\u00f3wki (ul. Stikli\u0173, ul. \u0160v. Stepono, \u00a0ul. \u0160v. Mykolo, ca\u0142e Zarzecze i in.) mo\u017cna znale\u017a\u0107 wielu m\u0142odych litewskich dizajner\u00f3w, sklepy ze s\u0142odyczami, galerie sztuki, kt\u00f3re oferuj\u0105 unikalne litewskie wyroby.[\/vc_column_text]<\/div><\/div><div class=\"toggle default\"><h3><a href=\"#\"><i class=\"icon-plus-sign\"><\/i>OP\u0141ATA TURYSTYCZNA<\/a><\/h3><div>[vc_column_text]Od 1-ego lipca 2018 roku w Wilnie b\u0119dzie pobierana op\u0142ata turystyczna. Jej wysoko\u015b\u0107 \u2013 1 euro od osoby za ka\u017cd\u0105 noc pobytu w plac\u00f3wkach zakwaterowania.\u00a0Op\u0142ata b\u0119dzie stosowana wobec wszystkich go\u015bci korzystaj\u0105cych z us\u0142ug zakwaterowania.[\/vc_column_text]<\/div><\/div><\/div>[\/vc_column][\/vc_row]\n","protected":false},"excerpt":{"rendered":"<p>[vc_row type=&#8221;in_container&#8221; full_screen_row_position=&#8221;middle&#8221; scene_position=&#8221;center&#8221; text_color=&#8221;dark&#8221; text_align=&#8221;left&#8221; top_padding=&#8221;5%&#8221; id=&#8221;info&#8221; overlay_strength=&#8221;0.3&#8243; shape_divider_position=&#8221;bottom&#8221; shape_type=&#8221;&#8221;][vc_column column_padding=&#8221;no-ex&#8230;<\/p>\n","protected":false},"author":6,"featured_media":0,"parent":49,"menu_order":0,"comment_status":"closed","ping_status":"closed","template":"","meta":{"footnotes":""},"class_list":["post-6847","page","type-page","status-publish","hentry"],"_links":{"self":[{"href":"https:\/\/cityofmercy.lt\/pl_PL\/wp-json\/wp\/v2\/pages\/6847","targetHints":{"allow":["GET"]}}],"collection":[{"href":"https:\/\/cityofmercy.lt\/pl_PL\/wp-json\/wp\/v2\/pages"}],"about":[{"href":"https:\/\/cityofmercy.lt\/pl_PL\/wp-json\/wp\/v2\/types\/page"}],"author":[{"embeddable":true,"href":"https:\/\/cityofmercy.lt\/pl_PL\/wp-json\/wp\/v2\/users\/6"}],"replies":[{"embeddable":true,"href":"https:\/\/cityofmercy.lt\/pl_PL\/wp-json\/wp\/v2\/comments?post=6847"}],"version-history":[{"count":29,"href":"https:\/\/cityofmercy.lt\/pl_PL\/wp-json\/wp\/v2\/pages\/6847\/revisions"}],"predecessor-version":[{"id":8066,"href":"https:\/\/cityofmercy.lt\/pl_PL\/wp-json\/wp\/v2\/pages\/6847\/revisions\/8066"}],"up":[{"embeddable":true,"href":"https:\/\/cityofmercy.lt\/pl_PL\/wp-json\/wp\/v2\/pages\/49"}],"wp:attachment":[{"href":"https:\/\/cityofmercy.lt\/pl_PL\/wp-json\/wp\/v2\/media?parent=6847"}],"curies":[{"name":"wp","href":"https:\/\/api.w.org\/{rel}","templated":true}]}}