{"id":6835,"date":"2021-06-01T17:04:00","date_gmt":"2021-06-01T14:04:00","guid":{"rendered":"https:\/\/cityofmercy.lt\/?page_id=6835"},"modified":"2025-09-24T15:44:26","modified_gmt":"2025-09-24T12:44:26","slug":"gidai","status":"publish","type":"page","link":"https:\/\/cityofmercy.lt\/pl_PL\/planavimas\/gidai\/","title":{"rendered":"Przewodnicy"},"content":{"rendered":"[vc_row type=&#8221;in_container&#8221; full_screen_row_position=&#8221;middle&#8221; scene_position=&#8221;center&#8221; text_color=&#8221;dark&#8221; text_align=&#8221;left&#8221; top_padding=&#8221;5%&#8221; id=&#8221;Guides&#8221; overlay_strength=&#8221;0.3&#8243; shape_divider_position=&#8221;bottom&#8221; shape_type=&#8221;&#8221;][vc_column centered_text=&#8221;true&#8221; column_padding=&#8221;no-extra-padding&#8221; column_padding_position=&#8221;all&#8221; background_color_opacity=&#8221;1&#8243; background_hover_color_opacity=&#8221;1&#8243; column_shadow=&#8221;none&#8221; column_border_radius=&#8221;none&#8221; width=&#8221;1\/1&#8243; tablet_text_alignment=&#8221;default&#8221; phone_text_alignment=&#8221;default&#8221; column_border_width=&#8221;none&#8221; column_border_style=&#8221;solid&#8221;][vc_row_inner column_margin=&#8221;default&#8221; text_align=&#8221;left&#8221;][vc_column_inner column_padding=&#8221;no-extra-padding&#8221; column_padding_position=&#8221;all&#8221; background_color_opacity=&#8221;1&#8243; background_hover_color_opacity=&#8221;1&#8243; column_shadow=&#8221;none&#8221; column_border_radius=&#8221;none&#8221; width=&#8221;1\/1&#8243; column_border_width=&#8221;none&#8221; column_border_style=&#8221;solid&#8221;][nectar_icon icon_family=&#8221;steadysets&#8221; icon_style=&#8221;border-basic&#8221; icon_border_thickness=&#8221;2px&#8221; icon_color=&#8221;Accent-Color&#8221; icon_padding=&#8221;20px&#8221; icon_steadysets=&#8221;steadysets-icon-users&#8221;]\n    <div class=\"col span_12 section-title text-align-center extra-padding\">\n\t\t<h2>PRZEWODNICY PO TRASACH PIELGRZYMKOWYCH<\/h2><p>Podczas wycieczki dla grup lub os\u00f3b indywidualnych istnieje mo\u017cliwo\u015b\u0107 skorzystania z us\u0142ug profesjonalnych przewodnik\u00f3w, kt\u00f3rzy oprowadz\u0105 po pielgrzymkowej Drodze Mi\u0142osierdzia Bo\u017cego i zapoznaj\u0105 z histori\u0105 \u015bw. Faustyny, b\u0142. M. Sopo\u0107ki, powstania Obrazu Jezusa Mi\u0142osiernego oraz kultem Bo\u017cego Mi\u0142osierdzia.<\/p><\/div><div class=\"clear\"><\/div>[\/vc_column_inner][\/vc_row_inner][vc_row_inner column_margin=&#8221;default&#8221; text_align=&#8221;left&#8221;][vc_column_inner column_padding=&#8221;no-extra-padding&#8221; column_padding_position=&#8221;all&#8221; background_color_opacity=&#8221;1&#8243; background_hover_color_opacity=&#8221;1&#8243; column_shadow=&#8221;none&#8221; column_border_radius=&#8221;none&#8221; width=&#8221;1\/6&#8243; column_border_width=&#8221;none&#8221; column_border_style=&#8221;solid&#8221;]<div class=\"team-member\" data-style=\"bio_fullscreen\">\n    \t<div class=\"team-member-image\"><img loading=\"lazy\" decoding=\"async\" src=\"https:\/\/cityofmercy.lt\/wp-content\/uploads\/2017\/12\/Liuda--500x500.jpg\" alt=\"\" width=\"500\" height=\"500\" \/><\/div>\n    \t<div class=\"team-member-overlay\"><\/div>\n    \t<div class=\"team-meta\"><h3>Liuda Matonien\u0117<\/h3><p>LT, EN, RU<\/p><div class=\"arrow-end fa fa-angle-right\"><\/div><div class=\"arrow-line\"><\/div><\/div>\n    \t<div class=\"nectar_team_bio_img\" data-img-src=\"https:\/\/cityofmercy.lt\/wp-content\/uploads\/2017\/12\/Liuda-.jpg\"><\/div>\n    \t<div class=\"nectar_team_bio\">O mi\u0142o\u015bci w Wilnie.<br \/>\nWilno \u2013 miasto zrodzone z mi\u0142o\u015bci i z mi\u0142o\u015bci\u0105. Mi\u0142osierna, \u015bwi\u0119ta i nami\u0119tna mi\u0142o\u015b\u0107 rozprzestrzenia\u0142a si\u0119 tu poprzez dzie\u0142a mi\u0142osierdzia, muzyk\u0119 i poezj\u0119, roni\u0105c \u0142zy skruchy i wdzi\u0119czno\u015bci, kt\u00f3rych wyrazem s\u0105 sk\u0142adane przed \u015bwi\u0119tymi obrazami wota, unosi si\u0119 ku niebu rozbrzmiewaj\u0105c d\u017awi\u0119kiem a\u017curowych dzwon\u00f3w ko\u015bcielnych. W Wilnie narodzi\u0142a si\u0119 mi\u0142o\u015b\u0107 Zygmunta Augusta do Barbary Radziwi\u0142\u0142\u00f3wnej, Adam Mickiewicz wyznaje wierszem wybrance i Ojczy\u017anie swe uczucie, Kristina Frank, poprzez \u015bpiew, wspiera\u0142a ide\u0119 swego m\u0105\u017ca i nios\u0142a pomoc ubogim mieszka\u0144com Wilna, Miko\u0142aj Konstanty Czurlanis i jego przysz\u0142a \u017cona Zofia Kymantait\u0117 odnale\u017ali g\u00f3rk\u0119 z ich pierwszej randki, Maria i Jurgis \u0160lapelis wsp\u00f3lnie za\u0142o\u017cyli ksi\u0119garni\u0119 litewsk\u0105, dzieci\u0144stwo w Wilnie sp\u0119dzi\u0142 Romain Gary, chc\u0105c zrobi\u0107 dobre wra\u017cenie na ukochanej i zdoby\u0107 jej serce, pr\u00f3bowa\u0142 zje\u015b\u0107 buta... Nawet na nabrze\u017cach Wilii w Wilnie zakwit\u0142y Brzegi mi\u0142o\u015bci, kwiaty, kt\u00f3re utworzy\u0142y napis \u2013 \u201eKocham Ci\u0119\u201c \u2013 \u201eI ja Ciebie\u201c. Pomys\u0142odawc\u0105 akcji jest Gitenis Umbrasas.<div class=\"bottom_meta\"><a href=\"mailto:liuda.matoniene@gmail.com\" target=\"_blank\"><i class=\"icon-default-style fa fa-envelope\"><\/i><\/a><\/div><\/div>\n    \t<\/div>[\/vc_column_inner][vc_column_inner column_padding=&#8221;no-extra-padding&#8221; column_padding_position=&#8221;all&#8221; background_color_opacity=&#8221;1&#8243; background_hover_color_opacity=&#8221;1&#8243; column_shadow=&#8221;none&#8221; column_border_radius=&#8221;none&#8221; width=&#8221;1\/6&#8243; column_border_width=&#8221;none&#8221; column_border_style=&#8221;solid&#8221;]<div class=\"team-member\" data-style=\"bio_fullscreen\">\n    \t<div class=\"team-member-image\"><img loading=\"lazy\" decoding=\"async\" src=\"https:\/\/cityofmercy.lt\/wp-content\/uploads\/2017\/12\/4GIDAI-500x500.jpg\" alt=\"\" width=\"500\" height=\"500\" \/><\/div>\n    \t<div class=\"team-member-overlay\"><\/div>\n    \t<div class=\"team-meta\"><h3>Jolanta Stupelyt\u0117<\/h3><p>LT, FR, RU<\/p><div class=\"arrow-end fa fa-angle-right\"><\/div><div class=\"arrow-line\"><\/div><\/div>\n    \t<div class=\"nectar_team_bio_img\" data-img-src=\"https:\/\/cityofmercy.lt\/wp-content\/uploads\/2017\/12\/4GIDAI.jpg\"><\/div>\n    \t<div class=\"nectar_team_bio\">O Wilnie \u2013 mie\u015bcie Bo\u017cego Mi\u0142osierdzia.<br \/>\nCoraz cz\u0119\u015bciej \u0142api\u0119 si\u0119 na my\u015bleniu, aby przenie\u015b\u0107 si\u0119 z miejskiego zgie\u0142ku w wiejsk\u0105 cisz\u0119. Jednak ca\u0142kiem niedawno swoje drzwi otworzy\u0142o Sanktuarium Bo\u017cego Mi\u0142osierdzia i w okamgnieniu ca\u0142kowicie zmieni\u0142 si\u0119 m\u00f3j paradygmat\u2026 Miasto otrzyma\u0142o nowe serce, Jezus przenikn\u0105\u0142 do wszystkich \u201ezakamark\u00f3w\u201d mojej duszy.<div class=\"bottom_meta\"><a href=\"mailto:paparteles@yahoo.fr\" target=\"_blank\"><i class=\"icon-default-style fa fa-envelope\"><\/i><\/a><\/div><\/div>\n    \t<\/div>[\/vc_column_inner][vc_column_inner column_padding=&#8221;no-extra-padding&#8221; column_padding_position=&#8221;all&#8221; background_color_opacity=&#8221;1&#8243; background_hover_color_opacity=&#8221;1&#8243; column_shadow=&#8221;none&#8221; column_border_radius=&#8221;none&#8221; width=&#8221;1\/6&#8243; column_border_width=&#8221;none&#8221; column_border_style=&#8221;solid&#8221;]<div class=\"team-member\" data-style=\"bio_fullscreen\">\n    \t<div class=\"team-member-image\"><img loading=\"lazy\" decoding=\"async\" src=\"https:\/\/cityofmercy.lt\/wp-content\/uploads\/2017\/12\/Kata\u017eina-ir-Albert-Narvoi\u0161-500x500.jpg\" alt=\"\" width=\"500\" height=\"500\" \/><\/div>\n    \t<div class=\"team-member-overlay\"><\/div>\n    \t<div class=\"team-meta\"><h3>Kata\u017eina ir Albert Narvoi\u0161<\/h3><p>LT, EN, PL, RU<\/p><div class=\"arrow-end fa fa-angle-right\"><\/div><div class=\"arrow-line\"><\/div><\/div>\n    \t<div class=\"nectar_team_bio_img\" data-img-src=\"https:\/\/cityofmercy.lt\/wp-content\/uploads\/2017\/12\/Kata\u017eina-ir-Albert-Narvoi\u0161.jpg\"><\/div>\n    \t<div class=\"nectar_team_bio\">O najbardziej autentycznym miejscu miasta.<br \/>\nNajbardziej autentyczne miejsce Wilna to naszym zdaniem \u2013 Ostra Brama. Pami\u0119ta ona wspania\u0142\u0105 i bogat\u0105 histori\u0119 miasta. To w\u0142a\u015bnie mur obronny miasta i sam\u0105 bram\u0119 budowali wszyscy mieszka\u0144cy miasta na pocz\u0105tku XVI w. Dzisiaj ka\u017cdy, kto przyje\u017cd\u017ca do Wilna, powinien odwiedzi\u0107 Naj\u015bwi\u0119tsz\u0105 Maryj\u0119 Pann\u0119 w Ostrej Bramie. S\u0142yn\u0105cy z cud\u00f3w wizerunek Matki Boskiej chroni\u0142 miasto przed napadami wojsk nieprzyjacielskich i przed po\u017carem. Tutaj, do Matki Mi\u0142osierdzia, od wiek\u00f3w spiesz\u0105 wszyscy wierni i ci, kt\u00f3rzy pragn\u0105 prosi\u0107 J\u0105 o wstawiennictwo i pomoc w ka\u017cdej potrzebie. Na pocz\u0105tku XX w. w Wilnie, w Kaplicy Ostrobramskiej, zosta\u0142 wystawiony Obraz Jezusa Mi\u0142osiernego na widok publiczny. Z tego w\u0142a\u015bnie miejsca rozesz\u0142o si\u0119 na ca\u0142y \u015bwiat or\u0119dzie o Bo\u017cym Mi\u0142osierdziu.<div class=\"bottom_meta\"><a href=\"mailto:kasiasd@yahoo.com\" target=\"_blank\"><i class=\"icon-default-style fa fa-envelope\"><\/i><\/a><\/div><\/div>\n    \t<\/div>[\/vc_column_inner][vc_column_inner column_padding=&#8221;no-extra-padding&#8221; column_padding_position=&#8221;all&#8221; background_color_opacity=&#8221;1&#8243; background_hover_color_opacity=&#8221;1&#8243; column_shadow=&#8221;none&#8221; column_border_radius=&#8221;none&#8221; width=&#8221;1\/6&#8243; column_border_width=&#8221;none&#8221; column_border_style=&#8221;solid&#8221;]<div class=\"team-member\" data-style=\"bio_fullscreen\">\n    \t<div class=\"team-member-image\"><img loading=\"lazy\" decoding=\"async\" src=\"https:\/\/cityofmercy.lt\/wp-content\/uploads\/2017\/12\/5GIDAI-500x500.jpg\" alt=\"\" width=\"500\" height=\"500\" \/><\/div>\n    \t<div class=\"team-member-overlay\"><\/div>\n    \t<div class=\"team-meta\"><h3>Janina Andriu\u0161kevi\u010di\u016bt\u0117<\/h3><p>LT, DE, EN, SE<\/p><div class=\"arrow-end fa fa-angle-right\"><\/div><div class=\"arrow-line\"><\/div><\/div>\n    \t<div class=\"nectar_team_bio_img\" data-img-src=\"https:\/\/cityofmercy.lt\/wp-content\/uploads\/2017\/12\/5GIDAI.jpg\"><\/div>\n    \t<div class=\"nectar_team_bio\"><div class=\"bottom_meta\"><a href=\"mailto:janina.andr@gmail.com\" target=\"_blank\"><i class=\"icon-default-style fa fa-envelope\"><\/i><\/a><\/div><\/div>\n    \t<\/div>[\/vc_column_inner][vc_column_inner column_padding=&#8221;no-extra-padding&#8221; column_padding_position=&#8221;all&#8221; background_color_opacity=&#8221;1&#8243; background_hover_color_opacity=&#8221;1&#8243; column_shadow=&#8221;none&#8221; column_border_radius=&#8221;none&#8221; width=&#8221;1\/6&#8243; column_border_width=&#8221;none&#8221; column_border_style=&#8221;solid&#8221;]<div class=\"team-member\" data-style=\"bio_fullscreen\">\n    \t<div class=\"team-member-image\"><img loading=\"lazy\" decoding=\"async\" src=\"https:\/\/cityofmercy.lt\/wp-content\/uploads\/2017\/12\/2GIDAI-500x500.jpg\" alt=\"\" width=\"500\" height=\"500\" \/><\/div>\n    \t<div class=\"team-member-overlay\"><\/div>\n    \t<div class=\"team-meta\"><h3>Kornelija Jankauskait\u0117<\/h3><p>LT, EN, RU<\/p><div class=\"arrow-end fa fa-angle-right\"><\/div><div class=\"arrow-line\"><\/div><\/div>\n    \t<div class=\"nectar_team_bio_img\" data-img-src=\"https:\/\/cityofmercy.lt\/wp-content\/uploads\/2017\/12\/2GIDAI.jpg\"><\/div>\n    \t<div class=\"nectar_team_bio\">O szczeg\u00f3lnych miejscach w Wilnie.<br \/>\nKiedy brakuje mi si\u0142, rado\u015bci \u017cycia, spokoju, id\u0119 do Sanktuarium Bo\u017cego Mi\u0142osierdzia, aby poby\u0107 sam na sam z Jezusem, zaczerpn\u0105\u0107 nadziei, spokoju, wzmocni\u0107 si\u0119 fizycznie, duchowo, a potem ruszam dalej przez \u017cycie.<div class=\"bottom_meta\"><a href=\"mailto:luomakornel@yahoo.com\" target=\"_blank\"><i class=\"icon-default-style fa fa-envelope\"><\/i><\/a><\/div><\/div>\n    \t<\/div>[\/vc_column_inner][vc_column_inner column_padding=&#8221;no-extra-padding&#8221; column_padding_position=&#8221;all&#8221; background_color_opacity=&#8221;1&#8243; background_hover_color_opacity=&#8221;1&#8243; column_shadow=&#8221;none&#8221; column_border_radius=&#8221;none&#8221; width=&#8221;1\/6&#8243; column_border_width=&#8221;none&#8221; column_border_style=&#8221;solid&#8221;]<div class=\"team-member\" data-style=\"bio_fullscreen\">\n    \t<div class=\"team-member-image\"><img loading=\"lazy\" decoding=\"async\" src=\"https:\/\/cityofmercy.lt\/wp-content\/uploads\/2025\/09\/7994b55a-6dac-4e7e-88f5-8d12f4dd7f0d-500x500.jpeg\" alt=\"\" width=\"500\" height=\"500\" \/><\/div>\n    \t<div class=\"team-member-overlay\"><\/div>\n    \t<div class=\"team-meta\"><h3>Akvil\u0117 Ba\u0161\u0117<\/h3><p>LT, EN<\/p><div class=\"arrow-end fa fa-angle-right\"><\/div><div class=\"arrow-line\"><\/div><\/div>\n    \t<div class=\"nectar_team_bio_img\" data-img-src=\"https:\/\/cityofmercy.lt\/wp-content\/uploads\/2025\/09\/7994b55a-6dac-4e7e-88f5-8d12f4dd7f0d.jpeg\"><\/div>\n    \t<div class=\"nectar_team_bio\">Hello, dear pilgrim!<br \/>\nWelcome to my hometown, Vilnius \u2014 a city where rich layers of history, culture, faith, and religion come together and intertwine. If you\u2019re eager to discover Vilnius\u2019s hidden treasures, whether through its sweeping panoramic views or the winding streets of the Old Town, and to experience its vibrant life, meet the saints who once walked here, and feel the enduring presence of God\u2019s grace\u2014then let\u2019s embark on this journey together! Sincerely yours, Akvil\u0117<br \/>\n\u2022 The Way of Mercy in Vilnius<br \/>\n\u2022 Baroque Masterpieces in Vilnius Churches<br \/>\n\u2022 The Multicultural Charm of Vilnius Old Town<div class=\"bottom_meta\"><\/div><\/div>\n    \t<\/div>[\/vc_column_inner][\/vc_row_inner][vc_row_inner column_margin=&#8221;default&#8221; text_align=&#8221;left&#8221;][vc_column_inner column_padding=&#8221;no-extra-padding&#8221; column_padding_position=&#8221;all&#8221; background_color_opacity=&#8221;1&#8243; background_hover_color_opacity=&#8221;1&#8243; column_shadow=&#8221;none&#8221; column_border_radius=&#8221;none&#8221; width=&#8221;1\/6&#8243; column_border_width=&#8221;none&#8221; column_border_style=&#8221;solid&#8221;]<div class=\"team-member\" data-style=\"bio_fullscreen\">\n    \t<div class=\"team-member-image\"><img loading=\"lazy\" decoding=\"async\" src=\"https:\/\/cityofmercy.lt\/wp-content\/uploads\/2017\/12\/6GIDAI-500x500.jpg\" alt=\"\" width=\"500\" height=\"500\" \/><\/div>\n    \t<div class=\"team-member-overlay\"><\/div>\n    \t<div class=\"team-meta\"><h3>Isabelle Gaullier<\/h3><p>FR<\/p><div class=\"arrow-end fa fa-angle-right\"><\/div><div class=\"arrow-line\"><\/div><\/div>\n    \t<div class=\"nectar_team_bio_img\" data-img-src=\"https:\/\/cityofmercy.lt\/wp-content\/uploads\/2017\/12\/6GIDAI.jpg\"><\/div>\n    \t<div class=\"nectar_team_bio\">O Wilnie oczami Francuza.<br \/>\nW Wilnie mieszkam ju\u017c wiele lat. Bardzo si\u0119 ciesz\u0119, \u017ce mog\u0119 pokaza\u0107 miejscowym i go\u015bciom jak pi\u0119kne jest to miasto.<div class=\"bottom_meta\"><a href=\"mailto:isagaullier@hotmail.com\" target=\"_blank\"><i class=\"icon-default-style fa fa-envelope\"><\/i><\/a><\/div><\/div>\n    \t<\/div>[\/vc_column_inner][vc_column_inner column_padding=&#8221;no-extra-padding&#8221; column_padding_position=&#8221;all&#8221; background_color_opacity=&#8221;1&#8243; background_hover_color_opacity=&#8221;1&#8243; column_shadow=&#8221;none&#8221; column_border_radius=&#8221;none&#8221; width=&#8221;1\/6&#8243; column_border_width=&#8221;none&#8221; column_border_style=&#8221;solid&#8221;]<div class=\"team-member\" data-style=\"bio_fullscreen\">\n    \t<div class=\"team-member-image\"><img loading=\"lazy\" decoding=\"async\" src=\"https:\/\/cityofmercy.lt\/wp-content\/uploads\/2017\/12\/Jolanta-ir-Andrzej-Kostygin-600x600-500x500.jpg\" alt=\"\" width=\"500\" height=\"500\" \/><\/div>\n    \t<div class=\"team-member-overlay\"><\/div>\n    \t<div class=\"team-meta\"><h3>Jolanta ir Andrzej Kostygin<\/h3><p>PL, RU<\/p><div class=\"arrow-end fa fa-angle-right\"><\/div><div class=\"arrow-line\"><\/div><\/div>\n    \t<div class=\"nectar_team_bio_img\" data-img-src=\"https:\/\/cityofmercy.lt\/wp-content\/uploads\/2017\/12\/Jolanta-ir-Andrzej-Kostygin-600x600.jpg\"><\/div>\n    \t<div class=\"nectar_team_bio\"><div class=\"bottom_meta\"><a href=\"mailto:piligrimai@vilnensis.lt\" target=\"_blank\"><i class=\"icon-default-style fa fa-envelope\"><\/i><\/a><\/div><\/div>\n    \t<\/div>[\/vc_column_inner][vc_column_inner column_padding=&#8221;no-extra-padding&#8221; column_padding_position=&#8221;all&#8221; background_color_opacity=&#8221;1&#8243; background_hover_color_opacity=&#8221;1&#8243; column_shadow=&#8221;none&#8221; column_border_radius=&#8221;none&#8221; width=&#8221;1\/6&#8243; column_border_width=&#8221;none&#8221; column_border_style=&#8221;solid&#8221;]<div class=\"team-member\" data-style=\"bio_fullscreen\">\n    \t<div class=\"team-member-image\"><img loading=\"lazy\" decoding=\"async\" src=\"https:\/\/cityofmercy.lt\/wp-content\/uploads\/2017\/12\/Ignotas-Stanevi\u010dius-500x500.jpg\" alt=\"\" width=\"500\" height=\"500\" \/><\/div>\n    \t<div class=\"team-member-overlay\"><\/div>\n    \t<div class=\"team-meta\"><h3>Ignotas Stanevi\u010dius<\/h3><p>LT, EN<\/p><div class=\"arrow-end fa fa-angle-right\"><\/div><div class=\"arrow-line\"><\/div><\/div>\n    \t<div class=\"nectar_team_bio_img\" data-img-src=\"https:\/\/cityofmercy.lt\/wp-content\/uploads\/2017\/12\/Ignotas-Stanevi\u010dius.jpg\"><\/div>\n    \t<div class=\"nectar_team_bio\">O chrze\u015bcija\u0144skim Wilnie.<br \/>\nNajprawdopodobniej dla chrze\u015bcijanina najbardziej znanym miejscem w Wilnie jest Ostra Brama, a w szczeg\u00f3lno\u015bci \u2013 obraz Naj\u015bwi\u0119tszej Maryi Panny. Nic w tym dziwnego, zw\u0142aszcza, \u017ce ulica, kt\u00f3ra prowadzi do Ostrej Bramy, nosi t\u0119 sam\u0105 nazw\u0119. W bliskim s\u0105siedztwie znajduj\u0105 si\u0119 \u015bwi\u0105tynie trzech r\u00f3\u017cnych wyzna\u0144, jakby symbolizowa\u0142y r\u00f3\u017cnorodno\u015b\u0107 religijn\u0105 w Wilnie: Ko\u015bci\u00f3\u0142 unicki \u015bw. Tr\u00f3jcy i klasztor Bazylian\u00f3w, prawos\u0142awna cerkiew i klasztor \u015bw. Ducha, katolicki Ko\u015bci\u00f3\u0142 \u015bw. Teresy i klasztor Karmelit\u00f3w Bosych z Kaplic\u0105 Ostrobramsk\u0105. Tworz\u0105 konfesyjny tr\u00f3jk\u0105t, dialog mi\u0119dzy chrze\u015bcijanami ze Wschodu i Zachodu, oznajmuj\u0105, \u017ce Wilno jest otwarte dla wszystkich chrze\u015bcijan.<div class=\"bottom_meta\"><a href=\"mailto:ignas.stanevicius@gmail.com\" target=\"_blank\"><i class=\"icon-default-style fa fa-envelope\"><\/i><\/a><\/div><\/div>\n    \t<\/div>[\/vc_column_inner][vc_column_inner column_padding=&#8221;no-extra-padding&#8221; column_padding_position=&#8221;all&#8221; background_color_opacity=&#8221;1&#8243; background_hover_color_opacity=&#8221;1&#8243; column_shadow=&#8221;none&#8221; column_border_radius=&#8221;none&#8221; width=&#8221;1\/6&#8243; column_border_width=&#8221;none&#8221; column_border_style=&#8221;solid&#8221;]<div class=\"team-member\" data-style=\"bio_fullscreen\">\n    \t<div class=\"team-member-image\"><img loading=\"lazy\" decoding=\"async\" src=\"https:\/\/cityofmercy.lt\/wp-content\/uploads\/2017\/12\/7GIDAI-500x500.jpg\" alt=\"\" width=\"500\" height=\"500\" \/><\/div>\n    \t<div class=\"team-member-overlay\"><\/div>\n    \t<div class=\"team-meta\"><h3>Ana U\u017edavinyt\u0117<\/h3><p>LT, PL, RU<\/p><div class=\"arrow-end fa fa-angle-right\"><\/div><div class=\"arrow-line\"><\/div><\/div>\n    \t<div class=\"nectar_team_bio_img\" data-img-src=\"https:\/\/cityofmercy.lt\/wp-content\/uploads\/2017\/12\/7GIDAI.jpg\"><\/div>\n    \t<div class=\"nectar_team_bio\"><div class=\"bottom_meta\"><a href=\"mailto:ana.uzdavinyte@gmail.com\" target=\"_blank\"><i class=\"icon-default-style fa fa-envelope\"><\/i><\/a><\/div><\/div>\n    \t<\/div>[\/vc_column_inner][vc_column_inner column_padding=&#8221;no-extra-padding&#8221; column_padding_position=&#8221;all&#8221; background_color_opacity=&#8221;1&#8243; background_hover_color_opacity=&#8221;1&#8243; column_shadow=&#8221;none&#8221; column_border_radius=&#8221;none&#8221; width=&#8221;1\/6&#8243; column_border_width=&#8221;none&#8221; column_border_style=&#8221;solid&#8221;]<div class=\"team-member\" data-style=\"bio_fullscreen\">\n    \t<div class=\"team-member-image\"><img loading=\"lazy\" decoding=\"async\" src=\"https:\/\/cityofmercy.lt\/wp-content\/uploads\/2017\/12\/Raimundas-\u0160akalys-copy-500x500.jpg\" alt=\"\" width=\"500\" height=\"500\" \/><\/div>\n    \t<div class=\"team-member-overlay\"><\/div>\n    \t<div class=\"team-meta\"><h3>Raimundas \u0160akalys<\/h3><p>LT, RU<\/p><div class=\"arrow-end fa fa-angle-right\"><\/div><div class=\"arrow-line\"><\/div><\/div>\n    \t<div class=\"nectar_team_bio_img\" data-img-src=\"https:\/\/cityofmercy.lt\/wp-content\/uploads\/2017\/12\/Raimundas-\u0160akalys-copy.jpg\"><\/div>\n    \t<div class=\"nectar_team_bio\">Spojrzenie na Wilno:<br \/>\nJest kilka miejsc, z kt\u00f3rych dobrze wida\u0107, jak pi\u0119kne jest Wilno. To \u2013 G\u00f3ra Trzech Krzy\u017cy, dach Ko\u015bcio\u0142a Bernardyn\u00f3w, Bastion Artyleryjski na G\u00f3rze Zbawiciela.<div class=\"bottom_meta\"><a href=\"mailto:raimulis@gmail.com\" target=\"_blank\"><i class=\"icon-default-style fa fa-envelope\"><\/i><\/a><\/div><\/div>\n    \t<\/div>[\/vc_column_inner][vc_column_inner column_padding=&#8221;no-extra-padding&#8221; column_padding_position=&#8221;all&#8221; background_color_opacity=&#8221;1&#8243; background_hover_color_opacity=&#8221;1&#8243; column_shadow=&#8221;none&#8221; column_border_radius=&#8221;none&#8221; width=&#8221;1\/6&#8243; column_border_width=&#8221;none&#8221; column_border_style=&#8221;solid&#8221;][\/vc_column_inner][\/vc_row_inner][\/vc_column][\/vc_row][vc_column column_padding=&#8221;no-extra-padding&#8221; column_padding_position=&#8221;all&#8221; background_color_opacity=&#8221;1&#8243; background_hover_color_opacity=&#8221;1&#8243; column_shadow=&#8221;none&#8221; column_border_radius=&#8221;none&#8221; width=&#8221;1\/1&#8243; tablet_text_alignment=&#8221;default&#8221; phone_text_alignment=&#8221;default&#8221; column_border_width=&#8221;none&#8221; column_border_style=&#8221;solid&#8221;][\/vc_column][vc_column_inner column_padding=&#8221;no-extra-padding&#8221; column_padding_position=&#8221;all&#8221; background_color_opacity=&#8221;1&#8243; background_hover_color_opacity=&#8221;1&#8243; column_shadow=&#8221;none&#8221; column_border_radius=&#8221;none&#8221; width=&#8221;1\/2&#8243; column_border_width=&#8221;none&#8221; column_border_style=&#8221;solid&#8221;][\/vc_column_inner][vc_column_inner column_padding=&#8221;no-extra-padding&#8221; column_padding_position=&#8221;all&#8221; background_color_opacity=&#8221;1&#8243; background_hover_color_opacity=&#8221;1&#8243; column_shadow=&#8221;none&#8221; column_border_radius=&#8221;none&#8221; width=&#8221;1\/2&#8243; column_border_width=&#8221;none&#8221; column_border_style=&#8221;solid&#8221;][\/vc_column_inner]\n","protected":false},"excerpt":{"rendered":"<p>[vc_row type=&#8221;in_container&#8221; full_screen_row_position=&#8221;middle&#8221; scene_position=&#8221;center&#8221; text_color=&#8221;dark&#8221; text_align=&#8221;left&#8221; top_padding=&#8221;5%&#8221; id=&#8221;Guides&#8221; overlay_strength=&#8221;0.3&#8243; shape_divider_position=&#8221;bottom&#8221; shape_type=&#8221;&#8221;][vc_column centered_text=&#8221;true&#8230;<\/p>\n","protected":false},"author":6,"featured_media":0,"parent":49,"menu_order":0,"comment_status":"closed","ping_status":"closed","template":"","meta":{"footnotes":""},"class_list":["post-6835","page","type-page","status-publish","hentry"],"_links":{"self":[{"href":"https:\/\/cityofmercy.lt\/pl_PL\/wp-json\/wp\/v2\/pages\/6835","targetHints":{"allow":["GET"]}}],"collection":[{"href":"https:\/\/cityofmercy.lt\/pl_PL\/wp-json\/wp\/v2\/pages"}],"about":[{"href":"https:\/\/cityofmercy.lt\/pl_PL\/wp-json\/wp\/v2\/types\/page"}],"author":[{"embeddable":true,"href":"https:\/\/cityofmercy.lt\/pl_PL\/wp-json\/wp\/v2\/users\/6"}],"replies":[{"embeddable":true,"href":"https:\/\/cityofmercy.lt\/pl_PL\/wp-json\/wp\/v2\/comments?post=6835"}],"version-history":[{"count":18,"href":"https:\/\/cityofmercy.lt\/pl_PL\/wp-json\/wp\/v2\/pages\/6835\/revisions"}],"predecessor-version":[{"id":8069,"href":"https:\/\/cityofmercy.lt\/pl_PL\/wp-json\/wp\/v2\/pages\/6835\/revisions\/8069"}],"up":[{"embeddable":true,"href":"https:\/\/cityofmercy.lt\/pl_PL\/wp-json\/wp\/v2\/pages\/49"}],"wp:attachment":[{"href":"https:\/\/cityofmercy.lt\/pl_PL\/wp-json\/wp\/v2\/media?parent=6835"}],"curies":[{"name":"wp","href":"https:\/\/api.w.org\/{rel}","templated":true}]}}