{"id":178,"date":"2017-11-30T16:28:23","date_gmt":"2017-11-30T16:28:23","guid":{"rendered":"http:\/\/cityofmercy.lt\/?page_id=178"},"modified":"2021-01-25T06:46:09","modified_gmt":"2021-01-25T06:46:09","slug":"sv-kazimiero-svente","status":"publish","type":"page","link":"https:\/\/cityofmercy.lt\/pl_PL\/renginiai\/sv-kazimiero-svente\/","title":{"rendered":"\u015awi\u0119to \u015bw. Kazimierza"},"content":{"rendered":"[vc_row type=&#8221;in_container&#8221; full_screen_row_position=&#8221;middle&#8221; scene_position=&#8221;center&#8221; text_color=&#8221;dark&#8221; text_align=&#8221;left&#8221; overlay_strength=&#8221;0.3&#8243; shape_divider_position=&#8221;bottom&#8221;][vc_column centered_text=&#8221;true&#8221; column_padding=&#8221;no-extra-padding&#8221; column_padding_position=&#8221;all&#8221; background_color_opacity=&#8221;1&#8243; background_hover_color_opacity=&#8221;1&#8243; column_shadow=&#8221;none&#8221; column_border_radius=&#8221;none&#8221; width=&#8221;1\/1&#8243; tablet_text_alignment=&#8221;default&#8221; phone_text_alignment=&#8221;default&#8221; column_border_width=&#8221;none&#8221; column_border_style=&#8221;solid&#8221;][vc_column_text]\n<h4><strong>\u015awi\u0119to \u015bw. Kazimierza.<\/strong> Moja duszo niespokojna, r\u00f3\u017cami uwie\u0144cz skro\u0144 Maryi.<\/h4>\n[\/vc_column_text]<div class=\"divider-wrap\"><div style=\"margin-top: 25px; height: 1px; margin-bottom: 25px;\" data-width=\"100%\" data-animate=\"\" data-animation-delay=\"\" data-color=\"default\" class=\"divider-border\"><\/div><\/div>[\/vc_column][\/vc_row][vc_row type=&#8221;in_container&#8221; full_screen_row_position=&#8221;middle&#8221; scene_position=&#8221;center&#8221; text_color=&#8221;dark&#8221; text_align=&#8221;left&#8221; overlay_strength=&#8221;0.3&#8243; shape_divider_position=&#8221;bottom&#8221;][vc_column column_padding=&#8221;no-extra-padding&#8221; column_padding_position=&#8221;all&#8221; background_color_opacity=&#8221;1&#8243; background_hover_color_opacity=&#8221;1&#8243; column_shadow=&#8221;none&#8221; column_border_radius=&#8221;none&#8221; width=&#8221;1\/1&#8243; tablet_text_alignment=&#8221;default&#8221; phone_text_alignment=&#8221;default&#8221; column_border_width=&#8221;none&#8221; column_border_style=&#8221;solid&#8221;][vc_row_inner column_margin=&#8221;default&#8221; text_align=&#8221;left&#8221;][vc_column_inner column_padding=&#8221;no-extra-padding&#8221; column_padding_position=&#8221;all&#8221; background_color_opacity=&#8221;1&#8243; background_hover_color_opacity=&#8221;1&#8243; column_shadow=&#8221;none&#8221; column_border_radius=&#8221;none&#8221; width=&#8221;1\/2&#8243; column_border_width=&#8221;none&#8221; column_border_style=&#8221;solid&#8221;]<div class=\"img-with-aniamtion-wrap \" data-max-width=\"100%\" data-border-radius=\"none\"><div class=\"inner\"><img loading=\"lazy\" decoding=\"async\" data-shadow=\"none\" data-shadow-direction=\"middle\" class=\"img-with-animation \" data-delay=\"0\" height=\"667\" width=\"1000\" data-animation=\"fade-in\" src=\"https:\/\/cityofmercy.lt\/wp-content\/uploads\/2017\/12\/Kazimieras-II-copy.jpg\" srcset=\"https:\/\/cityofmercy.lt\/wp-content\/uploads\/2017\/12\/Kazimieras-II-copy.jpg 1000w, https:\/\/cityofmercy.lt\/wp-content\/uploads\/2017\/12\/Kazimieras-II-copy-300x200.jpg 300w, https:\/\/cityofmercy.lt\/wp-content\/uploads\/2017\/12\/Kazimieras-II-copy-768x512.jpg 768w, https:\/\/cityofmercy.lt\/wp-content\/uploads\/2017\/12\/Kazimieras-II-copy-900x600.jpg 900w\" sizes=\"auto, 100vw\" alt=\"St. Casimir in Vilnius\" \/><\/div><\/div><div class=\"divider-wrap\"><div style=\"height: 20px;\" class=\"divider\"><\/div><\/div>[\/vc_column_inner][vc_column_inner column_padding=&#8221;no-extra-padding&#8221; column_padding_position=&#8221;all&#8221; background_color_opacity=&#8221;1&#8243; background_hover_color_opacity=&#8221;1&#8243; column_shadow=&#8221;none&#8221; column_border_radius=&#8221;none&#8221; width=&#8221;1\/2&#8243; column_border_width=&#8221;none&#8221; column_border_style=&#8221;solid&#8221;]<div class=\"iwithtext\"><div class=\"iwt-icon\"> <i class=\"icon-default-style icon-map-marker accent-color\"><\/i> <\/div><div class=\"iwt-text\"> <a href=\"https:\/\/www.google.com\/maps\/place\/Vilniaus+katedra\/@54.6858486,25.2855455,17z\/data=!3m1!4b1!4m5!3m4!1s0x46dd941734223bd9:0xb3b1c213c35f7e61!8m2!3d54.6858486!4d25.2877342\">Bazylika Archikatedralna<\/a>\u00a0i inne miejsca w Wilnie <\/div><div class=\"clear\"><\/div><\/div><div class=\"divider-wrap\"><div style=\"height: 10px;\" class=\"divider\"><\/div><\/div><div class=\"iwithtext\"><div class=\"iwt-icon\"> <i class=\"icon-default-style icon-calendar accent-color\"><\/i> <\/div><div class=\"iwt-text\"> Dnia 4 marca <\/div><div class=\"clear\"><\/div><\/div><div class=\"divider-wrap\"><div style=\"margin-top: 15px; width: 20%px; height: 1px; margin-bottom: 15px;\" data-width=\"20%\" data-animate=\"\" data-animation-delay=\"\" data-color=\"accent-color\" class=\"divider-small-border\"><\/div><\/div>[vc_column_text]\n<p style=\"text-align: justify;\">\u015aw. Kazimierz \u2013 syn Wielkiego Ksi\u0119cia Litewskiego i Kr\u00f3la Polski Kazimierza. Zosta\u0142 og\u0142oszony\u00a0patronem Litwy, a tak\u017ce m\u0142odzie\u017cy litewskiej i polskiej. Za swojego patrona uznaje go r\u00f3wnie\u017c\u00a0Neapol, Zakon Kawaler\u00f3w Malta\u0144skich, kt\u00f3rzy walczyli z tureckimi muzu\u0142manami w basenie Morza\u00a0\u015ar\u00f3dziemnego. W Wenezueli jest miasteczko \u015bw. Kazimierza, ko\u015bci\u00f3\u0142 i parafia pod jego wezwaniem.\u00a0Jest on przedstawiany jako wz\u00f3r \u015bwi\u0119tego dla m\u0142odego cz\u0142owieka, ze wzgl\u0119du na swoj\u0105 m\u0105dro\u015b\u0107,\u00a0sprawiedliwo\u015b\u0107, wra\u017cliwo\u015b\u0107, nieskazitelno\u015b\u0107.<\/p>\n<p style=\"text-align: justify;\">Ksi\u0105\u017c\u0119 Kazimierz zmar\u0142 4 marca 1484 r., w wieku 26 lat, na zamku w Grodnie, nale\u017c\u0105cym do Wielkiego\u00a0Ksi\u0119stwa Litewskiego. Zosta\u0142 pochowany w kr\u00f3lewskiej kaplicy Katedry Wile\u0144skiej. Nied\u0142ugo po jego\u00a0\u015bmierci, zacz\u0119\u0142y nap\u0142ywa\u0107 wiadomo\u015bci o cudach, doznawanych podczas modlitwy przy grobie\u00a0\u015bw. Kazimierza. Mimo, \u017ce ca\u0142y proces kanonizacyjny przebiega\u0142 poprawnie, og\u0142oszenie go \u015bwi\u0119tym nie\u00a0by\u0142o wcale takie proste. W 1521 r., na rok przed og\u0142oszeniem ksi\u0119cia Kazimierza \u015bwi\u0119tym, zmar\u0142\u00a0papie\u017c Leon X. Przypuszcza si\u0119, \u017ce dokumenty kanonizacyjne przepad\u0142y w czasie, gdy w 1527 r.\u00a0wojska imperatora Karola V pustoszy\u0142y Rzym. Mimo wszystko, kanonizacj\u0119 ksi\u0119cia Kazimierza uznano\u00a0za dokonan\u0105 w 1521 r., gdy\u017c wiadomo by\u0142o, \u017ce papie\u017c Leon X przysta\u0142 na og\u0142oszenie Kazimierza\u00a0\u015bwi\u0119tym i zaliczenie go do grona \u015bwi\u0119tych \u2013 nie odby\u0142a si\u0119 jedynie uroczysto\u015b\u0107 kanonizacyjna.<\/p>\n<p style=\"text-align: justify;\">Uroczysto\u015b\u0107 mia\u0142a miejsce dopiero w 1604 r., na podstawie brewe wydanego przez papie\u017ca Klemensa\u00a0VIII dnia 7 listopada 1604 r. \u0179r\u00f3d\u0142a pisane podaj\u0105, i\u017c Wilno w szczeg\u00f3lny spos\u00f3b przygotowywa\u0142o si\u0119\u00a0na \u015bwi\u0119to, nie tylko tworzono poematy, przemowy, malowano obrazy, strugano rze\u017aby, ale tak\u017ce\u00a0budowano \u0142uki i bramy, przy drogach sadzono drzewa. W dniu, w kt\u00f3rym mia\u0142a odby\u0107 si\u0119 uroczysto\u015b\u0107, zacz\u0119\u0142o mocno pada\u0107, jednak zdarzy\u0142 si\u0119 cud, gdy\u017c na samej ceremonii przesta\u0142o pada\u0107, a po\u00a0wszystkim ponownie lun\u0119\u0142o.<\/p>\n<p>Wi\u0119cej informacji o \u015bw. Kazimierzu znajdziesz w cz\u0119\u015bci <a href=\"http:\/\/cityofmercy.lt\/lt_LT\/marsrutai\/vilniaus-sventieji\/\">Szlak \u015awi\u0119tych Wile\u0144skich<\/a>[\/vc_column_text][\/vc_column_inner][\/vc_row_inner][\/vc_column][\/vc_row][vc_row type=&#8221;in_container&#8221; full_screen_row_position=&#8221;middle&#8221; scene_position=&#8221;center&#8221; text_color=&#8221;dark&#8221; text_align=&#8221;left&#8221; overlay_strength=&#8221;0.3&#8243; shape_divider_position=&#8221;bottom&#8221;][vc_column column_padding=&#8221;no-extra-padding&#8221; column_padding_position=&#8221;all&#8221; background_color_opacity=&#8221;1&#8243; background_hover_color_opacity=&#8221;1&#8243; column_shadow=&#8221;none&#8221; column_border_radius=&#8221;none&#8221; width=&#8221;1\/1&#8243; tablet_text_alignment=&#8221;default&#8221; phone_text_alignment=&#8221;default&#8221; column_border_width=&#8221;none&#8221; column_border_style=&#8221;solid&#8221;]<div class=\"divider-wrap\"><div style=\"height: 200px;\" class=\"divider\"><\/div><\/div>[\/vc_column][\/vc_row]\n","protected":false},"excerpt":{"rendered":"<p>[vc_row type=&#8221;in_container&#8221; full_screen_row_position=&#8221;middle&#8221; scene_position=&#8221;center&#8221; text_color=&#8221;dark&#8221; text_align=&#8221;left&#8221; overlay_strength=&#8221;0.3&#8243; shape_divider_position=&#8221;bottom&#8221;][vc_column centered_text=&#8221;true&#8221; column_padding=&#8221;no-extra-padding&#8221; column_&#8230;<\/p>\n","protected":false},"author":2,"featured_media":0,"parent":51,"menu_order":0,"comment_status":"closed","ping_status":"closed","template":"","meta":{"footnotes":""},"class_list":["post-178","page","type-page","status-publish","hentry"],"_links":{"self":[{"href":"https:\/\/cityofmercy.lt\/pl_PL\/wp-json\/wp\/v2\/pages\/178","targetHints":{"allow":["GET"]}}],"collection":[{"href":"https:\/\/cityofmercy.lt\/pl_PL\/wp-json\/wp\/v2\/pages"}],"about":[{"href":"https:\/\/cityofmercy.lt\/pl_PL\/wp-json\/wp\/v2\/types\/page"}],"author":[{"embeddable":true,"href":"https:\/\/cityofmercy.lt\/pl_PL\/wp-json\/wp\/v2\/users\/2"}],"replies":[{"embeddable":true,"href":"https:\/\/cityofmercy.lt\/pl_PL\/wp-json\/wp\/v2\/comments?post=178"}],"version-history":[{"count":28,"href":"https:\/\/cityofmercy.lt\/pl_PL\/wp-json\/wp\/v2\/pages\/178\/revisions"}],"predecessor-version":[{"id":5928,"href":"https:\/\/cityofmercy.lt\/pl_PL\/wp-json\/wp\/v2\/pages\/178\/revisions\/5928"}],"up":[{"embeddable":true,"href":"https:\/\/cityofmercy.lt\/pl_PL\/wp-json\/wp\/v2\/pages\/51"}],"wp:attachment":[{"href":"https:\/\/cityofmercy.lt\/pl_PL\/wp-json\/wp\/v2\/media?parent=178"}],"curies":[{"name":"wp","href":"https:\/\/api.w.org\/{rel}","templated":true}]}}