{"id":174,"date":"2017-11-30T16:26:22","date_gmt":"2017-11-30T16:26:22","guid":{"rendered":"http:\/\/cityofmercy.lt\/?page_id=174"},"modified":"2021-01-25T06:51:28","modified_gmt":"2021-01-25T06:51:28","slug":"sekmines-vilniaus-kalvarijose","status":"publish","type":"page","link":"https:\/\/cityofmercy.lt\/pl_PL\/renginiai\/sekmines-vilniaus-kalvarijose\/","title":{"rendered":"Zielone \u015awi\u0105tki w Kalwarii Wile\u0144skiej"},"content":{"rendered":"[vc_row type=&#8221;in_container&#8221; full_screen_row_position=&#8221;middle&#8221; scene_position=&#8221;center&#8221; text_color=&#8221;dark&#8221; text_align=&#8221;left&#8221; overlay_strength=&#8221;0.3&#8243; shape_divider_position=&#8221;bottom&#8221;][vc_column centered_text=&#8221;true&#8221; column_padding=&#8221;no-extra-padding&#8221; column_padding_position=&#8221;all&#8221; background_color_opacity=&#8221;1&#8243; background_hover_color_opacity=&#8221;1&#8243; column_shadow=&#8221;none&#8221; column_border_radius=&#8221;none&#8221; width=&#8221;1\/1&#8243; tablet_text_alignment=&#8221;default&#8221; phone_text_alignment=&#8221;default&#8221; column_border_width=&#8221;none&#8221; column_border_style=&#8221;solid&#8221;][vc_column_text]\n<h4><strong>Zielone \u015awi\u0105tki w Kalwarii Wile\u0144skiej. <\/strong>Przyjd\u017a i rozlewaj si\u0119 Duchu.<\/h4>\n[\/vc_column_text]<div class=\"divider-wrap\"><div style=\"margin-top: 25px; height: 1px; margin-bottom: 25px;\" data-width=\"100%\" data-animate=\"\" data-animation-delay=\"\" data-color=\"default\" class=\"divider-border\"><\/div><\/div>[\/vc_column][\/vc_row][vc_row type=&#8221;in_container&#8221; full_screen_row_position=&#8221;middle&#8221; scene_position=&#8221;center&#8221; text_color=&#8221;dark&#8221; text_align=&#8221;left&#8221; overlay_strength=&#8221;0.3&#8243; shape_divider_position=&#8221;bottom&#8221;][vc_column column_padding=&#8221;no-extra-padding&#8221; column_padding_position=&#8221;all&#8221; background_color_opacity=&#8221;1&#8243; background_hover_color_opacity=&#8221;1&#8243; column_shadow=&#8221;none&#8221; column_border_radius=&#8221;none&#8221; width=&#8221;1\/1&#8243; tablet_text_alignment=&#8221;default&#8221; phone_text_alignment=&#8221;default&#8221; column_border_width=&#8221;none&#8221; column_border_style=&#8221;solid&#8221;][vc_row_inner column_margin=&#8221;default&#8221; text_align=&#8221;left&#8221;][vc_column_inner column_padding=&#8221;no-extra-padding&#8221; column_padding_position=&#8221;all&#8221; background_color_opacity=&#8221;1&#8243; background_hover_color_opacity=&#8221;1&#8243; column_shadow=&#8221;none&#8221; column_border_radius=&#8221;none&#8221; width=&#8221;1\/2&#8243; column_border_width=&#8221;none&#8221; column_border_style=&#8221;solid&#8221;]<div class=\"img-with-aniamtion-wrap \" data-max-width=\"100%\" data-border-radius=\"none\"><div class=\"inner\"><img loading=\"lazy\" decoding=\"async\" data-shadow=\"none\" data-shadow-direction=\"middle\" class=\"img-with-animation \" data-delay=\"0\" height=\"619\" width=\"900\" data-animation=\"fade-in\" src=\"https:\/\/cityofmercy.lt\/wp-content\/uploads\/2017\/12\/sekmines_dainiaus-Tunk\u016bno_bernardinai-copy.jpg\" srcset=\"https:\/\/cityofmercy.lt\/wp-content\/uploads\/2017\/12\/sekmines_dainiaus-Tunk\u016bno_bernardinai-copy.jpg 900w, https:\/\/cityofmercy.lt\/wp-content\/uploads\/2017\/12\/sekmines_dainiaus-Tunk\u016bno_bernardinai-copy-300x206.jpg 300w, https:\/\/cityofmercy.lt\/wp-content\/uploads\/2017\/12\/sekmines_dainiaus-Tunk\u016bno_bernardinai-copy-768x528.jpg 768w\" sizes=\"auto, 100vw\" alt=\"Pentecost in Vilnius\" \/><\/div><\/div><div class=\"divider-wrap\"><div style=\"height: 20px;\" class=\"divider\"><\/div><\/div>[\/vc_column_inner][vc_column_inner column_padding=&#8221;no-extra-padding&#8221; column_padding_position=&#8221;all&#8221; background_color_opacity=&#8221;1&#8243; background_hover_color_opacity=&#8221;1&#8243; column_shadow=&#8221;none&#8221; column_border_radius=&#8221;none&#8221; width=&#8221;1\/2&#8243; column_border_width=&#8221;none&#8221; column_border_style=&#8221;solid&#8221;]<div class=\"iwithtext\"><div class=\"iwt-icon\"> <i class=\"icon-default-style icon-map-marker accent-color\"><\/i> <\/div><div class=\"iwt-text\"> <a href=\"https:\/\/www.google.com\/maps\/place\/Vilniaus+(Kalvarijos)+\u0160v.+Kry\u017eiaus+Atradimo+parapija,+ba\u017eny\u010dia\/@54.7403298,25.2770617,17z\/data=!3m1!4b1!4m5!3m4!1s0x46dd91237808609f:0x189b02593a1e4789!8m2!3d54.7403298!4d25.2792504\">Ko\u015bci\u00f3\u0142 Znalezienia Krzy\u017ca \u015awi\u0119tego<\/a> <\/div><div class=\"clear\"><\/div><\/div><div class=\"divider-wrap\"><div style=\"height: 10px;\" class=\"divider\"><\/div><\/div><div class=\"iwithtext\"><div class=\"iwt-icon\"> <i class=\"icon-default-style icon-calendar accent-color\"><\/i> <\/div><div class=\"iwt-text\"> Si\u00f3dma niedziela po Wielkanocy <\/div><div class=\"clear\"><\/div><\/div><div class=\"divider-wrap\"><div style=\"margin-top: 15px; width: 20%px; height: 1px; margin-bottom: 15px;\" data-width=\"20%\" data-animate=\"\" data-animation-delay=\"\" data-color=\"accent-color\" class=\"divider-small-border\"><\/div><\/div>[vc_column_text]\n<p style=\"text-align: justify;\">Wierni wsp\u00f3lnie przemierzaj\u0105 \u015bcie\u017cki Drogi Krzy\u017cowej w Kalwarii Wile\u0144skiej (pocz\u0105tek od Kaplicy Matki Bo\u017cej\u00a0Bolesnej, obok parkingu) w Wielki Pi\u0105tek,\u00a0 codziennie przez ca\u0142y tydzie\u0144 przed Zielonymi \u015awi\u0105tkami, oraz w pierwsze pi\u0105tki miesi\u0105ca (od maja do wrze\u015bnia). Wi\u0119cej informacji w j\u0119zyku polskim mo\u017cna znale\u017a\u0107 <a href=\"https:\/\/vilniauskalvarijos.lt\/?lang=pl\">tutaj.<\/a><\/p>\n<p style=\"text-align: justify;\"><a href=\"https:\/\/cityofmercy.lt\/pl_PL\/marsrutai\/vilniaus-kalvariju-kryziaus-kelias\/\" target=\"_blank\" rel=\"noopener\">Droga Krzy\u017cowa w Kalwarii Wile\u0144skiej<\/a> zosta\u0142a oficjalnie po\u015bwi\u0119cona w 1669 r. podczas Zielonych\u00a0\u015awi\u0105tek, w podzi\u0119ce Bogu za zwyci\u0119stwo nad wojskiem carskiej Rosji, kt\u00f3re przez wiele lat pustoszy\u0142o\u00a0Wilno i okolice. Dominikanie z klasztoru Ducha \u015awi\u0119tego w Wilnie, piel\u0119gnuj\u0105cy to miejsce, wspierani\u00a0przez mo\u017cnow\u0142adc\u00f3w i wznios\u0142ych duchownych, w 1772 r. zbudowali tu <a href=\"https:\/\/cityofmercy.lt\/pl_PL\/objektai\/vilniaus-kalvariju-sv-kryziaus-atradimo-baznycia\/\" target=\"_blank\" rel=\"noopener\">Ko\u015bci\u00f3\u0142 Znalezienia Krzy\u017ca\u00a0\u015awi\u0119tego<\/a> i 20 nowych kaplic. Podczas budowy starano si\u0119 uwzgl\u0119dni\u0107 topografi\u0119 Jerozolimy,\u00a0koncepcj\u0119 cz\u0119\u015bci Jerozolimy wzgl\u0119dem pa\u0144stw \u015bwiata. Odleg\u0142o\u015bci pomi\u0119dzy stacjami by\u0142y mierzone w\u00a0krokach jednocze\u015bnie zachowuj\u0105c odleg\u0142o\u015bci mi\u0119dzy ulicami Jerozolimy. Do XX w. kompleks rzadko\u00a0ulega\u0142 zmianom. Wi\u0119cej szk\u00f3d dokona\u0142a tylko armia napoleo\u0144ska i okres komunizmu. Na rozkaz\u00a0w\u0142adz radzieckich w 1962 r. w ci\u0105gu jednej nocy wysadzono niemal wszystkie stacje Drogi Krzy\u017cowej,\u00a0nie powstrzyma\u0142o to jednak przed piel\u0119gnowaniem kultu M\u0119ki Pa\u0144skiej. Drog\u0119 Krzy\u017cow\u0105 przemierzali\u00a0cz\u0142onkowie potajemnych wsp\u00f3lnot zakonnych i grupy wiernych. Odbudow\u0119 stacji Drogi Krzy\u017cowej\u00a0rozpocz\u0119to jedynie po odzyskaniu przez Litw\u0119 niepodleg\u0142o\u015bci i zako\u0144czono w 2002 r. D\u0142ugo\u015b\u0107 obecnej\u00a0Drogi Krzy\u017cowej w Kalwarii wynosi 7 km i sk\u0142ada si\u0119 z 35 stacji.<\/p>\n<p style=\"text-align: justify;\">Ko\u015bci\u00f3\u0142 Znalezienia Krzy\u017ca \u015awi\u0119tego jest kompozycyjnym i ideowym centrum Kalwarii Wile\u0144skiej.\u00a0Wysokie wzg\u00f3rze, na kt\u00f3rym zosta\u0142 wzniesiony Ko\u015bci\u00f3\u0142, w topografii Kalwarii odpowiada G\u00f3rze\u00a0Golgoty. O\u0142tarz Wielki, zwany inaczej o\u0142tarzem Chrystusa Ukrzy\u017cowanego, jest najwa\u017cniejsz\u0105 stacj\u0105\u00a0Drogi Krzy\u017cowej, ku czci \u015bmierci Zbawiciela na krzy\u017cu. Wisz\u0105ca w O\u0142tarzu figura Chrystusa\u00a0Ukrzy\u017cowanego uchodzi w\u015br\u00f3d wiernych za cudown\u0105.<\/p>\n[\/vc_column_text][\/vc_column_inner][\/vc_row_inner][\/vc_column][\/vc_row][vc_row type=&#8221;in_container&#8221; full_screen_row_position=&#8221;middle&#8221; scene_position=&#8221;center&#8221; text_color=&#8221;dark&#8221; text_align=&#8221;left&#8221; overlay_strength=&#8221;0.3&#8243; shape_divider_position=&#8221;bottom&#8221;][vc_column column_padding=&#8221;no-extra-padding&#8221; column_padding_position=&#8221;all&#8221; background_color_opacity=&#8221;1&#8243; background_hover_color_opacity=&#8221;1&#8243; column_shadow=&#8221;none&#8221; column_border_radius=&#8221;none&#8221; width=&#8221;1\/1&#8243; tablet_text_alignment=&#8221;default&#8221; phone_text_alignment=&#8221;default&#8221; column_border_width=&#8221;none&#8221; column_border_style=&#8221;solid&#8221;]<div class=\"divider-wrap\"><div style=\"height: 200px;\" class=\"divider\"><\/div><\/div>[\/vc_column][\/vc_row]\n","protected":false},"excerpt":{"rendered":"<p>[vc_row type=&#8221;in_container&#8221; full_screen_row_position=&#8221;middle&#8221; scene_position=&#8221;center&#8221; text_color=&#8221;dark&#8221; text_align=&#8221;left&#8221; overlay_strength=&#8221;0.3&#8243; shape_divider_position=&#8221;bottom&#8221;][vc_column centered_text=&#8221;true&#8221; column_padding=&#8221;no-extra-padding&#8221; column_&#8230;<\/p>\n","protected":false},"author":2,"featured_media":544,"parent":51,"menu_order":0,"comment_status":"closed","ping_status":"closed","template":"","meta":{"footnotes":""},"class_list":["post-174","page","type-page","status-publish","has-post-thumbnail","hentry"],"_links":{"self":[{"href":"https:\/\/cityofmercy.lt\/pl_PL\/wp-json\/wp\/v2\/pages\/174","targetHints":{"allow":["GET"]}}],"collection":[{"href":"https:\/\/cityofmercy.lt\/pl_PL\/wp-json\/wp\/v2\/pages"}],"about":[{"href":"https:\/\/cityofmercy.lt\/pl_PL\/wp-json\/wp\/v2\/types\/page"}],"author":[{"embeddable":true,"href":"https:\/\/cityofmercy.lt\/pl_PL\/wp-json\/wp\/v2\/users\/2"}],"replies":[{"embeddable":true,"href":"https:\/\/cityofmercy.lt\/pl_PL\/wp-json\/wp\/v2\/comments?post=174"}],"version-history":[{"count":25,"href":"https:\/\/cityofmercy.lt\/pl_PL\/wp-json\/wp\/v2\/pages\/174\/revisions"}],"predecessor-version":[{"id":5932,"href":"https:\/\/cityofmercy.lt\/pl_PL\/wp-json\/wp\/v2\/pages\/174\/revisions\/5932"}],"up":[{"embeddable":true,"href":"https:\/\/cityofmercy.lt\/pl_PL\/wp-json\/wp\/v2\/pages\/51"}],"wp:featuredmedia":[{"embeddable":true,"href":"https:\/\/cityofmercy.lt\/pl_PL\/wp-json\/wp\/v2\/media\/544"}],"wp:attachment":[{"href":"https:\/\/cityofmercy.lt\/pl_PL\/wp-json\/wp\/v2\/media?parent=174"}],"curies":[{"name":"wp","href":"https:\/\/api.w.org\/{rel}","templated":true}]}}