{"id":170,"date":"2017-11-30T16:25:10","date_gmt":"2017-11-30T16:25:10","guid":{"rendered":"http:\/\/cityofmercy.lt\/?page_id=170"},"modified":"2021-01-25T06:42:18","modified_gmt":"2021-01-25T06:42:18","slug":"gailestingumo-savaite","status":"publish","type":"page","link":"https:\/\/cityofmercy.lt\/pl_PL\/renginiai\/gailestingumo-savaite\/","title":{"rendered":"Tydzie\u0144 Mi\u0142osierdzia Bo\u017cego"},"content":{"rendered":"[vc_row type=&#8221;in_container&#8221; full_screen_row_position=&#8221;middle&#8221; scene_position=&#8221;center&#8221; text_color=&#8221;dark&#8221; text_align=&#8221;left&#8221; overlay_strength=&#8221;0.3&#8243; shape_divider_position=&#8221;bottom&#8221;][vc_column centered_text=&#8221;true&#8221; column_padding=&#8221;no-extra-padding&#8221; column_padding_position=&#8221;all&#8221; background_color_opacity=&#8221;1&#8243; background_hover_color_opacity=&#8221;1&#8243; column_shadow=&#8221;none&#8221; column_border_radius=&#8221;none&#8221; width=&#8221;1\/1&#8243; tablet_text_alignment=&#8221;default&#8221; phone_text_alignment=&#8221;default&#8221; column_border_width=&#8221;none&#8221; column_border_style=&#8221;solid&#8221;][vc_column_text]\n<h4><strong>Tydzie\u0144 Mi\u0142osierdzia Bo\u017cego.<\/strong> Bo Jego Mi\u0142osierdzie trwa na wieki.<\/h4>\n[\/vc_column_text]<div class=\"divider-wrap\"><div style=\"margin-top: 25px; height: 1px; margin-bottom: 25px;\" data-width=\"100%\" data-animate=\"\" data-animation-delay=\"\" data-color=\"default\" class=\"divider-border\"><\/div><\/div>[\/vc_column][\/vc_row][vc_row type=&#8221;in_container&#8221; full_screen_row_position=&#8221;middle&#8221; scene_position=&#8221;center&#8221; text_color=&#8221;dark&#8221; text_align=&#8221;left&#8221; overlay_strength=&#8221;0.3&#8243; shape_divider_position=&#8221;bottom&#8221;][vc_column column_padding=&#8221;no-extra-padding&#8221; column_padding_position=&#8221;all&#8221; background_color_opacity=&#8221;1&#8243; background_hover_color_opacity=&#8221;1&#8243; column_shadow=&#8221;none&#8221; column_border_radius=&#8221;none&#8221; width=&#8221;1\/1&#8243; tablet_text_alignment=&#8221;default&#8221; phone_text_alignment=&#8221;default&#8221; column_border_width=&#8221;none&#8221; column_border_style=&#8221;solid&#8221;][vc_row_inner column_margin=&#8221;default&#8221; text_align=&#8221;left&#8221;][vc_column_inner column_padding=&#8221;no-extra-padding&#8221; column_padding_position=&#8221;all&#8221; background_color_opacity=&#8221;1&#8243; background_hover_color_opacity=&#8221;1&#8243; column_shadow=&#8221;none&#8221; column_border_radius=&#8221;none&#8221; width=&#8221;1\/2&#8243; column_border_width=&#8221;none&#8221; column_border_style=&#8221;solid&#8221;]<div class=\"divider-wrap\"><div style=\"height: 20px;\" class=\"divider\"><\/div><\/div>[nectar_video_lightbox link_style=&#8221;play_button_2&#8243; nectar_play_button_color=&#8221;Default-Accent-Color&#8221; image_url=&#8221;250&#8243; hover_effect=&#8221;defaut&#8221; box_shadow=&#8221;none&#8221; border_radius=&#8221;none&#8221; play_button_size=&#8221;default&#8221; video_url=&#8221;https:\/\/www.youtube.com\/watch?v=H6_MsOYQcRI&#8221;][\/vc_column_inner][vc_column_inner column_padding=&#8221;no-extra-padding&#8221; column_padding_position=&#8221;all&#8221; background_color_opacity=&#8221;1&#8243; background_hover_color_opacity=&#8221;1&#8243; column_shadow=&#8221;none&#8221; column_border_radius=&#8221;none&#8221; width=&#8221;1\/2&#8243; column_border_width=&#8221;none&#8221; column_border_style=&#8221;solid&#8221;]<div class=\"iwithtext\"><div class=\"iwt-icon\"> <i class=\"icon-default-style icon-map-marker accent-color\"><\/i> <\/div><div class=\"iwt-text\"> <a href=\"https:\/\/www.google.lt\/maps\/place\/Vilniaus+Dievo+Gailestingumo+\u0161ventov\u0117\/@54.6813517,25.2856062,15z\/data=!4m2!3m1!1s0x0:0xc0282511fc642545?sa=X&amp;ved=0ahUKEwjuv5b7i8nYAhXBFywKHcPOBsgQ_BIIeDAM\">Sanktuarium Mi\u0142osierdzia Bo\u017cego<\/a> <\/div><div class=\"clear\"><\/div><\/div><div class=\"divider-wrap\"><div style=\"height: 10px;\" class=\"divider\"><\/div><\/div><div class=\"iwithtext\"><div class=\"iwt-icon\"> <i class=\"icon-default-style icon-calendar accent-color\"><\/i> <\/div><div class=\"iwt-text\"> \n<p style=\"text-align: justify;\">Wielkanoc rozpoczyna Tydzie\u0144 Mi\u0142osierdzia Bo\u017cego, kt\u00f3ry trwa przez kolejne dni i ko\u0144czy si\u0119 uroczystymi\u00a0obchodami Niedzieli Mi\u0142osierdzia.<\/p>\n <\/div><div class=\"clear\"><\/div><\/div><div class=\"divider-wrap\"><div style=\"margin-top: 15px; width: 20%px; height: 1px; margin-bottom: 15px;\" data-width=\"20%\" data-animate=\"\" data-animation-delay=\"\" data-color=\"accent-color\" class=\"divider-small-border\"><\/div><\/div>[vc_column_text]\n<p style=\"text-align: justify;\">W 1931 r. w P\u0142ocku Jezus po raz pierwszy wspomnia\u0142 s. Faustynie o pragnieniu ustanowienia \u015bwi\u0119ta\u00a0Bo\u017cego Mi\u0142osierdzia: Ja pragn\u0119, aby by\u0142o \u015bwi\u0119to Mi\u0142osierdzia. Chc\u0119, aby ten obraz, kt\u00f3ry wymalujesz\u00a0p\u0119dzlem, \u017ceby by\u0142 uroczy\u015bcie po\u015bwi\u0119cony w pierwsz\u0105 niedziel\u0119 po Wielkanocy, ta niedziela ma by\u0107 \u015bwi\u0119tem Mi\u0142osierdzia (Dz. 49).<\/p>\n<p style=\"text-align: justify;\">Ks. Micha\u0142 Sopo\u0107ko dowiedzia\u0142 si\u0119 o tym \u017c\u0105daniu Pana Jezusa od s. Faustyny w trakcie ich spotkania w\u00a0Wilnie. \u00d3wczesny arcybiskup wile\u0144ski Romuald Ja\u0142brzykowski z wielk\u0105 ostro\u017cno\u015bci\u0105 podchodzi\u0142 do\u00a0objawie\u0144 prywatnych s. Faustyny, nie zezwoli\u0142 na wystawienie Obrazu na publiczn\u0105 cze\u015b\u0107 i obchody\u00a0\u015awi\u0119ta Mi\u0142osierdzia Bo\u017cego. Dopiero w 1935 r. uzyskano zgod\u0119 na wykorzystanie\u00a0 namalowanego Obrazu Jezusa Mi\u0142osiernego, jako ilustracji do kazania ks. Micha\u0142a Sopo\u0107ki\u00a0o Mi\u0142osierdziu Bo\u017cym, w Niedziel\u0119\u00a0Przewodni\u0105. Przyozdobiony zieleni\u0105 przez s. Faustyn\u0119, Obraz zosta\u0142 wystawiony w oknie\u00a0galerii, prowadz\u0105cej do Kaplicy Ostrobramskiej. By\u0142a to pierwsza cze\u015b\u0107, jak\u0105 Obraz ten odebra\u0142 od\u00a0t\u0142um\u00f3w, i pierwsze obchody nieznanej dot\u0105d Niedzieli Mi\u0142osierdzia. Podczas tego nabo\u017ce\u0144stwa \u015bw. Faustyna\u00a0dozna\u0142a widzenia, w kt\u00f3rym obraz szed\u0142 ponad Wilnem, przecina\u0142 wszystkie sieci, okalaj\u0105ce miasto, i\u00a0zakre\u015bla\u0142 du\u017cy znak krzy\u017ca.<\/p>\n<p style=\"text-align: justify;\">W 1946 r., za zgod\u0105 arcybiskupa wile\u0144skiego Mieczys\u0142awa Reinysa,\u00a0<a href=\"https:\/\/cityofmercy.lt\/pl_PL\/objektai\/sv-jono-krikstytojo-ir-sv-jono-evangelisto-ir-apastalo-baznycia\/\" target=\"_blank\" rel=\"noopener\">w Ko\u015bciele \u015bw. Jan\u00f3w<\/a> po raz\u00a0pierwszy odby\u0142y si\u0119 obchody Niedzieli Mi\u0142osierdzia. W 2000 r. \u015bw. Jan Pawe\u0142 II og\u0142osi\u0142, \u017ce odt\u0105d\u00a0pierwsza niedziela po Wielkanocy nosi\u0107 b\u0119dzie nazw\u0119 Niedzieli Mi\u0142osierdzia Bo\u017cego.<\/p>\n<p style=\"text-align: justify;\">Wyb\u00f3r pierwszej niedzieli po Wielkanocy na \u015awi\u0119to Mi\u0142osierdzia wskazuje na \u015bcis\u0142y zwi\u0105zek mi\u0119dzy\u00a0wielkanocn\u0105 tajemnic\u0105 Odkupienia a Mi\u0142osierdziem Bo\u017cym. Zwi\u0105zek ten podkre\u015bla te\u017c odmawiana\u00a0przez dziewi\u0119\u0107 dni Koronka do Mi\u0142osierdzia Bo\u017cego, kt\u00f3ra rozpoczyna si\u0119 w Wielki Pi\u0105tek. Pragn\u0119 \u2013\u00a0rzek\u0142 Jezus \u2013 aby \u015bwi\u0119to Mi\u0142osierdzia by\u0142o ucieczk\u0105 i schronieniem dla wszystkich dusz, a szczeg\u00f3lnie\u00a0dla biednych grzesznik\u00f3w (Dz. 699). Dusze gin\u0105 mimo mojej gorzkiej m\u0119ki. Daj\u0119 im ostatni\u0105 desk\u0119\u00a0ratunku, to jest \u015bwi\u0119to Mi\u0142osierdzia mojego. Je\u017celi nie uwielbi\u0105 mi\u0142osierdzia mojego, zgin\u0105 na wieki\u00a0(Dz. 965).<\/p>\n<p style=\"text-align: justify;\">W dniu tym otwarte s\u0105 wn\u0119trzno\u015bci mi\u0142osierdzia mego, wylewam ca\u0142e morze \u0142ask na dusze, kt\u00f3re si\u0119\u00a0zbli\u017c\u0105 do \u017ar\u00f3d\u0142a mi\u0142osierdzia mojego; [\u2026] niech si\u0119 nie l\u0119ka zbli\u017cy\u0107 do mnie \u017cadna dusza, chocia\u017cby\u00a0grzechy jej by\u0142y jako szkar\u0142at (Dz. 699).<\/p>\n<p style=\"text-align: justify;\">Chc\u0105c do\u015bwiadczy\u0107 \u0142ask Bo\u017cego Mi\u0142osierdzia, nale\u017cy spe\u0142ni\u0107 warunki pobo\u017cnych praktyk ku czci\u00a0Bo\u017cego Mi\u0142osierdzia (ufno\u015b\u0107 w Boga i uczynki mi\u0142osierdzia wobec bliskich, wyra\u017cone s\u0142owem i\u00a0modlitw\u0105), p\u00f3j\u015b\u0107 do spowiedzi lub by\u0107 w stanie \u0142aski u\u015bwi\u0119caj\u0105cej i przyj\u0105\u0107 Komuni\u0119 \u015awi\u0119t\u0105.<\/p>\n<p style=\"text-align: justify;\">Dzisiaj podczas Tygodnia Mi\u0142osierdzia Bo\u017cego w Wilnie w <a href=\"https:\/\/cityofmercy.lt\/pl_PL\/objektai\/dievo-gailestingumo-sventove\/\" target=\"_blank\" rel=\"noopener\">Sanktuarium Mi\u0142osierdzia Bo\u017cego<\/a> modli si\u0119\u00a0rzesza pielgrzym\u00f3w z ca\u0142ej Litwy i ze \u015bwiata. Msza \u015bwi\u0119ta w Niedziel\u0119 Mi\u0142osierdzia transmitowana jest\u00a0w j\u0119zyku angielskim przez EWTN telewizj\u0119 w 80 krajach \u015bwiata. W przeddzie\u0144 Niedzieli Mi\u0142osierdzia w\u00a0Wilnie odbywa si\u0119 Ekumeniczna Droga \u015awiat\u0142a od <a href=\"https:\/\/cityofmercy.lt\/pl_PL\/objektai\/ausros-vartai\/\" target=\"_blank\" rel=\"noopener\">Kaplicy Ostrobramskiej Matki Mi\u0142osierdzia<\/a> do\u00a0Sanktuarium Mi\u0142osierdzia Bo\u017cego przypominaj\u0105ca, \u017ce, bez wzgl\u0119du na wszelkie r\u00f3\u017cnice zaistnia\u0142e w\u00a0historii Chrze\u015bcija\u0144stwa, wszystkich nas \u0142\u0105czy Mi\u0142osierdzie Bo\u017ce i pragnienie Jego doznania.<\/p>\n[\/vc_column_text]<div class=\"divider-wrap\"><div style=\"height: 30px;\" class=\"divider\"><\/div><\/div>[\/vc_column_inner][\/vc_row_inner][\/vc_column][\/vc_row][vc_row type=&#8221;in_container&#8221; full_screen_row_position=&#8221;middle&#8221; scene_position=&#8221;center&#8221; text_color=&#8221;dark&#8221; text_align=&#8221;left&#8221; overlay_strength=&#8221;0.3&#8243; shape_divider_position=&#8221;bottom&#8221;][vc_column column_padding=&#8221;no-extra-padding&#8221; column_padding_position=&#8221;all&#8221; background_color_opacity=&#8221;1&#8243; background_hover_color_opacity=&#8221;1&#8243; column_shadow=&#8221;none&#8221; column_border_radius=&#8221;none&#8221; width=&#8221;1\/1&#8243; tablet_text_alignment=&#8221;default&#8221; phone_text_alignment=&#8221;default&#8221; column_border_width=&#8221;none&#8221; column_border_style=&#8221;solid&#8221;]<div class=\"divider-wrap\"><div style=\"height: 200px;\" class=\"divider\"><\/div><\/div>[\/vc_column][\/vc_row]\n","protected":false},"excerpt":{"rendered":"<p>[vc_row type=&#8221;in_container&#8221; full_screen_row_position=&#8221;middle&#8221; scene_position=&#8221;center&#8221; text_color=&#8221;dark&#8221; text_align=&#8221;left&#8221; overlay_strength=&#8221;0.3&#8243; shape_divider_position=&#8221;bottom&#8221;][vc_column centered_text=&#8221;true&#8221; column_padding=&#8221;no-extra-padding&#8221; column_&#8230;<\/p>\n","protected":false},"author":2,"featured_media":329,"parent":51,"menu_order":0,"comment_status":"closed","ping_status":"closed","template":"","meta":{"footnotes":""},"class_list":["post-170","page","type-page","status-publish","has-post-thumbnail","hentry"],"_links":{"self":[{"href":"https:\/\/cityofmercy.lt\/pl_PL\/wp-json\/wp\/v2\/pages\/170","targetHints":{"allow":["GET"]}}],"collection":[{"href":"https:\/\/cityofmercy.lt\/pl_PL\/wp-json\/wp\/v2\/pages"}],"about":[{"href":"https:\/\/cityofmercy.lt\/pl_PL\/wp-json\/wp\/v2\/types\/page"}],"author":[{"embeddable":true,"href":"https:\/\/cityofmercy.lt\/pl_PL\/wp-json\/wp\/v2\/users\/2"}],"replies":[{"embeddable":true,"href":"https:\/\/cityofmercy.lt\/pl_PL\/wp-json\/wp\/v2\/comments?post=170"}],"version-history":[{"count":44,"href":"https:\/\/cityofmercy.lt\/pl_PL\/wp-json\/wp\/v2\/pages\/170\/revisions"}],"predecessor-version":[{"id":6106,"href":"https:\/\/cityofmercy.lt\/pl_PL\/wp-json\/wp\/v2\/pages\/170\/revisions\/6106"}],"up":[{"embeddable":true,"href":"https:\/\/cityofmercy.lt\/pl_PL\/wp-json\/wp\/v2\/pages\/51"}],"wp:featuredmedia":[{"embeddable":true,"href":"https:\/\/cityofmercy.lt\/pl_PL\/wp-json\/wp\/v2\/media\/329"}],"wp:attachment":[{"href":"https:\/\/cityofmercy.lt\/pl_PL\/wp-json\/wp\/v2\/media?parent=170"}],"curies":[{"name":"wp","href":"https:\/\/api.w.org\/{rel}","templated":true}]}}