{"id":167,"date":"2017-11-30T16:24:17","date_gmt":"2017-11-30T16:24:17","guid":{"rendered":"http:\/\/cityofmercy.lt\/?page_id=167"},"modified":"2021-01-25T06:48:00","modified_gmt":"2021-01-25T06:48:00","slug":"ausros-vartu-gailestingumo-motinos-globos-atlaidai","status":"publish","type":"page","link":"https:\/\/cityofmercy.lt\/pl_PL\/renginiai\/ausros-vartu-gailestingumo-motinos-globos-atlaidai\/","title":{"rendered":"Opieki Matki Boskiej Ostrobramskiej"},"content":{"rendered":"[vc_row type=&#8221;in_container&#8221; full_screen_row_position=&#8221;middle&#8221; scene_position=&#8221;center&#8221; text_color=&#8221;dark&#8221; text_align=&#8221;left&#8221; overlay_strength=&#8221;0.3&#8243; shape_divider_position=&#8221;bottom&#8221;][vc_column centered_text=&#8221;true&#8221; column_padding=&#8221;no-extra-padding&#8221; column_padding_position=&#8221;all&#8221; background_color_opacity=&#8221;1&#8243; background_hover_color_opacity=&#8221;1&#8243; column_shadow=&#8221;none&#8221; column_border_radius=&#8221;none&#8221; width=&#8221;1\/1&#8243; tablet_text_alignment=&#8221;default&#8221; phone_text_alignment=&#8221;default&#8221; column_border_width=&#8221;none&#8221; column_border_style=&#8221;solid&#8221;][vc_column_text]\n<h4><strong>Opieki\u00a0Naj\u015bwi\u0119tszej Maryi Panny\u00a0Matki Mi\u0142osierdzia\u00a0w Ostrej Bramie.\u00a0<\/strong>Niewiasta obleczona w s\u0142o\u0144ce.<\/h4>\n[\/vc_column_text]<div class=\"divider-wrap\"><div style=\"margin-top: 25px; height: 1px; margin-bottom: 25px;\" data-width=\"100%\" data-animate=\"\" data-animation-delay=\"\" data-color=\"default\" class=\"divider-border\"><\/div><\/div>[\/vc_column][\/vc_row][vc_row type=&#8221;in_container&#8221; full_screen_row_position=&#8221;middle&#8221; scene_position=&#8221;center&#8221; text_color=&#8221;dark&#8221; text_align=&#8221;left&#8221; overlay_strength=&#8221;0.3&#8243; shape_divider_position=&#8221;bottom&#8221;][vc_column column_padding=&#8221;no-extra-padding&#8221; column_padding_position=&#8221;all&#8221; background_color_opacity=&#8221;1&#8243; background_hover_color_opacity=&#8221;1&#8243; column_shadow=&#8221;none&#8221; column_border_radius=&#8221;none&#8221; width=&#8221;1\/1&#8243; tablet_text_alignment=&#8221;default&#8221; phone_text_alignment=&#8221;default&#8221; column_border_width=&#8221;none&#8221; column_border_style=&#8221;solid&#8221;][vc_row_inner column_margin=&#8221;default&#8221; text_align=&#8221;left&#8221;][vc_column_inner column_padding=&#8221;no-extra-padding&#8221; column_padding_position=&#8221;all&#8221; background_color_opacity=&#8221;1&#8243; background_hover_color_opacity=&#8221;1&#8243; column_shadow=&#8221;none&#8221; column_border_radius=&#8221;none&#8221; width=&#8221;1\/2&#8243; column_border_width=&#8221;none&#8221; column_border_style=&#8221;solid&#8221;][nectar_video_lightbox link_style=&#8221;play_button_2&#8243; nectar_play_button_color=&#8221;Default-Accent-Color&#8221; image_url=&#8221;576&#8243; hover_effect=&#8221;defaut&#8221; box_shadow=&#8221;none&#8221; border_radius=&#8221;none&#8221; play_button_size=&#8221;default&#8221; video_url=&#8221;https:\/\/www.youtube.com\/watch?v=AIANzbLVjzc&#8221;]<div class=\"divider-wrap\"><div style=\"height: 20px;\" class=\"divider\"><\/div><\/div>[\/vc_column_inner][vc_column_inner column_padding=&#8221;no-extra-padding&#8221; column_padding_position=&#8221;all&#8221; background_color_opacity=&#8221;1&#8243; background_hover_color_opacity=&#8221;1&#8243; column_shadow=&#8221;none&#8221; column_border_radius=&#8221;none&#8221; width=&#8221;1\/2&#8243; column_border_width=&#8221;none&#8221; column_border_style=&#8221;solid&#8221;]<div class=\"iwithtext\"><div class=\"iwt-icon\"> <i class=\"icon-default-style icon-map-marker accent-color\"><\/i> <\/div><div class=\"iwt-text\"> <a href=\"https:\/\/www.google.lt\/maps\/place\/Vilniaus+Au\u0161ros+Vart\u0173+\u0160v\u010d.+Mergel\u0117s+Marijos,+Gailestingumo+Motinos,+koply\u010dia\/@54.6743752,25.2874017,17z\/data=!3m1!4b1!4m5!3m4!1s0x46dd9440638f6491:0x73ba7d0fc05293db!8m2!3d54.6743721!4d25.2895904?hl=lt\">Kaplica Ostrobramskiej Matki Mi\u0142osierdzia i Ko\u015bci\u00f3\u0142 \u015bw. Teresy<\/a> <\/div><div class=\"clear\"><\/div><\/div><div class=\"divider-wrap\"><div style=\"height: 10px;\" class=\"divider\"><\/div><\/div><div class=\"iwithtext\"><div class=\"iwt-icon\"> <i class=\"icon-default-style icon-calendar accent-color\"><\/i> <\/div><div class=\"iwt-text\"> Odpust obchodzony jest przez 8 dni w tym tygodniu, w kt\u00f3rym przypada 16 listopada. <\/div><div class=\"clear\"><\/div><\/div><div class=\"divider-wrap\"><div style=\"margin-top: 15px; width: 20%px; height: 1px; margin-bottom: 15px;\" data-width=\"20%\" data-animate=\"\" data-animation-delay=\"\" data-color=\"accent-color\" class=\"divider-small-border\"><\/div><\/div>[vc_column_text]\n<div class=\"wpb_text_column wpb_content_element \" style=\"text-align: justify;\">\n<div class=\"wpb_wrapper\">\n<p>Wzmianki o \u0142askach i cudach zdzia\u0142anych za przyczyn\u0105 Naj\u015bwi\u0119tszej Maryi Panny Ostrobramskiej\u00a0si\u0119gaj\u0105 ju\u017c po\u0142owy XVII w. Z biegiem czasu rozwija\u0142y si\u0119 tradycje i kult Naj\u015bwi\u0119tszej Maryi Panny\u00a0Ostrobramskiej. Obchodzone po dzi\u015b dzie\u0144 Opieki Matki Mi\u0142osierdzia s\u0105 jedne z\u00a0najbardziej wymownych uroczysto\u015bci w Archidiecezji Wile\u0144skiej. Tradycja tego odpustu si\u0119ga 1735 r.,\u00a0kiedy w drugim tygodniu listopada odby\u0142a si\u0119 uroczysto\u015b\u0107 Opieki Naj\u015bwi\u0119tszej Maryi Panny. W 1761 r.\u00a0za\u0142o\u017cono Bractwo Opieki Naj\u015bwi\u0119tszej Maryi Panny. W 1773 r. papie\u017c Klemens XIV nada\u0142 temu\u00a0Bractwu dwa przywileje. Pierwszy przywilej polega\u0142 na udzieleniu cz\u0142onkom Bractwa odpust\u00f3w w\u00a0dniu przyst\u0105pienia do Bractwa i w \u015bwi\u0119to Opieki Matki Boskiej. Drugi przywilej odpustowy wi\u0105za\u0142 si\u0119 z\u00a0msz\u0105 za zmar\u0142ych cz\u0142onk\u00f3w Bractwa. Od tego czasu \u015bwi\u0119to Opieki Matki Boskiej rozros\u0142o si\u0119 w\u00a0o\u015bmiodniowy odpust. Opieki Matki Boskiej obchodzone jest obecnie przez osiem dni w tym\u00a0tygodniu listopada, w kt\u00f3rym przypada 16 dzie\u0144 tego miesi\u0105ca.<\/p>\n<p>Ostrobramska Matka Mi\u0142osierdzia stanowi te\u017c wa\u017cn\u0105 cz\u0119\u015b\u0107 pozosta\u0142ych \u015bwi\u0105t w Archidiecezji\u00a0Wile\u0144skiej. Od <a href=\"https:\/\/cityofmercy.lt\/pl_PL\/objektai\/ausros-vartai\/\" target=\"_blank\" rel=\"noopener\">Kaplicy Ostrobramskiej<\/a> w przeddzie\u0144 <a href=\"https:\/\/cityofmercy.lt\/pl_PL\/renginiai\/gailestingumo-savaite\/\" target=\"_blank\" rel=\"noopener\">Niedzieli Mi\u0142osierdzia<\/a> rozpoczyna si\u0119 procesja \u2013 Droga \u015awiat\u0142a, kt\u00f3ra ko\u0144czy si\u0119 przy <a href=\"https:\/\/cityofmercy.lt\/pl_PL\/objektai\/dievo-gailestingumo-sventove\/\" target=\"_blank\" rel=\"noopener\">Sanktuarium Mi\u0142osierdzia Bo\u017cego<\/a>. Uroczysto\u015b\u0107 Naj\u015bwi\u0119tszego\u00a0Cia\u0142a i Krwi Chrystusa (procesja Bo\u017cego Cia\u0142a) zaczyna si\u0119 przy <a href=\"https:\/\/cityofmercy.lt\/pl_PL\/objektai\/vilniaus-arkikatedra-bazilika\/\" target=\"_blank\" rel=\"noopener\">Bazylice Archikatedralnej<\/a>, a ko\u0144czy\u00a0przy Kaplicy Ostrobramskiej. Z Kaplicy Ostrobramskiej co roku wyrusza r\u00f3wnie\u017c Piesza Pielgrzymka M\u0142odzie\u017cy, kt\u00f3ra ko\u0144czy tras\u0119 w <a href=\"https:\/\/cityofmercy.lt\/pl_PL\/objektai\/traku-svc-mergeles-marijos-apsilankymo-bazilika\/\" target=\"_blank\" rel=\"noopener\">Bazylice Nawiedzenia Naj\u015bwi\u0119tszej Maryi Panny w Trokach,\u00a0<\/a>przy obrazie Matki\u00a0Boskiej, patronki Litwy.<\/p>\n<\/div>\n<\/div>\n[\/vc_column_text][\/vc_column_inner][\/vc_row_inner][\/vc_column][\/vc_row][vc_row type=&#8221;in_container&#8221; full_screen_row_position=&#8221;middle&#8221; scene_position=&#8221;center&#8221; text_color=&#8221;dark&#8221; text_align=&#8221;left&#8221; overlay_strength=&#8221;0.3&#8243; shape_divider_position=&#8221;bottom&#8221;][vc_column column_padding=&#8221;no-extra-padding&#8221; column_padding_position=&#8221;all&#8221; background_color_opacity=&#8221;1&#8243; background_hover_color_opacity=&#8221;1&#8243; column_shadow=&#8221;none&#8221; column_border_radius=&#8221;none&#8221; width=&#8221;1\/1&#8243; tablet_text_alignment=&#8221;default&#8221; phone_text_alignment=&#8221;default&#8221; column_border_width=&#8221;none&#8221; column_border_style=&#8221;solid&#8221;]<div class=\"divider-wrap\"><div style=\"height: 200px;\" class=\"divider\"><\/div><\/div>[\/vc_column][\/vc_row]\n","protected":false},"excerpt":{"rendered":"<p>[vc_row type=&#8221;in_container&#8221; full_screen_row_position=&#8221;middle&#8221; scene_position=&#8221;center&#8221; text_color=&#8221;dark&#8221; text_align=&#8221;left&#8221; overlay_strength=&#8221;0.3&#8243; shape_divider_position=&#8221;bottom&#8221;][vc_column centered_text=&#8221;true&#8221; column_padding=&#8221;no-extra-padding&#8221; column_&#8230;<\/p>\n","protected":false},"author":2,"featured_media":575,"parent":51,"menu_order":0,"comment_status":"closed","ping_status":"closed","template":"","meta":{"footnotes":""},"class_list":["post-167","page","type-page","status-publish","has-post-thumbnail","hentry"],"_links":{"self":[{"href":"https:\/\/cityofmercy.lt\/pl_PL\/wp-json\/wp\/v2\/pages\/167","targetHints":{"allow":["GET"]}}],"collection":[{"href":"https:\/\/cityofmercy.lt\/pl_PL\/wp-json\/wp\/v2\/pages"}],"about":[{"href":"https:\/\/cityofmercy.lt\/pl_PL\/wp-json\/wp\/v2\/types\/page"}],"author":[{"embeddable":true,"href":"https:\/\/cityofmercy.lt\/pl_PL\/wp-json\/wp\/v2\/users\/2"}],"replies":[{"embeddable":true,"href":"https:\/\/cityofmercy.lt\/pl_PL\/wp-json\/wp\/v2\/comments?post=167"}],"version-history":[{"count":40,"href":"https:\/\/cityofmercy.lt\/pl_PL\/wp-json\/wp\/v2\/pages\/167\/revisions"}],"predecessor-version":[{"id":5950,"href":"https:\/\/cityofmercy.lt\/pl_PL\/wp-json\/wp\/v2\/pages\/167\/revisions\/5950"}],"up":[{"embeddable":true,"href":"https:\/\/cityofmercy.lt\/pl_PL\/wp-json\/wp\/v2\/pages\/51"}],"wp:featuredmedia":[{"embeddable":true,"href":"https:\/\/cityofmercy.lt\/pl_PL\/wp-json\/wp\/v2\/media\/575"}],"wp:attachment":[{"href":"https:\/\/cityofmercy.lt\/pl_PL\/wp-json\/wp\/v2\/media?parent=167"}],"curies":[{"name":"wp","href":"https:\/\/api.w.org\/{rel}","templated":true}]}}