{"id":164,"date":"2017-11-30T16:23:26","date_gmt":"2017-11-30T16:23:26","guid":{"rendered":"http:\/\/cityofmercy.lt\/?page_id=164"},"modified":"2021-05-27T13:53:15","modified_gmt":"2021-05-27T10:53:15","slug":"visu-sventuju-baznycia","status":"publish","type":"page","link":"https:\/\/cityofmercy.lt\/pl_PL\/objektai\/visu-sventuju-baznycia\/","title":{"rendered":"Ko\u015bci\u00f3\u0142 Wszystkich \u015awi\u0119tych"},"content":{"rendered":"[vc_row type=&#8221;in_container&#8221; full_screen_row_position=&#8221;middle&#8221; scene_position=&#8221;center&#8221; text_color=&#8221;dark&#8221; text_align=&#8221;left&#8221; overlay_strength=&#8221;0.3&#8243; shape_divider_position=&#8221;bottom&#8221;][vc_column centered_text=&#8221;true&#8221; column_padding=&#8221;no-extra-padding&#8221; column_padding_position=&#8221;all&#8221; background_color_opacity=&#8221;1&#8243; background_hover_color_opacity=&#8221;1&#8243; column_shadow=&#8221;none&#8221; column_border_radius=&#8221;none&#8221; width=&#8221;1\/1&#8243; tablet_text_alignment=&#8221;default&#8221; phone_text_alignment=&#8221;default&#8221; column_border_width=&#8221;none&#8221; column_border_style=&#8221;solid&#8221;][vc_column_text]\n<h4><strong>Ko\u015bci\u00f3\u0142 Wszystkich \u015awi\u0119tych<\/strong><\/h4>\n[\/vc_column_text]<div class=\"divider-wrap\"><div style=\"margin-top: 25px; height: 1px; margin-bottom: 25px;\" data-width=\"100%\" data-animate=\"\" data-animation-delay=\"\" data-color=\"default\" class=\"divider-border\"><\/div><\/div>[\/vc_column][\/vc_row][vc_row type=&#8221;in_container&#8221; full_screen_row_position=&#8221;middle&#8221; scene_position=&#8221;center&#8221; text_color=&#8221;dark&#8221; text_align=&#8221;left&#8221; overlay_strength=&#8221;0.3&#8243; shape_divider_position=&#8221;bottom&#8221;][vc_column column_padding=&#8221;no-extra-padding&#8221; column_padding_position=&#8221;all&#8221; background_color_opacity=&#8221;1&#8243; background_hover_color_opacity=&#8221;1&#8243; column_shadow=&#8221;none&#8221; column_border_radius=&#8221;none&#8221; top_margin=&#8221;-30&#8243; width=&#8221;1\/1&#8243; tablet_text_alignment=&#8221;default&#8221; phone_text_alignment=&#8221;default&#8221; column_border_width=&#8221;none&#8221; column_border_style=&#8221;solid&#8221;][vc_row_inner column_margin=&#8221;default&#8221; text_align=&#8221;left&#8221;][vc_column_inner column_padding=&#8221;no-extra-padding&#8221; column_padding_position=&#8221;all&#8221; background_color_opacity=&#8221;1&#8243; background_hover_color_opacity=&#8221;1&#8243; column_shadow=&#8221;none&#8221; column_border_radius=&#8221;none&#8221; width=&#8221;1\/2&#8243; column_border_width=&#8221;none&#8221; column_border_style=&#8221;solid&#8221;][nectar_image_with_hotspots image=&#8221;479&#8243; preview=&#8221;http:\/\/cityofmercy.lt\/wp-content\/uploads\/2017\/12\/2.visu_.jpg&#8221; color_1=&#8221;Accent-Color&#8221; hotspot_icon=&#8221;plus_sign&#8221; tooltip=&#8221;hover&#8221; tooltip_shadow=&#8221;medium_depth&#8221; animation=&#8221;true&#8221;][nectar_hotspot left=&#8221;9.41326530612245%&#8221; top=&#8221;75.91743119266054%&#8221; position=&#8221;right&#8221;]Dobry Pasterz.[\/nectar_hotspot][nectar_hotspot left=&#8221;32.68813775510204%&#8221; top=&#8221;58.63914373088684%&#8221; position=&#8221;right&#8221;]Ma\u0142\u017ce\u0144stwo Maryi i J\u00f3zefa.[\/nectar_hotspot][nectar_hotspot left=&#8221;43.797831632653065%&#8221; top=&#8221;52.522935779816514%&#8221; position=&#8221;top&#8221;]Kopia obrazu Matki Boskiej Cz\u0119stochowskiej.[\/nectar_hotspot][nectar_hotspot left=&#8221;55.545280612244895%&#8221; top=&#8221;51.83008409785933%&#8221; position=&#8221;top&#8221;]Wizerunek Matki Boskiej, Wybawicielki Dusz Czy\u015b\u0107cowych w ikonografii karmelita\u0144skiej z XVII w.[\/nectar_hotspot][nectar_hotspot left=&#8221;60.58354591836734%&#8221; top=&#8221;59.207759938837924%&#8221; position=&#8221;top&#8221;]\u015aw. Piotr z Werony w\u0142oski ksi\u0105dz katolicki, Dominikanin, inkwizytor Lombardii. Zamordowany przez wynaj\u0119tego za pieni\u0105dze kryminalist\u0119 a po 11 miesi\u0105cach zosta\u0142 og\u0142oszony \u015bwi\u0119tym. By\u0142a to najszybsza w historii kanonizacja.[\/nectar_hotspot][\/nectar_image_with_hotspots]<div class=\"divider-wrap\"><div style=\"height: 20px;\" class=\"divider\"><\/div><\/div>[vc_column_text]<strong>Ko\u015bci\u00f3\u0142 zalicza si\u0119 do<\/strong> <a href=\"https:\/\/cityofmercy.lt\/pl_PL\/marsrutai\/marijos-gerbimo-vietos\/\">Szlaku Maryjnego<\/a>[\/vc_column_text]<div class=\"divider-wrap\"><div style=\"height: 20px;\" class=\"divider\"><\/div><\/div>[vc_column_text]\n<p style=\"text-align: justify;\">Ko\u015bci\u00f3\u0142 Wszystkich \u015awi\u0119tych w Wilnie zosta\u0142 zbudowany w 1632 r., z inicjatywy sekretarza Kr\u00f3la Litwy\u00a0i Polski Zygmunta III Wazy Wojciecha Adalberta Chludzi\u0144skiego, na \u00f3wczesnym obrze\u017cu miasta \u2013 od\u00a0strony po\u0142udniowo-wschodniego muru obronnego i nieistniej\u0105cej ju\u017c Bramy Rudnickiej. W 1628 r., po\u00a0z\u0142\u0105czeniu wcze\u015bniejszych budynk\u00f3w, zako\u0144czono budow\u0119 klasztoru. By\u0142 on jednym z g\u0142\u00f3wnych\u00a0centr\u00f3w Karmelit\u00f3w Trzewiczkowych w Wielkim Ksi\u0119stwie Litewskim. W 1810 r. obok Ko\u015bcio\u0142a\u00a0Wszystkich \u015awi\u0119tych powsta\u0142a jedna z najwi\u0119kszych parafii w Wilnie (w 1830 r. liczy\u0142a 12\u00a0250\u00a0parafian).<\/p>\n<p style=\"text-align: justify;\">W 1743 r. po lewej stronie fasady dobudowano dzwonnic\u0119 w stylu p\u00f3\u017anego baroku, kt\u00f3ra\u00a0odzwierciedla tradycje wile\u0144skiej szko\u0142y barokowej i jest jednym z najbardziej wyrazistych obiekt\u00f3w\u00a0Starego Miasta. Pod koniec XVIII w. przebudowano Ko\u015bci\u00f3\u0142. Jest to tr\u00f3jnawowa \u015bwi\u0105tynia typu\u00a0bazylikowego, z g\u0142\u0119bokim prezbiterium i dwiema bocznymi kaplicami kopu\u0142owymi. W Ko\u015bciele\u00a0znajduje si\u0119 18 o\u0142tarzy, zdobionych obrazami, rze\u017abami w soczystych barwach i elementami\u00a0zdobniczymi w z\u0142otym kolorze.<\/p>\n<p style=\"text-align: justify;\">Po powstaniach z 1831 i 1863 r. w klasztorze osiedlili si\u0119 zakonnicy z klasztor\u00f3w klauzurowych,\u00a0zacz\u0119\u0142o te\u017c dzia\u0142a\u0107 wi\u0119zienie dla ksi\u0119\u017cy. W 1886 r. klasztor zamkni\u0119to i co ciekawe najp\u00f3\u017aniej z\u00a0pozosta\u0142ych rzymskokatolickich klasztor\u00f3w w Wilnie. W 1887 r. przej\u0119\u0142o go towarzystwo przytu\u0142ku\u00a0dla dzieci, urz\u0105dzono w nim mieszkania, sklepy. W okresie komunizmu w budynkach klasztoru\u00a0znajdowa\u0142y si\u0119 mieszkania, na pierwszym pi\u0119trze dzia\u0142a\u0142y sklepy z artyku\u0142ami spo\u017cywczymi,\u00a0urz\u0105dzono wydzia\u0142 sztuki ludowej Muzeum Sztuki LSRR. W Ko\u015bciele dzia\u0142a\u0142 magazyn, a w latach\u00a01975-1990 ekspozycja Wile\u0144skiego Muzeum Sztuki.<\/p>\n<p style=\"text-align: justify;\">W o\u0142tarzach Ko\u015bcio\u0142a, do czasu jego zamkni\u0119cia, wisia\u0142o 11 obraz\u00f3w z oprawami, kt\u00f3re \u015bwiadczy\u0142y o\u00a0doznanych przez wiernych \u0142askach za ich po\u015brednictwem. W 1991 r. po zwr\u00f3ceniu Ko\u015bcio\u0142a wiernym,\u00a0\u015bwi\u0105tynia zosta\u0142a odnowiona, powr\u00f3ci\u0142y te\u017c do niej niekt\u00f3re jej obrazy. W lewym bocznym o\u0142tarzu\u00a0Ko\u015bcio\u0142a czczony jest nale\u017c\u0105cy do Karmelit\u00f3w obraz Matki Boskiej z Dzieci\u0105tkiem zdobiony oprawami,\u00a0a z drugiej strony, w prawym o\u0142tarzu, widnieje r\u00f3wnie cenny obraz ikonografii karmelita\u0144skiej z\u00a0XVII w. &#8211; wizerunek Matki Boskiej, Wybawicielki Dusz Czy\u015b\u0107cowych.<\/p>\n<p style=\"text-align: justify;\">Matka Boska, Wybawicielka Dusz Czy\u015b\u0107cowych i pobo\u017cno\u015b\u0107 maryjna Karmelit\u00f3w. Naj\u015bwi\u0119tsza Maryja\u00a0Panna by\u0142a dla Karmelit\u00f3w przyk\u0142adem idealnego \u017cycia modlitewnego, kt\u00f3re prowadzi do Boga. Na\u00a0Litwie Karmelici krzewili praktyk\u0119 modlitewn\u0105 za zmar\u0142ych, zwi\u0105zan\u0105 z kultem Matki Boskiej. W\u00a0\u00f3wczesnej wyobra\u017ani religijnej wa\u017cne miejsce zajmowa\u0142 Czy\u015bciec, w kt\u00f3rym dusze zmar\u0142ych zanim\u00a0osi\u0105gn\u0105 \u017cycie wieczne musz\u0105 odpokutowa\u0107 za swoje grzechy. Matka Boska uwa\u017cana jest za\u00a0najwa\u017cniejsz\u0105 przewodniczk\u0119 i po\u015bredniczk\u0119 mi\u0119dzy duszami czy\u015b\u0107cowymi a Bogiem.<\/p>\n[\/vc_column_text][\/vc_column_inner][vc_column_inner column_padding=&#8221;no-extra-padding&#8221; column_padding_position=&#8221;all&#8221; background_color_opacity=&#8221;1&#8243; background_hover_color_opacity=&#8221;1&#8243; column_shadow=&#8221;none&#8221; column_border_radius=&#8221;none&#8221; width=&#8221;1\/2&#8243; column_border_width=&#8221;none&#8221; column_border_style=&#8221;solid&#8221;]<div class=\"iwithtext\"><div class=\"iwt-icon\"> <i class=\"icon-default-style icon-map-marker accent-color\"><\/i> <\/div><div class=\"iwt-text\"> <a href=\"https:\/\/www.google.com\/maps\/place\/R\u016bdnink\u0173+g.+20,+Vilnius+01307\/@54.6757538,25.2818368,17z\/data=!3m1!4b1!4m5!3m4!1s0x46dd946ac7f520e7:0x5ca66a3f24ffefac!8m2!3d54.6757507!4d25.2840255\" target=\"_blank\" rel=\"noopener\">ul. R\u016bdnink\u0173 20\/1, Wilno<\/a> <\/div><div class=\"clear\"><\/div><\/div><div class=\"iwithtext\"><div class=\"iwt-icon\"> <i class=\"icon-default-style icon-time accent-color\"><\/i> <\/div><div class=\"iwt-text\"> <strong>Ko\u015bci\u00f3\u0142 czynny<\/strong><br \/>\nI: 15.00\u201319.30<br \/>\nII\u2013V: 11.00-19.30<br \/>\nVI: 8.00-18.00<br \/>\nVII: 8.00-17.00 <\/div><div class=\"clear\"><\/div><\/div><div class=\"iwithtext\"><div class=\"iwt-icon\"> <img decoding=\"async\" src=\"https:\/\/cityofmercy.lt\/wp-content\/uploads\/2017\/12\/taurinis.png\" alt=\"\" \/> <\/div><div class=\"iwt-text\"> <strong>Msza \u015bwi\u0119ta (j. litewski)<\/strong><br \/>\nI\u2013V: 18.30<br \/>\nVI: 10.00<br \/>\nVII: 9.00, 12.00 <\/div><div class=\"clear\"><\/div><\/div><div class=\"iwithtext\"><div class=\"iwt-icon\">  <\/div><div class=\"iwt-text\"> <strong>Msza \u015bwi\u0119ta (j. polski)<\/strong><br \/>\nI\u2013V: 17.30<br \/>\nVI: 9.00<br \/>\nVII: 10.30 <\/div><div class=\"clear\"><\/div><\/div><div class=\"iwithtext\"><div class=\"iwt-icon\"> <i class=\"icon-default-style icon-phone accent-color\"><\/i> <\/div><div class=\"iwt-text\"> +370 6 700 1405 <\/div><div class=\"clear\"><\/div><\/div><div class=\"iwithtext\"><div class=\"iwt-icon\"> <i class=\"icon-default-style icon-globe accent-color\"><\/i> <\/div><div class=\"iwt-text\"> <a href=\"http:\/\/vvsventujuparapija.lt\/po-polsku\/\" target=\"_blank\" rel=\"noopener\">www.vvsventujuparapija.lt<\/a> <\/div><div class=\"clear\"><\/div><\/div>[\/vc_column_inner][\/vc_row_inner][\/vc_column][\/vc_row][vc_row type=&#8221;in_container&#8221; full_screen_row_position=&#8221;middle&#8221; scene_position=&#8221;center&#8221; text_color=&#8221;dark&#8221; text_align=&#8221;left&#8221; overlay_strength=&#8221;0.3&#8243; shape_divider_position=&#8221;bottom&#8221;][vc_column column_padding=&#8221;no-extra-padding&#8221; column_padding_position=&#8221;all&#8221; background_color_opacity=&#8221;1&#8243; background_hover_color_opacity=&#8221;1&#8243; column_shadow=&#8221;none&#8221; column_border_radius=&#8221;none&#8221; width=&#8221;1\/1&#8243; tablet_text_alignment=&#8221;default&#8221; phone_text_alignment=&#8221;default&#8221; column_border_width=&#8221;none&#8221; column_border_style=&#8221;solid&#8221;]<div class=\"divider-wrap\"><div style=\"height: 200px;\" class=\"divider\"><\/div><\/div>[\/vc_column][\/vc_row]\n","protected":false},"excerpt":{"rendered":"<p>[vc_row type=&#8221;in_container&#8221; full_screen_row_position=&#8221;middle&#8221; scene_position=&#8221;center&#8221; text_color=&#8221;dark&#8221; text_align=&#8221;left&#8221; overlay_strength=&#8221;0.3&#8243; shape_divider_position=&#8221;bottom&#8221;][vc_column centered_text=&#8221;true&#8221; column_padding=&#8221;no-extra-padding&#8221; column_&#8230;<\/p>\n","protected":false},"author":2,"featured_media":293,"parent":38,"menu_order":0,"comment_status":"closed","ping_status":"closed","template":"","meta":{"footnotes":""},"class_list":["post-164","page","type-page","status-publish","has-post-thumbnail","hentry"],"_links":{"self":[{"href":"https:\/\/cityofmercy.lt\/pl_PL\/wp-json\/wp\/v2\/pages\/164","targetHints":{"allow":["GET"]}}],"collection":[{"href":"https:\/\/cityofmercy.lt\/pl_PL\/wp-json\/wp\/v2\/pages"}],"about":[{"href":"https:\/\/cityofmercy.lt\/pl_PL\/wp-json\/wp\/v2\/types\/page"}],"author":[{"embeddable":true,"href":"https:\/\/cityofmercy.lt\/pl_PL\/wp-json\/wp\/v2\/users\/2"}],"replies":[{"embeddable":true,"href":"https:\/\/cityofmercy.lt\/pl_PL\/wp-json\/wp\/v2\/comments?post=164"}],"version-history":[{"count":47,"href":"https:\/\/cityofmercy.lt\/pl_PL\/wp-json\/wp\/v2\/pages\/164\/revisions"}],"predecessor-version":[{"id":6030,"href":"https:\/\/cityofmercy.lt\/pl_PL\/wp-json\/wp\/v2\/pages\/164\/revisions\/6030"}],"up":[{"embeddable":true,"href":"https:\/\/cityofmercy.lt\/pl_PL\/wp-json\/wp\/v2\/pages\/38"}],"wp:featuredmedia":[{"embeddable":true,"href":"https:\/\/cityofmercy.lt\/pl_PL\/wp-json\/wp\/v2\/media\/293"}],"wp:attachment":[{"href":"https:\/\/cityofmercy.lt\/pl_PL\/wp-json\/wp\/v2\/media?parent=164"}],"curies":[{"name":"wp","href":"https:\/\/api.w.org\/{rel}","templated":true}]}}