{"id":1629,"date":"2017-12-19T15:40:43","date_gmt":"2017-12-19T15:40:43","guid":{"rendered":"http:\/\/cityofmercy.lt\/?page_id=1629"},"modified":"2021-06-08T10:32:27","modified_gmt":"2021-06-08T07:32:27","slug":"zemelapiu-atsisiuntimas","status":"publish","type":"page","link":"https:\/\/cityofmercy.lt\/pl_PL\/planavimas\/zemelapiu-atsisiuntimas\/","title":{"rendered":"OPISY I MAPY SZLAK\u00d3W"},"content":{"rendered":"[vc_row type=&#8221;in_container&#8221; full_screen_row_position=&#8221;middle&#8221; scene_position=&#8221;center&#8221; text_color=&#8221;dark&#8221; text_align=&#8221;left&#8221; overlay_strength=&#8221;0.3&#8243; shape_divider_position=&#8221;bottom&#8221;][vc_column centered_text=&#8221;true&#8221; column_padding=&#8221;no-extra-padding&#8221; column_padding_position=&#8221;all&#8221; background_color_opacity=&#8221;1&#8243; background_hover_color_opacity=&#8221;1&#8243; column_shadow=&#8221;none&#8221; column_border_radius=&#8221;none&#8221; width=&#8221;1\/1&#8243; tablet_text_alignment=&#8221;default&#8221; phone_text_alignment=&#8221;default&#8221; column_border_width=&#8221;none&#8221; column_border_style=&#8221;solid&#8221;][vc_column_text]\n<h4><strong>Opisy i mapy szlak\u00f3w.<\/strong>\u00a0Do wydruku.<\/h4>\n[\/vc_column_text]<div class=\"divider-wrap\"><div style=\"margin-top: 25px; height: 1px; margin-bottom: 25px;\" data-width=\"100%\" data-animate=\"\" data-animation-delay=\"\" data-color=\"default\" class=\"divider-border\"><\/div><\/div>[\/vc_column][\/vc_row][vc_row type=&#8221;in_container&#8221; full_screen_row_position=&#8221;middle&#8221; scene_position=&#8221;center&#8221; text_color=&#8221;dark&#8221; text_align=&#8221;left&#8221; overlay_strength=&#8221;0.3&#8243; shape_divider_position=&#8221;bottom&#8221;][vc_column centered_text=&#8221;true&#8221; column_padding=&#8221;padding-15-percent&#8221; column_padding_position=&#8221;top-bottom&#8221; background_color=&#8221;#1e73be&#8221; background_color_opacity=&#8221;0.3&#8243; background_color_hover=&#8221;#1e73be&#8221; background_hover_color_opacity=&#8221;0.6&#8243; background_image=&#8221;250&#8243; enable_bg_scale=&#8221;true&#8221; column_shadow=&#8221;none&#8221; column_border_radius=&#8221;3px&#8221; width=&#8221;1\/2&#8243; tablet_text_alignment=&#8221;default&#8221; phone_text_alignment=&#8221;default&#8221; column_border_width=&#8221;none&#8221; column_link=&#8221;https:\/\/drive.google.com\/open?id=1FT_Ti3Trw-yqgpV3vBZxPgNaxr_nuwPc&#8221;]<div class=\"divider-wrap\"><div style=\"height: 20px;\" class=\"divider\"><\/div><\/div>[vc_column_text]\n<h6 style=\"text-align: center;\"><span style=\"color: #ffffff;\">DO WYDRUKU<\/span><\/h6>\n[\/vc_column_text]<div class=\"divider-wrap\"><div style=\"margin-top: 7px; width: 200px; height: 1px; margin-bottom: 7px;\" data-width=\"200\" data-animate=\"\" data-animation-delay=\"\" data-color=\"default\" class=\"divider-small-border\"><\/div><\/div>[vc_column_text]\n<h2 style=\"color: #ffffff;\">BO\u017bEGO MI\u0141OSIERDZIA<\/h2>\n[\/vc_column_text][\/vc_column][vc_column centered_text=&#8221;true&#8221; column_padding=&#8221;padding-15-percent&#8221; column_padding_position=&#8221;top-bottom&#8221; background_color=&#8221;#1e73be&#8221; background_color_opacity=&#8221;0.3&#8243; background_color_hover=&#8221;#1e73be&#8221; background_hover_color_opacity=&#8221;0.6&#8243; background_image=&#8221;276&#8243; enable_bg_scale=&#8221;true&#8221; column_shadow=&#8221;none&#8221; column_border_radius=&#8221;3px&#8221; width=&#8221;1\/2&#8243; tablet_text_alignment=&#8221;default&#8221; phone_text_alignment=&#8221;default&#8221; column_border_width=&#8221;none&#8221; column_link=&#8221;https:\/\/drive.google.com\/open?id=1wa18BKvDdpCwkl1Ywn_3w2BUxUKnP5Yi&#8221;]<div class=\"divider-wrap\"><div style=\"height: 20px;\" class=\"divider\"><\/div><\/div>[vc_column_text]\n<h6 style=\"text-align: center;\"><span style=\"color: #ffffff;\">DO WYDRUKU<\/span><\/h6>\n[\/vc_column_text]<div class=\"divider-wrap\"><div style=\"margin-top: 7px; width: 200px; height: 1px; margin-bottom: 7px;\" data-width=\"200\" data-animate=\"\" data-animation-delay=\"\" data-color=\"default\" class=\"divider-small-border\"><\/div><\/div>[vc_column_text]\n<h2 style=\"text-align: center;\"><span style=\"color: #ffffff;\">SZLAK \u015aW. JANA PAW\u0141A II<\/span><\/h2>\n[\/vc_column_text][\/vc_column][\/vc_row][vc_row type=&#8221;in_container&#8221; full_screen_row_position=&#8221;middle&#8221; scene_position=&#8221;center&#8221; text_color=&#8221;dark&#8221; text_align=&#8221;left&#8221; overlay_strength=&#8221;0.3&#8243; shape_divider_position=&#8221;bottom&#8221;][vc_column centered_text=&#8221;true&#8221; column_padding=&#8221;padding-15-percent&#8221; column_padding_position=&#8221;top-bottom&#8221; background_color=&#8221;#1e73be&#8221; background_color_opacity=&#8221;0.3&#8243; background_color_hover=&#8221;#1e73be&#8221; background_hover_color_opacity=&#8221;0.6&#8243; background_image=&#8221;270&#8243; enable_bg_scale=&#8221;true&#8221; column_shadow=&#8221;none&#8221; column_border_radius=&#8221;3px&#8221; width=&#8221;1\/4&#8243; tablet_text_alignment=&#8221;default&#8221; phone_text_alignment=&#8221;default&#8221; column_border_width=&#8221;none&#8221; column_link=&#8221;https:\/\/drive.google.com\/open?id=1pEMcTNU7NPLdFxO2ctCWyMGtgms8imoS&#8221;]<div class=\"divider-wrap\"><div style=\"height: 20px;\" class=\"divider\"><\/div><\/div>[vc_column_text]\n<h6 style=\"text-align: center;\"><span style=\"color: #ffffff;\">DO WYDRUKU<\/span><\/h6>\n[\/vc_column_text]<div class=\"divider-wrap\"><div style=\"margin-top: 7px; width: 200px; height: 1px; margin-bottom: 7px;\" data-width=\"200\" data-animate=\"\" data-animation-delay=\"\" data-color=\"default\" class=\"divider-small-border\"><\/div><\/div>[vc_column_text]\n<h2 style=\"text-align: center;\"><span style=\"color: #ffffff;\">DROGA KRZY\u017bOWA W KALWARII WILE\u0143SKIEJ<\/span><\/h2>\n[\/vc_column_text][\/vc_column][vc_column centered_text=&#8221;true&#8221; column_padding=&#8221;padding-15-percent&#8221; column_padding_position=&#8221;top-bottom&#8221; background_color=&#8221;#2a79bf&#8221; background_color_opacity=&#8221;0.3&#8243; background_color_hover=&#8221;#1e73be&#8221; background_hover_color_opacity=&#8221;0.6&#8243; background_image=&#8221;271&#8243; enable_bg_scale=&#8221;true&#8221; column_shadow=&#8221;none&#8221; column_border_radius=&#8221;3px&#8221; width=&#8221;1\/4&#8243; tablet_text_alignment=&#8221;default&#8221; phone_text_alignment=&#8221;default&#8221; column_border_width=&#8221;none&#8221; column_link=&#8221;https:\/\/drive.google.com\/open?id=17UVPS1UGIDCdo4Ok3mEc2Z_cqUWs_3Tb&#8221;]<div class=\"divider-wrap\"><div style=\"height: 20px;\" class=\"divider\"><\/div><\/div>[vc_column_text]\n<h6 style=\"text-align: center;\"><span style=\"color: #ffffff;\">DO WYDRUKU<\/span><\/h6>\n[\/vc_column_text]<div class=\"divider-wrap\"><div style=\"margin-top: 7px; width: 200px; height: 1px; margin-bottom: 7px;\" data-width=\"200\" data-animate=\"\" data-animation-delay=\"\" data-color=\"default\" class=\"divider-small-border\"><\/div><\/div>[vc_column_text]\n<h2 style=\"text-align: center;\"><span style=\"color: #ffffff;\">MIEJSCA KULTU MARYJNEGO<\/span><\/h2>\n[\/vc_column_text][\/vc_column][vc_column centered_text=&#8221;true&#8221; column_padding=&#8221;padding-15-percent&#8221; column_padding_position=&#8221;top-bottom&#8221; background_color=&#8221;#1e73be&#8221; background_color_opacity=&#8221;0.3&#8243; background_color_hover=&#8221;#1e73be&#8221; background_hover_color_opacity=&#8221;0.6&#8243; background_image=&#8221;263&#8243; enable_bg_scale=&#8221;true&#8221; column_shadow=&#8221;none&#8221; column_border_radius=&#8221;3px&#8221; width=&#8221;1\/4&#8243; tablet_text_alignment=&#8221;default&#8221; phone_text_alignment=&#8221;default&#8221; column_border_width=&#8221;none&#8221; column_link=&#8221;https:\/\/drive.google.com\/open?id=1VfRhijDkz6oRocMx0GmxWD6IzoRex0nK&#8221;][vc_column_text]\n<h6 style=\"text-align: center;\"><span style=\"color: #ffffff;\">DO WYDRUKU<\/span><\/h6>\n[\/vc_column_text]<div class=\"divider-wrap\"><div style=\"height: 20px;\" class=\"divider\"><\/div><\/div><div class=\"divider-wrap\"><div style=\"margin-top: 7px; width: 200px; height: 1px; margin-bottom: 7px;\" data-width=\"200\" data-animate=\"\" data-animation-delay=\"\" data-color=\"default\" class=\"divider-small-border\"><\/div><\/div>[vc_column_text]\n<h2 style=\"text-align: center;\"><span style=\"color: #ffffff;\">POSTACIE \u015aWI\u0118TYCH WILE\u0143SKICH<\/span><\/h2>\n[\/vc_column_text][\/vc_column][vc_column centered_text=&#8221;true&#8221; column_padding=&#8221;padding-15-percent&#8221; column_padding_position=&#8221;top-bottom&#8221; background_color=&#8221;#1e73be&#8221; background_color_opacity=&#8221;0.3&#8243; background_color_hover=&#8221;#1e73be&#8221; background_hover_color_opacity=&#8221;0.6&#8243; background_image=&#8221;273&#8243; enable_bg_scale=&#8221;true&#8221; column_shadow=&#8221;none&#8221; column_border_radius=&#8221;3px&#8221; width=&#8221;1\/4&#8243; tablet_text_alignment=&#8221;default&#8221; phone_text_alignment=&#8221;default&#8221; column_border_width=&#8221;none&#8221; column_link=&#8221;https:\/\/drive.google.com\/open?id=1aRkVhPORGSvTKxrIZB9shpGIKOARzxPm&#8221;]<div class=\"divider-wrap\"><div style=\"height: 20px;\" class=\"divider\"><\/div><\/div>[vc_column_text]\n<h6 style=\"text-align: center;\"><span style=\"color: #ffffff;\">DO WYDRUKU<\/span><\/h6>\n[\/vc_column_text]<div class=\"divider-wrap\"><div style=\"margin-top: 7px; width: 200px; height: 1px; margin-bottom: 7px;\" data-width=\"200\" data-animate=\"\" data-animation-delay=\"\" data-color=\"default\" class=\"divider-small-border\"><\/div><\/div>[vc_column_text]\n<h2 style=\"text-align: center;\">\u00a0<span style=\"color: #ffffff;\">KATEDRA.DZWONNICA.<br \/>\nSKARBIEC<\/span><\/h2>\n[\/vc_column_text][\/vc_column][\/vc_row][vc_row type=&#8221;in_container&#8221; full_screen_row_position=&#8221;middle&#8221; scene_position=&#8221;center&#8221; text_color=&#8221;dark&#8221; text_align=&#8221;left&#8221; overlay_strength=&#8221;0.3&#8243; shape_divider_position=&#8221;bottom&#8221;][vc_column centered_text=&#8221;true&#8221; column_padding=&#8221;padding-15-percent&#8221; column_padding_position=&#8221;top-bottom&#8221; background_color=&#8221;#1e73be&#8221; background_color_opacity=&#8221;0.3&#8243; background_color_hover=&#8221;#1e73be&#8221; background_hover_color_opacity=&#8221;0.6&#8243; background_image=&#8221;268&#8243; enable_bg_scale=&#8221;true&#8221; column_shadow=&#8221;none&#8221; column_border_radius=&#8221;3px&#8221; width=&#8221;1\/4&#8243; tablet_text_alignment=&#8221;default&#8221; phone_text_alignment=&#8221;default&#8221; column_border_width=&#8221;none&#8221; column_link=&#8221;https:\/\/drive.google.com\/open?id=1Uu2tfSpohm8XxkWYM7gDTGuufldLtSzN&#8221;]<div class=\"divider-wrap\"><div style=\"height: 20px;\" class=\"divider\"><\/div><\/div>[vc_column_text]\n<h6 style=\"text-align: center;\"><span style=\"color: #ffffff;\">DO WYDRUKU<\/span><\/h6>\n[\/vc_column_text]<div class=\"divider-wrap\"><div style=\"margin-top: 7px; width: 200px; height: 1px; margin-bottom: 7px;\" data-width=\"200\" data-animate=\"\" data-animation-delay=\"\" data-color=\"default\" class=\"divider-small-border\"><\/div><\/div>[vc_column_text]\n<h2 style=\"text-align: center;\"><span style=\"color: #ffffff;\">DROGA \u015aW. JAKUBA W WILNIE<\/span><\/h2>\n[\/vc_column_text][\/vc_column][vc_column centered_text=&#8221;true&#8221; column_padding=&#8221;padding-15-percent&#8221; column_padding_position=&#8221;top-bottom&#8221; background_color=&#8221;#1e73be&#8221; background_color_opacity=&#8221;0.3&#8243; background_color_hover=&#8221;#1e73be&#8221; background_hover_color_opacity=&#8221;0.6&#8243; background_image=&#8221;266&#8243; enable_bg_scale=&#8221;true&#8221; column_shadow=&#8221;none&#8221; column_border_radius=&#8221;3px&#8221; width=&#8221;1\/4&#8243; tablet_text_alignment=&#8221;default&#8221; phone_text_alignment=&#8221;default&#8221; column_border_width=&#8221;none&#8221; column_link=&#8221;https:\/\/drive.google.com\/open?id=1oGBV7nc7TDZ3gaUnvipJ0DhUD96qQ4f4&#8243;]<div class=\"divider-wrap\"><div style=\"height: 20px;\" class=\"divider\"><\/div><\/div>[vc_column_text]\n<h6 style=\"text-align: center;\"><span style=\"color: #ffffff;\">DO WYDRUKU<\/span><\/h6>\n[\/vc_column_text]<div class=\"divider-wrap\"><div style=\"margin-top: 7px; width: 200px; height: 1px; margin-bottom: 7px;\" data-width=\"200\" data-animate=\"\" data-animation-delay=\"\" data-color=\"default\" class=\"divider-small-border\"><\/div><\/div>[vc_column_text]\n<h2 style=\"text-align: center;\"><span style=\"color: #ffffff;\">JEZUIT\u00d3W W WILNIE<\/span><\/h2>\n[\/vc_column_text][\/vc_column][vc_column centered_text=&#8221;true&#8221; column_padding=&#8221;padding-15-percent&#8221; column_padding_position=&#8221;top-bottom&#8221; background_color=&#8221;#1e73be&#8221; background_color_opacity=&#8221;0.3&#8243; background_color_hover=&#8221;#268bff&#8221; background_hover_color_opacity=&#8221;0.6&#8243; background_image=&#8221;267&#8243; enable_bg_scale=&#8221;true&#8221; column_shadow=&#8221;none&#8221; column_border_radius=&#8221;3px&#8221; width=&#8221;1\/4&#8243; tablet_text_alignment=&#8221;default&#8221; phone_text_alignment=&#8221;default&#8221; column_border_width=&#8221;none&#8221; column_link=&#8221;https:\/\/drive.google.com\/open?id=1qVdbcet06Qm7PrIq7PDD04K1tFVKiZni&#8221;]<div class=\"divider-wrap\"><div style=\"height: 20px;\" class=\"divider\"><\/div><\/div>[vc_column_text]\n<h6 style=\"text-align: center;\"><span style=\"color: #ffffff;\">DO WYDRUKU<\/span><\/h6>\n[\/vc_column_text]<div class=\"divider-wrap\"><div style=\"margin-top: 7px; width: 200px; height: 1px; margin-bottom: 7px;\" data-width=\"200\" data-animate=\"\" data-animation-delay=\"\" data-color=\"default\" class=\"divider-small-border\"><\/div><\/div>[vc_column_text]\n<h2 style=\"text-align: center;\"><span style=\"color: #ffffff;\">FRANCISZKAN\u00d3W W WILNIE<\/span><\/h2>\n[\/vc_column_text][\/vc_column][vc_column centered_text=&#8221;true&#8221; column_padding=&#8221;padding-15-percent&#8221; column_padding_position=&#8221;top-bottom&#8221; background_color=&#8221;#1e73be&#8221; background_color_opacity=&#8221;0.3&#8243; background_color_hover=&#8221;#1e73be&#8221; background_hover_color_opacity=&#8221;0.6&#8243; background_image=&#8221;6157&#8243; enable_bg_scale=&#8221;true&#8221; column_shadow=&#8221;none&#8221; column_border_radius=&#8221;3px&#8221; width=&#8221;1\/4&#8243; tablet_text_alignment=&#8221;default&#8221; phone_text_alignment=&#8221;default&#8221; column_border_width=&#8221;none&#8221; column_link=&#8221;https:\/\/drive.google.com\/open?id=1XS2VY_ZQC7zsgbY6ceSFyidVL0TndPIQ&#8221;]<div class=\"divider-wrap\"><div style=\"height: 20px;\" class=\"divider\"><\/div><\/div>[vc_column_text]\n<h6 style=\"text-align: center;\"><span style=\"color: #ffffff;\">DO WYDRUKU<\/span><\/h6>\n[\/vc_column_text]<div class=\"divider-wrap\"><div style=\"margin-top: 7px; width: 200px; height: 1px; margin-bottom: 7px;\" data-width=\"200\" data-animate=\"\" data-animation-delay=\"\" data-color=\"default\" class=\"divider-small-border\"><\/div><\/div>[vc_column_text]\n<h2 style=\"text-align: center;\"><span style=\"color: #ffffff;\">DOMINIKAN\u00d3W W WILNIE<\/span><\/h2>\n[\/vc_column_text][\/vc_column][\/vc_row][vc_row type=&#8221;in_container&#8221; full_screen_row_position=&#8221;middle&#8221; scene_position=&#8221;center&#8221; text_color=&#8221;dark&#8221; text_align=&#8221;left&#8221; overlay_strength=&#8221;0.3&#8243; shape_divider_position=&#8221;bottom&#8221;][vc_column column_padding=&#8221;no-extra-padding&#8221; column_padding_position=&#8221;all&#8221; background_color_opacity=&#8221;1&#8243; background_hover_color_opacity=&#8221;1&#8243; column_shadow=&#8221;none&#8221; column_border_radius=&#8221;none&#8221; width=&#8221;1\/1&#8243; tablet_text_alignment=&#8221;default&#8221; phone_text_alignment=&#8221;default&#8221; column_border_width=&#8221;none&#8221; column_border_style=&#8221;solid&#8221;]<div class=\"divider-wrap\"><div style=\"height: 25px;\" class=\"divider\"><\/div><\/div>[\/vc_column][\/vc_row][vc_row type=&#8221;in_container&#8221; full_screen_row_position=&#8221;middle&#8221; scene_position=&#8221;center&#8221; text_color=&#8221;dark&#8221; text_align=&#8221;left&#8221; overlay_strength=&#8221;0.3&#8243; shape_divider_position=&#8221;bottom&#8221;][vc_column column_padding=&#8221;no-extra-padding&#8221; column_padding_position=&#8221;all&#8221; background_color_opacity=&#8221;1&#8243; background_hover_color_opacity=&#8221;1&#8243; column_shadow=&#8221;none&#8221; column_border_radius=&#8221;none&#8221; width=&#8221;1\/1&#8243; tablet_text_alignment=&#8221;default&#8221; phone_text_alignment=&#8221;default&#8221; column_border_width=&#8221;none&#8221; column_border_style=&#8221;solid&#8221;]<div class=\"divider-wrap\"><div style=\"height: 50px;\" class=\"divider\"><\/div><\/div>[\/vc_column][\/vc_row]\n","protected":false},"excerpt":{"rendered":"<p>[vc_row type=&#8221;in_container&#8221; full_screen_row_position=&#8221;middle&#8221; scene_position=&#8221;center&#8221; text_color=&#8221;dark&#8221; text_align=&#8221;left&#8221; overlay_strength=&#8221;0.3&#8243; shape_divider_position=&#8221;bottom&#8221;][vc_column centered_text=&#8221;true&#8221; column_padding=&#8221;no-extra-padding&#8221; column_&#8230;<\/p>\n","protected":false},"author":2,"featured_media":244,"parent":49,"menu_order":0,"comment_status":"closed","ping_status":"closed","template":"","meta":{"footnotes":""},"class_list":["post-1629","page","type-page","status-publish","has-post-thumbnail","hentry"],"_links":{"self":[{"href":"https:\/\/cityofmercy.lt\/pl_PL\/wp-json\/wp\/v2\/pages\/1629","targetHints":{"allow":["GET"]}}],"collection":[{"href":"https:\/\/cityofmercy.lt\/pl_PL\/wp-json\/wp\/v2\/pages"}],"about":[{"href":"https:\/\/cityofmercy.lt\/pl_PL\/wp-json\/wp\/v2\/types\/page"}],"author":[{"embeddable":true,"href":"https:\/\/cityofmercy.lt\/pl_PL\/wp-json\/wp\/v2\/users\/2"}],"replies":[{"embeddable":true,"href":"https:\/\/cityofmercy.lt\/pl_PL\/wp-json\/wp\/v2\/comments?post=1629"}],"version-history":[{"count":39,"href":"https:\/\/cityofmercy.lt\/pl_PL\/wp-json\/wp\/v2\/pages\/1629\/revisions"}],"predecessor-version":[{"id":7031,"href":"https:\/\/cityofmercy.lt\/pl_PL\/wp-json\/wp\/v2\/pages\/1629\/revisions\/7031"}],"up":[{"embeddable":true,"href":"https:\/\/cityofmercy.lt\/pl_PL\/wp-json\/wp\/v2\/pages\/49"}],"wp:featuredmedia":[{"embeddable":true,"href":"https:\/\/cityofmercy.lt\/pl_PL\/wp-json\/wp\/v2\/media\/244"}],"wp:attachment":[{"href":"https:\/\/cityofmercy.lt\/pl_PL\/wp-json\/wp\/v2\/media?parent=1629"}],"curies":[{"name":"wp","href":"https:\/\/api.w.org\/{rel}","templated":true}]}}