{"id":162,"date":"2017-11-30T16:22:43","date_gmt":"2017-11-30T16:22:43","guid":{"rendered":"http:\/\/cityofmercy.lt\/?page_id=162"},"modified":"2021-05-27T17:44:44","modified_gmt":"2021-05-27T14:44:44","slug":"vilniaus-kalvariju-sv-kryziaus-atradimo-baznycia","status":"publish","type":"page","link":"https:\/\/cityofmercy.lt\/pl_PL\/objektai\/vilniaus-kalvariju-sv-kryziaus-atradimo-baznycia\/","title":{"rendered":"Ko\u015bci\u00f3\u0142 Znalezienia Krzy\u017ca \u015awi\u0119tego w Kalwarii Wile\u0144skiej"},"content":{"rendered":"[vc_row type=&#8221;in_container&#8221; full_screen_row_position=&#8221;middle&#8221; scene_position=&#8221;center&#8221; text_color=&#8221;dark&#8221; text_align=&#8221;left&#8221; overlay_strength=&#8221;0.3&#8243; shape_divider_position=&#8221;bottom&#8221;][vc_column centered_text=&#8221;true&#8221; column_padding=&#8221;no-extra-padding&#8221; column_padding_position=&#8221;all&#8221; background_color_opacity=&#8221;1&#8243; background_hover_color_opacity=&#8221;1&#8243; column_shadow=&#8221;none&#8221; column_border_radius=&#8221;none&#8221; width=&#8221;1\/1&#8243; tablet_text_alignment=&#8221;default&#8221; phone_text_alignment=&#8221;default&#8221; column_border_width=&#8221;none&#8221; column_border_style=&#8221;solid&#8221;][vc_column_text]\n<h4><strong>Ko\u015bci\u00f3\u0142 Znalezienia Krzy\u017ca \u015awi\u0119tego w Kalwarii Wile\u0144skiej<\/strong><\/h4>\n[\/vc_column_text]<div class=\"divider-wrap\"><div style=\"margin-top: 25px; height: 1px; margin-bottom: 25px;\" data-width=\"100%\" data-animate=\"\" data-animation-delay=\"\" data-color=\"default\" class=\"divider-border\"><\/div><\/div>[\/vc_column][\/vc_row][vc_row type=&#8221;in_container&#8221; full_screen_row_position=&#8221;middle&#8221; scene_position=&#8221;center&#8221; text_color=&#8221;dark&#8221; text_align=&#8221;left&#8221; overlay_strength=&#8221;0.3&#8243; shape_divider_position=&#8221;bottom&#8221;][vc_column column_padding=&#8221;no-extra-padding&#8221; column_padding_position=&#8221;all&#8221; background_color_opacity=&#8221;1&#8243; background_hover_color_opacity=&#8221;1&#8243; column_shadow=&#8221;none&#8221; column_border_radius=&#8221;none&#8221; top_margin=&#8221;-30&#8243; width=&#8221;1\/1&#8243; tablet_text_alignment=&#8221;default&#8221; phone_text_alignment=&#8221;default&#8221; column_border_width=&#8221;none&#8221; column_border_style=&#8221;solid&#8221;][vc_row_inner column_margin=&#8221;default&#8221; text_align=&#8221;left&#8221;][vc_column_inner column_padding=&#8221;no-extra-padding&#8221; column_padding_position=&#8221;all&#8221; background_color_opacity=&#8221;1&#8243; background_hover_color_opacity=&#8221;1&#8243; column_shadow=&#8221;none&#8221; column_border_radius=&#8221;none&#8221; width=&#8221;1\/2&#8243; column_border_width=&#8221;none&#8221; column_border_style=&#8221;solid&#8221;][nectar_image_with_hotspots image=&#8221;489&#8243; preview=&#8221;http:\/\/cityofmercy.lt\/wp-content\/uploads\/2017\/12\/KALVARIJU.jpg&#8221; color_1=&#8221;Accent-Color&#8221; hotspot_icon=&#8221;plus_sign&#8221; tooltip=&#8221;hover&#8221; tooltip_shadow=&#8221;medium_depth&#8221; animation=&#8221;true&#8221;][nectar_hotspot left=&#8221;35.737245187819376%&#8221; top=&#8221;33.94129531188581%&#8221; position=&#8221;right&#8221;]Ko\u015bci\u00f3\u0142 Znalezienia Krzy\u017ca \u015awi\u0119tego jest kompozycyjnym i ideowym centrum Kalwarii Wile\u0144skiej. Wysokie wzg\u00f3rze, na kt\u00f3rym zosta\u0142 wzniesiony Ko\u015bci\u00f3\u0142, w topografii Kalwarii odpowiada G\u00f3rze Golgoty. O\u0142tarz Wielki, zwany inaczej o\u0142tarzem Chrystusa Ukrzy\u017cowanego, jest najwa\u017cniejsz\u0105 stacj\u0105 Drogi Krzy\u017cowej ku czci \u015bmierci Zbawiciela na Krzy\u017cu. Wisz\u0105ca w O\u0142tarzu figura Chrystusa Ukrzy\u017cowanego uchodzi w\u015br\u00f3d wiernych za cudown\u0105. Relikwia \u015bw. Krzy\u017ca jest wystawiona pod szklanym kloszem w o\u0142tarzu Matki Boskiej Bolesnej.[\/nectar_hotspot][\/nectar_image_with_hotspots]<div class=\"divider-wrap\"><div style=\"height: 20px;\" class=\"divider\"><\/div><\/div>[vc_column_text]<strong>Ko\u015bci\u00f3\u0142 zalicza si\u0119 do<\/strong> <a href=\"https:\/\/cityofmercy.lt\/pl_PL\/marsrutai\/marijos-gerbimo-vietos\/\">Szlaku Maryjnego<\/a>, <a href=\"https:\/\/cityofmercy.lt\/pl_PL\/marsrutai\/dominikonai-vilniuje\/\">Dominika\u0144skiego w Wilnie<\/a>, <a href=\"https:\/\/cityofmercy.lt\/pl_PL\/marsrutai\/sv-jono-pauliaus-ii-ojo-kelias\/\">\u015bw. Jana Paw\u0142a II<\/a> i <a href=\"https:\/\/cityofmercy.lt\/pl_PL\/marsrutai\/vilniaus-kalvariju-kryziaus-kelias\/\">Drogi\u00a0Krzy\u017cowej w Kalwarii.<\/a>[\/vc_column_text]<div class=\"divider-wrap\"><div style=\"height: 20px;\" class=\"divider\"><\/div><\/div>[vc_column_text]\n<div class=\"wpb_text_column wpb_content_element \" style=\"text-align: justify;\">\n<div class=\"wpb_wrapper\">\n<p>Droga Krzy\u017cowa w Kalwarii Wile\u0144skiej zosta\u0142a przygotowana w podzi\u0119ce Bogu za zwyci\u0119stwo nad\u00a0wojskiem carskiej Rosji i po\u015bwi\u0119cona w 1669 r. Dominikanie z klasztoru Ducha \u015awi\u0119tego w Wilnie\u00a0piel\u0119gnuj\u0105cy to miejsce, wspierani przez mo\u017cnow\u0142adc\u00f3w i wznios\u0142ych duchownych, w 1772 r.\u00a0zbudowali tu Ko\u015bci\u00f3\u0142 Znalezienia Krzy\u017ca \u015awi\u0119tego i 20 nowych kaplic. Do XX w. kompleks rzadko\u00a0ulega\u0142 zmianom. Wi\u0119cej szk\u00f3d dokona\u0142a tylko armia napoleo\u0144ska i bolszewicy. W 1962 r. na rozkaz\u00a0w\u0142adz radzieckich, w ci\u0105gu jednej nocy wysadzono niemal wszystkie stacje Drogi Krzy\u017cowej, nie\u00a0powstrzyma\u0142o to jednak ludzi przed piel\u0119gnowaniem kultu M\u0119ki Pa\u0144skiej. Drog\u0119 Krzy\u017cow\u0105\u00a0przemierzali cz\u0142onkowie potajemnych wsp\u00f3lnot zakonnych i grupy wiernych. Odbudow\u0119 stacji Drogi\u00a0Krzy\u017cowej rozpocz\u0119to jedynie po odzyskaniu przez Litw\u0119 niepodleg\u0142o\u015bci i zako\u0144czono w 2002 r.\u00a0D\u0142ugo\u015b\u0107 obecnej Drogi Krzy\u017cowej w Kalwarii wynosi 7 km i sk\u0142ada si\u0119 z 35 stacji.<\/p>\n<p>Ko\u015bci\u00f3\u0142 Znalezienia Krzy\u017ca \u015awi\u0119tego jest kompozycyjnym i ideowym centrum Kalwarii Wile\u0144skiej.\u00a0Wysokie wzg\u00f3rze, na kt\u00f3rym zosta\u0142 wzniesiony Ko\u015bci\u00f3\u0142, w topografii Kalwarii odpowiada G\u00f3rze\u00a0Golgoty. O\u0142tarz Wielki, zwany inaczej o\u0142tarzem Chrystusa Ukrzy\u017cowanego, jest najwa\u017cniejsz\u0105 stacj\u0105\u00a0Drogi Krzy\u017cowej ku czci \u015bmierci Zbawiciela na Krzy\u017cu. Wisz\u0105ca w O\u0142tarzu figura Chrystusa\u00a0Ukrzy\u017cowanego uchodzi w\u015br\u00f3d wiernych za cudown\u0105. Relikwia \u015bw. Krzy\u017ca jest wystawiona pod\u00a0szklanym kloszem w o\u0142tarzu Matki Boskiej Bolesnej. \u015aciany i sklepienia Ko\u015bcio\u0142a zdobi\u0105 spektakularne\u00a0freski z ko\u0144ca XVIII w.<\/p>\n<p>W o\u0142tarzu Naj\u015bwi\u0119tszej Maryi Panny w lewej nawie czczony jest obraz Naj\u015bwi\u0119tszej Maryi Panny\u00a0Bolesnej. Nad Obrazem Jezusa Mi\u0142osiernego znajduje si\u0119 charakterystyczny dla Dominikan\u00f3w obraz\u00a0Naj\u015bwi\u0119tszej Maryi Panny R\u00f3\u017ca\u0144cowej namalowany w XVII w. W lewej nawie mie\u015bci si\u0119 o\u0142tarz\u00a0\u015bw. Hiacynta (Jacka), pami\u0119taj\u0105cy czasy Dominikan\u00f3w.<\/p>\n<\/div>\n<\/div>\n[\/vc_column_text][\/vc_column_inner][vc_column_inner column_padding=&#8221;no-extra-padding&#8221; column_padding_position=&#8221;all&#8221; background_color_opacity=&#8221;1&#8243; background_hover_color_opacity=&#8221;1&#8243; column_shadow=&#8221;none&#8221; column_border_radius=&#8221;none&#8221; width=&#8221;1\/2&#8243; column_border_width=&#8221;none&#8221; column_border_style=&#8221;solid&#8221;]<div class=\"iwithtext\"><div class=\"iwt-icon\"> <i class=\"icon-default-style icon-map-marker accent-color\"><\/i> <\/div><div class=\"iwt-text\"> <a href=\"https:\/\/goo.gl\/maps\/mMBBVYJdeXaTEQQ48\" target=\"_blank\" rel=\"noopener\">ul. Kalvarij\u0173 327, Wilno<\/a> <\/div><div class=\"clear\"><\/div><\/div><div class=\"iwithtext\"><div class=\"iwt-icon\"> <i class=\"icon-default-style icon-time accent-color\"><\/i> <\/div><div class=\"iwt-text\"> Ko\u015bci\u00f3\u0142 otwierany jest na godzin\u0119 przed Msz\u0105 \u015bwi\u0119t\u0105 <\/div><div class=\"clear\"><\/div><\/div><div class=\"iwithtext\"><div class=\"iwt-icon\"> <img decoding=\"async\" src=\"https:\/\/cityofmercy.lt\/wp-content\/uploads\/2017\/12\/taurinis.png\" alt=\"\" \/> <\/div><div class=\"iwt-text\"> <strong>Msza \u015bwi\u0119ta (j. litewski)<\/strong><br \/>\nI\u2013V: 7.00, 19.00<br \/>\nVI: 19.00<br \/>\nVII: 10.30 (dla dzieci), 12.00, 16.00 (dla m\u0142odzie\u017cy) <\/div><div class=\"clear\"><\/div><\/div><div class=\"iwithtext\"><div class=\"iwt-icon\">  <\/div><div class=\"iwt-text\"> <strong>Msza \u015bwi\u0119ta (j. polski)<\/strong><br \/>\nI\u2013VI: 13.00, 18.00<br \/>\nVII: 7.00, 9.00, 13.30 <\/div><div class=\"clear\"><\/div><\/div><div class=\"iwithtext\"><div class=\"iwt-icon\"> <i class=\"icon-default-style icon-calendar accent-color\"><\/i> <\/div><div class=\"iwt-text\"> <strong>Odpust<\/strong><br \/>\n<a href=\"https:\/\/cityofmercy.lt\/pl_PL\/renginiai\/sekmines-vilniaus-kalvarijose\/\" target=\"_blank\" rel=\"noopener\">Zielone \u015awi\u0105tki<\/a><br \/>\nUczczenie relikwii Krzy\u017ca \u015awi\u0119tego \u2013 dnia 14 ka\u017cdego miesi\u0105ca. Msza\u00a0\u015bwi\u0119ta w\u00a0Ko\u015bciele o godz.\u00a012.00 (j. litewski), 13.30 (j. polski).<br \/>\nPielgrzymi przemierzaj\u0105cy Drog\u0119 Krzy\u017cow\u0105 otrzymuj\u0105 odpust od pierwszej niedzieli maja do dnia 14\u00a0wrze\u015bnia. <\/div><div class=\"clear\"><\/div><\/div><div class=\"iwithtext\"><div class=\"iwt-icon\"> <i class=\"icon-default-style icon-envelope accent-color\"><\/i> <\/div><div class=\"iwt-text\"> info@vilniauskalvarijos.lt <\/div><div class=\"clear\"><\/div><\/div><div class=\"iwithtext\"><div class=\"iwt-icon\"> <i class=\"icon-default-style icon-globe accent-color\"><\/i> <\/div><div class=\"iwt-text\"> <a href=\"http:\/\/www.vilniauskalvarijos.lt\" target=\"_blank\" rel=\"noopener\">www.vilniauskalvarijos.lt<\/a> <\/div><div class=\"clear\"><\/div><\/div>[\/vc_column_inner][\/vc_row_inner][\/vc_column][\/vc_row][vc_row type=&#8221;in_container&#8221; full_screen_row_position=&#8221;middle&#8221; scene_position=&#8221;center&#8221; text_color=&#8221;dark&#8221; text_align=&#8221;left&#8221; overlay_strength=&#8221;0.3&#8243; shape_divider_position=&#8221;bottom&#8221;][vc_column column_padding=&#8221;no-extra-padding&#8221; column_padding_position=&#8221;all&#8221; background_color_opacity=&#8221;1&#8243; background_hover_color_opacity=&#8221;1&#8243; column_shadow=&#8221;none&#8221; column_border_radius=&#8221;none&#8221; width=&#8221;1\/1&#8243; tablet_text_alignment=&#8221;default&#8221; phone_text_alignment=&#8221;default&#8221; column_border_width=&#8221;none&#8221; column_border_style=&#8221;solid&#8221;]<div class=\"divider-wrap\"><div style=\"height: 200px;\" class=\"divider\"><\/div><\/div>[\/vc_column][\/vc_row]\n","protected":false},"excerpt":{"rendered":"<p>[vc_row type=&#8221;in_container&#8221; full_screen_row_position=&#8221;middle&#8221; scene_position=&#8221;center&#8221; text_color=&#8221;dark&#8221; text_align=&#8221;left&#8221; overlay_strength=&#8221;0.3&#8243; shape_divider_position=&#8221;bottom&#8221;][vc_column centered_text=&#8221;true&#8221; column_padding=&#8221;no-extra-padding&#8221; column_&#8230;<\/p>\n","protected":false},"author":2,"featured_media":545,"parent":38,"menu_order":0,"comment_status":"closed","ping_status":"closed","template":"","meta":{"footnotes":""},"class_list":["post-162","page","type-page","status-publish","has-post-thumbnail","hentry"],"_links":{"self":[{"href":"https:\/\/cityofmercy.lt\/pl_PL\/wp-json\/wp\/v2\/pages\/162","targetHints":{"allow":["GET"]}}],"collection":[{"href":"https:\/\/cityofmercy.lt\/pl_PL\/wp-json\/wp\/v2\/pages"}],"about":[{"href":"https:\/\/cityofmercy.lt\/pl_PL\/wp-json\/wp\/v2\/types\/page"}],"author":[{"embeddable":true,"href":"https:\/\/cityofmercy.lt\/pl_PL\/wp-json\/wp\/v2\/users\/2"}],"replies":[{"embeddable":true,"href":"https:\/\/cityofmercy.lt\/pl_PL\/wp-json\/wp\/v2\/comments?post=162"}],"version-history":[{"count":71,"href":"https:\/\/cityofmercy.lt\/pl_PL\/wp-json\/wp\/v2\/pages\/162\/revisions"}],"predecessor-version":[{"id":6058,"href":"https:\/\/cityofmercy.lt\/pl_PL\/wp-json\/wp\/v2\/pages\/162\/revisions\/6058"}],"up":[{"embeddable":true,"href":"https:\/\/cityofmercy.lt\/pl_PL\/wp-json\/wp\/v2\/pages\/38"}],"wp:featuredmedia":[{"embeddable":true,"href":"https:\/\/cityofmercy.lt\/pl_PL\/wp-json\/wp\/v2\/media\/545"}],"wp:attachment":[{"href":"https:\/\/cityofmercy.lt\/pl_PL\/wp-json\/wp\/v2\/media?parent=162"}],"curies":[{"name":"wp","href":"https:\/\/api.w.org\/{rel}","templated":true}]}}