{"id":155,"date":"2017-11-30T16:20:15","date_gmt":"2017-11-30T16:20:15","guid":{"rendered":"http:\/\/cityofmercy.lt\/?page_id=155"},"modified":"2021-05-27T18:16:16","modified_gmt":"2021-05-27T15:16:16","slug":"traku-svc-mergeles-marijos-apsilankymo-bazilika","status":"publish","type":"page","link":"https:\/\/cityofmercy.lt\/pl_PL\/objektai\/traku-svc-mergeles-marijos-apsilankymo-bazilika\/","title":{"rendered":"Bazylika Nawiedzenia Naj\u015bwi\u0119tszej Maryi Panny w Trokach"},"content":{"rendered":"[vc_row type=&#8221;in_container&#8221; full_screen_row_position=&#8221;middle&#8221; scene_position=&#8221;center&#8221; text_color=&#8221;dark&#8221; text_align=&#8221;left&#8221; overlay_strength=&#8221;0.3&#8243; shape_divider_position=&#8221;bottom&#8221;][vc_column centered_text=&#8221;true&#8221; column_padding=&#8221;no-extra-padding&#8221; column_padding_position=&#8221;all&#8221; background_color_opacity=&#8221;1&#8243; background_hover_color_opacity=&#8221;1&#8243; column_shadow=&#8221;none&#8221; column_border_radius=&#8221;none&#8221; width=&#8221;1\/1&#8243; tablet_text_alignment=&#8221;default&#8221; phone_text_alignment=&#8221;default&#8221; column_border_width=&#8221;none&#8221; column_border_style=&#8221;solid&#8221;][vc_column_text]\n<h4><strong>Bazylika Nawiedzenia Naj\u015bwi\u0119tszej Maryi Panny w Trokach<\/strong><\/h4>\n[\/vc_column_text]<div class=\"divider-wrap\"><div style=\"margin-top: 25px; height: 1px; margin-bottom: 25px;\" data-width=\"100%\" data-animate=\"\" data-animation-delay=\"\" data-color=\"default\" class=\"divider-border\"><\/div><\/div>[\/vc_column][\/vc_row][vc_row type=&#8221;in_container&#8221; full_screen_row_position=&#8221;middle&#8221; scene_position=&#8221;center&#8221; text_color=&#8221;dark&#8221; text_align=&#8221;left&#8221; overlay_strength=&#8221;0.3&#8243; shape_divider_position=&#8221;bottom&#8221;][vc_column column_padding=&#8221;no-extra-padding&#8221; column_padding_position=&#8221;all&#8221; background_color_opacity=&#8221;1&#8243; background_hover_color_opacity=&#8221;1&#8243; column_shadow=&#8221;none&#8221; column_border_radius=&#8221;none&#8221; top_margin=&#8221;-30&#8243; width=&#8221;1\/1&#8243; tablet_text_alignment=&#8221;default&#8221; phone_text_alignment=&#8221;default&#8221; column_border_width=&#8221;none&#8221; column_border_style=&#8221;solid&#8221;][vc_row_inner column_margin=&#8221;default&#8221; text_align=&#8221;left&#8221;][vc_column_inner column_padding=&#8221;no-extra-padding&#8221; column_padding_position=&#8221;all&#8221; background_color_opacity=&#8221;1&#8243; background_hover_color_opacity=&#8221;1&#8243; column_shadow=&#8221;none&#8221; column_border_radius=&#8221;none&#8221; width=&#8221;1\/2&#8243; column_border_width=&#8221;none&#8221; column_border_style=&#8221;solid&#8221;][nectar_video_lightbox link_style=&#8221;play_button_2&#8243; nectar_play_button_color=&#8221;Default-Accent-Color&#8221; image_url=&#8221;504&#8243; hover_effect=&#8221;defaut&#8221; box_shadow=&#8221;none&#8221; border_radius=&#8221;none&#8221; play_button_size=&#8221;default&#8221; video_url=&#8221;https:\/\/www.youtube.com\/watch?v=-p1KojinfQI&#8221;]<div class=\"divider-wrap\"><div style=\"height: 20px;\" class=\"divider\"><\/div><\/div>[vc_column_text]<strong>Ko\u015bci\u00f3\u0142 zalicza si\u0119 do<\/strong> <a href=\"https:\/\/cityofmercy.lt\/pl_PL\/marsrutai\/sv-jono-pauliaus-ii-ojo-kelias\/\">Szlaku \u015bw. Jana Paw\u0142a II<\/a> i <a href=\"https:\/\/cityofmercy.lt\/pl_PL\/marsrutai\/marijos-gerbimo-vietos\/\">Szlaku Maryjnego<\/a>.[\/vc_column_text]<div class=\"divider-wrap\"><div style=\"height: 20px;\" class=\"divider\"><\/div><\/div>[vc_column_text]\n<p style=\"text-align: justify;\">\u015aw. Jana Paw\u0142a II cechowa\u0142a szczeg\u00f3lna pobo\u017cno\u015b\u0107 maryjna. Jako swoje motto apostolskie wybra\u0142\u00a0s\u0142owa \u201eTotus Tuus\u201d (Ca\u0142y Tw\u00f3j), b\u0119d\u0105ce wyznaniem mi\u0142o\u015bci i wiary wzgl\u0119dem Naj\u015bwi\u0119tszej Maryi\u00a0Panny. Ko\u015bci\u00f3\u0142 Nawiedzenia Naj\u015bwi\u0119tszej Maryi Panny w Trokach, kt\u00f3rego o\u0142tarz zdobi s\u0142yn\u0105cy z \u0142ask\u00a0obraz Matki Boskiej Trockiej \u2013 patronki Litwy, \u015bwiadczy o g\u0142\u0119bokiej pobo\u017cno\u015bci maryjnej Litwin\u00f3w.<\/p>\n<p style=\"text-align: justify;\"><strong>Jest to pierwszy na Litwie wizerunek Maryi, ukoronowany koronami papieskimi dnia\u00a04 wrze\u015bnia 1718 r., kt\u00f3remu nadano tytu\u0142 Or\u0119downiczki Chorych.<\/strong><\/p>\n<p style=\"text-align: justify;\">Ko\u015bci\u00f3\u0142 zbudowano z inicjatywy Wielkiego Ksi\u0119cia Litewskiego Witolda w 1409 r. i otrzyma\u0142 tytu\u0142\u00a0Nawiedzenia Naj\u015bwi\u0119tszej Maryi Panny u El\u017cbiety. W tradycji chrze\u015bcija\u0144skiej wydarzenie to\u00a0rozumiane jest jako zetkni\u0119cie si\u0119 Starego i Nowego Przymierza. \u015aciany wn\u0119trza Ko\u015bcio\u0142a z XV w. by\u0142y\u00a0udekorowane dzie\u0142ami malarskimi w stylu bizantyjskim, pierwsze ich fragmenty ods\u0142oni\u0119to w 2006 r.\u00a0Freski przedstawiaj\u0105 sceny ze Starego i Nowego Testamentu. W Ko\u015bciele tym od dawna ze szczeg\u00f3ln\u0105\u00a0\u017carliwo\u015bci\u0105 praktykuje si\u0119 modlitw\u0119 r\u00f3\u017ca\u0144cow\u0105, dlatego w boczny o\u0142tarz Naj\u015bwi\u0119tszej Maryi Panny\u00a0R\u00f3\u017ca\u0144cowej, usytuowany przy p\u00f3\u0142nocno-wschodnim filarze, wkomponowano obraz \u201eMatki Boskiej\u00a0R\u00f3\u017ca\u0144cowej ze \u015bw. Dominikiem i \u015bw. Katarzyn\u0105 Siene\u0144sk\u0105\u201d, namalowany w XVII w.<\/p>\n<p style=\"text-align: justify;\">Ko\u015bcio\u0142a nigdy nie\u00a0zamkni\u0119to, nie przekazano wyznawcom innej konfesji i nie wykorzystywano niezgodnie z jego\u00a0przeznaczeniem, dlatego uznawany jest za unikalny zabytek wiary i historii kultury litewskiej, kt\u00f3ry\u00a0zachowuje dziedzictwo Ko\u015bcio\u0142a i sztuki, obejmuj\u0105ce sze\u015b\u0107 stuleci.<\/p>\n<p style=\"text-align: justify;\">Na obrazie Wielkiego O\u0142tarza widnieje <strong>Matka Boska Hodegetria<\/strong> (z grec. Wskazuj\u0105ca Drog\u0119),\u00a0namalowana w stylu bizantyjskim. Na Jej lewym kolanie siedzi Dzieci\u0105tko Jezus w purpurowej tunice,\u00a0kt\u00f3re w lewej r\u0119ce trzyma ksi\u0119g\u0119, za\u015b praw\u0105 wyci\u0105ga w kierunku trzech r\u00f3\u017c, trzymanych przez Matk\u0119,\u00a0a symbolizuj\u0105cych trzy cz\u0119\u015bci r\u00f3\u017ca\u0144ca. Obraz jest mocno kojarzony z postaci\u0105 ksi\u0119cia Witolda. Zapis z\u00a0XVII w. umieszczony na odwrocie obrazu g\u0142osi, \u017ce bizantyjski imperator Manuel II Paleolog podarowa\u0142\u00a0ten\u017ce obraz Witoldowi z okazji chrztu. Wizerunek Maryi stanowi\u0105cy pami\u0119\u0107 o Witoldzie i jego wielkiej\u00a0epoce umacnia\u0142 nar\u00f3d, dlatego przy nim modlili si\u0119 wysocy dygnitarze pa\u0144stwowi, mo\u017cnow\u0142adcy,\u00a0t\u0142umy ludzi przybywa\u0142y z najr\u00f3\u017cniejszych miejsc.<\/p>\n[\/vc_column_text][\/vc_column_inner][vc_column_inner column_padding=&#8221;no-extra-padding&#8221; column_padding_position=&#8221;all&#8221; background_color_opacity=&#8221;1&#8243; background_hover_color_opacity=&#8221;1&#8243; column_shadow=&#8221;none&#8221; column_border_radius=&#8221;none&#8221; width=&#8221;1\/2&#8243; column_border_width=&#8221;none&#8221; column_border_style=&#8221;solid&#8221;]<div class=\"iwithtext\"><div class=\"iwt-icon\"> <i class=\"icon-default-style icon-map-marker accent-color\"><\/i> <\/div><div class=\"iwt-text\"> <a href=\"https:\/\/goo.gl\/maps\/7ccps4U54PHzLoMg8\" target=\"_blank\" rel=\"noopener\">ul. Birut\u0117s 5, Troki<\/a> <\/div><div class=\"clear\"><\/div><\/div><div class=\"iwithtext\"><div class=\"iwt-icon\"> <i class=\"icon-default-style icon-time accent-color\"><\/i> <\/div><div class=\"iwt-text\"> <strong>Ko\u015bci\u00f3\u0142 czynny<\/strong><br \/>\nI\u2013VII: 9.00\u201319.00 <\/div><div class=\"clear\"><\/div><\/div><div class=\"iwithtext\"><div class=\"iwt-icon\"> <img decoding=\"async\" src=\"https:\/\/cityofmercy.lt\/wp-content\/uploads\/2017\/12\/taurinis.png\" alt=\"\" \/> <\/div><div class=\"iwt-text\"> <strong>Msza \u015bwi\u0119ta (j. litewski)<\/strong><br \/>\nI\u2013VI: 18.00<br \/>\nVII: 12.00 <\/div><div class=\"clear\"><\/div><\/div><div class=\"iwithtext\"><div class=\"iwt-icon\">  <\/div><div class=\"iwt-text\"> <strong>Msza \u015bwi\u0119ta (j. polski)<\/strong><br \/>\nI\u2013VI: 17.00<br \/>\nVII: 10.00 <\/div><div class=\"clear\"><\/div><\/div><div class=\"iwithtext\"><div class=\"iwt-icon\">  <\/div><div class=\"iwt-text\"> Akatyst na cze\u015b\u0107 Matki Boskiej rozbrzmiewa w pierwsz\u0105 niedziel\u0119 miesi\u0105ca \u2013 11.20 (j. litewski) <\/div><div class=\"clear\"><\/div><\/div><div class=\"iwithtext\"><div class=\"iwt-icon\"> <i class=\"icon-default-style icon-calendar accent-color\"><\/i> <\/div><div class=\"iwt-text\"> <strong>Odpust<\/strong><br \/>\nWniebowzi\u0119cia Naj\u015bwi\u0119tszej Marii Panny\u00a0\u2013 15 Sierpnia<br \/>\n<a href=\"https:\/\/cityofmercy.lt\/pl_PL\/renginiai\/traku-dievo-motinos-atlaidai-ir-paveikslo-karunavimo-300-metiniu-jubiliejus\/\" target=\"_blank\" rel=\"noopener\">Narodzenia Naj\u015bwi\u0119tszej Maryi Panny\u00a0(Trakin\u0117s)<\/a>\u00a0 \u2013\u00a0odpust obchodzony jest przez osiem dni w tym tygodniu\u00a0wrze\u015bnia, w kt\u00f3rym przypada 8 dzie\u0144. <\/div><div class=\"clear\"><\/div><\/div><div class=\"iwithtext\"><div class=\"iwt-icon\"> <i class=\"icon-default-style icon-globe accent-color\"><\/i> <\/div><div class=\"iwt-text\"> <a href=\"https:\/\/trakubazilika.lt\/\" target=\"_blank\" rel=\"noopener\">trakubazilika.lt<\/a> <\/div><div class=\"clear\"><\/div><\/div>[\/vc_column_inner][\/vc_row_inner][\/vc_column][\/vc_row][vc_row type=&#8221;in_container&#8221; full_screen_row_position=&#8221;middle&#8221; scene_position=&#8221;center&#8221; text_color=&#8221;dark&#8221; text_align=&#8221;left&#8221; overlay_strength=&#8221;0.3&#8243; shape_divider_position=&#8221;bottom&#8221;][vc_column column_padding=&#8221;no-extra-padding&#8221; column_padding_position=&#8221;all&#8221; background_color_opacity=&#8221;1&#8243; background_hover_color_opacity=&#8221;1&#8243; column_shadow=&#8221;none&#8221; column_border_radius=&#8221;none&#8221; width=&#8221;1\/1&#8243; tablet_text_alignment=&#8221;default&#8221; phone_text_alignment=&#8221;default&#8221; column_border_width=&#8221;none&#8221; column_border_style=&#8221;solid&#8221;]<div class=\"divider-wrap\"><div style=\"height: 200px;\" class=\"divider\"><\/div><\/div>[\/vc_column][\/vc_row]\n","protected":false},"excerpt":{"rendered":"<p>[vc_row type=&#8221;in_container&#8221; full_screen_row_position=&#8221;middle&#8221; scene_position=&#8221;center&#8221; text_color=&#8221;dark&#8221; text_align=&#8221;left&#8221; overlay_strength=&#8221;0.3&#8243; shape_divider_position=&#8221;bottom&#8221;][vc_column centered_text=&#8221;true&#8221; column_padding=&#8221;no-extra-padding&#8221; column_&#8230;<\/p>\n","protected":false},"author":2,"featured_media":632,"parent":38,"menu_order":0,"comment_status":"closed","ping_status":"closed","template":"","meta":{"footnotes":""},"class_list":["post-155","page","type-page","status-publish","has-post-thumbnail","hentry"],"_links":{"self":[{"href":"https:\/\/cityofmercy.lt\/pl_PL\/wp-json\/wp\/v2\/pages\/155","targetHints":{"allow":["GET"]}}],"collection":[{"href":"https:\/\/cityofmercy.lt\/pl_PL\/wp-json\/wp\/v2\/pages"}],"about":[{"href":"https:\/\/cityofmercy.lt\/pl_PL\/wp-json\/wp\/v2\/types\/page"}],"author":[{"embeddable":true,"href":"https:\/\/cityofmercy.lt\/pl_PL\/wp-json\/wp\/v2\/users\/2"}],"replies":[{"embeddable":true,"href":"https:\/\/cityofmercy.lt\/pl_PL\/wp-json\/wp\/v2\/comments?post=155"}],"version-history":[{"count":67,"href":"https:\/\/cityofmercy.lt\/pl_PL\/wp-json\/wp\/v2\/pages\/155\/revisions"}],"predecessor-version":[{"id":7869,"href":"https:\/\/cityofmercy.lt\/pl_PL\/wp-json\/wp\/v2\/pages\/155\/revisions\/7869"}],"up":[{"embeddable":true,"href":"https:\/\/cityofmercy.lt\/pl_PL\/wp-json\/wp\/v2\/pages\/38"}],"wp:featuredmedia":[{"embeddable":true,"href":"https:\/\/cityofmercy.lt\/pl_PL\/wp-json\/wp\/v2\/media\/632"}],"wp:attachment":[{"href":"https:\/\/cityofmercy.lt\/pl_PL\/wp-json\/wp\/v2\/media?parent=155"}],"curies":[{"name":"wp","href":"https:\/\/api.w.org\/{rel}","templated":true}]}}