{"id":153,"date":"2017-11-30T16:19:24","date_gmt":"2017-11-30T16:19:24","guid":{"rendered":"http:\/\/cityofmercy.lt\/?page_id=153"},"modified":"2021-05-27T15:51:36","modified_gmt":"2021-05-27T12:51:36","slug":"tabariskiu-sv-arkangelo-mykolo-baznycia","status":"publish","type":"page","link":"https:\/\/cityofmercy.lt\/pl_PL\/objektai\/tabariskiu-sv-arkangelo-mykolo-baznycia\/","title":{"rendered":"Ko\u015bci\u00f3\u0142 \u015aw. Micha\u0142a Archanio\u0142a w Taboryszkach"},"content":{"rendered":"[vc_row type=&#8221;in_container&#8221; full_screen_row_position=&#8221;middle&#8221; scene_position=&#8221;center&#8221; text_color=&#8221;dark&#8221; text_align=&#8221;left&#8221; overlay_strength=&#8221;0.3&#8243; shape_divider_position=&#8221;bottom&#8221;][vc_column column_padding=&#8221;no-extra-padding&#8221; column_padding_position=&#8221;all&#8221; background_color_opacity=&#8221;1&#8243; background_hover_color_opacity=&#8221;1&#8243; column_shadow=&#8221;none&#8221; column_border_radius=&#8221;none&#8221; width=&#8221;1\/1&#8243; tablet_text_alignment=&#8221;default&#8221; phone_text_alignment=&#8221;default&#8221; column_border_width=&#8221;none&#8221; column_border_style=&#8221;solid&#8221;][vc_column_text]\n<h4 style=\"text-align: center;\"><strong>Ko\u015bci\u00f3\u0142 \u015aw. Micha\u0142a Archanio\u0142a w Taboryszkach<\/strong><\/h4>\n[\/vc_column_text]<div class=\"divider-wrap\"><div style=\"margin-top: 25px; height: 1px; margin-bottom: 25px;\" data-width=\"100%\" data-animate=\"\" data-animation-delay=\"\" data-color=\"default\" class=\"divider-border\"><\/div><\/div>[\/vc_column][\/vc_row][vc_row type=&#8221;in_container&#8221; full_screen_row_position=&#8221;middle&#8221; scene_position=&#8221;center&#8221; text_color=&#8221;dark&#8221; text_align=&#8221;left&#8221; overlay_strength=&#8221;0.3&#8243; shape_divider_position=&#8221;bottom&#8221;][vc_column column_padding=&#8221;no-extra-padding&#8221; column_padding_position=&#8221;all&#8221; background_color_opacity=&#8221;1&#8243; background_hover_color_opacity=&#8221;1&#8243; column_shadow=&#8221;none&#8221; column_border_radius=&#8221;none&#8221; top_margin=&#8221;-30&#8243; width=&#8221;1\/1&#8243; tablet_text_alignment=&#8221;default&#8221; phone_text_alignment=&#8221;default&#8221; column_border_width=&#8221;none&#8221; column_border_style=&#8221;solid&#8221;][vc_row_inner column_margin=&#8221;default&#8221; text_align=&#8221;left&#8221;][vc_column_inner column_padding=&#8221;no-extra-padding&#8221; column_padding_position=&#8221;all&#8221; background_color_opacity=&#8221;1&#8243; background_hover_color_opacity=&#8221;1&#8243; column_shadow=&#8221;none&#8221; column_border_radius=&#8221;none&#8221; width=&#8221;1\/2&#8243; column_border_width=&#8221;none&#8221; column_border_style=&#8221;solid&#8221;][nectar_image_with_hotspots image=&#8221;503&#8243; preview=&#8221;https:\/\/cityofmercy.lt\/wp-content\/uploads\/2017\/12\/TABARI\u0160K\u0116S2.jpg&#8221; color_1=&#8221;Accent-Color&#8221; hotspot_icon=&#8221;plus_sign&#8221; tooltip=&#8221;hover&#8221; tooltip_shadow=&#8221;medium_depth&#8221; animation=&#8221;true&#8221;][nectar_hotspot left=&#8221;41.0971363635433%&#8221; top=&#8221;62.463311729191226%&#8221; position=&#8221;right&#8221;]W o\u0142tarzu g\u0142\u00f3wnym \u2013 charakterystyczny dla Ko\u015bcio\u0142\u00f3w karmelita\u0144skich obraz Naj\u015bwi\u0119tszej Maryi Panny Szkaplerznej (obraz jest wymieniany). Chocia\u017c obecny obraz powsta\u0142 po zamkni\u0119ciu klasztoru, jego ikonografia \u015bwiadczy o tradycji Karmelit\u00f3w i ich pobo\u017cno\u015bci wobec Kr\u00f3lowej Szkaplerza \u015bwi\u0119tego.[\/nectar_hotspot][\/nectar_image_with_hotspots]<div class=\"divider-wrap\"><div style=\"height: 20px;\" class=\"divider\"><\/div><\/div>[vc_column_text]<strong>Ko\u015bci\u00f3\u0142 zalicza si\u0119 do<\/strong> <a href=\"https:\/\/cityofmercy.lt\/pl_PL\/marsrutai\/gailestingumo-kelias\/\">Szlaku Bo\u017cego Mi\u0142osierdzia.<\/a>[\/vc_column_text]<div class=\"divider-wrap\"><div style=\"height: 20px;\" class=\"divider\"><\/div><\/div>[vc_column_text]\n<div class=\"wpb_text_column wpb_content_element \" style=\"text-align: justify;\">\n<div class=\"wpb_wrapper\">\n<p>\u015awie\u017co wy\u015bwi\u0119cony na ksi\u0119dza Micha\u0142 Sopo\u0107ko zosta\u0142 mianowany wikariuszem i pracowa\u0142 w parafii\u00a0\u015bw. Micha\u0142a Archanio\u0142a w Taboryszkach w latach 1914-1918. Uczy\u0142 m\u0142odzie\u017c i dzieci religii, za\u0142o\u017cy\u0142\u00a0ch\u00f3r parafialny, bibliotek\u0119. Odwiedza\u0142 te\u017c oddalone o kilka kilometr\u00f3w wsie Miedniki Kr\u00f3lewskie i\u00a0On\u017cad\u00f3w, gdzie p\u00f3\u017aniej urz\u0105dzi\u0142 kaplice. Jedn\u0105 z g\u0142\u00f3wnych ulic miasteczka nazwano imieniem\u00a0b\u0142. M. Sopo\u0107ki.<\/p>\n<p>Podobno pierwszy Ko\u015bci\u00f3\u0142 w tym miejscu zbudowa\u0142 Wojciech Tabor jeszcze na pocz\u0105tku XVI w., od\u00a0nazwiska kt\u00f3rego pochodzi nazwa w\u0142asno\u015bci. Brak jest jednak dok\u0142adnych informacji o losie Ko\u015bcio\u0142a.<\/p>\n<p>Fundatorem nowego Ko\u015bcio\u0142a i klasztoru by\u0142 Micha\u0142 Wa\u017cy\u0144ski faworyt kr\u00f3la Augusta III, piastuj\u0105cy\u00a0urz\u0105d pisarza Wielkiego Ksi\u0119stwa Litewskiego. \u015awi\u0105tynia, kt\u00f3rej nadano tytu\u0142 \u015bw. Micha\u0142a Archanio\u0142a-\u00a0fundatora patrona, zosta\u0142a ufundowana z przeznaczeniem na mauzoleum rodzinne, a Karmelici,\u00a0kt\u00f3rzy si\u0119 w jej pobli\u017cu osiedlili mieli si\u0119 stale modli\u0107 za swoich dobroczy\u0144c\u00f3w. Na pocz\u0105tku XIX w.\u00a0Karmelitom polecono opiece tak\u017ce parafi\u0119. Do czasu zamkni\u0119cia zakonu byli oni prawdziw\u0105 dusz\u0105\u00a0parafii \u2013 troszczyli si\u0119 o szko\u0142\u0119, utrzymywali szpital i przytu\u0142ek dla biednych. Po zniszczeniu klasztoru\u00a0w 1832 r., Ko\u015bci\u00f3\u0142 nadal dzia\u0142a\u0142.<\/p>\n<p>Budynek Ko\u015bcio\u0142a o formach architektonicznych charakterystycznych dla regionu etnograficznego\u00a0wyr\u00f3\u017cnia jedynie falisty fronton fasady, kt\u00f3ra jest pewnego rodzaju odtworzeniem plastyczno\u015bci\u00a0murowanych barokowych budowli. Wewn\u0105trz Ko\u015bcio\u0142a s\u0105 liczne drewniane strugane barokowe\u00a0o\u0142tarze i autentyczne detale dawnego wyposa\u017cenia, drewniane i metalowe relikwiarze o rozmaitych\u00a0formach i wyra\u017anych barwach, przechowuj\u0105ce relikwie r\u00f3\u017cnych m\u0119czennik\u00f3w i \u015bwi\u0119tych. \u015awiadczy to\u00a0o g\u0142\u0119bokiej wierze zwyk\u0142ych ludzi i szlachty z okresu Baroku za wstawiennictwem i obcowaniem\u00a0\u015bwi\u0119tych. Zachowa\u0142y si\u0119 stare liturgiczne szaty, naczynia, a na pocz\u0105tku XIX w. odlano w Wilnie\u00a0dzwon. Mi\u0119dzy obrazami o\u0142tarzy zachowa\u0142o si\u0119 te\u017c kilka warto\u015bciowych dzie\u0142. Jednym z\u00a0naj\u0142adniejszych prac malarskich w tym Ko\u015bciele jest \u2013 wizerunek Chrystusa z trzcin\u0105 w d\u0142oni.<\/p>\n<\/div>\n<\/div>\n[\/vc_column_text][\/vc_column_inner][vc_column_inner column_padding=&#8221;no-extra-padding&#8221; column_padding_position=&#8221;all&#8221; background_color_opacity=&#8221;1&#8243; background_hover_color_opacity=&#8221;1&#8243; column_shadow=&#8221;none&#8221; column_border_radius=&#8221;none&#8221; width=&#8221;1\/2&#8243; column_border_width=&#8221;none&#8221; column_border_style=&#8221;solid&#8221;]<div class=\"iwithtext\"><div class=\"iwt-icon\"> <i class=\"icon-default-style icon-map-marker accent-color\"><\/i> <\/div><div class=\"iwt-text\"> <a href=\"https:\/\/www.google.com\/maps\/place\/Tabari\u0161ki\u0173+\u0160v.+Arkangelo+Mykolo+ba\u017eny\u010dia\/@54.4389707,25.6057515,17z\/data=!3m1!4b1!4m5!3m4!1s0x46ddcecb289892f3:0xcd298fe1a5e98029!8m2!3d54.4389676!4d25.6079402\" target=\"_blank\" rel=\"noopener\">w. Taboryszki, rej. Solecznicki<\/a> <\/div><div class=\"clear\"><\/div><\/div><div class=\"iwithtext\"><div class=\"iwt-icon\"> <img decoding=\"async\" src=\"https:\/\/cityofmercy.lt\/wp-content\/uploads\/2017\/12\/taurinis.png\" alt=\"\" \/> <\/div><div class=\"iwt-text\"> <strong>Msza \u015bwi\u0119ta (j. polski)<\/strong><br \/>\nVII: 13.00 <\/div><div class=\"clear\"><\/div><\/div>[\/vc_column_inner][\/vc_row_inner][\/vc_column][\/vc_row][vc_row type=&#8221;in_container&#8221; full_screen_row_position=&#8221;middle&#8221; scene_position=&#8221;center&#8221; text_color=&#8221;dark&#8221; text_align=&#8221;left&#8221; overlay_strength=&#8221;0.3&#8243; shape_divider_position=&#8221;bottom&#8221;][vc_column column_padding=&#8221;no-extra-padding&#8221; column_padding_position=&#8221;all&#8221; background_color_opacity=&#8221;1&#8243; background_hover_color_opacity=&#8221;1&#8243; column_shadow=&#8221;none&#8221; column_border_radius=&#8221;none&#8221; width=&#8221;1\/1&#8243; tablet_text_alignment=&#8221;default&#8221; phone_text_alignment=&#8221;default&#8221; column_border_width=&#8221;none&#8221; column_border_style=&#8221;solid&#8221;]<div class=\"divider-wrap\"><div style=\"height: 200px;\" class=\"divider\"><\/div><\/div>[\/vc_column][\/vc_row]\n","protected":false},"excerpt":{"rendered":"<p>[vc_row type=&#8221;in_container&#8221; full_screen_row_position=&#8221;middle&#8221; scene_position=&#8221;center&#8221; text_color=&#8221;dark&#8221; text_align=&#8221;left&#8221; overlay_strength=&#8221;0.3&#8243; shape_divider_position=&#8221;bottom&#8221;][vc_column column_padding=&#8221;no-extra-padding&#8221; column_padding_position=&#8221;all&#8230;<\/p>\n","protected":false},"author":2,"featured_media":283,"parent":38,"menu_order":0,"comment_status":"closed","ping_status":"closed","template":"","meta":{"footnotes":""},"class_list":["post-153","page","type-page","status-publish","has-post-thumbnail","hentry"],"_links":{"self":[{"href":"https:\/\/cityofmercy.lt\/pl_PL\/wp-json\/wp\/v2\/pages\/153","targetHints":{"allow":["GET"]}}],"collection":[{"href":"https:\/\/cityofmercy.lt\/pl_PL\/wp-json\/wp\/v2\/pages"}],"about":[{"href":"https:\/\/cityofmercy.lt\/pl_PL\/wp-json\/wp\/v2\/types\/page"}],"author":[{"embeddable":true,"href":"https:\/\/cityofmercy.lt\/pl_PL\/wp-json\/wp\/v2\/users\/2"}],"replies":[{"embeddable":true,"href":"https:\/\/cityofmercy.lt\/pl_PL\/wp-json\/wp\/v2\/comments?post=153"}],"version-history":[{"count":41,"href":"https:\/\/cityofmercy.lt\/pl_PL\/wp-json\/wp\/v2\/pages\/153\/revisions"}],"predecessor-version":[{"id":5578,"href":"https:\/\/cityofmercy.lt\/pl_PL\/wp-json\/wp\/v2\/pages\/153\/revisions\/5578"}],"up":[{"embeddable":true,"href":"https:\/\/cityofmercy.lt\/pl_PL\/wp-json\/wp\/v2\/pages\/38"}],"wp:featuredmedia":[{"embeddable":true,"href":"https:\/\/cityofmercy.lt\/pl_PL\/wp-json\/wp\/v2\/media\/283"}],"wp:attachment":[{"href":"https:\/\/cityofmercy.lt\/pl_PL\/wp-json\/wp\/v2\/media?parent=153"}],"curies":[{"name":"wp","href":"https:\/\/api.w.org\/{rel}","templated":true}]}}