{"id":151,"date":"2017-11-30T16:18:12","date_gmt":"2017-11-30T16:18:12","guid":{"rendered":"http:\/\/cityofmercy.lt\/?page_id=151"},"modified":"2021-05-27T16:00:23","modified_gmt":"2021-05-27T13:00:23","slug":"svc-mergeles-marijos-emimo-i-dangu-baznycia-ir-pranciskonu-konventualu-vienuolynas","status":"publish","type":"page","link":"https:\/\/cityofmercy.lt\/pl_PL\/objektai\/svc-mergeles-marijos-emimo-i-dangu-baznycia-ir-pranciskonu-konventualu-vienuolynas\/","title":{"rendered":"Ko\u015bci\u00f3\u0142 Wniebowzi\u0119cia Naj\u015bwi\u0119tszej Maryi Panny przy Klasztorze Franciszkan\u00f3w Konwentualnych"},"content":{"rendered":"[vc_row type=&#8221;in_container&#8221; full_screen_row_position=&#8221;middle&#8221; scene_position=&#8221;center&#8221; text_color=&#8221;dark&#8221; text_align=&#8221;left&#8221; overlay_strength=&#8221;0.3&#8243; shape_divider_position=&#8221;bottom&#8221;][vc_column centered_text=&#8221;true&#8221; column_padding=&#8221;no-extra-padding&#8221; column_padding_position=&#8221;all&#8221; background_color_opacity=&#8221;1&#8243; background_hover_color_opacity=&#8221;1&#8243; column_shadow=&#8221;none&#8221; column_border_radius=&#8221;none&#8221; width=&#8221;1\/1&#8243; tablet_text_alignment=&#8221;default&#8221; phone_text_alignment=&#8221;default&#8221; column_border_width=&#8221;none&#8221; column_border_style=&#8221;solid&#8221;][vc_column_text]\n<h4><strong>Ko\u015bci\u00f3\u0142 Wniebowzi\u0119cia Naj\u015bwi\u0119tszej Maryi Panny przy Klasztorze Franciszkan\u00f3w Konwentualnych<\/strong><\/h4>\n[\/vc_column_text]<div class=\"divider-wrap\"><div style=\"margin-top: 25px; height: 1px; margin-bottom: 25px;\" data-width=\"100%\" data-animate=\"\" data-animation-delay=\"\" data-color=\"default\" class=\"divider-border\"><\/div><\/div>[\/vc_column][\/vc_row][vc_row type=&#8221;in_container&#8221; full_screen_row_position=&#8221;middle&#8221; scene_position=&#8221;center&#8221; text_color=&#8221;dark&#8221; text_align=&#8221;left&#8221; overlay_strength=&#8221;0.3&#8243; shape_divider_position=&#8221;bottom&#8221;][vc_column column_padding=&#8221;no-extra-padding&#8221; column_padding_position=&#8221;all&#8221; background_color_opacity=&#8221;1&#8243; background_hover_color_opacity=&#8221;1&#8243; column_shadow=&#8221;none&#8221; column_border_radius=&#8221;none&#8221; top_margin=&#8221;-30&#8243; width=&#8221;1\/1&#8243; tablet_text_alignment=&#8221;default&#8221; phone_text_alignment=&#8221;default&#8221; column_border_width=&#8221;none&#8221; column_border_style=&#8221;solid&#8221;][vc_row_inner column_margin=&#8221;default&#8221; text_align=&#8221;left&#8221;][vc_column_inner column_padding=&#8221;no-extra-padding&#8221; column_padding_position=&#8221;all&#8221; background_color_opacity=&#8221;1&#8243; background_hover_color_opacity=&#8221;1&#8243; column_shadow=&#8221;none&#8221; column_border_radius=&#8221;none&#8221; width=&#8221;1\/2&#8243; column_border_width=&#8221;none&#8221; column_border_style=&#8221;solid&#8221;][nectar_image_with_hotspots image=&#8221;494&#8243; preview=&#8221;https:\/\/cityofmercy.lt\/wp-content\/uploads\/2017\/12\/MARIJOS-\u0116MIMO2.jpg&#8221; color_1=&#8221;Accent-Color&#8221; hotspot_icon=&#8221;plus_sign&#8221; tooltip=&#8221;hover&#8221; tooltip_shadow=&#8221;medium_depth&#8221; animation=&#8221;true&#8221;][nectar_hotspot left=&#8221;41.8134%&#8221; top=&#8221;46.7138%&#8221; position=&#8221;right&#8221;]W prawej nawie Ko\u015bcio\u0142a, w Kaplicy \u015bw. Wawrzy\u0144ca, znajduje si\u0119 Bia\u0142a Madonna lub figura Niepokalanego Pocz\u0119cia Naj\u015bwi\u0119tszej Maryi Panny, kt\u00f3ra s\u0142yn\u0119\u0142a w mie\u015bcie z \u0142ask ju\u017c od XVIII w. W\u00f3wczas sta\u0142a ona w sali klasztornej, gdzie przyjmowano go\u015bci. Maryja przedstawiona jest jako kobieta brzemienna, podobnie jak Maryja z objawienia danego Janowi. Bia\u0142a Madonna czczona jest jako patronka rodzin, rozbitych rodzin, ma\u0142\u017conk\u00f3w nie mog\u0105cych doczeka\u0107 si\u0119 potomstwa, or\u0119downiczka oraz patronka dzieci nienarodzonych. Po zamkni\u0119ciu klasztoru przez cara Rosji, w czasie okupacji sowieckiej Litwy, zamurowano figur\u0119 Maryi w niszy chc\u0105c j\u0105 w ten spos\u00f3b uchroni\u0107 przed zniszczeniem.[\/nectar_hotspot][\/nectar_image_with_hotspots]<div class=\"divider-wrap\"><div style=\"height: 20px;\" class=\"divider\"><\/div><\/div>[vc_column_text]<strong>Ko\u015bci\u00f3\u0142 zalicza si\u0119 do<\/strong> <a href=\"https:\/\/cityofmercy.lt\/pl_PL\/marsrutai\/marijos-gerbimo-vietos\">Szlaku Maryjnego<\/a> i\u00a0<a href=\"https:\/\/cityofmercy.lt\/pl_PL\/marsrutai\/pranciskonu-kelias\/\">Szlaku Franciszka\u0144skiego<\/a>.[\/vc_column_text]<div class=\"divider-wrap\"><div style=\"height: 20px;\" class=\"divider\"><\/div><\/div>[vc_column_text]\n<div class=\"wpb_text_column wpb_content_element \" style=\"text-align: justify;\">\n<div class=\"wpb_wrapper\">\n<p>Badania archeologiczne ustali\u0142y, \u017ce miejsce na ulicy Trockiej, gdzie znajduje si\u0119 Ko\u015bci\u00f3\u0142 Franciszkan\u00f3w\u00a0Konwentualnych, jest jednym z najwcze\u015bniejszych katolickich miejsc w Wilnie. \u015awiadcz\u0105 o tym\u00a0znaleziska potwierdzaj\u0105ce, \u017ce jeszcze przed wzniesieniem pierwszego murowanego Ko\u015bcio\u0142a pod\u00a0koniec XIII w., odbywa\u0142 si\u0119 tu chrze\u015bcija\u0144ski poch\u00f3wek zmar\u0142ych. Jak i wi\u0119kszo\u015b\u0107 \u015bwi\u0105ty\u0144\u00a0wzniesionych przez ksi\u0119cia Witolda i kr\u00f3la Jagie\u0142\u0142\u0119, tak\u017ce Ko\u015bci\u00f3\u0142 Franciszkan\u00f3w zosta\u0142 konsekrowany i\u00a0nadano mu tytu\u0142 Wniebowzi\u0119cia Naj\u015bwi\u0119tszej Maryi Panny. Jego nazw\u0119 pisz\u0119 si\u0119 cz\u0119sto z dopiskiem\u00a0\u201ein Arena\u201d, tj. Na Piasku, od kt\u00f3rego pochodzi nazwa tego miejsca.<\/p>\n<p>W 1390 r. Krzy\u017cacy zaatakowali wile\u0144skie zamki, pal\u0105c jednocze\u015bnie franciszka\u0144skie budowle. W\u00a01421 r. zbudowano nowy Ko\u015bci\u00f3\u0142 i mniej wi\u0119cej w tym samym roku \u2013 klasztor. W Ko\u015bciele zachowa\u0142o\u00a0si\u0119 nieco wi\u0119cej cennych fragment\u00f3w architektonicznych pochodz\u0105cych sprzed XVIII w. ni\u017c w\u00a0budynkach klasztoru. W XIX w. po powstaniach klasztor i Ko\u015bci\u00f3\u0142 zamkni\u0119to i odebrano bogat\u0105\u00a0bibliotek\u0119. W okresie komunizmu w Ko\u015bciele za\u0142o\u017cono archiwum. W 1998 r. Ko\u015bci\u00f3\u0142 zwr\u00f3cono\u00a0Franciszkanom Konwentualnym.<\/p>\n<p>Przy wej\u015bciu na teren Ko\u015bcio\u0142a i klasztoru przy p\u0142ocie znajduje si\u0119 barokowa kaplica rodziny Suzin\u00f3w,\u00a0zbudowana w celu upami\u0119tnienia mieszka\u0144c\u00f3w Wilna wymordowanych przez Kozak\u00f3w.<\/p>\n<p><strong>Bia\u0142a Madonna<\/strong> lub figura Niepokalanego Pocz\u0119cia Naj\u015bwi\u0119tszej Maryi Panny, s\u0142yn\u0119\u0142a w mie\u015bcie z \u0142ask\u00a0ju\u017c od XVIII w. W\u00f3wczas sta\u0142a ona w sali klasztornej, gdzie przyjmowano go\u015bci. Maryja przedstawiona\u00a0jest jako kobieta brzemienna, podobnie jak Maryja z objawienia danego Janowi. Zapewne to\u00a0zadecydowa\u0142o o tym, \u017ce Bia\u0142a Madonna czczona jest jako patronka rodzin, rozbitych rodzin,\u00a0ma\u0142\u017conk\u00f3w nie mog\u0105cych doczeka\u0107 si\u0119 potomstwa, or\u0119downiczka oraz patronka dzieci\u00a0nienarodzonych. W 1864 r. po zamkni\u0119ciu klasztoru przez cara, zamurowano figur\u0119 Maryi w niszy\u00a0chc\u0105c j\u0105 w ten spos\u00f3b ukry\u0107. W 1935 r. Franciszkanie przenie\u015bli figur\u0119 do kaplicy \u015bw. Wawrzy\u0144ca. W\u00a0okresie komunizmu ponownie zamurowano figur\u0119 w niszy kaplicy i nikt nie podejrzewa\u0142, \u017ce zosta\u0142a\u00a0ukryta w \u015bcianie magazynu pa\u0144stwowego archiwum. Po zwr\u00f3ceniu Ko\u015bcio\u0142a Franciszkanom,\u00a0ods\u0142oni\u0119to figur\u0119.<\/p>\n<\/div>\n<\/div>\n[\/vc_column_text][\/vc_column_inner][vc_column_inner column_padding=&#8221;no-extra-padding&#8221; column_padding_position=&#8221;all&#8221; background_color_opacity=&#8221;1&#8243; background_hover_color_opacity=&#8221;1&#8243; column_shadow=&#8221;none&#8221; column_border_radius=&#8221;none&#8221; width=&#8221;1\/2&#8243; column_border_width=&#8221;none&#8221; column_border_style=&#8221;solid&#8221;]<div class=\"iwithtext\"><div class=\"iwt-icon\"> <i class=\"icon-default-style icon-map-marker accent-color\"><\/i> <\/div><div class=\"iwt-text\"> <a href=\"https:\/\/goo.gl\/maps\/MMJ2rAkrNk5e7wsX7\" target=\"_blank\" rel=\"noopener\">ul. Trak\u0173 9, Wilno<\/a> <\/div><div class=\"clear\"><\/div><\/div><div class=\"iwithtext\"><div class=\"iwt-icon\"> <img decoding=\"async\" src=\"https:\/\/cityofmercy.lt\/wp-content\/uploads\/2017\/12\/taurinis.png\" alt=\"\" \/> <\/div><div class=\"iwt-text\"> <strong>Msza \u015bwi\u0119ta (j. litewski)<\/strong><br \/>\nI\u2013V: 17.30<br \/>\nVII: 10.00 <\/div><div class=\"clear\"><\/div><\/div><div class=\"iwithtext\"><div class=\"iwt-icon\">  <\/div><div class=\"iwt-text\"> <strong>Msza \u015bwi\u0119ta (j. polski)<\/strong><br \/>\nI\u2013V: 19.00<br \/>\nVII: 11.30, 13.00 <\/div><div class=\"clear\"><\/div><\/div><div class=\"iwithtext\"><div class=\"iwt-icon\"> <i class=\"icon-default-style icon-phone accent-color\"><\/i> <\/div><div class=\"iwt-text\"> +370 555 24569 <\/div><div class=\"clear\"><\/div><\/div><div class=\"iwithtext\"><div class=\"iwt-icon\"> <i class=\"icon-default-style icon-globe accent-color\"><\/i> <\/div><div class=\"iwt-text\"> <a href=\"http:\/\/www.pranciskonai.lt\" target=\"_blank\" rel=\"noopener\">www.pranciskonai.lt<\/a> <\/div><div class=\"clear\"><\/div><\/div>[\/vc_column_inner][\/vc_row_inner][\/vc_column][\/vc_row][vc_row type=&#8221;in_container&#8221; full_screen_row_position=&#8221;middle&#8221; scene_position=&#8221;center&#8221; text_color=&#8221;dark&#8221; text_align=&#8221;left&#8221; overlay_strength=&#8221;0.3&#8243; shape_divider_position=&#8221;bottom&#8221;][vc_column column_padding=&#8221;no-extra-padding&#8221; column_padding_position=&#8221;all&#8221; background_color_opacity=&#8221;1&#8243; background_hover_color_opacity=&#8221;1&#8243; column_shadow=&#8221;none&#8221; column_border_radius=&#8221;none&#8221; width=&#8221;1\/1&#8243; tablet_text_alignment=&#8221;default&#8221; phone_text_alignment=&#8221;default&#8221; column_border_width=&#8221;none&#8221; column_border_style=&#8221;solid&#8221;]<div class=\"divider-wrap\"><div style=\"height: 200px;\" class=\"divider\"><\/div><\/div>[\/vc_column][\/vc_row]\n","protected":false},"excerpt":{"rendered":"<p>[vc_row type=&#8221;in_container&#8221; full_screen_row_position=&#8221;middle&#8221; scene_position=&#8221;center&#8221; text_color=&#8221;dark&#8221; text_align=&#8221;left&#8221; overlay_strength=&#8221;0.3&#8243; shape_divider_position=&#8221;bottom&#8221;][vc_column centered_text=&#8221;true&#8221; column_padding=&#8221;no-extra-padding&#8221; column_&#8230;<\/p>\n","protected":false},"author":2,"featured_media":971,"parent":38,"menu_order":0,"comment_status":"closed","ping_status":"closed","template":"","meta":{"footnotes":""},"class_list":["post-151","page","type-page","status-publish","has-post-thumbnail","hentry"],"_links":{"self":[{"href":"https:\/\/cityofmercy.lt\/pl_PL\/wp-json\/wp\/v2\/pages\/151","targetHints":{"allow":["GET"]}}],"collection":[{"href":"https:\/\/cityofmercy.lt\/pl_PL\/wp-json\/wp\/v2\/pages"}],"about":[{"href":"https:\/\/cityofmercy.lt\/pl_PL\/wp-json\/wp\/v2\/types\/page"}],"author":[{"embeddable":true,"href":"https:\/\/cityofmercy.lt\/pl_PL\/wp-json\/wp\/v2\/users\/2"}],"replies":[{"embeddable":true,"href":"https:\/\/cityofmercy.lt\/pl_PL\/wp-json\/wp\/v2\/comments?post=151"}],"version-history":[{"count":51,"href":"https:\/\/cityofmercy.lt\/pl_PL\/wp-json\/wp\/v2\/pages\/151\/revisions"}],"predecessor-version":[{"id":6739,"href":"https:\/\/cityofmercy.lt\/pl_PL\/wp-json\/wp\/v2\/pages\/151\/revisions\/6739"}],"up":[{"embeddable":true,"href":"https:\/\/cityofmercy.lt\/pl_PL\/wp-json\/wp\/v2\/pages\/38"}],"wp:featuredmedia":[{"embeddable":true,"href":"https:\/\/cityofmercy.lt\/pl_PL\/wp-json\/wp\/v2\/media\/971"}],"wp:attachment":[{"href":"https:\/\/cityofmercy.lt\/pl_PL\/wp-json\/wp\/v2\/media?parent=151"}],"curies":[{"name":"wp","href":"https:\/\/api.w.org\/{rel}","templated":true}]}}