{"id":149,"date":"2017-11-30T16:17:08","date_gmt":"2017-11-30T16:17:08","guid":{"rendered":"http:\/\/cityofmercy.lt\/?page_id=149"},"modified":"2021-05-27T17:09:35","modified_gmt":"2021-05-27T14:09:35","slug":"sv-pranciskaus-asyziecio-bernardinu-baznycia-ir-pranciskonu-vienuolynas","status":"publish","type":"page","link":"https:\/\/cityofmercy.lt\/pl_PL\/objektai\/sv-pranciskaus-asyziecio-bernardinu-baznycia-ir-pranciskonu-vienuolynas\/","title":{"rendered":"Ko\u015bci\u00f3\u0142 \u015bw. Franciszka z Asy\u017cu (Bernardyn\u00f3w)"},"content":{"rendered":"[vc_row type=&#8221;in_container&#8221; full_screen_row_position=&#8221;middle&#8221; scene_position=&#8221;center&#8221; text_color=&#8221;dark&#8221; text_align=&#8221;left&#8221; overlay_strength=&#8221;0.3&#8243; shape_divider_position=&#8221;bottom&#8221;][vc_column centered_text=&#8221;true&#8221; column_padding=&#8221;no-extra-padding&#8221; column_padding_position=&#8221;all&#8221; background_color_opacity=&#8221;1&#8243; background_hover_color_opacity=&#8221;1&#8243; column_shadow=&#8221;none&#8221; column_border_radius=&#8221;none&#8221; width=&#8221;1\/1&#8243; tablet_text_alignment=&#8221;default&#8221; phone_text_alignment=&#8221;default&#8221; column_border_width=&#8221;none&#8221; column_border_style=&#8221;solid&#8221;][vc_column_text]\n<h4><strong>Ko\u015bci\u00f3\u0142 \u015bw. Franciszka z Asy\u017cu (Bernardyn\u00f3w) przy klasztorze franciszka\u0144skim<\/strong><\/h4>\n[\/vc_column_text]<div class=\"divider-wrap\"><div style=\"margin-top: 25px; height: 1px; margin-bottom: 25px;\" data-width=\"100%\" data-animate=\"\" data-animation-delay=\"\" data-color=\"default\" class=\"divider-border\"><\/div><\/div>[\/vc_column][\/vc_row][vc_row type=&#8221;in_container&#8221; full_screen_row_position=&#8221;middle&#8221; scene_position=&#8221;center&#8221; text_color=&#8221;dark&#8221; text_align=&#8221;left&#8221; overlay_strength=&#8221;0.3&#8243; shape_divider_position=&#8221;bottom&#8221;][vc_column column_padding=&#8221;no-extra-padding&#8221; column_padding_position=&#8221;all&#8221; background_color_opacity=&#8221;1&#8243; background_hover_color_opacity=&#8221;1&#8243; column_shadow=&#8221;none&#8221; column_border_radius=&#8221;none&#8221; top_margin=&#8221;-30&#8243; width=&#8221;1\/1&#8243; tablet_text_alignment=&#8221;default&#8221; phone_text_alignment=&#8221;default&#8221; column_border_width=&#8221;none&#8221; column_border_style=&#8221;solid&#8221;][vc_row_inner column_margin=&#8221;default&#8221; text_align=&#8221;left&#8221;][vc_column_inner column_padding=&#8221;no-extra-padding&#8221; column_padding_position=&#8221;all&#8221; background_color_opacity=&#8221;1&#8243; background_hover_color_opacity=&#8221;1&#8243; column_shadow=&#8221;none&#8221; column_border_radius=&#8221;none&#8221; width=&#8221;1\/2&#8243; column_border_width=&#8221;none&#8221; column_border_style=&#8221;solid&#8221;][nectar_image_with_hotspots image=&#8221;480&#8243; preview=&#8221;http:\/\/cityofmercy.lt\/wp-content\/uploads\/2017\/12\/BERNARDINU.jpg&#8221; color_1=&#8221;Accent-Color&#8221; hotspot_icon=&#8221;plus_sign&#8221; tooltip=&#8221;hover&#8221; tooltip_shadow=&#8221;medium_depth&#8221; animation=&#8221;true&#8221;][nectar_hotspot left=&#8221;61.4186%&#8221; top=&#8221;42.521%&#8221; position=&#8221;left&#8221;]Polichromiczne freski w stylu gotyckim z XVI w., przedstawiaj\u0105ce \u017cywot \u015bw. Franciszka z Asy\u017cu.[\/nectar_hotspot][\/nectar_image_with_hotspots]<div class=\"divider-wrap\"><div style=\"height: 20px;\" class=\"divider\"><\/div><\/div>[vc_column_text]<strong>Ko\u015bci\u00f3\u0142 zalicza si\u0119 do<\/strong> <a href=\"https:\/\/cityofmercy.lt\/pl_PL\/marsrutai\/gailestingumo-kelias\/\">Szlaku Bo\u017cego Mi\u0142osierdzia<\/a>, <a href=\"https:\/\/cityofmercy.lt\/pl_PL\/marsrutai\/marijos-gerbimo-vietos\/\">Szlaku Maryjnego<\/a> i <a href=\"https:\/\/cityofmercy.lt\/pl_PL\/marsrutai\/pranciskonu-kelias\/\">Szlaku Franciszka\u0144skiego.<\/a>[\/vc_column_text]<div class=\"divider-wrap\"><div style=\"height: 20px;\" class=\"divider\"><\/div><\/div>[vc_column_text]\n<p style=\"text-align: justify;\">Zakonnicy bernardy\u0144scy przyw\u0119drowali z misj\u0105 do Wielkiego Ksi\u0119stwa Litewskiego w po\u0142owie XV w.\u00a0Bernardyni \u2013 Franciszkanie Obserwanci zamieszkali w Wilnie i w XV w. wznie\u015bli pierwszy Ko\u015bci\u00f3\u0142\u00a0drewniany, d\u0105\u017c\u0105c w ten spos\u00f3b do \u017cycia wed\u0142ug Regu\u0142y \u015bw. Franciszka z Asy\u017cu (1182-1226).\u00a0Drewniany Ko\u015bci\u00f3\u0142 sp\u0142on\u0105\u0142, a zdecydowan\u0105 cz\u0119\u015b\u0107 zbudowanego p\u00f3\u017aniej Ko\u015bcio\u0142a murowanego\u00a0nale\u017ca\u0142o wyburzy\u0107 z powodu b\u0142\u0119d\u00f3w konstruktorskich.<\/p>\n<p style=\"text-align: justify;\">W latach 1506-1516 wybudowano tera\u017aniejszy Ko\u015bci\u00f3\u0142, w kt\u00f3rym zachowa\u0142o si\u0119 prezbiterium\u00a0zburzonego Ko\u015bcio\u0142a \u2013 ch\u00f3r ko\u015bcielny i zakrystia. Ko\u015bci\u00f3\u0142 uznawany jest za jeden z najwi\u0119kszych i\u00a0najbardziej wytwornych budynk\u00f3w miasta. Klasztor Bernardyn\u00f3w powstawa\u0142 razem z Ko\u015bcio\u0142em,\u00a0dzia\u0142a\u0142 tu nowicjat, seminarium, skryptorium, bogata biblioteka. Bernardyni s\u0142yn\u0119li ze swoich\u00a0kaznodziei, posiadali swoich rzemie\u015blnik\u00f3w. W XIX w. po powstaniach w\u0142adze carskie zamkn\u0119\u0142y\u00a0klasztor. Po II wojnie \u015bwiatowej zosta\u0142 za\u0142o\u017cony Instytut Sztuk Pi\u0119knych w Wilnie (obecna Akademia\u00a0Sztuk Pi\u0119knych). W okresie komunizmu Ko\u015bci\u00f3\u0142 zosta\u0142 przemianowany na magazyn Instytutu Sztuk\u00a0Pi\u0119knych. Franciszkanie po odzyskaniu Ko\u015bcio\u0142a ponownie go konsekrowali w 1994 r.<\/p>\n<p style=\"text-align: justify;\">Do dzisiaj zachowa\u0142o si\u0119 i zosta\u0142o odrestaurowanych trzyna\u015bcie drewnianych o\u0142tarzy w stylu p\u00f3\u017anego\u00a0baroku. W bocznych nawach Ko\u015bcio\u0142a mo\u017cna podziwia\u0107 gotyckie, kryszta\u0142owe, krzy\u017cowo-\u017cebrowe i\u00a0gwia\u017adziste sklepienia. \u015aciany naw zdobi\u0105 gotyckie freski polichromiczne. S\u0105 to barwne kompozycje\u00a0figurowe na tematy Biblijne, hagiograficzne i zwi\u0105zane z \u017cyciem \u015bw. Franciszka z Asy\u017cu. Malarstwo to\u00a0pochodzi z XVI w. i uznawane jest za unikatowe.<\/p>\n<p style=\"text-align: justify;\">W Ko\u015bciele przechowywana jest najstarsza znana na Litwie rze\u017aba Ukrzy\u017cowanego z XV w. \u2013 obecnie\u00a0znajduje si\u0119 ona w prawej nawie Kaplicy \u015bw. Floriana (Trzech Kr\u00f3li). W XVII w. na placu przy Ko\u015bciele\u00a0rozpocz\u0119to budow\u0119 Kalwarii, kt\u00f3ra \u015bwiadczy\u0142a o charakterystycznym dla Bernardyn\u00f3w kulcie Pana\u00a0Jezusa Cierpi\u0105cego. P\u00f3\u017aniej, po ustaniu Kalwarii, Droga Krzy\u017cowa zosta\u0142a przygotowana w kaplicy\u00a0obok Ko\u015bcio\u0142a. Z tej\u017ce Kalwarii zachowa\u0142a si\u0119 tylko jedna stacja \u201eSchody Chrystusa\u201d (Scala Sancta).\u00a0Znajduje si\u0119 w niej kopia \u015awi\u0119tych Schod\u00f3w, \u015bw. Heleny sprowadzonych z Jerozolimy do Rzymu. Do\u00a0kaplicy mo\u017cna wej\u015b\u0107 i wspi\u0105\u0107 si\u0119 po \u201eSchodach Chrystusa\u201d na neogotyck\u0105 dzwonnic\u0119, dobudowan\u0105\u00a0na zewn\u0105trz w 1874 r., modl\u0105c si\u0119 i rozwa\u017caj\u0105c m\u0119k\u0119 Chrystusa.<\/p>\n<p style=\"text-align: justify;\">Wizerunek Matki Bo\u017cej Bolesnej zosta\u0142 namalowany w 1699 r., po nabyciu prawa do odpustu o tej\u00a0samej nazwie. Obraz pokryty metalowymi sukienkami powieszono na o\u0142tarzu Matki Bo\u017cej Sokalskiej\u00a0lub Rosyjskiej, kt\u00f3ry znajduje si\u0119 z lewej strony obok o\u0142tarza g\u0142\u00f3wnego. Wizerunek ten jest jednym z\u00a0najbardziej znanych wizerunk\u00f3w Madonny s\u0142yn\u0105cych z \u0142ask, zwi\u0105zanych z Bernardynami z Litwy i\u00a0Polski.<\/p>\n[\/vc_column_text][\/vc_column_inner][vc_column_inner column_padding=&#8221;no-extra-padding&#8221; column_padding_position=&#8221;all&#8221; background_color_opacity=&#8221;1&#8243; background_hover_color_opacity=&#8221;1&#8243; column_shadow=&#8221;none&#8221; column_border_radius=&#8221;none&#8221; width=&#8221;1\/2&#8243; column_border_width=&#8221;none&#8221; column_border_style=&#8221;solid&#8221;]<div class=\"iwithtext\"><div class=\"iwt-icon\"> <i class=\"icon-default-style icon-map-marker accent-color\"><\/i> <\/div><div class=\"iwt-text\"> <a href=\"https:\/\/goo.gl\/maps\/hREBHqG2AfJgwfbS8\" target=\"_blank\" rel=\"noopener\">ul. Maironio 10, Wilno<\/a> <\/div><div class=\"clear\"><\/div><\/div><div class=\"iwithtext\"><div class=\"iwt-icon\"> <i class=\"icon-default-style icon-time accent-color\"><\/i> <\/div><div class=\"iwt-text\"> <strong>Ko\u015bci\u00f3\u0142 czynny<\/strong><br \/>\nI: 9.00\u201318.00<br \/>\nII: 7.30\u201318.00<br \/>\nIII\u2013V: 7.30\u201319.00<br \/>\nVI: 8.30\u201319.00<br \/>\nVII: 8.30\u201318.00 <\/div><div class=\"clear\"><\/div><\/div><div class=\"iwithtext\"><div class=\"iwt-icon\"> <img decoding=\"async\" src=\"https:\/\/cityofmercy.lt\/wp-content\/uploads\/2017\/12\/taurinis.png\" alt=\"\" \/> <\/div><div class=\"iwt-text\"> <strong>Msza \u015bwi\u0119ta (j. litewski)<\/strong><br \/>\nI: 12.00<br \/>\nII: 7.30<br \/>\nIII\u2013V: 7.30, 18.00<br \/>\nVI: 9.00, 18.00<br \/>\nVII: 10.30, 13.00, 17.00 <\/div><div class=\"clear\"><\/div><\/div><div class=\"iwithtext\"><div class=\"iwt-icon\">  <\/div><div class=\"iwt-text\"> <strong>Msza \u015bwi\u0119ta (j. angielski)<\/strong><br \/>\nVII: 9.00 <\/div><div class=\"clear\"><\/div><\/div><div class=\"iwithtext\"><div class=\"iwt-icon\"> <i class=\"icon-default-style icon-info accent-color\"><\/i> <\/div><div class=\"iwt-text\"> Informacje dot. kompleksu architektonicznego i organizowanych wycieczek:<br \/>\n<a href=\"http:\/\/www.bernardinuansamblis.lt\/pl\/\">www.bernardinuansamblis.lt<\/a> <\/div><div class=\"clear\"><\/div><\/div><div class=\"iwithtext\"><div class=\"iwt-icon\"> <i class=\"icon-default-style icon-globe accent-color\"><\/i> <\/div><div class=\"iwt-text\"> <a href=\"http:\/\/www.bernardinuparapija.lt\" target=\"_blank\" rel=\"noopener\">www.bernardinuparapija.lt<\/a> <\/div><div class=\"clear\"><\/div><\/div>[\/vc_column_inner][\/vc_row_inner][\/vc_column][\/vc_row][vc_row type=&#8221;in_container&#8221; full_screen_row_position=&#8221;middle&#8221; scene_position=&#8221;center&#8221; text_color=&#8221;dark&#8221; text_align=&#8221;left&#8221; overlay_strength=&#8221;0.3&#8243; shape_divider_position=&#8221;bottom&#8221;][vc_column column_padding=&#8221;no-extra-padding&#8221; column_padding_position=&#8221;all&#8221; background_color_opacity=&#8221;1&#8243; background_hover_color_opacity=&#8221;1&#8243; column_shadow=&#8221;none&#8221; column_border_radius=&#8221;none&#8221; width=&#8221;1\/1&#8243; tablet_text_alignment=&#8221;default&#8221; phone_text_alignment=&#8221;default&#8221; column_border_width=&#8221;none&#8221; column_border_style=&#8221;solid&#8221;]<div class=\"divider-wrap\"><div style=\"height: 200px;\" class=\"divider\"><\/div><\/div>[\/vc_column][\/vc_row]\n","protected":false},"excerpt":{"rendered":"<p>[vc_row type=&#8221;in_container&#8221; full_screen_row_position=&#8221;middle&#8221; scene_position=&#8221;center&#8221; text_color=&#8221;dark&#8221; text_align=&#8221;left&#8221; overlay_strength=&#8221;0.3&#8243; shape_divider_position=&#8221;bottom&#8221;][vc_column centered_text=&#8221;true&#8221; column_padding=&#8221;no-extra-padding&#8221; column_&#8230;<\/p>\n","protected":false},"author":2,"featured_media":620,"parent":38,"menu_order":0,"comment_status":"closed","ping_status":"closed","template":"","meta":{"footnotes":""},"class_list":["post-149","page","type-page","status-publish","has-post-thumbnail","hentry"],"_links":{"self":[{"href":"https:\/\/cityofmercy.lt\/pl_PL\/wp-json\/wp\/v2\/pages\/149","targetHints":{"allow":["GET"]}}],"collection":[{"href":"https:\/\/cityofmercy.lt\/pl_PL\/wp-json\/wp\/v2\/pages"}],"about":[{"href":"https:\/\/cityofmercy.lt\/pl_PL\/wp-json\/wp\/v2\/types\/page"}],"author":[{"embeddable":true,"href":"https:\/\/cityofmercy.lt\/pl_PL\/wp-json\/wp\/v2\/users\/2"}],"replies":[{"embeddable":true,"href":"https:\/\/cityofmercy.lt\/pl_PL\/wp-json\/wp\/v2\/comments?post=149"}],"version-history":[{"count":56,"href":"https:\/\/cityofmercy.lt\/pl_PL\/wp-json\/wp\/v2\/pages\/149\/revisions"}],"predecessor-version":[{"id":6746,"href":"https:\/\/cityofmercy.lt\/pl_PL\/wp-json\/wp\/v2\/pages\/149\/revisions\/6746"}],"up":[{"embeddable":true,"href":"https:\/\/cityofmercy.lt\/pl_PL\/wp-json\/wp\/v2\/pages\/38"}],"wp:featuredmedia":[{"embeddable":true,"href":"https:\/\/cityofmercy.lt\/pl_PL\/wp-json\/wp\/v2\/media\/620"}],"wp:attachment":[{"href":"https:\/\/cityofmercy.lt\/pl_PL\/wp-json\/wp\/v2\/media?parent=149"}],"curies":[{"name":"wp","href":"https:\/\/api.w.org\/{rel}","templated":true}]}}