{"id":144,"date":"2017-11-30T16:15:29","date_gmt":"2017-11-30T16:15:29","guid":{"rendered":"http:\/\/cityofmercy.lt\/?page_id=144"},"modified":"2021-05-27T14:14:00","modified_gmt":"2021-05-27T11:14:00","slug":"sv-mikalojaus-baznycia","status":"publish","type":"page","link":"https:\/\/cityofmercy.lt\/pl_PL\/objektai\/sv-mikalojaus-baznycia\/","title":{"rendered":"Ko\u015bci\u00f3\u0142 \u015bw. Miko\u0142aja"},"content":{"rendered":"[vc_row type=&#8221;in_container&#8221; full_screen_row_position=&#8221;middle&#8221; scene_position=&#8221;center&#8221; text_color=&#8221;dark&#8221; text_align=&#8221;left&#8221; overlay_strength=&#8221;0.3&#8243; shape_divider_position=&#8221;bottom&#8221;][vc_column centered_text=&#8221;true&#8221; column_padding=&#8221;no-extra-padding&#8221; column_padding_position=&#8221;all&#8221; background_color_opacity=&#8221;1&#8243; background_hover_color_opacity=&#8221;1&#8243; column_shadow=&#8221;none&#8221; column_border_radius=&#8221;none&#8221; width=&#8221;1\/1&#8243; tablet_text_alignment=&#8221;default&#8221; phone_text_alignment=&#8221;default&#8221; column_border_width=&#8221;none&#8221; column_border_style=&#8221;solid&#8221;][vc_column_text]\n<h4><strong>Ko\u015bci\u00f3\u0142 \u015bw. Miko\u0142aja<\/strong><\/h4>\n[\/vc_column_text]<div class=\"divider-wrap\"><div style=\"margin-top: 25px; height: 1px; margin-bottom: 25px;\" data-width=\"100%\" data-animate=\"\" data-animation-delay=\"\" data-color=\"default\" class=\"divider-border\"><\/div><\/div>[\/vc_column][\/vc_row][vc_row type=&#8221;in_container&#8221; full_screen_row_position=&#8221;middle&#8221; scene_position=&#8221;center&#8221; text_color=&#8221;dark&#8221; text_align=&#8221;left&#8221; overlay_strength=&#8221;0.3&#8243; shape_divider_position=&#8221;bottom&#8221;][vc_column column_padding=&#8221;no-extra-padding&#8221; column_padding_position=&#8221;all&#8221; background_color_opacity=&#8221;1&#8243; background_hover_color_opacity=&#8221;1&#8243; column_shadow=&#8221;none&#8221; column_border_radius=&#8221;none&#8221; top_margin=&#8221;-30&#8243; width=&#8221;1\/1&#8243; tablet_text_alignment=&#8221;default&#8221; phone_text_alignment=&#8221;default&#8221; column_border_width=&#8221;none&#8221; column_border_style=&#8221;solid&#8221;][vc_row_inner column_margin=&#8221;default&#8221; text_align=&#8221;left&#8221;][vc_column_inner column_padding=&#8221;no-extra-padding&#8221; column_padding_position=&#8221;all&#8221; background_color_opacity=&#8221;1&#8243; background_hover_color_opacity=&#8221;1&#8243; column_shadow=&#8221;none&#8221; column_border_radius=&#8221;none&#8221; width=&#8221;1\/2&#8243; column_border_width=&#8221;none&#8221; column_border_style=&#8221;solid&#8221;][nectar_image_with_hotspots image=&#8221;495&#8243; preview=&#8221;https:\/\/cityofmercy.lt\/wp-content\/uploads\/2017\/12\/MIKALOJAUS4.jpg&#8221; color_1=&#8221;Accent-Color&#8221; hotspot_icon=&#8221;plus_sign&#8221; tooltip=&#8221;hover&#8221; tooltip_shadow=&#8221;medium_depth&#8221; animation=&#8221;true&#8221;][nectar_hotspot left=&#8221;35.601%&#8221; top=&#8221;42.5183%&#8221; position=&#8221;right&#8221;]W 1959 r. obok Ko\u015bcio\u0142a wzniesiono rze\u017ab\u0119 \u015bw. Krzysztofa patrona Wilna, wykonan\u0105 przez rze\u017abiarza Antoniego Kmielauskasa. By\u0142 to akt ruchu oporu, gdy\u017c re\u017cim komunistyczny zabroni\u0142 u\u017cywania herbu miasta, na kt\u00f3rym widnieje ten\u017ce \u015bwi\u0119ty. Rze\u017abiarz zosta\u0142 usuni\u0119ty ze Zwi\u0105zku Artyst\u00f3w, mimo to rze\u017aba nie zosta\u0142a zburzona.[\/nectar_hotspot][nectar_hotspot left=&#8221;83.1866%&#8221; top=&#8221;46.2435%&#8221; position=&#8221;left&#8221;]W okresie radzieckim, po zamkni\u0119ciu Wile\u0144skiej Katedry, w domu parafialnym \u015bw. Miko\u0142aja znajdowa\u0142a si\u0119 Kuria Archidiecezji Wile\u0144skiej, a sam Ko\u015bci\u00f3\u0142 pe\u0142ni\u0142 funkcj\u0119 prokatedry.[\/nectar_hotspot][\/nectar_image_with_hotspots]<div class=\"divider-wrap\"><div style=\"height: 20px;\" class=\"divider\"><\/div><\/div>[vc_column_text]<strong>Ko\u015bci\u00f3\u0142 zalicza si\u0119 do<\/strong> <a href=\"https:\/\/cityofmercy.lt\/pl_PL\/marsrutai\/marijos-gerbimo-vietos\/\">Szlaku Maryjnego<\/a> i <a href=\"https:\/\/cityofmercy.lt\/pl_PL\/marsrutai\/pranciskonu-kelias\/\">Franciszka\u0144skiego w Wilnie<\/a>.[\/vc_column_text]<div class=\"divider-wrap\"><div style=\"height: 20px;\" class=\"divider\"><\/div><\/div>[vc_column_text]\n<div class=\"wpb_text_column wpb_content_element \" style=\"text-align: justify;\">\n<div class=\"wpb_wrapper\">\n<p>Jest to jeden z najstarszych Ko\u015bcio\u0142\u00f3w w Wilnie, o kt\u00f3rym po raz pierwszy wspomniano w\u00a0historycznych \u017ar\u00f3d\u0142ach w 1320 r., kiedy to Ksi\u0105\u017c\u0119 Wielki Litewski Giedymin zaprosi\u0142 rzemie\u015blnik\u00f3w i\u00a0kupc\u00f3w z chrze\u015bcija\u0144skiej Europy do Wilna. W 1323 r. w li\u015bcie do Franciszkan\u00f3w pisa\u0142, \u017ce w Wilnie\u00a0zbudowano dla nich Ko\u015bci\u00f3\u0142. To, \u017ce Ko\u015bci\u00f3\u0142 wi\u0105za\u0142 si\u0119 z przybyciem kupc\u00f3w do miasta, \u015bwiadczy\u00a0tradycyjnie przyznawany w Europie Centralnej tytu\u0142 \u015bw. biskupa Miko\u0142aja z Miry \u2013 patrona\u00a0podr\u00f3\u017cnik\u00f3w, kupc\u00f3w, rzemie\u015blnik\u00f3w, wi\u0119\u017ani\u00f3w, dzieci.<\/p>\n<p>Ko\u015bci\u00f3\u0142 zosta\u0142 ufundowany w latach 1382-1387, ze \u015brodk\u00f3w wile\u0144skiego namiestnika Wielkiego\u00a0Ksi\u0119stwa Litewskiego J. Jaunisa (Janulisa). O okresie budowy \u015bwi\u0105tyni \u015bwiadcz\u0105 archaiczne formy\u00a0architektury wczesnego gotyku. Ko\u015bci\u00f3\u0142 rekonstruowano i odnawiano kilkakrotnie, dlatego we\u00a0wn\u0119trzu (na sklepieniu, w o\u0142tarzach) znajduj\u0105 si\u0119 wyra\u017anie formy p\u00f3\u017anego gotyku z pocz\u0105tku XVI w. i\u00a0po\u0142owy XVIII w.<\/p>\n<p>Wdzi\u0119czne filary, na kt\u00f3rych wspieraj\u0105 si\u0119 gwia\u017adziste sklepienia dziel\u0105 Ko\u015bci\u00f3\u0142 na trzy nawy. W\u00a0o\u0142tarzu wielkim \u2013 Ukrzy\u017cowany Chrystus. W lewym o\u0142tarzu czczony jest obraz \u015bw. Miko\u0142aja. W\u00a0prawym o\u0142tarzu \u2013 obraz Matki Boskiej Bolesnej wyrze\u017abiony z drewna, malowany i zas\u0142oni\u0119ty\u00a0z\u0142oconymi p\u0142ytami.<\/p>\n<p>W latach 1901-1939 Ko\u015bci\u00f3\u0142 \u015bw. Miko\u0142aja by\u0142 jedynym Ko\u015bcio\u0142em w Wilnie, w kt\u00f3rym odbywa\u0142y si\u0119\u00a0nabo\u017ce\u0144stwa w j\u0119zyku litewskim, dlatego otrzyma\u0142 miano zarzewia kultury litewskiej. W 1930 r.\u00a0dzi\u0119ki staraniom Litwin\u00f3w z Wilna, w Ko\u015bciele postawiono pomnik na pami\u0105tk\u0119 500. rocznicy \u015bmierci\u00a0Witolda Wielkiego. W latach powojennych, po zamkni\u0119ciu Wile\u0144skiej Bazyliki Archikatedralnej,\u00a0Ko\u015bci\u00f3\u0142 pe\u0142ni\u0142 funkcj\u0119 prokatedry, a w 1959 r. obok Ko\u015bcio\u0142a wzniesiono rze\u017ab\u0119 \u015bw. Krzysztofa patrona\u00a0Wilna, wykonan\u0105 przez rze\u017abiarza Antoniego Kmielauskasa. By\u0142 to akt ruchu oporu, gdy\u017c re\u017cim\u00a0komunistyczny zabroni\u0142 u\u017cywania herbu miasta, na kt\u00f3rym widnieje ten\u017ce \u015bwi\u0119ty.<\/p>\n<\/div>\n<\/div>\n[\/vc_column_text][\/vc_column_inner][vc_column_inner column_padding=&#8221;no-extra-padding&#8221; column_padding_position=&#8221;all&#8221; background_color_opacity=&#8221;1&#8243; background_hover_color_opacity=&#8221;1&#8243; column_shadow=&#8221;none&#8221; column_border_radius=&#8221;none&#8221; width=&#8221;1\/2&#8243; column_border_width=&#8221;none&#8221; column_border_style=&#8221;solid&#8221;]<div class=\"iwithtext\"><div class=\"iwt-icon\"> <i class=\"icon-default-style icon-map-marker accent-color\"><\/i> <\/div><div class=\"iwt-text\"> <a href=\"https:\/\/www.google.com\/maps\/place\/Vilniaus+\u0160v.+Mikalojaus+ba\u017eny\u010dia\/@54.6782005,25.2806172,17z\/data=!3m1!4b1!4m5!3m4!1s0x46dd9414c2cdfaf1:0xf0afa821ff427298!8m2!3d54.6781974!4d25.2828059\" target=\"_blank\" rel=\"noopener\">ul. \u0160v. Mikalojaus 4, Wilno<\/a> <\/div><div class=\"clear\"><\/div><\/div><div class=\"iwithtext\"><div class=\"iwt-icon\"> <i class=\"icon-default-style icon-time accent-color\"><\/i> <\/div><div class=\"iwt-text\"> <strong>Ko\u015bci\u00f3\u0142 czynny<\/strong><br \/>\nI\u2013V: 15.30\u201318.30<br \/>\nVII: 7.15\u201315.00 <\/div><div class=\"clear\"><\/div><\/div><div class=\"iwithtext\"><div class=\"iwt-icon\"> <img decoding=\"async\" src=\"https:\/\/cityofmercy.lt\/wp-content\/uploads\/2017\/12\/taurinis.png\" alt=\"\" \/> <\/div><div class=\"iwt-text\"> <strong>Msza \u015bwi\u0119ta (j. litewski)<\/strong><br \/>\nI\u2013V: 18.00<br \/>\nVI: 9.00<br \/>\nVII: 8.00, 10.00, 14.00 <\/div><div class=\"clear\"><\/div><\/div><div class=\"iwithtext\"><div class=\"iwt-icon\"> <i class=\"icon-default-style icon-phone accent-color\"><\/i> <\/div><div class=\"iwt-text\"> +370 5 262 3069 <\/div><div class=\"clear\"><\/div><\/div><div class=\"iwithtext\"><div class=\"iwt-icon\"> <i class=\"icon-default-style icon-globe accent-color\"><\/i> <\/div><div class=\"iwt-text\"> <a href=\"http:\/\/www.mikalojus.lt\" target=\"_blank\" rel=\"noopener\">www.mikalojus.lt<\/a> <\/div><div class=\"clear\"><\/div><\/div>[\/vc_column_inner][\/vc_row_inner][\/vc_column][\/vc_row][vc_row type=&#8221;in_container&#8221; full_screen_row_position=&#8221;middle&#8221; scene_position=&#8221;center&#8221; text_color=&#8221;dark&#8221; text_align=&#8221;left&#8221; overlay_strength=&#8221;0.3&#8243; shape_divider_position=&#8221;bottom&#8221;][vc_column column_padding=&#8221;no-extra-padding&#8221; column_padding_position=&#8221;all&#8221; background_color_opacity=&#8221;1&#8243; background_hover_color_opacity=&#8221;1&#8243; column_shadow=&#8221;none&#8221; column_border_radius=&#8221;none&#8221; width=&#8221;1\/1&#8243; tablet_text_alignment=&#8221;default&#8221; phone_text_alignment=&#8221;default&#8221; column_border_width=&#8221;none&#8221; column_border_style=&#8221;solid&#8221;]<div class=\"divider-wrap\"><div style=\"height: 200px;\" class=\"divider\"><\/div><\/div>[\/vc_column][\/vc_row]\n","protected":false},"excerpt":{"rendered":"<p>[vc_row type=&#8221;in_container&#8221; full_screen_row_position=&#8221;middle&#8221; scene_position=&#8221;center&#8221; text_color=&#8221;dark&#8221; text_align=&#8221;left&#8221; overlay_strength=&#8221;0.3&#8243; shape_divider_position=&#8221;bottom&#8221;][vc_column centered_text=&#8221;true&#8221; column_padding=&#8221;no-extra-padding&#8221; column_&#8230;<\/p>\n","protected":false},"author":2,"featured_media":0,"parent":38,"menu_order":0,"comment_status":"closed","ping_status":"closed","template":"","meta":{"footnotes":""},"class_list":["post-144","page","type-page","status-publish","hentry"],"_links":{"self":[{"href":"https:\/\/cityofmercy.lt\/pl_PL\/wp-json\/wp\/v2\/pages\/144","targetHints":{"allow":["GET"]}}],"collection":[{"href":"https:\/\/cityofmercy.lt\/pl_PL\/wp-json\/wp\/v2\/pages"}],"about":[{"href":"https:\/\/cityofmercy.lt\/pl_PL\/wp-json\/wp\/v2\/types\/page"}],"author":[{"embeddable":true,"href":"https:\/\/cityofmercy.lt\/pl_PL\/wp-json\/wp\/v2\/users\/2"}],"replies":[{"embeddable":true,"href":"https:\/\/cityofmercy.lt\/pl_PL\/wp-json\/wp\/v2\/comments?post=144"}],"version-history":[{"count":49,"href":"https:\/\/cityofmercy.lt\/pl_PL\/wp-json\/wp\/v2\/pages\/144\/revisions"}],"predecessor-version":[{"id":6037,"href":"https:\/\/cityofmercy.lt\/pl_PL\/wp-json\/wp\/v2\/pages\/144\/revisions\/6037"}],"up":[{"embeddable":true,"href":"https:\/\/cityofmercy.lt\/pl_PL\/wp-json\/wp\/v2\/pages\/38"}],"wp:attachment":[{"href":"https:\/\/cityofmercy.lt\/pl_PL\/wp-json\/wp\/v2\/media?parent=144"}],"curies":[{"name":"wp","href":"https:\/\/api.w.org\/{rel}","templated":true}]}}