{"id":142,"date":"2017-11-30T16:14:34","date_gmt":"2017-11-30T16:14:34","guid":{"rendered":"http:\/\/cityofmercy.lt\/?page_id=142"},"modified":"2021-05-27T16:41:18","modified_gmt":"2021-05-27T13:41:18","slug":"sv-kryziaus-baznycia","status":"publish","type":"page","link":"https:\/\/cityofmercy.lt\/pl_PL\/objektai\/sv-kryziaus-baznycia\/","title":{"rendered":"Ko\u015bci\u00f3\u0142 \u015bw. Krzy\u017ca"},"content":{"rendered":"[vc_row type=&#8221;in_container&#8221; full_screen_row_position=&#8221;middle&#8221; scene_position=&#8221;center&#8221; text_color=&#8221;dark&#8221; text_align=&#8221;left&#8221; overlay_strength=&#8221;0.3&#8243; shape_divider_position=&#8221;bottom&#8221;][vc_column column_padding=&#8221;no-extra-padding&#8221; column_padding_position=&#8221;all&#8221; background_color_opacity=&#8221;1&#8243; background_hover_color_opacity=&#8221;1&#8243; column_shadow=&#8221;none&#8221; column_border_radius=&#8221;none&#8221; width=&#8221;1\/1&#8243; tablet_text_alignment=&#8221;default&#8221; phone_text_alignment=&#8221;default&#8221; column_border_width=&#8221;none&#8221; column_border_style=&#8221;solid&#8221;][vc_column_text]\n<h4 style=\"text-align: center;\"><strong>Ko\u015bci\u00f3\u0142 \u015bw. Krzy\u017ca<\/strong><\/h4>\n[\/vc_column_text]<div class=\"divider-wrap\"><div style=\"margin-top: 25px; height: 1px; margin-bottom: 25px;\" data-width=\"100%\" data-animate=\"\" data-animation-delay=\"\" data-color=\"default\" class=\"divider-border\"><\/div><\/div>[\/vc_column][\/vc_row][vc_row type=&#8221;in_container&#8221; full_screen_row_position=&#8221;middle&#8221; scene_position=&#8221;center&#8221; text_color=&#8221;dark&#8221; text_align=&#8221;left&#8221; overlay_strength=&#8221;0.3&#8243; shape_divider_position=&#8221;bottom&#8221;][vc_column column_padding=&#8221;no-extra-padding&#8221; column_padding_position=&#8221;all&#8221; background_color_opacity=&#8221;1&#8243; background_hover_color_opacity=&#8221;1&#8243; column_shadow=&#8221;none&#8221; column_border_radius=&#8221;none&#8221; top_margin=&#8221;-30&#8243; width=&#8221;1\/1&#8243; tablet_text_alignment=&#8221;default&#8221; phone_text_alignment=&#8221;default&#8221; column_border_width=&#8221;none&#8221; column_border_style=&#8221;solid&#8221;][vc_row_inner column_margin=&#8221;default&#8221; text_align=&#8221;left&#8221;][vc_column_inner column_padding=&#8221;no-extra-padding&#8221; column_padding_position=&#8221;all&#8221; background_color_opacity=&#8221;1&#8243; background_hover_color_opacity=&#8221;1&#8243; column_shadow=&#8221;none&#8221; column_border_radius=&#8221;none&#8221; width=&#8221;1\/2&#8243; column_border_width=&#8221;none&#8221; column_border_style=&#8221;solid&#8221;][nectar_image_with_hotspots image=&#8221;502&#8243; preview=&#8221;http:\/\/cityofmercy.lt\/wp-content\/uploads\/2017\/12\/\u0160V-KRY\u017dIAUS4.jpg&#8221; color_1=&#8221;Accent-Color&#8221; hotspot_icon=&#8221;plus_sign&#8221; tooltip=&#8221;hover&#8221; tooltip_shadow=&#8221;medium_depth&#8221; animation=&#8221;true&#8221;][nectar_hotspot left=&#8221;38.5325%&#8221; top=&#8221;51.3941%&#8221; position=&#8221;bottom&#8221;]O wstawiennictwo i pomoc Matki Boskiej Uzdrowienia Chorych w szczeg\u00f3lno\u015bci prosz\u0105 chorzy i osoby z dysfunkcj\u0105 wzroku.[\/nectar_hotspot][\/nectar_image_with_hotspots]<div class=\"divider-wrap\"><div style=\"height: 20px;\" class=\"divider\"><\/div><\/div>[vc_column_text]<strong>Ko\u015bci\u00f3\u0142 zalicza si\u0119 do<\/strong> <a href=\"https:\/\/cityofmercy.lt\/pl_PL\/marsrutai\/marijos-gerbimo-vietos\/\">Szlaku Maryjnego<\/a> i <a href=\"https:\/\/cityofmercy.lt\/pl_PL\/marsrutai\/pranciskonu-kelias\/\">Szlaku Franciszka\u0144skiego w Wilnie<\/a>.[\/vc_column_text]<div class=\"divider-wrap\"><div style=\"height: 20px;\" class=\"divider\"><\/div><\/div>[vc_column_text]\n<div class=\"wpb_text_column wpb_content_element \" style=\"text-align: justify;\">\n<div class=\"wpb_wrapper\">\n<p>\u0179r\u00f3d\u0142a pi\u015bmiennicze podaj\u0105, \u017ce kanclerz wielki litewski Olbracht Gaszto\u0142d zaprosi\u0142 do Wilna 14\u00a0Franciszkan\u00f3w, kt\u00f3rym po wyje\u017adzie kanclerza \u015bci\u0119to g\u0142owy lub ukrzy\u017cowano. Na grobie\u00a0m\u0119czennik\u00f3w O. Gaszto\u0142d postawi\u0142 Krzy\u017c, kt\u00f3rego nie naruszy\u0142 nawet wielki po\u017car, a za\u00a0wstawiennictwem m\u0119czennik\u00f3w uzyskiwano wiele \u0142ask. W 1543 r. w miejsce Krzy\u017ca postawiono\u00a0kaplic\u0119 \u015aw. Krzy\u017ca. W 1635 r. biskup Abraham Woyna zaprosi\u0142 do Wilna zakonnik\u00f3w Bonifratr\u00f3w\u00a0(\u0142ac. boni fratres \u2013 dobrzy bracia) i powierzy\u0142 im opiek\u0119 nad starszymi chorymi ksi\u0119\u017cmi i ubogimi\u00a0\u015bwieckimi. Bracia troszczyli si\u0119 tak\u017ce osobami z zaburzeniami psychicznymi, co w\u00f3wczas by\u0142o\u00a0niespotykane. Bonifratrzy w Wilnie zbudowali klasztor i Ko\u015bci\u00f3\u0142 obok kaplicy \u015bw. Krzy\u017ca.<\/p>\n<p>Obecne zdobnictwo Ko\u015bcio\u0142a pojawi\u0142o si\u0119 w XVIII w. po po\u017carze, kt\u00f3ry nawiedzi\u0142 Wilno. Cz\u0119\u015b\u0107\u00a0zewn\u0119trzna Ko\u015bcio\u0142a \u015bw. Krzy\u017ca jest dosy\u0107 skromna, wytworne s\u0105 jedynie a\u017curowe krzy\u017ce,\u00a0umieszczone na zwie\u0144czeniu kwadratowych wie\u017cyczek. Wn\u0119trze Ko\u015bcio\u0142a jest bogatsze, jednak nie\u00a0jest charakterystyczne dla Ko\u015bcio\u0142\u00f3w w stylu p\u00f3\u017anego baroku w Wilnie. Warto wspomnie\u0107 o \u017ar\u00f3de\u0142ku\u00a0w piwnicy \u015bwi\u0105tyni, kt\u00f3re wytrysn\u0119\u0142o tu na pami\u0105tk\u0119 m\u0119cze\u0144skiej \u015bmierci pierwszych Franciszkan\u00f3w\u00a0w Wilnie. Ludzie wierz\u0105, \u017ce woda ze \u017ar\u00f3de\u0142ka leczy choroby oczu.<\/p>\n<p>W 1843 r. Ko\u015bci\u00f3\u0142 \u015bw. Krzy\u017ca zamkni\u0119to i wygnano Bonifratr\u00f3w z Wilna. W okresie mi\u0119dzywojennym\u00a0bracia ponownie wr\u00f3cili i za\u0142o\u017cyli przytu\u0142ek dla starc\u00f3w oraz jadalni\u0119 dla ubogich. Po II wojnie\u00a0\u015bwiatowej Ko\u015bci\u00f3\u0142 zn\u00f3w zamkni\u0119to. Kompletowano w nim ksi\u0105\u017cki w celu uzupe\u0142nienia biblioteki. W\u00a0pomieszczeniach klasztoru mieszkali ludzie, pozosta\u0142a cz\u0119\u015b\u0107 budynku nale\u017ca\u0142a do Wile\u0144skiego\u00a0Muzeum Krajoznawstwa. W 1976 r. Ko\u015bci\u00f3\u0142 dok\u0142adnie odrestaurowano i przystosowano na sal\u0119\u00a0koncertow\u0105 muzyki organowej. Od 1995 r. budynki przekazano Zgromadzeniu Si\u00f3str S\u0142u\u017cebnic\u00a0Niepokalanego Pocz\u0119cia Naj\u015bwi\u0119tszej Maryi Panny, klasztor zrekonstruowano. Przy Ko\u015bciele dzia\u0142a\u00a0centrum pomocy spo\u0142ecznej \u201eDom \u015bw. Krzy\u017ca\u201d, w kt\u00f3rym niesiona jest pomoc ludziom w ci\u0119\u017ckiej\u00a0sytuacji \u017cyciowej.<\/p>\n<p><strong>Obraz Matki Boskiej Uzdrowienia Chorych<\/strong> lub <strong>Naj\u015bwi\u0119tszej Maryi Panny \u015anie\u017cnej<\/strong> przypomina o\u00a0czasach braci Bonifratr\u00f3w. Dok\u0142adna historia pojawienia si\u0119 obrazu nie jest znana, jednak pisano o\u00a0nim ju\u017c w po\u0142owie XVIII w. w dokumentach z inwentaryzacji Ko\u015bcio\u0142a. O \u0142askach otrzymywanych za\u00a0po\u015brednictwem obrazu, \u015bwiadcz\u0105 okucia oraz wota \u2013 dar sk\u0142adany w podzi\u0119ce. O wstawiennictwo i\u00a0pomoc Matki Boskiej Uzdrowienia Chorych w szczeg\u00f3lno\u015bci prosz\u0105 chorzy i osoby z dysfunkcj\u0105\u00a0wzroku. Fasad\u0119 Ko\u015bcio\u0142a zdobi kopia tego obrazu.<\/p>\n<\/div>\n<\/div>\n[\/vc_column_text][\/vc_column_inner][vc_column_inner column_padding=&#8221;no-extra-padding&#8221; column_padding_position=&#8221;all&#8221; background_color_opacity=&#8221;1&#8243; background_hover_color_opacity=&#8221;1&#8243; column_shadow=&#8221;none&#8221; column_border_radius=&#8221;none&#8221; width=&#8221;1\/2&#8243; column_border_width=&#8221;none&#8221; column_border_style=&#8221;solid&#8221;]<div class=\"iwithtext\"><div class=\"iwt-icon\"> <i class=\"icon-default-style icon-map-marker accent-color\"><\/i> <\/div><div class=\"iwt-text\"> <a href=\"https:\/\/www.google.com\/maps\/place\/S.+Daukanto+a.+1,+Vilnius+01122\/@54.6839009,25.2825803,17z\/data=!3m1!4b1!4m5!3m4!1s0x46dd9416cadda5bd:0x53403c0f47f97ece!8m2!3d54.6838978!4d25.284769\" target=\"_blank\" rel=\"noopener\">ul. S. Daukanto a. 1, Wilno<\/a> <\/div><div class=\"clear\"><\/div><\/div><div class=\"iwithtext\"><div class=\"iwt-icon\"> <i class=\"icon-default-style icon-time accent-color\"><\/i> <\/div><div class=\"iwt-text\"> Ko\u015bci\u00f3\u0142\u00a0otwarty godziny przed ka\u017cd\u0105 Msz\u0105 \u015bwi\u0119t\u0105 w dni powszednie i niedziele. <\/div><div class=\"clear\"><\/div><\/div><div class=\"iwithtext\"><div class=\"iwt-icon\"> <img decoding=\"async\" src=\"https:\/\/cityofmercy.lt\/wp-content\/uploads\/2017\/12\/taurinis.png\" alt=\"\" \/> <\/div><div class=\"iwt-text\"> <strong>Msza \u015bwi\u0119ta (j. litewski)<\/strong><br \/>\nI\u2013V: 18.00<br \/>\nVI: 11.00<br \/>\nVII: 11.00, 19.00 (dla student\u00f3w) <\/div><div class=\"clear\"><\/div><\/div><div class=\"iwithtext\"><div class=\"iwt-icon\"> <i class=\"icon-default-style icon-phone accent-color\"><\/i> <\/div><div class=\"iwt-text\"> +370 672 46648 <\/div><div class=\"clear\"><\/div><\/div>[\/vc_column_inner][\/vc_row_inner][\/vc_column][\/vc_row][vc_row type=&#8221;in_container&#8221; full_screen_row_position=&#8221;middle&#8221; scene_position=&#8221;center&#8221; text_color=&#8221;dark&#8221; text_align=&#8221;left&#8221; overlay_strength=&#8221;0.3&#8243; shape_divider_position=&#8221;bottom&#8221;][vc_column column_padding=&#8221;no-extra-padding&#8221; column_padding_position=&#8221;all&#8221; background_color_opacity=&#8221;1&#8243; background_hover_color_opacity=&#8221;1&#8243; column_shadow=&#8221;none&#8221; column_border_radius=&#8221;none&#8221; width=&#8221;1\/1&#8243; tablet_text_alignment=&#8221;default&#8221; phone_text_alignment=&#8221;default&#8221; column_border_width=&#8221;none&#8221; column_border_style=&#8221;solid&#8221;]<div class=\"divider-wrap\"><div style=\"height: 200px;\" class=\"divider\"><\/div><\/div>[\/vc_column][\/vc_row]\n","protected":false},"excerpt":{"rendered":"<p>[vc_row type=&#8221;in_container&#8221; full_screen_row_position=&#8221;middle&#8221; scene_position=&#8221;center&#8221; text_color=&#8221;dark&#8221; text_align=&#8221;left&#8221; overlay_strength=&#8221;0.3&#8243; shape_divider_position=&#8221;bottom&#8221;][vc_column column_padding=&#8221;no-extra-padding&#8221; column_padding_position=&#8221;all&#8230;<\/p>\n","protected":false},"author":2,"featured_media":603,"parent":38,"menu_order":0,"comment_status":"closed","ping_status":"closed","template":"","meta":{"footnotes":""},"class_list":["post-142","page","type-page","status-publish","has-post-thumbnail","hentry"],"_links":{"self":[{"href":"https:\/\/cityofmercy.lt\/pl_PL\/wp-json\/wp\/v2\/pages\/142","targetHints":{"allow":["GET"]}}],"collection":[{"href":"https:\/\/cityofmercy.lt\/pl_PL\/wp-json\/wp\/v2\/pages"}],"about":[{"href":"https:\/\/cityofmercy.lt\/pl_PL\/wp-json\/wp\/v2\/types\/page"}],"author":[{"embeddable":true,"href":"https:\/\/cityofmercy.lt\/pl_PL\/wp-json\/wp\/v2\/users\/2"}],"replies":[{"embeddable":true,"href":"https:\/\/cityofmercy.lt\/pl_PL\/wp-json\/wp\/v2\/comments?post=142"}],"version-history":[{"count":46,"href":"https:\/\/cityofmercy.lt\/pl_PL\/wp-json\/wp\/v2\/pages\/142\/revisions"}],"predecessor-version":[{"id":8093,"href":"https:\/\/cityofmercy.lt\/pl_PL\/wp-json\/wp\/v2\/pages\/142\/revisions\/8093"}],"up":[{"embeddable":true,"href":"https:\/\/cityofmercy.lt\/pl_PL\/wp-json\/wp\/v2\/pages\/38"}],"wp:featuredmedia":[{"embeddable":true,"href":"https:\/\/cityofmercy.lt\/pl_PL\/wp-json\/wp\/v2\/media\/603"}],"wp:attachment":[{"href":"https:\/\/cityofmercy.lt\/pl_PL\/wp-json\/wp\/v2\/media?parent=142"}],"curies":[{"name":"wp","href":"https:\/\/api.w.org\/{rel}","templated":true}]}}