{"id":140,"date":"2017-11-30T16:13:20","date_gmt":"2017-11-30T16:13:20","guid":{"rendered":"http:\/\/cityofmercy.lt\/?page_id=140"},"modified":"2021-05-27T17:12:19","modified_gmt":"2021-05-27T14:12:19","slug":"sv-kazimiero-baznycia-ir-jezuitu-vienuolynas","status":"publish","type":"page","link":"https:\/\/cityofmercy.lt\/pl_PL\/objektai\/sv-kazimiero-baznycia-ir-jezuitu-vienuolynas\/","title":{"rendered":"Ko\u015bci\u00f3\u0142 \u015bw. Kazimierza przy Klasztorze Jezuit\u00f3w"},"content":{"rendered":"[vc_row type=&#8221;in_container&#8221; full_screen_row_position=&#8221;middle&#8221; scene_position=&#8221;center&#8221; text_color=&#8221;dark&#8221; text_align=&#8221;left&#8221; overlay_strength=&#8221;0.3&#8243; shape_divider_position=&#8221;bottom&#8221;][vc_column centered_text=&#8221;true&#8221; column_padding=&#8221;no-extra-padding&#8221; column_padding_position=&#8221;all&#8221; background_color_opacity=&#8221;1&#8243; background_hover_color_opacity=&#8221;1&#8243; column_shadow=&#8221;none&#8221; column_border_radius=&#8221;none&#8221; width=&#8221;1\/1&#8243; tablet_text_alignment=&#8221;default&#8221; phone_text_alignment=&#8221;default&#8221; column_border_width=&#8221;none&#8221; column_border_style=&#8221;solid&#8221;][vc_column_text]\n<h4><strong>Ko\u015bci\u00f3\u0142 \u015bw. Kazimierza przy Klasztorze Jezuit\u00f3w<\/strong><\/h4>\n<h4><\/h4>\n[\/vc_column_text]<div class=\"divider-wrap\"><div style=\"margin-top: 25px; height: 1px; margin-bottom: 25px;\" data-width=\"100%\" data-animate=\"\" data-animation-delay=\"\" data-color=\"default\" class=\"divider-border\"><\/div><\/div>[\/vc_column][\/vc_row][vc_row type=&#8221;in_container&#8221; full_screen_row_position=&#8221;middle&#8221; scene_position=&#8221;center&#8221; text_color=&#8221;dark&#8221; text_align=&#8221;left&#8221; overlay_strength=&#8221;0.3&#8243; shape_divider_position=&#8221;bottom&#8221;][vc_column column_padding=&#8221;no-extra-padding&#8221; column_padding_position=&#8221;all&#8221; background_color_opacity=&#8221;1&#8243; background_hover_color_opacity=&#8221;1&#8243; column_shadow=&#8221;none&#8221; column_border_radius=&#8221;none&#8221; top_margin=&#8221;-30&#8243; width=&#8221;1\/1&#8243; tablet_text_alignment=&#8221;default&#8221; phone_text_alignment=&#8221;default&#8221; column_border_width=&#8221;none&#8221; column_border_style=&#8221;solid&#8221;][vc_row_inner column_margin=&#8221;default&#8221; text_align=&#8221;left&#8221;][vc_column_inner column_padding=&#8221;no-extra-padding&#8221; column_padding_position=&#8221;all&#8221; background_color_opacity=&#8221;1&#8243; background_hover_color_opacity=&#8221;1&#8243; column_shadow=&#8221;none&#8221; column_border_radius=&#8221;none&#8221; width=&#8221;1\/2&#8243; column_border_width=&#8221;none&#8221; column_border_style=&#8221;solid&#8221;][nectar_image_with_hotspots image=&#8221;492&#8243; preview=&#8221;http:\/\/cityofmercy.lt\/wp-content\/uploads\/2017\/12\/KAZIMIERAS3.jpg&#8221; color_1=&#8221;Accent-Color&#8221; hotspot_icon=&#8221;plus_sign&#8221; tooltip=&#8221;hover&#8221; tooltip_shadow=&#8221;medium_depth&#8221; animation=&#8221;true&#8221;][nectar_hotspot left=&#8221;41.3522%&#8221; top=&#8221;71.5409%&#8221; position=&#8221;right&#8221;]W XVII w. pod wielkim o\u0142tarzem Jezusa Ukrzy\u017cowanego znajduje si\u0119 miejsce poch\u00f3wku Jezuit\u00f3w, ozdobione jednobarwnymi wizerunkami Ukrzy\u017cowanego Jezusa, Zmartwychwstania Jezusa, Naj\u015bwi\u0119tszej Maryi Panny oraz kl\u0119cz\u0105cych i modl\u0105cych si\u0119 w trumnie zmar\u0142ych zakonnik\u00f3w. Przypuszcza si\u0119, \u017ce krypta zosta\u0142a zalana w trakcie odbudowy Ko\u015bcio\u0142a po naje\u017adzie Rosjan i Kozak\u00f3w w po\u0142owie XVII w. Krypta zosta\u0142a przypadkowo odkryta w 1991 r. Ponownie pochowano w niej oko\u0142o 200 szcz\u0105tk\u00f3w, znalezionych w innych piwnicach Ko\u015bcio\u0142a. W krypcie czczona jest relikwia \u015bw. Andrzeja Boboli.[\/nectar_hotspot][\/nectar_image_with_hotspots]<div class=\"divider-wrap\"><div style=\"height: 20px;\" class=\"divider\"><\/div><\/div>[vc_column_text]<strong>Ko\u015bci\u00f3\u0142 zalicza si\u0119 do<\/strong> <a href=\"https:\/\/cityofmercy.lt\/pl_PL\/marsrutai\/jezuitai-vilniuje\/\">Szlaku Jezuit\u00f3w w Wilnie<\/a> oraz\u00a0<a href=\"https:\/\/cityofmercy.lt\/pl_PL\/marsrutai\/vilniaus-sventieji\/\">Szlaku \u015awi\u0119tych Wile\u0144skich.<\/a>[\/vc_column_text]<div class=\"divider-wrap\"><div style=\"height: 20px;\" class=\"divider\"><\/div><\/div>[vc_column_text]\n<p style=\"text-align: justify;\">To drugi Ko\u015bci\u00f3\u0142 w Wilnie (po \u015bw. Janach) za\u0142o\u017cony przez Jezuit\u00f3w, zbudowany ku czci patrona Litwy\u00a0\u015bw. Kazimierza. Jego budow\u0119 rozpocz\u0119to zaraz po kanonizacji \u015bw. Kazimierza w 1604 r. Ko\u015bci\u00f3\u0142\u00a0uwa\u017cany jest za najwa\u017cniejsz\u0105 \u015bwi\u0105tyni\u0119 Jezuit\u00f3w w Wielkim Ksi\u0119stwie Litewskim. Budowa Ko\u015bcio\u0142a\u00a0oraz domus professa zbieg\u0142a si\u0119 z za\u0142o\u017ceniem litewskiej prowincji Jezuit\u00f3w. Domus professa by\u0142\u00a0najwa\u017cniejsz\u0105 i najbardziej znacz\u0105c\u0105 jednostk\u0105 strukturaln\u0105 prowincji Jezuit\u00f3w, poniewa\u017c mieszka\u0142 w\u00a0nim Prowincja\u0142 i inni zakonnicy, kt\u00f3rzy przeszli wszystkie etapy formacji zakonnej i z\u0142o\u017cyli ostatnie\u00a0uroczyste \u015bluby: trzy proste zakonne i czwarty \u2013 pos\u0142usze\u0144stwo papie\u017cowi (\u0142ac. professio).<\/p>\n<p style=\"text-align: justify;\">Ko\u015bci\u00f3\u0142 \u015bw. Kazimierza zosta\u0142 wzniesiony na wz\u00f3r Ko\u015bcio\u0142a Il Gesu w Rzymie (Ko\u015bci\u00f3\u0142 Naj\u015bwi\u0119tszego\u00a0Imienia Jezus) i nale\u017cy do najnowocze\u015bniejszych \u015bwi\u0105ty\u0144 wczesnego baroku, zbudowanych na planie\u00a0krzy\u017ca z kopu\u0142\u0105. Po ostatnim po\u017carze w 1749 r., Ko\u015bci\u00f3\u0142 zosta\u0142 zrekonstruowany, wzniesiono now\u0105\u00a0kilkustopniow\u0105 kopu\u0142\u0119, zwie\u0144czon\u0105 koron\u0105 wielkoksi\u0105\u017c\u0119c\u0105. Jest to jedna z najwspanialszych kopu\u0142 w\u00a0Europie.<\/p>\n<p style=\"text-align: justify;\">W XVII w. pod wielkim o\u0142tarzem Jezusa Ukrzy\u017cowanego znajduje si\u0119 miejsce poch\u00f3wku Jezuit\u00f3w,\u00a0ozdobione jednobarwnymi wizerunkami Ukrzy\u017cowanego Jezusa, Zmartwychwstania Jezusa,\u00a0Naj\u015bwi\u0119tszej Maryi Panny oraz kl\u0119cz\u0105cych i modl\u0105cych si\u0119 w trumnie zmar\u0142ych zakonnik\u00f3w.\u00a0Przypuszcza si\u0119, \u017ce krypta zosta\u0142a zalana w trakcie odbudowy Ko\u015bcio\u0142a po naje\u017adzie Rosjan i Kozak\u00f3w\u00a0w po\u0142owie XVII w. Krypta zosta\u0142a przypadkowo odkryta w 1991 r. Ponownie pochowano w niej oko\u0142o\u00a0200 szcz\u0105tk\u00f3w, znalezionych w innych piwnicach Ko\u015bcio\u0142a. W krypcie czczona jest relikwia\u00a0<strong>\u015bw. Andrzeja Boboli<\/strong>, kt\u00f3ry w 1622 r. w tym w\u0142a\u015bnie Ko\u015bciele przyj\u0105\u0142 \u015bwi\u0119cenia kap\u0142a\u0144skie i pracowa\u0142\u00a0tu 12 lat.<\/p>\n<p style=\"text-align: justify;\">W XVIII w. w Ko\u015bciele \u015bw. Kazimierza zbudowano 13 murowanych o\u0142tarzy, zachowa\u0142 si\u0119 jedynie\u00a0g\u0142\u00f3wny o\u0142tarz i dwa znajduj\u0105ce si\u0119 po lewej i prawej stronie o\u0142tarza g\u0142\u00f3wnego. Niekt\u00f3re obrazy\u00a0zniszczonych o\u0142tarzy obecnie wisz\u0105 w Ko\u015bciele \u015bw. Jan\u00f3w. W g\u0142\u00f3wnym o\u0142tarzu barokowym z XVIII w. \u2013\u00a0widniej\u0105 dzie\u0142a znanego wsp\u00f3\u0142czesnego artysty Antoniego Kmieliauskasa.<\/p>\n<p style=\"text-align: justify;\">Po powstaniu z 1831 r. Ko\u015bci\u00f3\u0142 zosta\u0142 zamkni\u0119ty, a w latach 1864-1868 przebudowany na Sob\u00f3r\u00a0\u015bw. Miko\u0142aja. Obni\u017cono w\u00f3wczas wie\u017ce, zast\u0105piono znajduj\u0105c\u0105 si\u0119 na kopule mitr\u0119 wielkoksi\u0105\u017c\u0119c\u0105\u00a0prawos\u0142awn\u0105 kopu\u0142k\u0105. W okresie mi\u0119dzywojennym Ko\u015bci\u00f3\u0142 zwr\u00f3cono katolikom, w okresie\u00a0radzieckim dzia\u0142a\u0142o tu Muzeum Ateizmu, a po odzyskaniu przez Litw\u0119 niepodleg\u0142o\u015bci Ko\u015bci\u00f3\u0142 powr\u00f3ci\u0142\u00a0do Jezuit\u00f3w.<\/p>\n[\/vc_column_text][\/vc_column_inner][vc_column_inner column_padding=&#8221;no-extra-padding&#8221; column_padding_position=&#8221;all&#8221; background_color_opacity=&#8221;1&#8243; background_hover_color_opacity=&#8221;1&#8243; column_shadow=&#8221;none&#8221; column_border_radius=&#8221;none&#8221; width=&#8221;1\/2&#8243; column_border_width=&#8221;none&#8221; column_border_style=&#8221;solid&#8221;]<div class=\"iwithtext\"><div class=\"iwt-icon\"> <i class=\"icon-default-style icon-map-marker accent-color\"><\/i> <\/div><div class=\"iwt-text\"> <a href=\"https:\/\/goo.gl\/maps\/qe21mUzsuvKKCD5VA\" target=\"_blank\" rel=\"noopener\">ul. Did\u017eioji 34, Wilno<\/a> <\/div><div class=\"clear\"><\/div><\/div><div class=\"iwithtext\"><div class=\"iwt-icon\"> <i class=\"icon-default-style icon-time accent-color\"><\/i> <\/div><div class=\"iwt-text\"> <strong>Ko\u015bci\u00f3\u0142 czynny<\/strong><br \/>\nI\u2013V: 11.00\u201319.00<br \/>\nVII: 8.00\u201319.00 <\/div><div class=\"clear\"><\/div><\/div><div class=\"iwithtext\"><div class=\"iwt-icon\"> <img decoding=\"async\" src=\"https:\/\/cityofmercy.lt\/wp-content\/uploads\/2017\/12\/taurinis.png\" alt=\"\" \/> <\/div><div class=\"iwt-text\"> <strong>Msza \u015bwi\u0119ta (j. litewski)<\/strong><br \/>\nI\u2013V: 17.30<br \/>\nVII: 10.30, 12.00 <\/div><div class=\"clear\"><\/div><\/div><div class=\"iwithtext\"><div class=\"iwt-icon\">  <\/div><div class=\"iwt-text\"> <strong>Msza \u015bwi\u0119ta (j. rosyjski)<\/strong><br \/>\nVII: 9.00 <\/div><div class=\"clear\"><\/div><\/div><div class=\"iwithtext\"><div class=\"iwt-icon\"> <i class=\"icon-default-style icon-phone accent-color\"><\/i> <\/div><div class=\"iwt-text\"> +370 5 212 1715<br \/>\n <\/div><div class=\"clear\"><\/div><\/div><div class=\"iwithtext\"><div class=\"iwt-icon\"> <i class=\"icon-default-style icon-globe accent-color\"><\/i> <\/div><div class=\"iwt-text\"> <a href=\"http:\/\/www.kazimiero.lt\" target=\"_blank\" rel=\"noopener\">www.kazimiero.lt<\/a> <\/div><div class=\"clear\"><\/div><\/div>[\/vc_column_inner][\/vc_row_inner][\/vc_column][\/vc_row][vc_row type=&#8221;in_container&#8221; full_screen_row_position=&#8221;middle&#8221; scene_position=&#8221;center&#8221; text_color=&#8221;dark&#8221; text_align=&#8221;left&#8221; overlay_strength=&#8221;0.3&#8243; shape_divider_position=&#8221;bottom&#8221;][vc_column column_padding=&#8221;no-extra-padding&#8221; column_padding_position=&#8221;all&#8221; background_color_opacity=&#8221;1&#8243; background_hover_color_opacity=&#8221;1&#8243; column_shadow=&#8221;none&#8221; column_border_radius=&#8221;none&#8221; width=&#8221;1\/1&#8243; tablet_text_alignment=&#8221;default&#8221; phone_text_alignment=&#8221;default&#8221; column_border_width=&#8221;none&#8221; column_border_style=&#8221;solid&#8221;]<div class=\"divider-wrap\"><div style=\"height: 200px;\" class=\"divider\"><\/div><\/div>[\/vc_column][\/vc_row]\n","protected":false},"excerpt":{"rendered":"<p>[vc_row type=&#8221;in_container&#8221; full_screen_row_position=&#8221;middle&#8221; scene_position=&#8221;center&#8221; text_color=&#8221;dark&#8221; text_align=&#8221;left&#8221; overlay_strength=&#8221;0.3&#8243; shape_divider_position=&#8221;bottom&#8221;][vc_column centered_text=&#8221;true&#8221; column_padding=&#8221;no-extra-padding&#8221; column_&#8230;<\/p>\n","protected":false},"author":2,"featured_media":292,"parent":38,"menu_order":0,"comment_status":"closed","ping_status":"closed","template":"","meta":{"footnotes":""},"class_list":["post-140","page","type-page","status-publish","has-post-thumbnail","hentry"],"_links":{"self":[{"href":"https:\/\/cityofmercy.lt\/pl_PL\/wp-json\/wp\/v2\/pages\/140","targetHints":{"allow":["GET"]}}],"collection":[{"href":"https:\/\/cityofmercy.lt\/pl_PL\/wp-json\/wp\/v2\/pages"}],"about":[{"href":"https:\/\/cityofmercy.lt\/pl_PL\/wp-json\/wp\/v2\/types\/page"}],"author":[{"embeddable":true,"href":"https:\/\/cityofmercy.lt\/pl_PL\/wp-json\/wp\/v2\/users\/2"}],"replies":[{"embeddable":true,"href":"https:\/\/cityofmercy.lt\/pl_PL\/wp-json\/wp\/v2\/comments?post=140"}],"version-history":[{"count":47,"href":"https:\/\/cityofmercy.lt\/pl_PL\/wp-json\/wp\/v2\/pages\/140\/revisions"}],"predecessor-version":[{"id":6751,"href":"https:\/\/cityofmercy.lt\/pl_PL\/wp-json\/wp\/v2\/pages\/140\/revisions\/6751"}],"up":[{"embeddable":true,"href":"https:\/\/cityofmercy.lt\/pl_PL\/wp-json\/wp\/v2\/pages\/38"}],"wp:featuredmedia":[{"embeddable":true,"href":"https:\/\/cityofmercy.lt\/pl_PL\/wp-json\/wp\/v2\/media\/292"}],"wp:attachment":[{"href":"https:\/\/cityofmercy.lt\/pl_PL\/wp-json\/wp\/v2\/media?parent=140"}],"curies":[{"name":"wp","href":"https:\/\/api.w.org\/{rel}","templated":true}]}}