{"id":138,"date":"2017-11-30T16:12:36","date_gmt":"2017-11-30T16:12:36","guid":{"rendered":"http:\/\/cityofmercy.lt\/?page_id=138"},"modified":"2021-05-27T17:14:52","modified_gmt":"2021-05-27T14:14:52","slug":"sv-jurgio-baznycia","status":"publish","type":"page","link":"https:\/\/cityofmercy.lt\/pl_PL\/objektai\/sv-jurgio-baznycia\/","title":{"rendered":"Ko\u015bci\u00f3\u0142 \u015bw. Jerzego "},"content":{"rendered":"[vc_row type=&#8221;in_container&#8221; full_screen_row_position=&#8221;middle&#8221; scene_position=&#8221;center&#8221; text_color=&#8221;dark&#8221; text_align=&#8221;left&#8221; overlay_strength=&#8221;0.3&#8243; shape_divider_position=&#8221;bottom&#8221;][vc_column centered_text=&#8221;true&#8221; column_padding=&#8221;no-extra-padding&#8221; column_padding_position=&#8221;all&#8221; background_color_opacity=&#8221;1&#8243; background_hover_color_opacity=&#8221;1&#8243; column_shadow=&#8221;none&#8221; column_border_radius=&#8221;none&#8221; width=&#8221;1\/1&#8243; tablet_text_alignment=&#8221;default&#8221; phone_text_alignment=&#8221;default&#8221; column_border_width=&#8221;none&#8221; column_border_style=&#8221;solid&#8221;][vc_column_text]\n<h4 style=\"text-align: center;\"><strong>Ko\u015bci\u00f3\u0142 \u015bw. Jerzego<\/strong><\/h4>\n[\/vc_column_text]<div class=\"divider-wrap\"><div style=\"margin-top: 25px; height: 1px; margin-bottom: 25px;\" data-width=\"100%\" data-animate=\"\" data-animation-delay=\"\" data-color=\"default\" class=\"divider-border\"><\/div><\/div>[\/vc_column][\/vc_row][vc_row type=&#8221;in_container&#8221; full_screen_row_position=&#8221;middle&#8221; scene_position=&#8221;center&#8221; text_color=&#8221;dark&#8221; text_align=&#8221;left&#8221; overlay_strength=&#8221;0.3&#8243; shape_divider_position=&#8221;bottom&#8221;][vc_column column_padding=&#8221;no-extra-padding&#8221; column_padding_position=&#8221;all&#8221; background_color_opacity=&#8221;1&#8243; background_hover_color_opacity=&#8221;1&#8243; column_shadow=&#8221;none&#8221; column_border_radius=&#8221;none&#8221; top_margin=&#8221;-30&#8243; width=&#8221;1\/1&#8243; tablet_text_alignment=&#8221;default&#8221; phone_text_alignment=&#8221;default&#8221; column_border_width=&#8221;none&#8221; column_border_style=&#8221;solid&#8221;][vc_row_inner column_margin=&#8221;default&#8221; text_align=&#8221;left&#8221;][vc_column_inner column_padding=&#8221;no-extra-padding&#8221; column_padding_position=&#8221;all&#8221; background_color_opacity=&#8221;1&#8243; background_hover_color_opacity=&#8221;1&#8243; column_shadow=&#8221;none&#8221; column_border_radius=&#8221;none&#8221; width=&#8221;1\/2&#8243; column_border_width=&#8221;none&#8221; column_border_style=&#8221;solid&#8221;][nectar_image_with_hotspots image=&#8221;488&#8243; preview=&#8221;http:\/\/cityofmercy.lt\/wp-content\/uploads\/2017\/12\/JURGIO-1.jpg&#8221; color_1=&#8221;Accent-Color&#8221; hotspot_icon=&#8221;plus_sign&#8221; tooltip=&#8221;hover&#8221; tooltip_shadow=&#8221;medium_depth&#8221; animation=&#8221;true&#8221;][nectar_hotspot left=&#8221;42.86512778740009%&#8221; top=&#8221;37.82494502997248%&#8221; position=&#8221;bottom&#8221;]Wewn\u0105trz znajduj\u0105 si\u0119 nadzwyczaj rzadkie kompozycje fresk\u00f3w, obrazuj\u0105ce \u017cywot i m\u0119ki \u015bw. Jerzego.[\/nectar_hotspot][\/nectar_image_with_hotspots]<div class=\"divider-wrap\"><div style=\"height: 20px;\" class=\"divider\"><\/div><\/div>[vc_column_text]<strong>Ko\u015bci\u00f3\u0142 zalicza si\u0119 do<\/strong> <a href=\"https:\/\/cityofmercy.lt\/pl_PL\/marsrutai\/gailestingumo-kelias\/\">Szlaku Bo\u017cego Mi\u0142osierdzia<\/a>.[\/vc_column_text]<div class=\"divider-wrap\"><div style=\"height: 20px;\" class=\"divider\"><\/div><\/div>[vc_column_text]\n<div class=\"wpb_text_column wpb_content_element \" style=\"text-align: justify;\">\n<div class=\"wpb_wrapper\">\n<p>W Ko\u015bciele \u015bw. Jerzego i w dawnym Klasztorze Karmelit\u00f3w od ko\u0144ca XVIII w. dzia\u0142a\u0142o seminarium\u00a0duchowne, kt\u00f3re w 3-cim dziesi\u0119cioleciu XX w. po\u0142\u0105czono z Wydzia\u0142em Teologicznym Uniwersytetu\u00a0Wile\u0144skiego (w\u00f3wczas Uniwersytet Stefana Batorego). B\u0142. ks. M. Sopo\u0107ko nie tylko studiowa\u0142 w tym\u00a0seminarium, ale wi\u0119ksz\u0105 cz\u0119\u015b\u0107 swojego \u017cycia kap\u0142a\u0144skiego by\u0142 tam profesorem, ojcem duchownym\u00a0kleryk\u00f3w. Czas sp\u0119dzony w seminarium wymienia\u0142 jako najbardziej owocne do\u015bwiadczenie swojego\u00a0\u017cycia. Podczas pracy ze studentami kierowa\u0142 si\u0119 pogl\u0105dem, \u017ce szczera mi\u0142o\u015b\u0107 \u2013 to najlepszy \u015brodek\u00a0wychowawczy. We wspomnieniach swoich wychowank\u00f3w pozosta\u0142 on duchownym wyr\u00f3\u017cniaj\u0105cym\u00a0si\u0119 g\u0142\u0119bokim \u017cyciem wewn\u0119trznym, uciele\u015bniaj\u0105cym prawdziwego ojca dusz.<\/p>\n<p>Zbudowany w XVI w. gotycki Ko\u015bci\u00f3\u0142 \u015bw. Jerzego nale\u017ca\u0142 do pierwszego na Litwie zakonu Karmelit\u00f3w\u00a0Trzewiczkowych. Spalony w XVIII w. Ko\u015bci\u00f3\u0142 zosta\u0142 odbudowany w stylu p\u00f3\u017anego baroku. Pod koniec\u00a0XVIII w. Karmelici przekazali budynki Wile\u0144skiemu Seminarium Duchownemu, kt\u00f3re dzia\u0142a\u0142o do ko\u0144ca\u00a0II wojny \u015bwiatowej. Obecnie zachowa\u0142 si\u0119 niemal ca\u0142y kompleks architektoniczny, w sk\u0142ad kt\u00f3rego\u00a0wchodzi Ko\u015bci\u00f3\u0142, dzwonnica-brama, domy zakonne, budynki pomocnicze i gospodarcze, wewn\u0105trz\u00a0znajduj\u0105 si\u0119 rzadkie kompozycje fresk\u00f3w, przedstawiaj\u0105ce \u017cycie i cierpienie \u015bw. Jerzego.<\/p>\n<p>Po wojnie mieszka\u0144cy Wilna i innych okolic, pracownicy instytucji kultury zebrali ksi\u0105\u017cki z\u00a0zamkni\u0119tych organizacji kultury, dom\u00f3w zes\u0142a\u0144c\u00f3w, getta \u017cydowskiego i przywie\u017ali je do Ko\u015bcio\u0142a,\u00a0gdzie by\u0142o ich ju\u017c oko\u0142o 3 mln. Utworzono tu magazyn biblioteczny, sztuki i muzyki Biblioteki\u00a0im. M. Ma\u017evydasa. Niedawno ksi\u0105\u017cki przeniesiono do Biblioteki Narodowej im. M. Ma\u017evydasa.<\/p>\n<\/div>\n<\/div>\n[\/vc_column_text][\/vc_column_inner][vc_column_inner column_padding=&#8221;no-extra-padding&#8221; column_padding_position=&#8221;all&#8221; background_color_opacity=&#8221;1&#8243; background_hover_color_opacity=&#8221;1&#8243; column_shadow=&#8221;none&#8221; column_border_radius=&#8221;none&#8221; width=&#8221;1\/2&#8243; column_border_width=&#8221;none&#8221; column_border_style=&#8221;solid&#8221;]<div class=\"iwithtext\"><div class=\"iwt-icon\"> <i class=\"icon-default-style icon-map-marker accent-color\"><\/i> <\/div><div class=\"iwt-text\"> <a href=\"https:\/\/www.google.com\/maps\/place\/K.+Sirvydo+g.+4,+Vilnius+01101\/@54.687621,25.2805272,17z\/data=!3m1!4b1!4m5!3m4!1s0x46dd9410638bd2db:0xa13927df8e880765!8m2!3d54.6876179!4d25.2827159\" target=\"_blank\" rel=\"noopener\">ul. K. Sirvydo 4, Wilno<\/a> <\/div><div class=\"clear\"><\/div><\/div><div class=\"divider-wrap\"><div style=\"height: 25px;\" class=\"divider\"><\/div><\/div><div class=\"iwithtext\"><div class=\"iwt-icon\"> <i class=\"icon-default-style icon-info accent-color\"><\/i> <\/div><div class=\"iwt-text\"> Ko\u015bci\u00f3\u0142 zamkni\u0119ty <\/div><div class=\"clear\"><\/div><\/div>[\/vc_column_inner][\/vc_row_inner][\/vc_column][\/vc_row][vc_row type=&#8221;in_container&#8221; full_screen_row_position=&#8221;middle&#8221; scene_position=&#8221;center&#8221; text_color=&#8221;dark&#8221; text_align=&#8221;left&#8221; overlay_strength=&#8221;0.3&#8243; shape_divider_position=&#8221;bottom&#8221;][vc_column column_padding=&#8221;no-extra-padding&#8221; column_padding_position=&#8221;all&#8221; background_color_opacity=&#8221;1&#8243; background_hover_color_opacity=&#8221;1&#8243; column_shadow=&#8221;none&#8221; column_border_radius=&#8221;none&#8221; width=&#8221;1\/1&#8243; tablet_text_alignment=&#8221;default&#8221; phone_text_alignment=&#8221;default&#8221; column_border_width=&#8221;none&#8221; column_border_style=&#8221;solid&#8221;]<div class=\"divider-wrap\"><div style=\"height: 200px;\" class=\"divider\"><\/div><\/div>[\/vc_column][\/vc_row]\n","protected":false},"excerpt":{"rendered":"<p>[vc_row type=&#8221;in_container&#8221; full_screen_row_position=&#8221;middle&#8221; scene_position=&#8221;center&#8221; text_color=&#8221;dark&#8221; text_align=&#8221;left&#8221; overlay_strength=&#8221;0.3&#8243; shape_divider_position=&#8221;bottom&#8221;][vc_column centered_text=&#8221;true&#8221; column_padding=&#8221;no-extra-padding&#8221; column_&#8230;<\/p>\n","protected":false},"author":2,"featured_media":288,"parent":38,"menu_order":0,"comment_status":"closed","ping_status":"closed","template":"","meta":{"footnotes":""},"class_list":["post-138","page","type-page","status-publish","has-post-thumbnail","hentry"],"_links":{"self":[{"href":"https:\/\/cityofmercy.lt\/pl_PL\/wp-json\/wp\/v2\/pages\/138","targetHints":{"allow":["GET"]}}],"collection":[{"href":"https:\/\/cityofmercy.lt\/pl_PL\/wp-json\/wp\/v2\/pages"}],"about":[{"href":"https:\/\/cityofmercy.lt\/pl_PL\/wp-json\/wp\/v2\/types\/page"}],"author":[{"embeddable":true,"href":"https:\/\/cityofmercy.lt\/pl_PL\/wp-json\/wp\/v2\/users\/2"}],"replies":[{"embeddable":true,"href":"https:\/\/cityofmercy.lt\/pl_PL\/wp-json\/wp\/v2\/comments?post=138"}],"version-history":[{"count":50,"href":"https:\/\/cityofmercy.lt\/pl_PL\/wp-json\/wp\/v2\/pages\/138\/revisions"}],"predecessor-version":[{"id":6752,"href":"https:\/\/cityofmercy.lt\/pl_PL\/wp-json\/wp\/v2\/pages\/138\/revisions\/6752"}],"up":[{"embeddable":true,"href":"https:\/\/cityofmercy.lt\/pl_PL\/wp-json\/wp\/v2\/pages\/38"}],"wp:featuredmedia":[{"embeddable":true,"href":"https:\/\/cityofmercy.lt\/pl_PL\/wp-json\/wp\/v2\/media\/288"}],"wp:attachment":[{"href":"https:\/\/cityofmercy.lt\/pl_PL\/wp-json\/wp\/v2\/media?parent=138"}],"curies":[{"name":"wp","href":"https:\/\/api.w.org\/{rel}","templated":true}]}}