{"id":136,"date":"2017-11-30T16:11:19","date_gmt":"2017-11-30T16:11:19","guid":{"rendered":"http:\/\/cityofmercy.lt\/?page_id=136"},"modified":"2021-05-27T14:19:19","modified_gmt":"2021-05-27T11:19:19","slug":"sv-jono-krikstytojo-ir-sv-jono-evangelisto-ir-apastalo-baznycia","status":"publish","type":"page","link":"https:\/\/cityofmercy.lt\/pl_PL\/objektai\/sv-jono-krikstytojo-ir-sv-jono-evangelisto-ir-apastalo-baznycia\/","title":{"rendered":"Ko\u015bci\u00f3\u0142 Jana Chrzciciela i \u015bw. Jana Aposto\u0142a Ewangelisty"},"content":{"rendered":"[vc_row type=&#8221;in_container&#8221; full_screen_row_position=&#8221;middle&#8221; scene_position=&#8221;center&#8221; text_color=&#8221;dark&#8221; text_align=&#8221;left&#8221; overlay_strength=&#8221;0.3&#8243; shape_divider_position=&#8221;bottom&#8221;][vc_column centered_text=&#8221;true&#8221; column_padding=&#8221;no-extra-padding&#8221; column_padding_position=&#8221;all&#8221; background_color_opacity=&#8221;1&#8243; background_hover_color_opacity=&#8221;1&#8243; column_shadow=&#8221;none&#8221; column_border_radius=&#8221;none&#8221; width=&#8221;1\/1&#8243; tablet_text_alignment=&#8221;default&#8221; phone_text_alignment=&#8221;default&#8221; column_border_width=&#8221;none&#8221; column_border_style=&#8221;solid&#8221;][vc_column_text]\n<h4><strong>Ko\u015bci\u00f3\u0142 Jana Chrzciciela i \u015bw. Jana Aposto\u0142a Ewangelisty<\/strong><\/h4>\n[\/vc_column_text]<div class=\"divider-wrap\"><div style=\"margin-top: 25px; height: 1px; margin-bottom: 25px;\" data-width=\"100%\" data-animate=\"\" data-animation-delay=\"\" data-color=\"default\" class=\"divider-border\"><\/div><\/div>[\/vc_column][\/vc_row][vc_row type=&#8221;in_container&#8221; full_screen_row_position=&#8221;middle&#8221; scene_position=&#8221;center&#8221; text_color=&#8221;dark&#8221; text_align=&#8221;left&#8221; overlay_strength=&#8221;0.3&#8243; shape_divider_position=&#8221;bottom&#8221;][vc_column column_padding=&#8221;no-extra-padding&#8221; column_padding_position=&#8221;all&#8221; background_color_opacity=&#8221;1&#8243; background_hover_color_opacity=&#8221;1&#8243; column_shadow=&#8221;none&#8221; column_border_radius=&#8221;none&#8221; top_margin=&#8221;-30&#8243; width=&#8221;1\/1&#8243; tablet_text_alignment=&#8221;default&#8221; phone_text_alignment=&#8221;default&#8221; column_border_width=&#8221;none&#8221; column_border_style=&#8221;solid&#8221;][vc_row_inner column_margin=&#8221;default&#8221; text_align=&#8221;left&#8221;][vc_column_inner column_padding=&#8221;no-extra-padding&#8221; column_padding_position=&#8221;all&#8221; background_color_opacity=&#8221;1&#8243; background_hover_color_opacity=&#8221;1&#8243; column_shadow=&#8221;none&#8221; column_border_radius=&#8221;none&#8221; width=&#8221;1\/2&#8243; column_border_width=&#8221;none&#8221; column_border_style=&#8221;solid&#8221;][nectar_video_lightbox link_style=&#8221;play_button_2&#8243; nectar_play_button_color=&#8221;Default-Accent-Color&#8221; image_url=&#8221;1612&#8243; hover_effect=&#8221;defaut&#8221; box_shadow=&#8221;none&#8221; border_radius=&#8221;none&#8221; play_button_size=&#8221;default&#8221; video_url=&#8221;https:\/\/www.youtube.com\/watch?v=YHlU8Vb5dAk&#8221;]<div class=\"divider-wrap\"><div style=\"height: 20px;\" class=\"divider\"><\/div><\/div>[vc_column_text]<strong>Ko\u015bci\u00f3\u0142 zalicza si\u0119 do<\/strong> <a href=\"https:\/\/cityofmercy.lt\/pl_PL\/marsrutai\/gailestingumo-kelias\/\">Szlaku Bo\u017cego Mi\u0142osierdzia<\/a>, <a href=\"https:\/\/cityofmercy.lt\/pl_PL\/marsrutai\/marijos-gerbimo-vietos\/\">Szlaku Maryjnego<\/a>, <a href=\"https:\/\/cityofmercy.lt\/pl_PL\/marsrutai\/jezuitai-vilniuje\/\">Jezuit\u00f3w w Wilnie.<\/a>[\/vc_column_text]<div class=\"divider-wrap\"><div style=\"height: 20px;\" class=\"divider\"><\/div><\/div>[vc_column_text]\n<p style=\"text-align: justify;\">B\u0142. M. Sopo\u0107ko pracowa\u0142 na Wydziale Teologii Uniwersytetu Wile\u0144skiego w latach 1927-1945. W\u00a0trakcie odbudowy Ko\u015bcio\u0142a \u015bw. Ignacego, odprawia\u0142 Msze \u015bwi\u0119te dla wojska w Ko\u015bciele \u015bw. Jan\u00f3w,\u00a0sam przez pewien czas mieszka\u0142 na plebanii. W okresie sprawowania w\u0142adzy sowieckiej w zakrystii\u00a0organizowa\u0142 kursy katechetyczne dla \u015bwieckich, aby oni sami mogli potajemnie naucza\u0107 zasad wiary,\u00a0popularyzowa\u0142 nabo\u017ce\u0144stwa do Mi\u0142osierdzia Bo\u017cego.<\/p>\n<p style=\"text-align: justify;\">Budowa Ko\u015bcio\u0142a jest kojarzona ze chrztem Litwy \u2013 kr\u00f3l Polski i Wielki Ksi\u0105\u017c\u0119 Litewski Jagie\u0142\u0142o\u00a0rozpocz\u0105\u0142 budow\u0119 Ko\u015bcio\u0142a przy rynku w 1386 r. W 1571 r. kr\u00f3l Zygmunt August przekaza\u0142 Ko\u015bci\u00f3\u0142\u00a0parafialny Jezuitom. Obok Ko\u015bcio\u0142a za\u0142o\u017cyli oni Kolegium Jezuit\u00f3w w Wilnie (obecnie Uniwersytet\u00a0Wile\u0144ski). Okoliczno\u015bci historyczne zadecydowa\u0142y o tym, \u017ce przeznaczenie Ko\u015bcio\u0142a zmienia\u0142o si\u0119\u00a0wielokrotnie, zawsze jednak otacza\u0142a go spo\u0142eczno\u015b\u0107 akademicka, kt\u00f3ra sta\u0142a si\u0119 cz\u0119\u015bci\u0105\u00a0najwa\u017cniejszego i najstarszego kompleksu Uniwersytetu Wile\u0144skiego w \u015arodkowej i Wschodniej\u00a0Europie.<\/p>\n<p style=\"text-align: justify;\">W 1737 r. Ko\u015bci\u00f3\u0142 gotycki zosta\u0142 przebudowany, nabra\u0142 form p\u00f3\u017anego baroku i pozyska\u0142 jedn\u0105 z\u00a0naj\u0142adniejszych w Europie fasad ko\u015bcielnych (architekt Krzysztof Ga\u0142ubicki). W 1826 r.\u00a0zaprezentowano jego po\u0142udniow\u0105 cz\u0119\u015b\u0107, natomiast w 1902 r. powsta\u0142y witra\u017ce. W 1948 r. Ko\u015bci\u00f3\u0142\u00a0zosta\u0142 zamkni\u0119ty i przekszta\u0142cony na magazyn, p\u00f3\u017aniej za\u0142o\u017cono tu Muzeum Nauki. Jezuici troszczyli\u00a0si\u0119 o Ko\u015bci\u00f3\u0142 w latach 1570-1800, s\u0142u\u017c\u0105 w nim r\u00f3wnie\u017c teraz od czas\u00f3w ponownej konsekracji, kt\u00f3ra\u00a0mia\u0142a miejsce 11 pa\u017adziernika 1991 r.<\/p>\n<p style=\"text-align: justify;\">Za filary Ko\u015bcio\u0142a uznawanych jest dwana\u015bcie pos\u0105g\u00f3w \u015bw. Jan\u00f3w i innych \u015bwi\u0119tych, reprezentuj\u0105cych\u00a0Ko\u015bci\u00f3\u0142 powszechny \u2013 jest to panteon \u015bwi\u0119tych i m\u0119czennik\u00f3w Jan\u00f3w, kt\u00f3ry przes\u0105dzi\u0142 o tytule\u00a0Ko\u015bcio\u0142a. Niegdy\u015b miejsca dawnych o\u0142tarzy oznaczone by\u0142y pomnikami znamienitych osobisto\u015bci. W\u00a0g\u0142\u00f3wnym o\u0142tarzu wyr\u00f3\u017cnia si\u0119 ozdobne tabernakulum, Ukrzy\u017cowany, rze\u017aby wszystkich \u015bwi\u0119tych i\u00a0chrztu Jezusa, tak\u017ce obrazy patron\u00f3w \u015bwi\u0105tyni, wizerunki \u015bwi\u0119tych Jezuit\u00f3w.<\/p>\n<p style=\"text-align: justify;\">Powsta\u0142a w 2016 r. w prawej nawie przy o\u0142tarzu kaplica nazwana imieniem, pracuj\u0105cego tu przed\u00a0II wojn\u0105 \u015bwiatow\u0105, ksi\u0119dza Alfonsa Lipniuna, przeznaczona jest na duszpasterstwo wsp\u00f3lnoty\u00a0Uniwersytetu Wile\u0144skiego, jednocze\u015bnie stanowi pewnego rodzaju nowoczesn\u0105 styczno\u015b\u0107 z\u00a0komfortow\u0105 przestrzeni\u0105 barokowego Ko\u015bcio\u0142a.<\/p>\n<p style=\"text-align: justify;\">Przez \u0142uk o\u0142tarza wida\u0107 tradycyjn\u0105 figurk\u0119 Maryi Panny Loreta\u0144skiej, sprowadzonej z W\u0142och w 1647 r.\u00a0Wkr\u00f3tce zacz\u0119\u0142a s\u0142yn\u0105\u0107 cudami i sta\u0142a si\u0119 znana w Europie. Studenci modlili si\u0119 do niej podczas\u00a0egzamin\u00f3w. Po II wojnie \u015bwiatowej figurka zosta\u0142a przekazana do Muzeum Sztuki w Wilnie, p\u00f3\u017aniej\u00a0odrestaurowana i przekazana Katedrze (mo\u017cna j\u0105 zobaczy\u0107 w kaplicy Wo\u0142\u0142owiczowskiej). W Ko\u015bciele\u00a0\u015bw. Jan\u00f3w czczona jest kopia figurki stworzona przez restaurator\u00f3w. Mi\u0119dzy sze\u015bcioma kaplicami\u00a0Ko\u015bcio\u0142a znajduje si\u0119 kaplica NMP Pocieszycielki Strapionych (w lewej nawie pierwsza od g\u0142\u00f3wnego\u00a0wej\u015bcia). W jego centrum \u2013 o\u0142tarz z obrazem Maryi Panny z Dzieci\u0105tkiem Jezus, pokryty metalowymi\u00a0sukienkami. Druga kaplica po\u015bwi\u0119cona jest \u015bw. Annie, nazywana jeszcze kaplic\u0105 Niepokalanego\u00a0Pocz\u0119cia Naj\u015bwi\u0119tszej Maryi Panny, gdy\u017c jej portal (ozdobne wej\u015bcie do kaplicy) przedstawia Matk\u0119\u00a0Bo\u017c\u0105 w Niebiosach, otoczon\u0105 dwoma anio\u0142ami str\u00f3\u017cami. W czwartej kaplicy, zwanej kaplic\u0105 Bo\u017cego\u00a0Cia\u0142a (Ogi\u0144skich), przechowywany jest Naj\u015bwi\u0119tszy Sakrament i czczony jeszcze jeden wizerunek\u00a0Maryi Panny z Dzieci\u0105tkiem na r\u0119ku.<\/p>\n[\/vc_column_text][\/vc_column_inner][vc_column_inner column_padding=&#8221;no-extra-padding&#8221; column_padding_position=&#8221;all&#8221; background_color_opacity=&#8221;1&#8243; background_hover_color_opacity=&#8221;1&#8243; column_shadow=&#8221;none&#8221; column_border_radius=&#8221;none&#8221; width=&#8221;1\/2&#8243; column_border_width=&#8221;none&#8221; column_border_style=&#8221;solid&#8221;]<div class=\"iwithtext\"><div class=\"iwt-icon\"> <i class=\"icon-default-style icon-map-marker accent-color\"><\/i> <\/div><div class=\"iwt-text\"> <a href=\"https:\/\/www.google.com\/maps\/place\/\u0160v.+Jono+g.+12,+Vilnius+01123\/@54.682517,25.2864542,17z\/data=!3m1!4b1!4m5!3m4!1s0x46dd94168a61bf1f:0x1e2c419ecc59ad18!8m2!3d54.6825139!4d25.2886429\" target=\"_blank\" rel=\"noopener\">ul. \u0160v. Jono 12, Wilno<\/a> <\/div><div class=\"clear\"><\/div><\/div><div class=\"iwithtext\"><div class=\"iwt-icon\"> <img decoding=\"async\" src=\"https:\/\/cityofmercy.lt\/wp-content\/uploads\/2017\/12\/taurinis.png\" alt=\"\" \/> <\/div><div class=\"iwt-text\"> <strong>Msza \u015bwi\u0119ta (j. litewski)<\/strong><\/p>\n<p><strong>Od wrze\u015bnia do mo\u017ce<\/strong><\/p>\n<p>II\u2013IV: 18.00 (w kaplicy)<br \/>\nV: 18.00 (dla\u00a0student\u00f3w)<br \/>\nVII: 11.00, 13.00<\/p>\n<p><strong>Od czerwca do sierpnia<\/strong><br \/>\nVII: 11.00 <\/div><div class=\"clear\"><\/div><\/div><div class=\"iwithtext\"><div class=\"iwt-icon\"> <i class=\"icon-default-style icon-info-sign accent-color\"><\/i> <\/div><div class=\"iwt-text\"> Wi\u0119cej informacji na temat kompleksu Uniwersytetu Wile\u0144skiego \u00a0<a href=\"http:\/\/www.muziejus.vu.lt\" target=\"_blank\" rel=\"noopener\">www.muziejus.vu.lt<\/a> <\/div><div class=\"clear\"><\/div><\/div><div class=\"iwithtext\"><div class=\"iwt-icon\"> <i class=\"icon-default-style icon-globe accent-color\"><\/i> <\/div><div class=\"iwt-text\"> <a href=\"http:\/\/www.jonai.lt\" target=\"_blank\" rel=\"noopener\">www.jonai.lt<\/a> <\/div><div class=\"clear\"><\/div><\/div>[\/vc_column_inner][\/vc_row_inner][\/vc_column][\/vc_row][vc_row type=&#8221;in_container&#8221; full_screen_row_position=&#8221;middle&#8221; scene_position=&#8221;center&#8221; text_color=&#8221;dark&#8221; text_align=&#8221;left&#8221; overlay_strength=&#8221;0.3&#8243; shape_divider_position=&#8221;bottom&#8221;][vc_column column_padding=&#8221;no-extra-padding&#8221; column_padding_position=&#8221;all&#8221; background_color_opacity=&#8221;1&#8243; background_hover_color_opacity=&#8221;1&#8243; column_shadow=&#8221;none&#8221; column_border_radius=&#8221;none&#8221; width=&#8221;1\/1&#8243; tablet_text_alignment=&#8221;default&#8221; phone_text_alignment=&#8221;default&#8221; column_border_width=&#8221;none&#8221; column_border_style=&#8221;solid&#8221;]<div class=\"divider-wrap\"><div style=\"height: 200px;\" class=\"divider\"><\/div><\/div>[\/vc_column][\/vc_row]\n","protected":false},"excerpt":{"rendered":"<p>[vc_row type=&#8221;in_container&#8221; full_screen_row_position=&#8221;middle&#8221; scene_position=&#8221;center&#8221; text_color=&#8221;dark&#8221; text_align=&#8221;left&#8221; overlay_strength=&#8221;0.3&#8243; shape_divider_position=&#8221;bottom&#8221;][vc_column centered_text=&#8221;true&#8221; column_padding=&#8221;no-extra-padding&#8221; column_&#8230;<\/p>\n","protected":false},"author":2,"featured_media":610,"parent":38,"menu_order":0,"comment_status":"closed","ping_status":"closed","template":"","meta":{"footnotes":""},"class_list":["post-136","page","type-page","status-publish","has-post-thumbnail","hentry"],"_links":{"self":[{"href":"https:\/\/cityofmercy.lt\/pl_PL\/wp-json\/wp\/v2\/pages\/136","targetHints":{"allow":["GET"]}}],"collection":[{"href":"https:\/\/cityofmercy.lt\/pl_PL\/wp-json\/wp\/v2\/pages"}],"about":[{"href":"https:\/\/cityofmercy.lt\/pl_PL\/wp-json\/wp\/v2\/types\/page"}],"author":[{"embeddable":true,"href":"https:\/\/cityofmercy.lt\/pl_PL\/wp-json\/wp\/v2\/users\/2"}],"replies":[{"embeddable":true,"href":"https:\/\/cityofmercy.lt\/pl_PL\/wp-json\/wp\/v2\/comments?post=136"}],"version-history":[{"count":55,"href":"https:\/\/cityofmercy.lt\/pl_PL\/wp-json\/wp\/v2\/pages\/136\/revisions"}],"predecessor-version":[{"id":5803,"href":"https:\/\/cityofmercy.lt\/pl_PL\/wp-json\/wp\/v2\/pages\/136\/revisions\/5803"}],"up":[{"embeddable":true,"href":"https:\/\/cityofmercy.lt\/pl_PL\/wp-json\/wp\/v2\/pages\/38"}],"wp:featuredmedia":[{"embeddable":true,"href":"https:\/\/cityofmercy.lt\/pl_PL\/wp-json\/wp\/v2\/media\/610"}],"wp:attachment":[{"href":"https:\/\/cityofmercy.lt\/pl_PL\/wp-json\/wp\/v2\/media?parent=136"}],"curies":[{"name":"wp","href":"https:\/\/api.w.org\/{rel}","templated":true}]}}