{"id":134,"date":"2017-11-30T16:10:39","date_gmt":"2017-11-30T16:10:39","guid":{"rendered":"http:\/\/cityofmercy.lt\/?page_id=134"},"modified":"2021-05-27T17:24:28","modified_gmt":"2021-05-27T14:24:28","slug":"sv-ignoto-baznycia","status":"publish","type":"page","link":"https:\/\/cityofmercy.lt\/pl_PL\/objektai\/sv-ignoto-baznycia\/","title":{"rendered":"Ko\u015bci\u00f3\u0142 \u015bw. Ignacego"},"content":{"rendered":"[vc_row type=&#8221;in_container&#8221; full_screen_row_position=&#8221;middle&#8221; scene_position=&#8221;center&#8221; text_color=&#8221;dark&#8221; text_align=&#8221;left&#8221; overlay_strength=&#8221;0.3&#8243; shape_divider_position=&#8221;bottom&#8221;][vc_column centered_text=&#8221;true&#8221; column_padding=&#8221;no-extra-padding&#8221; column_padding_position=&#8221;all&#8221; background_color_opacity=&#8221;1&#8243; background_hover_color_opacity=&#8221;1&#8243; column_shadow=&#8221;none&#8221; column_border_radius=&#8221;none&#8221; width=&#8221;1\/1&#8243; tablet_text_alignment=&#8221;default&#8221; phone_text_alignment=&#8221;default&#8221; column_border_width=&#8221;none&#8221; column_border_style=&#8221;solid&#8221;][vc_column_text]\n<h4><strong>Ko\u015bci\u00f3\u0142 \u015bw. Ignacego<\/strong><\/h4>\n[\/vc_column_text]<div class=\"divider-wrap\"><div style=\"margin-top: 25px; height: 1px; margin-bottom: 25px;\" data-width=\"100%\" data-animate=\"\" data-animation-delay=\"\" data-color=\"default\" class=\"divider-border\"><\/div><\/div>[\/vc_column][\/vc_row][vc_row type=&#8221;in_container&#8221; full_screen_row_position=&#8221;middle&#8221; scene_position=&#8221;center&#8221; text_color=&#8221;dark&#8221; text_align=&#8221;left&#8221; overlay_strength=&#8221;0.3&#8243; shape_divider_position=&#8221;bottom&#8221;][vc_column column_padding=&#8221;no-extra-padding&#8221; column_padding_position=&#8221;all&#8221; background_color_opacity=&#8221;1&#8243; background_hover_color_opacity=&#8221;1&#8243; column_shadow=&#8221;none&#8221; column_border_radius=&#8221;none&#8221; top_margin=&#8221;-30&#8243; width=&#8221;1\/1&#8243; tablet_text_alignment=&#8221;default&#8221; phone_text_alignment=&#8221;default&#8221; column_border_width=&#8221;none&#8221; column_border_style=&#8221;solid&#8221;][vc_row_inner column_margin=&#8221;default&#8221; text_align=&#8221;left&#8221;][vc_column_inner column_padding=&#8221;no-extra-padding&#8221; column_padding_position=&#8221;all&#8221; background_color_opacity=&#8221;1&#8243; background_hover_color_opacity=&#8221;1&#8243; column_shadow=&#8221;none&#8221; column_border_radius=&#8221;none&#8221; width=&#8221;1\/2&#8243; column_border_width=&#8221;none&#8221; column_border_style=&#8221;solid&#8221;][nectar_image_with_hotspots image=&#8221;483&#8243; preview=&#8221;http:\/\/cityofmercy.lt\/wp-content\/uploads\/2017\/12\/IGNOTO.jpg&#8221; color_1=&#8221;Accent-Color&#8221; hotspot_icon=&#8221;plus_sign&#8221; tooltip=&#8221;hover&#8221; tooltip_shadow=&#8221;medium_depth&#8221; animation=&#8221;true&#8221;][nectar_hotspot left=&#8221;58.4521%&#8221; top=&#8221;45.8333%&#8221; position=&#8221;left&#8221;]Obraz Jezusa Mi\u0142osiernego znajdowa\u0142 si\u0119 w kaplicy mieszcz\u0105cej si\u0119 w obozie Zespo\u0142u Odbudowy Prowincji Ghor w latach 2011-2013.[\/nectar_hotspot][\/nectar_image_with_hotspots]<div class=\"divider-wrap\"><div style=\"height: 20px;\" class=\"divider\"><\/div><\/div>[vc_column_text]<strong>Ko\u015bci\u00f3\u0142 zalicza si\u0119 do<\/strong> <a href=\"https:\/\/cityofmercy.lt\/pl_PL\/marsrutai\/gailestingumo-kelias\/\">Szlaku Bo\u017cego Mi\u0142osierdzia<\/a> i <a href=\"https:\/\/cityofmercy.lt\/pl_PL\/marsrutai\/jezuitai-vilniuje\/\">Jezuit\u00f3w w Wilnie<\/a>.[\/vc_column_text]<div class=\"divider-wrap\"><div style=\"height: 20px;\" class=\"divider\"><\/div><\/div>[vc_column_text]\n<div class=\"wpb_text_column wpb_content_element \">\n<div class=\"wpb_wrapper\">\n<p style=\"text-align: justify;\">Ko\u015bci\u00f3\u0142 \u015bw. Ignacego nosi zlitewszczon\u0105 nazw\u0119 za\u0142o\u017cyciela Towarzystwa Jezusowego \u015bw. Ignacego\u00a0Loyoli. Na obrazie malarza (1757 r.), widniej\u0105cym nad g\u0142\u00f3wnym o\u0142tarzem Ko\u015bcio\u0142a, przedstawiona jest\u00a0wizja \u015bw. Ignacego, kt\u00f3rej dozna\u0142 z dw\u00f3jk\u0105 przyjaci\u00f3\u0142 podczas podr\u00f3\u017cy do Rzymu.<\/p>\n<p style=\"text-align: justify;\">Historia Ko\u015bcio\u0142a si\u0119ga 1569 r., kiedy to pierwsi przedstawiciele Jezuit\u00f3w pojawili si\u0119 w Wilnie,\u00a0za\u0142o\u017cyli tu nowicjat zakonny i budynki gospodarcze. Podobnie jak i inne Ko\u015bcio\u0142y jezuickie na Litwie\u00a0tak i Ko\u015bci\u00f3\u0142 \u015bw. Ignacego by\u0142 bazylik\u0105 z kopu\u0142\u0105 i dwiema wie\u017cami po obu stronach prezbiterium, a\u00a0jego wn\u0119trze by\u0142o bogato zdobione warto\u015bciowymi freskami. W 1737 r. Ko\u015bci\u00f3\u0142 mocno ucierpia\u0142 od\u00a0po\u017caru. W po\u0142owie XVIII w. zosta\u0142 zrekonstruowany pod kierunkiem architekta Tomasza\u00a0\u017bebrowskiego.<\/p>\n<p style=\"text-align: justify;\">W 1798 r. klasztor i Ko\u015bci\u00f3\u0142 zosta\u0142y przekazane wojsku rosyjskiemu. W\u00f3wczas wyburzono o\u0142tarze\u00a0wykonane ze sztucznego marmuru, rozkuto profile, przestrze\u0144 Ko\u015bcio\u0142a porozdzielano na 3 pi\u0119tra, w\u00a0Ko\u015bciele rozlokowano \u017co\u0142nierzy, urz\u0105dzono stajnie. Po powstaniach z 1831 i 1863 r. w klasztorze i\u00a0Ko\u015bciele utworzono koszary wojska carskiego, stajnie, kasyno oficerskie \u2013 Ko\u015bci\u00f3\u0142 jako budynek\u00a0sakralny zosta\u0142 zniszczony.<\/p>\n<p style=\"text-align: justify;\">Na pro\u015bb\u0119 biskupa Jurgisa Matulaitisa w 1924 r. do Wilna wr\u00f3ci\u0142 kapelan wojskowy b\u0142. Micha\u0142\u00a0Sopo\u0107ko, z inicjatywy kt\u00f3rego Ko\u015bci\u00f3\u0142 zosta\u0142 zrekonstruowany na potrzeby duszpasterstwa\u00a0wojskowego i ponownie konsekrowany w 1929 r. Na sklepieniach obecnego Ko\u015bcio\u0142a mo\u017cna zobaczy\u0107\u00a0orientalne fragmenty ods\u0142oni\u0119tej polichromii, powsta\u0142ej w trakcie prac nadzorowanych przez\u00a0ks. M. Sopo\u0107k\u0119. Ko\u015bci\u00f3\u0142 nie odzyska\u0142 barokowych zdobie\u0144 \u2013 jego fasada jest przejawem baroku z\u00a0pierwszej po\u0142owy XVII w. W okresie komunizmu w Ko\u015bciele urz\u0105dzono kino z magazynem. Obecnie z\u00a0budynk\u00f3w klasztoru korzysta Ministerstwo Obrony Narodowej Litwy, kino, restauracja, Litewska\u00a0Biblioteka Techniczna. Po odzyskaniu i uporz\u0105dkowaniu Ko\u015bcio\u0142a, Ordynariusz Wojska Litewskiego\u00a0biskup Eugeniusz Bartulis w 2004 r. og\u0142osi\u0142 Ko\u015bci\u00f3\u0142 \u015bw. Ignacego g\u0142\u00f3wnym Ko\u015bcio\u0142em Ordynacji\u00a0Wojska. Czczony w Ko\u015bciele Obraz Jezusa Mi\u0142osiernego znajdowa\u0142 si\u0119 w kaplicy mieszcz\u0105cej si\u0119 w\u00a0obozie Zespo\u0142u Odbudowy Prowincji Ghor w Afganistanie w latach 2011-2013.<\/p>\n<\/div>\n<\/div>\n[\/vc_column_text][\/vc_column_inner][vc_column_inner column_padding=&#8221;no-extra-padding&#8221; column_padding_position=&#8221;all&#8221; background_color_opacity=&#8221;1&#8243; background_hover_color_opacity=&#8221;1&#8243; column_shadow=&#8221;none&#8221; column_border_radius=&#8221;none&#8221; width=&#8221;1\/2&#8243; column_border_width=&#8221;none&#8221; column_border_style=&#8221;solid&#8221;]<div class=\"iwithtext\"><div class=\"iwt-icon\"> <i class=\"icon-default-style icon-map-marker accent-color\"><\/i> <\/div><div class=\"iwt-text\"> <a href=\"https:\/\/www.google.com\/maps\/place\/\u0160v.+Ignoto+g.+6,+Vilnius+01121\/@54.6825565,25.2797926,17z\/data=!3m1!4b1!4m5!3m4!1s0x46dd9413f8f99559:0xc7e89cf2dee24c10!8m2!3d54.6825534!4d25.2819813\" target=\"_blank\" rel=\"noopener\">ul. \u0160v. Ignoto 6, Wilno<\/a> <\/div><div class=\"clear\"><\/div><\/div><div class=\"iwithtext\"><div class=\"iwt-icon\"> <i class=\"icon-default-style icon-time accent-color\"><\/i> <\/div><div class=\"iwt-text\"> <strong>Ko\u015bci\u00f3\u0142 czynny<\/strong><br \/>\nI\u2013V: 7:30\u201318.00<br \/>\nVI: 16.00\u201318.00<br \/>\nVII: 9.00\u201313.00 <\/div><div class=\"clear\"><\/div><\/div><div class=\"iwithtext\"><div class=\"iwt-icon\"> <img decoding=\"async\" src=\"https:\/\/cityofmercy.lt\/wp-content\/uploads\/2017\/12\/taurinis.png\" alt=\"\" \/> <\/div><div class=\"iwt-text\"> <strong>Msza \u015bwi\u0119ta (j. litewski)<\/strong><br \/>\nI\u2013VI: 17.15<br \/>\nVII: 10.30 <\/div><div class=\"clear\"><\/div><\/div><div class=\"iwithtext\"><div class=\"iwt-icon\"> <i class=\"icon-default-style icon-globe accent-color\"><\/i> <\/div><div class=\"iwt-text\"> <a href=\"https:\/\/www.ordinariatas.lt\/?sLang=en\" target=\"_blank\" rel=\"noopener\">www.ordinariatas.lt<\/a> <\/div><div class=\"clear\"><\/div><\/div>[\/vc_column_inner][\/vc_row_inner][\/vc_column][\/vc_row][vc_row type=&#8221;in_container&#8221; full_screen_row_position=&#8221;middle&#8221; scene_position=&#8221;center&#8221; text_color=&#8221;dark&#8221; text_align=&#8221;left&#8221; overlay_strength=&#8221;0.3&#8243; shape_divider_position=&#8221;bottom&#8221;][vc_column column_padding=&#8221;no-extra-padding&#8221; column_padding_position=&#8221;all&#8221; background_color_opacity=&#8221;1&#8243; background_hover_color_opacity=&#8221;1&#8243; column_shadow=&#8221;none&#8221; column_border_radius=&#8221;none&#8221; width=&#8221;1\/1&#8243; tablet_text_alignment=&#8221;default&#8221; phone_text_alignment=&#8221;default&#8221; column_border_width=&#8221;none&#8221; column_border_style=&#8221;solid&#8221;]<div class=\"divider-wrap\"><div style=\"height: 200px;\" class=\"divider\"><\/div><\/div>[\/vc_column][\/vc_row]\n","protected":false},"excerpt":{"rendered":"<p>[vc_row type=&#8221;in_container&#8221; full_screen_row_position=&#8221;middle&#8221; scene_position=&#8221;center&#8221; text_color=&#8221;dark&#8221; text_align=&#8221;left&#8221; overlay_strength=&#8221;0.3&#8243; shape_divider_position=&#8221;bottom&#8221;][vc_column centered_text=&#8221;true&#8221; column_padding=&#8221;no-extra-padding&#8221; column_&#8230;<\/p>\n","protected":false},"author":2,"featured_media":296,"parent":38,"menu_order":0,"comment_status":"closed","ping_status":"closed","template":"","meta":{"footnotes":""},"class_list":["post-134","page","type-page","status-publish","has-post-thumbnail","hentry"],"_links":{"self":[{"href":"https:\/\/cityofmercy.lt\/pl_PL\/wp-json\/wp\/v2\/pages\/134","targetHints":{"allow":["GET"]}}],"collection":[{"href":"https:\/\/cityofmercy.lt\/pl_PL\/wp-json\/wp\/v2\/pages"}],"about":[{"href":"https:\/\/cityofmercy.lt\/pl_PL\/wp-json\/wp\/v2\/types\/page"}],"author":[{"embeddable":true,"href":"https:\/\/cityofmercy.lt\/pl_PL\/wp-json\/wp\/v2\/users\/2"}],"replies":[{"embeddable":true,"href":"https:\/\/cityofmercy.lt\/pl_PL\/wp-json\/wp\/v2\/comments?post=134"}],"version-history":[{"count":50,"href":"https:\/\/cityofmercy.lt\/pl_PL\/wp-json\/wp\/v2\/pages\/134\/revisions"}],"predecessor-version":[{"id":6055,"href":"https:\/\/cityofmercy.lt\/pl_PL\/wp-json\/wp\/v2\/pages\/134\/revisions\/6055"}],"up":[{"embeddable":true,"href":"https:\/\/cityofmercy.lt\/pl_PL\/wp-json\/wp\/v2\/pages\/38"}],"wp:featuredmedia":[{"embeddable":true,"href":"https:\/\/cityofmercy.lt\/pl_PL\/wp-json\/wp\/v2\/media\/296"}],"wp:attachment":[{"href":"https:\/\/cityofmercy.lt\/pl_PL\/wp-json\/wp\/v2\/media?parent=134"}],"curies":[{"name":"wp","href":"https:\/\/api.w.org\/{rel}","templated":true}]}}