{"id":132,"date":"2017-11-30T16:09:41","date_gmt":"2017-11-30T16:09:41","guid":{"rendered":"http:\/\/cityofmercy.lt\/?page_id=132"},"modified":"2021-05-27T17:19:44","modified_gmt":"2021-05-27T14:19:44","slug":"sv-hiacinto-jackaus-koplycia","status":"publish","type":"page","link":"https:\/\/cityofmercy.lt\/pl_PL\/objektai\/sv-hiacinto-jackaus-koplycia\/","title":{"rendered":"Kaplica \u015bw. Hiacynta (Jacka) "},"content":{"rendered":"[vc_row type=&#8221;in_container&#8221; full_screen_row_position=&#8221;middle&#8221; scene_position=&#8221;center&#8221; text_color=&#8221;dark&#8221; text_align=&#8221;left&#8221; overlay_strength=&#8221;0.3&#8243; shape_divider_position=&#8221;bottom&#8221;][vc_column column_padding=&#8221;no-extra-padding&#8221; column_padding_position=&#8221;all&#8221; background_color_opacity=&#8221;1&#8243; background_hover_color_opacity=&#8221;1&#8243; column_shadow=&#8221;none&#8221; column_border_radius=&#8221;none&#8221; width=&#8221;1\/1&#8243; tablet_text_alignment=&#8221;default&#8221; phone_text_alignment=&#8221;default&#8221; column_border_width=&#8221;none&#8221; column_border_style=&#8221;solid&#8221;][vc_column_text]\n<h4 style=\"text-align: center;\"><strong>Kaplica \u015bw. Hiacynta (Jacka)<\/strong><\/h4>\n[\/vc_column_text]<div class=\"divider-wrap\"><div style=\"margin-top: 25px; height: 1px; margin-bottom: 25px;\" data-width=\"100%\" data-animate=\"\" data-animation-delay=\"\" data-color=\"default\" class=\"divider-border\"><\/div><\/div>[\/vc_column][\/vc_row][vc_row type=&#8221;in_container&#8221; full_screen_row_position=&#8221;middle&#8221; scene_position=&#8221;center&#8221; text_color=&#8221;dark&#8221; text_align=&#8221;left&#8221; overlay_strength=&#8221;0.3&#8243; shape_divider_position=&#8221;bottom&#8221;][vc_column column_padding=&#8221;no-extra-padding&#8221; column_padding_position=&#8221;all&#8221; background_color_opacity=&#8221;1&#8243; background_hover_color_opacity=&#8221;1&#8243; column_shadow=&#8221;none&#8221; column_border_radius=&#8221;none&#8221; top_margin=&#8221;-30&#8243; width=&#8221;1\/1&#8243; tablet_text_alignment=&#8221;default&#8221; phone_text_alignment=&#8221;default&#8221; column_border_width=&#8221;none&#8221; column_border_style=&#8221;solid&#8221;][vc_row_inner column_margin=&#8221;default&#8221; text_align=&#8221;left&#8221;][vc_column_inner column_padding=&#8221;no-extra-padding&#8221; column_padding_position=&#8221;all&#8221; background_color_opacity=&#8221;1&#8243; background_hover_color_opacity=&#8221;1&#8243; column_shadow=&#8221;none&#8221; column_border_radius=&#8221;none&#8221; width=&#8221;1\/2&#8243; column_border_width=&#8221;none&#8221; column_border_style=&#8221;solid&#8221;][nectar_image_with_hotspots image=&#8221;485&#8243; preview=&#8221;http:\/\/cityofmercy.lt\/wp-content\/uploads\/2017\/12\/JACINTO.jpg&#8221; color_1=&#8221;Accent-Color&#8221; hotspot_icon=&#8221;plus_sign&#8221; tooltip=&#8221;hover&#8221; tooltip_shadow=&#8221;medium_depth&#8221; animation=&#8221;true&#8221;][nectar_hotspot left=&#8221;40.691825178934096%&#8221; top=&#8221;81.25261990529187%&#8221; position=&#8221;top&#8221;]W 2016 r. podczas uroczysto\u015bci jubileuszowych Bo\u017cego Mi\u0142osierdzia zosta\u0142y wstawione i otwarte Drzwi Mi\u0142osierdzia (rze\u017abiarz Mindaugas \u0160nipas). Na mozaice: autorem mozaiki Jezusa Mi\u0142osiernego jest Albinas \u010carlis Degutis.[\/nectar_hotspot][\/nectar_image_with_hotspots]<div class=\"divider-wrap\"><div style=\"height: 20px;\" class=\"divider\"><\/div><\/div>[vc_column_text]<strong>Obiekt zalicza si\u0119 do<\/strong> <a href=\"https:\/\/cityofmercy.lt\/pl_PL\/marsrutai\/dominikonai-vilniuje\/\">Szlaku Dominika\u0144skiego.<\/a>[\/vc_column_text]<div class=\"divider-wrap\"><div style=\"height: 20px;\" class=\"divider\"><\/div><\/div>[vc_column_text]\n<p style=\"text-align: justify;\">\u015aw. Hiacynt by\u0142 jednym z pierwszych braci, kt\u00f3rego sam \u015bw. Dominik przyj\u0105\u0142 do zakonu. Po\u00a0uko\u0144czeniu nowicjatu i z\u0142o\u017ceniu \u015blub\u00f3w zosta\u0142 wys\u0142any wraz z innymi bra\u0107mi na misj\u0119 do Polski. Kiedy\u00a0w 1228 r. utworzono w Polsce prowincj\u0119 zakonu Dominikan\u00f3w, \u015bw. Hiacynt zosta\u0142 mianowany\u00a0prowincja\u0142em, jednak nie przyj\u0105\u0142 tego tytu\u0142u.<\/p>\n<p style=\"text-align: justify;\">Na misj\u0119 przewa\u017cnie by\u0142 kierowany do Rosji, Prus i Polski. Przypuszcza si\u0119, \u017ce odwiedzi\u0142 Litw\u0119\u00a0(oko\u0142o 1231 r.), \u0141otw\u0119, Dani\u0119, Szwecj\u0119 i Norwegi\u0119. W\u0142a\u015bnie dlatego nazywany by\u0142 \u201eAposto\u0142em\u00a0P\u00f3\u0142nocy\u201d. Wed\u0142ug legendy, podczas ataku Tatar\u00f3w na Kij\u00f3w, \u015bw. Hiacynt w cudowny spos\u00f3b uratowa\u0142\u00a0monstrancj\u0119 z Naj\u015bwi\u0119tszym Sakramentem i figur\u0105 Naj\u015bwi\u0119tszej Maryi Panny. Dlatego w\u0142a\u015bnie w\u00a0ikonografii zwykle przedstawiany jest z monstrancj\u0105 lub kustodi\u0105 w jednej r\u0119ce i figurk\u0105 Matki Bo\u017cej z\u00a0Dzieci\u0105tkiem w drugiej.<\/p>\n<p style=\"text-align: justify;\">Zmar\u0142 15 sierpnia 1257 r. w Krakowie. Liturgiczny obch\u00f3d przypada na dzie\u0144 17 sierpnia. W 1527 r.\u00a0zosta\u0142 beatyfikowany, w 1594 r. kanonizowany i og\u0142oszony przez Ko\u015bci\u00f3\u0142 \u015bwi\u0119tym. W 1686 r. papie\u017c\u00a0Innocenty XI og\u0142osi\u0142 go patronem Litwy.<\/p>\n<p style=\"text-align: justify;\">W 1501 r. dominika\u0144scy zakonnicy zbudowali w pobli\u017cu by\u0142ych granic miasta Wilna drewnian\u0105\u00a0kaplic\u0119 ku czci \u015bw. Hiacynta.<\/p>\n<p style=\"text-align: justify;\">\u015aw. Hiacynt uznawany jest za patrona podr\u00f3\u017cnik\u00f3w, dlatego kaplica przeznaczona jest na modlitw\u0119 w\u00a0intencji podr\u00f3\u017cuj\u0105cych, ruszaj\u0105cych z Wilna w dalek\u0105 drog\u0119. Murowana kaplica zosta\u0142a zbudowana\u00a0ju\u017c w czasie baroku, a nowa figura powsta\u0142a w 1901 r. Stara drewniana rze\u017aba zosta\u0142a przeniesiona\u00a0do Ko\u015bcio\u0142a \u015awi\u0119tych Aposto\u0142\u00f3w Filipa i Jakuba i umieszczona w kaplicy \u015bw. Hiacynta.<\/p>\n[\/vc_column_text][\/vc_column_inner][vc_column_inner column_padding=&#8221;no-extra-padding&#8221; column_padding_position=&#8221;all&#8221; background_color_opacity=&#8221;1&#8243; background_hover_color_opacity=&#8221;1&#8243; column_shadow=&#8221;none&#8221; column_border_radius=&#8221;none&#8221; width=&#8221;1\/2&#8243; column_border_width=&#8221;none&#8221; column_border_style=&#8221;solid&#8221;]<div class=\"iwithtext\"><div class=\"iwt-icon\"> <i class=\"icon-default-style icon-map-marker accent-color\"><\/i> <\/div><div class=\"iwt-text\"> <a href=\"https:\/\/www.google.com\/maps\/place\/\u0160v.+Hiacinto+(Jackaus)+koply\u010dia\/@54.6808155,25.2597335,17z\/data=!3m1!4b1!4m5!3m4!1s0x46dd94735742d2fd:0xfae20af64d56512!8m2!3d54.6808124!4d25.2619222\" target=\"_blank\" rel=\"noopener\">Skrzy\u017cowanie ulic S. Konarskio i Jovaro<\/a> <\/div><div class=\"clear\"><\/div><\/div><div class=\"iwithtext\"><div class=\"iwt-icon\"> <i class=\"icon-default-style icon-info accent-color\"><\/i> <\/div><div class=\"iwt-text\"> Obiekt publiczny <\/div><div class=\"clear\"><\/div><\/div>[\/vc_column_inner][\/vc_row_inner][\/vc_column][\/vc_row][vc_row type=&#8221;in_container&#8221; full_screen_row_position=&#8221;middle&#8221; scene_position=&#8221;center&#8221; text_color=&#8221;dark&#8221; text_align=&#8221;left&#8221; overlay_strength=&#8221;0.3&#8243; shape_divider_position=&#8221;bottom&#8221;][vc_column column_padding=&#8221;no-extra-padding&#8221; column_padding_position=&#8221;all&#8221; background_color_opacity=&#8221;1&#8243; background_hover_color_opacity=&#8221;1&#8243; column_shadow=&#8221;none&#8221; column_border_radius=&#8221;none&#8221; width=&#8221;1\/1&#8243; tablet_text_alignment=&#8221;default&#8221; phone_text_alignment=&#8221;default&#8221; column_border_width=&#8221;none&#8221; column_border_style=&#8221;solid&#8221;]<div class=\"divider-wrap\"><div style=\"height: 200px;\" class=\"divider\"><\/div><\/div>[\/vc_column][\/vc_row]\n","protected":false},"excerpt":{"rendered":"<p>[vc_row type=&#8221;in_container&#8221; full_screen_row_position=&#8221;middle&#8221; scene_position=&#8221;center&#8221; text_color=&#8221;dark&#8221; text_align=&#8221;left&#8221; overlay_strength=&#8221;0.3&#8243; shape_divider_position=&#8221;bottom&#8221;][vc_column column_padding=&#8221;no-extra-padding&#8221; column_padding_position=&#8221;all&#8230;<\/p>\n","protected":false},"author":2,"featured_media":2829,"parent":38,"menu_order":0,"comment_status":"closed","ping_status":"closed","template":"","meta":{"footnotes":""},"class_list":["post-132","page","type-page","status-publish","has-post-thumbnail","hentry"],"_links":{"self":[{"href":"https:\/\/cityofmercy.lt\/pl_PL\/wp-json\/wp\/v2\/pages\/132","targetHints":{"allow":["GET"]}}],"collection":[{"href":"https:\/\/cityofmercy.lt\/pl_PL\/wp-json\/wp\/v2\/pages"}],"about":[{"href":"https:\/\/cityofmercy.lt\/pl_PL\/wp-json\/wp\/v2\/types\/page"}],"author":[{"embeddable":true,"href":"https:\/\/cityofmercy.lt\/pl_PL\/wp-json\/wp\/v2\/users\/2"}],"replies":[{"embeddable":true,"href":"https:\/\/cityofmercy.lt\/pl_PL\/wp-json\/wp\/v2\/comments?post=132"}],"version-history":[{"count":50,"href":"https:\/\/cityofmercy.lt\/pl_PL\/wp-json\/wp\/v2\/pages\/132\/revisions"}],"predecessor-version":[{"id":6757,"href":"https:\/\/cityofmercy.lt\/pl_PL\/wp-json\/wp\/v2\/pages\/132\/revisions\/6757"}],"up":[{"embeddable":true,"href":"https:\/\/cityofmercy.lt\/pl_PL\/wp-json\/wp\/v2\/pages\/38"}],"wp:featuredmedia":[{"embeddable":true,"href":"https:\/\/cityofmercy.lt\/pl_PL\/wp-json\/wp\/v2\/media\/2829"}],"wp:attachment":[{"href":"https:\/\/cityofmercy.lt\/pl_PL\/wp-json\/wp\/v2\/media?parent=132"}],"curies":[{"name":"wp","href":"https:\/\/api.w.org\/{rel}","templated":true}]}}