{"id":130,"date":"2017-11-30T16:08:51","date_gmt":"2017-11-30T16:08:51","guid":{"rendered":"http:\/\/cityofmercy.lt\/?page_id=130"},"modified":"2021-06-07T17:10:22","modified_gmt":"2021-06-07T14:10:22","slug":"sv-faustinos-namelis","status":"publish","type":"page","link":"https:\/\/cityofmercy.lt\/pl_PL\/objektai\/sv-faustinos-namelis\/","title":{"rendered":"Dom \u015bw. Faustyny"},"content":{"rendered":"[vc_row type=&#8221;in_container&#8221; full_screen_row_position=&#8221;middle&#8221; scene_position=&#8221;center&#8221; text_color=&#8221;dark&#8221; text_align=&#8221;left&#8221; overlay_strength=&#8221;0.3&#8243; shape_divider_position=&#8221;bottom&#8221;][vc_column centered_text=&#8221;true&#8221; column_padding=&#8221;no-extra-padding&#8221; column_padding_position=&#8221;all&#8221; background_color_opacity=&#8221;1&#8243; background_hover_color_opacity=&#8221;1&#8243; column_shadow=&#8221;none&#8221; column_border_radius=&#8221;none&#8221; width=&#8221;1\/1&#8243; tablet_text_alignment=&#8221;default&#8221; phone_text_alignment=&#8221;default&#8221; column_border_width=&#8221;none&#8221; column_border_style=&#8221;solid&#8221;][vc_column_text]\n<h4><strong>Dom \u015bw. Faustyny<\/strong><\/h4>\n[\/vc_column_text]<div class=\"divider-wrap\"><div style=\"margin-top: 25px; height: 1px; margin-bottom: 25px;\" data-width=\"100%\" data-animate=\"\" data-animation-delay=\"\" data-color=\"default\" class=\"divider-border\"><\/div><\/div>[\/vc_column][\/vc_row][vc_row type=&#8221;in_container&#8221; full_screen_row_position=&#8221;middle&#8221; scene_position=&#8221;center&#8221; text_color=&#8221;dark&#8221; text_align=&#8221;left&#8221; overlay_strength=&#8221;0.3&#8243; shape_divider_position=&#8221;bottom&#8221;][vc_column column_padding=&#8221;no-extra-padding&#8221; column_padding_position=&#8221;all&#8221; background_color_opacity=&#8221;1&#8243; background_hover_color_opacity=&#8221;1&#8243; column_shadow=&#8221;none&#8221; column_border_radius=&#8221;none&#8221; top_margin=&#8221;-30&#8243; width=&#8221;1\/1&#8243; tablet_text_alignment=&#8221;default&#8221; phone_text_alignment=&#8221;default&#8221; column_border_width=&#8221;none&#8221; column_border_style=&#8221;solid&#8221;][vc_row_inner column_margin=&#8221;default&#8221; text_align=&#8221;left&#8221;][vc_column_inner column_padding=&#8221;no-extra-padding&#8221; column_padding_position=&#8221;all&#8221; background_color_opacity=&#8221;1&#8243; background_hover_color_opacity=&#8221;1&#8243; column_shadow=&#8221;none&#8221; column_border_radius=&#8221;none&#8221; width=&#8221;1\/2&#8243; column_border_width=&#8221;none&#8221; column_border_style=&#8221;solid&#8221;][nectar_image_with_hotspots image=&#8221;481&#8243; preview=&#8221;http:\/\/cityofmercy.lt\/wp-content\/uploads\/2017\/12\/Faustinos-namelis.jpg&#8221; color_1=&#8221;Accent-Color&#8221; hotspot_icon=&#8221;plus_sign&#8221; tooltip=&#8221;hover&#8221; tooltip_shadow=&#8221;medium_depth&#8221; animation=&#8221;true&#8221;][nectar_hotspot left=&#8221;42.5349%&#8221; top=&#8221;51.3941%&#8221; position=&#8221;right&#8221;]Cela i relikwie \u015bw. Faustyny. Na terenie dawnego zakonu Matki Bo\u017cej Mi\u0142osierdzia zosta\u0142 za\u0142o\u017cony sierociniec. Budynki zakonu zosta\u0142y zburzone, jedynie w domu, w kt\u00f3rym mieszka\u0142a \u015bw. Faustyna, urz\u0105dzono magazyn. Fundacja \u201eHelp Us Dry the Tears\u201d przeznaczy\u0142a \u015brodki finansowe na rzecz rekonstrukcji tego budynku.[\/nectar_hotspot][\/nectar_image_with_hotspots]<div class=\"divider-wrap\"><div style=\"height: 20px;\" class=\"divider\"><\/div><\/div>[vc_column_text]<strong>Obiekt zalicza si\u0119 do<\/strong> <a href=\"https:\/\/cityofmercy.lt\/pl_PL\/marsrutai\/gailestingumo-kelias\/\">Szlaku Bo\u017cego Mi\u0142osierdzia<\/a> i <a href=\"https:\/\/cityofmercy.lt\/pl_PL\/marsrutai\/vilniaus-sventieji\/\">Szlaku \u015awi\u0119tych Wile\u0144skich<\/a>.[\/vc_column_text]<div class=\"divider-wrap\"><div style=\"height: 10px;\" class=\"divider\"><\/div><\/div>[vc_column_text]\n<p style=\"text-align: justify;\">Siostry ze Zgromadzenia Si\u00f3str Matki Bo\u017cej Mi\u0142osierdzia, do kt\u00f3rego nale\u017ca\u0142a r\u00f3wnie\u017c \u015bw. Faustyna,\u00a0przyby\u0142y do Wilna w 1908 r. i na Antokolu za\u0142o\u017cy\u0142y klasztor. Siostry opiekowa\u0142y si\u0119 by\u0142ymi\u00a0wi\u0119\u017aniarkami, dziewczynami z problemami wychowawczymi, niepe\u0142noletnimi z wyrokami, troszczy\u0142y\u00a0si\u0119 o szpital polowy, piek\u0142y chleb, pra\u0142y. Klasztor posiada\u0142 te\u017c du\u017cy sad, w kt\u00f3rym do tej pory\u00a0zachowa\u0142o si\u0119 kilka jab\u0142oni. \u015aw. Faustyna dozna\u0142a wielu objawie\u0144 mieszkaj\u0105c w domu zakonnym w\u00a0Wilnie.<\/p>\n<p>\u015aw. Faustyna w Klasztorze Zgromadzenia Matki Bo\u017cej Mi\u0142osierdzia mieszka\u0142a od 21 lutego do\u00a011 kwietnia 1929 r. oraz od ko\u0144ca maja 1933 r. do 21 marca 1936 r. Policzono, \u017ce \u015bw. Faustyna\u00a0dozna\u0142a w Wilnie oko\u0142o 80 objawie\u0144 Jezusa.<\/p>\n<p style=\"text-align: justify;\">Jedyny zachowany klasztor, w kt\u00f3rym mieszka\u0142a \u015bw. Faustyna, zosta\u0142 odrestaurowany. W\u00a0odtworzonej celi \u015bw. Faustyny czczone s\u0105 relikwie zar\u00f3wno jej, jak i b\u0142. M. Sopo\u0107ki. Codziennie o\u00a0godz. 15:00 odmawiana jest Koronka do Mi\u0142osierdzia Bo\u017cego, kt\u00f3ra zosta\u0142a podyktowana w tym\u00a0w\u0142a\u015bnie klasztorze 13-14 wrze\u015bnia 1935 r. Tekst Koronki do Mi\u0142osierdzia Bo\u017cego w j\u0119zyku litewskim\u00a0zosta\u0142 przyj\u0119ty w 1942 r. przez Mieczys\u0142awa Reinysa, biskupa pomocniczego w randze arcybiskupa.<\/p>\n[\/vc_column_text][\/vc_column_inner][vc_column_inner column_padding=&#8221;no-extra-padding&#8221; column_padding_position=&#8221;all&#8221; background_color_opacity=&#8221;1&#8243; background_hover_color_opacity=&#8221;1&#8243; column_shadow=&#8221;none&#8221; column_border_radius=&#8221;none&#8221; width=&#8221;1\/2&#8243; column_border_width=&#8221;none&#8221; column_border_style=&#8221;solid&#8221;]<div class=\"iwithtext\"><div class=\"iwt-icon\"> <i class=\"icon-default-style icon-map-marker accent-color\"><\/i> <\/div><div class=\"iwt-text\"> <a href=\"https:\/\/goo.gl\/maps\/8iwytuMHDArKqN62A\" target=\"_blank\" rel=\"noopener\">ul. Grybo 29a, Wilno<\/a> <\/div><div class=\"clear\"><\/div><\/div><div class=\"iwithtext\"><div class=\"iwt-icon\"> <i class=\"icon-default-style icon-time accent-color\"><\/i> <\/div><div class=\"iwt-text\"> <strong>Godziny otwarcia<\/strong><br \/>\nI\u2013VII: 10.00\u201317.00<\/p>\n<p>Koronka do Mi\u0142osierdzia Bo\u017cego odmawiana jest codziennie o godz. 15.00 <\/div><div class=\"clear\"><\/div><\/div><div class=\"iwithtext\"><div class=\"iwt-icon\"> <i class=\"icon-default-style icon-facebook accent-color\"><\/i> <\/div><div class=\"iwt-text\"> <a href=\"https:\/\/www.facebook.com\/Faustinosnamelis\" target=\"_blank\" rel=\"noopener\">\u0160v. Faustinos namelis<\/a> <\/div><div class=\"clear\"><\/div><\/div><div class=\"iwithtext\"><div class=\"iwt-icon\"> <i class=\"icon-default-style icon-phone accent-color\"><\/i> <\/div><div class=\"iwt-text\"> Wycieczki nale\u017cy uzgodni\u0107 telefonicznie +370 674 57966 <\/div><div class=\"clear\"><\/div><\/div><div class=\"iwithtext\"><div class=\"iwt-icon\"> <i class=\"icon-default-style icon-credit-card accent-color\"><\/i> <\/div><div class=\"iwt-text\"> Domek \u015aw. Faustyny jest utrzymywany z ofiary pielgrzym\u00f3w.<\/p>\n<p>Vilniaus piligrim\u0173 centras<br \/>\nKod firmowy: 305627846<br \/>\nAB SEB bankas<br \/>\nSWIFT (BIC): CBVILT2X<br \/>\nLT777044090101076736 <\/div><div class=\"clear\"><\/div><\/div>[\/vc_column_inner][\/vc_row_inner][\/vc_column][vc_column column_padding=&#8221;no-extra-padding&#8221; column_padding_position=&#8221;all&#8221; background_color_opacity=&#8221;1&#8243; background_hover_color_opacity=&#8221;1&#8243; column_shadow=&#8221;none&#8221; column_border_radius=&#8221;none&#8221; width=&#8221;1\/1&#8243; tablet_text_alignment=&#8221;default&#8221; phone_text_alignment=&#8221;default&#8221; column_border_width=&#8221;none&#8221; column_border_style=&#8221;solid&#8221;][\/vc_column][vc_column column_padding=&#8221;no-extra-padding&#8221; column_padding_position=&#8221;all&#8221; background_color_opacity=&#8221;1&#8243; background_hover_color_opacity=&#8221;1&#8243; column_shadow=&#8221;none&#8221; column_border_radius=&#8221;none&#8221; width=&#8221;1\/1&#8243; tablet_text_alignment=&#8221;default&#8221; phone_text_alignment=&#8221;default&#8221; column_border_width=&#8221;none&#8221; column_border_style=&#8221;solid&#8221;][\/vc_column][\/vc_row][vc_row type=&#8221;in_container&#8221; full_screen_row_position=&#8221;middle&#8221; scene_position=&#8221;center&#8221; text_color=&#8221;dark&#8221; text_align=&#8221;left&#8221; overlay_strength=&#8221;0.3&#8243; shape_divider_position=&#8221;bottom&#8221;][vc_column column_padding=&#8221;no-extra-padding&#8221; column_padding_position=&#8221;all&#8221; background_color_opacity=&#8221;1&#8243; background_hover_color_opacity=&#8221;1&#8243; column_shadow=&#8221;none&#8221; column_border_radius=&#8221;none&#8221; width=&#8221;1\/1&#8243; tablet_text_alignment=&#8221;default&#8221; phone_text_alignment=&#8221;default&#8221; column_border_width=&#8221;none&#8221; column_border_style=&#8221;solid&#8221;]<div class=\"divider-wrap\"><div style=\"height: 200px;\" class=\"divider\"><\/div><\/div>[\/vc_column][\/vc_row]\n","protected":false},"excerpt":{"rendered":"<p>[vc_row type=&#8221;in_container&#8221; full_screen_row_position=&#8221;middle&#8221; scene_position=&#8221;center&#8221; text_color=&#8221;dark&#8221; text_align=&#8221;left&#8221; overlay_strength=&#8221;0.3&#8243; shape_divider_position=&#8221;bottom&#8221;][vc_column centered_text=&#8221;true&#8221; column_padding=&#8221;no-extra-padding&#8221; column_&#8230;<\/p>\n","protected":false},"author":2,"featured_media":651,"parent":38,"menu_order":0,"comment_status":"closed","ping_status":"closed","template":"","meta":{"footnotes":""},"class_list":["post-130","page","type-page","status-publish","has-post-thumbnail","hentry"],"_links":{"self":[{"href":"https:\/\/cityofmercy.lt\/pl_PL\/wp-json\/wp\/v2\/pages\/130","targetHints":{"allow":["GET"]}}],"collection":[{"href":"https:\/\/cityofmercy.lt\/pl_PL\/wp-json\/wp\/v2\/pages"}],"about":[{"href":"https:\/\/cityofmercy.lt\/pl_PL\/wp-json\/wp\/v2\/types\/page"}],"author":[{"embeddable":true,"href":"https:\/\/cityofmercy.lt\/pl_PL\/wp-json\/wp\/v2\/users\/2"}],"replies":[{"embeddable":true,"href":"https:\/\/cityofmercy.lt\/pl_PL\/wp-json\/wp\/v2\/comments?post=130"}],"version-history":[{"count":78,"href":"https:\/\/cityofmercy.lt\/pl_PL\/wp-json\/wp\/v2\/pages\/130\/revisions"}],"predecessor-version":[{"id":6966,"href":"https:\/\/cityofmercy.lt\/pl_PL\/wp-json\/wp\/v2\/pages\/130\/revisions\/6966"}],"up":[{"embeddable":true,"href":"https:\/\/cityofmercy.lt\/pl_PL\/wp-json\/wp\/v2\/pages\/38"}],"wp:featuredmedia":[{"embeddable":true,"href":"https:\/\/cityofmercy.lt\/pl_PL\/wp-json\/wp\/v2\/media\/651"}],"wp:attachment":[{"href":"https:\/\/cityofmercy.lt\/pl_PL\/wp-json\/wp\/v2\/media?parent=130"}],"curies":[{"name":"wp","href":"https:\/\/api.w.org\/{rel}","templated":true}]}}