{"id":128,"date":"2017-11-30T16:08:09","date_gmt":"2017-11-30T16:08:09","guid":{"rendered":"http:\/\/cityofmercy.lt\/?page_id=128"},"modified":"2021-05-27T17:30:38","modified_gmt":"2021-05-27T14:30:38","slug":"sv-arkangelo-rapolo-baznycia","status":"publish","type":"page","link":"https:\/\/cityofmercy.lt\/pl_PL\/objektai\/sv-arkangelo-rapolo-baznycia\/","title":{"rendered":"Ko\u015bci\u00f3\u0142 \u015bw. Rafa\u0142a Archanio\u0142a"},"content":{"rendered":"[vc_row type=&#8221;in_container&#8221; full_screen_row_position=&#8221;middle&#8221; scene_position=&#8221;center&#8221; text_color=&#8221;dark&#8221; text_align=&#8221;left&#8221; overlay_strength=&#8221;0.3&#8243; shape_divider_position=&#8221;bottom&#8221;][vc_column centered_text=&#8221;true&#8221; column_padding=&#8221;no-extra-padding&#8221; column_padding_position=&#8221;all&#8221; background_color_opacity=&#8221;1&#8243; background_hover_color_opacity=&#8221;1&#8243; column_shadow=&#8221;none&#8221; column_border_radius=&#8221;none&#8221; width=&#8221;1\/1&#8243; tablet_text_alignment=&#8221;default&#8221; phone_text_alignment=&#8221;default&#8221; column_border_width=&#8221;none&#8221; column_border_style=&#8221;solid&#8221;][vc_column_text]\n<h4><strong>Ko\u015bci\u00f3\u0142 \u015bw. Rafa\u0142a Archanio\u0142a<\/strong><\/h4>\n[\/vc_column_text]<div class=\"divider-wrap\"><div style=\"margin-top: 25px; height: 1px; margin-bottom: 25px;\" data-width=\"100%\" data-animate=\"\" data-animation-delay=\"\" data-color=\"default\" class=\"divider-border\"><\/div><\/div>[\/vc_column][\/vc_row][vc_row type=&#8221;in_container&#8221; full_screen_row_position=&#8221;middle&#8221; scene_position=&#8221;center&#8221; text_color=&#8221;dark&#8221; text_align=&#8221;left&#8221; overlay_strength=&#8221;0.3&#8243; shape_divider_position=&#8221;bottom&#8221;][vc_column column_padding=&#8221;no-extra-padding&#8221; column_padding_position=&#8221;all&#8221; background_color_opacity=&#8221;1&#8243; background_hover_color_opacity=&#8221;1&#8243; column_shadow=&#8221;none&#8221; column_border_radius=&#8221;none&#8221; top_margin=&#8221;-30&#8243; width=&#8221;1\/1&#8243; tablet_text_alignment=&#8221;default&#8221; phone_text_alignment=&#8221;default&#8221; column_border_width=&#8221;none&#8221; column_border_style=&#8221;solid&#8221;][vc_row_inner column_margin=&#8221;default&#8221; text_align=&#8221;left&#8221;][vc_column_inner column_padding=&#8221;no-extra-padding&#8221; column_padding_position=&#8221;all&#8221; background_color_opacity=&#8221;1&#8243; background_hover_color_opacity=&#8221;1&#8243; column_shadow=&#8221;none&#8221; column_border_radius=&#8221;none&#8221; width=&#8221;1\/2&#8243; column_border_width=&#8221;none&#8221; column_border_style=&#8221;solid&#8221;][nectar_image_with_hotspots image=&#8221;278&#8243; preview=&#8221;https:\/\/cityofmercy.lt\/wp-content\/uploads\/2017\/12\/RAPOLO.jpg&#8221; color_1=&#8221;Accent-Color&#8221; hotspot_icon=&#8221;plus_sign&#8221; tooltip=&#8221;hover&#8221; tooltip_shadow=&#8221;medium_depth&#8221; animation=&#8221;true&#8221;][nectar_hotspot left=&#8221;10.008982863460474%&#8221; top=&#8221;73.80413842417222%&#8221; position=&#8221;right&#8221;]Przy Ko\u015bciele \u015bw. Rafa\u0142a Archanio\u0142a znajdowa\u0142 si\u0119 Dom Jezuit\u00f3w, przeznaczony dla zakonnik\u00f3w, przygotowuj\u0105cych si\u0119 do z\u0142o\u017cenia ostatnich uroczystych \u015blub\u00f3w. Dzisiaj w dawnych pomieszczeniach klasztoru mie\u015bci si\u0119 Departament Dziedzictwa Kulturowego i inne urz\u0119dy.[\/nectar_hotspot][\/nectar_image_with_hotspots]<div class=\"divider-wrap\"><div style=\"height: 20px;\" class=\"divider\"><\/div><\/div>[vc_column_text]<strong>Ko\u015bci\u00f3\u0142 zalicza si\u0119 do<\/strong> <a href=\"https:\/\/cityofmercy.lt\/pl_PL\/marsrutai\/jezuitai-vilniuje\/\">Szlaku Jezuit\u00f3w w Wilnie<\/a>.[\/vc_column_text]<div class=\"divider-wrap\"><div style=\"height: 20px;\" class=\"divider\"><\/div><\/div>[vc_column_text]\n<div class=\"wpb_text_column wpb_content_element \" style=\"text-align: right;\">\n<div class=\"wpb_wrapper\">\n<p style=\"text-align: justify;\">Ko\u015bci\u00f3\u0142 \u015bw. Rafa\u0142a Archanio\u0142a i Dom Jezuit\u00f3w by\u0142y przeznaczone dla zakonnik\u00f3w, przygotowuj\u0105cych\u00a0si\u0119 do z\u0142o\u017cenia ostatnich uroczystych \u015blub\u00f3w. Kompleks klasztoru i Ko\u015bcio\u0142a zosta\u0142 zbudowany w\u00a0dzielnicy \u015anipiszki, na skrzy\u017cowaniu ulic. Obok znajdowa\u0142o si\u0119 niewielkie wzg\u00f3rze, na kt\u00f3rym w oko\u0142o\u00a01710 r., w czasie gdy w Wilnie panowa\u0142a zaraza, zbudowano kapliczk\u0119 z figur\u0105 Chrystusa nios\u0105cego\u00a0Krzy\u017c, uwa\u017can\u0105 za cudown\u0105.<\/p>\n<p style=\"text-align: justify;\">Ko\u015bci\u00f3\u0142 po\u015bwi\u0119cono w 1730 r. W 1773 r. po rozwi\u0105zaniu Zakonu Jezuit\u00f3w, Ko\u015bci\u00f3\u0142 i klasztor zosta\u0142y\u00a0oddane w r\u0119ce Zakonu Pijar\u00f3w, kt\u00f3rego za\u0142o\u017ceniem by\u0142o \u2013 wychowanie m\u0142odzie\u017cy chrze\u015bcija\u0144skiej w\u00a0szko\u0142ach. W 1791 r. Ko\u015bci\u00f3\u0142 sta\u0142 si\u0119 \u015bwi\u0105tyni\u0105 parafialn\u0105 i zosta\u0142 przekazany parafii Pilait\u0117\u00a0(pol. Zameczek), w klasztorze urz\u0105dzono koszary, w Ko\u015bciele \u2013 pomieszczenie gospodarcze. W 1860 r.\u00a0Ko\u015bci\u00f3\u0142 zwr\u00f3cono katolikom. Klasztor zrekonstruowano w 1974 r., cz\u0119\u015bciowo przywracaj\u0105c mu\u00a0pierwotny wygl\u0105d. Obecnie w klasztorze znajduje si\u0119 Departament Dziedzictwa Kulturowego.<\/p>\n<p style=\"text-align: justify;\">Ko\u015bci\u00f3\u0142 jest barokow\u0105, trzynawow\u0105 \u015bwi\u0105tyni\u0105 w typie bazyliki, zachowa\u0142o si\u0119 w nim dziewi\u0119\u0107 o\u0142tarzy.\u00a0W Ko\u015bciele przechowywanych jest kilka nieco bardziej znanych obraz\u00f3w, przypominaj\u0105cych o\u00a0Jezuitach z XVII w. : \u201e\u015aw. Ignacy Loyola\u201d, \u201e\u015aw. Franciszek Ksawery\u201d, wizerunek za\u0142o\u017cyciela Zakonu\u00a0Pijar\u00f3w \u015bw. J\u00f3zefa Kalasancjusza. W g\u0142\u00f3wnym o\u0142tarzu widnieje \u015bw. Rafa\u0142 Archanio\u0142, kt\u00f3ry\u00a0przyprowadza do domu m\u0142odego Tobiasza z ci\u0119\u017ckiej w\u0119dr\u00f3wki.<\/p>\n<p style=\"text-align: justify;\">14 sierpnia 1904 prezydent Litwy Antanas Smetona i Zofia Chodakowska \u2013 Smetona zawarli zwi\u0105zek\u00a0ma\u0142\u017ce\u0144ski w tym Ko\u015bciele.<\/p>\n<\/div>\n<\/div>\n[\/vc_column_text][\/vc_column_inner][vc_column_inner column_padding=&#8221;no-extra-padding&#8221; column_padding_position=&#8221;all&#8221; background_color_opacity=&#8221;1&#8243; background_hover_color_opacity=&#8221;1&#8243; column_shadow=&#8221;none&#8221; column_border_radius=&#8221;none&#8221; width=&#8221;1\/2&#8243; column_border_width=&#8221;none&#8221; column_border_style=&#8221;solid&#8221;]<div class=\"iwithtext\"><div class=\"iwt-icon\"> <i class=\"icon-default-style icon-map-marker accent-color\"><\/i> <\/div><div class=\"iwt-text\"> <a href=\"https:\/\/goo.gl\/maps\/A9dM7oP51U33qbZy5\" target=\"_blank\" rel=\"noopener\">ul. \u0160nipi\u0161ki\u0173 1, Wilno<\/a> <\/div><div class=\"clear\"><\/div><\/div><div class=\"iwithtext\"><div class=\"iwt-icon\"> <i class=\"icon-default-style icon-time accent-color\"><\/i> <\/div><div class=\"iwt-text\"> <strong>Ko\u015bci\u00f3\u0142 czynny<\/strong><br \/>\nI\u2013V: 6.30\u201313.00, 15.00\u201318.30<br \/>\nVI: 8.30\u201313.00, 15.00\u201319.00<br \/>\nVII: 6.30\u201314.30, 16.00\u201319.30 <\/div><div class=\"clear\"><\/div><\/div><div class=\"iwithtext\"><div class=\"iwt-icon\"> <img decoding=\"async\" src=\"https:\/\/cityofmercy.lt\/wp-content\/uploads\/2017\/12\/taurinis.png\" alt=\"\" \/> <\/div><div class=\"iwt-text\"> <strong>Msza \u015bwi\u0119ta (j. litewski)<\/strong><br \/>\n<strong>Wrzesie\u0144\u2013maj<\/strong><br \/>\nI\u2013V: 7.00, 17.00<br \/>\nVI: 9.00, 17.00<br \/>\nVII: 7.00, 10.30, 11.30, 17.00<\/p>\n<p><strong>Czerwiec\u2013sierpie\u0144<\/strong><br \/>\nI\u2013V: 7.00, 17.00<br \/>\nVI: 9.00, 17.00<br \/>\nVII: 7.00, 11.30, 17.00 <\/div><div class=\"clear\"><\/div><\/div><div class=\"iwithtext\"><div class=\"iwt-icon\">  <\/div><div class=\"iwt-text\"> <strong>Msza \u015bwi\u0119ta (j. polski)<\/strong><br \/>\n<strong>Wrzesie\u0144\u2013maj<\/strong><br \/>\nI\u2013IV: 7.30, 18.00<br \/>\nV: 7.30, 13.00<br \/>\nVI: 10.00, 18.00<br \/>\nVII: 8.00, 9.00, 13.00, 18.00<\/p>\n<p><strong>Czerwiec\u2013sierpie\u0144<\/strong><br \/>\nI\u2013IV: 7.30, 18.00<br \/>\nV: 7.30, 13.00<br \/>\nVI: 10.00, 18.00<br \/>\nVII: 9.00, 13.00, 18.00 <\/div><div class=\"clear\"><\/div><\/div><div class=\"iwithtext\"><div class=\"iwt-icon\"> <i class=\"icon-default-style icon-phone accent-color\"><\/i> <\/div><div class=\"iwt-text\"> +370 5 272 4164 <\/div><div class=\"clear\"><\/div><\/div><div class=\"iwithtext\"><div class=\"iwt-icon\"> <i class=\"icon-default-style icon-globe accent-color\"><\/i> <\/div><div class=\"iwt-text\"> <a href=\"http:\/\/rapoloparapija.lt\/\" target=\"_blank\" rel=\"noopener\">rapoloparapija.lt<\/a> <\/div><div class=\"clear\"><\/div><\/div>[\/vc_column_inner][\/vc_row_inner][\/vc_column][\/vc_row][vc_row type=&#8221;in_container&#8221; full_screen_row_position=&#8221;middle&#8221; scene_position=&#8221;center&#8221; text_color=&#8221;dark&#8221; text_align=&#8221;left&#8221; overlay_strength=&#8221;0.3&#8243; shape_divider_position=&#8221;bottom&#8221;][vc_column column_padding=&#8221;no-extra-padding&#8221; column_padding_position=&#8221;all&#8221; background_color_opacity=&#8221;1&#8243; background_hover_color_opacity=&#8221;1&#8243; column_shadow=&#8221;none&#8221; column_border_radius=&#8221;none&#8221; width=&#8221;1\/1&#8243; tablet_text_alignment=&#8221;default&#8221; phone_text_alignment=&#8221;default&#8221; column_border_width=&#8221;none&#8221; column_border_style=&#8221;solid&#8221;]<div class=\"divider-wrap\"><div style=\"height: 200px;\" class=\"divider\"><\/div><\/div>[\/vc_column][\/vc_row]\n","protected":false},"excerpt":{"rendered":"<p>[vc_row type=&#8221;in_container&#8221; full_screen_row_position=&#8221;middle&#8221; scene_position=&#8221;center&#8221; text_color=&#8221;dark&#8221; text_align=&#8221;left&#8221; overlay_strength=&#8221;0.3&#8243; shape_divider_position=&#8221;bottom&#8221;][vc_column centered_text=&#8221;true&#8221; column_padding=&#8221;no-extra-padding&#8221; column_&#8230;<\/p>\n","protected":false},"author":2,"featured_media":278,"parent":38,"menu_order":0,"comment_status":"closed","ping_status":"closed","template":"","meta":{"footnotes":""},"class_list":["post-128","page","type-page","status-publish","has-post-thumbnail","hentry"],"_links":{"self":[{"href":"https:\/\/cityofmercy.lt\/pl_PL\/wp-json\/wp\/v2\/pages\/128","targetHints":{"allow":["GET"]}}],"collection":[{"href":"https:\/\/cityofmercy.lt\/pl_PL\/wp-json\/wp\/v2\/pages"}],"about":[{"href":"https:\/\/cityofmercy.lt\/pl_PL\/wp-json\/wp\/v2\/types\/page"}],"author":[{"embeddable":true,"href":"https:\/\/cityofmercy.lt\/pl_PL\/wp-json\/wp\/v2\/users\/2"}],"replies":[{"embeddable":true,"href":"https:\/\/cityofmercy.lt\/pl_PL\/wp-json\/wp\/v2\/comments?post=128"}],"version-history":[{"count":56,"href":"https:\/\/cityofmercy.lt\/pl_PL\/wp-json\/wp\/v2\/pages\/128\/revisions"}],"predecessor-version":[{"id":6762,"href":"https:\/\/cityofmercy.lt\/pl_PL\/wp-json\/wp\/v2\/pages\/128\/revisions\/6762"}],"up":[{"embeddable":true,"href":"https:\/\/cityofmercy.lt\/pl_PL\/wp-json\/wp\/v2\/pages\/38"}],"wp:featuredmedia":[{"embeddable":true,"href":"https:\/\/cityofmercy.lt\/pl_PL\/wp-json\/wp\/v2\/media\/278"}],"wp:attachment":[{"href":"https:\/\/cityofmercy.lt\/pl_PL\/wp-json\/wp\/v2\/media?parent=128"}],"curies":[{"name":"wp","href":"https:\/\/api.w.org\/{rel}","templated":true}]}}