{"id":125,"date":"2017-11-30T16:07:12","date_gmt":"2017-11-30T16:07:12","guid":{"rendered":"http:\/\/cityofmercy.lt\/?page_id=125"},"modified":"2024-05-09T14:27:36","modified_gmt":"2024-05-09T11:27:36","slug":"sv-arkangelo-mykolo-baznycia-baznytinio-paveldo-muziejus","status":"publish","type":"page","link":"https:\/\/cityofmercy.lt\/pl_PL\/objektai\/sv-arkangelo-mykolo-baznycia-baznytinio-paveldo-muziejus\/","title":{"rendered":"Ko\u015bci\u00f3\u0142 \u015bw. Micha\u0142a Archanio\u0142a (Muzeum Dziedzictwa Ko\u015bcielnego)"},"content":{"rendered":"[vc_row type=&#8221;in_container&#8221; full_screen_row_position=&#8221;middle&#8221; scene_position=&#8221;center&#8221; text_color=&#8221;dark&#8221; text_align=&#8221;left&#8221; overlay_strength=&#8221;0.3&#8243; shape_divider_position=&#8221;bottom&#8221;][vc_column centered_text=&#8221;true&#8221; column_padding=&#8221;no-extra-padding&#8221; column_padding_position=&#8221;all&#8221; background_color_opacity=&#8221;1&#8243; background_hover_color_opacity=&#8221;1&#8243; column_shadow=&#8221;none&#8221; column_border_radius=&#8221;none&#8221; width=&#8221;1\/1&#8243; tablet_text_alignment=&#8221;default&#8221; phone_text_alignment=&#8221;default&#8221; column_border_width=&#8221;none&#8221; column_border_style=&#8221;solid&#8221;][vc_column_text]\n<h4><strong>Ko\u015bci\u00f3\u0142 \u015bw. Micha\u0142a Archanio\u0142a (Muzeum Dziedzictwa Ko\u015bcielnego)<\/strong><\/h4>\n[\/vc_column_text]<div class=\"divider-wrap\"><div style=\"margin-top: 25px; height: 1px; margin-bottom: 25px;\" data-width=\"100%\" data-animate=\"\" data-animation-delay=\"\" data-color=\"default\" class=\"divider-border\"><\/div><\/div>[\/vc_column][\/vc_row][vc_row type=&#8221;in_container&#8221; full_screen_row_position=&#8221;middle&#8221; scene_position=&#8221;center&#8221; text_color=&#8221;dark&#8221; text_align=&#8221;left&#8221; overlay_strength=&#8221;0.3&#8243; shape_divider_position=&#8221;bottom&#8221;][vc_column column_padding=&#8221;no-extra-padding&#8221; column_padding_position=&#8221;all&#8221; background_color_opacity=&#8221;1&#8243; background_hover_color_opacity=&#8221;1&#8243; column_shadow=&#8221;none&#8221; column_border_radius=&#8221;none&#8221; top_margin=&#8221;-30&#8243; width=&#8221;1\/1&#8243; tablet_text_alignment=&#8221;default&#8221; phone_text_alignment=&#8221;default&#8221; column_border_width=&#8221;none&#8221; column_border_style=&#8221;solid&#8221;][vc_row_inner column_margin=&#8221;default&#8221; text_align=&#8221;left&#8221;][vc_column_inner column_padding=&#8221;no-extra-padding&#8221; column_padding_position=&#8221;all&#8221; background_color_opacity=&#8221;1&#8243; background_hover_color_opacity=&#8221;1&#8243; column_shadow=&#8221;none&#8221; column_border_radius=&#8221;none&#8221; width=&#8221;1\/2&#8243; column_border_width=&#8221;none&#8221; column_border_style=&#8221;solid&#8221;][nectar_image_with_hotspots image=&#8221;493&#8243; preview=&#8221;http:\/\/cityofmercy.lt\/wp-content\/uploads\/2017\/12\/LOBYNAS4.jpg&#8221; color_1=&#8221;Accent-Color&#8221; hotspot_icon=&#8221;plus_sign&#8221; tooltip=&#8221;hover&#8221; tooltip_shadow=&#8221;medium_depth&#8221; animation=&#8221;true&#8221;][nectar_hotspot left=&#8221;53.84%&#8221; top=&#8221;56.9134%&#8221; position=&#8221;bottom&#8221;]Monstrancja du\u017ca (Wilno, 1535 r.)[\/nectar_hotspot][\/nectar_image_with_hotspots]<div class=\"divider-wrap\"><div style=\"height: 20px;\" class=\"divider\"><\/div><\/div>[vc_column_text]<strong>Ko\u015bci\u00f3\u0142 zalicza si\u0119 do<\/strong> <a href=\"https:\/\/cityofmercy.lt\/pl_PL\/marsrutai\/gailestingumo-kelias\/\">Szlaku Bo\u017cego Mi\u0142osierdzia<\/a> oraz <a href=\"https:\/\/cityofmercy.lt\/pl_PL\/marsrutai\/katedra-varpine-lobynas\/\">Katedra.Dzwonnica.Skarbiec.<\/a>[\/vc_column_text]<div class=\"divider-wrap\"><div style=\"height: 20px;\" class=\"divider\"><\/div><\/div>[vc_column_text]\n<p style=\"text-align: justify;\">B\u0142. M. Sopo\u0107ko by\u0142 rektorem Ko\u015bcio\u0142a \u015bw. Micha\u0142a i kapelanem Si\u00f3str Bernardynek w latach\u00a01934-1938. Mieszka\u0142 w pobliskim budynku naprzeciwko Ko\u015bcio\u0142a Si\u00f3str Bernardynek. Namalowany,\u00a0ale nie uznany przez w\u0142adze Ko\u015bcio\u0142a Obraz Jezusa Mi\u0142osiernego, ks. M. Sopo\u0107ko umie\u015bci\u0142 najpierw w\u00a0korytarzu Klasztoru Si\u00f3str Bernardynek przy Ko\u015bciele \u015bw. Micha\u0142a, tymczasem Jezus podczas objawie\u0144\u00a0prosi\u0142 \u015bw. Faustyn\u0119, aby wystawi\u0107 obraz do czci publicznej. W 1937 r., za zgod\u0105 arcybiskupa\u00a0wile\u0144skiego Romualda Ja\u0142brzykowskiego, obraz zosta\u0142 umiejscowiony z prawej strony o\u0142tarza\u00a0g\u0142\u00f3wnego. Zacz\u0105\u0142 si\u0119 te\u017c umacnia\u0107 kult Mi\u0142osierdzia Bo\u017cego. Podczas II wojny \u015bwiatowej w czasie\u00a0okupacji sowieckiej Wilna, b\u0142. M. Sopo\u0107ko organizowa\u0142 w swoim mieszkaniu tajne spotkania grup\u00a0inteligencji katolickiej i bractwa religijnego Marian\u00f3w. Dzia\u0142alno\u015b\u0107 ta doprowadzi\u0142a do wy\u0142onienia si\u0119\u00a0kandydatek do Zgromadzenia Si\u00f3str Jezusa Mi\u0142osiernego.<\/p>\n<p style=\"text-align: justify;\">Ko\u015bci\u00f3\u0142 \u015bw. Micha\u0142a Archanio\u0142a oraz dawny Klasztor Bernardynek \u2013 wspania\u0142y kompleks z okresu\u00a0Renesansu. Budow\u0119 i dekoracj\u0119 wspomaga\u0142 Leon Sapieha, jeden z najs\u0142awniejszych magnat\u00f3w\u00a0Wielkiego Ksi\u0119stwa Litewskiego XVI-XVII w. To pierwsza \u015bwi\u0105tynia na Litwie, budowana w charakterze\u00a0mauzoleum rodziny magnackiej. W klasztorze zamieszka\u0142y Siostry Bernardynki, kt\u00f3re przyj\u0119\u0142y surow\u0105\u00a0klauzur\u0119. Ko\u015bci\u00f3\u0142 sta\u0142 si\u0119 nie tylko domem modlitwy, ale r\u00f3wnie\u017c mauzoleum Sapieh\u00f3w.<\/p>\n<p style=\"text-align: justify;\">Pod Ko\u015bcio\u0142em znajduje si\u0119 pi\u0119\u0107 krypt. W jednych chowane by\u0142y zakonnice, w pozosta\u0142ych \u2013 \u015bwieccy.\u00a0W krypcie Sapieh\u00f3w pochowany zosta\u0142 Leon Sapieha, jego syn Jan Stanis\u0142aw, Krzysztof i inni\u00a0cz\u0142onkowie rodziny. W Ko\u015bciele zachowa\u0142y si\u0119 cztery nagrobki rodziny Sapieh\u00f3w z XVII w., \u015bwiadcz\u0105ce\u00a0o pot\u0119dze, maj\u0119tno\u015bci i subtelnym gu\u015bcie artystycznym zamawiaj\u0105cych.<\/p>\n<p style=\"text-align: justify;\">W okresie komunizmu, po zamkni\u0119ciu klasztoru i Ko\u015bcio\u0142a, budynki przez pewien czas by\u0142y\u00a0nieu\u017cywane, zaniedbane, natomiast w XVIII w. o\u0142tarze i m\u00f3wnica Ko\u015bcio\u0142a zosta\u0142y wyburzone. Po\u00a0po\u017carze w 1964 r. w remontowanym Ko\u015bciele otwarto Muzeum Architektury, a pomieszczenia\u00a0klasztorne przystosowano do potrzeb akademika, mieszka\u0144, pracowni wytw\u00f3rczych. Ko\u015bci\u00f3\u0142 i\u00a0zaniedbane pomieszczenia klasztorne zosta\u0142y zwr\u00f3cone Archidiecezji Wile\u0144skiej w 1993 r. W 2009 r.\u00a0zako\u0144czono prace restauratorskie kompleksu a swoje drzwi dla odwiedzaj\u0105cych otworzy\u0142o Muzeum\u00a0Dziedzictwa Ko\u015bcielnego.<\/p>\n[\/vc_column_text][\/vc_column_inner][vc_column_inner column_padding=&#8221;no-extra-padding&#8221; column_padding_position=&#8221;all&#8221; background_color_opacity=&#8221;1&#8243; background_hover_color_opacity=&#8221;1&#8243; column_shadow=&#8221;none&#8221; column_border_radius=&#8221;none&#8221; width=&#8221;1\/2&#8243; column_border_width=&#8221;none&#8221; column_border_style=&#8221;solid&#8221;]<div class=\"iwithtext\"><div class=\"iwt-icon\"> <i class=\"icon-default-style icon-map-marker accent-color\"><\/i> <\/div><div class=\"iwt-text\"> <a href=\"https:\/\/www.google.com\/maps\/place\/\u0160v.+Mykolo+g.+9,+Vilnius+01124\/@54.6828121,25.2898742,17z\/data=!3m1!4b1!4m5!3m4!1s0x46dd94163a8f5801:0xf217d19efafea15!8m2!3d54.682809!4d25.2920629\" target=\"_blank\" rel=\"noopener\">ul. \u0160v. Mykolo 9, Wilno<\/a> <\/div><div class=\"clear\"><\/div><\/div><div class=\"iwithtext\"><div class=\"iwt-icon\"> <i class=\"icon-default-style icon-time accent-color\"><\/i> <\/div><div class=\"iwt-text\"> <strong>Godziny otwarcia<\/strong><br \/>\nII: 11.00\u201318.00<br \/>\nIII: 11.00\u201320.00<br \/>\nIV\u2013VI: 11.00\u201318.00 <\/div><div class=\"clear\"><\/div><\/div><div class=\"iwithtext\"><div class=\"iwt-icon\"> <i class=\"icon-default-style icon-info accent-color\"><\/i> <\/div><div class=\"iwt-text\"> Wizyty dla pojedynczych zwiedzaj\u0105cych w ka\u017cd\u0105 sobot\u0119 o godz. 14.00. <\/div><div class=\"clear\"><\/div><\/div><div class=\"iwithtext\"><div class=\"iwt-icon\"> <i class=\"icon-default-style icon-phone accent-color\"><\/i> <\/div><div class=\"iwt-text\"> +370 5 269 7803 <\/div><div class=\"clear\"><\/div><\/div><div class=\"iwithtext\"><div class=\"iwt-icon\"> <i class=\"icon-default-style icon-envelope accent-color\"><\/i> <\/div><div class=\"iwt-text\"> muziejus@bpmuziejus.lt <\/div><div class=\"clear\"><\/div><\/div><div class=\"iwithtext\"><div class=\"iwt-icon\"> <i class=\"icon-default-style icon-globe accent-color\"><\/i> <\/div><div class=\"iwt-text\"> <a href=\"http:\/\/www.bpmuziejus.lt\" target=\"_blank\" rel=\"noopener\">www.bpmuziejus.lt<\/a> <\/div><div class=\"clear\"><\/div><\/div>[\/vc_column_inner][\/vc_row_inner][\/vc_column][\/vc_row][vc_row type=&#8221;in_container&#8221; full_screen_row_position=&#8221;middle&#8221; scene_position=&#8221;center&#8221; text_color=&#8221;dark&#8221; text_align=&#8221;left&#8221; overlay_strength=&#8221;0.3&#8243; shape_divider_position=&#8221;bottom&#8221;][vc_column column_padding=&#8221;no-extra-padding&#8221; column_padding_position=&#8221;all&#8221; background_color_opacity=&#8221;1&#8243; background_hover_color_opacity=&#8221;1&#8243; column_shadow=&#8221;none&#8221; column_border_radius=&#8221;none&#8221; width=&#8221;1\/1&#8243; tablet_text_alignment=&#8221;default&#8221; phone_text_alignment=&#8221;default&#8221; column_border_width=&#8221;none&#8221; column_border_style=&#8221;solid&#8221;]<div class=\"divider-wrap\"><div style=\"height: 200px;\" class=\"divider\"><\/div><\/div>[\/vc_column][\/vc_row]\n","protected":false},"excerpt":{"rendered":"<p>[vc_row type=&#8221;in_container&#8221; full_screen_row_position=&#8221;middle&#8221; scene_position=&#8221;center&#8221; text_color=&#8221;dark&#8221; text_align=&#8221;left&#8221; overlay_strength=&#8221;0.3&#8243; shape_divider_position=&#8221;bottom&#8221;][vc_column centered_text=&#8221;true&#8221; column_padding=&#8221;no-extra-padding&#8221; column_&#8230;<\/p>\n","protected":false},"author":2,"featured_media":281,"parent":38,"menu_order":0,"comment_status":"closed","ping_status":"closed","template":"","meta":{"footnotes":""},"class_list":["post-125","page","type-page","status-publish","has-post-thumbnail","hentry"],"_links":{"self":[{"href":"https:\/\/cityofmercy.lt\/pl_PL\/wp-json\/wp\/v2\/pages\/125","targetHints":{"allow":["GET"]}}],"collection":[{"href":"https:\/\/cityofmercy.lt\/pl_PL\/wp-json\/wp\/v2\/pages"}],"about":[{"href":"https:\/\/cityofmercy.lt\/pl_PL\/wp-json\/wp\/v2\/types\/page"}],"author":[{"embeddable":true,"href":"https:\/\/cityofmercy.lt\/pl_PL\/wp-json\/wp\/v2\/users\/2"}],"replies":[{"embeddable":true,"href":"https:\/\/cityofmercy.lt\/pl_PL\/wp-json\/wp\/v2\/comments?post=125"}],"version-history":[{"count":51,"href":"https:\/\/cityofmercy.lt\/pl_PL\/wp-json\/wp\/v2\/pages\/125\/revisions"}],"predecessor-version":[{"id":7930,"href":"https:\/\/cityofmercy.lt\/pl_PL\/wp-json\/wp\/v2\/pages\/125\/revisions\/7930"}],"up":[{"embeddable":true,"href":"https:\/\/cityofmercy.lt\/pl_PL\/wp-json\/wp\/v2\/pages\/38"}],"wp:featuredmedia":[{"embeddable":true,"href":"https:\/\/cityofmercy.lt\/pl_PL\/wp-json\/wp\/v2\/media\/281"}],"wp:attachment":[{"href":"https:\/\/cityofmercy.lt\/pl_PL\/wp-json\/wp\/v2\/media?parent=125"}],"curies":[{"name":"wp","href":"https:\/\/api.w.org\/{rel}","templated":true}]}}