{"id":122,"date":"2017-11-30T16:06:01","date_gmt":"2017-11-30T16:06:01","guid":{"rendered":"http:\/\/cityofmercy.lt\/?page_id=122"},"modified":"2021-05-27T17:37:58","modified_gmt":"2021-05-27T14:37:58","slug":"sv-apastalu-petro-ir-povilo-baznycia","status":"publish","type":"page","link":"https:\/\/cityofmercy.lt\/pl_PL\/objektai\/sv-apastalu-petro-ir-povilo-baznycia\/","title":{"rendered":"Ko\u015bci\u00f3\u0142 \u015bw. Piotra i Paw\u0142a"},"content":{"rendered":"[vc_row type=&#8221;in_container&#8221; full_screen_row_position=&#8221;middle&#8221; scene_position=&#8221;center&#8221; text_color=&#8221;dark&#8221; text_align=&#8221;left&#8221; overlay_strength=&#8221;0.3&#8243; shape_divider_position=&#8221;bottom&#8221;][vc_column centered_text=&#8221;true&#8221; column_padding=&#8221;no-extra-padding&#8221; column_padding_position=&#8221;all&#8221; background_color_opacity=&#8221;1&#8243; background_hover_color_opacity=&#8221;1&#8243; column_shadow=&#8221;none&#8221; column_border_radius=&#8221;none&#8221; width=&#8221;1\/1&#8243; tablet_text_alignment=&#8221;default&#8221; phone_text_alignment=&#8221;default&#8221; column_border_width=&#8221;none&#8221; column_border_style=&#8221;solid&#8221;][vc_column_text]\n<h4><strong>Ko\u015bci\u00f3\u0142 \u015bw. Piotra i Paw\u0142a<\/strong><\/h4>\n[\/vc_column_text]<div class=\"divider-wrap\"><div style=\"margin-top: 25px; height: 1px; margin-bottom: 25px;\" data-width=\"100%\" data-animate=\"\" data-animation-delay=\"\" data-color=\"default\" class=\"divider-border\"><\/div><\/div>[\/vc_column][\/vc_row][vc_row type=&#8221;in_container&#8221; full_screen_row_position=&#8221;middle&#8221; scene_position=&#8221;center&#8221; text_color=&#8221;dark&#8221; text_align=&#8221;left&#8221; overlay_strength=&#8221;0.3&#8243; shape_divider_position=&#8221;bottom&#8221;][vc_column column_padding=&#8221;no-extra-padding&#8221; column_padding_position=&#8221;all&#8221; background_color_opacity=&#8221;1&#8243; background_hover_color_opacity=&#8221;1&#8243; column_shadow=&#8221;none&#8221; column_border_radius=&#8221;none&#8221; top_margin=&#8221;-30&#8243; width=&#8221;1\/1&#8243; tablet_text_alignment=&#8221;default&#8221; phone_text_alignment=&#8221;default&#8221; column_border_width=&#8221;none&#8221; column_border_style=&#8221;solid&#8221;][vc_row_inner column_margin=&#8221;default&#8221; text_align=&#8221;left&#8221;][vc_column_inner column_padding=&#8221;no-extra-padding&#8221; column_padding_position=&#8221;all&#8221; background_color_opacity=&#8221;1&#8243; background_hover_color_opacity=&#8221;1&#8243; column_shadow=&#8221;none&#8221; column_border_radius=&#8221;none&#8221; width=&#8221;1\/2&#8243; column_border_width=&#8221;none&#8221; column_border_style=&#8221;solid&#8221;][nectar_image_with_hotspots image=&#8221;497&#8243; preview=&#8221;http:\/\/cityofmercy.lt\/wp-content\/uploads\/2017\/12\/PETRO.jpg&#8221; color_1=&#8221;Accent-Color&#8221; hotspot_icon=&#8221;plus_sign&#8221; tooltip=&#8221;hover&#8221; tooltip_shadow=&#8221;medium_depth&#8221;][nectar_hotspot left=&#8221;67.31186224489795%&#8221; top=&#8221;60.41188837920489%&#8221; position=&#8221;left&#8221;]Wn\u0119trze Ko\u015bcio\u0142a jest zdobione bia\u0142ymi stiukami. \u015awi\u0105tynia liczy oko\u0142o 2040 pos\u0105g\u00f3w przedstawiaj\u0105cych cz\u0142owieka. Ikonografia zdobnicza wyra\u017ca podstawowe warto\u015bciowe za\u0142o\u017cenia zakonu i mecenatu M. K. Paca. Kaplice \u015bw. Augustyna patrona zakonu, \u015bw. Kr\u00f3lowych, \u015bw. Rycerzy M\u0119czennik\u00f3w i \u015bw. Maryi od M\u0119czennik\u00f3w, uwidaczniaj\u0105 warto\u015bci nauki Ko\u015bcio\u0142a, barokowej skruchy, walki i cierpienia za wiar\u0119 oraz cnoty.[\/nectar_hotspot][\/nectar_image_with_hotspots]<div class=\"divider-wrap\"><div style=\"height: 20px;\" class=\"divider\"><\/div><\/div>[vc_column_text]<strong>Ko\u015bci\u00f3\u0142 zalicza si\u0119<\/strong> do <a href=\"https:\/\/cityofmercy.lt\/pl_PL\/marsrutai\/marijos-gerbimo-vietos\/\">Szlaku Maryjnego<\/a>[\/vc_column_text]<div class=\"divider-wrap\"><div style=\"height: 20px;\" class=\"divider\"><\/div><\/div>[vc_column_text]\n<div class=\"wpb_text_column wpb_content_element \" style=\"text-align: justify;\">\n<div class=\"wpb_wrapper\">\n<p>Ko\u015bci\u00f3\u0142 \u015awi\u0119tych Aposto\u0142\u00f3w Piotra i Paw\u0142a jest jedn\u0105 z najs\u0142ynniejszych budowli barokowych na\u00a0Litwie, kt\u00f3rej architektura zewn\u0119trzna i wewn\u0119trzna ulega\u0142a niewielkim zmianom. Jest to jeden z\u00a0niewielu wile\u0144skich Ko\u015bcio\u0142\u00f3w, kt\u00f3re nieustannie dzia\u0142a\u0142y jako katolicki dom modlitwy. Od 1625 r.\u00a0osiedlili si\u0119 tu Kanonicy Lutera\u0144scy. Przypuszcza si\u0119, \u017ce w miejscu tego Ko\u015bcio\u0142a od ko\u0144ca XVI w.\u00a0znajdowa\u0142y si\u0119 drewniane Ko\u015bcio\u0142y. Po ich spaleniu, 29 czerwca 1668 r., w dzie\u0144 uroczysto\u015bci \u015bw.\u00a0Piotra i Paw\u0142a, rozpocz\u0119to budow\u0119 obecnego murowanego Ko\u015bcio\u0142a prosz\u0105c jednocze\u015bnie Maryj\u0119 o\u00a0umocnienie pokoju na wym\u0119czonej wojnami Litwie. O tej intencji \u015bwiadczy napis na fasadzie Ko\u015bcio\u0142a\u00a0\u201eRegina Pacis funda nos In pace\u201d (\u201eKr\u00f3lowo Pokoju umacniaj nas w pokoju\u201d). Retoryczna gra s\u0142\u00f3w\u00a0charakterystyczna dla baroku przypomina te\u017c fundatora Ko\u015bcio\u0142a \u2013 wojewod\u0119 wile\u0144skiego i g\u0142\u00f3wnego\u00a0dow\u00f3dc\u0119 wojska Wielkiego Ksi\u0119stwa Litewskiego Micha\u0142a Kazimierza Paca. Jego szcz\u0105tki spoczywaj\u0105\u00a0w piwnicy Ko\u015bcio\u0142a pod progiem.<\/p>\n<p>Dekoracji Ko\u015bcio\u0142a podj\u0119li si\u0119 w 1678 r. wspaniali w\u0142oscy rze\u017abiarze Giovanni Pietro Perti i Giovanni\u00a0Maria Galli. To w\u0142a\u015bnie dekoracja sztukatorska zamieni\u0142a ten Ko\u015bci\u00f3\u0142 w per\u0142\u0119 p\u00f3\u017anego baroku\u00a0wile\u0144skiego. Ikonografia zdobnicza wyra\u017ca podstawowe warto\u015bciowe za\u0142o\u017cenia zakonu i mecenatu\u00a0M. K. Paca: Kaplice \u015bw. Augustyna, \u015bw. Kr\u00f3lowych, \u015bw. Rycerzy M\u0119czennik\u00f3w i \u015bw. Maryi od\u00a0M\u0119czennik\u00f3w, uwidaczniaj\u0105 warto\u015bci nauki Ko\u015bcio\u0142a, barokowej skruchy, walki i cierpienia za wiar\u0119\u00a0oraz cnoty (do \u015bmierci M. K. Pac pozosta\u0142 nie\u017conaty).<\/p>\n<p>W wielkim o\u0142tarzu \u2013 obraz Franciszka Smuglewicza \u201ePo\u017cegnanie \u015bw. Piotra i Paw\u0142a\u201d.\u00a0W prawym bocznym o\u0142tarzu czczony jest obraz Pi\u0119ciu Ran Jezusa, sprowadzony przez Wile\u0144skie\u00a0Bractwo Rybak\u00f3w. W Ko\u015bciele czczona jest r\u00f3wnie\u017c drewniana rze\u017aba Jezusa Nazarejczyka,\u00a0wyprodukowana w Rzymie na wz\u00f3r cudownego wizerunku Pana Jezusa Mi\u0142osiernego Ecce Homo,\u00a0przechowywanego w Madrycie. Z aktu wizytacji z 1804 r. dowiadujemy si\u0119, \u017ce zapiecz\u0119towane\u00a0relikwie z\u0142o\u017cone z dw\u00f3ch cz\u0119\u015bci zosta\u0142y osadzone w g\u0142owie Jezusa.<\/p>\n<p>Obraz Naj\u015bwi\u0119tszej Maryi Panny \u0141askawej (w lewym bocznym o\u0142tarzu) jest kopi\u0105 obrazu czczonego\u00a0we w\u0142oskim mie\u015bcie Faenza. Sprowadzi\u0142 go \u017cmudzki biskup Jerzy Tyszkiewicz. Obraz przedstawia\u00a0Maryj\u0119 \u0142ami\u0105c\u0105 strza\u0142y gniewu Bo\u017cego. Mieszka\u0144cy Wilna modlili si\u0119 przed nim, prosz\u0105c o\u00a0wstawiennictwo w czasie epidemii. Obok znajduje si\u0119 ju\u017c nieco p\u00f3\u017aniej namalowany obraz ze scen\u0105\u00a0pomoru w Wilnie i Naj\u015bwi\u0119tsz\u0105 Maryj\u0105 Pann\u0105 \u0141askaw\u0105.<\/p>\n<\/div>\n<\/div>\n[\/vc_column_text][\/vc_column_inner][vc_column_inner column_padding=&#8221;no-extra-padding&#8221; column_padding_position=&#8221;all&#8221; background_color_opacity=&#8221;1&#8243; background_hover_color_opacity=&#8221;1&#8243; column_shadow=&#8221;none&#8221; column_border_radius=&#8221;none&#8221; width=&#8221;1\/2&#8243; column_border_width=&#8221;none&#8221; column_border_style=&#8221;solid&#8221;]<div class=\"iwithtext\"><div class=\"iwt-icon\"> <i class=\"icon-default-style icon-map-marker accent-color\"><\/i> <\/div><div class=\"iwt-text\"> <a href=\"https:\/\/www.google.com\/maps\/search\/Antakalnio+g.+1%2F1,+Vilnius\/@54.6828121,25.2898742,17z\" target=\"_blank\" rel=\"noopener\">ul. Antakalnio 1\/1, Wilno<\/a> <\/div><div class=\"clear\"><\/div><\/div><div class=\"iwithtext\"><div class=\"iwt-icon\"> <i class=\"icon-default-style icon-time accent-color\"><\/i> <\/div><div class=\"iwt-text\"> <strong>Ko\u015bci\u00f3\u0142 czynny<\/strong><br \/>\nI\u2013VII: 6.30\u201318.45 <\/div><div class=\"clear\"><\/div><\/div><div class=\"iwithtext\"><div class=\"iwt-icon\"> <img decoding=\"async\" src=\"https:\/\/cityofmercy.lt\/wp-content\/uploads\/2017\/12\/taurinis.png\" alt=\"\" \/> <\/div><div class=\"iwt-text\"> <strong>Msza \u015bwi\u0119ta (j. litewski)<\/strong><br \/>\nI\u2013VI: 7.00, 7.30, 18.00<br \/>\nVII: 7.30, 10.00, 11.30, 18.00 <\/div><div class=\"clear\"><\/div><\/div><div class=\"iwithtext\"><div class=\"iwt-icon\">  <\/div><div class=\"iwt-text\"> <strong>Msza \u015bwi\u0119ta (j. polski)<\/strong><br \/>\nI\u2013VI: 17.00<br \/>\nVII: 8.30, 13.00, 17.00 <\/div><div class=\"clear\"><\/div><\/div><div class=\"iwithtext\"><div class=\"iwt-icon\"> <i class=\"icon-default-style icon-phone accent-color\"><\/i> <\/div><div class=\"iwt-text\"> +370 5 234 0229 <\/div><div class=\"clear\"><\/div><\/div><div class=\"iwithtext\"><div class=\"iwt-icon\"> <i class=\"icon-default-style icon-globe accent-color\"><\/i> <\/div><div class=\"iwt-text\"> <a href=\"http:\/\/vilniauspetropovilo.lt\/pl\" target=\"_blank\" rel=\"noopener\">vilniauspetropovilo.lt<\/a> <\/div><div class=\"clear\"><\/div><\/div>[\/vc_column_inner][\/vc_row_inner][\/vc_column][\/vc_row][vc_row type=&#8221;in_container&#8221; full_screen_row_position=&#8221;middle&#8221; scene_position=&#8221;center&#8221; text_color=&#8221;dark&#8221; text_align=&#8221;left&#8221; overlay_strength=&#8221;0.3&#8243; shape_divider_position=&#8221;bottom&#8221;][vc_column column_padding=&#8221;no-extra-padding&#8221; column_padding_position=&#8221;all&#8221; background_color_opacity=&#8221;1&#8243; background_hover_color_opacity=&#8221;1&#8243; column_shadow=&#8221;none&#8221; column_border_radius=&#8221;none&#8221; width=&#8221;1\/1&#8243; tablet_text_alignment=&#8221;default&#8221; phone_text_alignment=&#8221;default&#8221; column_border_width=&#8221;none&#8221; column_border_style=&#8221;solid&#8221;]<div class=\"divider-wrap\"><div style=\"height: 200px;\" class=\"divider\"><\/div><\/div>[\/vc_column][\/vc_row]\n","protected":false},"excerpt":{"rendered":"<p>[vc_row type=&#8221;in_container&#8221; full_screen_row_position=&#8221;middle&#8221; scene_position=&#8221;center&#8221; text_color=&#8221;dark&#8221; text_align=&#8221;left&#8221; overlay_strength=&#8221;0.3&#8243; shape_divider_position=&#8221;bottom&#8221;][vc_column centered_text=&#8221;true&#8221; column_padding=&#8221;no-extra-padding&#8221; column_&#8230;<\/p>\n","protected":false},"author":2,"featured_media":497,"parent":38,"menu_order":0,"comment_status":"closed","ping_status":"closed","template":"","meta":{"footnotes":""},"class_list":["post-122","page","type-page","status-publish","has-post-thumbnail","hentry"],"_links":{"self":[{"href":"https:\/\/cityofmercy.lt\/pl_PL\/wp-json\/wp\/v2\/pages\/122","targetHints":{"allow":["GET"]}}],"collection":[{"href":"https:\/\/cityofmercy.lt\/pl_PL\/wp-json\/wp\/v2\/pages"}],"about":[{"href":"https:\/\/cityofmercy.lt\/pl_PL\/wp-json\/wp\/v2\/types\/page"}],"author":[{"embeddable":true,"href":"https:\/\/cityofmercy.lt\/pl_PL\/wp-json\/wp\/v2\/users\/2"}],"replies":[{"embeddable":true,"href":"https:\/\/cityofmercy.lt\/pl_PL\/wp-json\/wp\/v2\/comments?post=122"}],"version-history":[{"count":42,"href":"https:\/\/cityofmercy.lt\/pl_PL\/wp-json\/wp\/v2\/pages\/122\/revisions"}],"predecessor-version":[{"id":6021,"href":"https:\/\/cityofmercy.lt\/pl_PL\/wp-json\/wp\/v2\/pages\/122\/revisions\/6021"}],"up":[{"embeddable":true,"href":"https:\/\/cityofmercy.lt\/pl_PL\/wp-json\/wp\/v2\/pages\/38"}],"wp:featuredmedia":[{"embeddable":true,"href":"https:\/\/cityofmercy.lt\/pl_PL\/wp-json\/wp\/v2\/media\/497"}],"wp:attachment":[{"href":"https:\/\/cityofmercy.lt\/pl_PL\/wp-json\/wp\/v2\/media?parent=122"}],"curies":[{"name":"wp","href":"https:\/\/api.w.org\/{rel}","templated":true}]}}