{"id":120,"date":"2017-11-30T16:05:14","date_gmt":"2017-11-30T16:05:14","guid":{"rendered":"http:\/\/cityofmercy.lt\/?page_id=120"},"modified":"2021-05-27T15:54:45","modified_gmt":"2021-05-27T12:54:45","slug":"sv-apastalu-jokubo-ir-pilypo-baznycia-prie-dominikonu-vienuolyno","status":"publish","type":"page","link":"https:\/\/cityofmercy.lt\/pl_PL\/objektai\/sv-apastalu-jokubo-ir-pilypo-baznycia-prie-dominikonu-vienuolyno\/","title":{"rendered":"Ko\u015bci\u00f3\u0142 \u015awi\u0119tych Aposto\u0142\u00f3w Filipa i Jakuba przy Klasztorze Dominikan\u00f3w"},"content":{"rendered":"[vc_row type=&#8221;in_container&#8221; full_screen_row_position=&#8221;middle&#8221; scene_position=&#8221;center&#8221; text_color=&#8221;dark&#8221; text_align=&#8221;left&#8221; overlay_strength=&#8221;0.3&#8243; shape_divider_position=&#8221;bottom&#8221;][vc_column centered_text=&#8221;true&#8221; column_padding=&#8221;no-extra-padding&#8221; column_padding_position=&#8221;all&#8221; background_color_opacity=&#8221;1&#8243; background_hover_color_opacity=&#8221;1&#8243; column_shadow=&#8221;none&#8221; column_border_radius=&#8221;none&#8221; width=&#8221;1\/1&#8243; tablet_text_alignment=&#8221;default&#8221; phone_text_alignment=&#8221;default&#8221; column_border_width=&#8221;none&#8221; column_border_style=&#8221;solid&#8221;][vc_column_text]\n<h4><strong>Ko\u015bci\u00f3\u0142 \u015awi\u0119tych Aposto\u0142\u00f3w Filipa i Jakuba przy Klasztorze Dominikan\u00f3w<\/strong><\/h4>\n[\/vc_column_text]<div class=\"divider-wrap\"><div style=\"margin-top: 25px; height: 1px; margin-bottom: 25px;\" data-width=\"100%\" data-animate=\"\" data-animation-delay=\"\" data-color=\"default\" class=\"divider-border\"><\/div><\/div>[\/vc_column][\/vc_row][vc_row type=&#8221;in_container&#8221; full_screen_row_position=&#8221;middle&#8221; scene_position=&#8221;center&#8221; text_color=&#8221;dark&#8221; text_align=&#8221;left&#8221; overlay_strength=&#8221;0.3&#8243; shape_divider_position=&#8221;bottom&#8221;][vc_column column_padding=&#8221;no-extra-padding&#8221; column_padding_position=&#8221;all&#8221; background_color_opacity=&#8221;1&#8243; background_hover_color_opacity=&#8221;1&#8243; column_shadow=&#8221;none&#8221; column_border_radius=&#8221;none&#8221; top_margin=&#8221;-30&#8243; width=&#8221;1\/1&#8243; tablet_text_alignment=&#8221;default&#8221; phone_text_alignment=&#8221;default&#8221; column_border_width=&#8221;none&#8221; column_border_style=&#8221;solid&#8221;][vc_row_inner column_margin=&#8221;default&#8221; text_align=&#8221;left&#8221;][vc_column_inner column_padding=&#8221;no-extra-padding&#8221; column_padding_position=&#8221;all&#8221; background_color_opacity=&#8221;1&#8243; background_hover_color_opacity=&#8221;1&#8243; column_shadow=&#8221;none&#8221; column_border_radius=&#8221;none&#8221; width=&#8221;1\/2&#8243; column_border_width=&#8221;none&#8221; column_border_style=&#8221;solid&#8221;][nectar_image_with_hotspots image=&#8221;498&#8243; preview=&#8221;https:\/\/cityofmercy.lt\/wp-content\/uploads\/2017\/12\/PILYPAS3.jpg&#8221; color_1=&#8221;Accent-Color&#8221; hotspot_icon=&#8221;plus_sign&#8221; tooltip=&#8221;hover&#8221; tooltip_shadow=&#8221;medium_depth&#8221; animation=&#8221;true&#8221;][nectar_hotspot left=&#8221;25.4193%&#8221; top=&#8221;59.0776%&#8221; position=&#8221;right&#8221;]Wizerunek Matki Boskiej \u0141ukiskiej s\u0142yn\u0105\u0142 z cud\u00f3w w Ko\u015bciele Dominikan\u00f3w od ko\u0144ca XVII w. Ikon\u0119 t\u0105 z \u201ewalk moskiewskich\u201d przywi\u00f3z\u0142 genera\u0142 artylerii Wielkiego Ksi\u0119stwa Litewskiego, starosta \u0141o\u017adziei Maciej Korwin Gosiewski. Jego syn odda\u0142 wizerunek Dominikanom z Sejn, a ci ofiarowali Klasztorowi Dominikan\u00f3w \u015awi\u0119tych Aposto\u0142\u00f3w Filipa i Jakuba w Wilnie. Nied\u0142ugo po tym dokonywa\u0142y si\u0119 tu cuda za po\u015brednictwem wizerunku Matki Boskiej \u0141ukiskiej, opisane w ksi\u0105\u017cce pt. \u201eMistyczna fontanna\u201d w 1737 r.[\/nectar_hotspot][\/nectar_image_with_hotspots]<div class=\"divider-wrap\"><div style=\"height: 20px;\" class=\"divider\"><\/div><\/div>[vc_column_text]<strong>Ko\u015bci\u00f3\u0142 zalicza si\u0119 do<\/strong> <a href=\"https:\/\/cityofmercy.lt\/pl_PL\/marsrutai\/marijos-gerbimo-vietos\/\">Szlaku Maryjnego<\/a>, <a href=\"https:\/\/cityofmercy.lt\/pl_PL\/marsrutai\/dominikonai-vilniuje\/\">Dominika\u0144skiego w Wilnie<\/a> i <a href=\"https:\/\/cityofmercy.lt\/pl_PL\/marsrutai\/jokubo-kelias\/\">Drogi \u015bw. Jakuba<\/a>.[\/vc_column_text]<div class=\"divider-wrap\"><div style=\"height: 20px;\" class=\"divider\"><\/div><\/div>[vc_column_text]\n<div class=\"wpb_text_column wpb_content_element \" style=\"text-align: justify;\">\n<div class=\"wpb_wrapper\">\n<p>Drewniany Ko\u015bci\u00f3\u0142 \u015awi\u0119tych Aposto\u0142\u00f3w Filipa i Jakuba oraz Klasztor Dominikan\u00f3w zbudowano na\u00a0przedmie\u015bciu \u0141ukiszek w 1642 r. Obowi\u0105zkiem zakonnik\u00f3w by\u0142o za darmo chowa\u0107 ubogich i nie\u015b\u0107 im\u00a0ko\u015bcieln\u0105 pomoc. Znajdowa\u0142y si\u0119 tu w\u00f3wczas cmentarze miejskie, na kt\u00f3rych chowano n\u0119dznik\u00f3w.\u00a0Drewniany Ko\u015bci\u00f3\u0142 sp\u0142on\u0105\u0142 podczas walk z wojskami moskiewskimi , a w XVIII w. odbudowano\u00a0murowan\u0105 \u015bwi\u0105tyni\u0119, kt\u00f3ra nie zmieni\u0142a si\u0119 a\u017c po dzi\u015b dzie\u0144. W okresie komunizmu w Ko\u015bciele\u00a0urz\u0105dzono sk\u0142ad owoc\u00f3w i warzyw, p\u00f3\u017aniej \u2013 pomieszczenie gospodarcze Teatru Opery i Baletu. Do\u00a02004 r. w dawnym klasztorze dzia\u0142a\u0142 szpital.<\/p>\n<p>Wizerunek Matki Boskiej \u0141ukiskiej s\u0142yn\u0105\u0142 z cud\u00f3w w Ko\u015bciele Dominikan\u00f3w od ko\u0144ca XVII w. Ikon\u0119 t\u0105\u00a0z \u201ewalk moskiewskich\u201d przywi\u00f3z\u0142 genera\u0142 artylerii Wielkiego Ksi\u0119stwa Litewskiego, starosta \u0141o\u017adziei\u00a0Maciej Korwin Gosiewski. Nied\u0142ugo dokonywa\u0142y si\u0119 tu cuda za po\u015brednictwem wizerunku Matki\u00a0Boskiej \u0141ukiskiej, opisane w ksi\u0105\u017cce pt. \u201eMistyczna fontanna\u201d w 1737 r.<\/p>\n<p>W okresie komunizmu uwa\u017cano, \u017ce cudowna ikona zagin\u0119\u0142a, okaza\u0142o si\u0119 jednak, \u017ce jest\u00a0przechowywana w Ko\u015bciele \u015bw. Rafa\u0142a, znajduj\u0105cym si\u0119 po drugiej stronie rzeki. Po odzyskaniu przez\u00a0Litw\u0119 niepodleg\u0142o\u015bci, ikon\u0119 zwr\u00f3cono Ko\u015bcio\u0142owi \u015bw. Filipa i Jakuba, a Ko\u015bci\u00f3\u0142 przywr\u00f3cono\u00a0Dominikanom. Za\u0142o\u017cono tu generalne centrum wikariatu Dominikan\u00f3w z Bia\u0142orusi, Estonii, \u0141otwy i\u00a0Litwy. W 2015 r. po raz pierwszy zabrzmia\u0142 odrestaurowany karylion ko\u015bcielny \u2013 unikalny instrument\u00a0sk\u0142adaj\u0105cy si\u0119 z 61 dzwon\u00f3w. Jest on najwi\u0119kszy w krajach ba\u0142tyckich.<\/p>\n<\/div>\n<\/div>\n[\/vc_column_text][\/vc_column_inner][vc_column_inner column_padding=&#8221;no-extra-padding&#8221; column_padding_position=&#8221;all&#8221; background_color_opacity=&#8221;1&#8243; background_hover_color_opacity=&#8221;1&#8243; column_shadow=&#8221;none&#8221; column_border_radius=&#8221;none&#8221; width=&#8221;1\/2&#8243; column_border_width=&#8221;none&#8221; column_border_style=&#8221;solid&#8221;]<div class=\"iwithtext\"><div class=\"iwt-icon\"> <i class=\"icon-default-style icon-map-marker accent-color\"><\/i> <\/div><div class=\"iwt-text\"> <a href=\"https:\/\/goo.gl\/maps\/xaHD2LBhKoJmWstu7\" target=\"_blank\" rel=\"noopener\">ul. Vasario 16 a. 11, Wilno<\/a> <\/div><div class=\"clear\"><\/div><\/div><div class=\"iwithtext\"><div class=\"iwt-icon\"> <i class=\"icon-default-style icon-time accent-color\"><\/i> <\/div><div class=\"iwt-text\"> <strong>Ko\u015bci\u00f3\u0142 czynny<\/strong><br \/>\nI\u2013VI: 10.00\u201319.00<br \/>\nVII: 8.00\u201319.00 <\/div><div class=\"clear\"><\/div><\/div><div class=\"iwithtext\"><div class=\"iwt-icon\"> <img decoding=\"async\" src=\"https:\/\/cityofmercy.lt\/wp-content\/uploads\/2017\/12\/taurinis.png\" alt=\"\" \/> <\/div><div class=\"iwt-text\"> <strong>Msza \u015bwi\u0119ta (j. litewski)<\/strong><br \/>\nI\u2013VI: 12.00, 18.00<br \/>\nVII: 9.00, 11.00, 18.00 <\/div><div class=\"clear\"><\/div><\/div><div class=\"iwithtext\"><div class=\"iwt-icon\">  <\/div><div class=\"iwt-text\"> <strong>Msza \u015bwi\u0119ta (j. polski)<\/strong><br \/>\nVII: 16.00 <\/div><div class=\"clear\"><\/div><\/div><div class=\"iwithtext\"><div class=\"iwt-icon\"> <i class=\"icon-default-style icon-info accent-color\"><\/i> <\/div><div class=\"iwt-text\"> Brzmienie karylion\u00f3w mo\u017cna us\u0142ysze\u0107 codziennie. Mini koncerty (15 min) rozpoczynaj\u0105 si\u0119<span lang=\"pl\" tabindex=\"0\">\u00a0o 13:00 i 19:15.<\/span><br \/>\nWi\u0119cej informacji:\u00a0<a href=\"http:\/\/www.vilniauskarilionas.lt\/karilionas\/\" target=\"_blank\" rel=\"noopener\">Vilniauskarilionas.lt<\/a> <\/div><div class=\"clear\"><\/div><\/div><div class=\"iwithtext\"><div class=\"iwt-icon\"> <i class=\"icon-default-style icon-phone accent-color\"><\/i> <\/div><div class=\"iwt-text\"> +370 5 212 46 11 <\/div><div class=\"clear\"><\/div><\/div><div class=\"iwithtext\"><div class=\"iwt-icon\"> <i class=\"icon-default-style icon-envelope accent-color\"><\/i> <\/div><div class=\"iwt-text\"> rastine.dominikonai@gmail.com <\/div><div class=\"clear\"><\/div><\/div><div class=\"iwithtext\"><div class=\"iwt-icon\"> <i class=\"icon-default-style icon-globe accent-color\"><\/i> <\/div><div class=\"iwt-text\"> <a href=\"http:\/\/www.dominikonai.lt\" target=\"_blank\" rel=\"noopener\">www.dominikonai.lt<\/a> <\/div><div class=\"clear\"><\/div><\/div>[\/vc_column_inner][\/vc_row_inner][\/vc_column][\/vc_row][vc_row type=&#8221;in_container&#8221; full_screen_row_position=&#8221;middle&#8221; scene_position=&#8221;center&#8221; text_color=&#8221;dark&#8221; text_align=&#8221;left&#8221; overlay_strength=&#8221;0.3&#8243; shape_divider_position=&#8221;bottom&#8221;][vc_column column_padding=&#8221;no-extra-padding&#8221; column_padding_position=&#8221;all&#8221; background_color_opacity=&#8221;1&#8243; background_hover_color_opacity=&#8221;1&#8243; column_shadow=&#8221;none&#8221; column_border_radius=&#8221;none&#8221; width=&#8221;1\/1&#8243; tablet_text_alignment=&#8221;default&#8221; phone_text_alignment=&#8221;default&#8221; column_border_width=&#8221;none&#8221; column_border_style=&#8221;solid&#8221;]<div class=\"divider-wrap\"><div style=\"height: 200px;\" class=\"divider\"><\/div><\/div>[\/vc_column][\/vc_row]\n","protected":false},"excerpt":{"rendered":"<p>[vc_row type=&#8221;in_container&#8221; full_screen_row_position=&#8221;middle&#8221; scene_position=&#8221;center&#8221; text_color=&#8221;dark&#8221; text_align=&#8221;left&#8221; overlay_strength=&#8221;0.3&#8243; shape_divider_position=&#8221;bottom&#8221;][vc_column centered_text=&#8221;true&#8221; column_padding=&#8221;no-extra-padding&#8221; column_&#8230;<\/p>\n","protected":false},"author":2,"featured_media":287,"parent":38,"menu_order":0,"comment_status":"closed","ping_status":"closed","template":"","meta":{"footnotes":""},"class_list":["post-120","page","type-page","status-publish","has-post-thumbnail","hentry"],"_links":{"self":[{"href":"https:\/\/cityofmercy.lt\/pl_PL\/wp-json\/wp\/v2\/pages\/120","targetHints":{"allow":["GET"]}}],"collection":[{"href":"https:\/\/cityofmercy.lt\/pl_PL\/wp-json\/wp\/v2\/pages"}],"about":[{"href":"https:\/\/cityofmercy.lt\/pl_PL\/wp-json\/wp\/v2\/types\/page"}],"author":[{"embeddable":true,"href":"https:\/\/cityofmercy.lt\/pl_PL\/wp-json\/wp\/v2\/users\/2"}],"replies":[{"embeddable":true,"href":"https:\/\/cityofmercy.lt\/pl_PL\/wp-json\/wp\/v2\/comments?post=120"}],"version-history":[{"count":64,"href":"https:\/\/cityofmercy.lt\/pl_PL\/wp-json\/wp\/v2\/pages\/120\/revisions"}],"predecessor-version":[{"id":6038,"href":"https:\/\/cityofmercy.lt\/pl_PL\/wp-json\/wp\/v2\/pages\/120\/revisions\/6038"}],"up":[{"embeddable":true,"href":"https:\/\/cityofmercy.lt\/pl_PL\/wp-json\/wp\/v2\/pages\/38"}],"wp:featuredmedia":[{"embeddable":true,"href":"https:\/\/cityofmercy.lt\/pl_PL\/wp-json\/wp\/v2\/media\/287"}],"wp:attachment":[{"href":"https:\/\/cityofmercy.lt\/pl_PL\/wp-json\/wp\/v2\/media?parent=120"}],"curies":[{"name":"wp","href":"https:\/\/api.w.org\/{rel}","templated":true}]}}