{"id":118,"date":"2017-11-30T16:04:04","date_gmt":"2017-11-30T16:04:04","guid":{"rendered":"http:\/\/cityofmercy.lt\/?page_id=118"},"modified":"2021-05-27T14:02:59","modified_gmt":"2021-05-27T11:02:59","slug":"pal-m-sopockos-baznycia","status":"publish","type":"page","link":"https:\/\/cityofmercy.lt\/pl_PL\/objektai\/pal-m-sopockos-baznycia\/","title":{"rendered":"Ko\u015bci\u00f3\u0142 b\u0142. Micha\u0142a Sopo\u0107ki w Czarnym Borze"},"content":{"rendered":"[vc_row type=&#8221;in_container&#8221; full_screen_row_position=&#8221;middle&#8221; scene_position=&#8221;center&#8221; text_color=&#8221;dark&#8221; text_align=&#8221;left&#8221; overlay_strength=&#8221;0.3&#8243; shape_divider_position=&#8221;bottom&#8221;][vc_column centered_text=&#8221;true&#8221; column_padding=&#8221;no-extra-padding&#8221; column_padding_position=&#8221;all&#8221; background_color_opacity=&#8221;1&#8243; background_hover_color_opacity=&#8221;1&#8243; column_shadow=&#8221;none&#8221; column_border_radius=&#8221;none&#8221; width=&#8221;1\/1&#8243; tablet_text_alignment=&#8221;default&#8221; phone_text_alignment=&#8221;default&#8221; column_border_width=&#8221;none&#8221; column_border_style=&#8221;solid&#8221;][vc_column_text]\n<h4><strong>Ko\u015bci\u00f3\u0142 b\u0142. Micha\u0142a Sopo\u0107ki w Czarnym Borze<\/strong><\/h4>\n[\/vc_column_text]<div class=\"divider-wrap\"><div style=\"margin-top: 25px; height: 1px; margin-bottom: 25px;\" data-width=\"100%\" data-animate=\"\" data-animation-delay=\"\" data-color=\"default\" class=\"divider-border\"><\/div><\/div>[\/vc_column][\/vc_row][vc_row type=&#8221;in_container&#8221; full_screen_row_position=&#8221;middle&#8221; scene_position=&#8221;center&#8221; text_color=&#8221;dark&#8221; text_align=&#8221;left&#8221; overlay_strength=&#8221;0.3&#8243; shape_divider_position=&#8221;bottom&#8221;][vc_column column_padding=&#8221;no-extra-padding&#8221; column_padding_position=&#8221;all&#8221; background_color_opacity=&#8221;1&#8243; background_hover_color_opacity=&#8221;1&#8243; column_shadow=&#8221;none&#8221; column_border_radius=&#8221;none&#8221; top_margin=&#8221;-30&#8243; width=&#8221;1\/1&#8243; tablet_text_alignment=&#8221;default&#8221; phone_text_alignment=&#8221;default&#8221; column_border_width=&#8221;none&#8221; column_border_style=&#8221;solid&#8221;][vc_row_inner column_margin=&#8221;default&#8221; text_align=&#8221;left&#8221;][vc_column_inner column_padding=&#8221;no-extra-padding&#8221; column_padding_position=&#8221;all&#8221; background_color_opacity=&#8221;1&#8243; background_hover_color_opacity=&#8221;1&#8243; column_shadow=&#8221;none&#8221; column_border_radius=&#8221;none&#8221; width=&#8221;1\/2&#8243; column_border_width=&#8221;none&#8221; column_border_style=&#8221;solid&#8221;][nectar_image_with_hotspots image=&#8221;487&#8243; preview=&#8221;https:\/\/cityofmercy.lt\/wp-content\/uploads\/2017\/12\/JUOD\u0160ILIAI2-1.jpg&#8221; color_1=&#8221;Accent-Color&#8221; hotspot_icon=&#8221;plus_sign&#8221; tooltip=&#8221;hover&#8221; tooltip_shadow=&#8221;medium_depth&#8221; animation=&#8221;true&#8221;][nectar_hotspot left=&#8221;53.86160714285714%&#8221; top=&#8221;60.41188837920489%&#8221; position=&#8221;right&#8221;]W o\u0142tarzu g\u0142\u00f3wnym widnieje Wile\u0144ska Bazylika Archikatedralna i Trzy Krzy\u017ce.[\/nectar_hotspot][\/nectar_image_with_hotspots]<div class=\"divider-wrap\"><div style=\"height: 20px;\" class=\"divider\"><\/div><\/div>[vc_column_text]<b>Ko\u015bci\u00f3\u0142 zalicza si\u0119 do <\/b><a href=\"https:\/\/cityofmercy.lt\/marsrutai\/gailestingumo-kelias\/\" target=\"_blank\" rel=\"noopener\"><b>Szlaku Bo\u017cego Mi\u0142osierdzia<\/b><\/a>.[\/vc_column_text]<div class=\"divider-wrap\"><div style=\"height: 20px;\" class=\"divider\"><\/div><\/div>[vc_column_text]\n<div class=\"wpb_text_column wpb_content_element \" style=\"text-align: justify;\">\n<div class=\"wpb_wrapper\">\n<p>W latach 1924-1946 w Czarnym Borze dzia\u0142a\u0142 klasztor Zgromadzenia Si\u00f3str Urszulanek Serca Jezusa\u00a0Konaj\u0105cego. Siostry Urszulanki przygarn\u0119\u0142y do siebie <a href=\"https:\/\/cityofmercy.lt\/pl_PL\/marsrutai\/vilniaus-sventieji\/\" target=\"_blank\" rel=\"noopener\">b\u0142. M. Sopo\u0107k\u0119<\/a>, kt\u00f3ry w Czarnym Borze ukrywa\u0142\u00a0si\u0119 przed gro\u017c\u0105cym mu aresztem nazistowskim w latach 1942-1944. Mieszka\u0142 w budynku nazywanym\u00a0\u201eOpatrzno\u015bci\u0105\u201d (ul. M. Sopo\u0107ki 16), otrzyma\u0142 fa\u0142szywy dow\u00f3d osobisty na nazwisko Wac\u0142awa Rodziewicza.\u00a0Dla b\u0142. ks. M. Sopo\u0107ki by\u0142 to czas modlitwy, przemy\u015ble\u0144, pracy naukowej. Aby nie zwraca\u0107 na siebie\u00a0uwagi okolicznych, podj\u0105\u0142 prac\u0119 jako stolarz, dlatego miejscowi mieszka\u0144cy Czarnego Boru pami\u0119tali\u00a0o nim jako o dobrym stolarzu.<\/p>\n<p>Budow\u0119 Ko\u015bcio\u0142a w Czarnym Borze rozpocz\u0119to w 1936 r. z inicjatywy Si\u00f3str Urszulanek, jednak z\u00a0powodu II Wojny \u015a<b><\/b>wiatowej wstrzymano prace, p\u00f3\u017aniej w tym miejscu za\u0142o\u017cono szpital. Obecny\u00a0Ko\u015bci\u00f3\u0142 wzniesiono w spalonej cz\u0119\u015bci kompleksu szpitalnego w 2007 r. W 2016 r. konsekrowano\u00a0Ko\u015bci\u00f3\u0142 nadaj\u0105c mu tytu\u0142 b\u0142. Micha\u0142a Sopo\u0107ki.<\/p>\n<p>W Czarnym Borze Siostry Urszulanki opiekowa\u0142y si\u0119\u00a0tak\u017ce przytu\u0142kiem dla dzieci, mia\u0142y do dyspozycji niema\u0142e gospodarstwo, szko\u0142\u0119 rolnicz\u0105,\u00a0ambulatorium, mleczarni\u0119, piekarni\u0119 ze sklepem. Urszulanki pracowa\u0142y w szkole og\u00f3lnokszta\u0142c\u0105cej.\u00a0W latach 1924-1939 w Czarnym Borze niejednokrotnie go\u015bci\u0142a za\u0142o\u017cycielka Zgromadzenia \u015bw. Urszula\u00a0Led\u00f3chowska. Po II Wojnie \u015awiatowej Siostry wyjecha\u0142y do Polski, a o \u017cyciu i pracy Urszulanek w\u00a0Czarnym Borze przypomina cmentarz si\u00f3str zakonnych i Gimnazjum im. \u015bw. Urszuli Led\u00f3chowskiej w\u00a0Czarnym Borze.<\/p>\n<\/div>\n<\/div>\n[\/vc_column_text][\/vc_column_inner][vc_column_inner column_padding=&#8221;no-extra-padding&#8221; column_padding_position=&#8221;all&#8221; background_color_opacity=&#8221;1&#8243; background_hover_color_opacity=&#8221;1&#8243; column_shadow=&#8221;none&#8221; column_border_radius=&#8221;none&#8221; width=&#8221;1\/2&#8243; column_border_width=&#8221;none&#8221; column_border_style=&#8221;solid&#8221;]<div class=\"iwithtext\"><div class=\"iwt-icon\"> <i class=\"icon-default-style icon-map-marker accent-color\"><\/i> <\/div><div class=\"iwt-text\"> <a href=\"https:\/\/goo.gl\/maps\/WTDWLCDdPNAbBuW78\" target=\"_blank\" rel=\"noopener\">ul. \u0160v. Ur\u0161ul\u0117s 25, Czarny B\u00f3r, rej. Wile\u0144ski<\/a> <\/div><div class=\"clear\"><\/div><\/div><div class=\"iwithtext\"><div class=\"iwt-icon\"> <i class=\"icon-default-style icon-info accent-color\"><\/i> <\/div><div class=\"iwt-text\"> Mieszkanie b\u0142. Micha\u0142a Sopo\u0107ki w budynku nazywanym \u201eOpatrzno\u015bci\u0105\u201d, w kt\u00f3rym w czasie wojny od 03-03-1942 do 14-08-1944 r. ukrywa\u0142 si\u0119 pod przybranym nazwiskiem jako Wac\u0142aw Rodziewicz, \u00a0<a href=\"https:\/\/goo.gl\/maps\/1pARGvV4RixsJjZg7\" target=\"_blank\" rel=\"noopener\">ul. M. Sopo\u0107ki 16.<\/a> <\/div><div class=\"clear\"><\/div><\/div><div class=\"iwithtext\"><div class=\"iwt-icon\"> <img decoding=\"async\" src=\"https:\/\/cityofmercy.lt\/wp-content\/uploads\/2017\/12\/taurinis.png\" alt=\"\" \/> <\/div><div class=\"iwt-text\"> <strong>Msza \u015bwi\u0119ta (j. litewski)<\/strong><br \/>\nIII, V: 17.00<br \/>\nVII: 12.00 <\/div><div class=\"clear\"><\/div><\/div><div class=\"iwithtext\"><div class=\"iwt-icon\">  <\/div><div class=\"iwt-text\"> <strong>Msza \u015bwi\u0119ta (j. polski)<\/strong><br \/>\nIII, V: 18.00<br \/>\nVII: 10.00 <\/div><div class=\"clear\"><\/div><\/div><div class=\"iwithtext\"><div class=\"iwt-icon\"> <i class=\"icon-default-style icon-envelope accent-color\"><\/i> <\/div><div class=\"iwt-text\"> vaidotuparapija@gmail.com <\/div><div class=\"clear\"><\/div><\/div>[\/vc_column_inner][\/vc_row_inner][\/vc_column][\/vc_row][vc_row type=&#8221;in_container&#8221; full_screen_row_position=&#8221;middle&#8221; scene_position=&#8221;center&#8221; text_color=&#8221;dark&#8221; text_align=&#8221;left&#8221; overlay_strength=&#8221;0.3&#8243; shape_divider_position=&#8221;bottom&#8221;][vc_column column_padding=&#8221;no-extra-padding&#8221; column_padding_position=&#8221;all&#8221; background_color_opacity=&#8221;1&#8243; background_hover_color_opacity=&#8221;1&#8243; column_shadow=&#8221;none&#8221; column_border_radius=&#8221;none&#8221; width=&#8221;1\/1&#8243; tablet_text_alignment=&#8221;default&#8221; phone_text_alignment=&#8221;default&#8221; column_border_width=&#8221;none&#8221; column_border_style=&#8221;solid&#8221;]<div class=\"divider-wrap\"><div style=\"height: 200px;\" class=\"divider\"><\/div><\/div>[\/vc_column][\/vc_row]\n","protected":false},"excerpt":{"rendered":"<p>[vc_row type=&#8221;in_container&#8221; full_screen_row_position=&#8221;middle&#8221; scene_position=&#8221;center&#8221; text_color=&#8221;dark&#8221; text_align=&#8221;left&#8221; overlay_strength=&#8221;0.3&#8243; shape_divider_position=&#8221;bottom&#8221;][vc_column centered_text=&#8221;true&#8221; column_padding=&#8221;no-extra-padding&#8221; column_&#8230;<\/p>\n","protected":false},"author":2,"featured_media":280,"parent":38,"menu_order":0,"comment_status":"closed","ping_status":"closed","template":"","meta":{"footnotes":""},"class_list":["post-118","page","type-page","status-publish","has-post-thumbnail","hentry"],"_links":{"self":[{"href":"https:\/\/cityofmercy.lt\/pl_PL\/wp-json\/wp\/v2\/pages\/118","targetHints":{"allow":["GET"]}}],"collection":[{"href":"https:\/\/cityofmercy.lt\/pl_PL\/wp-json\/wp\/v2\/pages"}],"about":[{"href":"https:\/\/cityofmercy.lt\/pl_PL\/wp-json\/wp\/v2\/types\/page"}],"author":[{"embeddable":true,"href":"https:\/\/cityofmercy.lt\/pl_PL\/wp-json\/wp\/v2\/users\/2"}],"replies":[{"embeddable":true,"href":"https:\/\/cityofmercy.lt\/pl_PL\/wp-json\/wp\/v2\/comments?post=118"}],"version-history":[{"count":81,"href":"https:\/\/cityofmercy.lt\/pl_PL\/wp-json\/wp\/v2\/pages\/118\/revisions"}],"predecessor-version":[{"id":6733,"href":"https:\/\/cityofmercy.lt\/pl_PL\/wp-json\/wp\/v2\/pages\/118\/revisions\/6733"}],"up":[{"embeddable":true,"href":"https:\/\/cityofmercy.lt\/pl_PL\/wp-json\/wp\/v2\/pages\/38"}],"wp:featuredmedia":[{"embeddable":true,"href":"https:\/\/cityofmercy.lt\/pl_PL\/wp-json\/wp\/v2\/media\/280"}],"wp:attachment":[{"href":"https:\/\/cityofmercy.lt\/pl_PL\/wp-json\/wp\/v2\/media?parent=118"}],"curies":[{"name":"wp","href":"https:\/\/api.w.org\/{rel}","templated":true}]}}