{"id":116,"date":"2017-11-30T16:02:57","date_gmt":"2017-11-30T16:02:57","guid":{"rendered":"http:\/\/cityofmercy.lt\/?page_id=116"},"modified":"2021-05-27T16:04:39","modified_gmt":"2021-05-27T13:04:39","slug":"isganytojo-baznycia-ir-sv-jono-broliu-vienuolynas","status":"publish","type":"page","link":"https:\/\/cityofmercy.lt\/pl_PL\/objektai\/isganytojo-baznycia-ir-sv-jono-broliu-vienuolynas\/","title":{"rendered":"Ko\u015bci\u00f3\u0142 Zbawiciela przy Klasztorze Braci \u015bw. Jana"},"content":{"rendered":"[vc_row type=&#8221;in_container&#8221; full_screen_row_position=&#8221;middle&#8221; scene_position=&#8221;center&#8221; text_color=&#8221;dark&#8221; text_align=&#8221;left&#8221; overlay_strength=&#8221;0.3&#8243; shape_divider_position=&#8221;bottom&#8221;][vc_column centered_text=&#8221;true&#8221; column_padding=&#8221;no-extra-padding&#8221; column_padding_position=&#8221;all&#8221; background_color_opacity=&#8221;1&#8243; background_hover_color_opacity=&#8221;1&#8243; column_shadow=&#8221;none&#8221; column_border_radius=&#8221;none&#8221; width=&#8221;1\/1&#8243; tablet_text_alignment=&#8221;default&#8221; phone_text_alignment=&#8221;default&#8221; column_border_width=&#8221;none&#8221; column_border_style=&#8221;solid&#8221;][vc_column_text]\n<h4><strong>Ko\u015bci\u00f3\u0142 Zbawiciela przy Klasztorze Braci \u015bw. Jana<\/strong><\/h4>\n[\/vc_column_text]<div class=\"divider-wrap\"><div style=\"margin-top: 25px; height: 1px; margin-bottom: 25px;\" data-width=\"100%\" data-animate=\"\" data-animation-delay=\"\" data-color=\"default\" class=\"divider-border\"><\/div><\/div>[\/vc_column][\/vc_row][vc_row type=&#8221;in_container&#8221; full_screen_row_position=&#8221;middle&#8221; scene_position=&#8221;center&#8221; text_color=&#8221;dark&#8221; text_align=&#8221;left&#8221; overlay_strength=&#8221;0.3&#8243; shape_divider_position=&#8221;bottom&#8221;][vc_column column_padding=&#8221;no-extra-padding&#8221; column_padding_position=&#8221;all&#8221; background_color_opacity=&#8221;1&#8243; background_hover_color_opacity=&#8221;1&#8243; column_shadow=&#8221;none&#8221; column_border_radius=&#8221;none&#8221; top_margin=&#8221;-30&#8243; width=&#8221;1\/1&#8243; tablet_text_alignment=&#8221;default&#8221; phone_text_alignment=&#8221;default&#8221; column_border_width=&#8221;none&#8221; column_border_style=&#8221;solid&#8221;][vc_row_inner column_margin=&#8221;default&#8221; text_align=&#8221;left&#8221;][vc_column_inner column_padding=&#8221;no-extra-padding&#8221; column_padding_position=&#8221;all&#8221; background_color_opacity=&#8221;1&#8243; background_hover_color_opacity=&#8221;1&#8243; column_shadow=&#8221;none&#8221; column_border_radius=&#8221;none&#8221; width=&#8221;1\/2&#8243; column_border_width=&#8221;none&#8221; column_border_style=&#8221;solid&#8221;][nectar_image_with_hotspots image=&#8221;6013&#8243; preview=&#8221;https:\/\/cityofmercy.lt\/wp-content\/uploads\/2021\/01\/Joanitai-1.jpg&#8221; color_1=&#8221;Accent-Color&#8221; hotspot_icon=&#8221;plus_sign&#8221; tooltip=&#8221;hover&#8221; tooltip_shadow=&#8221;medium_depth&#8221; animation=&#8221;true&#8221;][nectar_hotspot left=&#8221;58.25255102040816%&#8221; top=&#8221;62.52389143730886%&#8221; position=&#8221;top&#8221;]W o\u0142tarzu g\u0142\u00f3wnym Ko\u015bcio\u0142a \u2013 Ukrzy\u017cowany Jezus Chrystus i obraz Ostrobramskiej Matki Mi\u0142osierdzia. Bracia \u015bw. Jana d\u0105\u017c\u0105 za wzorem \u017cycia Jana Aposto\u0142a i Ewangelisty, umi\u0142owanego ucznia Jezusa Chrystusa. W swoim apostolstwie bracia staraj\u0105 si\u0119 pozosta\u0107 wierni swojemu Nauczycielowi i realizowa\u0107 swoje \u017cycie w blisko\u015bci Jego Matki.[\/nectar_hotspot][\/nectar_image_with_hotspots][vc_column_text][\/vc_column_text]<div class=\"divider-wrap\"><div style=\"height: 20px;\" class=\"divider\"><\/div><\/div>[vc_column_text]\n<p style=\"text-align: justify;\">Trynitarze pojawili si\u0119 w Wilnie w 1693 r. W czasach wypraw krzy\u017cowych celem zakonu mia\u0142o by\u0107\u00a0wykupywanie chrze\u015bcijan z niewoli innowierc\u00f3w. Do Wilna przyby\u0142 zreformowany od\u0142am wsp\u00f3lnoty\u00a0zakonnej. Podczas wojny z Turkami, odbywaj\u0105cej si\u0119 na terenie Litwy i Polski, kr\u00f3l Jan Sobieski wzi\u0105\u0142\u00a0ich pod swoje skrzyd\u0142a. Z inicjatywy hetmana Wielkiego Ksi\u0119stwa Litewskiego oraz wojewody\u00a0Kazimierza Jana Sapiehy zbudowano zakonnikom wytworny Ko\u015bci\u00f3\u0142 i klasztor na przedmie\u015bciu Wilna,\u00a0na terenie rezydencji Sapieh\u00f3w. Ko\u015bci\u00f3\u0142 konsekrowano i nadano mu tytu\u0142 Naj\u015bwi\u0119tszego Odkupiciela\u00a0Jezusa Nazarejczyka w 1716 r.<\/p>\n<p style=\"text-align: justify;\">Ko\u015bci\u00f3\u0142 s\u0142yn\u0105\u0142 z cudownej rze\u017aby Jezusa Nazarejczyka, wykonanej w Rzymie na wz\u00f3r cudownego\u00a0wizerunku Ecce Homo, przechowywanego w Madrycie (obecnie rze\u017aba znajduje si\u0119 w Ko\u015bciele\u00a0\u015bw. Piotra i Paw\u0142a). Takie rze\u017aby by\u0142y umieszczane w wielkim o\u0142tarzu we wszystkich Ko\u015bcio\u0142ach\u00a0Trynitarzy. Architektura Ko\u015bcio\u0142a i zachowane fragmenty jego dekoracji przypominaj\u0105 dzia\u0142alno\u015b\u0107\u00a0Trynitarzy i \u015bwiadcz\u0105 o wysokim poziomie kultury artystycznej fundator\u00f3w. Umieszczona na g\u0142\u00f3wnej\u00a0fasadzie Ko\u015bcio\u0142a grupa rze\u017abiarska, symbolizuje dzia\u0142alno\u015b\u0107 Trynitarzy: dw\u00f3ch chrze\u015bcija\u0144skich\u00a0\u017co\u0142nierzy, kt\u00f3rzy dostali si\u0119 do niewoli innowierc\u00f3w oraz uspokajaj\u0105cego ich anio\u0142a.<\/p>\n<p style=\"text-align: justify;\">W XIX w. carat zamkn\u0105\u0142 wszystkie klasztory Trynitarzy, a Ko\u015bcio\u0142y zamieni\u0142 na cerkwie. Zburzono\u00a0boczne o\u0142tarze Ko\u015bcio\u0142a Trynitarzy na Antokolu oraz pozosta\u0142e elementy wn\u0119trza Ko\u015bcio\u0142a, w\u00a0klasztorze urz\u0105dzono koszary. W okresie mi\u0119dzywojennym w budynkach klasztoru znajdowa\u0142 si\u0119\u00a0szpital uniwersytecki. W okresie komunizmu w Ko\u015bciele za\u0142o\u017cono sk\u0142ad wojskowy. Od 1993 r.\u00a0w kompleksie klasztornym dzia\u0142a\u0142o Wile\u0144skie Seminarium Duchowne. W 2000 r. osiedli\u0142a si\u0119 tu\u00a0wsp\u00f3lnota zakonna Braci i Si\u00f3str \u015bw. Jana i \u015bw. Jana Teologa, wok\u00f3\u0142 kt\u00f3rej zgromadzi\u0142a si\u0119 \u017cywa i\u00a0aktywna wsp\u00f3lnota \u015bwieckich.<\/p>\n[\/vc_column_text][\/vc_column_inner][vc_column_inner column_padding=&#8221;no-extra-padding&#8221; column_padding_position=&#8221;all&#8221; background_color_opacity=&#8221;1&#8243; background_hover_color_opacity=&#8221;1&#8243; column_shadow=&#8221;none&#8221; column_border_radius=&#8221;none&#8221; width=&#8221;1\/2&#8243; column_border_width=&#8221;none&#8221; column_border_style=&#8221;solid&#8221;]<div class=\"iwithtext\"><div class=\"iwt-icon\"> <i class=\"icon-default-style icon-map-marker accent-color\"><\/i> <\/div><div class=\"iwt-text\"> <a href=\"https:\/\/www.google.com\/maps\/search\/Antakalnio+g.+1%2F1,+Vilnius\/@54.6828121,25.2898742,17z\" target=\"_blank\" rel=\"noopener\">ul. Antakalnio 27, Wilno<\/a> <\/div><div class=\"clear\"><\/div><\/div><div class=\"iwithtext\"><div class=\"iwt-icon\"> <img decoding=\"async\" src=\"https:\/\/cityofmercy.lt\/wp-content\/uploads\/2017\/12\/taurinis.png\" alt=\"\" \/> <\/div><div class=\"iwt-text\"> <strong>Msza \u015bwi\u0119ta (j. litewski)<\/strong><br \/>\nII, III, V: 18.30<br \/>\nVI: 11.30<br \/>\nVII: 10.00, 12.00 <\/div><div class=\"clear\"><\/div><\/div><div class=\"iwithtext\"><div class=\"iwt-icon\">  <\/div><div class=\"iwt-text\"> <strong>Msza \u015bwi\u0119ta (j. polski)<\/strong><br \/>\nVII: 18.30 <\/div><div class=\"clear\"><\/div><\/div><div class=\"iwithtext\"><div class=\"iwt-icon\"> <i class=\"icon-default-style icon-phone accent-color\"><\/i> <\/div><div class=\"iwt-text\"> +370 5 268 55 72 <\/div><div class=\"clear\"><\/div><\/div><div class=\"iwithtext\"><div class=\"iwt-icon\"> <i class=\"icon-default-style icon-globe accent-color\"><\/i> <\/div><div class=\"iwt-text\"> <a href=\"http:\/\/www.joanitai.org\" target=\"_blank\" rel=\"noopener\">www.joanitai.org<\/a> <\/div><div class=\"clear\"><\/div><\/div>[\/vc_column_inner][\/vc_row_inner][\/vc_column][\/vc_row][vc_row type=&#8221;in_container&#8221; full_screen_row_position=&#8221;middle&#8221; scene_position=&#8221;center&#8221; text_color=&#8221;dark&#8221; text_align=&#8221;left&#8221; overlay_strength=&#8221;0.3&#8243; shape_divider_position=&#8221;bottom&#8221;][vc_column column_padding=&#8221;no-extra-padding&#8221; column_padding_position=&#8221;all&#8221; background_color_opacity=&#8221;1&#8243; background_hover_color_opacity=&#8221;1&#8243; column_shadow=&#8221;none&#8221; column_border_radius=&#8221;none&#8221; width=&#8221;1\/1&#8243; tablet_text_alignment=&#8221;default&#8221; phone_text_alignment=&#8221;default&#8221; column_border_width=&#8221;none&#8221; column_border_style=&#8221;solid&#8221;]<div class=\"divider-wrap\"><div style=\"height: 200px;\" class=\"divider\"><\/div><\/div>[\/vc_column][\/vc_row]\n","protected":false},"excerpt":{"rendered":"<p>[vc_row type=&#8221;in_container&#8221; full_screen_row_position=&#8221;middle&#8221; scene_position=&#8221;center&#8221; text_color=&#8221;dark&#8221; text_align=&#8221;left&#8221; overlay_strength=&#8221;0.3&#8243; shape_divider_position=&#8221;bottom&#8221;][vc_column centered_text=&#8221;true&#8221; column_padding=&#8221;no-extra-padding&#8221; column_&#8230;<\/p>\n","protected":false},"author":2,"featured_media":484,"parent":38,"menu_order":0,"comment_status":"closed","ping_status":"closed","template":"","meta":{"footnotes":""},"class_list":["post-116","page","type-page","status-publish","has-post-thumbnail","hentry"],"_links":{"self":[{"href":"https:\/\/cityofmercy.lt\/pl_PL\/wp-json\/wp\/v2\/pages\/116","targetHints":{"allow":["GET"]}}],"collection":[{"href":"https:\/\/cityofmercy.lt\/pl_PL\/wp-json\/wp\/v2\/pages"}],"about":[{"href":"https:\/\/cityofmercy.lt\/pl_PL\/wp-json\/wp\/v2\/types\/page"}],"author":[{"embeddable":true,"href":"https:\/\/cityofmercy.lt\/pl_PL\/wp-json\/wp\/v2\/users\/2"}],"replies":[{"embeddable":true,"href":"https:\/\/cityofmercy.lt\/pl_PL\/wp-json\/wp\/v2\/comments?post=116"}],"version-history":[{"count":56,"href":"https:\/\/cityofmercy.lt\/pl_PL\/wp-json\/wp\/v2\/pages\/116\/revisions"}],"predecessor-version":[{"id":6019,"href":"https:\/\/cityofmercy.lt\/pl_PL\/wp-json\/wp\/v2\/pages\/116\/revisions\/6019"}],"up":[{"embeddable":true,"href":"https:\/\/cityofmercy.lt\/pl_PL\/wp-json\/wp\/v2\/pages\/38"}],"wp:featuredmedia":[{"embeddable":true,"href":"https:\/\/cityofmercy.lt\/pl_PL\/wp-json\/wp\/v2\/media\/484"}],"wp:attachment":[{"href":"https:\/\/cityofmercy.lt\/pl_PL\/wp-json\/wp\/v2\/media?parent=116"}],"curies":[{"name":"wp","href":"https:\/\/api.w.org\/{rel}","templated":true}]}}