{"id":113,"date":"2017-11-30T16:02:18","date_gmt":"2017-11-30T16:02:18","guid":{"rendered":"http:\/\/cityofmercy.lt\/?page_id=113"},"modified":"2021-05-27T16:19:53","modified_gmt":"2021-05-27T13:19:53","slug":"gailestingojo-jezaus-seseru-vienuolynas-buvusio-vizitieciu-vienuolyno-pastatai","status":"publish","type":"page","link":"https:\/\/cityofmercy.lt\/pl_PL\/objektai\/gailestingojo-jezaus-seseru-vienuolynas-buvusio-vizitieciu-vienuolyno-pastatai\/","title":{"rendered":"Zgromadzenie Si\u00f3str Jezusa Mi\u0142osiernego"},"content":{"rendered":"[vc_row type=&#8221;in_container&#8221; full_screen_row_position=&#8221;middle&#8221; scene_position=&#8221;center&#8221; text_color=&#8221;dark&#8221; text_align=&#8221;left&#8221; overlay_strength=&#8221;0.3&#8243; shape_divider_position=&#8221;bottom&#8221;][vc_column centered_text=&#8221;true&#8221; column_padding=&#8221;no-extra-padding&#8221; column_padding_position=&#8221;all&#8221; background_color_opacity=&#8221;1&#8243; background_hover_color_opacity=&#8221;1&#8243; column_shadow=&#8221;none&#8221; column_border_radius=&#8221;none&#8221; width=&#8221;1\/1&#8243; tablet_text_alignment=&#8221;default&#8221; phone_text_alignment=&#8221;default&#8221; column_border_width=&#8221;none&#8221; column_border_style=&#8221;solid&#8221;][vc_column_text]\n<h4><strong>Zgromadzenie Si\u00f3str Jezusa Mi\u0142osiernego (budynki dawnego klasztoru Si\u00f3str Wizytek)<\/strong><\/h4>\n[\/vc_column_text]<div class=\"divider-wrap\"><div style=\"margin-top: 25px; height: 1px; margin-bottom: 25px;\" data-width=\"100%\" data-animate=\"\" data-animation-delay=\"\" data-color=\"default\" class=\"divider-border\"><\/div><\/div>[\/vc_column][\/vc_row][vc_row type=&#8221;in_container&#8221; full_screen_row_position=&#8221;middle&#8221; scene_position=&#8221;center&#8221; text_color=&#8221;dark&#8221; text_align=&#8221;left&#8221; overlay_strength=&#8221;0.3&#8243; shape_divider_position=&#8221;bottom&#8221;][vc_column column_padding=&#8221;no-extra-padding&#8221; column_padding_position=&#8221;all&#8221; background_color_opacity=&#8221;1&#8243; background_hover_color_opacity=&#8221;1&#8243; column_shadow=&#8221;none&#8221; column_border_radius=&#8221;none&#8221; top_margin=&#8221;-30&#8243; width=&#8221;1\/1&#8243; tablet_text_alignment=&#8221;default&#8221; phone_text_alignment=&#8221;default&#8221; column_border_width=&#8221;none&#8221; column_border_style=&#8221;solid&#8221;][vc_row_inner column_margin=&#8221;default&#8221; text_align=&#8221;left&#8221;][vc_column_inner column_padding=&#8221;no-extra-padding&#8221; column_padding_position=&#8221;all&#8221; background_color_opacity=&#8221;1&#8243; background_hover_color_opacity=&#8221;1&#8243; column_shadow=&#8221;none&#8221; column_border_radius=&#8221;none&#8221; width=&#8221;1\/2&#8243; column_border_width=&#8221;none&#8221; column_border_style=&#8221;solid&#8221;][nectar_image_with_hotspots image=&#8221;500&#8243; preview=&#8221;http:\/\/cityofmercy.lt\/wp-content\/uploads\/2017\/12\/SESERU.jpg&#8221; color_1=&#8221;Accent-Color&#8221; hotspot_icon=&#8221;plus_sign&#8221; tooltip=&#8221;hover&#8221; tooltip_shadow=&#8221;medium_depth&#8221; animation=&#8221;true&#8221;][nectar_hotspot left=&#8221;35.07686910889184%&#8221; top=&#8221;53.14989389863404%&#8221; position=&#8221;right&#8221;]W tym pomieszczeniu znajdowa\u0142a si\u0119 pracownia Eugeniusza Kazimirowskiego, kt\u00f3ry w\u0142a\u015bnie tu w 1934 r. namalowa\u0142 Obraz Jezusa Mi\u0142osiernego. Obecnie mie\u015bci si\u0119 tu kaplica domu zakonnego Si\u00f3str Jezusa Mi\u0142osiernego.[\/nectar_hotspot][\/nectar_image_with_hotspots]<div class=\"divider-wrap\"><div style=\"height: 20px;\" class=\"divider\"><\/div><\/div>[vc_column_text]<strong>Obiekt zalicza si\u0119 do<\/strong> <a href=\"https:\/\/cityofmercy.lt\/pl_PL\/marsrutai\/gailestingumo-kelias\/\">Szlaku Bo\u017cego Mi\u0142osierdzia<\/a> i <a href=\"https:\/\/cityofmercy.lt\/pl_PL\/marsrutai\/vilniaus-sventieji\/\">Szlaku \u015awi\u0119tych Wile\u0144skich<\/a>.[\/vc_column_text]<div class=\"divider-wrap\"><div style=\"height: 10px;\" class=\"divider\"><\/div><\/div>[vc_column_text]\n<div class=\"wpb_text_column wpb_content_element \" style=\"text-align: justify;\">\n<div class=\"wpb_wrapper\">\n<p>W latach 1932-1934 b\u0142. M. Sopo\u0107ko mieszka\u0142 obok klasztoru, w domu nale\u017c\u0105cym do Si\u00f3str Wizytek\u00a0i tam pisa\u0142 swoj\u0105 prac\u0119 naukow\u0105. W 1933 r. b\u0119d\u0105c spowiednikiem Zgromadzenia Si\u00f3str Matki Bo\u017cej\u00a0Mi\u0142osierdzia, spotka\u0142 si\u0119 ze \u015bw. Faustyn\u0105, kt\u00f3ra mu opowiedzia\u0142a o woli Pana Jezusa, zwi\u0105zanej z\u00a0namalowaniem obrazu. Poniewa\u017c w tym samym domu mieszka\u0142 i pracowa\u0142 malarz Eugeniusz\u00a0Kazimirowski, b\u0142. M. Sopo\u0107ko poprosi\u0142 go, aby namalowa\u0142 Obraz Jezusa Mi\u0142osiernego. To tu w 1934 r.\u00a0przez pierwsze p\u00f3\u0142 roku kilka razy w tygodniu przychodzi\u0142a \u015bw. Faustyna, aby zobaczy\u0107 jak\u00a0przebiegaj\u0105 prace nad malowaniem obrazu i udzieli\u0107 dalszych wskaz\u00f3wek.<\/p>\n<p>G\u00f3rka Zbawiciela w Wilnie jest historycznym centrum Mi\u0142osierdzia, gdy\u017c od XVII w. znajdowa\u0142y si\u0119 tu\u00a0klasztory Wizytek, Misjonarzy i Si\u00f3str Mi\u0142osierdzia (Szarytek). Za\u0142o\u017cycielem Zgromadzenia Misjonarzy\u00a0by\u0142 \u015bw. Vincent de Paul \u2013 opiekun organizacji charytatywnych, natomiast Wizytka siostra\u00a0\u015bw. Ma\u0142gorzata Maria Alacoque, kt\u00f3ra w XVII w. doznawa\u0142a widze\u0144 Jezusa Chrystusa, zosta\u0142a\u00a0inicjatork\u0105 kultu Serca Jezusa.<\/p>\n<p>W okresie komunizmu w klasztorze Wizytek oraz w Ko\u015bciele zosta\u0142 utworzony zak\u0142ad karny, w\u00a0klasztorze Misjonarzy \u2013 szpital. Obecnie dzia\u0142aj\u0105 tu Siostry ze Zgromadzenia Jezusa Mi\u0142osiernego i\u00a0prowadzone przez nie hospicjum. Kaplica klasztoru znajduje si\u0119 w dawnej pracowni malarza\u00a0Eugeniusza Kazimirowskiego. Czczone s\u0105 w niej relikwie \u015bw. Faustyny i b\u0142. M. Sopo\u0107ki.<\/p>\n<\/div>\n<\/div>\n[\/vc_column_text][\/vc_column_inner][vc_column_inner column_padding=&#8221;no-extra-padding&#8221; column_padding_position=&#8221;all&#8221; background_color_opacity=&#8221;1&#8243; background_hover_color_opacity=&#8221;1&#8243; column_shadow=&#8221;none&#8221; column_border_radius=&#8221;none&#8221; width=&#8221;1\/2&#8243; column_border_width=&#8221;none&#8221; column_border_style=&#8221;solid&#8221;]<div class=\"iwithtext\"><div class=\"iwt-icon\"> <i class=\"icon-default-style icon-map-marker accent-color\"><\/i> <\/div><div class=\"iwt-text\"> <a href=\"https:\/\/www.google.com\/maps\/place\/Ras\u0173+g.+4a,+Vilnius+01300\/@54.6760539,25.2944016,17z\/data=!3m1!4b1!4m5!3m4!1s0x46dd943f2d744323:0x7d2b09ca494fd72c!8m2!3d54.6760539!4d25.2965903\" target=\"_blank\" rel=\"noopener\">ul. Ras\u0173 4a, Wilno<\/a> <\/div><div class=\"clear\"><\/div><\/div><div class=\"iwithtext\"><div class=\"iwt-icon\"> <i class=\"icon-default-style icon-phone accent-color\"><\/i> <\/div><div class=\"iwt-text\"> Siostry spotykaj\u0105 si\u0119 z pielgrzymami, udzielaj\u0105 noclegu, po\u017cywienia. Wszelkie informacje dot. spotka\u0144\u00a0z Siostrami mo\u017cna uzyska\u0107 telefonicznie pod nr tel. +370 5 2121090. <\/div><div class=\"clear\"><\/div><\/div>[\/vc_column_inner][\/vc_row_inner][\/vc_column][\/vc_row][vc_row type=&#8221;in_container&#8221; full_screen_row_position=&#8221;middle&#8221; scene_position=&#8221;center&#8221; text_color=&#8221;dark&#8221; text_align=&#8221;left&#8221; overlay_strength=&#8221;0.3&#8243; shape_divider_position=&#8221;bottom&#8221;][vc_column column_padding=&#8221;no-extra-padding&#8221; column_padding_position=&#8221;all&#8221; background_color_opacity=&#8221;1&#8243; background_hover_color_opacity=&#8221;1&#8243; column_shadow=&#8221;none&#8221; column_border_radius=&#8221;none&#8221; width=&#8221;1\/1&#8243; tablet_text_alignment=&#8221;default&#8221; phone_text_alignment=&#8221;default&#8221; column_border_width=&#8221;none&#8221; column_border_style=&#8221;solid&#8221;]<div class=\"divider-wrap\"><div style=\"height: 200px;\" class=\"divider\"><\/div><\/div>[\/vc_column][\/vc_row]\n","protected":false},"excerpt":{"rendered":"<p>[vc_row type=&#8221;in_container&#8221; full_screen_row_position=&#8221;middle&#8221; scene_position=&#8221;center&#8221; text_color=&#8221;dark&#8221; text_align=&#8221;left&#8221; overlay_strength=&#8221;0.3&#8243; shape_divider_position=&#8221;bottom&#8221;][vc_column centered_text=&#8221;true&#8221; column_padding=&#8221;no-extra-padding&#8221; column_&#8230;<\/p>\n","protected":false},"author":2,"featured_media":500,"parent":38,"menu_order":0,"comment_status":"closed","ping_status":"closed","template":"","meta":{"footnotes":""},"class_list":["post-113","page","type-page","status-publish","has-post-thumbnail","hentry"],"_links":{"self":[{"href":"https:\/\/cityofmercy.lt\/pl_PL\/wp-json\/wp\/v2\/pages\/113","targetHints":{"allow":["GET"]}}],"collection":[{"href":"https:\/\/cityofmercy.lt\/pl_PL\/wp-json\/wp\/v2\/pages"}],"about":[{"href":"https:\/\/cityofmercy.lt\/pl_PL\/wp-json\/wp\/v2\/types\/page"}],"author":[{"embeddable":true,"href":"https:\/\/cityofmercy.lt\/pl_PL\/wp-json\/wp\/v2\/users\/2"}],"replies":[{"embeddable":true,"href":"https:\/\/cityofmercy.lt\/pl_PL\/wp-json\/wp\/v2\/comments?post=113"}],"version-history":[{"count":42,"href":"https:\/\/cityofmercy.lt\/pl_PL\/wp-json\/wp\/v2\/pages\/113\/revisions"}],"predecessor-version":[{"id":6146,"href":"https:\/\/cityofmercy.lt\/pl_PL\/wp-json\/wp\/v2\/pages\/113\/revisions\/6146"}],"up":[{"embeddable":true,"href":"https:\/\/cityofmercy.lt\/pl_PL\/wp-json\/wp\/v2\/pages\/38"}],"wp:featuredmedia":[{"embeddable":true,"href":"https:\/\/cityofmercy.lt\/pl_PL\/wp-json\/wp\/v2\/media\/500"}],"wp:attachment":[{"href":"https:\/\/cityofmercy.lt\/pl_PL\/wp-json\/wp\/v2\/media?parent=113"}],"curies":[{"name":"wp","href":"https:\/\/api.w.org\/{rel}","templated":true}]}}