{"id":111,"date":"2017-11-30T16:01:28","date_gmt":"2017-11-30T16:01:28","guid":{"rendered":"http:\/\/cityofmercy.lt\/?page_id=111"},"modified":"2021-05-27T18:10:13","modified_gmt":"2021-05-27T15:10:13","slug":"dievo-gailestingumo-sventove","status":"publish","type":"page","link":"https:\/\/cityofmercy.lt\/pl_PL\/objektai\/dievo-gailestingumo-sventove\/","title":{"rendered":"Sanktuarium Mi\u0142osierdzia Bo\u017cego"},"content":{"rendered":"[vc_row type=&#8221;in_container&#8221; full_screen_row_position=&#8221;middle&#8221; scene_position=&#8221;center&#8221; text_color=&#8221;dark&#8221; text_align=&#8221;left&#8221; overlay_strength=&#8221;0.3&#8243; shape_divider_position=&#8221;bottom&#8221;][vc_column centered_text=&#8221;true&#8221; column_padding=&#8221;no-extra-padding&#8221; column_padding_position=&#8221;all&#8221; background_color_opacity=&#8221;1&#8243; background_hover_color_opacity=&#8221;1&#8243; column_shadow=&#8221;none&#8221; column_border_radius=&#8221;none&#8221; width=&#8221;1\/1&#8243; tablet_text_alignment=&#8221;default&#8221; phone_text_alignment=&#8221;default&#8221; column_border_width=&#8221;none&#8221; column_border_style=&#8221;solid&#8221;][vc_column_text]\n<h4><strong>Sanktuarium Mi\u0142osierdzia Bo\u017cego<\/strong><\/h4>\n[\/vc_column_text]<div class=\"divider-wrap\"><div style=\"margin-top: 25px; height: 1px; margin-bottom: 25px;\" data-width=\"100%\" data-animate=\"\" data-animation-delay=\"\" data-color=\"default\" class=\"divider-border\"><\/div><\/div>[\/vc_column][\/vc_row][vc_row type=&#8221;in_container&#8221; full_screen_row_position=&#8221;middle&#8221; scene_position=&#8221;center&#8221; text_color=&#8221;dark&#8221; text_align=&#8221;left&#8221; overlay_strength=&#8221;0.3&#8243; shape_divider_position=&#8221;bottom&#8221;][vc_column column_padding=&#8221;no-extra-padding&#8221; column_padding_position=&#8221;all&#8221; background_color_opacity=&#8221;1&#8243; background_hover_color_opacity=&#8221;1&#8243; column_shadow=&#8221;none&#8221; column_border_radius=&#8221;none&#8221; top_margin=&#8221;-30&#8243; width=&#8221;1\/1&#8243; tablet_text_alignment=&#8221;default&#8221; phone_text_alignment=&#8221;default&#8221; column_border_width=&#8221;none&#8221; column_border_style=&#8221;solid&#8221;][vc_row_inner column_margin=&#8221;default&#8221; text_align=&#8221;left&#8221;][vc_column_inner column_padding=&#8221;no-extra-padding&#8221; column_padding_position=&#8221;all&#8221; background_color_opacity=&#8221;1&#8243; background_hover_color_opacity=&#8221;1&#8243; column_shadow=&#8221;none&#8221; column_border_radius=&#8221;none&#8221; width=&#8221;1\/2&#8243; column_border_width=&#8221;none&#8221; column_border_style=&#8221;solid&#8221;][nectar_image_with_hotspots image=&#8221;482&#8243; preview=&#8221;http:\/\/cityofmercy.lt\/wp-content\/uploads\/2017\/12\/GAILESTINGUMO2.jpg&#8221; color_1=&#8221;Accent-Color&#8221; hotspot_icon=&#8221;plus_sign&#8221; tooltip=&#8221;hover&#8221; tooltip_shadow=&#8221;medium_depth&#8221; animation=&#8221;true&#8221;][nectar_hotspot left=&#8221;66.77933673469387%&#8221; top=&#8221;41.85301987767584%&#8221; position=&#8221;right&#8221;]Mozaik\u0119 Jezusa Mi\u0142osiernego wykona\u0142 Albinas \u010carlis Degutis.[\/nectar_hotspot][\/nectar_image_with_hotspots]<div class=\"divider-wrap\"><div style=\"height: 20px;\" class=\"divider\"><\/div><\/div>[vc_column_text]<b>Sanktuarium zalicza si\u0119 do <a href=\"https:\/\/cityofmercy.lt\/pl_PL\/marsrutai\/gailestingumo-kelias\/\">Szlaku Bo\u017cego Mi\u0142osierdzia<\/a> i <a href=\"https:\/\/cityofmercy.lt\/pl_PL\/marsrutai\/sv-jono-pauliaus-ii-ojo-kelias\/\">\u015bw. Jana Paw\u0142a II.<\/a><\/b><b><\/b>[\/vc_column_text]<div class=\"divider-wrap\"><div style=\"height: 20px;\" class=\"divider\"><\/div><\/div>[vc_column_text]\n<div class=\"wpb_text_column wpb_content_element \" style=\"text-align: justify;\">\n<div class=\"wpb_wrapper\">\n<p>W Sanktuarium Mi\u0142osierdzia Bo\u017cego czczony jest pierwszy Obraz Jezusa Mi\u0142osiernego namalowany w\u00a0Wilnie. Obraz namalowa\u0142 malarz Eugeniusz Kazimirowski w 1935 r. w Wilnie w oparciu o wizj\u0119\u00a0\u015bw. Faustyny. Podczas objawienia Pan Jezus tak m\u00f3wi\u0142 siostrze Faustynie: \u201eObiecuj\u0119, \u017ce dusza, kt\u00f3ra\u00a0czci\u0107 b\u0119dzie ten obraz, nie zginie. Obiecuj\u0119 tak\u017ce, ju\u017c tu na ziemi, zwyci\u0119stwo nad nieprzyjaci\u00f3\u0142mi, a\u00a0szczeg\u00f3lnie w godzin\u0119 \u015bmierci. Ja sam broni\u0107 j\u0105 b\u0119d\u0119 jako swej chwa\u0142y.\u201d<\/p>\n<p>Podczas wizyty na Litwie \u015bw. Jan Pawe\u0142 II modli\u0142 si\u0119 przed tym Obrazem, kt\u00f3ry wtedy jeszcze\u00a0znajdowa\u0142 si\u0119 w Ko\u015bciele \u015awi\u0119tego Ducha. Zwracaj\u0105c si\u0119 do wiernych papie\u017c zach\u0119ca\u0142, aby bez\u00a0wzgl\u0119du na wszystko stara\u0107 si\u0119 by\u0107 dzie\u0107mi Ojca Niebieskiego, po\u015bwi\u0119caj\u0105cymi si\u0119 uczniami S\u0142owa\u00a0Wcielonego i pos\u0142usznymi narz\u0119dziami Ducha \u015awi\u0119tego: \u201eTakim narz\u0119dziem Boga by\u0142a \u015bw. Faustyna,\u00a0kt\u00f3ra uwierzy\u0142a w s\u0142owa objawionego jej Zbawiciela i wype\u0142ni\u0142a jego wol\u0119, aby namalowa\u0107 obraz\u00a0nios\u0105cy ludziom pocieszenie i spok\u00f3j\u201d.<\/p>\n<p>W obecnym miejscu Sanktuarium Mi\u0142osierdzia Bo\u017cego, w XV-XVI w. znajdowa\u0142 si\u0119 pierwszy Ko\u015bci\u00f3\u0142\u00a0p.w. Tr\u00f3jcy Przenaj\u015bwi\u0119tszej. W XVIII w. Ko\u015bci\u00f3\u0142 przebudowano, nale\u017ca\u0142 do Uniwersytetu Wile\u0144skiego.\u00a0W 1821 r. w\u0142adze carskie zamieni\u0142y \u015bwi\u0105tyni\u0119 w Cerkiew Objawienia Pa\u0144skiego, a w 1920 r. znowu\u00a0przypad\u0142a katolikom. W latach 1946-1947 w Ko\u015bciele pracowa\u0142 spowiednik \u015bw. Faustyny\u00a0b\u0142. M. Sopo\u0107ko. Po II wojnie \u015bwiatowej w\u0142adze sowieckie zamkn\u0119\u0142y Ko\u015bci\u00f3\u0142. 8 marca 2004 r. kardyna\u0142\u00a0Audrys Juozas Ba\u010dkis podpisa\u0142 dekret o za\u0142o\u017ceniu Sanktuarium Mi\u0142osierdzia Bo\u017cego, a Obraz Jezusa\u00a0Mi\u0142osiernego wyeksponowano w s\u0105siedztwie Ko\u015bcio\u0142a\u00a0Ducha \u015awi\u0119tego w g\u0142\u00f3wnym o\u0142tarzu Sanktuarium.<\/p>\n<\/div>\n<\/div>\n[\/vc_column_text][\/vc_column_inner][vc_column_inner column_padding=&#8221;no-extra-padding&#8221; column_padding_position=&#8221;all&#8221; background_color_opacity=&#8221;1&#8243; background_hover_color_opacity=&#8221;1&#8243; column_shadow=&#8221;none&#8221; column_border_radius=&#8221;none&#8221; width=&#8221;1\/2&#8243; column_border_width=&#8221;none&#8221; column_border_style=&#8221;solid&#8221;]<div class=\"iwithtext\"><div class=\"iwt-icon\"> <i class=\"icon-default-style icon-map-marker accent-color\"><\/i> <\/div><div class=\"iwt-text\"> <a href=\"https:\/\/www.google.com\/maps\/place\/Dominikon\u0173+g.+12,+Vilnius+01144\/@54.6813469,25.2832949,17z\/data=!3m1!4b1!4m5!3m4!1s0x46dd941424cd1af9:0xb1c6f2b5977b9602!8m2!3d54.6813438!4d25.2854836\" target=\"_blank\" rel=\"noopener\">ul. Dominikon\u0173 12, Wilno<\/a> <\/div><div class=\"clear\"><\/div><\/div><div class=\"iwithtext\"><div class=\"iwt-icon\"> <i class=\"icon-default-style icon-time accent-color\"><\/i> <\/div><div class=\"iwt-text\"> Sanktuarium czynne i adoracja Naj\u015bwi\u0119tszego Sakramentu przez ca\u0142\u0105 dob\u0119. <\/div><div class=\"clear\"><\/div><\/div><div class=\"iwithtext\"><div class=\"iwt-icon\"> <img decoding=\"async\" src=\"https:\/\/cityofmercy.lt\/wp-content\/uploads\/2017\/12\/taurinis.png\" alt=\"\" \/> <\/div><div class=\"iwt-text\"> <strong>Msza \u015bwi\u0119ta (j. litewski)<\/strong><br \/>\nI\u2013VI: 10.00, 12.00, 20.00<br \/>\nVII: 10.00, 12.00, 18.00, 20.00 <\/div><div class=\"clear\"><\/div><\/div><div class=\"iwithtext\"><div class=\"iwt-icon\">  <\/div><div class=\"iwt-text\"> <strong>Msza \u015bwi\u0119ta (j. polski)<\/strong><br \/>\nI\u2013VII: 16.00 <\/div><div class=\"clear\"><\/div><\/div><div class=\"iwithtext\"><div class=\"iwt-icon\">  <\/div><div class=\"iwt-text\"> <strong>Msza \u015bwi\u0119ta (j. francuski)<\/strong><br \/>\nOdprawiana w pierwszy pi\u0105tek miesi\u0105ca o godz. 18.00 <\/div><div class=\"clear\"><\/div><\/div><div class=\"iwithtext\"><div class=\"iwt-icon\">  <\/div><div class=\"iwt-text\"> Koronka do Mi\u0142osierdzia Bo\u017cego odmawiana jest codziennie o godz. 12.45, 15.00 (j. litewski), 15.40\u00a0(j. polski) <\/div><div class=\"clear\"><\/div><\/div><div class=\"iwithtext\"><div class=\"iwt-icon\"> <i class=\"icon-default-style icon-calendar accent-color\"><\/i> <\/div><div class=\"iwt-text\"> <strong>Odpust<\/strong><br \/>\nUroczysto\u015b\u0107 Bo\u017cego Mi\u0142osierdzia (Niedziela Mi\u0142osierdzia Bo\u017cego) \u2013 pierwsza niedziela po Wielkanocy.<br \/>\n<a href=\"https:\/\/cityofmercy.lt\/pl_PL\/renginiai\/gailestingumo-savaite\/\" target=\"_blank\" rel=\"noopener\">Tydzie\u0144 Mi\u0142osierdzia Bo\u017cego<\/a> \u2013 od drugiego dnia \u015awi\u0105t Wielkanocnych do Niedzieli Mi\u0142osierdzia\u00a0Bo\u017cego.<br \/>\nW ka\u017cdy pi\u0105tek \u2013 ma\u0142a uroczysto\u015b\u0107 Sanktuarium. <\/div><div class=\"clear\"><\/div><\/div><div class=\"iwithtext\"><div class=\"iwt-icon\"> <i class=\"icon-default-style icon-globe accent-color\"><\/i> <\/div><div class=\"iwt-text\"> <a href=\"http:\/\/www.gailestingumas.lt\" target=\"_blank\" rel=\"noopener\">www.gailestingumas.lt<\/a> <\/div><div class=\"clear\"><\/div><\/div>[\/vc_column_inner][\/vc_row_inner][\/vc_column][\/vc_row][vc_row type=&#8221;in_container&#8221; full_screen_row_position=&#8221;middle&#8221; scene_position=&#8221;center&#8221; text_color=&#8221;dark&#8221; text_align=&#8221;left&#8221; overlay_strength=&#8221;0.3&#8243; shape_divider_position=&#8221;bottom&#8221;][vc_column column_padding=&#8221;no-extra-padding&#8221; column_padding_position=&#8221;all&#8221; background_color_opacity=&#8221;1&#8243; background_hover_color_opacity=&#8221;1&#8243; column_shadow=&#8221;none&#8221; column_border_radius=&#8221;none&#8221; width=&#8221;1\/1&#8243; tablet_text_alignment=&#8221;default&#8221; phone_text_alignment=&#8221;default&#8221; column_border_width=&#8221;none&#8221; column_border_style=&#8221;solid&#8221;]<div class=\"divider-wrap\"><div style=\"height: 200px;\" class=\"divider\"><\/div><\/div>[\/vc_column][\/vc_row]\n","protected":false},"excerpt":{"rendered":"<p>[vc_row type=&#8221;in_container&#8221; full_screen_row_position=&#8221;middle&#8221; scene_position=&#8221;center&#8221; text_color=&#8221;dark&#8221; text_align=&#8221;left&#8221; overlay_strength=&#8221;0.3&#8243; shape_divider_position=&#8221;bottom&#8221;][vc_column centered_text=&#8221;true&#8221; column_padding=&#8221;no-extra-padding&#8221; column_&#8230;<\/p>\n","protected":false},"author":2,"featured_media":0,"parent":38,"menu_order":0,"comment_status":"closed","ping_status":"closed","template":"","meta":{"footnotes":""},"class_list":["post-111","page","type-page","status-publish","hentry"],"_links":{"self":[{"href":"https:\/\/cityofmercy.lt\/pl_PL\/wp-json\/wp\/v2\/pages\/111","targetHints":{"allow":["GET"]}}],"collection":[{"href":"https:\/\/cityofmercy.lt\/pl_PL\/wp-json\/wp\/v2\/pages"}],"about":[{"href":"https:\/\/cityofmercy.lt\/pl_PL\/wp-json\/wp\/v2\/types\/page"}],"author":[{"embeddable":true,"href":"https:\/\/cityofmercy.lt\/pl_PL\/wp-json\/wp\/v2\/users\/2"}],"replies":[{"embeddable":true,"href":"https:\/\/cityofmercy.lt\/pl_PL\/wp-json\/wp\/v2\/comments?post=111"}],"version-history":[{"count":54,"href":"https:\/\/cityofmercy.lt\/pl_PL\/wp-json\/wp\/v2\/pages\/111\/revisions"}],"predecessor-version":[{"id":6020,"href":"https:\/\/cityofmercy.lt\/pl_PL\/wp-json\/wp\/v2\/pages\/111\/revisions\/6020"}],"up":[{"embeddable":true,"href":"https:\/\/cityofmercy.lt\/pl_PL\/wp-json\/wp\/v2\/pages\/38"}],"wp:attachment":[{"href":"https:\/\/cityofmercy.lt\/pl_PL\/wp-json\/wp\/v2\/media?parent=111"}],"curies":[{"name":"wp","href":"https:\/\/api.w.org\/{rel}","templated":true}]}}