{"id":107,"date":"2017-11-30T15:59:29","date_gmt":"2017-11-30T15:59:29","guid":{"rendered":"http:\/\/cityofmercy.lt\/?page_id=107"},"modified":"2021-09-17T12:04:05","modified_gmt":"2021-09-17T09:04:05","slug":"ausros-vartai","status":"publish","type":"page","link":"https:\/\/cityofmercy.lt\/pl_PL\/objektai\/ausros-vartai\/","title":{"rendered":"Kaplica Naj\u015bwi\u0119tszej Maryi Panny Matki Mi\u0142osierdzia w Ostrej Bramie i Ko\u015bci\u00f3\u0142 \u015bw. Teresy"},"content":{"rendered":"[vc_row type=&#8221;in_container&#8221; full_screen_row_position=&#8221;middle&#8221; scene_position=&#8221;center&#8221; text_color=&#8221;dark&#8221; text_align=&#8221;left&#8221; overlay_strength=&#8221;0.3&#8243; shape_divider_position=&#8221;bottom&#8221;][vc_column centered_text=&#8221;true&#8221; column_padding=&#8221;no-extra-padding&#8221; column_padding_position=&#8221;all&#8221; background_color_opacity=&#8221;1&#8243; background_hover_color_opacity=&#8221;1&#8243; column_shadow=&#8221;none&#8221; column_border_radius=&#8221;none&#8221; top_margin=&#8221;-30&#8243; width=&#8221;1\/1&#8243; tablet_text_alignment=&#8221;default&#8221; phone_text_alignment=&#8221;default&#8221; column_border_width=&#8221;none&#8221; column_border_style=&#8221;solid&#8221;][vc_column_text]\n<h4><strong>Kaplica Naj\u015bwi\u0119tszej Maryi Panny Matki Mi\u0142osierdzia w Ostrej Bramie i Ko\u015bci\u00f3\u0142 \u015bw. Teresy<\/strong><\/h4>\n[\/vc_column_text]<div class=\"divider-wrap\"><div style=\"margin-top: 25px; height: 1px; margin-bottom: 25px;\" data-width=\"100%\" data-animate=\"\" data-animation-delay=\"\" data-color=\"default\" class=\"divider-border\"><\/div><\/div>[\/vc_column][\/vc_row][vc_row type=&#8221;in_container&#8221; full_screen_row_position=&#8221;middle&#8221; scene_position=&#8221;center&#8221; text_color=&#8221;dark&#8221; text_align=&#8221;left&#8221; overlay_strength=&#8221;0.3&#8243; shape_divider_position=&#8221;bottom&#8221;][vc_column column_padding=&#8221;no-extra-padding&#8221; column_padding_position=&#8221;all&#8221; background_color_opacity=&#8221;1&#8243; background_hover_color_opacity=&#8221;1&#8243; column_shadow=&#8221;none&#8221; column_border_radius=&#8221;none&#8221; top_margin=&#8221;-30&#8243; width=&#8221;1\/1&#8243; tablet_text_alignment=&#8221;default&#8221; phone_text_alignment=&#8221;default&#8221; column_border_width=&#8221;none&#8221; column_border_style=&#8221;solid&#8221;][vc_row_inner column_margin=&#8221;default&#8221; text_align=&#8221;left&#8221;][vc_column_inner column_padding=&#8221;no-extra-padding&#8221; column_padding_position=&#8221;all&#8221; background_color_opacity=&#8221;1&#8243; background_hover_color_opacity=&#8221;1&#8243; column_shadow=&#8221;none&#8221; column_border_radius=&#8221;none&#8221; width=&#8221;1\/2&#8243; column_border_width=&#8221;none&#8221; column_border_style=&#8221;solid&#8221;][nectar_video_lightbox link_style=&#8221;play_button_2&#8243; nectar_play_button_color=&#8221;Default-Accent-Color&#8221; image_url=&#8221;304&#8243; hover_effect=&#8221;defaut&#8221; box_shadow=&#8221;none&#8221; border_radius=&#8221;none&#8221; play_button_size=&#8221;default&#8221; video_url=&#8221;https:\/\/www.youtube.com\/watch?v=PVcIGWjCq-s&#8221;]<div class=\"divider-wrap\"><div style=\"height: 20px;\" class=\"divider\"><\/div><\/div>[vc_column_text]<strong>Obiekt zalicza si\u0119 do<\/strong> <a href=\"https:\/\/cityofmercy.lt\/pl_PL\/marsrutai\/sv-jono-pauliaus-ii-ojo-kelias\/\">Szlaku \u015bw. Jana Paw\u0142a II<\/a>, <a href=\"https:\/\/cityofmercy.lt\/pl_PL\/marsrutai\/gailestingumo-kelias\/\">Mi\u0142osierdzia Bo\u017cego<\/a>, <a href=\"https:\/\/cityofmercy.lt\/pl_PL\/marsrutai\/marijos-gerbimo-vietos\/\">Szlaku Maryjnego<b>.<\/b><\/a>[\/vc_column_text]<div class=\"divider-wrap\"><div style=\"height: 20px;\" class=\"divider\"><\/div><\/div>[vc_column_text]\n<p style=\"text-align: justify;\">Podczas swojej wizyty na Litwie \u015bw. Jan Pawe\u0142 II odmawia\u0142 r\u00f3\u017caniec w Kaplicy Ostrobramskiej. W\u00a0jednym z przem\u00f3wie\u0144 przypomnia\u0142 on, \u017ce w tym momencie, kiedy zosta\u0142 wybrany na tron Aposto\u0142a\u00a0Piotra, pospieszy\u0142 pomodli\u0107 si\u0119 do Kaplicy Matki Bo\u017cej Mi\u0142osierdzia w podziemiach Bazyliki\u00a0Watyka\u0144skiej.<\/p>\n<p style=\"text-align: justify;\">Kaplica Ostrobramska jest jedn\u0105 z najstarszych i najwa\u017cniejszych miejsc pielgrzymstwa\u00a0na Litwie. Pod koniec XVIII w. sta\u0142a si\u0119 ona dla Litwin\u00f3w i Polak\u00f3w symbolem walki o wolno\u015b\u0107 i\u00a0pa\u0144stwowo\u015b\u0107. Mieszka\u0144cy Wilna uwa\u017cali Maryj\u0119 Pann\u0119 Ostrobramsk\u0105 za patronk\u0119 miasta.\u00a0\u015aw. Jan Pawe\u0142 II m\u00f3wi\u0142, \u017ce \u201eta Brama sta\u0142a si\u0119 miejscem spotkania z Matk\u0105 Chrystusa i Ko\u015bcio\u0142a,\u00a0miejscem jedno\u015bci wszystkich wierz\u0105cych tego kraju.\u00a0Chrze\u015bcijanie z Litwy, Polski, Bia\u0142orusi, Ukrainy i\u00a0innych kraj\u00f3w gromadz\u0105 si\u0119 tu, by w obliczu Dziewicy Maryi, jak bracia i siostry dzieli\u0107 si\u0119 t\u0105 sam\u0105\u00a0wiar\u0105, jedn\u0105 nadziej\u0105 i prawdziw\u0105 mi\u0142o\u015bci\u0105\u201d.<\/p>\n<p style=\"text-align: justify;\">Brama Ostrobramska wzniesiona w stylu gotyckim w XVI w. jest jedyn\u0105 zachowan\u0105 bram\u0105 w\u00a0istniej\u0105cych niegdy\u015b murach obronnych Wilna. Na pocz\u0105tku Obraz Matki Bo\u017cej Mi\u0142osierdzia\u00a0umieszczony zosta\u0142 na Ostrej Bramie od strony miasta, natomiast od strony zewn\u0119trznej widnia\u0142\u00a0obraz \u201eChrystusa Zbawiciela \u015awiata\u201d. Karmelici Bosi, kt\u00f3rzy przybyli do Wilna w XVII w., zbudowali\u00a0kaplic\u0119 nad Ostr\u0105 Bram\u0105 i tam umie\u015bcili wielbiony przez lud obraz. Pocz\u0105tkowo do kaplicy mo\u017cna by\u0142o\u00a0si\u0119 dosta\u0107 tylko od strony ogrodu klasztornego, a wierni modlili si\u0119 na zewn\u0105trz. Galeria dla\u00a0pielgrzym\u00f3w zosta\u0142a zbudowana pod koniec XVIII w., a w po\u0142owie XIX w. wej\u015bcie do kaplicy zosta\u0142o\u00a0otwarte dla wszystkich wiernych. Kaplica Ostrobramska jest jednym z najwi\u0119kszych spadk\u00f3w po\u00a0Karmelitach wile\u0144skich.<\/p>\n<p style=\"text-align: justify;\">Obraz Madonny namalowany zosta\u0142 na pocz\u0105tku XVII w. temper\u0105 na d\u0119bowej desce, wzorowany na\u00a0rycinach holenderskiego malarza Martina de Vosa. To jeden z niewielu obraz\u00f3w Madonny bez\u00a0Dzieci\u0105tka. Mo\u017cna w nim dostrzec Dziewic\u0119, s\u0142uchaj\u0105c\u0105 zwiastowania anielskiego, tak\u017ce Matk\u0119\u00a0Mi\u0142osierdzia, tul\u0105c\u0105 do serca grzesznik\u00f3w.<\/p>\n<p style=\"text-align: justify;\">W 1927 r. wizerunek Madonny zosta\u0142 ukoronowany koronami papieskimi i otrzyma\u0142, dekretem\u00a0papie\u017ca Piusa XI, tytu\u0142 Matki Bo\u017cej Mi\u0142osierdzia.<\/p>\n<p style=\"text-align: justify;\">Kaplica Ostrobramska zosta\u0142a wpisana na list\u0119 europejskich sieci sanktuari\u00f3w maryjnych, \u0142\u0105cz\u0105cych\u00a020 najwa\u017cniejszych sanktuari\u00f3w maryjnych Europy. Ko\u015bci\u00f3\u0142 \u015bw. Teresy znajduj\u0105cy si\u0119 obok Kaplicy\u00a0Ostrobramskiej jest jednym z najbardziej znanych sanktuari\u00f3w p\u00f3\u017anego baroku na Litwie, z kopu\u0142\u0105\u00a0schowan\u0105 w dachu. Ko\u015bci\u00f3\u0142, kt\u00f3rego budow\u0119 zako\u0144czono i konsekrowano w 1654 r., nale\u017ca\u0142 do\u00a0Karmelit\u00f3w Bosych, kt\u00f3rych budynki klasztoru rozmieszczone by\u0142y przy \u015bcianie obronnej miasta\u00a0Wilna, na terytorium trzech kwarta\u0142\u00f3w. Obecnie jest to \u2013 jedyny z trzech zachowanych Ko\u015bcio\u0142\u00f3w\u00a0karmelita\u0144skich, dzia\u0142aj\u0105cych w Wilnie. W latach 1760-1764 wile\u0144ski malarz Maciej S\u0142uszcza\u0144ski\u00a0namalowa\u0142 cykl malowide\u0142 przedstawiaj\u0105cych sceny z \u017cycia i dzia\u0142alno\u015bci \u015bw. Teresy, freski obrazuj\u0105ce\u00a0uduchowienie zakonu Karmelit\u00f3w Bosych oraz iluzyjne o\u0142tarze. W o\u0142tarzu g\u0142\u00f3wnym zamontowany\u00a0jest obraz przedstawiaj\u0105cy ekstaz\u0119 \u015bw. Teresy, kiedy to anio\u0142 ma przeszy\u0107 jej serce strza\u0142\u0105 mi\u0142o\u015bci\u00a0Bo\u017cej.<\/p>\n[\/vc_column_text][\/vc_column_inner][vc_column_inner column_padding=&#8221;no-extra-padding&#8221; column_padding_position=&#8221;all&#8221; background_color_opacity=&#8221;1&#8243; background_hover_color_opacity=&#8221;1&#8243; column_shadow=&#8221;none&#8221; column_border_radius=&#8221;none&#8221; width=&#8221;1\/2&#8243; column_border_width=&#8221;none&#8221; column_border_style=&#8221;solid&#8221;]<div class=\"iwithtext\"><div class=\"iwt-icon\"> <i class=\"icon-default-style icon-map-marker accent-color\"><\/i> <\/div><div class=\"iwt-text\"> <a href=\"https:\/\/www.google.com\/maps\/place\/Au\u0161ros+vartai\/@54.6745587,25.2873886,17z\/data=!4m8!1m2!2m1!1sAusros+Vartu+14!3m4!1s0x0:0x6c230215080211a!8m2!3d54.6741419!4d25.2896617\" target=\"_blank\" rel=\"noopener\">ul. Au\u0161ros vart\u0173 14, Wilno<\/a> <\/div><div class=\"clear\"><\/div><\/div><div class=\"iwithtext\"><div class=\"iwt-icon\"> <i class=\"icon-default-style icon-time accent-color\"><\/i> <\/div><div class=\"iwt-text\"> <strong>Kaplica czynna<\/strong><br \/>\nI\u2013VII: 7.00\u201319.00 <\/div><div class=\"clear\"><\/div><\/div><div class=\"iwithtext\"><div class=\"iwt-icon\"> <img decoding=\"async\" src=\"https:\/\/cityofmercy.lt\/wp-content\/uploads\/2017\/12\/taurinis.png\" alt=\"\" \/> <\/div><div class=\"iwt-text\"> <strong>Msza \u015bwi\u0119ta<\/strong><br \/>\n<strong>w kaplicy (j. litewski)<\/strong><br \/>\nI\u2013VI: 9.00<br \/>\nVII:\u00a0 9.30 <\/div><div class=\"clear\"><\/div><\/div><div class=\"iwithtext\"><div class=\"iwt-icon\">  <\/div><div class=\"iwt-text\"> <strong>W kaplicy (j. polski)<\/strong><br \/>\nI\u2013VI: 10.00 <\/div><div class=\"clear\"><\/div><\/div><div class=\"iwithtext\"><div class=\"iwt-icon\"> <img decoding=\"async\" src=\"https:\/\/cityofmercy.lt\/wp-content\/uploads\/2017\/12\/taurinis.png\" alt=\"\" \/> <\/div><div class=\"iwt-text\"> <strong>Msza \u015bwi\u0119ta<\/strong><br \/>\n<strong>W Ko\u015bciele (j. litewski)<\/strong><br \/>\nI\u2013VI: 18.00<br \/>\nVII: 11.00<br \/>\nW pierwszy pi\u0105tek miesi\u0105ca i sobot\u0119 o godz. 9.00 <\/div><div class=\"clear\"><\/div><\/div><div class=\"iwithtext\"><div class=\"iwt-icon\">  <\/div><div class=\"iwt-text\"> <strong>W Ko\u015bciele (j. polski)<\/strong><br \/>\nI\u2013VI: 17.00<br \/>\nVII: 9.00, 13.00<br \/>\nW pierwszy pi\u0105tek miesi\u0105ca i sobot\u0119 o godz. 10.00 <\/div><div class=\"clear\"><\/div><\/div><div class=\"iwithtext\"><div class=\"iwt-icon\"> <i class=\"icon-default-style icon-calendar accent-color\"><\/i> <\/div><div class=\"iwt-text\"> <strong>Odpust<\/strong><\/p>\n<p><a href=\"https:\/\/cityofmercy.lt\/pl_PL\/renginiai\/ausros-vartu-gailestingumo-motinos-globos-atlaidai\/\" target=\"_blank\" rel=\"noopener\">Odpust Opieki Naj\u015bwi\u0119tszej Maryi Panny Matki Mi\u0142osierdzia<\/a> obchodzony jest przez osiem dni w tym\u00a0tygodniu listopada, w kt\u00f3rym przypada 16 dzie\u0144 tego miesi\u0105ca.<\/p>\n<p>Ma\u0142y odpust Matki Mi\u0142osierdzia \u2013 dnia 16. ka\u017cdego miesi\u0105ca.\u00a0\u00a0Msza \u015bwi\u0119ta w j. litewskim \u2013 12.00,\u00a0j. polskim \u2013 10.00. <\/div><div class=\"clear\"><\/div><\/div><div class=\"iwithtext\"><div class=\"iwt-icon\"> <i class=\"icon-default-style icon-globe accent-color\"><\/i> <\/div><div class=\"iwt-text\"> <a href=\"http:\/\/www.ausrosvartai.lt\/pl\/\" target=\"_blank\" rel=\"noopener\">www.ausrosvartai.lt<\/a> <\/div><div class=\"clear\"><\/div><\/div>[\/vc_column_inner][\/vc_row_inner][\/vc_column][\/vc_row][vc_row type=&#8221;in_container&#8221; full_screen_row_position=&#8221;middle&#8221; scene_position=&#8221;center&#8221; text_color=&#8221;dark&#8221; text_align=&#8221;left&#8221; overlay_strength=&#8221;0.3&#8243; shape_divider_position=&#8221;bottom&#8221;][vc_column column_padding=&#8221;no-extra-padding&#8221; column_padding_position=&#8221;all&#8221; background_color_opacity=&#8221;1&#8243; background_hover_color_opacity=&#8221;1&#8243; column_shadow=&#8221;none&#8221; column_border_radius=&#8221;none&#8221; width=&#8221;1\/1&#8243; tablet_text_alignment=&#8221;default&#8221; phone_text_alignment=&#8221;default&#8221; column_border_width=&#8221;none&#8221; column_border_style=&#8221;solid&#8221;]<div class=\"divider-wrap\"><div style=\"height: 200px;\" class=\"divider\"><\/div><\/div>[\/vc_column][\/vc_row]\n","protected":false},"excerpt":{"rendered":"<p>[vc_row type=&#8221;in_container&#8221; full_screen_row_position=&#8221;middle&#8221; scene_position=&#8221;center&#8221; text_color=&#8221;dark&#8221; text_align=&#8221;left&#8221; overlay_strength=&#8221;0.3&#8243; shape_divider_position=&#8221;bottom&#8221;][vc_column centered_text=&#8221;true&#8221; column_padding=&#8221;no-extra-padding&#8221; column_&#8230;<\/p>\n","protected":false},"author":2,"featured_media":576,"parent":38,"menu_order":0,"comment_status":"closed","ping_status":"closed","template":"","meta":{"footnotes":""},"class_list":["post-107","page","type-page","status-publish","has-post-thumbnail","hentry"],"_links":{"self":[{"href":"https:\/\/cityofmercy.lt\/pl_PL\/wp-json\/wp\/v2\/pages\/107","targetHints":{"allow":["GET"]}}],"collection":[{"href":"https:\/\/cityofmercy.lt\/pl_PL\/wp-json\/wp\/v2\/pages"}],"about":[{"href":"https:\/\/cityofmercy.lt\/pl_PL\/wp-json\/wp\/v2\/types\/page"}],"author":[{"embeddable":true,"href":"https:\/\/cityofmercy.lt\/pl_PL\/wp-json\/wp\/v2\/users\/2"}],"replies":[{"embeddable":true,"href":"https:\/\/cityofmercy.lt\/pl_PL\/wp-json\/wp\/v2\/comments?post=107"}],"version-history":[{"count":116,"href":"https:\/\/cityofmercy.lt\/pl_PL\/wp-json\/wp\/v2\/pages\/107\/revisions"}],"predecessor-version":[{"id":7052,"href":"https:\/\/cityofmercy.lt\/pl_PL\/wp-json\/wp\/v2\/pages\/107\/revisions\/7052"}],"up":[{"embeddable":true,"href":"https:\/\/cityofmercy.lt\/pl_PL\/wp-json\/wp\/v2\/pages\/38"}],"wp:featuredmedia":[{"embeddable":true,"href":"https:\/\/cityofmercy.lt\/pl_PL\/wp-json\/wp\/v2\/media\/576"}],"wp:attachment":[{"href":"https:\/\/cityofmercy.lt\/pl_PL\/wp-json\/wp\/v2\/media?parent=107"}],"curies":[{"name":"wp","href":"https:\/\/api.w.org\/{rel}","templated":true}]}}