{"id":105,"date":"2017-11-30T15:56:35","date_gmt":"2017-11-30T15:56:35","guid":{"rendered":"http:\/\/cityofmercy.lt\/?page_id=105"},"modified":"2021-04-23T15:04:22","modified_gmt":"2021-04-23T15:04:22","slug":"vilniaus-arkivyskupijos-caritas-socialines-pagalbos-ir-integracijos-centras-betanija","status":"publish","type":"page","link":"https:\/\/cityofmercy.lt\/pl_PL\/susitikimai\/vilniaus-arkivyskupijos-caritas-socialines-pagalbos-ir-integracijos-centras-betanija\/","title":{"rendered":"Centrum Pomocy i Integracji Spo\u0142ecznej \u201eBetanija\u201d"},"content":{"rendered":"[vc_row type=&#8221;in_container&#8221; full_screen_row_position=&#8221;middle&#8221; scene_position=&#8221;center&#8221; text_color=&#8221;dark&#8221; text_align=&#8221;left&#8221; overlay_strength=&#8221;0.3&#8243; shape_divider_position=&#8221;bottom&#8221;][vc_column centered_text=&#8221;true&#8221; column_padding=&#8221;no-extra-padding&#8221; column_padding_position=&#8221;all&#8221; background_color_opacity=&#8221;1&#8243; background_hover_color_opacity=&#8221;1&#8243; column_shadow=&#8221;none&#8221; column_border_radius=&#8221;none&#8221; width=&#8221;1\/1&#8243; tablet_text_alignment=&#8221;default&#8221; phone_text_alignment=&#8221;default&#8221; column_border_width=&#8221;none&#8221; column_border_style=&#8221;solid&#8221;][vc_column_text]\n<h4><strong>Centrum Pomocy i Integracji Spo\u0142ecznej \u201eBetanija\u201d<\/strong><\/h4>\n[\/vc_column_text]<div class=\"divider-wrap\"><div style=\"margin-top: 25px; height: 1px; margin-bottom: 25px;\" data-width=\"100%\" data-animate=\"\" data-animation-delay=\"\" data-color=\"default\" class=\"divider-border\"><\/div><\/div>[\/vc_column][\/vc_row][vc_row type=&#8221;in_container&#8221; full_screen_row_position=&#8221;middle&#8221; scene_position=&#8221;center&#8221; text_color=&#8221;dark&#8221; text_align=&#8221;left&#8221; overlay_strength=&#8221;0.3&#8243; shape_divider_position=&#8221;bottom&#8221;][vc_column column_padding=&#8221;no-extra-padding&#8221; column_padding_position=&#8221;all&#8221; background_color_opacity=&#8221;1&#8243; background_hover_color_opacity=&#8221;1&#8243; column_shadow=&#8221;none&#8221; column_border_radius=&#8221;none&#8221; width=&#8221;1\/2&#8243; tablet_text_alignment=&#8221;default&#8221; phone_text_alignment=&#8221;default&#8221; column_border_width=&#8221;none&#8221; column_border_style=&#8221;solid&#8221;][vc_gallery type=&#8221;nectarslider_style&#8221; images=&#8221;1044,1043,1042,248&#8243; flexible_slider_height=&#8221;true&#8221; bullet_navigation_style=&#8221;see_through&#8221; onclick=&#8221;link_no&#8221;][vc_column_text]\n<p style=\"text-align: justify;\">Centrum spo\u0142eczne \u201eBetanija\u201d, nale\u017c\u0105ce do \u201eCaritas\u201d Archidiecezji Wile\u0144skiej, jest to przestrze\u0144 do\u00a0spotka\u0144, bycia razem i ewentualnej zmiany swojego \u017cycia. W centrum \u201eBetanija\u201d mile s\u0105 widziane\u00a0nie tylko osoby, kt\u00f3re potrzebuj\u0105 pomocy (w postaci porady, posi\u0142ku, odzie\u017cy), ale r\u00f3wnie\u017c\u00a0wszyscy ci, kt\u00f3rzy pragn\u0105 pom\u00f3c, wesprze\u0107 bli\u017aniego.<\/p>\n<p><strong>Mo\u017cliwo\u015bci wolontariatu:<\/strong><\/p>\n<ul>\n<li>\u00a0Pomoc w przygotowaniu posi\u0142k\u00f3w<\/li>\n<li>\u00a0Pomoc przy sortowaniu \u017cywno\u015bci w magazynie<\/li>\n<li>\u00a0Przyjmowanie odwiedzaj\u0105cych (punkt rejestracji)<\/li>\n<li>\u00a0Pomoc w sprz\u0105taniu pomieszcze\u0144 podczas remontu<\/li>\n<li>\u00a0Dotrzymywanie towarzystwa odwiedzaj\u0105cym centrum spo\u0142eczne i organizowanie\u00a0dzia\u0142alno\u015bci (tw\u00f3rczej, edukacyjnej, informacyjnej, poznawczej) centrum dziennego\u00a0(doro\u015bli lub pod opiek\u0105 doros\u0142ych)<\/li>\n<\/ul>\n[\/vc_column_text][\/vc_column][vc_column column_padding=&#8221;no-extra-padding&#8221; column_padding_position=&#8221;all&#8221; background_color_opacity=&#8221;1&#8243; background_hover_color_opacity=&#8221;1&#8243; column_shadow=&#8221;none&#8221; column_border_radius=&#8221;none&#8221; width=&#8221;1\/2&#8243; tablet_text_alignment=&#8221;default&#8221; phone_text_alignment=&#8221;default&#8221; column_border_width=&#8221;none&#8221; column_border_style=&#8221;solid&#8221;]<div class=\"iwithtext\"><div class=\"iwt-icon\"> <i class=\"icon-default-style icon-map-marker accent-color\"><\/i> <\/div><div class=\"iwt-text\"> <a href=\"https:\/\/goo.gl\/maps\/hy4u647KgCbkYUM1A\" target=\"_blank\" rel=\"noopener\">ul. M. K. Paco 4, Wilno<\/a> <\/div><div class=\"clear\"><\/div><\/div><div class=\"iwithtext\"><div class=\"iwt-icon\"> <i class=\"icon-default-style icon-time accent-color\"><\/i> <\/div><div class=\"iwt-text\"> <strong><b>Poniedzia\u0142ek\u2013<\/b>P<b>i\u0105tek<\/b>\u00a0(10.01\u201307.01)<\/strong><br \/>\n<strong>Godziny pracy:<\/strong> 7.00\u201319.00<br \/>\n<strong>Posi\u0142ek rozdawany jest w godz.:<\/strong>\u00a012.00\u201314.00<br \/>\n<strong>Centrum dzienne:<\/strong>\u00a014.00\u201319.00<\/p>\n<p><strong><b>Poniedzia\u0142ek\u2013<\/b>P<b>i\u0105tek<\/b>\u00a0(07.01\u201310.01)<\/strong><br \/>\n<strong>Godziny pracy:<\/strong> 7.00\u201315.00<br \/>\n<strong>Posi\u0142ek rozdawany jest w godz.:<\/strong>\u00a012.00\u201314.00<br \/>\n<strong>Centrum dzienne:<\/strong> 14.00\u201315.00 <\/div><div class=\"clear\"><\/div><\/div><div class=\"iwithtext\"><div class=\"iwt-icon\"> <i class=\"icon-default-style icon-phone accent-color\"><\/i> <\/div><div class=\"iwt-text\"> +370 602 74 234 <\/div><div class=\"clear\"><\/div><\/div><div class=\"iwithtext\"><div class=\"iwt-icon\"> <i class=\"icon-default-style icon-envelope accent-color\"><\/i> <\/div><div class=\"iwt-text\"> <a href=\"mailto:betanija@vilnius.caritas.lt\">betanija@vilnius.caritas.lt<\/a> <\/div><div class=\"clear\"><\/div><\/div><div class=\"iwithtext\"><div class=\"iwt-icon\"> <i class=\"icon-default-style icon-facebook accent-color\"><\/i> <\/div><div class=\"iwt-text\"> <a href=\"https:\/\/www.facebook.com\/socialinis.centras.betanija\/\" target=\"_blank\" rel=\"noopener\">VA Caritas socialin\u0117s pagalbos ir integracijos centras &#8220;Betanija&#8221;<\/a> <\/div><div class=\"clear\"><\/div><\/div>[\/vc_column][\/vc_row]\n","protected":false},"excerpt":{"rendered":"<p>[vc_row type=&#8221;in_container&#8221; full_screen_row_position=&#8221;middle&#8221; scene_position=&#8221;center&#8221; text_color=&#8221;dark&#8221; text_align=&#8221;left&#8221; overlay_strength=&#8221;0.3&#8243; shape_divider_position=&#8221;bottom&#8221;][vc_column centered_text=&#8221;true&#8221; column_padding=&#8221;no-extra-padding&#8221; column_&#8230;<\/p>\n","protected":false},"author":2,"featured_media":0,"parent":47,"menu_order":0,"comment_status":"closed","ping_status":"closed","template":"","meta":{"footnotes":""},"class_list":["post-105","page","type-page","status-publish","hentry"],"_links":{"self":[{"href":"https:\/\/cityofmercy.lt\/pl_PL\/wp-json\/wp\/v2\/pages\/105","targetHints":{"allow":["GET"]}}],"collection":[{"href":"https:\/\/cityofmercy.lt\/pl_PL\/wp-json\/wp\/v2\/pages"}],"about":[{"href":"https:\/\/cityofmercy.lt\/pl_PL\/wp-json\/wp\/v2\/types\/page"}],"author":[{"embeddable":true,"href":"https:\/\/cityofmercy.lt\/pl_PL\/wp-json\/wp\/v2\/users\/2"}],"replies":[{"embeddable":true,"href":"https:\/\/cityofmercy.lt\/pl_PL\/wp-json\/wp\/v2\/comments?post=105"}],"version-history":[{"count":50,"href":"https:\/\/cityofmercy.lt\/pl_PL\/wp-json\/wp\/v2\/pages\/105\/revisions"}],"predecessor-version":[{"id":6477,"href":"https:\/\/cityofmercy.lt\/pl_PL\/wp-json\/wp\/v2\/pages\/105\/revisions\/6477"}],"up":[{"embeddable":true,"href":"https:\/\/cityofmercy.lt\/pl_PL\/wp-json\/wp\/v2\/pages\/47"}],"wp:attachment":[{"href":"https:\/\/cityofmercy.lt\/pl_PL\/wp-json\/wp\/v2\/media?parent=105"}],"curies":[{"name":"wp","href":"https:\/\/api.w.org\/{rel}","templated":true}]}}