{"id":103,"date":"2017-11-30T15:55:57","date_gmt":"2017-11-30T15:55:57","guid":{"rendered":"http:\/\/cityofmercy.lt\/?page_id=103"},"modified":"2021-05-14T18:00:26","modified_gmt":"2021-05-14T15:00:26","slug":"sv-kryziaus-atradimo-kalvariju-bendruomene","status":"publish","type":"page","link":"https:\/\/cityofmercy.lt\/pl_PL\/susitikimai\/sv-kryziaus-atradimo-kalvariju-bendruomene\/","title":{"rendered":"Wsp\u00f3lnota (Kalwaryjska) Znalezienia Krzy\u017ca \u015awi\u0119tego"},"content":{"rendered":"[vc_row type=&#8221;in_container&#8221; full_screen_row_position=&#8221;middle&#8221; scene_position=&#8221;center&#8221; text_color=&#8221;dark&#8221; text_align=&#8221;left&#8221; overlay_strength=&#8221;0.3&#8243; shape_divider_position=&#8221;bottom&#8221;][vc_column centered_text=&#8221;true&#8221; column_padding=&#8221;no-extra-padding&#8221; column_padding_position=&#8221;all&#8221; background_color_opacity=&#8221;1&#8243; background_hover_color_opacity=&#8221;1&#8243; column_shadow=&#8221;none&#8221; column_border_radius=&#8221;none&#8221; width=&#8221;1\/1&#8243; tablet_text_alignment=&#8221;default&#8221; phone_text_alignment=&#8221;default&#8221; column_border_width=&#8221;none&#8221; column_border_style=&#8221;solid&#8221;][vc_column_text]\n<h4><strong>Wsp\u00f3lnota (Kalwaryjska) Znalezienia Krzy\u017ca \u015awi\u0119tego<\/strong><\/h4>\n[\/vc_column_text]<div class=\"divider-wrap\"><div style=\"margin-top: 25px; height: 1px; margin-bottom: 25px;\" data-width=\"100%\" data-animate=\"\" data-animation-delay=\"\" data-color=\"default\" class=\"divider-border\"><\/div><\/div>[\/vc_column][\/vc_row][vc_row type=&#8221;in_container&#8221; full_screen_row_position=&#8221;middle&#8221; scene_position=&#8221;center&#8221; text_color=&#8221;dark&#8221; text_align=&#8221;left&#8221; overlay_strength=&#8221;0.3&#8243; shape_divider_position=&#8221;bottom&#8221;][vc_column column_padding=&#8221;no-extra-padding&#8221; column_padding_position=&#8221;all&#8221; background_color_opacity=&#8221;1&#8243; background_hover_color_opacity=&#8221;1&#8243; column_shadow=&#8221;none&#8221; column_border_radius=&#8221;none&#8221; width=&#8221;1\/2&#8243; tablet_text_alignment=&#8221;default&#8221; phone_text_alignment=&#8221;default&#8221; column_border_width=&#8221;none&#8221; column_border_style=&#8221;solid&#8221;]<div class=\"img-with-aniamtion-wrap \" data-max-width=\"100%\" data-border-radius=\"none\"><div class=\"inner\"><img loading=\"lazy\" decoding=\"async\" data-shadow=\"none\" data-shadow-direction=\"middle\" class=\"img-with-animation \" data-delay=\"0\" height=\"400\" width=\"600\" data-animation=\"fade-in\" src=\"https:\/\/cityofmercy.lt\/wp-content\/uploads\/2017\/12\/KALVARIJOS.jpg\" srcset=\"https:\/\/cityofmercy.lt\/wp-content\/uploads\/2017\/12\/KALVARIJOS.jpg 600w, https:\/\/cityofmercy.lt\/wp-content\/uploads\/2017\/12\/KALVARIJOS-300x200.jpg 300w\" sizes=\"auto, 100vw\" alt=\"\" \/><\/div><\/div>[vc_column_text]Jedna z najwi\u0119kszych parafii Archidiecezji Wile\u0144skiej, licz\u0105ca oko\u0142o 100 tys. wiernych. W parafii dzia\u0142a\u00a0wsp\u00f3lnoty m\u0142odzie\u017cy, modlitwy, rodzin, Caritas, grupa anonimowych alkoholik\u00f3w, Franciszkanie\u00a0\u015awieccy (OFS), grupa adoracji \u201eWzg\u00f3rza\u201d (lit. Kalvos). Ko\u015bci\u00f3\u0142 Znalezienia Krzy\u017ca \u015awi\u0119tego jest cz\u0119\u015bci\u0105\u00a0jednej z najwi\u0119kszych Dr\u00f3g Krzy\u017cowych w Europie. Droga Krzy\u017cowa powsta\u0142a w XVII w. jako\u00a0odzwierciedlenie topografii Jerozolimy za czas\u00f3w Jezusa przy zachowaniu rzeczywistych odleg\u0142o\u015bci,\u00a0dlatego ta cz\u0119\u015b\u0107 Wilna nazywana jest r\u00f3wnie\u017c Jerozolim\u0105. W Ko\u015bciele czczona jest relikwia Krzy\u017ca\u00a0\u015awi\u0119tego. Tu wyj\u0105tkowo uroczy\u015bcie obchodzone jest \u015bwi\u0119to Zes\u0142ania Ducha \u015awi\u0119tego.<\/p>\n<p><strong>Mo\u017cliwo\u015bci wolontariatu:<\/strong><\/p>\n<ul>\n<li>Prowadzenie dzia\u0142alno\u015bci charytatywnej wraz ze wsp\u00f3lnot\u0105 w centrum spo\u0142ecznym\u00a0\u201eBetanija\u201d.<\/li>\n<li>Wolontariat podczas zielono\u015bwi\u0105tkowych odpust\u00f3w.<\/li>\n<li>Spotkania m\u0142odzie\u017cy ze wsp\u00f3lnoty.<\/li>\n<li>Spotkania rodzin.<\/li>\n<\/ul>\n[\/vc_column_text][\/vc_column][vc_column column_padding=&#8221;no-extra-padding&#8221; column_padding_position=&#8221;all&#8221; background_color_opacity=&#8221;1&#8243; background_hover_color_opacity=&#8221;1&#8243; column_shadow=&#8221;none&#8221; column_border_radius=&#8221;none&#8221; width=&#8221;1\/2&#8243; tablet_text_alignment=&#8221;default&#8221; phone_text_alignment=&#8221;default&#8221; column_border_width=&#8221;none&#8221; column_border_style=&#8221;solid&#8221;]<div class=\"iwithtext\"><div class=\"iwt-icon\"> <i class=\"icon-default-style icon-map-marker accent-color\"><\/i> <\/div><div class=\"iwt-text\"> <strong>Adres:<\/strong><br \/>\n<a href=\"https:\/\/www.google.lt\/maps\/place\/Kalvarij\u0173+g.+327,+Vilnius+08311\/@54.7403567,25.2773714,17z\/data=!3m1!4b1!4m5!3m4!1s0x46dd912391f6294b:0xe1209b17776f741c!8m2!3d54.7403536!4d25.2795601\" target=\"_blank\" rel=\"noopener\">ul. Kalvarij\u0173 327, Wilno<\/a> <\/div><div class=\"clear\"><\/div><\/div><div class=\"iwithtext\"><div class=\"iwt-icon\"> <i class=\"icon-default-style icon-phone accent-color\"><\/i> <\/div><div class=\"iwt-text\"> +370 5 269 74 69 <\/div><div class=\"clear\"><\/div><\/div><div class=\"iwithtext\"><div class=\"iwt-icon\"> <i class=\"icon-default-style icon-envelope accent-color\"><\/i> <\/div><div class=\"iwt-text\"> info@vilniauskalvarijos.lt <\/div><div class=\"clear\"><\/div><\/div><div class=\"iwithtext\"><div class=\"iwt-icon\"> <i class=\"icon-default-style icon-globe accent-color\"><\/i> <\/div><div class=\"iwt-text\"> <a href=\"http:\/\/www.vilniauskalvarijos.lt\" target=\"_blank\" rel=\"noopener\">www.vilniauskalvarijos.lt<\/a> <\/div><div class=\"clear\"><\/div><\/div>[\/vc_column][\/vc_row]\n","protected":false},"excerpt":{"rendered":"<p>[vc_row type=&#8221;in_container&#8221; full_screen_row_position=&#8221;middle&#8221; scene_position=&#8221;center&#8221; text_color=&#8221;dark&#8221; text_align=&#8221;left&#8221; overlay_strength=&#8221;0.3&#8243; shape_divider_position=&#8221;bottom&#8221;][vc_column centered_text=&#8221;true&#8221; column_padding=&#8221;no-extra-padding&#8221; column_&#8230;<\/p>\n","protected":false},"author":2,"featured_media":333,"parent":47,"menu_order":0,"comment_status":"closed","ping_status":"closed","template":"","meta":{"footnotes":""},"class_list":["post-103","page","type-page","status-publish","has-post-thumbnail","hentry"],"_links":{"self":[{"href":"https:\/\/cityofmercy.lt\/pl_PL\/wp-json\/wp\/v2\/pages\/103","targetHints":{"allow":["GET"]}}],"collection":[{"href":"https:\/\/cityofmercy.lt\/pl_PL\/wp-json\/wp\/v2\/pages"}],"about":[{"href":"https:\/\/cityofmercy.lt\/pl_PL\/wp-json\/wp\/v2\/types\/page"}],"author":[{"embeddable":true,"href":"https:\/\/cityofmercy.lt\/pl_PL\/wp-json\/wp\/v2\/users\/2"}],"replies":[{"embeddable":true,"href":"https:\/\/cityofmercy.lt\/pl_PL\/wp-json\/wp\/v2\/comments?post=103"}],"version-history":[{"count":40,"href":"https:\/\/cityofmercy.lt\/pl_PL\/wp-json\/wp\/v2\/pages\/103\/revisions"}],"predecessor-version":[{"id":6554,"href":"https:\/\/cityofmercy.lt\/pl_PL\/wp-json\/wp\/v2\/pages\/103\/revisions\/6554"}],"up":[{"embeddable":true,"href":"https:\/\/cityofmercy.lt\/pl_PL\/wp-json\/wp\/v2\/pages\/47"}],"wp:featuredmedia":[{"embeddable":true,"href":"https:\/\/cityofmercy.lt\/pl_PL\/wp-json\/wp\/v2\/media\/333"}],"wp:attachment":[{"href":"https:\/\/cityofmercy.lt\/pl_PL\/wp-json\/wp\/v2\/media?parent=103"}],"curies":[{"name":"wp","href":"https:\/\/api.w.org\/{rel}","templated":true}]}}