{"id":101,"date":"2017-11-30T15:54:08","date_gmt":"2017-11-30T15:54:08","guid":{"rendered":"http:\/\/cityofmercy.lt\/?page_id=101"},"modified":"2021-01-24T17:48:41","modified_gmt":"2021-01-24T17:48:41","slug":"sv-jono-joanitu-bendruomene","status":"publish","type":"page","link":"https:\/\/cityofmercy.lt\/pl_PL\/susitikimai\/sv-jono-joanitu-bendruomene\/","title":{"rendered":"Wsp\u00f3lnota \u015bw. Jana (Joannit\u00f3w)"},"content":{"rendered":"[vc_row type=&#8221;in_container&#8221; full_screen_row_position=&#8221;middle&#8221; scene_position=&#8221;center&#8221; text_color=&#8221;dark&#8221; text_align=&#8221;left&#8221; overlay_strength=&#8221;0.3&#8243; shape_divider_position=&#8221;bottom&#8221;][vc_column centered_text=&#8221;true&#8221; column_padding=&#8221;no-extra-padding&#8221; column_padding_position=&#8221;all&#8221; background_color_opacity=&#8221;1&#8243; background_hover_color_opacity=&#8221;1&#8243; column_shadow=&#8221;none&#8221; column_border_radius=&#8221;none&#8221; width=&#8221;1\/1&#8243; tablet_text_alignment=&#8221;default&#8221; phone_text_alignment=&#8221;default&#8221; column_border_width=&#8221;none&#8221; column_border_style=&#8221;solid&#8221;][vc_column_text]\n<h4><strong>Wsp\u00f3lnota \u015bw. Jana (Joannit\u00f3w)<\/strong><\/h4>\n[\/vc_column_text]<div class=\"divider-wrap\"><div style=\"margin-top: 25px; height: 1px; margin-bottom: 25px;\" data-width=\"100%\" data-animate=\"\" data-animation-delay=\"\" data-color=\"default\" class=\"divider-border\"><\/div><\/div>[\/vc_column][\/vc_row][vc_row type=&#8221;in_container&#8221; full_screen_row_position=&#8221;middle&#8221; scene_position=&#8221;center&#8221; text_color=&#8221;dark&#8221; text_align=&#8221;left&#8221; overlay_strength=&#8221;0.3&#8243; shape_divider_position=&#8221;bottom&#8221;][vc_column column_padding=&#8221;no-extra-padding&#8221; column_padding_position=&#8221;all&#8221; background_color_opacity=&#8221;1&#8243; background_hover_color_opacity=&#8221;1&#8243; column_shadow=&#8221;none&#8221; column_border_radius=&#8221;none&#8221; width=&#8221;1\/2&#8243; tablet_text_alignment=&#8221;default&#8221; phone_text_alignment=&#8221;default&#8221; column_border_width=&#8221;none&#8221; column_border_style=&#8221;solid&#8221;][vc_gallery type=&#8221;nectarslider_style&#8221; images=&#8221;1046,1048,1049,253&#8243; flexible_slider_height=&#8221;true&#8221; bullet_navigation_style=&#8221;see_through&#8221; onclick=&#8221;link_no&#8221;][vc_column_text]\n<p style=\"text-align: justify;\">Powo\u0142aniem wsp\u00f3lnoty zakonnej Braci i Si\u00f3str \u015awi\u0119tego Jana jest pod\u0105\u017canie za Chrystusem na wz\u00f3r\u00a0\u015bw. Jana. Podobnie jak \u015bw. aposto\u0142 Jan wraz z Maryj\u0105, Bracia i Siostry pragn\u0105 kocha\u0107 Jezusa i\u00a0poznawa\u0107 tajemnice Jego serca, codziennie zanurzaj\u0105c si\u0119 w cichej, g\u0142\u0119bokiej modlitwie, adoracji,\u00a0celebruj\u0105c Eucharysti\u0119 i liturgie godzin. Bracia i Siostry zajmuj\u0105 si\u0119 tak\u017ce filozofi\u0105 i teologi\u0105.\u00a0Wsp\u00f3lnota \u015bw. Jana sk\u0142ada si\u0119 z trzech samodzielnych grup: Braci \u015bw. Jana, Si\u00f3str Apostolskich\u00a0\u015bw. Jana i Si\u00f3str kontemplacyjnych \u015bw. Jana, tak\u017ce oblat\u00f3w \u2013 \u015bwieccy, kt\u00f3rzy po\u015bwi\u0119caj\u0105c si\u0119 Bogu,\u00a0zobowi\u0105zuj\u0105 si\u0119 \u017cy\u0107 w duchu wsp\u00f3lnoty klasztornej zgodnie z zatwierdzon\u0105 dla nich Regu\u0142\u0105. Bracia\u00a0\u015bw. Jana przybyli na Litw\u0119 w 1993 r.<\/p>\n<p><strong>Mo\u017cliwo\u015bci wolontariatu i praktycznego uczestniczenia w \u017cyciu wsp\u00f3lnoty:<\/strong><\/p>\n<ul>\n<li>Wiecz\u00f3r adoracji we wtorki po Mszy \u015bwi\u0119tej dla m\u0142odzie\u017cy o godz. 18:30.<br \/>\nWieczory Mi\u0142osierdzia z Taiz\u00e9.<\/li>\n<li>Nieprzerwana adoracja Naj\u015bwi\u0119tszego Sakramentu. O mo\u017cliwo\u015bci w\u0142\u0105czenia si\u0119 w wieczn\u0105\u00a0adoracj\u0119 informuje vilnius@joanitai.org<\/li>\n<li>Pomoc w porz\u0105dkowaniu terenu i wn\u0119trza Ko\u015bcio\u0142a.<\/li>\n<li>W Wilnie znajduje si\u0119 akademik dla student\u00f3w i studentek, w kt\u00f3rym ch\u0119tni mog\u0105\u00a0zamieszka\u0107.<\/li>\n<\/ul>\n[\/vc_column_text][\/vc_column][vc_column column_padding=&#8221;no-extra-padding&#8221; column_padding_position=&#8221;all&#8221; background_color_opacity=&#8221;1&#8243; background_hover_color_opacity=&#8221;1&#8243; column_shadow=&#8221;none&#8221; column_border_radius=&#8221;none&#8221; width=&#8221;1\/2&#8243; tablet_text_alignment=&#8221;default&#8221; phone_text_alignment=&#8221;default&#8221; column_border_width=&#8221;none&#8221; column_border_style=&#8221;solid&#8221;]<div class=\"iwithtext\"><div class=\"iwt-icon\"> <i class=\"icon-default-style icon-map-marker accent-color\"><\/i> <\/div><div class=\"iwt-text\"> <strong>Adres: <\/strong><br \/>\n<a href=\"https:\/\/www.google.com\/maps\/place\/Antakalnio+g.+27,+Vilnius+10312\/@54.7007531,25.3095792,17z\/data=!3m1!4b1!4m5!3m4!1s0x46dd9698a73e00e5:0xe797c57df9fa87d1!8m2!3d54.70075!4d25.3117679\" target=\"_blank\" rel=\"noopener\">ul. Antakalnio 27, Wilno<\/a> <\/div><div class=\"clear\"><\/div><\/div><div class=\"iwithtext\"><div class=\"iwt-icon\"> <i class=\"icon-default-style icon-phone accent-color\"><\/i> <\/div><div class=\"iwt-text\"> +370 677 75\u00a0163 <\/div><div class=\"clear\"><\/div><\/div><div class=\"iwithtext\"><div class=\"iwt-icon\"> <i class=\"icon-default-style icon-envelope accent-color\"><\/i> <\/div><div class=\"iwt-text\"> vilnius@joanitai.org <\/div><div class=\"clear\"><\/div><\/div><div class=\"iwithtext\"><div class=\"iwt-icon\"> <i class=\"icon-default-style icon-globe accent-color\"><\/i> <\/div><div class=\"iwt-text\"> <a href=\"http:\/\/www.joanitai.org\" target=\"_blank\" rel=\"noopener\">www.joanitai.org<\/a> <\/div><div class=\"clear\"><\/div><\/div>[\/vc_column][\/vc_row]\n","protected":false},"excerpt":{"rendered":"<p>[vc_row type=&#8221;in_container&#8221; full_screen_row_position=&#8221;middle&#8221; scene_position=&#8221;center&#8221; text_color=&#8221;dark&#8221; text_align=&#8221;left&#8221; overlay_strength=&#8221;0.3&#8243; shape_divider_position=&#8221;bottom&#8221;][vc_column centered_text=&#8221;true&#8221; column_padding=&#8221;no-extra-padding&#8221; column_&#8230;<\/p>\n","protected":false},"author":2,"featured_media":1048,"parent":47,"menu_order":0,"comment_status":"closed","ping_status":"closed","template":"","meta":{"footnotes":""},"class_list":["post-101","page","type-page","status-publish","has-post-thumbnail","hentry"],"_links":{"self":[{"href":"https:\/\/cityofmercy.lt\/pl_PL\/wp-json\/wp\/v2\/pages\/101","targetHints":{"allow":["GET"]}}],"collection":[{"href":"https:\/\/cityofmercy.lt\/pl_PL\/wp-json\/wp\/v2\/pages"}],"about":[{"href":"https:\/\/cityofmercy.lt\/pl_PL\/wp-json\/wp\/v2\/types\/page"}],"author":[{"embeddable":true,"href":"https:\/\/cityofmercy.lt\/pl_PL\/wp-json\/wp\/v2\/users\/2"}],"replies":[{"embeddable":true,"href":"https:\/\/cityofmercy.lt\/pl_PL\/wp-json\/wp\/v2\/comments?post=101"}],"version-history":[{"count":40,"href":"https:\/\/cityofmercy.lt\/pl_PL\/wp-json\/wp\/v2\/pages\/101\/revisions"}],"predecessor-version":[{"id":6095,"href":"https:\/\/cityofmercy.lt\/pl_PL\/wp-json\/wp\/v2\/pages\/101\/revisions\/6095"}],"up":[{"embeddable":true,"href":"https:\/\/cityofmercy.lt\/pl_PL\/wp-json\/wp\/v2\/pages\/47"}],"wp:featuredmedia":[{"embeddable":true,"href":"https:\/\/cityofmercy.lt\/pl_PL\/wp-json\/wp\/v2\/media\/1048"}],"wp:attachment":[{"href":"https:\/\/cityofmercy.lt\/pl_PL\/wp-json\/wp\/v2\/media?parent=101"}],"curies":[{"name":"wp","href":"https:\/\/api.w.org\/{rel}","templated":true}]}}