{"id":7934,"date":"2024-05-09T15:10:06","date_gmt":"2024-05-09T12:10:06","guid":{"rendered":"https:\/\/cityofmercy.lt\/?page_id=7934"},"modified":"2024-05-21T14:14:24","modified_gmt":"2024-05-21T11:14:24","slug":"tuskulenai","status":"publish","type":"page","link":"https:\/\/cityofmercy.lt\/lt_LT\/objektai\/tuskulenai\/","title":{"rendered":"Tuskul\u0117n\u0173 rimties parko memorialinis kompleksas"},"content":{"rendered":"[vc_row type=&#8221;in_container&#8221; full_screen_row_position=&#8221;middle&#8221; scene_position=&#8221;center&#8221; text_color=&#8221;dark&#8221; text_align=&#8221;left&#8221; overlay_strength=&#8221;0.3&#8243; shape_divider_position=&#8221;bottom&#8221;][vc_column centered_text=&#8221;true&#8221; column_padding=&#8221;no-extra-padding&#8221; column_padding_position=&#8221;all&#8221; background_color_opacity=&#8221;1&#8243; background_hover_color_opacity=&#8221;1&#8243; column_shadow=&#8221;none&#8221; column_border_radius=&#8221;none&#8221; width=&#8221;1\/1&#8243; tablet_text_alignment=&#8221;default&#8221; phone_text_alignment=&#8221;default&#8221; column_border_width=&#8221;none&#8221; column_border_style=&#8221;solid&#8221;][vc_column_text]\n<h4><strong>Tuskul\u0117n\u0173 rimties parko memorialinis kompleksas<\/strong><\/h4>\n[\/vc_column_text]<div class=\"divider-wrap\"><div style=\"margin-top: 25px; height: 1px; margin-bottom: 25px;\" data-width=\"100%\" data-animate=\"\" data-animation-delay=\"\" data-color=\"default\" class=\"divider-border\"><\/div><\/div>[\/vc_column][\/vc_row][vc_row type=&#8221;in_container&#8221; full_screen_row_position=&#8221;middle&#8221; scene_position=&#8221;center&#8221; text_color=&#8221;dark&#8221; text_align=&#8221;left&#8221; overlay_strength=&#8221;0.3&#8243; shape_divider_position=&#8221;bottom&#8221;][vc_column column_padding=&#8221;no-extra-padding&#8221; column_padding_position=&#8221;all&#8221; background_color_opacity=&#8221;1&#8243; background_hover_color_opacity=&#8221;1&#8243; column_shadow=&#8221;none&#8221; column_border_radius=&#8221;none&#8221; top_margin=&#8221;-30&#8243; width=&#8221;1\/1&#8243; tablet_text_alignment=&#8221;default&#8221; phone_text_alignment=&#8221;default&#8221; column_border_width=&#8221;none&#8221; column_border_style=&#8221;solid&#8221;][vc_row_inner column_margin=&#8221;default&#8221; text_align=&#8221;left&#8221;][vc_column_inner column_padding=&#8221;no-extra-padding&#8221; column_padding_position=&#8221;all&#8221; background_color_opacity=&#8221;1&#8243; background_hover_color_opacity=&#8221;1&#8243; column_shadow=&#8221;none&#8221; column_border_radius=&#8221;none&#8221; width=&#8221;1\/2&#8243; column_border_width=&#8221;none&#8221; column_border_style=&#8221;solid&#8221;][nectar_image_with_hotspots image=&#8221;7932&#8243; preview=&#8221;https:\/\/cityofmercy.lt\/wp-content\/uploads\/2024\/05\/Tuskulenai_873-KB-scaled.jpg&#8221; color_1=&#8221;Accent-Color&#8221; hotspot_icon=&#8221;plus_sign&#8221; tooltip=&#8221;hover&#8221; tooltip_shadow=&#8221;medium_depth&#8221;][nectar_hotspot left=&#8221;11.6097%&#8221; top=&#8221;77.2271%&#8221; position=&#8221;top&#8221;][\/nectar_hotspot][\/nectar_image_with_hotspots]<div class=\"divider-wrap\"><div style=\"height: 20px;\" class=\"divider\"><\/div><\/div>[vc_column_text][\/vc_column_text]<div class=\"divider-wrap\"><div style=\"height: 20px;\" class=\"divider\"><\/div><\/div>[vc_column_text]\n<div class=\"wpb_text_column wpb_content_element \" style=\"text-align: justify;\">\n<div class=\"wpb_wrapper\">\n<p>Tuskul\u0117n\u0173 rimties parko memorialinis kompleksas yra Okupacij\u0173 ir laisv\u0117s kov\u0173 muziejaus padalinys. Tai \u2013 unikali vieta, jungianti kelias visi\u0161kai skirtingas epochas \u2013 diding\u0105 praeit\u012f ir vykdyt\u0173 nusikaltim\u0173 p\u0117dsakus. XVI a. \u012fkurtas Tuskul\u0117n\u0173 dvaras tur\u0117jo karali\u0161k\u0105j\u012f status\u0105. Iki XIX a. vidurio nepaprastai puo\u0161n\u016bs klasicizmo stiliaus dvaro r\u016bmai klest\u0117jo kaip vienas i\u0161 Vilniaus kult\u016bros \u017eidini\u0173.<\/p>\n<p>Nuo XX a. vidurio Tuskul\u0117n\u0173 dvaro teritorija \u2013 sovietini\u0173 okupant\u0173 brutalum\u0105 ir \u017eiaurum\u0105 liudijanti vieta. \u010cia 1944\u20131947 m. slapta buvo u\u017ekasti NKGB (MGB) vidaus kal\u0117jime vykdant mirties bausm\u0119 nu\u017eudyti \u017emon\u0117s.<\/p>\n<p>Komplekse galima aplankyti <a href=\"https:\/\/tuskulenumemorialas.lt\/apie-mus\/pastatai\/koplycia-kolumbariumas\/\">koply\u010di\u0105-kolumbarium\u0105<\/a><u>,<\/u> sovietinio totalitarinio re\u017eimo auk\u0173 am\u017einojo poilsio viet\u0105, Tuskul\u0117n\u0173 rimties park\u0105, Tuskul\u0117n\u0173 dvaro r\u016bmus ir dvaro oficin\u0105, Balt\u0105j\u012f dvarel\u012f bei \u0160v. Teres\u0117s koplyt\u0117l\u0119. Dvaro r\u016bmuose \u012frengta ekspozicija <u>\u201e<\/u><a href=\"http:\/\/homo.tuskulenumemorialas.lt\/\">Projektas \u2013 HOMO SOVIETICUS<\/a>\u201c<u>,<\/u> kuria siekiama atskleisti sovietinio totalitarinio re\u017eimo pastangas ir priemones kurti nauj\u0105 socialin\u0119, kult\u016brin\u0119 ir politin\u0119 aplink\u0105. Baltajame dvarelyje eksponuojama XVII a. statybin\u0117s keramikos degimo krosnis, kurioje buvo degamos plytos \u0160v. Petro ir Povilo ba\u017eny\u010dios statybai, o jo r\u016bsio ekspozicija <u>\u201e<\/u><a href=\"https:\/\/tuskulenumemorialas.lt\/nuolatines-ekspozicijos\/tuskulenu-dvaro-paslaptys\/\">Tuskul\u0117n\u0173 dvaro paslaptys<\/a>\u201c atskleid\u017eia sovietinio totalitarinio re\u017eimo sukurt\u0105 mirties nuosprend\u017ei\u0173 pri\u0117mimo ir vykdymo mechanizm\u0105. Viena i\u0161 ekspozicijos sali\u0173 skirta Tel\u0161i\u0173 vyskupui Vincentui Borisevi\u010diui, kuris 1946 m. lapkri\u010dio 18 d. buvo nu\u017eudytas NKGB (MGB) vidaus kal\u0117jime Vilniuje, o jo palaikai u\u017ekasti Tuskul\u0117n\u0173 dvaro teritorijoje.<\/p>\n<\/div>\n<\/div>\n[\/vc_column_text][\/vc_column_inner][vc_column_inner column_padding=&#8221;no-extra-padding&#8221; column_padding_position=&#8221;all&#8221; background_color_opacity=&#8221;1&#8243; background_hover_color_opacity=&#8221;1&#8243; column_shadow=&#8221;none&#8221; column_border_radius=&#8221;none&#8221; width=&#8221;1\/2&#8243; column_border_width=&#8221;none&#8221; column_border_style=&#8221;solid&#8221;]<div class=\"iwithtext\"><div class=\"iwt-icon\"> <i class=\"icon-default-style icon-map-marker accent-color\"><\/i> <\/div><div class=\"iwt-text\"> <a href=\"https:\/\/www.google.com\/maps\/place\/%C5%BDirm%C5%ABn%C5%B3+g.+1F,+Vilnius,+09101+Vilniaus+m.+sav.\/@54.6981264,25.3001922,17z\/data=!3m1!4b1!4m6!3m5!1s0x46dd96a0f1ab2655:0xad6a5d14bbc68fa5!8m2!3d54.6981264!4d25.3027671!16s%2Fg%2F11c5pbcth2?entry=ttu\" target=\"_blank\" rel=\"noopener\">\u017dirm\u016bn\u0173 g. 1F, 1N, Vilnius<\/a> <\/div><div class=\"clear\"><\/div><\/div><div class=\"iwithtext\"><div class=\"iwt-icon\"> <i class=\"icon-default-style icon-time accent-color\"><\/i> <\/div><div class=\"iwt-text\"> <b>Darbo laikas<\/b><br \/>\nIII\u2013VI: 10.00\u201318.00<br \/>\nVII: 10.00\u201317.00 <\/div><div class=\"clear\"><\/div><\/div><div class=\"iwithtext\"><div class=\"iwt-icon\"> <i class=\"icon-default-style icon-phone accent-color\"><\/i> <\/div><div class=\"iwt-text\"> Ekskursijos u\u017esakomos: +370 602 87308, +370 646 46279, +370 602 04592<\/p>\n<p>Edukaciniai u\u017esi\u0117mimai, film\u0173 per\u017ei\u016bros u\u017esakomos:\u00a0+370 646 45949<\/p>\n<p>Biliet\u0173 pardavimas ir i\u0161ankstinis s\u0105skait\u0173 i\u0161ra\u0161ymas:\u00a0+370 646 49629<\/p>\n<p>El. pa\u0161tas: tuskulenai@genocid.lt <\/div><div class=\"clear\"><\/div><\/div><div class=\"iwithtext\"><div class=\"iwt-icon\"> <i class=\"icon-default-style icon-globe accent-color\"><\/i> <\/div><div class=\"iwt-text\"> <a href=\"http:\/\/tuskulenumemorialas.lt\">tuskulenumemorialas.lt<\/a><\/p>\n <\/div><div class=\"clear\"><\/div><\/div>[\/vc_column_inner][\/vc_row_inner][\/vc_column][\/vc_row][vc_row type=&#8221;in_container&#8221; full_screen_row_position=&#8221;middle&#8221; scene_position=&#8221;center&#8221; text_color=&#8221;dark&#8221; text_align=&#8221;left&#8221; overlay_strength=&#8221;0.3&#8243; shape_divider_position=&#8221;bottom&#8221;][vc_column column_padding=&#8221;no-extra-padding&#8221; column_padding_position=&#8221;all&#8221; background_color_opacity=&#8221;1&#8243; background_hover_color_opacity=&#8221;1&#8243; column_shadow=&#8221;none&#8221; column_border_radius=&#8221;none&#8221; width=&#8221;1\/1&#8243; tablet_text_alignment=&#8221;default&#8221; phone_text_alignment=&#8221;default&#8221; column_border_width=&#8221;none&#8221; column_border_style=&#8221;solid&#8221;]<div class=\"divider-wrap\"><div style=\"height: 200px;\" class=\"divider\"><\/div><\/div>[\/vc_column][\/vc_row]\n","protected":false},"excerpt":{"rendered":"<p>[vc_row type=&#8221;in_container&#8221; full_screen_row_position=&#8221;middle&#8221; scene_position=&#8221;center&#8221; text_color=&#8221;dark&#8221; text_align=&#8221;left&#8221; overlay_strength=&#8221;0.3&#8243; shape_divider_position=&#8221;bottom&#8221;][vc_column centered_text=&#8221;true&#8221; column_padding=&#8221;no-extra-padding&#8221; column_&#8230;<\/p>\n","protected":false},"author":13,"featured_media":7932,"parent":38,"menu_order":0,"comment_status":"closed","ping_status":"closed","template":"","meta":{"footnotes":""},"class_list":["post-7934","page","type-page","status-publish","has-post-thumbnail","hentry"],"_links":{"self":[{"href":"https:\/\/cityofmercy.lt\/lt_LT\/wp-json\/wp\/v2\/pages\/7934","targetHints":{"allow":["GET"]}}],"collection":[{"href":"https:\/\/cityofmercy.lt\/lt_LT\/wp-json\/wp\/v2\/pages"}],"about":[{"href":"https:\/\/cityofmercy.lt\/lt_LT\/wp-json\/wp\/v2\/types\/page"}],"author":[{"embeddable":true,"href":"https:\/\/cityofmercy.lt\/lt_LT\/wp-json\/wp\/v2\/users\/13"}],"replies":[{"embeddable":true,"href":"https:\/\/cityofmercy.lt\/lt_LT\/wp-json\/wp\/v2\/comments?post=7934"}],"version-history":[{"count":16,"href":"https:\/\/cityofmercy.lt\/lt_LT\/wp-json\/wp\/v2\/pages\/7934\/revisions"}],"predecessor-version":[{"id":7952,"href":"https:\/\/cityofmercy.lt\/lt_LT\/wp-json\/wp\/v2\/pages\/7934\/revisions\/7952"}],"up":[{"embeddable":true,"href":"https:\/\/cityofmercy.lt\/lt_LT\/wp-json\/wp\/v2\/pages\/38"}],"wp:featuredmedia":[{"embeddable":true,"href":"https:\/\/cityofmercy.lt\/lt_LT\/wp-json\/wp\/v2\/media\/7932"}],"wp:attachment":[{"href":"https:\/\/cityofmercy.lt\/lt_LT\/wp-json\/wp\/v2\/media?parent=7934"}],"curies":[{"name":"wp","href":"https:\/\/api.w.org\/{rel}","templated":true}]}}