{"id":6892,"date":"2021-06-02T14:01:17","date_gmt":"2021-06-02T11:01:17","guid":{"rendered":"https:\/\/cityofmercy.lt\/?page_id=6892"},"modified":"2025-08-25T18:46:43","modified_gmt":"2025-08-25T15:46:43","slug":"sventes","status":"publish","type":"page","link":"https:\/\/cityofmercy.lt\/lt_LT\/planavimas\/sventes\/","title":{"rendered":"\u0160vent\u0117s"},"content":{"rendered":"[vc_row type=&#8221;in_container&#8221; full_screen_row_position=&#8221;middle&#8221; scene_position=&#8221;center&#8221; text_color=&#8221;dark&#8221; text_align=&#8221;left&#8221; top_padding=&#8221;5%&#8221; id=&#8221;Feasts&#8221; overlay_strength=&#8221;0.3&#8243; shape_divider_position=&#8221;bottom&#8221; shape_type=&#8221;&#8221;][vc_column column_padding=&#8221;no-extra-padding&#8221; column_padding_position=&#8221;all&#8221; background_color_opacity=&#8221;1&#8243; background_hover_color_opacity=&#8221;1&#8243; column_shadow=&#8221;none&#8221; column_border_radius=&#8221;none&#8221; width=&#8221;1\/1&#8243; tablet_text_alignment=&#8221;default&#8221; phone_text_alignment=&#8221;default&#8221; column_border_width=&#8221;none&#8221; column_border_style=&#8221;solid&#8221;][vc_row_inner column_margin=&#8221;default&#8221; text_align=&#8221;left&#8221;][vc_column_inner column_padding=&#8221;no-extra-padding&#8221; column_padding_position=&#8221;all&#8221; background_color_opacity=&#8221;1&#8243; background_hover_color_opacity=&#8221;1&#8243; column_shadow=&#8221;none&#8221; column_border_radius=&#8221;none&#8221; width=&#8221;1\/2&#8243; column_border_width=&#8221;none&#8221; column_border_style=&#8221;solid&#8221;][nectar_cascading_images image_1_url=&#8221;959&#8243; image_1_offset_x_sign=&#8221;+&#8221; image_1_offset_x=&#8221;0%&#8221; image_1_offset_y_sign=&#8221;+&#8221; image_1_offset_y=&#8221;0%&#8221; image_1_rotate_sign=&#8221;-&#8221; image_1_rotate=&#8221;none&#8221; image_1_animation=&#8221;None&#8221; image_1_box_shadow=&#8221;small_depth&#8221; image_2_offset_x_sign=&#8221;+&#8221; image_2_offset_x=&#8221;0%&#8221; image_2_offset_y_sign=&#8221;+&#8221; image_2_offset_y=&#8221;0%&#8221; image_2_rotate_sign=&#8221;+&#8221; image_2_rotate=&#8221;none&#8221; image_2_animation=&#8221;Fade In&#8221; image_2_box_shadow=&#8221;none&#8221; image_3_offset_x_sign=&#8221;+&#8221; image_3_offset_x=&#8221;0%&#8221; image_3_offset_y_sign=&#8221;+&#8221; image_3_offset_y=&#8221;0%&#8221; image_3_rotate_sign=&#8221;+&#8221; image_3_rotate=&#8221;none&#8221; image_3_animation=&#8221;Fade In&#8221; image_3_box_shadow=&#8221;none&#8221; image_4_offset_x_sign=&#8221;+&#8221; image_4_offset_x=&#8221;0%&#8221; image_4_offset_y_sign=&#8221;+&#8221; image_4_offset_y=&#8221;0%&#8221; image_4_rotate_sign=&#8221;+&#8221; image_4_rotate=&#8221;none&#8221; image_4_animation=&#8221;Fade In&#8221; image_4_box_shadow=&#8221;none&#8221; border_radius=&#8221;none&#8221;][\/vc_column_inner][vc_column_inner column_padding=&#8221;no-extra-padding&#8221; column_padding_position=&#8221;all&#8221; background_color_opacity=&#8221;1&#8243; background_hover_color_opacity=&#8221;1&#8243; column_shadow=&#8221;none&#8221; column_border_radius=&#8221;none&#8221; width=&#8221;1\/2&#8243; column_border_width=&#8221;none&#8221; column_border_style=&#8221;solid&#8221;][vc_column_text]\n<h1>SVARBIAUSI ATLAIDAI IR BA\u017dNYTIN\u0116S \u0160VENT\u0116S VILNIAUS ARKIVYSKUPIJOJE<\/h1>\n[\/vc_column_text]<div class=\"divider-wrap\"><div style=\"margin-top: 12px; width: 20%px; height: 3px; margin-bottom: 12px;\" data-width=\"20%\" data-animate=\"\" data-animation-delay=\"\" data-color=\"accent-color\" class=\"divider-small-border\"><\/div><\/div>[vc_column_text]<b>\u0160v. Kazimieras<\/b> \u2013 kovo 4 d. (<a href=\"https:\/\/cityofmercy.lt\/lt_LT\/objektai\/vilniaus-arkikatedra-bazilika\/\" target=\"_blank\" rel=\"noopener\">Vilniaus arkikatedra<\/a>)<br \/>\n<b>Didieji Dievo Gailestingumo atlaidai<\/b> \u2013 savait\u0117 po \u0160v. Velyk\u0173 (<a href=\"https:\/\/cityofmercy.lt\/lt_LT\/objektai\/dievo-gailestingumo-sventove\/\" target=\"_blank\" rel=\"noopener\">Dievo Gailestingumo \u0161ventov\u0117<\/a>)<br \/>\n<b>Sekmin\u0117s<\/b> \u2013 septintas sekmadienis po \u0161v. Velyk\u0173 (<a href=\"https:\/\/cityofmercy.lt\/lt_LT\/objektai\/vilniaus-kalvariju-sv-kryziaus-atradimo-baznycia\/\" target=\"_blank\" rel=\"noopener\">Vilniaus Kalvarij\u0173 \u0160v. Kry\u017eiaus atradimo ba\u017eny\u010dia<\/a>)<br \/>\n<b>Au\u0161ros Vart\u0173 \u0160v\u010d. Mergel\u0117s Marijos Gailestingumo Motinos atlaidai\u00a0<\/b>\u2013 lapkri\u010dio savait\u0117, \u012f kuri\u0105 patenka lapkri\u010dio 16 d. (<a href=\"https:\/\/cityofmercy.lt\/lt_LT\/objektai\/ausros-vartai\/\" target=\"_blank\" rel=\"noopener\">Au\u0161ros Vart\u0173 koply\u010dia<\/a>)<br \/>\nApie kitus, Vilniaus arkivyskupijoje vykstan\u010dius ir atvykstantiems piligrimams aktualius renginius, galite su\u017einoti <a href=\"http:\/\/www.vilnensis.lt\" target=\"_blank\" rel=\"noopener\"><b>\u0161iame puslapyje<\/b><\/a>.[\/vc_column_text][\/vc_column_inner][\/vc_row_inner][\/vc_column][\/vc_row][vc_row type=&#8221;in_container&#8221; full_screen_row_position=&#8221;middle&#8221; scene_position=&#8221;center&#8221; text_color=&#8221;dark&#8221; text_align=&#8221;left&#8221; top_padding=&#8221;5%&#8221; id=&#8221;holidays&#8221; overlay_strength=&#8221;0.3&#8243; shape_divider_position=&#8221;bottom&#8221; shape_type=&#8221;&#8221;][vc_column column_padding=&#8221;no-extra-padding&#8221; column_padding_position=&#8221;all&#8221; background_color_opacity=&#8221;1&#8243; background_hover_color_opacity=&#8221;1&#8243; column_shadow=&#8221;none&#8221; column_border_radius=&#8221;none&#8221; width=&#8221;1\/1&#8243; tablet_text_alignment=&#8221;default&#8221; phone_text_alignment=&#8221;default&#8221; column_border_width=&#8221;none&#8221; column_border_style=&#8221;solid&#8221;][vc_row_inner column_margin=&#8221;default&#8221; text_align=&#8221;left&#8221;][vc_column_inner column_padding=&#8221;no-extra-padding&#8221; column_padding_position=&#8221;all&#8221; background_color_opacity=&#8221;1&#8243; background_hover_color_opacity=&#8221;1&#8243; column_shadow=&#8221;none&#8221; column_border_radius=&#8221;none&#8221; width=&#8221;1\/2&#8243; column_border_width=&#8221;none&#8221; column_border_style=&#8221;solid&#8221;][vc_column_text]\n<h1>NACIONALIN\u0116S \u0160VENT\u0116S LIETUVOJE<\/h1>\n[\/vc_column_text]<div class=\"divider-wrap\"><div style=\"margin-top: 12px; width: 20%px; height: 3px; margin-bottom: 12px;\" data-width=\"20%\" data-animate=\"\" data-animation-delay=\"\" data-color=\"accent-color\" class=\"divider-small-border\"><\/div><\/div>[vc_column_text]<b>Nedarbo dienos<\/b><br \/>\n<b>Sausio 1 d.<\/b>\u00a0\u2013 Naujieji metai<br \/>\n<b>Vasario 16 d.<\/b>\u00a0\u2013 Lietuvos valstyb\u0117s atk\u016brimo diena<br \/>\n<b>Kovo 11 d.<\/b>\u00a0\u2013 Lietuvos nepriklausomyb\u0117s atk\u016brimo diena<br \/>\n<b>\u0160v. Velykos <\/b>\u2013 data kintanti; \u0161ven\u010diama kaip ir visoje Katalik\u0173 ba\u017eny\u010dioje<br \/>\n<b>Gegu\u017e\u0117s 1 d.<\/b>\u00a0\u2013 Tarptautin\u0117 darbo diena<br \/>\n<b>Pirmasis gegu\u017e\u0117s sekmadienis<\/b> \u2013 Motinos diena<br \/>\n<b>Pirmasis bir\u017eelio sekmadienis<\/b>\u00a0\u2013 T\u0117vo diena<br \/>\n<b>Bir\u017eelio 24 d.<\/b>\u00a0\u2013 Jonin\u0117s (Jono Krik\u0161tytojo gimimo diena)<br \/>\n<b>Liepos 6 d.<\/b>\u00a0\u2013 Valstyb\u0117s (Lietuvos karaliaus Mindaugo kar\u016bnavimo) diena<br \/>\n<b>Rugpj\u016b\u010dio 15 d.<\/b>\u00a0\u2013 \u017dolin\u0117 (\u0160v\u010d. Mergel\u0117s Marijos \u0117mimo \u012f dang\u0173 diena)<br \/>\n<b>Lapkri\u010dio 1 d.<\/b>\u00a0\u2013 Vis\u0173 \u0160vent\u0173j\u0173 diena<br \/>\n<strong>Lapkri\u010dio 2 d.<\/strong>\u00a0\u2013 V\u0117lin\u0117s<br \/>\n<b>Gruod\u017eio 24 d.<\/b>\u00a0\u2013 K\u016b\u010dios<br \/>\n<b>Gruod\u017eio 25-26 d.<\/b>\u00a0\u2013 \u0160v. Kal\u0117dos[\/vc_column_text][\/vc_column_inner][vc_column_inner column_padding=&#8221;no-extra-padding&#8221; column_padding_position=&#8221;all&#8221; background_color_opacity=&#8221;1&#8243; background_hover_color_opacity=&#8221;1&#8243; column_shadow=&#8221;none&#8221; column_border_radius=&#8221;none&#8221; width=&#8221;1\/2&#8243; column_border_width=&#8221;none&#8221; column_border_style=&#8221;solid&#8221;][nectar_cascading_images image_1_url=&#8221;4046&#8243; image_1_offset_x_sign=&#8221;+&#8221; image_1_offset_x=&#8221;0%&#8221; image_1_offset_y_sign=&#8221;+&#8221; image_1_offset_y=&#8221;0%&#8221; image_1_rotate_sign=&#8221;+&#8221; image_1_rotate=&#8221;none&#8221; image_1_animation=&#8221;None&#8221; image_1_box_shadow=&#8221;small_depth&#8221; image_2_offset_x_sign=&#8221;+&#8221; image_2_offset_x=&#8221;0%&#8221; image_2_offset_y_sign=&#8221;+&#8221; image_2_offset_y=&#8221;0%&#8221; image_2_rotate_sign=&#8221;+&#8221; image_2_rotate=&#8221;none&#8221; image_2_animation=&#8221;Fade In&#8221; image_2_box_shadow=&#8221;none&#8221; image_3_offset_x_sign=&#8221;+&#8221; image_3_offset_x=&#8221;0%&#8221; image_3_offset_y_sign=&#8221;+&#8221; image_3_offset_y=&#8221;0%&#8221; image_3_rotate_sign=&#8221;+&#8221; image_3_rotate=&#8221;none&#8221; image_3_animation=&#8221;Fade In&#8221; image_3_box_shadow=&#8221;none&#8221; image_4_offset_x_sign=&#8221;+&#8221; image_4_offset_x=&#8221;0%&#8221; image_4_offset_y_sign=&#8221;+&#8221; image_4_offset_y=&#8221;0%&#8221; image_4_rotate_sign=&#8221;+&#8221; image_4_rotate=&#8221;none&#8221; image_4_animation=&#8221;Fade In&#8221; image_4_box_shadow=&#8221;none&#8221; border_radius=&#8221;none&#8221;][\/vc_column_inner][\/vc_row_inner][\/vc_column][\/vc_row][vc_column column_padding=&#8221;no-extra-padding&#8221; column_padding_position=&#8221;all&#8221; background_color_opacity=&#8221;1&#8243; background_hover_color_opacity=&#8221;1&#8243; column_shadow=&#8221;none&#8221; column_border_radius=&#8221;none&#8221; width=&#8221;1\/1&#8243; tablet_text_alignment=&#8221;default&#8221; phone_text_alignment=&#8221;default&#8221; column_border_width=&#8221;none&#8221; column_border_style=&#8221;solid&#8221;][\/vc_column][vc_column_inner column_padding=&#8221;no-extra-padding&#8221; column_padding_position=&#8221;all&#8221; background_color_opacity=&#8221;1&#8243; background_hover_color_opacity=&#8221;1&#8243; column_shadow=&#8221;none&#8221; column_border_radius=&#8221;none&#8221; width=&#8221;1\/2&#8243; column_border_width=&#8221;none&#8221; column_border_style=&#8221;solid&#8221;][\/vc_column_inner][vc_column_inner column_padding=&#8221;no-extra-padding&#8221; column_padding_position=&#8221;all&#8221; background_color_opacity=&#8221;1&#8243; background_hover_color_opacity=&#8221;1&#8243; column_shadow=&#8221;none&#8221; column_border_radius=&#8221;none&#8221; width=&#8221;1\/2&#8243; column_border_width=&#8221;none&#8221; column_border_style=&#8221;solid&#8221;][\/vc_column_inner]\n","protected":false},"excerpt":{"rendered":"<p>[vc_row type=&#8221;in_container&#8221; full_screen_row_position=&#8221;middle&#8221; scene_position=&#8221;center&#8221; text_color=&#8221;dark&#8221; text_align=&#8221;left&#8221; top_padding=&#8221;5%&#8221; id=&#8221;Feasts&#8221; overlay_strength=&#8221;0.3&#8243; shape_divider_position=&#8221;bottom&#8221; shape_type=&#8221;&#8221;][vc_column column_padding=&#8221;no-&#8230;<\/p>\n","protected":false},"author":6,"featured_media":0,"parent":49,"menu_order":0,"comment_status":"closed","ping_status":"closed","template":"","meta":{"footnotes":""},"class_list":["post-6892","page","type-page","status-publish","hentry"],"_links":{"self":[{"href":"https:\/\/cityofmercy.lt\/lt_LT\/wp-json\/wp\/v2\/pages\/6892","targetHints":{"allow":["GET"]}}],"collection":[{"href":"https:\/\/cityofmercy.lt\/lt_LT\/wp-json\/wp\/v2\/pages"}],"about":[{"href":"https:\/\/cityofmercy.lt\/lt_LT\/wp-json\/wp\/v2\/types\/page"}],"author":[{"embeddable":true,"href":"https:\/\/cityofmercy.lt\/lt_LT\/wp-json\/wp\/v2\/users\/6"}],"replies":[{"embeddable":true,"href":"https:\/\/cityofmercy.lt\/lt_LT\/wp-json\/wp\/v2\/comments?post=6892"}],"version-history":[{"count":18,"href":"https:\/\/cityofmercy.lt\/lt_LT\/wp-json\/wp\/v2\/pages\/6892\/revisions"}],"predecessor-version":[{"id":8064,"href":"https:\/\/cityofmercy.lt\/lt_LT\/wp-json\/wp\/v2\/pages\/6892\/revisions\/8064"}],"up":[{"embeddable":true,"href":"https:\/\/cityofmercy.lt\/lt_LT\/wp-json\/wp\/v2\/pages\/49"}],"wp:attachment":[{"href":"https:\/\/cityofmercy.lt\/lt_LT\/wp-json\/wp\/v2\/media?parent=6892"}],"curies":[{"name":"wp","href":"https:\/\/api.w.org\/{rel}","templated":true}]}}