{"id":6883,"date":"2021-06-02T13:46:50","date_gmt":"2021-06-02T10:46:50","guid":{"rendered":"https:\/\/cityofmercy.lt\/?page_id=6883"},"modified":"2021-06-02T13:58:44","modified_gmt":"2021-06-02T10:58:44","slug":"transportas-2","status":"publish","type":"page","link":"https:\/\/cityofmercy.lt\/lt_LT\/planavimas\/transportas-2\/","title":{"rendered":"Transportas"},"content":{"rendered":"[vc_row type=&#8221;in_container&#8221; full_screen_row_position=&#8221;middle&#8221; scene_position=&#8221;center&#8221; text_color=&#8221;dark&#8221; text_align=&#8221;left&#8221; top_padding=&#8221;5%&#8221; id=&#8221;international&#8221; overlay_strength=&#8221;0.3&#8243; shape_divider_position=&#8221;bottom&#8221; shape_type=&#8221;&#8221;][vc_column column_padding=&#8221;no-extra-padding&#8221; column_padding_position=&#8221;all&#8221; background_color_opacity=&#8221;1&#8243; background_hover_color_opacity=&#8221;1&#8243; column_shadow=&#8221;none&#8221; column_border_radius=&#8221;none&#8221; width=&#8221;1\/1&#8243; tablet_text_alignment=&#8221;default&#8221; phone_text_alignment=&#8221;default&#8221; column_border_width=&#8221;none&#8221; column_border_style=&#8221;solid&#8221;][vc_row_inner column_margin=&#8221;default&#8221; text_align=&#8221;left&#8221;][vc_column_inner column_padding=&#8221;no-extra-padding&#8221; column_padding_position=&#8221;all&#8221; background_color_opacity=&#8221;1&#8243; background_hover_color_opacity=&#8221;1&#8243; column_shadow=&#8221;none&#8221; column_border_radius=&#8221;none&#8221; width=&#8221;1\/2&#8243; column_border_width=&#8221;none&#8221; column_border_style=&#8221;solid&#8221;][nectar_cascading_images image_1_url=&#8221;962&#8243; image_1_offset_x_sign=&#8221;+&#8221; image_1_offset_x=&#8221;0%&#8221; image_1_offset_y_sign=&#8221;+&#8221; image_1_offset_y=&#8221;0%&#8221; image_1_rotate_sign=&#8221;-&#8221; image_1_rotate=&#8221;none&#8221; image_1_animation=&#8221;None&#8221; image_1_box_shadow=&#8221;small_depth&#8221; image_2_offset_x_sign=&#8221;+&#8221; image_2_offset_x=&#8221;0%&#8221; image_2_offset_y_sign=&#8221;+&#8221; image_2_offset_y=&#8221;0%&#8221; image_2_rotate_sign=&#8221;+&#8221; image_2_rotate=&#8221;none&#8221; image_2_animation=&#8221;Fade In&#8221; image_2_box_shadow=&#8221;none&#8221; image_3_offset_x_sign=&#8221;+&#8221; image_3_offset_x=&#8221;0%&#8221; image_3_offset_y_sign=&#8221;+&#8221; image_3_offset_y=&#8221;0%&#8221; image_3_rotate_sign=&#8221;+&#8221; image_3_rotate=&#8221;none&#8221; image_3_animation=&#8221;Fade In&#8221; image_3_box_shadow=&#8221;none&#8221; image_4_offset_x_sign=&#8221;+&#8221; image_4_offset_x=&#8221;0%&#8221; image_4_offset_y_sign=&#8221;+&#8221; image_4_offset_y=&#8221;0%&#8221; image_4_rotate_sign=&#8221;+&#8221; image_4_rotate=&#8221;none&#8221; image_4_animation=&#8221;Fade In&#8221; image_4_box_shadow=&#8221;none&#8221; border_radius=&#8221;none&#8221;][\/vc_column_inner][vc_column_inner column_padding=&#8221;no-extra-padding&#8221; column_padding_position=&#8221;all&#8221; background_color_opacity=&#8221;1&#8243; background_hover_color_opacity=&#8221;1&#8243; column_shadow=&#8221;none&#8221; column_border_radius=&#8221;none&#8221; width=&#8221;1\/2&#8243; column_border_width=&#8221;none&#8221; column_border_style=&#8221;solid&#8221;][vc_column_text]\n<h1>TARPTAUTINIS TRANSPORTAS<\/h1>\n[\/vc_column_text]<div class=\"divider-wrap\"><div style=\"margin-top: 12px; width: 20%px; height: 3px; margin-bottom: 12px;\" data-width=\"20%\" data-animate=\"\" data-animation-delay=\"\" data-color=\"accent-color\" class=\"divider-small-border\"><\/div><\/div>[vc_column_text]Negalime nusp\u0117ti, i\u0161 kurios Europos ar pasaulio vietos atvyksite, ta\u010diau J\u016bs\u0173 \u017einiai Vilniaus oro uost\u0105 l\u0117ktuvu tiesiogiai galite pasiekti i\u0161 50 pasaulio miest\u0173. Dar du \u2013 Kauno ir Palangos \u2013 oro uostai taip pat gali b\u016bti tinkami J\u016bs\u0173 kelionei.<\/p>\n<p><a href=\"http:\/\/www.vilnius-airport.lt\/en\/planning-a-trip\/flight-map\/\" target=\"_blank\" rel=\"noopener\">VILNIUS<\/a><br \/>\n<a href=\"https:\/\/www.kaunas-airport.lt\/index.php?lang=lt&amp;page=skrydziu_zemelapis\" target=\"_blank\" rel=\"noopener\">KAUNAS<\/a><br \/>\n<a href=\"http:\/\/www.palanga-airport.lt\/lt\" target=\"_blank\" rel=\"noopener\">PALANGA<\/a><\/p>\n<p>Apsvarstykite galimyb\u0119 \u012f Lietuv\u0105 atvykti tarptautiniu traukiniu ar autobusu. Traukini\u0173 ir autobus\u0173 stotys visai \u0161alai viena kitos \u2013 reikia tik pereiti gatv\u0119.<br \/>\n<a href=\"https:\/\/www.traukiniobilietas.lt\/portal\/en\" target=\"_blank\" rel=\"noopener\">TRAUKINIAI<\/a> (i\u0161 Lenkijos, Baltarusijos, Rusijos)<\/p>\n<p>Sistema nerodo reikaling\u0173 pers\u0117dim\u0173, tik galutin\u0119 konkretaus traukinio stotel\u0119.<\/p>\n<p><a href=\"http:\/\/autobusustotis.lt\" target=\"_blank\" rel=\"noopener\">AUTOBUSAI<\/a><br \/>\n<a href=\"https:\/\/luxexpress.eu\/lt\" target=\"_blank\" rel=\"noopener\">LUX EXPRESS<\/a><br \/>\n<a href=\"http:\/\/www.eurolines.lt\/en\/\" target=\"_blank\" rel=\"noopener\">EUROLINES<\/a><br \/>\n<a href=\"https:\/\/ecolines.net\/lt\/en\" target=\"_blank\" rel=\"noopener\">ECOLINES<\/a>[\/vc_column_text][\/vc_column_inner][\/vc_row_inner][\/vc_column][\/vc_row][vc_row type=&#8221;in_container&#8221; full_screen_row_position=&#8221;middle&#8221; scene_position=&#8221;center&#8221; text_color=&#8221;dark&#8221; text_align=&#8221;left&#8221; top_padding=&#8221;5%&#8221; id=&#8221;air&#8221; overlay_strength=&#8221;0.3&#8243; shape_divider_position=&#8221;bottom&#8221; shape_type=&#8221;&#8221;][vc_column column_padding=&#8221;no-extra-padding&#8221; column_padding_position=&#8221;all&#8221; background_color_opacity=&#8221;1&#8243; background_hover_color_opacity=&#8221;1&#8243; column_shadow=&#8221;none&#8221; column_border_radius=&#8221;none&#8221; width=&#8221;1\/1&#8243; tablet_text_alignment=&#8221;default&#8221; phone_text_alignment=&#8221;default&#8221; column_border_width=&#8221;none&#8221; column_border_style=&#8221;solid&#8221;][vc_row_inner column_margin=&#8221;default&#8221; text_align=&#8221;left&#8221;][vc_column_inner column_padding=&#8221;no-extra-padding&#8221; column_padding_position=&#8221;all&#8221; background_color_opacity=&#8221;1&#8243; background_hover_color_opacity=&#8221;1&#8243; column_shadow=&#8221;none&#8221; column_border_radius=&#8221;none&#8221; width=&#8221;1\/2&#8243; column_border_width=&#8221;none&#8221; column_border_style=&#8221;solid&#8221;][vc_column_text]\n<h1>ATVYKIMAS I\u0160 ORO UOSTO<\/h1>\n[\/vc_column_text]<div class=\"divider-wrap\"><div style=\"margin-top: 12px; width: 20%px; height: 3px; margin-bottom: 12px;\" data-width=\"20%\" data-animate=\"\" data-animation-delay=\"\" data-color=\"accent-color\" class=\"divider-small-border\"><\/div><\/div>[vc_column_text]Miesto centr\u0105 ir kitas Vilniaus vietas i\u0161 oro uosto be vargo pasieksite \u012fvairiomis <a href=\"https:\/\/www.vilnius-airport.lt\/lt\/pries-skrydi\/susisiekimas\" target=\"_blank\" rel=\"noopener\">transporto<\/a> priemon\u0117mis.<\/p>\n<p>Taip pat galite i\u0161sikviesti Taxi, Uber, Bolt arba i\u0161sinuomoti miesto automobilius <a href=\"https:\/\/registration.citybee.lt\/\" target=\"_blank\" rel=\"noopener\">CityBee<\/a> arba <a href=\"http:\/\/www.espark.lt\/elektromobiliai\/\" target=\"_blank\" rel=\"noopener\">Spark<\/a>.<\/p>\n<p>Taxi geriausia i\u0161sikviesti negu pasigauti atsitiktin\u012f gatv\u0117je, nes \u0161is bus kur kas brangesnis.\u00a0 Patariame i\u0161 anksto vairuotojo paklausti kelion\u0117 kainos. Nuo Oro uosto iki senamies\u010dio kaina netur\u0117t\u0173 vir\u0161yti 10 Eur. Gali b\u016bti sunkum\u0173 i\u0161sikvie\u010diant taxi angl\u0173 kalba. \u010cia gali pad\u0117ti oro uoste esantys Vilniaus turizmo informacijos centro darbuotojai.[\/vc_column_text][\/vc_column_inner][vc_column_inner column_padding=&#8221;no-extra-padding&#8221; column_padding_position=&#8221;all&#8221; background_color_opacity=&#8221;1&#8243; background_hover_color_opacity=&#8221;1&#8243; column_shadow=&#8221;none&#8221; column_border_radius=&#8221;none&#8221; width=&#8221;1\/2&#8243; column_border_width=&#8221;none&#8221; column_border_style=&#8221;solid&#8221;][nectar_cascading_images image_1_url=&#8221;4047&#8243; image_1_offset_x_sign=&#8221;+&#8221; image_1_offset_x=&#8221;0%&#8221; image_1_offset_y_sign=&#8221;+&#8221; image_1_offset_y=&#8221;0%&#8221; image_1_rotate_sign=&#8221;+&#8221; image_1_rotate=&#8221;none&#8221; image_1_animation=&#8221;None&#8221; image_1_box_shadow=&#8221;small_depth&#8221; image_2_offset_x_sign=&#8221;+&#8221; image_2_offset_x=&#8221;0%&#8221; image_2_offset_y_sign=&#8221;+&#8221; image_2_offset_y=&#8221;0%&#8221; image_2_rotate_sign=&#8221;+&#8221; image_2_rotate=&#8221;none&#8221; image_2_animation=&#8221;Fade In&#8221; image_2_box_shadow=&#8221;none&#8221; image_3_offset_x_sign=&#8221;+&#8221; image_3_offset_x=&#8221;0%&#8221; image_3_offset_y_sign=&#8221;+&#8221; image_3_offset_y=&#8221;0%&#8221; image_3_rotate_sign=&#8221;+&#8221; image_3_rotate=&#8221;none&#8221; image_3_animation=&#8221;Fade In&#8221; image_3_box_shadow=&#8221;none&#8221; image_4_offset_x_sign=&#8221;+&#8221; image_4_offset_x=&#8221;0%&#8221; image_4_offset_y_sign=&#8221;+&#8221; image_4_offset_y=&#8221;0%&#8221; image_4_rotate_sign=&#8221;+&#8221; image_4_rotate=&#8221;none&#8221; image_4_animation=&#8221;Fade In&#8221; image_4_box_shadow=&#8221;none&#8221; border_radius=&#8221;none&#8221;][\/vc_column_inner][\/vc_row_inner][\/vc_column][\/vc_row][vc_row type=&#8221;in_container&#8221; full_screen_row_position=&#8221;middle&#8221; scene_position=&#8221;center&#8221; text_color=&#8221;dark&#8221; text_align=&#8221;left&#8221; top_padding=&#8221;5%&#8221; id=&#8221;transportation&#8221; overlay_strength=&#8221;0.3&#8243; shape_divider_position=&#8221;bottom&#8221; shape_type=&#8221;&#8221;][vc_column column_padding=&#8221;no-extra-padding&#8221; column_padding_position=&#8221;all&#8221; background_color_opacity=&#8221;1&#8243; background_hover_color_opacity=&#8221;1&#8243; column_shadow=&#8221;none&#8221; column_border_radius=&#8221;none&#8221; width=&#8221;1\/1&#8243; tablet_text_alignment=&#8221;default&#8221; phone_text_alignment=&#8221;default&#8221; column_border_width=&#8221;none&#8221; column_border_style=&#8221;solid&#8221;][vc_row_inner column_margin=&#8221;default&#8221; text_align=&#8221;left&#8221;][vc_column_inner column_padding=&#8221;no-extra-padding&#8221; column_padding_position=&#8221;all&#8221; background_color_opacity=&#8221;1&#8243; background_hover_color_opacity=&#8221;1&#8243; column_shadow=&#8221;none&#8221; column_border_radius=&#8221;none&#8221; width=&#8221;1\/2&#8243; column_border_width=&#8221;none&#8221; column_border_style=&#8221;solid&#8221;][nectar_cascading_images image_1_url=&#8221;951&#8243; image_1_offset_x_sign=&#8221;+&#8221; image_1_offset_x=&#8221;0%&#8221; image_1_offset_y_sign=&#8221;+&#8221; image_1_offset_y=&#8221;0%&#8221; image_1_rotate_sign=&#8221;-&#8221; image_1_rotate=&#8221;none&#8221; image_1_animation=&#8221;None&#8221; image_1_box_shadow=&#8221;small_depth&#8221; image_2_offset_x_sign=&#8221;+&#8221; image_2_offset_x=&#8221;0%&#8221; image_2_offset_y_sign=&#8221;+&#8221; image_2_offset_y=&#8221;0%&#8221; image_2_rotate_sign=&#8221;+&#8221; image_2_rotate=&#8221;none&#8221; image_2_animation=&#8221;Fade In&#8221; image_2_box_shadow=&#8221;none&#8221; image_3_offset_x_sign=&#8221;+&#8221; image_3_offset_x=&#8221;0%&#8221; image_3_offset_y_sign=&#8221;+&#8221; image_3_offset_y=&#8221;0%&#8221; image_3_rotate_sign=&#8221;+&#8221; image_3_rotate=&#8221;none&#8221; image_3_animation=&#8221;Fade In&#8221; image_3_box_shadow=&#8221;none&#8221; image_4_offset_x_sign=&#8221;+&#8221; image_4_offset_x=&#8221;0%&#8221; image_4_offset_y_sign=&#8221;+&#8221; image_4_offset_y=&#8221;0%&#8221; image_4_rotate_sign=&#8221;+&#8221; image_4_rotate=&#8221;none&#8221; image_4_animation=&#8221;Fade In&#8221; image_4_box_shadow=&#8221;none&#8221; border_radius=&#8221;none&#8221;][\/vc_column_inner][vc_column_inner column_padding=&#8221;no-extra-padding&#8221; column_padding_position=&#8221;all&#8221; background_color_opacity=&#8221;1&#8243; background_hover_color_opacity=&#8221;1&#8243; column_shadow=&#8221;none&#8221; column_border_radius=&#8221;none&#8221; width=&#8221;1\/2&#8243; column_border_width=&#8221;none&#8221; column_border_style=&#8221;solid&#8221;][vc_column_text]\n<h1>TRANSPORTAS VILNIUJE IR\u00a0 LIETUVOJE<\/h1>\n[\/vc_column_text]<div class=\"divider-wrap\"><div style=\"margin-top: 12px; width: 20%px; height: 3px; margin-bottom: 12px;\" data-width=\"20%\" data-animate=\"\" data-animation-delay=\"\" data-color=\"accent-color\" class=\"divider-small-border\"><\/div><\/div>[vc_column_text]Vie\u0161asis transportas \u2013 <a href=\"https:\/\/www.trafi.lt\/?l=en#!tvarkarasciai\/vilnius\" target=\"_blank\" rel=\"noopener\">autobusai, troleibusai<\/a> \u2013 ypa\u010d patogus b\u016bdas keliauti, nes Vilnius \u2013 kompakti\u0161kas miestas. Piko valandos b\u016bna ryte, kai gyventojai va\u017eiuoja \u012f darbus, bei vakarop, gr\u012f\u017etant namo. \u0160iuo laiku kelion\u0117 vie\u0161uoju transportu gali u\u017etrukti ilgiau, bet labiausiai vienas nuo kito nutolusius miesto ta\u0161kus vis vien pasieksite per valand\u0105 ar grei\u010diau.<\/p>\n<p>Centre, senamiestyje bei nedaug nutolusiuose mikrorajonuose galite smagiai pasiva\u017ein\u0117ti\u00a0<a href=\"https:\/\/www.cyclocity.lt\/lt\/home\" target=\"_blank\" rel=\"noopener\">Cyclocity<\/a>\u00a0dvira\u010diais, nor\u0117dami keliauti toliau \u2013 i\u0161sikvieskite Uber, Bolt, Taxi, u\u017esiregistruokite\u00a0<a href=\"https:\/\/www.citybee.lt\/\" target=\"_blank\" rel=\"noopener\">CityBee<\/a>\u00a0ar\u00a0<a href=\"http:\/\/www.espark.lt\/elektromobiliai\/\" target=\"_blank\" rel=\"noopener\">Spark<\/a>\u00a0automobili\u0173 nuomai.<\/p>\n<p>Ne\u012fgali\u0173j\u0173 ve\u017eim\u0117li\u0173 nuoma \u2013 <a href=\"http:\/\/www.idemus.lt\/nuoma.html\" target=\"_blank\" rel=\"noopener\">Idemus<\/a>,\u00a0<a href=\"http:\/\/www.teida.lt\/Nuoma\/Neigaliojo-vezimelis-nuomai.html\" target=\"_blank\" rel=\"noopener\">Teida<\/a><\/p>\n<p>Lietuvos teritorija n\u0117ra didel\u0117, tod\u0117l per 4 -5 val. galite nukeliauti \u012f tolimiausi\u0105 Lietuvos ta\u0161k\u0105. J\u012f tikrai pasieksite <a href=\"https:\/\/www.autobusubilietai.lt\/index.php?cl=start&amp;lang=0\" target=\"_blank\" rel=\"noopener\">tarpmiestiniais autobusais<\/a> arba<a href=\"https:\/\/www.traukiniobilietas.lt\/portal\/en\" target=\"_blank\" rel=\"noopener\"> traukiniais<\/a>.[\/vc_column_text][\/vc_column_inner][\/vc_row_inner][\/vc_column][\/vc_row][vc_column column_padding=&#8221;no-extra-padding&#8221; column_padding_position=&#8221;all&#8221; background_color_opacity=&#8221;1&#8243; background_hover_color_opacity=&#8221;1&#8243; column_shadow=&#8221;none&#8221; column_border_radius=&#8221;none&#8221; width=&#8221;1\/1&#8243; tablet_text_alignment=&#8221;default&#8221; phone_text_alignment=&#8221;default&#8221; column_border_width=&#8221;none&#8221; column_border_style=&#8221;solid&#8221;][\/vc_column][vc_column_inner column_padding=&#8221;no-extra-padding&#8221; column_padding_position=&#8221;all&#8221; background_color_opacity=&#8221;1&#8243; background_hover_color_opacity=&#8221;1&#8243; column_shadow=&#8221;none&#8221; column_border_radius=&#8221;none&#8221; width=&#8221;1\/2&#8243; column_border_width=&#8221;none&#8221; column_border_style=&#8221;solid&#8221;][\/vc_column_inner]\n","protected":false},"excerpt":{"rendered":"<p>[vc_row type=&#8221;in_container&#8221; full_screen_row_position=&#8221;middle&#8221; scene_position=&#8221;center&#8221; text_color=&#8221;dark&#8221; text_align=&#8221;left&#8221; top_padding=&#8221;5%&#8221; id=&#8221;international&#8221; overlay_strength=&#8221;0.3&#8243; shape_divider_position=&#8221;bottom&#8221; shape_type=&#8221;&#8221;][vc_column column_paddi&#8230;<\/p>\n","protected":false},"author":6,"featured_media":0,"parent":49,"menu_order":0,"comment_status":"closed","ping_status":"closed","template":"","meta":{"footnotes":""},"class_list":["post-6883","page","type-page","status-publish","hentry"],"_links":{"self":[{"href":"https:\/\/cityofmercy.lt\/lt_LT\/wp-json\/wp\/v2\/pages\/6883","targetHints":{"allow":["GET"]}}],"collection":[{"href":"https:\/\/cityofmercy.lt\/lt_LT\/wp-json\/wp\/v2\/pages"}],"about":[{"href":"https:\/\/cityofmercy.lt\/lt_LT\/wp-json\/wp\/v2\/types\/page"}],"author":[{"embeddable":true,"href":"https:\/\/cityofmercy.lt\/lt_LT\/wp-json\/wp\/v2\/users\/6"}],"replies":[{"embeddable":true,"href":"https:\/\/cityofmercy.lt\/lt_LT\/wp-json\/wp\/v2\/comments?post=6883"}],"version-history":[{"count":8,"href":"https:\/\/cityofmercy.lt\/lt_LT\/wp-json\/wp\/v2\/pages\/6883\/revisions"}],"predecessor-version":[{"id":6891,"href":"https:\/\/cityofmercy.lt\/lt_LT\/wp-json\/wp\/v2\/pages\/6883\/revisions\/6891"}],"up":[{"embeddable":true,"href":"https:\/\/cityofmercy.lt\/lt_LT\/wp-json\/wp\/v2\/pages\/49"}],"wp:attachment":[{"href":"https:\/\/cityofmercy.lt\/lt_LT\/wp-json\/wp\/v2\/media?parent=6883"}],"curies":[{"name":"wp","href":"https:\/\/api.w.org\/{rel}","templated":true}]}}