{"id":6847,"date":"2021-06-01T17:25:15","date_gmt":"2021-06-01T14:25:15","guid":{"rendered":"https:\/\/cityofmercy.lt\/?page_id=6847"},"modified":"2025-09-11T16:50:49","modified_gmt":"2025-09-11T13:50:49","slug":"informacija","status":"publish","type":"page","link":"https:\/\/cityofmercy.lt\/lt_LT\/planavimas\/informacija\/","title":{"rendered":"Informacija"},"content":{"rendered":"[vc_row type=&#8221;in_container&#8221; full_screen_row_position=&#8221;middle&#8221; scene_position=&#8221;center&#8221; text_color=&#8221;dark&#8221; text_align=&#8221;left&#8221; top_padding=&#8221;5%&#8221; id=&#8221;info&#8221; overlay_strength=&#8221;0.3&#8243; shape_divider_position=&#8221;bottom&#8221; shape_type=&#8221;&#8221;][vc_column column_padding=&#8221;no-extra-padding&#8221; column_padding_position=&#8221;all&#8221; background_color_opacity=&#8221;1&#8243; background_hover_color_opacity=&#8221;1&#8243; column_shadow=&#8221;none&#8221; column_border_radius=&#8221;none&#8221; width=&#8221;1\/1&#8243; tablet_text_alignment=&#8221;default&#8221; phone_text_alignment=&#8221;default&#8221; column_border_width=&#8221;none&#8221; column_border_style=&#8221;solid&#8221;][vc_row_inner column_margin=&#8221;default&#8221; text_align=&#8221;left&#8221;][vc_column_inner column_padding=&#8221;no-extra-padding&#8221; column_padding_position=&#8221;all&#8221; background_color_opacity=&#8221;1&#8243; background_hover_color_opacity=&#8221;1&#8243; column_shadow=&#8221;none&#8221; column_border_radius=&#8221;none&#8221; width=&#8221;1\/2&#8243; column_border_width=&#8221;none&#8221; column_border_style=&#8221;solid&#8221;][nectar_cascading_images image_1_url=&#8221;958&#8243; image_1_offset_x_sign=&#8221;+&#8221; image_1_offset_x=&#8221;0%&#8221; image_1_offset_y_sign=&#8221;+&#8221; image_1_offset_y=&#8221;0%&#8221; image_1_rotate_sign=&#8221;-&#8221; image_1_rotate=&#8221;none&#8221; image_1_animation=&#8221;None&#8221; image_1_box_shadow=&#8221;small_depth&#8221; image_2_offset_x_sign=&#8221;+&#8221; image_2_offset_x=&#8221;0%&#8221; image_2_offset_y_sign=&#8221;+&#8221; image_2_offset_y=&#8221;0%&#8221; image_2_rotate_sign=&#8221;+&#8221; image_2_rotate=&#8221;none&#8221; image_2_animation=&#8221;Fade In&#8221; image_2_box_shadow=&#8221;none&#8221; image_3_offset_x_sign=&#8221;+&#8221; image_3_offset_x=&#8221;0%&#8221; image_3_offset_y_sign=&#8221;+&#8221; image_3_offset_y=&#8221;0%&#8221; image_3_rotate_sign=&#8221;+&#8221; image_3_rotate=&#8221;none&#8221; image_3_animation=&#8221;Fade In&#8221; image_3_box_shadow=&#8221;none&#8221; image_4_offset_x_sign=&#8221;+&#8221; image_4_offset_x=&#8221;0%&#8221; image_4_offset_y_sign=&#8221;+&#8221; image_4_offset_y=&#8221;0%&#8221; image_4_rotate_sign=&#8221;+&#8221; image_4_rotate=&#8221;none&#8221; image_4_animation=&#8221;Fade In&#8221; image_4_box_shadow=&#8221;none&#8221; border_radius=&#8221;none&#8221;][\/vc_column_inner][vc_column_inner column_padding=&#8221;no-extra-padding&#8221; column_padding_position=&#8221;all&#8221; background_color_opacity=&#8221;1&#8243; background_hover_color_opacity=&#8221;1&#8243; column_shadow=&#8221;none&#8221; column_border_radius=&#8221;none&#8221; width=&#8221;1\/2&#8243; column_border_width=&#8221;none&#8221; column_border_style=&#8221;solid&#8221;][vc_column_text]\n<h1>INFORMACIJA KELIAUJANTIEMS<\/h1>\n[\/vc_column_text]<div class=\"divider-wrap\"><div style=\"margin-top: 12px; width: 20%px; height: 3px; margin-bottom: 12px;\" data-width=\"20%\" data-animate=\"\" data-animation-delay=\"\" data-color=\"accent-color\" class=\"divider-small-border\"><\/div><\/div>[vc_column_text]Visa informacija apie piligrimyst\u0119 Vilniuje \u2013 Gailestingumo mieste pateikiama \u0161iame internetiniame puslapyje. Atvykus \u012f Vilni\u0173 piligrim\u0173 laukiame apsilankant Vilniaus piligrim\u0173 centre (<a href=\"https:\/\/goo.gl\/maps\/Su4GPyB3Mzyd3Weu6\" target=\"_blank\" rel=\"noopener\">Dominikon\u0173 g. 6<\/a>).<\/p>\n<p>Vilniaus turizmo informacijos centras veikia Pilies g. 7. Jame atrasite daug naudingos informacijos, gal\u0117site i\u0161sinuomoti audio gid\u0105, \u012fsigyti Vilniaus miesto kortel\u0119 (<a href=\"https:\/\/www.govilnius.lt\/aplankykite\/isigykite-vilnius-pass\" target=\"_blank\" rel=\"noopener\">Vilnius Pass<\/a>) ar tiesiog unikalius suvenyrus. Informacijos centruose veikia nemokamas Wi Fi ry\u0161ys.<\/p>\n<p>Planuojant kelion\u0119 ir jau atvykus rekomenduojame u\u017esukti \u012f Vilniaus turizmo informacijos centro puslap\u012f <a href=\"http:\/\/govilnius.lt\" target=\"_blank\" rel=\"noopener\">govilnius.lt<\/a>, o taip pat susipa\u017einti su Vilniuje vykstan\u010diais renginiais <a href=\"http:\/\/www.vilnius-events.lt\" target=\"_blank\" rel=\"noopener\">www.vilnius-events.lt<\/a>.[\/vc_column_text][\/vc_column_inner][\/vc_row_inner][\/vc_column][\/vc_row][vc_row type=&#8221;in_container&#8221; full_screen_row_position=&#8221;middle&#8221; scene_position=&#8221;center&#8221; text_color=&#8221;dark&#8221; text_align=&#8221;center&#8221; id=&#8221;naudinga&#8221; overlay_strength=&#8221;0.3&#8243; shape_divider_position=&#8221;bottom&#8221; shape_type=&#8221;&#8221;][vc_column column_padding=&#8221;no-extra-padding&#8221; column_padding_position=&#8221;all&#8221; background_color_opacity=&#8221;1&#8243; background_hover_color_opacity=&#8221;1&#8243; column_shadow=&#8221;none&#8221; column_border_radius=&#8221;none&#8221; width=&#8221;1\/1&#8243; tablet_text_alignment=&#8221;default&#8221; phone_text_alignment=&#8221;default&#8221; column_border_width=&#8221;none&#8221; column_border_style=&#8221;solid&#8221;][vc_row_inner column_margin=&#8221;default&#8221; text_align=&#8221;left&#8221;][vc_column_inner column_padding=&#8221;no-extra-padding&#8221; column_padding_position=&#8221;all&#8221; background_color_opacity=&#8221;1&#8243; background_hover_color_opacity=&#8221;1&#8243; column_shadow=&#8221;none&#8221; column_border_radius=&#8221;none&#8221; width=&#8221;1\/1&#8243; column_border_width=&#8221;none&#8221; column_border_style=&#8221;solid&#8221;][nectar_icon icon_family=&#8221;linea&#8221; icon_style=&#8221;border-basic&#8221; icon_border_thickness=&#8221;2px&#8221; icon_color=&#8221;Accent-Color&#8221; icon_padding=&#8221;20px&#8221; icon_linea=&#8221;icon-basic-lightbulb&#8221;]\n    <div class=\"col span_12 section-title text-align-center extra-padding\">\n\t\t<h2>\n<h1>NAUDINGA \u017dINOTI<\/h1>\n<\/h2><\/div><div class=\"clear\"><\/div>[\/vc_column_inner][\/vc_row_inner]<div class=\"toggles \" data-style=\"default\"><div class=\"toggle default\"><h3><a href=\"#\"><i class=\"icon-plus-sign\"><\/i>PAGALBOS TELEFONAS<\/a><\/h3><div>[vc_column_text]112<\/p>\n[\/vc_column_text]<\/div><\/div><div class=\"toggle default\"><h3><a href=\"#\"><i class=\"icon-plus-sign\"><\/i>LAIKO JUOSTA<\/a><\/h3><div>[vc_column_text]Lietuva priskiriama UTC+3 zonai vasaros laiku ir UTC+2 zonai \u017eiemos laiku.[\/vc_column_text]<\/div><\/div><div class=\"toggle default\"><h3><a href=\"#\"><i class=\"icon-plus-sign\"><\/i>KLIMATAS IR REKOMENDUOTINA APRANGA<\/a><\/h3><div>[vc_column_text]Vidutin\u0117 temperat\u016bra liepos m\u0117nes\u012f +17\u00b0C, vidutin\u0117 \u0161al\u010diausia temperat\u016bra sausio m\u0117nes\u012f -5\u00b0C. Nuo baland\u017eio pabaigos iki rugs\u0117jo vidurio dienos yra maloniai \u0161iltos, tod\u0117l keliautojai da\u017enai renkasi \u0161\u012f laik\u0105 apsilankyti Vilniuje.<\/p>\n<p>Keliaujant \u017eiem\u0105 ir ankstyv\u0105 pavasar\u012f reikia pasiruo\u0161ti minusinei temperat\u016brai, galimoms \u0161lapdriboms. \u0160iuo laikotarpiu rekomenduojame tur\u0117ti pir\u0161tines, kepures ir \u0161iltesn\u0119 avalyn\u0119. Pavasar\u012f, vasar\u0105 ir ruden\u012f rekomenduojama tur\u0117ti r\u016bbus apsaugan\u010dius nuo lietaus, sk\u0117t\u012f. D\u0117l da\u017enai besikei\u010dian\u010di\u0173 or\u0173, o taip pat ir lankantis v\u0117siose senamies\u010dio ba\u017eny\u010diose gelb\u0117ja keli\u0173 r\u016bb\u0173 sluoksniai, kuriuos galima pritaikyti pagal situacij\u0105.[\/vc_column_text]<\/div><\/div><div class=\"toggle accent-color\"><h3><a href=\"#\"><i class=\"icon-plus-sign\"><\/i>INTERNETAS<\/a><\/h3><div>[vc_column_text]Lietuvoje interneto ry\u0161ys \u2013 vienas grei\u010diausi\u0173 pasaulyje. Vilniaus senamiestyje veikia ma\u017eiausiai\u00a055\u00a0nemokamo bevielio\u00a0Wi-Fi\u00a0interneto <a href=\"http:\/\/vilnius21.lt\/wifi.php?s=13&amp;z=senamiestis\">zon\u0173<\/a>. Beveik kiekvienos kavin\u0117 ar restorano klientai gali naudotis nemokamu Wi-Fi ry\u0161iu. Kai kurie tarpmiestiniai autobusai taip pat turi Wi-Fi ry\u0161\u012f.[\/vc_column_text]<\/div><\/div><div class=\"toggle default\"><h3><a href=\"#\"><i class=\"icon-plus-sign\"><\/i> SAUGUMAS<\/a><\/h3><div>[vc_column_text]Vilnius \u2013 saugus miestas, ta\u010diau bendri saugumo patarimai galioja ir \u010dia: nevaik\u0161\u010dioti tamsiomis gatv\u0117mis vieniems, nesivelti \u012f konfliktus, vie\u0161uose vietose be prie\u017ei\u016bros nepalikti savo verting\u0173 daikt\u0173, ypa\u010d tamsiu paros metu b\u016bti budresniems autobus\u0173 ir traukini\u0173 stotyse ir pan.[\/vc_column_text]<\/div><\/div><div class=\"toggle default\"><h3><a href=\"#\"><i class=\"icon-plus-sign\"><\/i>TRADICINIS MAISTAS<\/a><\/h3><div>[vc_column_text]Vasar\u0105 \u2013 tai \u0161altibar\u010diai su bulv\u0117mis, o visais met\u0173 laikais \u2013 cepelinai, bulviniai blynai, u\u017ekand\u017eiams &#8211; kepta duona su s\u016briu, silk\u0117 su bulv\u0117mis ir burok\u0117liais. \u017dv\u0117rienos patiekalai pristato sen\u0105j\u0105 lietuvi\u0161k\u0105 virtuv\u0119, ta\u010diau n\u0117ra da\u017eni ant \u0161i\u0173 laik\u0173 kasdienio lietuvi\u0173 stalo. \u0160akotis, sakoma kil\u0119 i\u0161 Vokietijos, o \u0161imtalapis \u2013 i\u0161 Juodosios j\u016bros regiono, bet per ilg\u0105 laik\u0105 taip pritapo prie lietuvi\u0161kos virtuv\u0117s, kad \u0161iandien daugelis lietuvi\u0161k\u0173 \u0161ven\u010di\u0173 ne\u012fsivaizduojama be \u0161i\u0173 saldumyn\u0173. Gira \u2013 tradicinis lietuvi\u0161kas g\u0117rimas, gaminamas i\u0161 duonos. Jeigu meniu pamatyste gili\u0173 kav\u0105 \u2013 labai rekomenduojame paskanauti \u0161io tradicinio lietuvi\u0161ko g\u0117rimo.<\/p>\n<p>Vilnius \u2013 daugiakult\u016bris miestas, tod\u0117l rekomenduojame paragauti ne tik tradicin\u0117s lietuvi\u0161kos virtuv\u0117s, bet paskanauti lenk\u0173, ukrainie\u010di\u0173, baltarusi\u0173, \u017eyd\u0173 gaminam\u0173 patiekal\u0173.[\/vc_column_text]<\/div><\/div><div class=\"toggle default\"><h3><a href=\"#\"><i class=\"icon-plus-sign\"><\/i>KUR PUSRY\u010cIAUTI IR KUR IE\u0160KOTI VEGETARI\u0160KO MAISTO?<\/a><\/h3><div>[vc_column_text]Lietuviai m\u0117gsta pusry\u010diauti namuose. Pusry\u010di\u0173 kult\u016bra kavin\u0117se Vilniuje dar tik formuojasi, tod\u0117l \u017einome, kad keliautojas da\u017enai susiduria su dilema, kur u\u017ek\u0105sti anksti ryte. Be tinklini\u0173 kavini\u0173, kurias tikrai pasteb\u0117site gatv\u0117se, galite i\u0161bandyti pitarij\u0105 \u201cFire Place\u201d, kavines \u201cSugamore\u201d ir \u201cHurac\u00e1n\u201d, spurgin\u0119 \u201cHoly Donuts\u201d, bar\u0105 \u201cCosy\u201d, kepykl\u0117les \u201cCrustum\u201d ar \u201cBir\u017e\u0173 duona\u201d.<\/p>\n<p>Jeigu esate vegeratas, Vilniuje tikrai surasite puiki\u0173 viet\u0173, toki\u0173 kaip \u201cVieta\u201d \u0160v. Ignoto g., Vegacafe Totori\u0173 g. ir Augustion\u0173 g. ir daugel\u012f kit\u0173.[\/vc_column_text]<\/div><\/div><div class=\"toggle default\"><h3><a href=\"#\"><i class=\"icon-plus-sign\"><\/i>ARBATPINIGIAI<\/a><\/h3><div>[vc_column_text]Da\u017eniausiai paleikama apie 10% nuo s\u0105skaitos sumos.[\/vc_column_text]<\/div><\/div><div class=\"toggle default\"><h3><a href=\"#\"><i class=\"icon-plus-sign\"><\/i>KUR PIRKTI SUVENYRUS? <\/a><\/h3><div>[vc_column_text]Vilniaus senamiestyje suvenyr\u0173 parduotuvi\u0173 tikrai nepraeisite. Ypa\u010d daug dirbini\u0173 i\u0161 gintaro, kuris vadinamas lietuvi\u0161kuoju auksu. Senamies\u010dio gatv\u0117se (Stikli\u0173 g., \u0160v. Stepono g., \u0160v. Mykolo g., visas U\u017eupio rajonas ir kt.) atrasite daug\u00a0 jaun\u0173j\u0173 Lietuvos dizaineri\u0173, \u0161okolado meistr\u0173 parduotuv\u0117li\u0173, meno galerij\u0173, kuriose galite \u012fsigyti unikali\u0173 lietuvi\u0161k\u0173 dirbini\u0173.[\/vc_column_text]<\/div><\/div><div class=\"toggle default\"><h3><a href=\"#\"><i class=\"icon-plus-sign\"><\/i>TURISTO RINKLIAVA<\/a><\/h3><div>[vc_column_text]Nuo 2018 m. liepos 1 dienos Vilniuje pradedama rinkti turisto rinkliava. Rinkliavos dydis \u2013 1 Eur u\u017e nakt\u012f vienam asmeniui.[\/vc_column_text]<\/div><\/div><\/div>[\/vc_column][\/vc_row]\n","protected":false},"excerpt":{"rendered":"<p>[vc_row type=&#8221;in_container&#8221; full_screen_row_position=&#8221;middle&#8221; scene_position=&#8221;center&#8221; text_color=&#8221;dark&#8221; text_align=&#8221;left&#8221; top_padding=&#8221;5%&#8221; id=&#8221;info&#8221; overlay_strength=&#8221;0.3&#8243; shape_divider_position=&#8221;bottom&#8221; shape_type=&#8221;&#8221;][vc_column column_padding=&#8221;no-ex&#8230;<\/p>\n","protected":false},"author":6,"featured_media":0,"parent":49,"menu_order":0,"comment_status":"closed","ping_status":"closed","template":"","meta":{"footnotes":""},"class_list":["post-6847","page","type-page","status-publish","hentry"],"_links":{"self":[{"href":"https:\/\/cityofmercy.lt\/lt_LT\/wp-json\/wp\/v2\/pages\/6847","targetHints":{"allow":["GET"]}}],"collection":[{"href":"https:\/\/cityofmercy.lt\/lt_LT\/wp-json\/wp\/v2\/pages"}],"about":[{"href":"https:\/\/cityofmercy.lt\/lt_LT\/wp-json\/wp\/v2\/types\/page"}],"author":[{"embeddable":true,"href":"https:\/\/cityofmercy.lt\/lt_LT\/wp-json\/wp\/v2\/users\/6"}],"replies":[{"embeddable":true,"href":"https:\/\/cityofmercy.lt\/lt_LT\/wp-json\/wp\/v2\/comments?post=6847"}],"version-history":[{"count":29,"href":"https:\/\/cityofmercy.lt\/lt_LT\/wp-json\/wp\/v2\/pages\/6847\/revisions"}],"predecessor-version":[{"id":8066,"href":"https:\/\/cityofmercy.lt\/lt_LT\/wp-json\/wp\/v2\/pages\/6847\/revisions\/8066"}],"up":[{"embeddable":true,"href":"https:\/\/cityofmercy.lt\/lt_LT\/wp-json\/wp\/v2\/pages\/49"}],"wp:attachment":[{"href":"https:\/\/cityofmercy.lt\/lt_LT\/wp-json\/wp\/v2\/media?parent=6847"}],"curies":[{"name":"wp","href":"https:\/\/api.w.org\/{rel}","templated":true}]}}