{"id":6835,"date":"2021-06-01T17:04:00","date_gmt":"2021-06-01T14:04:00","guid":{"rendered":"https:\/\/cityofmercy.lt\/?page_id=6835"},"modified":"2025-09-24T15:44:26","modified_gmt":"2025-09-24T12:44:26","slug":"gidai","status":"publish","type":"page","link":"https:\/\/cityofmercy.lt\/lt_LT\/planavimas\/gidai\/","title":{"rendered":"Gidai"},"content":{"rendered":"[vc_row type=&#8221;in_container&#8221; full_screen_row_position=&#8221;middle&#8221; scene_position=&#8221;center&#8221; text_color=&#8221;dark&#8221; text_align=&#8221;left&#8221; top_padding=&#8221;5%&#8221; id=&#8221;Guides&#8221; overlay_strength=&#8221;0.3&#8243; shape_divider_position=&#8221;bottom&#8221; shape_type=&#8221;&#8221;][vc_column centered_text=&#8221;true&#8221; column_padding=&#8221;no-extra-padding&#8221; column_padding_position=&#8221;all&#8221; background_color_opacity=&#8221;1&#8243; background_hover_color_opacity=&#8221;1&#8243; column_shadow=&#8221;none&#8221; column_border_radius=&#8221;none&#8221; width=&#8221;1\/1&#8243; tablet_text_alignment=&#8221;default&#8221; phone_text_alignment=&#8221;default&#8221; column_border_width=&#8221;none&#8221; column_border_style=&#8221;solid&#8221;][vc_row_inner column_margin=&#8221;default&#8221; text_align=&#8221;left&#8221;][vc_column_inner column_padding=&#8221;no-extra-padding&#8221; column_padding_position=&#8221;all&#8221; background_color_opacity=&#8221;1&#8243; background_hover_color_opacity=&#8221;1&#8243; column_shadow=&#8221;none&#8221; column_border_radius=&#8221;none&#8221; width=&#8221;1\/1&#8243; column_border_width=&#8221;none&#8221; column_border_style=&#8221;solid&#8221;][nectar_icon icon_family=&#8221;steadysets&#8221; icon_style=&#8221;border-basic&#8221; icon_border_thickness=&#8221;2px&#8221; icon_color=&#8221;Accent-Color&#8221; icon_padding=&#8221;20px&#8221; icon_steadysets=&#8221;steadysets-icon-users&#8221;]\n    <div class=\"col span_12 section-title text-align-center extra-padding\">\n\t\t<h2>PILIGRIMINI\u0172 KELI\u0172 VADOVAI<\/h2><p>Keliaudami grup\u0117mis ar pavieniui galite kreiptis \u012f profesionalius gidus, kurie palyd\u0117s jus piligriminiu Gailestingumo keliu bei supa\u017eindins su \u0161v. Faustinos, pal. Mykolo Sopo\u010dkos ir Dievo Gailestingumo paveikslo nutapymo istorija ir pamaldumu Dievo Gailestingumui.<\/p><\/div><div class=\"clear\"><\/div>[\/vc_column_inner][\/vc_row_inner][vc_row_inner column_margin=&#8221;default&#8221; text_align=&#8221;left&#8221;][vc_column_inner column_padding=&#8221;no-extra-padding&#8221; column_padding_position=&#8221;all&#8221; background_color_opacity=&#8221;1&#8243; background_hover_color_opacity=&#8221;1&#8243; column_shadow=&#8221;none&#8221; column_border_radius=&#8221;none&#8221; width=&#8221;1\/4&#8243; column_border_width=&#8221;none&#8221; column_border_style=&#8221;solid&#8221;][\/vc_column_inner][vc_column_inner column_padding=&#8221;no-extra-padding&#8221; column_padding_position=&#8221;all&#8221; background_color_opacity=&#8221;1&#8243; background_hover_color_opacity=&#8221;1&#8243; column_shadow=&#8221;none&#8221; column_border_radius=&#8221;none&#8221; width=&#8221;1\/2&#8243; column_border_width=&#8221;none&#8221; column_border_style=&#8221;solid&#8221;][\/vc_column_inner][vc_column_inner column_padding=&#8221;no-extra-padding&#8221; column_padding_position=&#8221;all&#8221; background_color_opacity=&#8221;1&#8243; background_hover_color_opacity=&#8221;1&#8243; column_shadow=&#8221;none&#8221; column_border_radius=&#8221;none&#8221; width=&#8221;1\/4&#8243; column_border_width=&#8221;none&#8221; column_border_style=&#8221;solid&#8221;][\/vc_column_inner][\/vc_row_inner][vc_row_inner column_margin=&#8221;default&#8221; text_align=&#8221;left&#8221;][vc_column_inner column_padding=&#8221;no-extra-padding&#8221; column_padding_position=&#8221;all&#8221; background_color_opacity=&#8221;1&#8243; background_hover_color_opacity=&#8221;1&#8243; column_shadow=&#8221;none&#8221; column_border_radius=&#8221;none&#8221; width=&#8221;1\/6&#8243; column_border_width=&#8221;none&#8221; column_border_style=&#8221;solid&#8221;]<div class=\"team-member\" data-style=\"bio_fullscreen\">\n    \t<div class=\"team-member-image\"><img loading=\"lazy\" decoding=\"async\" src=\"https:\/\/cityofmercy.lt\/wp-content\/uploads\/2017\/12\/Liuda--500x500.jpg\" alt=\"\" width=\"500\" height=\"500\" \/><\/div>\n    \t<div class=\"team-member-overlay\"><\/div>\n    \t<div class=\"team-meta\"><h3>Liuda Matonien\u0117<\/h3><p>LT, EN, RU<\/p><div class=\"arrow-end fa fa-angle-right\"><\/div><div class=\"arrow-line\"><\/div><\/div>\n    \t<div class=\"nectar_team_bio_img\" data-img-src=\"https:\/\/cityofmercy.lt\/wp-content\/uploads\/2017\/12\/Liuda-.jpg\"><\/div>\n    \t<div class=\"nectar_team_bio\">Apie meil\u0119 Vilniuje:<br \/>\nVilnius - miestas, statytas i\u0161 meil\u0117s ir su meile. Gailestingoji, \u0161venta ir aistringa meil\u0117 \u010dia skleid\u0117si gailestingumo darbais, muzika ir poezija, suspindo atgailos ir d\u0117kingumo a\u0161aromis, pavirtusiomis votais prie \u0161vent\u0173 paveiksl\u0173, pakilo link dangaus a\u017e\u016brin\u0117mis ba\u017eny\u010di\u0173 varpin\u0117mis. Vilniuje u\u017egim\u0117 karaliaus \u017dygimanto Augusto Meil\u0117 Barborai Radvilaitei, Adomas Mickevi\u010dius eil\u0117ra\u0161\u010diuose i\u0161pa\u017eino meil\u0119 savo mylimajai ir T\u0117vynei, Kristina Frank dainavo, palaikydama savo vyro nor\u0105 pad\u0117ti vargstantiems vilnie\u010diams, Mikalojus Konstantinas \u010ciurlionis ir jo b\u016bsimoji \u017emona Sofija Kymantait\u0117 atrado pirmojo pasimatymo kalnel\u012f, Marija ir Jurgis \u0160lapeliai drauge \u012fk\u016br\u0117 lietuvi\u0161k\u0173 knyg\u0173 knygyn\u0105, vaikyst\u0119 Vilniuje praleid\u0119s ra\u0161ytojas Romanas Gary , nor\u0117damas padaryti \u012fsp\u016bd\u012f savo pirmajai meilei, paband\u0117 valgyti bat\u0105... Net up\u0117s krantai Vilniuje skelbia meil\u0119 - \u201eA\u0161 Tave myliu\u201c - \u201eIr a\u0161 Tave\u201c - g\u0117l\u0117mis pra\u017eysta u\u017era\u0161ai, sukurti Vilnie\u010dio menininko Gitenio Umbraso. J\u0105 skelbia ir \u0160v. Petro ir Pauliaus ba\u017eny\u010dios angelai - i\u0161 d\u017eiaugsmo \u0161oka, gl\u0117bes\u010diuojasi ir bu\u010diuojasi.<div class=\"bottom_meta\"><a href=\"mailto:liuda.matoniene@gmail.com\" target=\"_blank\"><i class=\"icon-default-style fa fa-envelope\"><\/i><\/a><\/div><\/div>\n    \t<\/div>[\/vc_column_inner][vc_column_inner column_padding=&#8221;no-extra-padding&#8221; column_padding_position=&#8221;all&#8221; background_color_opacity=&#8221;1&#8243; background_hover_color_opacity=&#8221;1&#8243; column_shadow=&#8221;none&#8221; column_border_radius=&#8221;none&#8221; width=&#8221;1\/6&#8243; column_border_width=&#8221;none&#8221; column_border_style=&#8221;solid&#8221;]<div class=\"team-member\" data-style=\"bio_fullscreen\">\n    \t<div class=\"team-member-image\"><img loading=\"lazy\" decoding=\"async\" src=\"https:\/\/cityofmercy.lt\/wp-content\/uploads\/2017\/12\/4GIDAI-500x500.jpg\" alt=\"\" width=\"500\" height=\"500\" \/><\/div>\n    \t<div class=\"team-member-overlay\"><\/div>\n    \t<div class=\"team-meta\"><h3>Jolanta Stupelyt\u0117<\/h3><p>LT, FR, RU<\/p><div class=\"arrow-end fa fa-angle-right\"><\/div><div class=\"arrow-line\"><\/div><\/div>\n    \t<div class=\"nectar_team_bio_img\" data-img-src=\"https:\/\/cityofmercy.lt\/wp-content\/uploads\/2017\/12\/4GIDAI.jpg\"><\/div>\n    \t<div class=\"nectar_team_bio\">Apie Vilni\u0173 \u2013 Gailestingumo miest\u0105:<br \/>\nVis da\u017eniau pagaudavau save besvarstant, kad nor\u0117\u010diau palikti triuk\u0161ming\u0105 miest\u0105 ir kurtis kur nors kaimo tyloje. Bet kaip tik tuomet duris atv\u0117r\u0117 Dievo Gailestingumo \u0161ventov\u0117 ir manyje vienu ypu viskas persikeit\u0117...miestas \u012fgavo \u0161ird\u012f, J\u0117zus pats at\u0117jo \u012f visus mano \u201etvartelius\u201c. <div class=\"bottom_meta\"><a href=\"mailto:paparteles@yahoo.fr\" target=\"_blank\"><i class=\"icon-default-style fa fa-envelope\"><\/i><\/a><\/div><\/div>\n    \t<\/div>[\/vc_column_inner][vc_column_inner column_padding=&#8221;no-extra-padding&#8221; column_padding_position=&#8221;all&#8221; background_color_opacity=&#8221;1&#8243; background_hover_color_opacity=&#8221;1&#8243; column_shadow=&#8221;none&#8221; column_border_radius=&#8221;none&#8221; width=&#8221;1\/6&#8243; column_border_width=&#8221;none&#8221; column_border_style=&#8221;solid&#8221;]<div class=\"team-member\" data-style=\"bio_fullscreen\">\n    \t<div class=\"team-member-image\"><img loading=\"lazy\" decoding=\"async\" src=\"https:\/\/cityofmercy.lt\/wp-content\/uploads\/2017\/12\/Kata\u017eina-ir-Albert-Narvoi\u0161-500x500.jpg\" alt=\"\" width=\"500\" height=\"500\" \/><\/div>\n    \t<div class=\"team-member-overlay\"><\/div>\n    \t<div class=\"team-meta\"><h3>Kata\u017eina ir Albert Narvoi\u0161<\/h3><p>LT, EN, PL, RU<\/p><div class=\"arrow-end fa fa-angle-right\"><\/div><div class=\"arrow-line\"><\/div><\/div>\n    \t<div class=\"nectar_team_bio_img\" data-img-src=\"https:\/\/cityofmercy.lt\/wp-content\/uploads\/2017\/12\/Kata\u017eina-ir-Albert-Narvoi\u0161.jpg\"><\/div>\n    \t<div class=\"nectar_team_bio\">Apie autenti\u0161kiausi\u0105 miesto viet\u0105:<br \/>\nAutenti\u0161kiausia Vilniaus vieta tai, m\u016bs\u0173 manymu \u2013 Au\u0161ros Vartai. Jie mena \u012fsp\u016bding\u0105 ir turting\u0105 miesto istorij\u0105. B\u016btent miesto gynybin\u0119 sien\u0105 ir pa\u010dius vartus, susitelk\u0119 XVI a. prad\u017eioje stat\u0117 visi miesto gyventojai. Ir \u017einoma \u0161iandien kiekvienas Vilniuje besilankantis privalo aplankyti Au\u0161ros Vart\u0173 \u0160ven\u010diausi\u0105j\u0105 Mergel\u0119. Stebuklais gars\u0117jantis Dievo Motinos atvaizdas saugojo miest\u0105 nuo prie\u0161o kariuomeni\u0173 ir nuo gaisro. \u010cia, pas Gailestingumo Motin\u0105 skuba nuo am\u017ei\u0173 visi tikintieji ir tie kas nori pra\u0161yti jos globos ir pagalbos. XX a. prad\u017eioje b\u016btent Vilniuje, Au\u0161ros Vart\u0173 koply\u010dioje visam pasauliui buvo parodytas Gailestingojo J\u0117zaus paveikslas ir i\u0161 m\u016bs\u0173 miestas gailestingumo kultas paplito po vis\u0105 pasaul\u012f. <div class=\"bottom_meta\"><a href=\"mailto:kasiasd@yahoo.com\" target=\"_blank\"><i class=\"icon-default-style fa fa-envelope\"><\/i><\/a><\/div><\/div>\n    \t<\/div>[\/vc_column_inner][vc_column_inner column_padding=&#8221;no-extra-padding&#8221; column_padding_position=&#8221;all&#8221; background_color_opacity=&#8221;1&#8243; background_hover_color_opacity=&#8221;1&#8243; column_shadow=&#8221;none&#8221; column_border_radius=&#8221;none&#8221; width=&#8221;1\/6&#8243; column_border_width=&#8221;none&#8221; column_border_style=&#8221;solid&#8221;]<div class=\"team-member\" data-style=\"bio_fullscreen\">\n    \t<div class=\"team-member-image\"><img loading=\"lazy\" decoding=\"async\" src=\"https:\/\/cityofmercy.lt\/wp-content\/uploads\/2017\/12\/5GIDAI-500x500.jpg\" alt=\"\" width=\"500\" height=\"500\" \/><\/div>\n    \t<div class=\"team-member-overlay\"><\/div>\n    \t<div class=\"team-meta\"><h3>Janina Andriu\u0161kevi\u010di\u016bt\u0117<\/h3><p>LT, DE, EN, SE<\/p><div class=\"arrow-end fa fa-angle-right\"><\/div><div class=\"arrow-line\"><\/div><\/div>\n    \t<div class=\"nectar_team_bio_img\" data-img-src=\"https:\/\/cityofmercy.lt\/wp-content\/uploads\/2017\/12\/5GIDAI.jpg\"><\/div>\n    \t<div class=\"nectar_team_bio\"><div class=\"bottom_meta\"><a href=\"mailto:janina.andr@gmail.com\" target=\"_blank\"><i class=\"icon-default-style fa fa-envelope\"><\/i><\/a><\/div><\/div>\n    \t<\/div>[\/vc_column_inner][vc_column_inner column_padding=&#8221;no-extra-padding&#8221; column_padding_position=&#8221;all&#8221; background_color_opacity=&#8221;1&#8243; background_hover_color_opacity=&#8221;1&#8243; column_shadow=&#8221;none&#8221; column_border_radius=&#8221;none&#8221; width=&#8221;1\/6&#8243; column_border_width=&#8221;none&#8221; column_border_style=&#8221;solid&#8221;]<div class=\"team-member\" data-style=\"bio_fullscreen\">\n    \t<div class=\"team-member-image\"><img loading=\"lazy\" decoding=\"async\" src=\"https:\/\/cityofmercy.lt\/wp-content\/uploads\/2017\/12\/2GIDAI-500x500.jpg\" alt=\"\" width=\"500\" height=\"500\" \/><\/div>\n    \t<div class=\"team-member-overlay\"><\/div>\n    \t<div class=\"team-meta\"><h3>Kornelija Jankauskait\u0117<\/h3><p>LT, EN, RU<\/p><div class=\"arrow-end fa fa-angle-right\"><\/div><div class=\"arrow-line\"><\/div><\/div>\n    \t<div class=\"nectar_team_bio_img\" data-img-src=\"https:\/\/cityofmercy.lt\/wp-content\/uploads\/2017\/12\/2GIDAI.jpg\"><\/div>\n    \t<div class=\"nectar_team_bio\">Apie ypatingas Vilniaus vietas:<br \/>\nKai pritr\u016bksta j\u0117g\u0173, d\u017eiaugsmo, ramyb\u0117s u\u017eeinu \u012f Dievo Gailestingumo \u0160ventov\u0119, pab\u016bnu \u0161alia J\u0117zaus, pasisemiu vilties, ramyb\u0117s, atsigaunu fizi\u0161kai, dvasi\u0161kai ir keliauju toliau gyvenimo taku<div class=\"bottom_meta\"><a href=\"mailto:luomakornel@yahoo.com\" target=\"_blank\"><i class=\"icon-default-style fa fa-envelope\"><\/i><\/a><\/div><\/div>\n    \t<\/div>[\/vc_column_inner][vc_column_inner column_padding=&#8221;no-extra-padding&#8221; column_padding_position=&#8221;all&#8221; background_color_opacity=&#8221;1&#8243; background_hover_color_opacity=&#8221;1&#8243; column_shadow=&#8221;none&#8221; column_border_radius=&#8221;none&#8221; width=&#8221;1\/6&#8243; column_border_width=&#8221;none&#8221; column_border_style=&#8221;solid&#8221;]<div class=\"team-member\" data-style=\"bio_fullscreen\">\n    \t<div class=\"team-member-image\"><img loading=\"lazy\" decoding=\"async\" src=\"https:\/\/cityofmercy.lt\/wp-content\/uploads\/2025\/09\/7994b55a-6dac-4e7e-88f5-8d12f4dd7f0d-500x500.jpeg\" alt=\"\" width=\"500\" height=\"500\" \/><\/div>\n    \t<div class=\"team-member-overlay\"><\/div>\n    \t<div class=\"team-meta\"><h3>Akvil\u0117 Ba\u0161\u0117<\/h3><p>LT, EN<\/p><div class=\"arrow-end fa fa-angle-right\"><\/div><div class=\"arrow-line\"><\/div><\/div>\n    \t<div class=\"nectar_team_bio_img\" data-img-src=\"https:\/\/cityofmercy.lt\/wp-content\/uploads\/2025\/09\/7994b55a-6dac-4e7e-88f5-8d12f4dd7f0d.jpeg\"><\/div>\n    \t<div class=\"nectar_team_bio\">Labas, mielas piligrime!<br \/>\nSveikinu atvykus \u012f mano gimt\u0105j\u012f miest\u0105 Vilni\u0173, kuriame susiduria ir persipina daugiasluoksn\u0117 istorija ir kult\u016bra, tik\u0117jimas ir religija. Tad jei smalsu atidengti Vilniaus miesto lobius, pa\u017evelgti pro jo pla\u010dius panoraminius horizontus ar siaurus senamies\u010dio bromus ir susipa\u017einti pla\u010diau su jo gyvenimu, \u010dia buvusiais \u0161ventaisiais ir nuolat juntama Dievo malone \u017emon\u0117ms \u2013 keliaukime kartu! Nuo\u0161ird\u017eiai, Akvil\u0117<br \/>\n\u2022 Gailestingumo kelias Vilniuje<br \/>\n\u2022 Barokas Vilniaus ba\u017eny\u010diose<br \/>\n\u2022 Multikult\u016brinis Vilniaus senamiestis<br \/>\n\u2022 Pal. Jurgio Matulai\u010dio p\u0117domis po Vilni\u0173<div class=\"bottom_meta\"><a href=\"mailto: akvile.base@gmail.com\" target=\"_blank\"><i class=\"icon-default-style fa fa-envelope-o\"><\/i><\/a><a href=\"+37068243544\" target=\"_blank\"><i class=\"icon-default-style fa fa-volume-control-phone\"><\/i><\/a><\/div><\/div>\n    \t<\/div>[\/vc_column_inner][\/vc_row_inner][vc_row_inner column_margin=&#8221;default&#8221; text_align=&#8221;left&#8221;][vc_column_inner column_padding=&#8221;no-extra-padding&#8221; column_padding_position=&#8221;all&#8221; background_color_opacity=&#8221;1&#8243; background_hover_color_opacity=&#8221;1&#8243; column_shadow=&#8221;none&#8221; column_border_radius=&#8221;none&#8221; width=&#8221;1\/6&#8243; column_border_width=&#8221;none&#8221; column_border_style=&#8221;solid&#8221;]<div class=\"team-member\" data-style=\"bio_fullscreen\">\n    \t<div class=\"team-member-image\"><img loading=\"lazy\" decoding=\"async\" src=\"https:\/\/cityofmercy.lt\/wp-content\/uploads\/2017\/12\/6GIDAI-500x500.jpg\" alt=\"\" width=\"500\" height=\"500\" \/><\/div>\n    \t<div class=\"team-member-overlay\"><\/div>\n    \t<div class=\"team-meta\"><h3>Isabelle Gaullier<\/h3><p>FR<\/p><div class=\"arrow-end fa fa-angle-right\"><\/div><div class=\"arrow-line\"><\/div><\/div>\n    \t<div class=\"nectar_team_bio_img\" data-img-src=\"https:\/\/cityofmercy.lt\/wp-content\/uploads\/2017\/12\/6GIDAI.jpg\"><\/div>\n    \t<div class=\"nectar_team_bio\">Apie Vilni\u0173 pranc\u016bz\u0117s akimis<br \/>\nVilniuje gyvenu jau daug met\u0173. Man didelis d\u017eiaugsmas ir vietiniams ir atvykstantiems parodyti, koks nuostabus \u0161is miestas. <div class=\"bottom_meta\"><a href=\"mailto:isagaullier@hotmail.com\" target=\"_blank\"><i class=\"icon-default-style fa fa-envelope\"><\/i><\/a><\/div><\/div>\n    \t<\/div>[\/vc_column_inner][vc_column_inner column_padding=&#8221;no-extra-padding&#8221; column_padding_position=&#8221;all&#8221; background_color_opacity=&#8221;1&#8243; background_hover_color_opacity=&#8221;1&#8243; column_shadow=&#8221;none&#8221; column_border_radius=&#8221;none&#8221; width=&#8221;1\/6&#8243; column_border_width=&#8221;none&#8221; column_border_style=&#8221;solid&#8221;]<div class=\"team-member\" data-style=\"bio_fullscreen\">\n    \t<div class=\"team-member-image\"><img loading=\"lazy\" decoding=\"async\" src=\"https:\/\/cityofmercy.lt\/wp-content\/uploads\/2017\/12\/Jolanta-ir-Andrzej-Kostygin-600x600-500x500.jpg\" alt=\"\" width=\"500\" height=\"500\" \/><\/div>\n    \t<div class=\"team-member-overlay\"><\/div>\n    \t<div class=\"team-meta\"><h3>Jolanta ir Andrzej Kostygin<\/h3><p>PL, RU<\/p><div class=\"arrow-end fa fa-angle-right\"><\/div><div class=\"arrow-line\"><\/div><\/div>\n    \t<div class=\"nectar_team_bio_img\" data-img-src=\"https:\/\/cityofmercy.lt\/wp-content\/uploads\/2017\/12\/Jolanta-ir-Andrzej-Kostygin-600x600.jpg\"><\/div>\n    \t<div class=\"nectar_team_bio\"><div class=\"bottom_meta\"><a href=\"\" target=\"_blank\"><i class=\"icon-default-style fa fa-envelope\"><\/i><\/a><\/div><\/div>\n    \t<\/div>[\/vc_column_inner][vc_column_inner column_padding=&#8221;no-extra-padding&#8221; column_padding_position=&#8221;all&#8221; background_color_opacity=&#8221;1&#8243; background_hover_color_opacity=&#8221;1&#8243; column_shadow=&#8221;none&#8221; column_border_radius=&#8221;none&#8221; width=&#8221;1\/6&#8243; column_border_width=&#8221;none&#8221; column_border_style=&#8221;solid&#8221;]<div class=\"team-member\" data-style=\"bio_fullscreen\">\n    \t<div class=\"team-member-image\"><img loading=\"lazy\" decoding=\"async\" src=\"https:\/\/cityofmercy.lt\/wp-content\/uploads\/2017\/12\/Ignotas-Stanevi\u010dius-500x500.jpg\" alt=\"\" width=\"500\" height=\"500\" \/><\/div>\n    \t<div class=\"team-member-overlay\"><\/div>\n    \t<div class=\"team-meta\"><h3>Ignotas Stanevi\u010dius<\/h3><p>LT, EN<\/p><div class=\"arrow-end fa fa-angle-right\"><\/div><div class=\"arrow-line\"><\/div><\/div>\n    \t<div class=\"nectar_team_bio_img\" data-img-src=\"https:\/\/cityofmercy.lt\/wp-content\/uploads\/2017\/12\/Ignotas-Stanevi\u010dius.jpg\"><\/div>\n    \t<div class=\"nectar_team_bio\">Apie krik\u0161\u010dioni\u0161k\u0105 Vilni\u0173:<br \/>\nBene pa\u010dia \u017einomiausia krik\u0161\u010dioniui vieta Vilniuje galime laikyti Au\u0161ros vartus, o ypa\u010d \u2013 \u0160v\u010d. Mergel\u0117s Marijos paveiksl\u0105. Nekeista, jog pati gatv\u0117 vedanti link j\u0173 pavadinta tuo pa\u010diu vardu. I\u0161 jos i\u0161eina trij\u0173 skirting\u0173 tik\u0117jim\u0173 \u0161ventov\u0117s, tarytum simbolizuojan\u010dios Vilniaus religij\u0173 \u012fvairov\u0119: unit\u0173 \u0160v. Trejyb\u0117s ba\u017eny\u010dia ir bazilijon\u0173 vienuolynas, sta\u010diatiki\u0173 \u0160v. Dvasios cerkv\u0117 ir vienuolynas, katalik\u0173 \u0160v. Teres\u0117s ba\u017eny\u010dia ir bas\u0173j\u0173 karmelit\u0173 vienuolynas su Au\u0161ros Vart\u0173 koply\u010dia. Kone konfesinis trikampis, dialogas tarp ryt\u0173 ir vakar\u0173 krik\u0161\u010dioni\u0173, skelbiantis, jog Vilnius atviras visiems krik\u0161\u010dionims.<div class=\"bottom_meta\"><a href=\"mailto:ignas.stanevicius@gmail.com\" target=\"_blank\"><i class=\"icon-default-style fa fa-envelope\"><\/i><\/a><\/div><\/div>\n    \t<\/div>[\/vc_column_inner][vc_column_inner column_padding=&#8221;no-extra-padding&#8221; column_padding_position=&#8221;all&#8221; background_color_opacity=&#8221;1&#8243; background_hover_color_opacity=&#8221;1&#8243; column_shadow=&#8221;none&#8221; column_border_radius=&#8221;none&#8221; width=&#8221;1\/6&#8243; column_border_width=&#8221;none&#8221; column_border_style=&#8221;solid&#8221;]<div class=\"team-member\" data-style=\"bio_fullscreen\">\n    \t<div class=\"team-member-image\"><img loading=\"lazy\" decoding=\"async\" src=\"https:\/\/cityofmercy.lt\/wp-content\/uploads\/2017\/12\/7GIDAI-500x500.jpg\" alt=\"\" width=\"500\" height=\"500\" \/><\/div>\n    \t<div class=\"team-member-overlay\"><\/div>\n    \t<div class=\"team-meta\"><h3>Ana U\u017edavinyt\u0117<\/h3><p>LT, PL, RU<\/p><div class=\"arrow-end fa fa-angle-right\"><\/div><div class=\"arrow-line\"><\/div><\/div>\n    \t<div class=\"nectar_team_bio_img\" data-img-src=\"https:\/\/cityofmercy.lt\/wp-content\/uploads\/2017\/12\/7GIDAI.jpg\"><\/div>\n    \t<div class=\"nectar_team_bio\"><div class=\"bottom_meta\"><a href=\"mailto:ana.uzdavinyte@gmail.com\" target=\"_blank\"><i class=\"icon-default-style fa fa-envelope\"><\/i><\/a><\/div><\/div>\n    \t<\/div>[\/vc_column_inner][vc_column_inner column_padding=&#8221;no-extra-padding&#8221; column_padding_position=&#8221;all&#8221; background_color_opacity=&#8221;1&#8243; background_hover_color_opacity=&#8221;1&#8243; column_shadow=&#8221;none&#8221; column_border_radius=&#8221;none&#8221; width=&#8221;1\/6&#8243; column_border_width=&#8221;none&#8221; column_border_style=&#8221;solid&#8221;]<div class=\"team-member\" data-style=\"bio_fullscreen\">\n    \t<div class=\"team-member-image\"><img loading=\"lazy\" decoding=\"async\" src=\"https:\/\/cityofmercy.lt\/wp-content\/uploads\/2017\/12\/Raimundas-\u0160akalys-copy-500x500.jpg\" alt=\"\" width=\"500\" height=\"500\" \/><\/div>\n    \t<div class=\"team-member-overlay\"><\/div>\n    \t<div class=\"team-meta\"><h3>Raimundas \u0160akalys<\/h3><p>LT, RU<\/p><div class=\"arrow-end fa fa-angle-right\"><\/div><div class=\"arrow-line\"><\/div><\/div>\n    \t<div class=\"nectar_team_bio_img\" data-img-src=\"https:\/\/cityofmercy.lt\/wp-content\/uploads\/2017\/12\/Raimundas-\u0160akalys-copy.jpg\"><\/div>\n    \t<div class=\"nectar_team_bio\">Apie \u017evilgsn\u012f \u012f Vilni\u0173:<br \/>\nTuriu kelias vietas, i\u0161 kur \u017evelgiant galima gerai pamatyti, koks gra\u017eus yra Vilniaus miestas. tai \u2013 Trij\u0173 kry\u017ei\u0173 kalnas, Bernardin\u0173 ba\u017eny\u010dios stogas, artilerijos bast\u0117jos patrank\u0173 aik\u0161tel\u0117 ant I\u0161ganytojo kalvos. <div class=\"bottom_meta\"><a href=\"mailto:raimulis@gmail.com\" target=\"_blank\"><i class=\"icon-default-style fa fa-envelope\"><\/i><\/a><\/div><\/div>\n    \t<\/div>[\/vc_column_inner][vc_column_inner column_padding=&#8221;no-extra-padding&#8221; column_padding_position=&#8221;all&#8221; background_color_opacity=&#8221;1&#8243; background_hover_color_opacity=&#8221;1&#8243; column_shadow=&#8221;none&#8221; column_border_radius=&#8221;none&#8221; width=&#8221;1\/6&#8243; column_border_width=&#8221;none&#8221; column_border_style=&#8221;solid&#8221;][\/vc_column_inner][\/vc_row_inner][\/vc_column][\/vc_row][vc_column column_padding=&#8221;no-extra-padding&#8221; column_padding_position=&#8221;all&#8221; background_color_opacity=&#8221;1&#8243; background_hover_color_opacity=&#8221;1&#8243; column_shadow=&#8221;none&#8221; column_border_radius=&#8221;none&#8221; width=&#8221;1\/1&#8243; tablet_text_alignment=&#8221;default&#8221; phone_text_alignment=&#8221;default&#8221; column_border_width=&#8221;none&#8221; column_border_style=&#8221;solid&#8221;][\/vc_column][vc_column_inner column_padding=&#8221;no-extra-padding&#8221; column_padding_position=&#8221;all&#8221; background_color_opacity=&#8221;1&#8243; background_hover_color_opacity=&#8221;1&#8243; column_shadow=&#8221;none&#8221; column_border_radius=&#8221;none&#8221; width=&#8221;1\/2&#8243; column_border_width=&#8221;none&#8221; column_border_style=&#8221;solid&#8221;][\/vc_column_inner][vc_column_inner column_padding=&#8221;no-extra-padding&#8221; column_padding_position=&#8221;all&#8221; background_color_opacity=&#8221;1&#8243; background_hover_color_opacity=&#8221;1&#8243; column_shadow=&#8221;none&#8221; column_border_radius=&#8221;none&#8221; width=&#8221;1\/2&#8243; column_border_width=&#8221;none&#8221; column_border_style=&#8221;solid&#8221;][\/vc_column_inner]\n","protected":false},"excerpt":{"rendered":"<p>[vc_row type=&#8221;in_container&#8221; full_screen_row_position=&#8221;middle&#8221; scene_position=&#8221;center&#8221; text_color=&#8221;dark&#8221; text_align=&#8221;left&#8221; top_padding=&#8221;5%&#8221; id=&#8221;Guides&#8221; overlay_strength=&#8221;0.3&#8243; shape_divider_position=&#8221;bottom&#8221; shape_type=&#8221;&#8221;][vc_column centered_text=&#8221;true&#8230;<\/p>\n","protected":false},"author":6,"featured_media":0,"parent":49,"menu_order":0,"comment_status":"closed","ping_status":"closed","template":"","meta":{"footnotes":""},"class_list":["post-6835","page","type-page","status-publish","hentry"],"_links":{"self":[{"href":"https:\/\/cityofmercy.lt\/lt_LT\/wp-json\/wp\/v2\/pages\/6835","targetHints":{"allow":["GET"]}}],"collection":[{"href":"https:\/\/cityofmercy.lt\/lt_LT\/wp-json\/wp\/v2\/pages"}],"about":[{"href":"https:\/\/cityofmercy.lt\/lt_LT\/wp-json\/wp\/v2\/types\/page"}],"author":[{"embeddable":true,"href":"https:\/\/cityofmercy.lt\/lt_LT\/wp-json\/wp\/v2\/users\/6"}],"replies":[{"embeddable":true,"href":"https:\/\/cityofmercy.lt\/lt_LT\/wp-json\/wp\/v2\/comments?post=6835"}],"version-history":[{"count":18,"href":"https:\/\/cityofmercy.lt\/lt_LT\/wp-json\/wp\/v2\/pages\/6835\/revisions"}],"predecessor-version":[{"id":8069,"href":"https:\/\/cityofmercy.lt\/lt_LT\/wp-json\/wp\/v2\/pages\/6835\/revisions\/8069"}],"up":[{"embeddable":true,"href":"https:\/\/cityofmercy.lt\/lt_LT\/wp-json\/wp\/v2\/pages\/49"}],"wp:attachment":[{"href":"https:\/\/cityofmercy.lt\/lt_LT\/wp-json\/wp\/v2\/media?parent=6835"}],"curies":[{"name":"wp","href":"https:\/\/api.w.org\/{rel}","templated":true}]}}