{"id":6390,"date":"2021-03-29T02:56:25","date_gmt":"2021-03-29T02:56:25","guid":{"rendered":"https:\/\/cityofmercy.lt\/?page_id=6390"},"modified":"2021-04-07T09:12:18","modified_gmt":"2021-04-07T09:12:18","slug":"pasakojimas2","status":"publish","type":"page","link":"https:\/\/cityofmercy.lt\/lt_LT\/pasakojimas2\/","title":{"rendered":"Pasakojimas2"},"content":{"rendered":"[vc_row type=&#8221;full_width_background&#8221; full_screen_row_position=&#8221;middle&#8221; equal_height=&#8221;yes&#8221; content_placement=&#8221;middle&#8221; full_height=&#8221;yes&#8221; mouse_based_parallax_bg=&#8221;true&#8221; scene_position=&#8221;bottom&#8221; mouse_sensitivity=&#8221;5&#8243; layer_one_image=&#8221;193&#8243; layer_one_strength=&#8221;0.1&#8243; layer_two_strength=&#8221;0.4&#8243; layer_three_strength=&#8221;1&#8243; layer_four_image=&#8221;5143&#8243; text_color=&#8221;dark&#8221; text_align=&#8221;left&#8221; overlay_strength=&#8221;0.3&#8243; shape_divider_position=&#8221;bottom&#8221; shape_type=&#8221;&#8221;][vc_column column_padding=&#8221;no-extra-padding&#8221; column_padding_position=&#8221;all&#8221; background_color_opacity=&#8221;1&#8243; background_hover_color_opacity=&#8221;1&#8243; column_shadow=&#8221;none&#8221; column_border_radius=&#8221;none&#8221; width=&#8221;1\/1&#8243; tablet_text_alignment=&#8221;default&#8221; phone_text_alignment=&#8221;default&#8221; column_border_width=&#8221;none&#8221; column_border_style=&#8221;solid&#8221;][vc_row_inner column_margin=&#8221;default&#8221; top_padding=&#8221;5%&#8221; bottom_padding=&#8221;5%&#8221; text_align=&#8221;left&#8221;][vc_column_inner column_padding=&#8221;no-extra-padding&#8221; column_padding_position=&#8221;all&#8221; background_color_opacity=&#8221;1&#8243; background_hover_color_opacity=&#8221;1&#8243; column_shadow=&#8221;none&#8221; column_border_radius=&#8221;none&#8221; width=&#8221;1\/4&#8243; column_border_width=&#8221;none&#8221; column_border_style=&#8221;solid&#8221;][\/vc_column_inner][vc_column_inner column_padding=&#8221;no-extra-padding&#8221; column_padding_position=&#8221;all&#8221; background_color_opacity=&#8221;1&#8243; background_hover_color_opacity=&#8221;1&#8243; column_shadow=&#8221;none&#8221; column_border_radius=&#8221;none&#8221; width=&#8221;1\/2&#8243; column_border_width=&#8221;none&#8221; column_border_style=&#8221;solid&#8221;][vc_column_text]\n<h1>\u012eVADAS<\/h1>\n[\/vc_column_text]<div class=\"divider-wrap\"><div style=\"margin-top: 12px; height: 2px; margin-bottom: 12px;\" data-width=\"100%\" data-animate=\"yes\" data-animation-delay=\"\" data-color=\"accent-color\" class=\"divider-border\"><\/div><\/div>[vc_column_text]\n<h5 style=\"text-align: justify;\"><span data-preserver-spaces=\"true\">Dievo Gailestingumo Motinos kongregacijos sesuo Faustina Kovalska po am\u017ein\u0173j\u0173 \u012f\u017ead\u0173 buvo paskirta \u012f vienuolyno namus Vilniuje. B\u016btent \u0161iame mieste \u012fvyko jos ir kunigo Mykolo Sopo\u010dkos susitikimas, atv\u0117r\u0119s galimyb\u0119 sklisti Dievo Gailestingumo \u017einiai. Kun. Mykolas Sopo\u010dka tapo sesers Faustinos nuod\u0117mklausiu ir dvasiniu vadovu. Jis prisid\u0117jo prie J\u0117zauspra\u0161ym\u0173 ses. Faustinai \u012fgyvendinimo. \u0160iuose \u012fra\u0161uose pateiktos i\u0161traukos, kurios remiasi ses.Faustinos ir kun. Mykolo Sopo\u010dkos dienora\u0161\u010di\u0173 fragmentais, jo lai\u0161kais ses. Faustinai,ra\u0161ytais jai gyvenant Krokuvoje, ir kun. Mykolo atsiminimais apie ses. Faustin\u0105, atskleid\u017eia svarbiausius j\u0173 susitikim\u0173 epizodus, \u0161i\u0173 asmenybi\u0173 charakteri\u0173 skirtingum\u0105: sesers Faustinos r\u016bpest\u012f kun. M. Sopo\u010dka, jos tvirtum\u0105 perduodant \u017eini\u0105 ir pasitik\u0117jim\u0105 Dievu, o kunigo M. Sopo\u010dkos pradin\u0119 abejon\u0119, distancij\u0105 ir nepasitik\u0117jim\u0105, su laiku peraugus\u012f \u012f atidum\u0105, ry\u017et\u0105 ir uolum\u0105 besir\u016bpinant sesers perduot\u0173 pra\u0161ym\u0173 \u012fgyvendinimu.<\/span><\/h5>\n[\/vc_column_text]<div class=\"divider-wrap\"><div style=\"height: 50px;\" class=\"divider\"><\/div><\/div>[vc_column_text][sonaar_audioplayer playlist_title=&#8221;GAILESTINGUMAS&#8221; artwork_id=&#8221;&#8221; display_control_artwork=&#8221;false&#8221; feed=&#8221;http:\/\/www.hochmuth.com\/mp3\/Haydn_Cello_Concerto_D-1.mp3&#8243; feed_title=&#8221;GAILESTINGUMAS&#8221; hide_artwork=&#8221;true&#8221; show_playlist=&#8221;false&#8221; show_track_market=&#8221;false&#8221; show_album_market=&#8221;false&#8221; hide_timeline=&#8221;false&#8221;][\/sonaar_audioplayer][\/vc_column_text][\/vc_column_inner][vc_column_inner column_padding=&#8221;no-extra-padding&#8221; column_padding_position=&#8221;all&#8221; background_color_opacity=&#8221;1&#8243; background_hover_color_opacity=&#8221;1&#8243; column_shadow=&#8221;none&#8221; column_border_radius=&#8221;none&#8221; width=&#8221;1\/4&#8243; column_border_width=&#8221;none&#8221; column_border_style=&#8221;solid&#8221;][\/vc_column_inner][\/vc_row_inner][\/vc_column][\/vc_row][vc_row type=&#8221;full_width_background&#8221; full_screen_row_position=&#8221;middle&#8221; equal_height=&#8221;yes&#8221; content_placement=&#8221;middle&#8221; full_height=&#8221;yes&#8221; mouse_based_parallax_bg=&#8221;true&#8221; scene_position=&#8221;bottom&#8221; mouse_sensitivity=&#8221;5&#8243; layer_one_image=&#8221;210&#8243; layer_one_strength=&#8221;0.1&#8243; layer_two_strength=&#8221;0.4&#8243; layer_three_strength=&#8221;1&#8243; layer_four_image=&#8221;5143&#8243; text_color=&#8221;dark&#8221; text_align=&#8221;left&#8221; overlay_strength=&#8221;0.3&#8243; shape_divider_position=&#8221;bottom&#8221; shape_type=&#8221;&#8221;][vc_column column_padding=&#8221;no-extra-padding&#8221; column_padding_position=&#8221;all&#8221; background_color_opacity=&#8221;1&#8243; background_hover_color_opacity=&#8221;1&#8243; column_shadow=&#8221;none&#8221; column_border_radius=&#8221;none&#8221; width=&#8221;1\/1&#8243; tablet_text_alignment=&#8221;default&#8221; phone_text_alignment=&#8221;default&#8221; column_border_width=&#8221;none&#8221; column_border_style=&#8221;solid&#8221;][vc_row_inner column_margin=&#8221;default&#8221; top_padding=&#8221;5%&#8221; bottom_padding=&#8221;5%&#8221; text_align=&#8221;left&#8221;][vc_column_inner column_padding=&#8221;no-extra-padding&#8221; column_padding_position=&#8221;all&#8221; background_color_opacity=&#8221;1&#8243; background_hover_color_opacity=&#8221;1&#8243; column_shadow=&#8221;none&#8221; column_border_radius=&#8221;none&#8221; width=&#8221;1\/3&#8243; column_border_width=&#8221;none&#8221; column_border_style=&#8221;solid&#8221;][\/vc_column_inner][vc_column_inner column_padding=&#8221;no-extra-padding&#8221; column_padding_position=&#8221;all&#8221; background_color_opacity=&#8221;1&#8243; background_hover_color_opacity=&#8221;1&#8243; column_shadow=&#8221;none&#8221; column_border_radius=&#8221;none&#8221; width=&#8221;1\/3&#8243; column_border_width=&#8221;none&#8221; column_border_style=&#8221;solid&#8221;][vc_column_text]\n<h3>SES. FAUSTINA KOVALSKA<\/h3>\n<h3>Dienoras\u030ctis (251)<\/h3>\n<h3>1933 m. geguz\u030ce\u0307, Vilnius<\/h3>\n[\/vc_column_text]<div class=\"divider-wrap\"><div style=\"margin-top: 12px; height: 2px; margin-bottom: 12px;\" data-width=\"100%\" data-animate=\"yes\" data-animation-delay=\"\" data-color=\"accent-color\" class=\"divider-border\"><\/div><\/div>[vc_column_text]\n<h5>S\u030ciandien jau esu Vilniuje. Maz\u030cuc\u030ciai nameliai \u2013 is\u030csibarst\u0119 \u2013 sudaro vienuolyna\u0328. Man atrodo kiek keista po Juzefovo pastatu\u0328. Seseru\u0328 tik as\u030ctuoniolika. Maz\u030cas namelis, bet jos labai susigyvenusios. Visos seserys mane prie\u0307me\u0307 labai maloniai, ir tai man buvo didz\u030ciule\u0307 paskata is\u030cke\u0328sti sunkumus, kurie mane\u0328s lauke\u0307.<br \/>\nDienoras\u030ctis (261)<\/h5>\n[\/vc_column_text][\/vc_column_inner][vc_column_inner column_padding=&#8221;no-extra-padding&#8221; column_padding_position=&#8221;all&#8221; background_color_opacity=&#8221;1&#8243; background_hover_color_opacity=&#8221;1&#8243; column_shadow=&#8221;none&#8221; column_border_radius=&#8221;none&#8221; width=&#8221;1\/3&#8243; column_border_width=&#8221;none&#8221; column_border_style=&#8221;solid&#8221;][\/vc_column_inner][\/vc_row_inner][\/vc_column][\/vc_row][vc_row type=&#8221;full_width_background&#8221; full_screen_row_position=&#8221;middle&#8221; equal_height=&#8221;yes&#8221; content_placement=&#8221;middle&#8221; full_height=&#8221;yes&#8221; mouse_based_parallax_bg=&#8221;true&#8221; scene_position=&#8221;bottom&#8221; mouse_sensitivity=&#8221;5&#8243; layer_one_image=&#8221;217&#8243; layer_one_strength=&#8221;0.1&#8243; layer_two_image=&#8221;197&#8243; layer_two_strength=&#8221;0.1&#8243; layer_three_image=&#8221;195&#8243; layer_three_strength=&#8221;0.1&#8243; layer_four_image=&#8221;5143&#8243; text_color=&#8221;dark&#8221; text_align=&#8221;left&#8221; overlay_strength=&#8221;0.3&#8243; shape_divider_position=&#8221;bottom&#8221; shape_type=&#8221;&#8221;][vc_column column_padding=&#8221;no-extra-padding&#8221; column_padding_position=&#8221;all&#8221; background_color_opacity=&#8221;1&#8243; background_hover_color_opacity=&#8221;1&#8243; column_shadow=&#8221;none&#8221; column_border_radius=&#8221;none&#8221; width=&#8221;1\/1&#8243; tablet_text_alignment=&#8221;default&#8221; phone_text_alignment=&#8221;default&#8221; column_border_width=&#8221;none&#8221; column_border_style=&#8221;solid&#8221;][vc_row_inner column_margin=&#8221;default&#8221; top_padding=&#8221;5%&#8221; bottom_padding=&#8221;5%&#8221; text_align=&#8221;left&#8221;][vc_column_inner column_padding=&#8221;no-extra-padding&#8221; column_padding_position=&#8221;all&#8221; background_color_opacity=&#8221;1&#8243; background_hover_color_opacity=&#8221;1&#8243; column_shadow=&#8221;none&#8221; column_border_radius=&#8221;none&#8221; width=&#8221;1\/3&#8243; column_border_width=&#8221;none&#8221; column_border_style=&#8221;solid&#8221;][vc_column_text]\n<h3>SES. FAUSTINA KOVALSKA<\/h3>\n[\/vc_column_text]<div class=\"divider-wrap\"><div style=\"margin-top: 12px; height: 2px; margin-bottom: 12px;\" data-width=\"100%\" data-animate=\"yes\" data-animation-delay=\"\" data-color=\"accent-color\" class=\"divider-border\"><\/div><\/div>[vc_column_text]\n<h5 style=\"text-align: justify;\"><span data-preserver-spaces=\"true\">Je\u0307zaus gerumas beribis, z\u030cade\u0307jo man regima\u0328 pagalba\u0328 z\u030ceme\u0307je ir gavau ja\u0328 netrukus Vilniuje kaip kun. M. Sopoc\u030cka\u0328. Dar pries\u030c atvaz\u030ciuodama i\u0328 Vilniu\u0328 paz\u030cinau ji\u0328 vidiniu rege\u0307jimu. Tuomet is\u030cgirdau sieloje balsa\u0328: S\u030ctai tau regima pagalba z\u030ceme\u0307je. Jis tau pade\u0307s i\u0328vykdyti mano valia\u0328 z\u030ceme\u0307je.<br \/>\n<\/span><\/h5>\n[\/vc_column_text]<div class=\"divider-wrap\"><div style=\"height: 40px;\" class=\"divider\"><\/div><\/div>[vc_column_text]\n<h5 style=\"text-align: justify;\"><span data-preserver-spaces=\"true\">O, kokia didz\u030ciule\u0307 malone\u0307 yra ture\u0307ti sielos vadova\u0328. Kai papasakojau savo sielos vadovui apie baime\u0328, kuri mane apima de\u0307l s\u030cios pasiuntinybe\u0307s, kuriai mane Dievas naudoja kaip negabu\u0328 i\u0328ranki\u0328, dvasis\u030ckasis te\u0307vas man atsake\u0307, kad ar mes norime, ar ne, tac\u030ciau Dievo valia\u0328 i\u0328vykdyti privalome. Tada is\u030cgirdau s\u030ciuos z\u030codz\u030cius: Kai kunigas mane pavaduoja, tai ne jis veikia, o as\u030c per ji\u0328, jo norai yra mano norai. Dabar ais\u030ckiau matau, kaip Dievas veikia per nuode\u0307mklausi\u0328 ir koks yra is\u030ctikimas savo paz\u030cadams.<br \/>\n<\/span><\/h5>\n[\/vc_column_text][\/vc_column_inner][vc_column_inner column_padding=&#8221;no-extra-padding&#8221; column_padding_position=&#8221;all&#8221; background_color_opacity=&#8221;1&#8243; background_hover_color_opacity=&#8221;1&#8243; column_shadow=&#8221;none&#8221; column_border_radius=&#8221;none&#8221; width=&#8221;1\/3&#8243; column_border_width=&#8221;none&#8221; column_border_style=&#8221;solid&#8221;][\/vc_column_inner][vc_column_inner column_padding=&#8221;no-extra-padding&#8221; column_padding_position=&#8221;all&#8221; background_color_opacity=&#8221;1&#8243; background_hover_color_opacity=&#8221;1&#8243; column_shadow=&#8221;none&#8221; column_border_radius=&#8221;none&#8221; width=&#8221;1\/3&#8243; column_border_width=&#8221;none&#8221; column_border_style=&#8221;solid&#8221;][vc_column_text]\n<h3 style=\"text-align: justify;\"><span data-preserver-spaces=\"true\">Dienoras\u030ctis (53)<br \/>\nKUN. MYKOLAS SOPOC\u030cKA<\/span><\/h3>\n[\/vc_column_text]<div class=\"divider-wrap\"><div style=\"margin-top: 12px; height: 2px; margin-bottom: 12px;\" data-width=\"100%\" data-animate=\"yes\" data-animation-delay=\"\" data-color=\"accent-color\" class=\"divider-border\"><\/div><\/div>[vc_column_text]\n<h5 style=\"text-align: justify;\"><span data-preserver-spaces=\"true\">Su seserimi Faustina susipaz\u030cinau 1933 m., ji is\u030c karto man pasake\u0307, kad mane paz\u030ci\u0328sta jau seniau ir kad turiu bu\u0304ti jos vadovas ir skelbti pasauliui Dievo gailestinguma\u0328. Tiems z\u030codz\u030ciams nesuteikiau jokios reiks\u030cme\u0307s ir nez\u030ciu\u0304re\u0307jau i\u0328 juos rimtai.<br \/>\nDienoras\u030ctis, antras sa\u0328siuv. (50)<br \/>\n<\/span><\/h5>\n[\/vc_column_text]<div class=\"divider-wrap\"><div style=\"height: 40px;\" class=\"divider\"><\/div><\/div>[vc_column_text]\n<h5 style=\"text-align: justify;\"><span data-preserver-spaces=\"true\">Nors is\u030c pradz\u030ciu\u0328 sesuo Faustina bijojo, dvejojo galimybe i\u0328gyvendinti pras\u030cymus ir bande\u0307 nuo ju\u0328 is\u030csisukti, ve\u0307liau ji pamaz\u030cu nurimo ir pasieke\u0307 visis\u030ckos ramybe\u0307s, uz\u030ctikrintu- mo ir gilaus vidinio dz\u030ciaugsmo bu\u0304sena\u0328 tapdama vis nuo- lankesne\u0307 ir klusnesne\u0307, vis labiau susivienijusi su Dievu ir kantresne\u0307, visis\u030ckai ir visame kame sutikdama su Jo valia.<br \/>\nAtsiminimai apie ses. Faustina\u0328<br \/>\n<\/span><\/h5>\n[\/vc_column_text][\/vc_column_inner][\/vc_row_inner][\/vc_column][\/vc_row][vc_row type=&#8221;full_width_background&#8221; full_screen_row_position=&#8221;middle&#8221; equal_height=&#8221;yes&#8221; content_placement=&#8221;middle&#8221; full_height=&#8221;yes&#8221; mouse_based_parallax_bg=&#8221;true&#8221; scene_position=&#8221;bottom&#8221; mouse_sensitivity=&#8221;5&#8243; layer_one_image=&#8221;193&#8243; layer_one_strength=&#8221;0.1&#8243; layer_two_strength=&#8221;0.4&#8243; layer_three_strength=&#8221;1&#8243; layer_four_image=&#8221;5143&#8243; text_color=&#8221;dark&#8221; text_align=&#8221;left&#8221; overlay_strength=&#8221;0.3&#8243; shape_divider_position=&#8221;bottom&#8221; shape_type=&#8221;&#8221;][vc_column column_padding=&#8221;no-extra-padding&#8221; column_padding_position=&#8221;all&#8221; background_color_opacity=&#8221;1&#8243; background_hover_color_opacity=&#8221;1&#8243; column_shadow=&#8221;none&#8221; column_border_radius=&#8221;none&#8221; width=&#8221;1\/1&#8243; tablet_text_alignment=&#8221;default&#8221; phone_text_alignment=&#8221;default&#8221; column_border_width=&#8221;none&#8221; column_border_style=&#8221;solid&#8221;][vc_row_inner column_margin=&#8221;default&#8221; top_padding=&#8221;5%&#8221; bottom_padding=&#8221;5%&#8221; text_align=&#8221;left&#8221;][vc_column_inner column_padding=&#8221;no-extra-padding&#8221; column_padding_position=&#8221;all&#8221; background_color_opacity=&#8221;1&#8243; background_hover_color_opacity=&#8221;1&#8243; column_shadow=&#8221;none&#8221; column_border_radius=&#8221;none&#8221; width=&#8221;1\/6&#8243; column_border_width=&#8221;none&#8221; column_border_style=&#8221;solid&#8221;][\/vc_column_inner][vc_column_inner column_padding=&#8221;no-extra-padding&#8221; column_padding_position=&#8221;all&#8221; background_color_opacity=&#8221;1&#8243; background_hover_color_opacity=&#8221;1&#8243; column_shadow=&#8221;none&#8221; column_border_radius=&#8221;none&#8221; width=&#8221;2\/3&#8243; column_border_width=&#8221;none&#8221; column_border_style=&#8221;solid&#8221;][vc_column_text]\n<h1>PABAIGA<\/h1>\n[\/vc_column_text]<div class=\"divider-wrap\"><div style=\"margin-top: 12px; height: 2px; margin-bottom: 12px;\" data-width=\"100%\" data-animate=\"yes\" data-animation-delay=\"\" data-color=\"accent-color\" class=\"divider-border\"><\/div><\/div>[vc_column_text]\n<h5 style=\"text-align: justify;\">Po ses. Faustinos mirties kun. M. Sopo\u010dka toliau t\u0119s\u0117 prad\u0117t\u0105 \u017einios apie Dievo Gailestingum\u0105 ir \u0161io pamaldumo sklaidos darb\u0105. Jis r\u016bpinosi maldyn\u0117li\u0173, skirt\u0173 Dievo Gailestingumo pamaldumui, spausdinimu, taip pat paveiksl\u0117li\u0173 su Gailestingojo J\u0117zaus atvaizdu platinimu, ra\u0161\u0117 straipsnius Dievo Gailestingumo tema \u012fvairiuose teologiniuose \u017eurnaluose, pa\u017eym\u0117damas pastarosios temos teologin\u0119 reik\u0161m\u0119, prasm\u0119, biblin\u012f pagrindim\u0105. Visgi, prasid\u0117j\u0119s Antrasis pasaulinis karas ir sovietin\u0117 okupacija l\u0117m\u0117, kad Lietuva bei Dievo Gailestingumo paveikslas liko u\u017e \u201egele\u017ein\u0117s u\u017edangos\u201c. Vis d\u0117lto Dievo Gailestingumo \u017einia plito Lenkijoje, JAV.<\/h5>\n<h5 style=\"text-align: justify;\">Naujas Dievo Gailestingumo sklaidos etapas prasid\u0117jo kuomet Krokuvos arkivyskupo Karolio Vojtylos pastangomis buvo prad\u0117ta sesers Faustinos beatifikacijos byla, sugr\u012f\u017eta prie jos reg\u0117jim\u0173 patir\u010di\u0173 ir Gailestingumo \u017einios Ba\u017eny\u010dioje aktualizavimo. 2000 m. skelbiant seser\u012f Faustin\u0105 pirm\u0105ja prasid\u0117jusio tre\u010diojo t\u016bkstantme\u010dio \u0161vent\u0105ja, popie\u017eius Jonas Paulius II atkreip\u0117 d\u0117mes\u012f, kad gailestingumas yra svarbiausia \u017einia naujajam t\u016bkstantme\u010diui, tuo pakviesdamas vis\u0105 \u017emonij\u0105 atsigr\u0119\u017eti \u012f Dievo Gailestingum\u0105. \u012evesdamas Dievo Gailestingumo sekmadienio \u0161vent\u0119 visuotin\u0117je Katalik\u0173 Ba\u017eny\u010dioje, \u0161is popie\u017eius pa\u017eym\u0117jo jos, kaip po Velyk\u0173 sl\u0117pinio i\u0161gyvenam\u0105 susitaikinimo su \u017emonija ir santykio tarp Dievo ir \u017emogaus atkuriam\u0105j\u0105 reik\u0161m\u0119.<\/h5>\n<h5 style=\"text-align: justify;\">Tik 2008 metais i\u0161sipild\u0117 kun. M. Sopo\u010dkos testamente pareik\u0161ta valia original\u0173 Dievo Gailestingumo paveiksl\u0105 gerbti atskiroje tam skirtoje ba\u017eny\u010dioje, Dievo Gailestingumo \u0161ventov\u0117je. \u0160i \u0161ventov\u0117 bei kitos su pal. M. Sopo\u010dkos ir \u0161v. Faustinos Kovalskos gyvenimu Vilniuje susijusios vietos atveria galimybes pa\u017einti Vilni\u0173 kaip Dievo Gailestingumo miest\u0105.<\/h5>\n[\/vc_column_text][\/vc_column_inner][vc_column_inner column_padding=&#8221;no-extra-padding&#8221; column_padding_position=&#8221;all&#8221; background_color_opacity=&#8221;1&#8243; background_hover_color_opacity=&#8221;1&#8243; column_shadow=&#8221;none&#8221; column_border_radius=&#8221;none&#8221; width=&#8221;1\/6&#8243; column_border_width=&#8221;none&#8221; column_border_style=&#8221;solid&#8221;][\/vc_column_inner][\/vc_row_inner][\/vc_column][\/vc_row]\n","protected":false},"excerpt":{"rendered":"<p>[vc_row type=&#8221;full_width_background&#8221; full_screen_row_position=&#8221;middle&#8221; equal_height=&#8221;yes&#8221; content_placement=&#8221;middle&#8221; full_height=&#8221;yes&#8221; mouse_based_parallax_bg=&#8221;true&#8221; scene_position=&#8221;bottom&#8221; mouse_sensitivity=&#8221;5&#8243; layer_one_image=&#8221;193&#8243; layer_one_streng&#8230;<\/p>\n","protected":false},"author":2,"featured_media":0,"parent":0,"menu_order":0,"comment_status":"closed","ping_status":"closed","template":"","meta":{"footnotes":""},"class_list":["post-6390","page","type-page","status-publish","hentry"],"_links":{"self":[{"href":"https:\/\/cityofmercy.lt\/lt_LT\/wp-json\/wp\/v2\/pages\/6390","targetHints":{"allow":["GET"]}}],"collection":[{"href":"https:\/\/cityofmercy.lt\/lt_LT\/wp-json\/wp\/v2\/pages"}],"about":[{"href":"https:\/\/cityofmercy.lt\/lt_LT\/wp-json\/wp\/v2\/types\/page"}],"author":[{"embeddable":true,"href":"https:\/\/cityofmercy.lt\/lt_LT\/wp-json\/wp\/v2\/users\/2"}],"replies":[{"embeddable":true,"href":"https:\/\/cityofmercy.lt\/lt_LT\/wp-json\/wp\/v2\/comments?post=6390"}],"version-history":[{"count":56,"href":"https:\/\/cityofmercy.lt\/lt_LT\/wp-json\/wp\/v2\/pages\/6390\/revisions"}],"predecessor-version":[{"id":6471,"href":"https:\/\/cityofmercy.lt\/lt_LT\/wp-json\/wp\/v2\/pages\/6390\/revisions\/6471"}],"wp:attachment":[{"href":"https:\/\/cityofmercy.lt\/lt_LT\/wp-json\/wp\/v2\/media?parent=6390"}],"curies":[{"name":"wp","href":"https:\/\/api.w.org\/{rel}","templated":true}]}}