{"id":36,"date":"2017-11-29T13:11:49","date_gmt":"2017-11-29T13:11:49","guid":{"rendered":"http:\/\/cityofmercy.lt\/?page_id=36"},"modified":"2025-11-04T17:08:05","modified_gmt":"2025-11-04T14:08:05","slug":"marsrutai","status":"publish","type":"page","link":"https:\/\/cityofmercy.lt\/lt_LT\/marsrutai\/","title":{"rendered":"MAR\u0160RUTAI"},"content":{"rendered":"[vc_row type=&#8221;in_container&#8221; full_screen_row_position=&#8221;middle&#8221; scene_position=&#8221;center&#8221; text_color=&#8221;dark&#8221; text_align=&#8221;left&#8221; overlay_strength=&#8221;0.3&#8243; shape_divider_position=&#8221;bottom&#8221;][vc_column centered_text=&#8221;true&#8221; column_padding=&#8221;no-extra-padding&#8221; column_padding_position=&#8221;all&#8221; background_color_opacity=&#8221;1&#8243; background_hover_color_opacity=&#8221;1&#8243; column_shadow=&#8221;none&#8221; column_border_radius=&#8221;none&#8221; width=&#8221;1\/1&#8243; tablet_text_alignment=&#8221;default&#8221; phone_text_alignment=&#8221;default&#8221; column_border_width=&#8221;none&#8221; column_border_style=&#8221;solid&#8221;][vc_column_text]\n<h4><strong>Mar\u0161rutai.<\/strong> Patirk sav\u0105j\u0105 piligrimyst\u0117s istorij\u0105.<\/h4>\n[\/vc_column_text]<div class=\"divider-wrap\"><div style=\"margin-top: 20px; height: 1px; margin-bottom: 20px;\" data-width=\"100%\" data-animate=\"\" data-animation-delay=\"\" data-color=\"default\" class=\"divider-border\"><\/div><\/div>[vc_column_text]\n<h5 style=\"text-align: center;\">Esate kvie\u010diami patirti sav\u0105j\u0105 piligrimyst\u0117s istorij\u0105 Europoje labiausiai \u012f \u0161iaur\u0117s rytus nutolusioje kataliki\u0161koje sostin\u0117je. Sustokite ir pakelkite galvas: miesto centre bei senamiestyje \u2013 nesibaigianti keliaujan\u010dios Ba\u017eny\u010dios istorija. Palyd\u0117sime Jus.<\/h5>\n[\/vc_column_text][\/vc_column][\/vc_row][vc_row type=&#8221;in_container&#8221; full_screen_row_position=&#8221;middle&#8221; scene_position=&#8221;center&#8221; text_color=&#8221;dark&#8221; text_align=&#8221;left&#8221; overlay_strength=&#8221;0.3&#8243; shape_divider_position=&#8221;bottom&#8221;][vc_column centered_text=&#8221;true&#8221; column_padding=&#8221;padding-15-percent&#8221; column_padding_position=&#8221;top-bottom&#8221; background_color=&#8221;#1e73be&#8221; background_color_opacity=&#8221;0.3&#8243; background_color_hover=&#8221;#1e73be&#8221; background_hover_color_opacity=&#8221;0.6&#8243; background_image=&#8221;250&#8243; enable_bg_scale=&#8221;true&#8221; column_shadow=&#8221;none&#8221; column_border_radius=&#8221;3px&#8221; width=&#8221;1\/2&#8243; tablet_text_alignment=&#8221;default&#8221; phone_text_alignment=&#8221;default&#8221; column_border_width=&#8221;none&#8221; column_link=&#8221;gailestingumo-kelias&#8221;]<div class=\"divider-wrap\"><div style=\"height: 20px;\" class=\"divider\"><\/div><\/div>[vc_column_text]\n<h6 style=\"text-align: center;\"><span style=\"color: #ffffff;\">Ie\u0161kan\u010di\u0173<\/span><\/h6>\n[\/vc_column_text]<div class=\"divider-wrap\"><div style=\"margin-top: 7px; width: 200px; height: 1px; margin-bottom: 7px;\" data-width=\"200\" data-animate=\"\" data-animation-delay=\"\" data-color=\"default\" class=\"divider-small-border\"><\/div><\/div>[vc_column_text]\n<h2 style=\"color: #ffffff;\">GAILESTINGUMO KELIAS<\/h2>\n[\/vc_column_text][\/vc_column][vc_column centered_text=&#8221;true&#8221; column_padding=&#8221;padding-15-percent&#8221; column_padding_position=&#8221;top-bottom&#8221; background_color=&#8221;#1e73be&#8221; background_color_opacity=&#8221;0.3&#8243; background_color_hover=&#8221;#1e73be&#8221; background_hover_color_opacity=&#8221;0.6&#8243; background_image=&#8221;276&#8243; enable_bg_scale=&#8221;true&#8221; column_shadow=&#8221;none&#8221; column_border_radius=&#8221;3px&#8221; width=&#8221;1\/2&#8243; tablet_text_alignment=&#8221;default&#8221; phone_text_alignment=&#8221;default&#8221; column_border_width=&#8221;none&#8221; column_link=&#8221;sv-jono-pauliaus-ii-ojo-kelias&#8221;]<div class=\"divider-wrap\"><div style=\"height: 20px;\" class=\"divider\"><\/div><\/div>[vc_column_text]\n<h6 style=\"text-align: center;\"><span style=\"color: #ffffff;\">Nacionalinis<\/span><\/h6>\n[\/vc_column_text]<div class=\"divider-wrap\"><div style=\"margin-top: 7px; width: 200px; height: 1px; margin-bottom: 7px;\" data-width=\"200\" data-animate=\"\" data-animation-delay=\"\" data-color=\"default\" class=\"divider-small-border\"><\/div><\/div>[vc_column_text]\n<h2 style=\"text-align: center;\"><span style=\"color: #ffffff;\">\u0160V. JONO PAULIAUS II-OJO KELIAS<\/span><\/h2>\n[\/vc_column_text][\/vc_column][\/vc_row][vc_row type=&#8221;in_container&#8221; full_screen_row_position=&#8221;middle&#8221; scene_position=&#8221;center&#8221; text_color=&#8221;dark&#8221; text_align=&#8221;left&#8221; overlay_strength=&#8221;0.3&#8243; shape_divider_position=&#8221;bottom&#8221;][vc_column centered_text=&#8221;true&#8221; column_padding=&#8221;padding-15-percent&#8221; column_padding_position=&#8221;top-bottom&#8221; background_color=&#8221;#1e73be&#8221; background_color_opacity=&#8221;0.3&#8243; background_color_hover=&#8221;#1e73be&#8221; background_hover_color_opacity=&#8221;0.6&#8243; background_image=&#8221;270&#8243; enable_bg_scale=&#8221;true&#8221; column_shadow=&#8221;none&#8221; column_border_radius=&#8221;3px&#8221; width=&#8221;1\/4&#8243; tablet_text_alignment=&#8221;default&#8221; phone_text_alignment=&#8221;default&#8221; column_border_width=&#8221;none&#8221; column_link=&#8221;vilniaus-kalvariju-kryziaus-kelias&#8221;]<div class=\"divider-wrap\"><div style=\"height: 20px;\" class=\"divider\"><\/div><\/div>[vc_column_text]\n<h6 style=\"text-align: center;\"><span style=\"color: #ffffff;\">Kalvotasis<\/span><\/h6>\n[\/vc_column_text]<div class=\"divider-wrap\"><div style=\"margin-top: 7px; width: 200px; height: 1px; margin-bottom: 7px;\" data-width=\"200\" data-animate=\"\" data-animation-delay=\"\" data-color=\"default\" class=\"divider-small-border\"><\/div><\/div>[vc_column_text]\n<h2 style=\"text-align: center;\"><span style=\"color: #ffffff;\">VILNIAUS KALVARIJ\u0172 KRY\u017dIAUS KELIAS<\/span><\/h2>\n[\/vc_column_text][\/vc_column][vc_column centered_text=&#8221;true&#8221; column_padding=&#8221;padding-15-percent&#8221; column_padding_position=&#8221;top-bottom&#8221; background_color=&#8221;#2a79bf&#8221; background_color_opacity=&#8221;0.3&#8243; background_color_hover=&#8221;#1e73be&#8221; background_hover_color_opacity=&#8221;0.6&#8243; background_image=&#8221;271&#8243; enable_bg_scale=&#8221;true&#8221; column_shadow=&#8221;none&#8221; column_border_radius=&#8221;3px&#8221; width=&#8221;1\/4&#8243; tablet_text_alignment=&#8221;default&#8221; phone_text_alignment=&#8221;default&#8221; column_border_width=&#8221;none&#8221; column_link=&#8221;marijos-gerbimo-vietos&#8221;]<div class=\"divider-wrap\"><div style=\"height: 20px;\" class=\"divider\"><\/div><\/div>[vc_column_text]\n<h6 style=\"text-align: center;\"><span style=\"color: #ffffff;\">\u017dymiausios<\/span><\/h6>\n[\/vc_column_text]<div class=\"divider-wrap\"><div style=\"margin-top: 7px; width: 200px; height: 1px; margin-bottom: 7px;\" data-width=\"200\" data-animate=\"\" data-animation-delay=\"\" data-color=\"default\" class=\"divider-small-border\"><\/div><\/div>[vc_column_text]\n<h2 style=\"text-align: center;\"><span style=\"color: #ffffff;\">MARIJOS GERBIMO<br \/>\nVIETOS<\/span><\/h2>\n[\/vc_column_text][\/vc_column][vc_column centered_text=&#8221;true&#8221; column_padding=&#8221;padding-15-percent&#8221; column_padding_position=&#8221;top-bottom&#8221; background_color=&#8221;#1e73be&#8221; background_color_opacity=&#8221;0.3&#8243; background_color_hover=&#8221;#1e73be&#8221; background_hover_color_opacity=&#8221;0.6&#8243; background_image=&#8221;263&#8243; enable_bg_scale=&#8221;true&#8221; column_shadow=&#8221;none&#8221; column_border_radius=&#8221;3px&#8221; width=&#8221;1\/4&#8243; tablet_text_alignment=&#8221;default&#8221; phone_text_alignment=&#8221;default&#8221; column_border_width=&#8221;none&#8221; column_link=&#8221;vilniaus-sventieji&#8221;]<div class=\"divider-wrap\"><div style=\"height: 20px;\" class=\"divider\"><\/div><\/div>[vc_column_text]\n<h6 style=\"text-align: center;\"><span style=\"color: #ffffff;\">\u012ekvepiantys<\/span><\/h6>\n[\/vc_column_text]<div class=\"divider-wrap\"><div style=\"margin-top: 7px; width: 200px; height: 1px; margin-bottom: 7px;\" data-width=\"200\" data-animate=\"\" data-animation-delay=\"\" data-color=\"default\" class=\"divider-small-border\"><\/div><\/div>[vc_column_text]\n<h2 style=\"text-align: center;\"><span style=\"color: #ffffff;\">VILNIAUS<br \/>\n\u0160VENTIEJI<\/span><\/h2>\n[\/vc_column_text][\/vc_column][vc_column centered_text=&#8221;true&#8221; column_padding=&#8221;padding-15-percent&#8221; column_padding_position=&#8221;top-bottom&#8221; background_color=&#8221;#1e73be&#8221; background_color_opacity=&#8221;0.3&#8243; background_color_hover=&#8221;#1e73be&#8221; background_hover_color_opacity=&#8221;0.6&#8243; background_image=&#8221;273&#8243; enable_bg_scale=&#8221;true&#8221; column_shadow=&#8221;none&#8221; column_border_radius=&#8221;3px&#8221; width=&#8221;1\/4&#8243; tablet_text_alignment=&#8221;default&#8221; phone_text_alignment=&#8221;default&#8221; column_border_width=&#8221;none&#8221; column_link=&#8221;katedra-varpine-lobynas&#8221;]<div class=\"divider-wrap\"><div style=\"height: 20px;\" class=\"divider\"><\/div><\/div>[vc_column_text]\n<h6 style=\"text-align: center;\"><span style=\"color: #ffffff;\">\u012esp\u016bdingieji<\/span><\/h6>\n[\/vc_column_text]<div class=\"divider-wrap\"><div style=\"margin-top: 7px; width: 200px; height: 1px; margin-bottom: 7px;\" data-width=\"200\" data-animate=\"\" data-animation-delay=\"\" data-color=\"default\" class=\"divider-small-border\"><\/div><\/div>[vc_column_text]\n<h2 style=\"text-align: center;\">\u00a0<span style=\"color: #ffffff;\">KATEDRA. VARPIN\u0116. LOBYNAS.<\/span><\/h2>\n[\/vc_column_text][\/vc_column][\/vc_row][vc_row type=&#8221;in_container&#8221; full_screen_row_position=&#8221;middle&#8221; scene_position=&#8221;center&#8221; text_color=&#8221;dark&#8221; text_align=&#8221;left&#8221; overlay_strength=&#8221;0.3&#8243; shape_divider_position=&#8221;bottom&#8221;][vc_column centered_text=&#8221;true&#8221; column_padding=&#8221;padding-15-percent&#8221; column_padding_position=&#8221;top-bottom&#8221; background_color=&#8221;#1e73be&#8221; background_color_opacity=&#8221;0.3&#8243; background_color_hover=&#8221;#1e73be&#8221; background_hover_color_opacity=&#8221;0.6&#8243; background_image=&#8221;268&#8243; enable_bg_scale=&#8221;true&#8221; column_shadow=&#8221;none&#8221; column_border_radius=&#8221;3px&#8221; width=&#8221;1\/4&#8243; tablet_text_alignment=&#8221;default&#8221; phone_text_alignment=&#8221;default&#8221; column_border_width=&#8221;none&#8221; column_link=&#8221;jokubo-kelias&#8221;]<div class=\"divider-wrap\"><div style=\"height: 20px;\" class=\"divider\"><\/div><\/div>[vc_column_text]\n<h6 style=\"text-align: center;\"><span style=\"color: #ffffff;\">Vilnieti\u0161kas<\/span><\/h6>\n[\/vc_column_text]<div class=\"divider-wrap\"><div style=\"margin-top: 7px; width: 200px; height: 1px; margin-bottom: 7px;\" data-width=\"200\" data-animate=\"\" data-animation-delay=\"\" data-color=\"default\" class=\"divider-small-border\"><\/div><\/div>[vc_column_text]\n<h2 style=\"text-align: center;\"><span style=\"color: #ffffff;\">\u0160V. JOK\u016aBO<br \/>\nKELIAS VILNIUJE<\/span><\/h2>\n[\/vc_column_text][\/vc_column][vc_column centered_text=&#8221;true&#8221; column_padding=&#8221;padding-15-percent&#8221; column_padding_position=&#8221;top-bottom&#8221; background_color=&#8221;#1e73be&#8221; background_color_opacity=&#8221;0.3&#8243; background_color_hover=&#8221;#1e73be&#8221; background_hover_color_opacity=&#8221;0.6&#8243; background_image=&#8221;266&#8243; enable_bg_scale=&#8221;true&#8221; column_shadow=&#8221;none&#8221; column_border_radius=&#8221;3px&#8221; width=&#8221;1\/4&#8243; tablet_text_alignment=&#8221;default&#8221; phone_text_alignment=&#8221;default&#8221; column_border_width=&#8221;none&#8221; column_link=&#8221;jezuitai-vilniuje&#8221;]<div class=\"divider-wrap\"><div style=\"height: 20px;\" class=\"divider\"><\/div><\/div>[vc_column_text]\n<h6 style=\"text-align: center;\"><span style=\"color: #ffffff;\">Veikli\u0173j\u0173<\/span><\/h6>\n[\/vc_column_text]<div class=\"divider-wrap\"><div style=\"margin-top: 7px; width: 200px; height: 1px; margin-bottom: 7px;\" data-width=\"200\" data-animate=\"\" data-animation-delay=\"\" data-color=\"default\" class=\"divider-small-border\"><\/div><\/div>[vc_column_text]\n<h2 style=\"text-align: center;\"><span style=\"color: #ffffff;\">J\u0116ZUIT\u0172 KELIAS<br \/>\nVILNIUJE<\/span><\/h2>\n[\/vc_column_text][\/vc_column][vc_column centered_text=&#8221;true&#8221; column_padding=&#8221;padding-15-percent&#8221; column_padding_position=&#8221;top-bottom&#8221; background_color=&#8221;#1e73be&#8221; background_color_opacity=&#8221;0.3&#8243; background_color_hover=&#8221;#268bff&#8221; background_hover_color_opacity=&#8221;0.6&#8243; background_image=&#8221;267&#8243; enable_bg_scale=&#8221;true&#8221; column_shadow=&#8221;none&#8221; column_border_radius=&#8221;3px&#8221; width=&#8221;1\/4&#8243; tablet_text_alignment=&#8221;default&#8221; phone_text_alignment=&#8221;default&#8221; column_border_width=&#8221;none&#8221; column_link=&#8221;pranciskonu-kelias&#8221;]<div class=\"divider-wrap\"><div style=\"height: 20px;\" class=\"divider\"><\/div><\/div>[vc_column_text]\n<h6 style=\"text-align: center;\"><span style=\"color: #ffffff;\">Dvasing\u0173j\u0173<\/span><\/h6>\n[\/vc_column_text]<div class=\"divider-wrap\"><div style=\"margin-top: 7px; width: 200px; height: 1px; margin-bottom: 7px;\" data-width=\"200\" data-animate=\"\" data-animation-delay=\"\" data-color=\"default\" class=\"divider-small-border\"><\/div><\/div>[vc_column_text]\n<h2 style=\"text-align: center;\"><span style=\"color: #ffffff;\">PRANCI\u0160KON\u0172<br \/>\nKELIAS VILNIUJE<\/span><\/h2>\n[\/vc_column_text][\/vc_column][vc_column centered_text=&#8221;true&#8221; column_padding=&#8221;padding-15-percent&#8221; column_padding_position=&#8221;top-bottom&#8221; background_color=&#8221;#1e73be&#8221; background_color_opacity=&#8221;0.3&#8243; background_color_hover=&#8221;#1e73be&#8221; background_hover_color_opacity=&#8221;0.6&#8243; background_image=&#8221;6157&#8243; enable_bg_scale=&#8221;true&#8221; column_shadow=&#8221;none&#8221; column_border_radius=&#8221;3px&#8221; width=&#8221;1\/4&#8243; tablet_text_alignment=&#8221;default&#8221; phone_text_alignment=&#8221;default&#8221; column_border_width=&#8221;none&#8221; column_link=&#8221;dominikonai-vilniuje&#8221;]<div class=\"divider-wrap\"><div style=\"height: 20px;\" class=\"divider\"><\/div><\/div>[vc_column_text]\n<h6 style=\"text-align: center;\"><span style=\"color: #ffffff;\">I\u0161minting\u0173j\u0173<\/span><\/h6>\n[\/vc_column_text]<div class=\"divider-wrap\"><div style=\"margin-top: 7px; width: 200px; height: 1px; margin-bottom: 7px;\" data-width=\"200\" data-animate=\"\" data-animation-delay=\"\" data-color=\"default\" class=\"divider-small-border\"><\/div><\/div>[vc_column_text]\n<h2 style=\"text-align: center;\"><span style=\"color: #ffffff;\">DOMINIKON\u0172<br \/>\nKELIAS VILNIUJE<\/span><\/h2>\n[\/vc_column_text][\/vc_column][\/vc_row][vc_row type=&#8221;in_container&#8221; full_screen_row_position=&#8221;middle&#8221; scene_position=&#8221;center&#8221; text_color=&#8221;dark&#8221; text_align=&#8221;left&#8221; overlay_strength=&#8221;0.3&#8243; shape_divider_position=&#8221;bottom&#8221;][vc_column centered_text=&#8221;true&#8221; column_padding=&#8221;padding-15-percent&#8221; column_padding_position=&#8221;top-bottom&#8221; background_color=&#8221;#1e73be&#8221; background_color_opacity=&#8221;0.3&#8243; background_color_hover=&#8221;#1e73be&#8221; background_hover_color_opacity=&#8221;0.6&#8243; background_image=&#8221;7151&#8243; enable_bg_scale=&#8221;true&#8221; column_shadow=&#8221;none&#8221; column_border_radius=&#8221;3px&#8221; width=&#8221;1\/4&#8243; tablet_text_alignment=&#8221;default&#8221; phone_text_alignment=&#8221;default&#8221; column_border_width=&#8221;none&#8221; column_link=&#8221;lipniuno-kelias&#8221;]<div class=\"divider-wrap\"><div style=\"height: 20px;\" class=\"divider\"><\/div><\/div>[vc_column_text]\n<h6 style=\"text-align: center;\"><span style=\"color: #ffffff;\">Dr\u0105sinantis<\/span><\/h6>\n[\/vc_column_text]<div class=\"divider-wrap\"><div style=\"margin-top: 7px; width: 200px; height: 1px; margin-bottom: 7px;\" data-width=\"200\" data-animate=\"\" data-animation-delay=\"\" data-color=\"default\" class=\"divider-small-border\"><\/div><\/div>[vc_column_text]\n<h2 style=\"text-align: center;\"><span style=\"color: #ffffff;\">KUNIGO ALFONSO LIPNI\u016aNO<br \/>\nKELIAS\u00a0<\/span><\/h2>\n[\/vc_column_text][\/vc_column][vc_column centered_text=&#8221;true&#8221; column_padding=&#8221;padding-15-percent&#8221; column_padding_position=&#8221;top-bottom&#8221; background_color=&#8221;#1e73be&#8221; background_color_opacity=&#8221;0.3&#8243; background_color_hover=&#8221;#1e73be&#8221; background_hover_color_opacity=&#8221;0.6&#8243; background_image=&#8221;7407&#8243; enable_bg_scale=&#8221;true&#8221; column_shadow=&#8221;none&#8221; column_border_radius=&#8221;3px&#8221; width=&#8221;1\/4&#8243; tablet_text_alignment=&#8221;default&#8221; phone_text_alignment=&#8221;default&#8221; column_border_width=&#8221;none&#8221; column_link=&#8221;https:\/\/cityofmercy.lt\/lt_LT\/marsrutai\/the-route-of-monsignor-kazimieras-vasiliauskas-in-vilnius\/&#8221;]<div class=\"divider-wrap\"><div style=\"height: 20px;\" class=\"divider\"><\/div><\/div>[vc_column_text]\n<h6 style=\"text-align: center;\"><span style=\"color: #ffffff;\">Mylin\u010dio<\/span><\/h6>\n[\/vc_column_text]<div class=\"divider-wrap\"><div style=\"margin-top: 7px; width: 200px; height: 1px; margin-bottom: 7px;\" data-width=\"200\" data-animate=\"\" data-animation-delay=\"\" data-color=\"default\" class=\"divider-small-border\"><\/div><\/div>[vc_column_text]\n<h2 style=\"text-align: center;\"><span style=\"color: #ffffff;\">MONSINJORO KAZIMIERO VASILIAUSKO<br \/>\nKELIAS\u00a0<\/span><\/h2>\n[\/vc_column_text][\/vc_column][vc_column centered_text=&#8221;true&#8221; column_padding=&#8221;padding-15-percent&#8221; column_padding_position=&#8221;top-bottom&#8221; background_color=&#8221;#1e73be&#8221; background_color_opacity=&#8221;0.3&#8243; background_color_hover=&#8221;#1e73be&#8221; background_hover_color_opacity=&#8221;0.6&#8243; background_image=&#8221;7856&#8243; enable_bg_scale=&#8221;true&#8221; column_shadow=&#8221;none&#8221; column_border_radius=&#8221;3px&#8221; width=&#8221;1\/4&#8243; tablet_text_alignment=&#8221;default&#8221; phone_text_alignment=&#8221;default&#8221; column_border_width=&#8221;none&#8221; column_link=&#8221;https:\/\/cityofmercy.lt\/lt_LT\/marsrutai\/7582-2\/&#8221;]<div class=\"divider-wrap\"><div style=\"height: 20px;\" class=\"divider\"><\/div><\/div>[vc_column_text]\n<h6 style=\"text-align: center;\"><span style=\"color: #ffffff;\">Vienijan\u010dio<\/span><\/h6>\n[\/vc_column_text]<div class=\"divider-wrap\"><div style=\"margin-top: 7px; width: 200px; height: 1px; margin-bottom: 7px;\" data-width=\"200\" data-animate=\"\" data-animation-delay=\"\" data-color=\"default\" class=\"divider-small-border\"><\/div><\/div>[vc_column_text]\n<h2 style=\"text-align: center;\"><span style=\"color: #ffffff;\">PALAIMINTOJO JURGIO MATULAI\u010cIO<br \/>\nKELIAS\u00a0<\/span><\/h2>\n[\/vc_column_text][\/vc_column][vc_column centered_text=&#8221;true&#8221; column_padding=&#8221;padding-15-percent&#8221; column_padding_position=&#8221;top-bottom&#8221; background_color=&#8221;#1e73be&#8221; background_color_opacity=&#8221;0.3&#8243; background_color_hover=&#8221;#1e73be&#8221; background_hover_color_opacity=&#8221;0.6&#8243; background_image=&#8221;7973&#8243; enable_bg_scale=&#8221;true&#8221; column_shadow=&#8221;none&#8221; column_border_radius=&#8221;3px&#8221; width=&#8221;1\/4&#8243; tablet_text_alignment=&#8221;default&#8221; phone_text_alignment=&#8221;default&#8221; column_border_width=&#8221;none&#8221; column_link=&#8221; https:\/\/cityofmercy.lt\/marsrutai\/the-route-of-the-bishops\/&#8221;]<div class=\"divider-wrap\"><div style=\"height: 20px;\" class=\"divider\"><\/div><\/div>[vc_column_text]\n<h6 style=\"text-align: center;\"><span style=\"color: #ffffff;\">I\u0161tikim\u0173j\u0173<\/span><\/h6>\n[\/vc_column_text]<div class=\"divider-wrap\"><div style=\"margin-top: 12px; width: 200px; height: 1px; margin-bottom: 12px;\" data-width=\"200\" data-animate=\"\" data-animation-delay=\"\" data-color=\"default\" class=\"divider-small-border\"><\/div><\/div>[vc_column_text]\n<h2 style=\"text-align: center;\"><span style=\"color: #ffffff;\">VYSKUP\u0172<br \/>\nKELIAS\u00a0<\/span><\/h2>\n[\/vc_column_text][\/vc_column][\/vc_row][vc_row type=&#8221;in_container&#8221; full_screen_row_position=&#8221;middle&#8221; scene_position=&#8221;center&#8221; text_color=&#8221;dark&#8221; text_align=&#8221;left&#8221; overlay_strength=&#8221;0.3&#8243; shape_divider_position=&#8221;bottom&#8221;][vc_column column_padding=&#8221;no-extra-padding&#8221; column_padding_position=&#8221;all&#8221; background_color_opacity=&#8221;1&#8243; background_hover_color_opacity=&#8221;1&#8243; column_shadow=&#8221;none&#8221; column_border_radius=&#8221;none&#8221; width=&#8221;1\/1&#8243; tablet_text_alignment=&#8221;default&#8221; phone_text_alignment=&#8221;default&#8221; column_border_width=&#8221;none&#8221; column_border_style=&#8221;solid&#8221;]<div class=\"divider-wrap\"><div style=\"height: 25px;\" class=\"divider\"><\/div><\/div>[\/vc_column][\/vc_row]\n","protected":false},"excerpt":{"rendered":"<p>[vc_row type=&#8221;in_container&#8221; full_screen_row_position=&#8221;middle&#8221; scene_position=&#8221;center&#8221; text_color=&#8221;dark&#8221; text_align=&#8221;left&#8221; overlay_strength=&#8221;0.3&#8243; shape_divider_position=&#8221;bottom&#8221;][vc_column centered_text=&#8221;true&#8221; column_padding=&#8221;no-extra-padding&#8221; colu&#8230;<\/p>\n","protected":false},"author":2,"featured_media":244,"parent":0,"menu_order":0,"comment_status":"closed","ping_status":"closed","template":"","meta":{"footnotes":""},"class_list":["post-36","page","type-page","status-publish","has-post-thumbnail","hentry"],"_links":{"self":[{"href":"https:\/\/cityofmercy.lt\/lt_LT\/wp-json\/wp\/v2\/pages\/36","targetHints":{"allow":["GET"]}}],"collection":[{"href":"https:\/\/cityofmercy.lt\/lt_LT\/wp-json\/wp\/v2\/pages"}],"about":[{"href":"https:\/\/cityofmercy.lt\/lt_LT\/wp-json\/wp\/v2\/types\/page"}],"author":[{"embeddable":true,"href":"https:\/\/cityofmercy.lt\/lt_LT\/wp-json\/wp\/v2\/users\/2"}],"replies":[{"embeddable":true,"href":"https:\/\/cityofmercy.lt\/lt_LT\/wp-json\/wp\/v2\/comments?post=36"}],"version-history":[{"count":129,"href":"https:\/\/cityofmercy.lt\/lt_LT\/wp-json\/wp\/v2\/pages\/36\/revisions"}],"predecessor-version":[{"id":7260,"href":"https:\/\/cityofmercy.lt\/lt_LT\/wp-json\/wp\/v2\/pages\/36\/revisions\/7260"}],"wp:featuredmedia":[{"embeddable":true,"href":"https:\/\/cityofmercy.lt\/lt_LT\/wp-json\/wp\/v2\/media\/244"}],"wp:attachment":[{"href":"https:\/\/cityofmercy.lt\/lt_LT\/wp-json\/wp\/v2\/media?parent=36"}],"curies":[{"name":"wp","href":"https:\/\/api.w.org\/{rel}","templated":true}]}}