{"id":341,"date":"2017-12-06T06:47:53","date_gmt":"2017-12-06T06:47:53","guid":{"rendered":"http:\/\/cityofmercy.lt\/?page_id=341"},"modified":"2021-09-17T12:16:14","modified_gmt":"2021-09-17T09:16:14","slug":"vilniaus-sv-dvasios-dominikonu-baznycia","status":"publish","type":"page","link":"https:\/\/cityofmercy.lt\/lt_LT\/objektai\/vilniaus-sv-dvasios-dominikonu-baznycia\/","title":{"rendered":"Vilniaus \u0160v. Dvasios (Dominikon\u0173) ba\u017eny\u010dia"},"content":{"rendered":"[vc_row type=&#8221;in_container&#8221; full_screen_row_position=&#8221;middle&#8221; scene_position=&#8221;center&#8221; text_color=&#8221;dark&#8221; text_align=&#8221;left&#8221; overlay_strength=&#8221;0.3&#8243; shape_divider_position=&#8221;bottom&#8221;][vc_column centered_text=&#8221;true&#8221; column_padding=&#8221;no-extra-padding&#8221; column_padding_position=&#8221;all&#8221; background_color_opacity=&#8221;1&#8243; background_hover_color_opacity=&#8221;1&#8243; column_shadow=&#8221;none&#8221; column_border_radius=&#8221;none&#8221; width=&#8221;1\/1&#8243; tablet_text_alignment=&#8221;default&#8221; phone_text_alignment=&#8221;default&#8221; column_border_width=&#8221;none&#8221; column_border_style=&#8221;solid&#8221;][vc_column_text]\n<h4><strong>Vilniaus \u0160v. Dvasios (Dominikon\u0173) ba\u017eny\u010dia<\/strong><\/h4>\n[\/vc_column_text]<div class=\"divider-wrap\"><div style=\"margin-top: 25px; height: 1px; margin-bottom: 25px;\" data-width=\"100%\" data-animate=\"\" data-animation-delay=\"\" data-color=\"default\" class=\"divider-border\"><\/div><\/div>[\/vc_column][\/vc_row][vc_row type=&#8221;in_container&#8221; full_screen_row_position=&#8221;middle&#8221; scene_position=&#8221;center&#8221; text_color=&#8221;dark&#8221; text_align=&#8221;left&#8221; overlay_strength=&#8221;0.3&#8243; shape_divider_position=&#8221;bottom&#8221;][vc_column column_padding=&#8221;no-extra-padding&#8221; column_padding_position=&#8221;all&#8221; background_color_opacity=&#8221;1&#8243; background_hover_color_opacity=&#8221;1&#8243; column_shadow=&#8221;none&#8221; column_border_radius=&#8221;none&#8221; top_margin=&#8221;-30&#8243; width=&#8221;1\/1&#8243; tablet_text_alignment=&#8221;default&#8221; phone_text_alignment=&#8221;default&#8221; column_border_width=&#8221;none&#8221; column_border_style=&#8221;solid&#8221;][vc_row_inner column_margin=&#8221;default&#8221; text_align=&#8221;left&#8221;][vc_column_inner column_padding=&#8221;no-extra-padding&#8221; column_padding_position=&#8221;all&#8221; background_color_opacity=&#8221;1&#8243; background_hover_color_opacity=&#8221;1&#8243; column_shadow=&#8221;none&#8221; column_border_radius=&#8221;none&#8221; width=&#8221;1\/2&#8243; column_border_width=&#8221;none&#8221; column_border_style=&#8221;solid&#8221;][nectar_video_lightbox link_style=&#8221;play_button_2&#8243; nectar_play_button_color=&#8221;Default-Accent-Color&#8221; image_url=&#8221;541&#8243; hover_effect=&#8221;defaut&#8221; box_shadow=&#8221;none&#8221; border_radius=&#8221;none&#8221; play_button_size=&#8221;default&#8221; video_url=&#8221;https:\/\/www.youtube.com\/watch?v=aWsQ1OUXUOo&#8221;]<div class=\"divider-wrap\"><div style=\"height: 20px;\" class=\"divider\"><\/div><\/div>[vc_column_text]Ba\u017eny\u010dia patenka \u012f <a href=\"http:\/\/cityofmercy.lt\/marsrutai\/gailestingumo-kelias\/\" target=\"_blank\" rel=\"noopener\">Gailestingumo kelio<\/a> ir <a href=\"http:\/\/cityofmercy.lt\/marsrutai\/dominikonai-vilniuje\/\" target=\"_blank\" rel=\"noopener\">Dominikon\u0173 kelio Vilniuje<\/a> mar\u0161rutus[\/vc_column_text]<div class=\"divider-wrap\"><div style=\"height: 20px;\" class=\"divider\"><\/div><\/div>[vc_column_text]\n<p style=\"text-align: justify;\">1951 m. Dievo Gailestingumo paveikslo drob\u0117 i\u0161 u\u017edarytos \u0160v. Mykolo ba\u017eny\u010dios buvo perduota Vilniaus \u0160v. Dvasios ba\u017eny\u010dios klebonui, bet vie\u0161am gerbimui paveikslas nebuvo pakabintas. 1956 m. Naujosios R\u016bdos parapijos klebonas, \u017einodamas paveikslo atsiradimo istorij\u0105, perve\u017e\u0117 j\u012f \u012f Naujosios R\u016bdos ba\u017eny\u010di\u0105 netoli Gardino. Ta\u010diau \u0161i\u0105 \u0161ventov\u0119 u\u017edarius keli\u0173 kunig\u0173 r\u016bpes\u010diu 1986 m. paveikslas slapta buvo v\u0117l sugr\u0105\u017eintas \u012f \u0160v. Dvasios ba\u017eny\u010di\u0105. \u010cia jis buvo gerbiamas iki 2005 m., kol sutvarkius greta esan\u010di\u0105 \u0160v\u010d. Trejyb\u0117s ba\u017eny\u010di\u0105 ir jai suteikus Dievo Gailestingumo \u0161ventov\u0117s titul\u0105 paveikslas perkeltas \u012f \u0161i\u0105 \u0161ventov\u0119.<\/p>\n<p style=\"text-align: justify;\">Manoma, kad pirmoji gotikin\u0117 ba\u017eny\u010dia \u0161ioje vietoje stov\u0117jo jau Lietuvos did\u017eiojo kunigaik\u0161\u010dio Gedimino laikais, ta\u010diau buvo sugriauta kry\u017eiuo\u010di\u0173. 1408 m. Vytautas Didysis pastat\u0117 nauj\u0105 ba\u017eny\u010di\u0105, kuri XVI a. prad\u017eioje Lietuvos did\u017eiojo kunigaik\u0161\u010dio ir Lenkijos karaliaus Aleksandro iniciatyva buvo perduota dominikon\u0173 vienuolijai.<\/p>\n<p style=\"text-align: justify;\">XVII a. po keli\u0173 gaisr\u0173 ba\u017eny\u010dia buvo rekonstruota ir \u0161iandien yra v\u0117lyvojo baroko stiliaus. Rokoko stiliaus puo\u0161ybos interjeras laikomas vienu i\u0161 vertingiausi\u0173 Lietuvos ba\u017eny\u010di\u0173 interjer\u0173. Ba\u017eny\u010dia taip pat gars\u0117ja i\u0161likusiais beveik originaliais XVIII a. vargonais, \u0161e\u0161iolika altori\u0173 ir po\u017eemiais, kuriuose \u0161imtme\u010dius buvo laidojami miesto mirusieji, maro ir kit\u0173 epidemij\u0173 aukos, Napoleono armijos kareiviai. Po XIX a. sukilim\u0173 caro vald\u017eios u\u017edarytame vienuolyne \u012fkurtos magistrato \u012fstaigos, butai ir kal\u0117jimas, karo pramonei dirban\u010dios slaptos \u012fstaigos.<\/p>\n<p style=\"text-align: justify;\">1993 m. vizito Lietuvoje metu \u0161v. Jonas Paulius II \u0161ioje ba\u017eny\u010dioje meld\u0117si prie Dievo Gailestingumo paveikslo ir susitiko su lenk\u0173 kilm\u0117s lietuviais ir Lietuvos lenkais katalikais (prie ba\u017eny\u010dios \u012f\u0117jimo \u012frengta \u0161io \u012fvykio atminimo lenta). 2015 m. Krokuvos arkivyskupas kardinolas Stanislawas Dziwiszas parapijai padovanojo \u0161v. Jono Pauliaus II kraujo relikvij\u0105. Relikvijorius su \u0161ia parapijie\u010diams itin brangia relikvija \u012fkomponuotas \u012f \u0161v. Jono Pauliaus II altori\u0173 de\u0161in\u0117je ba\u017eny\u010dios navoje.<\/p>\n[\/vc_column_text][\/vc_column_inner][vc_column_inner column_padding=&#8221;no-extra-padding&#8221; column_padding_position=&#8221;all&#8221; background_color_opacity=&#8221;1&#8243; background_hover_color_opacity=&#8221;1&#8243; column_shadow=&#8221;none&#8221; column_border_radius=&#8221;none&#8221; width=&#8221;1\/2&#8243; column_border_width=&#8221;none&#8221; column_border_style=&#8221;solid&#8221;]<div class=\"iwithtext\"><div class=\"iwt-icon\"> <i class=\"icon-default-style icon-map-marker accent-color\"><\/i> <\/div><div class=\"iwt-text\"> <a href=\"https:\/\/www.google.com\/maps\/place\/Dominikon\u0173+g.+8,+Vilnius+01131\/@54.6811651,25.2821212,17z\/data=!3m1!4b1!4m5!3m4!1s0x46dd941415919451:0x448c9a831d457ba6!8m2!3d54.681162!4d25.2843099\" target=\"_blank\" rel=\"noopener\">Dominikon\u0173 g. 8, Vilnius<\/a> <\/div><div class=\"clear\"><\/div><\/div><div class=\"iwithtext\"><div class=\"iwt-icon\"> <i class=\"icon-default-style icon-time accent-color\"><\/i> <\/div><div class=\"iwt-text\"> <strong>Ba\u017eny\u010dia atidaryta<\/strong><br \/>\nI\u2013V: 10\u201319 val.<br \/>\nVI: 9\u201317 val.<br \/>\nVII: 6.30\u201317 val. <\/div><div class=\"clear\"><\/div><\/div><div class=\"iwithtext\"><div class=\"iwt-icon\"> <img decoding=\"async\" src=\"https:\/\/cityofmercy.lt\/wp-content\/uploads\/2017\/12\/taurinis.png\" alt=\"\" \/> <\/div><div class=\"iwt-text\"> <strong>\u0160v. Mi\u0161ios (lenk\u0173 k.)<\/strong><br \/>\nI\u2013V: 15.00, 18.00<br \/>\nVI: 15.00<br \/>\nVII: 8.00, 9.00 (vaik\u0173), 10.30, 12.00 (jaunimo), 13.30, 18.00 <\/div><div class=\"clear\"><\/div><\/div>[\/vc_column_inner][\/vc_row_inner][\/vc_column][\/vc_row][vc_row type=&#8221;in_container&#8221; full_screen_row_position=&#8221;middle&#8221; scene_position=&#8221;center&#8221; text_color=&#8221;dark&#8221; text_align=&#8221;left&#8221; overlay_strength=&#8221;0.3&#8243; shape_divider_position=&#8221;bottom&#8221;][vc_column column_padding=&#8221;no-extra-padding&#8221; column_padding_position=&#8221;all&#8221; background_color_opacity=&#8221;1&#8243; background_hover_color_opacity=&#8221;1&#8243; column_shadow=&#8221;none&#8221; column_border_radius=&#8221;none&#8221; width=&#8221;1\/1&#8243; tablet_text_alignment=&#8221;default&#8221; phone_text_alignment=&#8221;default&#8221; column_border_width=&#8221;none&#8221; column_border_style=&#8221;solid&#8221;]<div class=\"divider-wrap\"><div style=\"height: 200px;\" class=\"divider\"><\/div><\/div>[\/vc_column][\/vc_row]\n","protected":false},"excerpt":{"rendered":"<p>[vc_row type=&#8221;in_container&#8221; full_screen_row_position=&#8221;middle&#8221; scene_position=&#8221;center&#8221; text_color=&#8221;dark&#8221; text_align=&#8221;left&#8221; overlay_strength=&#8221;0.3&#8243; shape_divider_position=&#8221;bottom&#8221;][vc_column centered_text=&#8221;true&#8221; column_padding=&#8221;no-extra-padding&#8221; column_&#8230;<\/p>\n","protected":false},"author":2,"featured_media":541,"parent":38,"menu_order":0,"comment_status":"closed","ping_status":"closed","template":"","meta":{"footnotes":""},"class_list":["post-341","page","type-page","status-publish","has-post-thumbnail","hentry"],"_links":{"self":[{"href":"https:\/\/cityofmercy.lt\/lt_LT\/wp-json\/wp\/v2\/pages\/341","targetHints":{"allow":["GET"]}}],"collection":[{"href":"https:\/\/cityofmercy.lt\/lt_LT\/wp-json\/wp\/v2\/pages"}],"about":[{"href":"https:\/\/cityofmercy.lt\/lt_LT\/wp-json\/wp\/v2\/types\/page"}],"author":[{"embeddable":true,"href":"https:\/\/cityofmercy.lt\/lt_LT\/wp-json\/wp\/v2\/users\/2"}],"replies":[{"embeddable":true,"href":"https:\/\/cityofmercy.lt\/lt_LT\/wp-json\/wp\/v2\/comments?post=341"}],"version-history":[{"count":52,"href":"https:\/\/cityofmercy.lt\/lt_LT\/wp-json\/wp\/v2\/pages\/341\/revisions"}],"predecessor-version":[{"id":7060,"href":"https:\/\/cityofmercy.lt\/lt_LT\/wp-json\/wp\/v2\/pages\/341\/revisions\/7060"}],"up":[{"embeddable":true,"href":"https:\/\/cityofmercy.lt\/lt_LT\/wp-json\/wp\/v2\/pages\/38"}],"wp:featuredmedia":[{"embeddable":true,"href":"https:\/\/cityofmercy.lt\/lt_LT\/wp-json\/wp\/v2\/media\/541"}],"wp:attachment":[{"href":"https:\/\/cityofmercy.lt\/lt_LT\/wp-json\/wp\/v2\/media?parent=341"}],"curies":[{"name":"wp","href":"https:\/\/api.w.org\/{rel}","templated":true}]}}