{"id":182,"date":"2017-11-30T16:30:10","date_gmt":"2017-11-30T16:30:10","guid":{"rendered":"http:\/\/cityofmercy.lt\/?page_id=182"},"modified":"2021-01-25T06:55:04","modified_gmt":"2021-01-25T06:55:04","slug":"traku-dievo-motinos-atlaidai-ir-paveikslo-karunavimo-300-metiniu-jubiliejus","status":"publish","type":"page","link":"https:\/\/cityofmercy.lt\/lt_LT\/renginiai\/traku-dievo-motinos-atlaidai-ir-paveikslo-karunavimo-300-metiniu-jubiliejus\/","title":{"rendered":"Dievo Motinos Gimimo atlaidai (Trakin\u0117s)"},"content":{"rendered":"[vc_row type=&#8221;in_container&#8221; full_screen_row_position=&#8221;middle&#8221; scene_position=&#8221;center&#8221; text_color=&#8221;dark&#8221; text_align=&#8221;left&#8221; overlay_strength=&#8221;0.3&#8243; shape_divider_position=&#8221;bottom&#8221;][vc_column centered_text=&#8221;true&#8221; column_padding=&#8221;no-extra-padding&#8221; column_padding_position=&#8221;all&#8221; background_color_opacity=&#8221;1&#8243; background_hover_color_opacity=&#8221;1&#8243; column_shadow=&#8221;none&#8221; column_border_radius=&#8221;none&#8221; width=&#8221;1\/1&#8243; tablet_text_alignment=&#8221;default&#8221; phone_text_alignment=&#8221;default&#8221; column_border_width=&#8221;none&#8221; column_border_style=&#8221;solid&#8221;][vc_column_text]\n<h4><strong>Trak\u0173 Dievo Motinos, Lietuvos glob\u0117jos, atlaidai.<\/strong>\u00a0Piligriminis \u017eygis Vilnius-Trakai.<\/h4>\n[\/vc_column_text]<div class=\"divider-wrap\"><div style=\"margin-top: 25px; height: 1px; margin-bottom: 25px;\" data-width=\"100%\" data-animate=\"\" data-animation-delay=\"\" data-color=\"default\" class=\"divider-border\"><\/div><\/div>[\/vc_column][\/vc_row][vc_row type=&#8221;in_container&#8221; full_screen_row_position=&#8221;middle&#8221; scene_position=&#8221;center&#8221; text_color=&#8221;dark&#8221; text_align=&#8221;left&#8221; overlay_strength=&#8221;0.3&#8243; shape_divider_position=&#8221;bottom&#8221;][vc_column column_padding=&#8221;no-extra-padding&#8221; column_padding_position=&#8221;all&#8221; background_color_opacity=&#8221;1&#8243; background_hover_color_opacity=&#8221;1&#8243; column_shadow=&#8221;none&#8221; column_border_radius=&#8221;none&#8221; width=&#8221;1\/1&#8243; tablet_text_alignment=&#8221;default&#8221; phone_text_alignment=&#8221;default&#8221; column_border_width=&#8221;none&#8221; column_border_style=&#8221;solid&#8221;][vc_row_inner column_margin=&#8221;default&#8221; text_align=&#8221;left&#8221;][vc_column_inner column_padding=&#8221;no-extra-padding&#8221; column_padding_position=&#8221;all&#8221; background_color_opacity=&#8221;1&#8243; background_hover_color_opacity=&#8221;1&#8243; column_shadow=&#8221;none&#8221; column_border_radius=&#8221;none&#8221; width=&#8221;1\/2&#8243; column_border_width=&#8221;none&#8221; column_border_style=&#8221;solid&#8221;][nectar_video_lightbox link_style=&#8221;play_button_2&#8243; nectar_play_button_color=&#8221;Default-Accent-Color&#8221; image_url=&#8221;262&#8243; hover_effect=&#8221;defaut&#8221; box_shadow=&#8221;none&#8221; border_radius=&#8221;none&#8221; play_button_size=&#8221;default&#8221; video_url=&#8221;https:\/\/www.youtube.com\/watch?v=KLpwL1aUQBc&#8221;]<div class=\"divider-wrap\"><div style=\"height: 20px;\" class=\"divider\"><\/div><\/div>[\/vc_column_inner][vc_column_inner column_padding=&#8221;no-extra-padding&#8221; column_padding_position=&#8221;all&#8221; background_color_opacity=&#8221;1&#8243; background_hover_color_opacity=&#8221;1&#8243; column_shadow=&#8221;none&#8221; column_border_radius=&#8221;none&#8221; width=&#8221;1\/2&#8243; column_border_width=&#8221;none&#8221; column_border_style=&#8221;solid&#8221;]<div class=\"iwithtext\"><div class=\"iwt-icon\"> <i class=\"icon-default-style icon-map-marker accent-color\"><\/i> <\/div><div class=\"iwt-text\"> <a href=\"https:\/\/www.google.com\/maps\/place\/Trak\u0173+\u0160v\u010d.+Mergel\u0117s+Marijos+Apsilankymo+Ba\u017eny\u010dia\/@54.6427585,24.9318228,17z\/data=!3m1!4b1!4m5!3m4!1s0x46ddf30ca5f9e3f7:0xfd70884f419d0bc9!8m2!3d54.6427585!4d24.9340115\" target=\"_blank\" rel=\"noopener\">Trak\u0173 \u0160v\u010d. Mergel\u0117s Marijos Apsilankymo bazilika<\/a> <\/div><div class=\"clear\"><\/div><\/div><div class=\"divider-wrap\"><div style=\"height: 10px;\" class=\"divider\"><\/div><\/div><div class=\"iwithtext\"><div class=\"iwt-icon\"> <i class=\"icon-default-style icon-calendar accent-color\"><\/i> <\/div><div class=\"iwt-text\"> Rugs\u0117jo 1-8 d. <\/div><div class=\"clear\"><\/div><\/div><div class=\"divider-wrap\"><div style=\"margin-top: 15px; width: 20%px; height: 1px; margin-bottom: 15px;\" data-width=\"20%\" data-animate=\"\" data-animation-delay=\"\" data-color=\"accent-color\" class=\"divider-small-border\"><\/div><\/div>[vc_column_text]\n<p style=\"text-align: justify;\">2017 m. rugs\u0117jo 3 d. <a href=\"https:\/\/cityofmercy.lt\/lt_LT\/objektai\/traku-svc-mergeles-marijos-apsilankymo-bazilika\/\" target=\"_blank\" rel=\"noopener\">Trak\u0173 ba\u017eny\u010diai<\/a> buvo suteiktas bazilikos titulas, kuris primena apie istorin\u0119 Trak\u0173 ba\u017eny\u010dios reik\u0161m\u0119: tai viena pirm\u0173j\u0173 ba\u017eny\u010di\u0173, pastatyt\u0173 po Lietuvos krik\u0161to XIV a. pabaigoje; ba\u017eny\u010dios statyb\u0105 r\u0117m\u0117 Lietuvos didysis kunigaik\u0161tis Vytautas; nuo seno sunkiais laikais \u010dia keliaudavo valstyb\u0117s vadovai ir paprasti \u017emon\u0117s melsti taikos ir klest\u0117jimo Lietuvos valstybei kartu \u0161i vieta primindavo apie didingus kunigaik\u0161\u010dio Vytauto laikus.<\/p>\n<p style=\"text-align: justify;\">Pamaldumas Trak\u0173 Marijai prad\u0117jo formuotis XVII a. \u2013 Lietuvos ir Lenkijos valstyb\u0117s nuolatini\u0173 kar\u0173 bei netek\u010di\u0173 laikotarpiu. Trak\u0173 Marijos paveikslas tikin\u010diuosius trauk\u0117 d\u0117l patiriam\u0173 stebukl\u0173, o kartu ir d\u0117l to, kad jis primin\u0117 Lietuvos did\u012fj\u012f kunigaik\u0161t\u012f Vytaut\u0105 ir jo didingus laikus. Ba\u017eny\u010dia buvo tarsi tautos stipryb\u0117s \u0161altinis, d\u0117l to prie Marijos paveikslo keliaudavo melstis auk\u0161\u010diausieji valstyb\u0117s valdovai, didikai. 1718 metais rugs\u0117jo 4 dien\u0105 Trak\u0173 Marija buvo vainikuota auksin\u0117mis popie\u017eiaus Klemenso XI atsi\u0173stomis kar\u016bnomis. Tai buvo antras pasaulyje toks \u012fvykis u\u017e Romos rib\u0173. Jai buvo suteiktas Ligoni\u0173 U\u017etar\u0117jos vardas, o \u017emon\u0117s paskelb\u0117 j\u0105 Lietuvos Did\u017eiosios Kunigaik\u0161tyst\u0117s glob\u0117ja, v\u0117liau Lietuvos glob\u0117ja. A\u0161tuonias dienas trukusios kar\u016bnavimo i\u0161kilm\u0117s dav\u0117 prad\u017ei\u0105 Trakini\u0173 atlaidams.<\/p>\n<p style=\"text-align: justify;\">\u0160iandien \u012f Trakini\u0173 atlaidus piligrim\u0173 procesijos keliauja i\u0161 aplinkini\u0173 viet\u0173 ir visos Lietuvos. Kiekvienais metais \u0161imtai jaunimo nuo <a href=\"https:\/\/cityofmercy.lt\/lt_LT\/objektai\/ausros-vartai\/\" target=\"_blank\" rel=\"noopener\">Au\u0161ros Vart\u0173 koply\u010dios<\/a> pradeda \u012f piligrimin\u012f \u017eyg\u012f \u012f Trakus melstis prie Marijos, Lietuvos glob\u0117jos, paveikslo.<\/p>\n<p>2018 m. rugs\u0117jo 4 d. sukako 300 met\u0173 nuo stebuklais gars\u0117jan\u010dio Trak\u0173 Dievo Motinos, Lietuvos Glob\u0117jos paveikslo kar\u016bnacijos.<\/p>\n<p>Daugiau apie Trak\u0173 Dievo Motinos, Lietuvos Glob\u0117jos paveiksl\u0105 galite paskaityti <a href=\"https:\/\/cityofmercy.lt\/lt_LT\/marsrutai\/marijos-gerbimo-vietos\/\" target=\"_blank\" rel=\"noopener\">Marijos gerbimo viet\u0173 mar\u0161rute<\/a>.[\/vc_column_text][\/vc_column_inner][vc_column_inner column_padding=&#8221;no-extra-padding&#8221; column_padding_position=&#8221;all&#8221; background_color_opacity=&#8221;1&#8243; background_hover_color_opacity=&#8221;1&#8243; column_shadow=&#8221;none&#8221; column_border_radius=&#8221;none&#8221; width=&#8221;1\/1&#8243; column_border_width=&#8221;none&#8221; column_border_style=&#8221;solid&#8221;][\/vc_column_inner][vc_column_inner column_padding=&#8221;no-extra-padding&#8221; column_padding_position=&#8221;all&#8221; background_color_opacity=&#8221;1&#8243; background_hover_color_opacity=&#8221;1&#8243; column_shadow=&#8221;none&#8221; column_border_radius=&#8221;none&#8221; width=&#8221;1\/1&#8243; column_border_width=&#8221;none&#8221; column_border_style=&#8221;solid&#8221;][\/vc_column_inner][vc_column_inner column_padding=&#8221;no-extra-padding&#8221; column_padding_position=&#8221;all&#8221; background_color_opacity=&#8221;1&#8243; background_hover_color_opacity=&#8221;1&#8243; column_shadow=&#8221;none&#8221; column_border_radius=&#8221;none&#8221; width=&#8221;1\/1&#8243; column_border_width=&#8221;none&#8221; column_border_style=&#8221;solid&#8221;][\/vc_column_inner][vc_column_inner column_padding=&#8221;no-extra-padding&#8221; column_padding_position=&#8221;all&#8221; background_color_opacity=&#8221;1&#8243; background_hover_color_opacity=&#8221;1&#8243; column_shadow=&#8221;none&#8221; column_border_radius=&#8221;none&#8221; width=&#8221;1\/1&#8243; column_border_width=&#8221;none&#8221; column_border_style=&#8221;solid&#8221;][\/vc_column_inner][\/vc_row_inner][\/vc_column][\/vc_row][vc_row type=&#8221;in_container&#8221; full_screen_row_position=&#8221;middle&#8221; scene_position=&#8221;center&#8221; text_color=&#8221;dark&#8221; text_align=&#8221;left&#8221; overlay_strength=&#8221;0.3&#8243; shape_divider_position=&#8221;bottom&#8221;][vc_column column_padding=&#8221;no-extra-padding&#8221; column_padding_position=&#8221;all&#8221; background_color_opacity=&#8221;1&#8243; background_hover_color_opacity=&#8221;1&#8243; column_shadow=&#8221;none&#8221; column_border_radius=&#8221;none&#8221; width=&#8221;1\/1&#8243; tablet_text_alignment=&#8221;default&#8221; phone_text_alignment=&#8221;default&#8221; column_border_width=&#8221;none&#8221; column_border_style=&#8221;solid&#8221;]<div class=\"divider-wrap\"><div style=\"height: 200px;\" class=\"divider\"><\/div><\/div>[\/vc_column][\/vc_row]\n","protected":false},"excerpt":{"rendered":"<p>[vc_row type=&#8221;in_container&#8221; full_screen_row_position=&#8221;middle&#8221; scene_position=&#8221;center&#8221; text_color=&#8221;dark&#8221; text_align=&#8221;left&#8221; overlay_strength=&#8221;0.3&#8243; shape_divider_position=&#8221;bottom&#8221;][vc_column centered_text=&#8221;true&#8221; column_padding=&#8221;no-extra-padding&#8221; column_&#8230;<\/p>\n","protected":false},"author":2,"featured_media":262,"parent":51,"menu_order":0,"comment_status":"closed","ping_status":"closed","template":"","meta":{"footnotes":""},"class_list":["post-182","page","type-page","status-publish","has-post-thumbnail","hentry"],"_links":{"self":[{"href":"https:\/\/cityofmercy.lt\/lt_LT\/wp-json\/wp\/v2\/pages\/182","targetHints":{"allow":["GET"]}}],"collection":[{"href":"https:\/\/cityofmercy.lt\/lt_LT\/wp-json\/wp\/v2\/pages"}],"about":[{"href":"https:\/\/cityofmercy.lt\/lt_LT\/wp-json\/wp\/v2\/types\/page"}],"author":[{"embeddable":true,"href":"https:\/\/cityofmercy.lt\/lt_LT\/wp-json\/wp\/v2\/users\/2"}],"replies":[{"embeddable":true,"href":"https:\/\/cityofmercy.lt\/lt_LT\/wp-json\/wp\/v2\/comments?post=182"}],"version-history":[{"count":57,"href":"https:\/\/cityofmercy.lt\/lt_LT\/wp-json\/wp\/v2\/pages\/182\/revisions"}],"predecessor-version":[{"id":5944,"href":"https:\/\/cityofmercy.lt\/lt_LT\/wp-json\/wp\/v2\/pages\/182\/revisions\/5944"}],"up":[{"embeddable":true,"href":"https:\/\/cityofmercy.lt\/lt_LT\/wp-json\/wp\/v2\/pages\/51"}],"wp:featuredmedia":[{"embeddable":true,"href":"https:\/\/cityofmercy.lt\/lt_LT\/wp-json\/wp\/v2\/media\/262"}],"wp:attachment":[{"href":"https:\/\/cityofmercy.lt\/lt_LT\/wp-json\/wp\/v2\/media?parent=182"}],"curies":[{"name":"wp","href":"https:\/\/api.w.org\/{rel}","templated":true}]}}