{"id":178,"date":"2017-11-30T16:28:23","date_gmt":"2017-11-30T16:28:23","guid":{"rendered":"http:\/\/cityofmercy.lt\/?page_id=178"},"modified":"2021-01-25T06:46:09","modified_gmt":"2021-01-25T06:46:09","slug":"sv-kazimiero-svente","status":"publish","type":"page","link":"https:\/\/cityofmercy.lt\/lt_LT\/renginiai\/sv-kazimiero-svente\/","title":{"rendered":"\u0160v. Kazimiero \u0161vent\u0117"},"content":{"rendered":"[vc_row type=&#8221;in_container&#8221; full_screen_row_position=&#8221;middle&#8221; scene_position=&#8221;center&#8221; text_color=&#8221;dark&#8221; text_align=&#8221;left&#8221; overlay_strength=&#8221;0.3&#8243; shape_divider_position=&#8221;bottom&#8221;][vc_column centered_text=&#8221;true&#8221; column_padding=&#8221;no-extra-padding&#8221; column_padding_position=&#8221;all&#8221; background_color_opacity=&#8221;1&#8243; background_hover_color_opacity=&#8221;1&#8243; column_shadow=&#8221;none&#8221; column_border_radius=&#8221;none&#8221; width=&#8221;1\/1&#8243; tablet_text_alignment=&#8221;default&#8221; phone_text_alignment=&#8221;default&#8221; column_border_width=&#8221;none&#8221; column_border_style=&#8221;solid&#8221;][vc_column_text]\n<h4><b>\u0160v. Kazimiero \u0161vent\u0117.<\/b> Ausk Marijai ro\u017ei\u0173 gij\u0105, mano siela nerami.<\/h4>\n[\/vc_column_text]<div class=\"divider-wrap\"><div style=\"margin-top: 25px; height: 1px; margin-bottom: 25px;\" data-width=\"100%\" data-animate=\"\" data-animation-delay=\"\" data-color=\"default\" class=\"divider-border\"><\/div><\/div>[\/vc_column][\/vc_row][vc_row type=&#8221;in_container&#8221; full_screen_row_position=&#8221;middle&#8221; scene_position=&#8221;center&#8221; text_color=&#8221;dark&#8221; text_align=&#8221;left&#8221; overlay_strength=&#8221;0.3&#8243; shape_divider_position=&#8221;bottom&#8221;][vc_column column_padding=&#8221;no-extra-padding&#8221; column_padding_position=&#8221;all&#8221; background_color_opacity=&#8221;1&#8243; background_hover_color_opacity=&#8221;1&#8243; column_shadow=&#8221;none&#8221; column_border_radius=&#8221;none&#8221; width=&#8221;1\/1&#8243; tablet_text_alignment=&#8221;default&#8221; phone_text_alignment=&#8221;default&#8221; column_border_width=&#8221;none&#8221; column_border_style=&#8221;solid&#8221;][vc_row_inner column_margin=&#8221;default&#8221; text_align=&#8221;left&#8221;][vc_column_inner column_padding=&#8221;no-extra-padding&#8221; column_padding_position=&#8221;all&#8221; background_color_opacity=&#8221;1&#8243; background_hover_color_opacity=&#8221;1&#8243; column_shadow=&#8221;none&#8221; column_border_radius=&#8221;none&#8221; width=&#8221;1\/2&#8243; column_border_width=&#8221;none&#8221; column_border_style=&#8221;solid&#8221;]<div class=\"img-with-aniamtion-wrap \" data-max-width=\"100%\" data-border-radius=\"none\"><div class=\"inner\"><img loading=\"lazy\" decoding=\"async\" data-shadow=\"none\" data-shadow-direction=\"middle\" class=\"img-with-animation \" data-delay=\"0\" height=\"667\" width=\"1000\" data-animation=\"fade-in\" src=\"https:\/\/cityofmercy.lt\/wp-content\/uploads\/2017\/12\/Kazimieras-II-copy.jpg\" srcset=\"https:\/\/cityofmercy.lt\/wp-content\/uploads\/2017\/12\/Kazimieras-II-copy.jpg 1000w, https:\/\/cityofmercy.lt\/wp-content\/uploads\/2017\/12\/Kazimieras-II-copy-300x200.jpg 300w, https:\/\/cityofmercy.lt\/wp-content\/uploads\/2017\/12\/Kazimieras-II-copy-768x512.jpg 768w, https:\/\/cityofmercy.lt\/wp-content\/uploads\/2017\/12\/Kazimieras-II-copy-900x600.jpg 900w\" sizes=\"auto, 100vw\" alt=\"St. Casimir in Vilnius\" \/><\/div><\/div><div class=\"divider-wrap\"><div style=\"height: 20px;\" class=\"divider\"><\/div><\/div>[\/vc_column_inner][vc_column_inner column_padding=&#8221;no-extra-padding&#8221; column_padding_position=&#8221;all&#8221; background_color_opacity=&#8221;1&#8243; background_hover_color_opacity=&#8221;1&#8243; column_shadow=&#8221;none&#8221; column_border_radius=&#8221;none&#8221; width=&#8221;1\/2&#8243; column_border_width=&#8221;none&#8221; column_border_style=&#8221;solid&#8221;]<div class=\"iwithtext\"><div class=\"iwt-icon\"> <i class=\"icon-default-style icon-map-marker accent-color\"><\/i> <\/div><div class=\"iwt-text\"> <a href=\"https:\/\/www.google.com\/maps\/place\/Vilniaus+katedra\/@54.6858486,25.2855455,17z\/data=!3m1!4b1!4m5!3m4!1s0x46dd941734223bd9:0xb3b1c213c35f7e61!8m2!3d54.6858486!4d25.2877342\" target=\"_blank\" rel=\"noopener\">Vilniaus Arkikatedra Bazilika<\/a> ir kitos Vilniaus miesto vietos <\/div><div class=\"clear\"><\/div><\/div><div class=\"divider-wrap\"><div style=\"height: 10px;\" class=\"divider\"><\/div><\/div><div class=\"iwithtext\"><div class=\"iwt-icon\"> <i class=\"icon-default-style icon-calendar accent-color\"><\/i> <\/div><div class=\"iwt-text\"> Kovo 4 d. <\/div><div class=\"clear\"><\/div><\/div><div class=\"divider-wrap\"><div style=\"margin-top: 15px; width: 20%px; height: 1px; margin-bottom: 15px;\" data-width=\"20%\" data-animate=\"\" data-animation-delay=\"\" data-color=\"accent-color\" class=\"divider-small-border\"><\/div><\/div>[vc_column_text]\n<p style=\"text-align: justify;\">\u0160v. Kazimieras \u2013 Lietuvos Did\u017eiosios Kunigaik\u0161tyst\u0117s ir Lenkijos karaliaus Kazimiero s\u016bnus. Jis paskelbtas Lietuvos ir Lenkijos bei Lietuvos jaunimo glob\u0117ju. Savo glob\u0117ju j\u012f laiko Neapolio miestas, Maltos ordino riteriai, kovoj\u0119 su musulmonais turkais Vidur\u017eemio j\u016broje. Venesueloje yra \u0161v. Kazimiero miestelis, jo vardo ba\u017eny\u010dia ir parapija. D\u0117l i\u0161mintingumo, teisingumo, jautrumo, skaistumo jis pateikiamas kaip \u0161ventojo pavyzdys jaunam \u017emogui.<\/p>\n<p style=\"text-align: justify;\">Karalaitis Kazimieras mir\u0117 b\u016bdamas 26\u2013eri\u0173 met\u0173 1484 m. kovo 4 d. Lietuvos did\u017eiajai kunigai\u0161tystei priklausiusioje Gardino pilyje. Palaidotas jis buvo Vilniaus katedros karali\u0161koje koply\u010dioje. Netrukus po jo mirties prad\u0117jo sklisti \u017einia apie stebuklus patiriamus meld\u017eiantis prie \u0160v. Kazimiero karsto. Nors visas kanonizacijos procesas vyko s\u0117kmingai, ta\u010diau paskelbimo \u0161ventuoju istorija tapo sud\u0117tingesn\u0117. 1521 m., kai karalaitis Kazimieras tur\u0117jo b\u016bti paskelbtas \u0161ventuoju nebaig\u0119s mir\u0117 popie\u017eius Leonas X. Manoma, kad kanonizacijos dokumentai dingo 1527 m. Rom\u0105 siaubant imperatoriaus Karolio V kariuomenei. Vis tik 1521 m. pagal tradicij\u0105 buvo laikomi karalai\u010dio Kazimiero kanonizacijos data, nes buvo \u017einoma, kad popie\u017eius Leonas X buvo pritar\u0119s jo skelbimui \u0161ventuoju ir priskyr\u0119s j\u012f prie \u0161vent\u0173j\u0173 s\u0105ra\u0161o \u2013 nebuvo \u012fvykusios tik kanonizacijos i\u0161kilm\u0117s. \u0160ios i\u0161kilm\u0117s \u012fvyko tik 1604 m. pagal popie\u017eiaus Klemenso VIII 1602 m. lapkri\u010dio 7 d. br\u0117v\u0119. Apra\u0161oma, kad Vilnius ypatingai ruo\u0161\u0117si i\u0161kilm\u0117ms ne tik kurdami poemas, prakalbas, tapydami paveikslus, dro\u017edami skulpt\u016bras, buvo statomos arkos ir vartai, gatvi\u0173 pakra\u0161\u010diuose sodinami med\u017eiai. I\u0161kilmi\u0173 dien\u0105 apra\u0161omas stebuklas, kai prie\u0161 i\u0161kilmes pliaup\u0119s lietus nustoj\u0119s ir t\u0119s\u0119s lyti po i\u0161kilmi\u0173.<\/p>\n<p>Daugiau apie \u0161v. Kazimier\u0105 galite skaityti <a href=\"http:\/\/cityofmercy.lt\/lt_LT\/marsrutai\/vilniaus-sventieji\/\" target=\"_blank\" rel=\"noopener\">Vilniaus \u0161ventieji mar\u0161rute<\/a>[\/vc_column_text][\/vc_column_inner][\/vc_row_inner][\/vc_column][\/vc_row][vc_row type=&#8221;in_container&#8221; full_screen_row_position=&#8221;middle&#8221; scene_position=&#8221;center&#8221; text_color=&#8221;dark&#8221; text_align=&#8221;left&#8221; overlay_strength=&#8221;0.3&#8243; shape_divider_position=&#8221;bottom&#8221;][vc_column column_padding=&#8221;no-extra-padding&#8221; column_padding_position=&#8221;all&#8221; background_color_opacity=&#8221;1&#8243; background_hover_color_opacity=&#8221;1&#8243; column_shadow=&#8221;none&#8221; column_border_radius=&#8221;none&#8221; width=&#8221;1\/1&#8243; tablet_text_alignment=&#8221;default&#8221; phone_text_alignment=&#8221;default&#8221; column_border_width=&#8221;none&#8221; column_border_style=&#8221;solid&#8221;]<div class=\"divider-wrap\"><div style=\"height: 200px;\" class=\"divider\"><\/div><\/div>[\/vc_column][\/vc_row]\n","protected":false},"excerpt":{"rendered":"<p>[vc_row type=&#8221;in_container&#8221; full_screen_row_position=&#8221;middle&#8221; scene_position=&#8221;center&#8221; text_color=&#8221;dark&#8221; text_align=&#8221;left&#8221; overlay_strength=&#8221;0.3&#8243; shape_divider_position=&#8221;bottom&#8221;][vc_column centered_text=&#8221;true&#8221; column_padding=&#8221;no-extra-padding&#8221; column_&#8230;<\/p>\n","protected":false},"author":2,"featured_media":0,"parent":51,"menu_order":0,"comment_status":"closed","ping_status":"closed","template":"","meta":{"footnotes":""},"class_list":["post-178","page","type-page","status-publish","hentry"],"_links":{"self":[{"href":"https:\/\/cityofmercy.lt\/lt_LT\/wp-json\/wp\/v2\/pages\/178","targetHints":{"allow":["GET"]}}],"collection":[{"href":"https:\/\/cityofmercy.lt\/lt_LT\/wp-json\/wp\/v2\/pages"}],"about":[{"href":"https:\/\/cityofmercy.lt\/lt_LT\/wp-json\/wp\/v2\/types\/page"}],"author":[{"embeddable":true,"href":"https:\/\/cityofmercy.lt\/lt_LT\/wp-json\/wp\/v2\/users\/2"}],"replies":[{"embeddable":true,"href":"https:\/\/cityofmercy.lt\/lt_LT\/wp-json\/wp\/v2\/comments?post=178"}],"version-history":[{"count":28,"href":"https:\/\/cityofmercy.lt\/lt_LT\/wp-json\/wp\/v2\/pages\/178\/revisions"}],"predecessor-version":[{"id":5928,"href":"https:\/\/cityofmercy.lt\/lt_LT\/wp-json\/wp\/v2\/pages\/178\/revisions\/5928"}],"up":[{"embeddable":true,"href":"https:\/\/cityofmercy.lt\/lt_LT\/wp-json\/wp\/v2\/pages\/51"}],"wp:attachment":[{"href":"https:\/\/cityofmercy.lt\/lt_LT\/wp-json\/wp\/v2\/media?parent=178"}],"curies":[{"name":"wp","href":"https:\/\/api.w.org\/{rel}","templated":true}]}}