{"id":176,"date":"2017-11-30T16:27:51","date_gmt":"2017-11-30T16:27:51","guid":{"rendered":"http:\/\/cityofmercy.lt\/?page_id=176"},"modified":"2021-01-25T06:43:33","modified_gmt":"2021-01-25T06:43:33","slug":"slovinimo-vakarai","status":"publish","type":"page","link":"https:\/\/cityofmercy.lt\/lt_LT\/renginiai\/slovinimo-vakarai\/","title":{"rendered":"\u0160lovinimo vakarai"},"content":{"rendered":"[vc_row type=&#8221;in_container&#8221; full_screen_row_position=&#8221;middle&#8221; scene_position=&#8221;center&#8221; text_color=&#8221;dark&#8221; text_align=&#8221;left&#8221; overlay_strength=&#8221;0.3&#8243; shape_divider_position=&#8221;bottom&#8221;][vc_column centered_text=&#8221;true&#8221; column_padding=&#8221;no-extra-padding&#8221; column_padding_position=&#8221;all&#8221; background_color_opacity=&#8221;1&#8243; background_hover_color_opacity=&#8221;1&#8243; column_shadow=&#8221;none&#8221; column_border_radius=&#8221;none&#8221; width=&#8221;1\/1&#8243; tablet_text_alignment=&#8221;default&#8221; phone_text_alignment=&#8221;default&#8221; column_border_width=&#8221;none&#8221; column_border_style=&#8221;solid&#8221;][vc_column_text]\n<h4><b>\u0160lovinimas. <\/b>Mano siela \u0161lovin\u0105 Vie\u0161pat\u012f.<\/h4>\n[\/vc_column_text]<div class=\"divider-wrap\"><div style=\"margin-top: 25px; height: 1px; margin-bottom: 25px;\" data-width=\"100%\" data-animate=\"\" data-animation-delay=\"\" data-color=\"default\" class=\"divider-border\"><\/div><\/div>[\/vc_column][\/vc_row][vc_row type=&#8221;in_container&#8221; full_screen_row_position=&#8221;middle&#8221; scene_position=&#8221;center&#8221; text_color=&#8221;dark&#8221; text_align=&#8221;left&#8221; overlay_strength=&#8221;0.3&#8243; shape_divider_position=&#8221;bottom&#8221;][vc_column column_padding=&#8221;no-extra-padding&#8221; column_padding_position=&#8221;all&#8221; background_color_opacity=&#8221;1&#8243; background_hover_color_opacity=&#8221;1&#8243; column_shadow=&#8221;none&#8221; column_border_radius=&#8221;none&#8221; width=&#8221;1\/1&#8243; tablet_text_alignment=&#8221;default&#8221; phone_text_alignment=&#8221;default&#8221; column_border_width=&#8221;none&#8221; column_border_style=&#8221;solid&#8221;][vc_row_inner column_margin=&#8221;default&#8221; text_align=&#8221;left&#8221;][vc_column_inner column_padding=&#8221;no-extra-padding&#8221; column_padding_position=&#8221;all&#8221; background_color_opacity=&#8221;1&#8243; background_hover_color_opacity=&#8221;1&#8243; column_shadow=&#8221;none&#8221; column_border_radius=&#8221;none&#8221; width=&#8221;1\/2&#8243; column_border_width=&#8221;none&#8221; column_border_style=&#8221;solid&#8221;]<div class=\"img-with-aniamtion-wrap \" data-max-width=\"100%\" data-border-radius=\"none\"><div class=\"inner\"><img loading=\"lazy\" decoding=\"async\" data-shadow=\"none\" data-shadow-direction=\"middle\" class=\"img-with-animation \" data-delay=\"0\" height=\"667\" width=\"1000\" data-animation=\"fade-in\" src=\"https:\/\/cityofmercy.lt\/wp-content\/uploads\/2017\/12\/29-1.jpg\" srcset=\"https:\/\/cityofmercy.lt\/wp-content\/uploads\/2017\/12\/29-1.jpg 1000w, https:\/\/cityofmercy.lt\/wp-content\/uploads\/2017\/12\/29-1-300x200.jpg 300w, https:\/\/cityofmercy.lt\/wp-content\/uploads\/2017\/12\/29-1-768x512.jpg 768w, https:\/\/cityofmercy.lt\/wp-content\/uploads\/2017\/12\/29-1-900x600.jpg 900w\" sizes=\"auto, 100vw\" alt=\"\" \/><\/div><\/div><div class=\"divider-wrap\"><div style=\"height: 20px;\" class=\"divider\"><\/div><\/div>[\/vc_column_inner][vc_column_inner column_padding=&#8221;no-extra-padding&#8221; column_padding_position=&#8221;all&#8221; background_color_opacity=&#8221;1&#8243; background_hover_color_opacity=&#8221;1&#8243; column_shadow=&#8221;none&#8221; column_border_radius=&#8221;none&#8221; width=&#8221;1\/2&#8243; column_border_width=&#8221;none&#8221; column_border_style=&#8221;solid&#8221;]<div class=\"divider-wrap\"><div style=\"margin-top: 15px; width: 20%px; height: 1px; margin-bottom: 15px;\" data-width=\"20%\" data-animate=\"\" data-animation-delay=\"\" data-color=\"accent-color\" class=\"divider-small-border\"><\/div><\/div>[vc_column_text]\n<p style=\"text-align: justify;\">Vilniaus arkivyskupijoje yra bendruomeni\u0173 nuolatos arba ypatingomis progomis organizuojan\u010di\u0173 \u0161lovinimo maldos vakarus.<\/p>\n<p style=\"text-align: justify;\">Dievo Gailestingumo \u0161ventov\u0117je (<a href=\"https:\/\/www.google.com\/maps\/place\/Dominikon\u0173+g.+12,+Vilnius+01144\/@54.6813438,25.2832949,17z\/data=!3m1!4b1!4m5!3m4!1s0x46dd941424cd1af9:0xb1c6f2b5977b9602!8m2!3d54.6813438!4d25.2854836\" target=\"_blank\" rel=\"noopener\">Dominikon\u0173 g. 12, Vilnius<\/a>) kiekvien\u0105 penktadien\u012f po 20 val. \u0161v. Mi\u0161i\u0173.<\/p>\n<p>Taiz\u00e9 pamaldos \u2013 Lietuvoje ypa\u010d branginama maldos forma, puosel\u0117jama ir bendruomeni\u0173, ir miesto mastu.\u00a0\u0160v. Jono broli\u0173 vienuolyne (<a href=\"https:\/\/www.google.com\/maps\/place\/Antakalnio+g.+27,+Vilnius+10312\/@54.70075,25.3095792,17z\/data=!3m1!4b1!4m5!3m4!1s0x46dd9698a73e00e5:0xe797c57df9fa87d1!8m2!3d54.70075!4d25.3117679\" target=\"_blank\" rel=\"noopener\">Antakalnio g. 27, Vilnius<\/a>) Taize\/Gailestingumo vakarai vyksta tris kartus per metus. Daugiau informacijos rasite <a href=\"http:\/\/www.joanitai.org\/taize-gailestingumo-vakarai\/\" target=\"_blank\" rel=\"noopener\">\u010dia.\u00a0<\/a>[\/vc_column_text][\/vc_column_inner][\/vc_row_inner][\/vc_column][\/vc_row][vc_row type=&#8221;in_container&#8221; full_screen_row_position=&#8221;middle&#8221; scene_position=&#8221;center&#8221; text_color=&#8221;dark&#8221; text_align=&#8221;left&#8221; overlay_strength=&#8221;0.3&#8243; shape_divider_position=&#8221;bottom&#8221;][vc_column column_padding=&#8221;no-extra-padding&#8221; column_padding_position=&#8221;all&#8221; background_color_opacity=&#8221;1&#8243; background_hover_color_opacity=&#8221;1&#8243; column_shadow=&#8221;none&#8221; column_border_radius=&#8221;none&#8221; width=&#8221;1\/1&#8243; tablet_text_alignment=&#8221;default&#8221; phone_text_alignment=&#8221;default&#8221; column_border_width=&#8221;none&#8221; column_border_style=&#8221;solid&#8221;]<div class=\"divider-wrap\"><div style=\"height: 200px;\" class=\"divider\"><\/div><\/div>[\/vc_column][\/vc_row]\n","protected":false},"excerpt":{"rendered":"<p>[vc_row type=&#8221;in_container&#8221; full_screen_row_position=&#8221;middle&#8221; scene_position=&#8221;center&#8221; text_color=&#8221;dark&#8221; text_align=&#8221;left&#8221; overlay_strength=&#8221;0.3&#8243; shape_divider_position=&#8221;bottom&#8221;][vc_column centered_text=&#8221;true&#8221; column_padding=&#8221;no-extra-padding&#8221; column_&#8230;<\/p>\n","protected":false},"author":2,"featured_media":0,"parent":51,"menu_order":0,"comment_status":"closed","ping_status":"closed","template":"","meta":{"footnotes":""},"class_list":["post-176","page","type-page","status-publish","hentry"],"_links":{"self":[{"href":"https:\/\/cityofmercy.lt\/lt_LT\/wp-json\/wp\/v2\/pages\/176","targetHints":{"allow":["GET"]}}],"collection":[{"href":"https:\/\/cityofmercy.lt\/lt_LT\/wp-json\/wp\/v2\/pages"}],"about":[{"href":"https:\/\/cityofmercy.lt\/lt_LT\/wp-json\/wp\/v2\/types\/page"}],"author":[{"embeddable":true,"href":"https:\/\/cityofmercy.lt\/lt_LT\/wp-json\/wp\/v2\/users\/2"}],"replies":[{"embeddable":true,"href":"https:\/\/cityofmercy.lt\/lt_LT\/wp-json\/wp\/v2\/comments?post=176"}],"version-history":[{"count":36,"href":"https:\/\/cityofmercy.lt\/lt_LT\/wp-json\/wp\/v2\/pages\/176\/revisions"}],"predecessor-version":[{"id":6107,"href":"https:\/\/cityofmercy.lt\/lt_LT\/wp-json\/wp\/v2\/pages\/176\/revisions\/6107"}],"up":[{"embeddable":true,"href":"https:\/\/cityofmercy.lt\/lt_LT\/wp-json\/wp\/v2\/pages\/51"}],"wp:attachment":[{"href":"https:\/\/cityofmercy.lt\/lt_LT\/wp-json\/wp\/v2\/media?parent=176"}],"curies":[{"name":"wp","href":"https:\/\/api.w.org\/{rel}","templated":true}]}}