{"id":174,"date":"2017-11-30T16:26:22","date_gmt":"2017-11-30T16:26:22","guid":{"rendered":"http:\/\/cityofmercy.lt\/?page_id=174"},"modified":"2021-01-25T06:51:28","modified_gmt":"2021-01-25T06:51:28","slug":"sekmines-vilniaus-kalvarijose","status":"publish","type":"page","link":"https:\/\/cityofmercy.lt\/lt_LT\/renginiai\/sekmines-vilniaus-kalvarijose\/","title":{"rendered":"Sekmin\u0117s Vilniaus Kalvarijose"},"content":{"rendered":"[vc_row type=&#8221;in_container&#8221; full_screen_row_position=&#8221;middle&#8221; scene_position=&#8221;center&#8221; text_color=&#8221;dark&#8221; text_align=&#8221;left&#8221; overlay_strength=&#8221;0.3&#8243; shape_divider_position=&#8221;bottom&#8221;][vc_column centered_text=&#8221;true&#8221; column_padding=&#8221;no-extra-padding&#8221; column_padding_position=&#8221;all&#8221; background_color_opacity=&#8221;1&#8243; background_hover_color_opacity=&#8221;1&#8243; column_shadow=&#8221;none&#8221; column_border_radius=&#8221;none&#8221; width=&#8221;1\/1&#8243; tablet_text_alignment=&#8221;default&#8221; phone_text_alignment=&#8221;default&#8221; column_border_width=&#8221;none&#8221; column_border_style=&#8221;solid&#8221;][vc_column_text]\n<h4><strong>Sekmin\u0117s Vilniaus Kalvarijose.<\/strong>\u00a0Dvasia, dvelki ir alsuok.<\/h4>\n[\/vc_column_text]<div class=\"divider-wrap\"><div style=\"margin-top: 25px; height: 1px; margin-bottom: 25px;\" data-width=\"100%\" data-animate=\"\" data-animation-delay=\"\" data-color=\"default\" class=\"divider-border\"><\/div><\/div>[\/vc_column][\/vc_row][vc_row type=&#8221;in_container&#8221; full_screen_row_position=&#8221;middle&#8221; scene_position=&#8221;center&#8221; text_color=&#8221;dark&#8221; text_align=&#8221;left&#8221; overlay_strength=&#8221;0.3&#8243; shape_divider_position=&#8221;bottom&#8221;][vc_column column_padding=&#8221;no-extra-padding&#8221; column_padding_position=&#8221;all&#8221; background_color_opacity=&#8221;1&#8243; background_hover_color_opacity=&#8221;1&#8243; column_shadow=&#8221;none&#8221; column_border_radius=&#8221;none&#8221; width=&#8221;1\/1&#8243; tablet_text_alignment=&#8221;default&#8221; phone_text_alignment=&#8221;default&#8221; column_border_width=&#8221;none&#8221; column_border_style=&#8221;solid&#8221;][vc_row_inner column_margin=&#8221;default&#8221; text_align=&#8221;left&#8221;][vc_column_inner column_padding=&#8221;no-extra-padding&#8221; column_padding_position=&#8221;all&#8221; background_color_opacity=&#8221;1&#8243; background_hover_color_opacity=&#8221;1&#8243; column_shadow=&#8221;none&#8221; column_border_radius=&#8221;none&#8221; width=&#8221;1\/2&#8243; column_border_width=&#8221;none&#8221; column_border_style=&#8221;solid&#8221;]<div class=\"img-with-aniamtion-wrap \" data-max-width=\"100%\" data-border-radius=\"none\"><div class=\"inner\"><img loading=\"lazy\" decoding=\"async\" data-shadow=\"none\" data-shadow-direction=\"middle\" class=\"img-with-animation \" data-delay=\"0\" height=\"619\" width=\"900\" data-animation=\"fade-in\" src=\"https:\/\/cityofmercy.lt\/wp-content\/uploads\/2017\/12\/sekmines_dainiaus-Tunk\u016bno_bernardinai-copy.jpg\" srcset=\"https:\/\/cityofmercy.lt\/wp-content\/uploads\/2017\/12\/sekmines_dainiaus-Tunk\u016bno_bernardinai-copy.jpg 900w, https:\/\/cityofmercy.lt\/wp-content\/uploads\/2017\/12\/sekmines_dainiaus-Tunk\u016bno_bernardinai-copy-300x206.jpg 300w, https:\/\/cityofmercy.lt\/wp-content\/uploads\/2017\/12\/sekmines_dainiaus-Tunk\u016bno_bernardinai-copy-768x528.jpg 768w\" sizes=\"auto, 100vw\" alt=\"Pentecost in Vilnius\" \/><\/div><\/div><div class=\"divider-wrap\"><div style=\"height: 20px;\" class=\"divider\"><\/div><\/div>[\/vc_column_inner][vc_column_inner column_padding=&#8221;no-extra-padding&#8221; column_padding_position=&#8221;all&#8221; background_color_opacity=&#8221;1&#8243; background_hover_color_opacity=&#8221;1&#8243; column_shadow=&#8221;none&#8221; column_border_radius=&#8221;none&#8221; width=&#8221;1\/2&#8243; column_border_width=&#8221;none&#8221; column_border_style=&#8221;solid&#8221;]<div class=\"iwithtext\"><div class=\"iwt-icon\"> <i class=\"icon-default-style icon-map-marker accent-color\"><\/i> <\/div><div class=\"iwt-text\"> <a href=\"https:\/\/www.google.com\/maps\/place\/Vilniaus+(Kalvarijos)+\u0160v.+Kry\u017eiaus+Atradimo+parapija,+ba\u017eny\u010dia\/@54.7403298,25.2770617,17z\/data=!3m1!4b1!4m5!3m4!1s0x46dd91237808609f:0x189b02593a1e4789!8m2!3d54.7403298!4d25.2792504\" target=\"_blank\" rel=\"noopener\">Vilniaus \u0160v. Kry\u017eiaus Atradimo ba\u017eny\u010dia<\/a> <\/div><div class=\"clear\"><\/div><\/div><div class=\"divider-wrap\"><div style=\"height: 10px;\" class=\"divider\"><\/div><\/div><div class=\"iwithtext\"><div class=\"iwt-icon\"> <i class=\"icon-default-style icon-calendar accent-color\"><\/i> <\/div><div class=\"iwt-text\"> Septintas sekmadienis po \u0161v. Velyk\u0173 <\/div><div class=\"clear\"><\/div><\/div><div class=\"divider-wrap\"><div style=\"margin-top: 15px; width: 20%px; height: 1px; margin-bottom: 15px;\" data-width=\"20%\" data-animate=\"\" data-animation-delay=\"\" data-color=\"accent-color\" class=\"divider-small-border\"><\/div><\/div>[vc_column_text]\n<p style=\"text-align: justify;\">Vilniaus Kalvarij\u0173 Kry\u017eiaus kelias organizuotai vaik\u0161\u010diojamas (prad\u017eia nuo Sopulingosios Dievo Motinos koply\u010dios, \u0161alia ma\u0161in\u0173 stov\u0117jimo aik\u0161tel\u0117s): Did\u012fj\u012f penktadien\u012f, vis\u0105 savait\u0119 prie\u0161 Sekmini\u0173 \u0161vent\u0119, atlaid\u0173 laikotarpiu\u00a0(nuo \u0160v. Kry\u017eiaus Atradimo dienos gegu\u017e\u0117s 3 d. iki \u0160v. Kry\u017eiaus I\u0161auk\u0161tinimo \u0161vent\u0117s rugs\u0117jo 14 d.) \u2013 pirm\u0105 m\u0117nesio penktadien\u012f 15.00 veda pranci\u0161konai pasaulie\u010diai,\u00a0sekmadieniais 7.30 veda pasaulie\u010diai.<\/p>\n<p style=\"text-align: justify;\"><a href=\"https:\/\/cityofmercy.lt\/lt_LT\/marsrutai\/vilniaus-kalvariju-kryziaus-kelias\/\" target=\"_blank\" rel=\"noopener\">Vilniaus Kalvarij\u0173 Kry\u017eiaus kelias<\/a> oficialiai pa\u0161ventintas 1669 m. per Sekmines d\u0117kojant Dievui u\u017e pergal\u0119 prie\u0161 Rusijos kariuomen\u0119, kelet\u0105 met\u0173 niokojusi\u0105 Vilniaus kra\u0161t\u0105. 1772 m. \u0161ia vieta besir\u016bpinantys Vilniaus \u0160ventosios Dvasios vienuolyno dominikonai, remiami didik\u0173 ir i\u0161kili\u0173 dvasinink\u0173, pastat\u0117 \u010dia <a href=\"https:\/\/cityofmercy.lt\/lt_LT\/objektai\/vilniaus-kalvariju-sv-kryziaus-atradimo-baznycia\/\" target=\"_blank\" rel=\"noopener\">\u0160v. Kry\u017eiaus Atradimo ba\u017eny\u010di\u0105<\/a> ir 20 nauj\u0173 koply\u010di\u0173. Statant buvo stengiamasi atsi\u017evelgti \u012f Jeruzal\u0117s topografij\u0105, Jeruzal\u0117s miesto dali\u0173 orientacij\u0105 pasaulio \u0161ali\u0173 at\u017evilgiu. Atstumai tarp atskir\u0173 sto\u010di\u0173 buvo matuojami \u017eingsniais i\u0161laikant Jeruzal\u0117s gatvi\u0173 atstumus.\u00a0 Iki XX a. ansamblis keit\u0117si ma\u017eai. Daugiau nuostoli\u0173 padar\u0117 tik Napoleono kariuomen\u0117 ir sovietmetis. Sovietin\u0117s vald\u017eios \u012fsakymu 1962 m. per vien\u0105 nakt\u012f susprogdintos beveik visos Kry\u017eiaus kelio stotys, ta\u010diau tai nesustabd\u0117 \u017emoni\u0173 pamaldumo Kristaus kan\u010diai. Kalvarij\u0173 keli\u0105 eidavo slapt\u0173 vienuolij\u0173 nariai ir tikin\u010di\u0173j\u0173 grup\u0117s. Kry\u017eiaus kelio sto\u010di\u0173 atstatymas prad\u0117tas tik atgavus Lietuvos nepriklausomyb\u0119 ir u\u017ebaigtas 2002 m. Dabartin\u012f 7 km ilgio keli\u0105 sudaro 35 stotys.<\/p>\n<p style=\"text-align: justify;\">\u0160v. Kry\u017eiaus Atradimo ba\u017eny\u010dia yra kompozicinis ir id\u0117jinis Vilniaus Kalvarij\u0173 centras. Auk\u0161ta kalva, ant kurios pastatyta ba\u017eny\u010dia, Kalvarij\u0173 topografijoje atitinka Golgotos kaln\u0105. Didysis altorius, dar vadinamas Nukry\u017eiuotojo, yra svarbiausia Kry\u017eiaus kelio stotis, skirta I\u0161ganytojo mir\u010diai ant Kry\u017eiaus pamin\u0117ti. Altoriuje esan\u010di\u0105 Nukry\u017eiuotojo fig\u016br\u0105 tikintieji laiko stebuklinga.<\/p>\n[\/vc_column_text][\/vc_column_inner][\/vc_row_inner][\/vc_column][\/vc_row][vc_row type=&#8221;in_container&#8221; full_screen_row_position=&#8221;middle&#8221; scene_position=&#8221;center&#8221; text_color=&#8221;dark&#8221; text_align=&#8221;left&#8221; overlay_strength=&#8221;0.3&#8243; shape_divider_position=&#8221;bottom&#8221;][vc_column column_padding=&#8221;no-extra-padding&#8221; column_padding_position=&#8221;all&#8221; background_color_opacity=&#8221;1&#8243; background_hover_color_opacity=&#8221;1&#8243; column_shadow=&#8221;none&#8221; column_border_radius=&#8221;none&#8221; width=&#8221;1\/1&#8243; tablet_text_alignment=&#8221;default&#8221; phone_text_alignment=&#8221;default&#8221; column_border_width=&#8221;none&#8221; column_border_style=&#8221;solid&#8221;]<div class=\"divider-wrap\"><div style=\"height: 200px;\" class=\"divider\"><\/div><\/div>[\/vc_column][\/vc_row]\n","protected":false},"excerpt":{"rendered":"<p>[vc_row type=&#8221;in_container&#8221; full_screen_row_position=&#8221;middle&#8221; scene_position=&#8221;center&#8221; text_color=&#8221;dark&#8221; text_align=&#8221;left&#8221; overlay_strength=&#8221;0.3&#8243; shape_divider_position=&#8221;bottom&#8221;][vc_column centered_text=&#8221;true&#8221; column_padding=&#8221;no-extra-padding&#8221; column_&#8230;<\/p>\n","protected":false},"author":2,"featured_media":544,"parent":51,"menu_order":0,"comment_status":"closed","ping_status":"closed","template":"","meta":{"footnotes":""},"class_list":["post-174","page","type-page","status-publish","has-post-thumbnail","hentry"],"_links":{"self":[{"href":"https:\/\/cityofmercy.lt\/lt_LT\/wp-json\/wp\/v2\/pages\/174","targetHints":{"allow":["GET"]}}],"collection":[{"href":"https:\/\/cityofmercy.lt\/lt_LT\/wp-json\/wp\/v2\/pages"}],"about":[{"href":"https:\/\/cityofmercy.lt\/lt_LT\/wp-json\/wp\/v2\/types\/page"}],"author":[{"embeddable":true,"href":"https:\/\/cityofmercy.lt\/lt_LT\/wp-json\/wp\/v2\/users\/2"}],"replies":[{"embeddable":true,"href":"https:\/\/cityofmercy.lt\/lt_LT\/wp-json\/wp\/v2\/comments?post=174"}],"version-history":[{"count":25,"href":"https:\/\/cityofmercy.lt\/lt_LT\/wp-json\/wp\/v2\/pages\/174\/revisions"}],"predecessor-version":[{"id":5932,"href":"https:\/\/cityofmercy.lt\/lt_LT\/wp-json\/wp\/v2\/pages\/174\/revisions\/5932"}],"up":[{"embeddable":true,"href":"https:\/\/cityofmercy.lt\/lt_LT\/wp-json\/wp\/v2\/pages\/51"}],"wp:featuredmedia":[{"embeddable":true,"href":"https:\/\/cityofmercy.lt\/lt_LT\/wp-json\/wp\/v2\/media\/544"}],"wp:attachment":[{"href":"https:\/\/cityofmercy.lt\/lt_LT\/wp-json\/wp\/v2\/media?parent=174"}],"curies":[{"name":"wp","href":"https:\/\/api.w.org\/{rel}","templated":true}]}}