{"id":170,"date":"2017-11-30T16:25:10","date_gmt":"2017-11-30T16:25:10","guid":{"rendered":"http:\/\/cityofmercy.lt\/?page_id=170"},"modified":"2021-01-25T06:42:18","modified_gmt":"2021-01-25T06:42:18","slug":"gailestingumo-savaite","status":"publish","type":"page","link":"https:\/\/cityofmercy.lt\/lt_LT\/renginiai\/gailestingumo-savaite\/","title":{"rendered":"Gailestingumo savait\u0117"},"content":{"rendered":"[vc_row type=&#8221;in_container&#8221; full_screen_row_position=&#8221;middle&#8221; scene_position=&#8221;center&#8221; text_color=&#8221;dark&#8221; text_align=&#8221;left&#8221; overlay_strength=&#8221;0.3&#8243; shape_divider_position=&#8221;bottom&#8221;][vc_column centered_text=&#8221;true&#8221; column_padding=&#8221;no-extra-padding&#8221; column_padding_position=&#8221;all&#8221; background_color_opacity=&#8221;1&#8243; background_hover_color_opacity=&#8221;1&#8243; column_shadow=&#8221;none&#8221; column_border_radius=&#8221;none&#8221; width=&#8221;1\/1&#8243; tablet_text_alignment=&#8221;default&#8221; phone_text_alignment=&#8221;default&#8221; column_border_width=&#8221;none&#8221; column_border_style=&#8221;solid&#8221;][vc_column_text]\n<h4><b>Dievo Gailestingumo savait\u0117. <\/b>Nes Jo Gailestingumas am\u017einas.<\/h4>\n[\/vc_column_text]<div class=\"divider-wrap\"><div style=\"margin-top: 25px; height: 1px; margin-bottom: 25px;\" data-width=\"100%\" data-animate=\"\" data-animation-delay=\"\" data-color=\"default\" class=\"divider-border\"><\/div><\/div>[\/vc_column][\/vc_row][vc_row type=&#8221;in_container&#8221; full_screen_row_position=&#8221;middle&#8221; scene_position=&#8221;center&#8221; text_color=&#8221;dark&#8221; text_align=&#8221;left&#8221; overlay_strength=&#8221;0.3&#8243; shape_divider_position=&#8221;bottom&#8221;][vc_column column_padding=&#8221;no-extra-padding&#8221; column_padding_position=&#8221;all&#8221; background_color_opacity=&#8221;1&#8243; background_hover_color_opacity=&#8221;1&#8243; column_shadow=&#8221;none&#8221; column_border_radius=&#8221;none&#8221; width=&#8221;1\/1&#8243; tablet_text_alignment=&#8221;default&#8221; phone_text_alignment=&#8221;default&#8221; column_border_width=&#8221;none&#8221; column_border_style=&#8221;solid&#8221;][vc_row_inner column_margin=&#8221;default&#8221; text_align=&#8221;left&#8221;][vc_column_inner column_padding=&#8221;no-extra-padding&#8221; column_padding_position=&#8221;all&#8221; background_color_opacity=&#8221;1&#8243; background_hover_color_opacity=&#8221;1&#8243; column_shadow=&#8221;none&#8221; column_border_radius=&#8221;none&#8221; width=&#8221;1\/2&#8243; column_border_width=&#8221;none&#8221; column_border_style=&#8221;solid&#8221;]<div class=\"divider-wrap\"><div style=\"height: 20px;\" class=\"divider\"><\/div><\/div>[nectar_video_lightbox link_style=&#8221;play_button_2&#8243; nectar_play_button_color=&#8221;Default-Accent-Color&#8221; image_url=&#8221;250&#8243; hover_effect=&#8221;defaut&#8221; box_shadow=&#8221;none&#8221; border_radius=&#8221;none&#8221; play_button_size=&#8221;default&#8221; video_url=&#8221;https:\/\/www.youtube.com\/watch?v=H6_MsOYQcRI&#8221;][\/vc_column_inner][vc_column_inner column_padding=&#8221;no-extra-padding&#8221; column_padding_position=&#8221;all&#8221; background_color_opacity=&#8221;1&#8243; background_hover_color_opacity=&#8221;1&#8243; column_shadow=&#8221;none&#8221; column_border_radius=&#8221;none&#8221; width=&#8221;1\/2&#8243; column_border_width=&#8221;none&#8221; column_border_style=&#8221;solid&#8221;]<div class=\"iwithtext\"><div class=\"iwt-icon\"> <i class=\"icon-default-style icon-map-marker accent-color\"><\/i> <\/div><div class=\"iwt-text\"> <a href=\"https:\/\/www.google.lt\/maps\/place\/Vilniaus+Dievo+Gailestingumo+\u0161ventov\u0117\/@54.6813517,25.2856062,15z\/data=!4m2!3m1!1s0x0:0xc0282511fc642545?sa=X&amp;ved=0ahUKEwjuv5b7i8nYAhXBFywKHcPOBsgQ_BIIeDAM\" target=\"_blank\" rel=\"noopener\">Dievo Gailestingumo \u0161ventov\u0117<\/a> <\/div><div class=\"clear\"><\/div><\/div><div class=\"divider-wrap\"><div style=\"height: 10px;\" class=\"divider\"><\/div><\/div><div class=\"iwithtext\"><div class=\"iwt-icon\"> <i class=\"icon-default-style icon-calendar accent-color\"><\/i> <\/div><div class=\"iwt-text\"> Prasideda \u0161v. Velykomis ir trunka savait\u0119. Baigiasi Gailestingumo sekmadienio i\u0161kilm\u0117mis. <\/div><div class=\"clear\"><\/div><\/div><div class=\"divider-wrap\"><div style=\"margin-top: 15px; width: 20%px; height: 1px; margin-bottom: 15px;\" data-width=\"20%\" data-animate=\"\" data-animation-delay=\"\" data-color=\"accent-color\" class=\"divider-small-border\"><\/div><\/div>[vc_column_text]\n<p style=\"text-align: justify;\">1931 m. Plocke (Lenkija) J\u0117zus pirm\u0105 kart\u0105 ses. Faustinai kalb\u0117jo apie Gailestingumo \u0161vent\u0117s \u012fsteigim\u0105: Trok\u0161tu, kad b\u016bt\u0173 Gailestingumo \u0161vent\u0117. Noriu, kad tas paveikslas, kur\u012f nutapysi teptuku, b\u016bt\u0173 i\u0161kilmingai pa\u0161ventintas pirm\u0105 sekmadien\u012f po Velyk\u0173, ir tas sekmadienis turi b\u016bti Gailestingumo \u0161vent\u0117 (Dien. 49).<\/p>\n<p style=\"text-align: justify;\">Kun. Mykolas Sopo\u010dka apie \u0161\u012f J\u0117zaus pra\u0161ym\u0105 su\u017einojo i\u0161 ses. Faustinos jiems susitikus Vilniuje. Tuometinis Vilniaus arkivyskupas Romualdas Jalb\u017eykovskis atsargiai \u017ei\u016br\u0117jo \u012f ses. Faustinos patiriamus J\u0117zaus apsirei\u0161kimus ir nepritar\u0117 vie\u0161am nutapyto paveikslo gerbimui bei Gailestingumo \u0161ventei. Vis tik 1935 m. buvo gautas leidimas per Atvelyk\u012f naudoti nutapyt\u0105 Dievo gailestingumo paveiksl\u0105, kaip iliustracij\u0105 kun. Mykolo Sopo\u010dkos pamokslui apie Dievo gailestingum\u0105. Ses. Faustinos i\u0161puo\u0161tas \u017eolynais paveikslas buvo pakabintas Au\u0161ros Vart\u0173 koply\u010dios laipt\u0173 galerijos lange. Tai buvo pirmas vie\u0161as paveikslo gerbimas ir dar tuo metu ne\u017einomo Gailestingumo sekmadienio \u0161ventimas. \u0160i\u0173 pamald\u0173 metu \u0161v. Faustina patyr\u0117 reg\u0117jim\u0105, kad vir\u0161 Vilniaus pakil\u0119s paveikslas sutrauk\u0117 miest\u0105 u\u017edengusius tinklus ir nubr\u0117\u017e\u0117 kry\u017eiaus \u017eenkl\u0105.<\/p>\n<p style=\"text-align: justify;\">1946 m., Vilniaus arkivyskupui Me\u010dislovui Reiniui leidus, <a href=\"https:\/\/cityofmercy.lt\/lt_LT\/objektai\/sv-jono-krikstytojo-ir-sv-jono-evangelisto-ir-apastalo-baznycia\/\" target=\"_blank\" rel=\"noopener\">\u0161v. Jon\u0173 ba\u017eny\u010dioje<\/a> \u0161v\u0119stas pirmasis Gailestingumo sekmadienis. 2000 m. \u0161v. Jonas Paulius II pirm\u0105j\u012f sekmadien\u012f po Velyk\u0173 oficialiai paskelb\u0117 Gailestingumo sekmadieniu.<\/p>\n<p style=\"text-align: justify;\">Pirmojo sekmadienio po Velyk\u0173 pasirikimas Gailestingumo \u0161ventei nurodo glaud\u0173 ry\u0161\u012f tarp velykinio Atpirkimo sl\u0117pinio ir Dievo gailestingumo. \u0160\u012f ry\u0161\u012f pabr\u0117\u017eia ir Dievo Gailestingumo vainik\u0117lio devyndienis, prasidedantis Did\u012fj\u012f penktadien\u012f.<br \/>\nTrok\u0161tu \u2013 sak\u0117 J\u0117zus, &#8211; kad Gailestingumo \u0161vent\u0117 b\u016bt\u0173 prieglobstis ir u\u017euov\u0117ja visoms sieloms, o ypa\u010d varg\u0161ams nusid\u0117j\u0117liams (Dien. 699). Sielos \u017e\u016bsta, nepaisant mano kar\u010dios kan\u010dios. Duodu joms paskutin\u012f gelb\u0117jimosi rat\u0105, tai yra mano Gailestingumo \u0161vent\u0119. Jei nepagarbins mano gailestingumo, pra\u017eus am\u017eiams (Dien. 965)<\/p>\n<p style=\"text-align: justify;\">T\u0105 dien\u0105 yra atvertos mano gailestingumo gelm\u0117s, i\u0161lieju vis\u0105 j\u016br\u0105 maloni\u0173 sieloms, kurios prisiartins prie mano Gailestingumo \u0161altinio; [&#8230;] tenebijo prie man\u0119s prisiartinti jokia siela, nors jos nuod\u0117m\u0117s b\u016bt\u0173 kaip purpuras (Dien. 699).<\/p>\n<p style=\"text-align: justify;\">Norint patirti Dievo Gailestingumo malones reikia i\u0161pildyti Dievo Gailestingumo pamaldumo s\u0105lygas (pasitik\u0117jimas Dievu ir darbu, \u017eod\u017eiu ir malda i\u0161reik\u0161tas gailestingumas artimui), atlikti i\u0161pa\u017eint\u012f arba b\u016bti malon\u0117s b\u016bsenoje ir priimti \u0161vent\u0105j\u0105 Komunij\u0105.<\/p>\n<p style=\"text-align: justify;\">\u0160iandien Gailestingumo savait\u0117s metu Vilniuje <a href=\"https:\/\/cityofmercy.lt\/lt_LT\/objektai\/dievo-gailestingumo-sventove\/\" target=\"_blank\" rel=\"noopener\">Dievo Gailestingumo \u0161ventov\u0117je<\/a> meld\u017eiasi daugyb\u0117 piligrim\u0173 i\u0161 visos Lietuvos ir pasaulio. Gailestingumo sekmadienio \u0161v. Mi\u0161ios angl\u0173 kalba per EWTN televizij\u0105 transliuojamos \u012f 80 pasaulio \u0161ali\u0173. Gailestingumo sekmadienio i\u0161vakar\u0117se Vilniuje vyksta ekumenin\u0117 \u0160viesos kelio procesija nuo <a href=\"https:\/\/cityofmercy.lt\/lt_LT\/objektai\/ausros-vartai\/\" target=\"_blank\" rel=\"noopener\">Au\u0161ros Vart\u0173 Gailestingumo Motinos koply\u010dios<\/a> iki Dievo Gailestingumo \u0161ventov\u0117s primenanti, kad nepaisant vis\u0173 Krik\u0161\u010dionyb\u0117s istorijoje atsiradusi\u0173 skirtum\u0173 mus visus jungia Dievo gailestingumas ir tro\u0161kimas j\u012f patirti.<\/p>\n[\/vc_column_text]<div class=\"divider-wrap\"><div style=\"height: 30px;\" class=\"divider\"><\/div><\/div>[\/vc_column_inner][\/vc_row_inner][\/vc_column][\/vc_row][vc_row type=&#8221;in_container&#8221; full_screen_row_position=&#8221;middle&#8221; scene_position=&#8221;center&#8221; text_color=&#8221;dark&#8221; text_align=&#8221;left&#8221; overlay_strength=&#8221;0.3&#8243; shape_divider_position=&#8221;bottom&#8221;][vc_column column_padding=&#8221;no-extra-padding&#8221; column_padding_position=&#8221;all&#8221; background_color_opacity=&#8221;1&#8243; background_hover_color_opacity=&#8221;1&#8243; column_shadow=&#8221;none&#8221; column_border_radius=&#8221;none&#8221; width=&#8221;1\/1&#8243; tablet_text_alignment=&#8221;default&#8221; phone_text_alignment=&#8221;default&#8221; column_border_width=&#8221;none&#8221; column_border_style=&#8221;solid&#8221;]<div class=\"divider-wrap\"><div style=\"height: 200px;\" class=\"divider\"><\/div><\/div>[\/vc_column][\/vc_row]\n","protected":false},"excerpt":{"rendered":"<p>[vc_row type=&#8221;in_container&#8221; full_screen_row_position=&#8221;middle&#8221; scene_position=&#8221;center&#8221; text_color=&#8221;dark&#8221; text_align=&#8221;left&#8221; overlay_strength=&#8221;0.3&#8243; shape_divider_position=&#8221;bottom&#8221;][vc_column centered_text=&#8221;true&#8221; column_padding=&#8221;no-extra-padding&#8221; column_&#8230;<\/p>\n","protected":false},"author":2,"featured_media":329,"parent":51,"menu_order":0,"comment_status":"closed","ping_status":"closed","template":"","meta":{"footnotes":""},"class_list":["post-170","page","type-page","status-publish","has-post-thumbnail","hentry"],"_links":{"self":[{"href":"https:\/\/cityofmercy.lt\/lt_LT\/wp-json\/wp\/v2\/pages\/170","targetHints":{"allow":["GET"]}}],"collection":[{"href":"https:\/\/cityofmercy.lt\/lt_LT\/wp-json\/wp\/v2\/pages"}],"about":[{"href":"https:\/\/cityofmercy.lt\/lt_LT\/wp-json\/wp\/v2\/types\/page"}],"author":[{"embeddable":true,"href":"https:\/\/cityofmercy.lt\/lt_LT\/wp-json\/wp\/v2\/users\/2"}],"replies":[{"embeddable":true,"href":"https:\/\/cityofmercy.lt\/lt_LT\/wp-json\/wp\/v2\/comments?post=170"}],"version-history":[{"count":44,"href":"https:\/\/cityofmercy.lt\/lt_LT\/wp-json\/wp\/v2\/pages\/170\/revisions"}],"predecessor-version":[{"id":6106,"href":"https:\/\/cityofmercy.lt\/lt_LT\/wp-json\/wp\/v2\/pages\/170\/revisions\/6106"}],"up":[{"embeddable":true,"href":"https:\/\/cityofmercy.lt\/lt_LT\/wp-json\/wp\/v2\/pages\/51"}],"wp:featuredmedia":[{"embeddable":true,"href":"https:\/\/cityofmercy.lt\/lt_LT\/wp-json\/wp\/v2\/media\/329"}],"wp:attachment":[{"href":"https:\/\/cityofmercy.lt\/lt_LT\/wp-json\/wp\/v2\/media?parent=170"}],"curies":[{"name":"wp","href":"https:\/\/api.w.org\/{rel}","templated":true}]}}