{"id":167,"date":"2017-11-30T16:24:17","date_gmt":"2017-11-30T16:24:17","guid":{"rendered":"http:\/\/cityofmercy.lt\/?page_id=167"},"modified":"2021-01-25T06:48:00","modified_gmt":"2021-01-25T06:48:00","slug":"ausros-vartu-gailestingumo-motinos-globos-atlaidai","status":"publish","type":"page","link":"https:\/\/cityofmercy.lt\/lt_LT\/renginiai\/ausros-vartu-gailestingumo-motinos-globos-atlaidai\/","title":{"rendered":"Au\u0161ros vart\u0173 Gailestingumo Motinos Globos atlaidai"},"content":{"rendered":"[vc_row type=&#8221;in_container&#8221; full_screen_row_position=&#8221;middle&#8221; scene_position=&#8221;center&#8221; text_color=&#8221;dark&#8221; text_align=&#8221;left&#8221; overlay_strength=&#8221;0.3&#8243; shape_divider_position=&#8221;bottom&#8221;][vc_column centered_text=&#8221;true&#8221; column_padding=&#8221;no-extra-padding&#8221; column_padding_position=&#8221;all&#8221; background_color_opacity=&#8221;1&#8243; background_hover_color_opacity=&#8221;1&#8243; column_shadow=&#8221;none&#8221; column_border_radius=&#8221;none&#8221; width=&#8221;1\/1&#8243; tablet_text_alignment=&#8221;default&#8221; phone_text_alignment=&#8221;default&#8221; column_border_width=&#8221;none&#8221; column_border_style=&#8221;solid&#8221;][vc_column_text]\n<h4><strong>Au\u0161ros Vart\u0173 Marijos atlaidai.<\/strong>\u00a0Dievo Motina, saule apsisiautusi.<\/h4>\n[\/vc_column_text]<div class=\"divider-wrap\"><div style=\"margin-top: 25px; height: 1px; margin-bottom: 25px;\" data-width=\"100%\" data-animate=\"\" data-animation-delay=\"\" data-color=\"default\" class=\"divider-border\"><\/div><\/div>[\/vc_column][\/vc_row][vc_row type=&#8221;in_container&#8221; full_screen_row_position=&#8221;middle&#8221; scene_position=&#8221;center&#8221; text_color=&#8221;dark&#8221; text_align=&#8221;left&#8221; overlay_strength=&#8221;0.3&#8243; shape_divider_position=&#8221;bottom&#8221;][vc_column column_padding=&#8221;no-extra-padding&#8221; column_padding_position=&#8221;all&#8221; background_color_opacity=&#8221;1&#8243; background_hover_color_opacity=&#8221;1&#8243; column_shadow=&#8221;none&#8221; column_border_radius=&#8221;none&#8221; width=&#8221;1\/1&#8243; tablet_text_alignment=&#8221;default&#8221; phone_text_alignment=&#8221;default&#8221; column_border_width=&#8221;none&#8221; column_border_style=&#8221;solid&#8221;][vc_row_inner column_margin=&#8221;default&#8221; text_align=&#8221;left&#8221;][vc_column_inner column_padding=&#8221;no-extra-padding&#8221; column_padding_position=&#8221;all&#8221; background_color_opacity=&#8221;1&#8243; background_hover_color_opacity=&#8221;1&#8243; column_shadow=&#8221;none&#8221; column_border_radius=&#8221;none&#8221; width=&#8221;1\/2&#8243; column_border_width=&#8221;none&#8221; column_border_style=&#8221;solid&#8221;][nectar_video_lightbox link_style=&#8221;play_button_2&#8243; nectar_play_button_color=&#8221;Default-Accent-Color&#8221; image_url=&#8221;576&#8243; hover_effect=&#8221;defaut&#8221; box_shadow=&#8221;none&#8221; border_radius=&#8221;none&#8221; play_button_size=&#8221;default&#8221; video_url=&#8221;https:\/\/www.youtube.com\/watch?v=AIANzbLVjzc&#8221;]<div class=\"divider-wrap\"><div style=\"height: 20px;\" class=\"divider\"><\/div><\/div>[\/vc_column_inner][vc_column_inner column_padding=&#8221;no-extra-padding&#8221; column_padding_position=&#8221;all&#8221; background_color_opacity=&#8221;1&#8243; background_hover_color_opacity=&#8221;1&#8243; column_shadow=&#8221;none&#8221; column_border_radius=&#8221;none&#8221; width=&#8221;1\/2&#8243; column_border_width=&#8221;none&#8221; column_border_style=&#8221;solid&#8221;]<div class=\"iwithtext\"><div class=\"iwt-icon\"> <i class=\"icon-default-style icon-map-marker accent-color\"><\/i> <\/div><div class=\"iwt-text\"> <a href=\"https:\/\/www.google.lt\/maps\/place\/Vilniaus+Au\u0161ros+Vart\u0173+\u0160v\u010d.+Mergel\u0117s+Marijos,+Gailestingumo+Motinos,+koply\u010dia\/@54.6743752,25.2874017,17z\/data=!3m1!4b1!4m5!3m4!1s0x46dd9440638f6491:0x73ba7d0fc05293db!8m2!3d54.6743721!4d25.2895904?hl=lt\">Au\u0161ros Vart\u0173 Gailestingumo Motinos koply\u010dia ir \u0160v. Teres\u0117s ba\u017eny\u010dia<\/a> <\/div><div class=\"clear\"><\/div><\/div><div class=\"divider-wrap\"><div style=\"height: 10px;\" class=\"divider\"><\/div><\/div><div class=\"iwithtext\"><div class=\"iwt-icon\"> <i class=\"icon-default-style icon-calendar accent-color\"><\/i> <\/div><div class=\"iwt-text\"> Atlaidai \u0161ven\u010diami 8 dienas t\u0105 lapkri\u010dio savait\u0119, \u012f kuri\u0105 patenka 16 d. <\/div><div class=\"clear\"><\/div><\/div><div class=\"divider-wrap\"><div style=\"margin-top: 15px; width: 20%px; height: 1px; margin-bottom: 15px;\" data-width=\"20%\" data-animate=\"\" data-animation-delay=\"\" data-color=\"accent-color\" class=\"divider-small-border\"><\/div><\/div>[vc_column_text]\n<div class=\"wpb_text_column wpb_content_element \" style=\"text-align: justify;\">\n<div class=\"wpb_wrapper\">\n<p>Garsas apie malones ir stebuklus patiriamus meld\u017eiantis Au\u0161ros Vart\u0173 Marijai prad\u0117jo sklisti jau XVII a. viduryje. B\u0117gant laikui formavosi tradicijos ir pamaldumas Au\u0161ros Vart\u0173 Marijai. Iki \u0161i\u0173 dien\u0173 i\u0161liko \u0161ven\u010diami Gailestingumo Motinos Globos atlaidai yra viena ry\u0161kiausi\u0173 Vilniaus arkivyskupijos \u0161ven\u010di\u0173. \u0160i\u0173 atlaid\u0173 tradicija siekia 1735 m., kai antr\u0105j\u0105 lapkri\u010dio savait\u0119 buvo prad\u0117ta \u0161v\u0119sti \u0160v\u010d. Mergel\u0117s Marijos Globos \u0161vent\u0117. 1761 m. buvo \u012fkurta \u0160v\u010d. Mergel\u0117s Marijos Globos brolija.<b> <\/b>1773 m. popie\u017eius Klemensas XIV \u0161iai brolijai dav\u0117 dvi privilegijas. Pirmoji privilegija suteik\u0117 atlaidus brolijos nariams j\u0173 \u012fstojimo \u012f brolij\u0105 ir Marijos Globos \u0161vent\u0117s dien\u0105. Antroji atlaid\u0173 privilegija suteikta \u0161v. Mi\u0161ioms u\u017e mirusius brolijos narius. Nuo to laiko Marijos Globos \u0161vent\u0117 i\u0161augo \u012f i\u0161kilmingus a\u0161tuonias dienas trunkan\u010dius Au\u0161ros Vart\u0173 Gailestingumo Motinos Globos atlaidus. Dabar Didieji Globos atlaidai \u0161ven\u010diami a\u0161tuonias dienas t\u0105 lapkri\u010dio savait\u0119, \u012f kuri\u0105 patenka 16-oji m\u0117nesio diena.<\/p>\n<p>Au\u0161ros Vart\u0173 Gailestingumo Motina taip pat yra svarbi kit\u0173 Vilniaus arkivyskupijos \u0161ven\u010di\u0173 dalis. Nuo <a href=\"https:\/\/cityofmercy.lt\/lt_LT\/objektai\/ausros-vartai\/\" target=\"_blank\" rel=\"noopener\">Au\u0161ros Vart\u0173 koply\u010dios<\/a> Gailestingumo sekmadienio i\u0161vakar\u0117se prasideda \u0160viesos kelio procesija, kuri baigiasi prie <a href=\"https:\/\/cityofmercy.lt\/lt_LT\/objektai\/dievo-gailestingumo-sventove\/\" target=\"_blank\" rel=\"noopener\">Gailestingumo \u0161ventov\u0117s<\/a>. Devintini\u0173 (Kristaus K\u016bno procesija) prasideda prie <a href=\"https:\/\/cityofmercy.lt\/lt_LT\/objektai\/vilniaus-arkikatedra-bazilika\/\" target=\"_blank\" rel=\"noopener\">Arkikatedros Bazilikos<\/a> ir pasibaigia prie Au\u0161ros Vart\u0173 koply\u010dios. Taip pat nuo Au\u0161ros Vart\u0173 koply\u010dios prasideda jaunimo piligriminis \u017eygis \u012f <a href=\"https:\/\/cityofmercy.lt\/lt_LT\/objektai\/traku-svc-mergeles-marijos-apsilankymo-bazilika\/\" target=\"_blank\" rel=\"noopener\">Trak\u0173 \u0160v\u010d. Mergel\u0117s Marijos Apsilankymo bazilik\u0105<\/a> prie Dievo Motinos, Lietuvos glob\u0117jos, paveikslo.<\/p>\n<p>Daugiau apie Au\u0161ros Vart\u0173 paveiksl\u0105 informacijos galite rasti <a href=\"https:\/\/cityofmercy.lt\/lt_LT\/marsrutai\/marijos-gerbimo-vietos\/\" target=\"_blank\" rel=\"noopener\">Marijos gerbimo viet\u0173 mar\u0161rute<\/a>.<\/p>\n<\/div>\n<\/div>\n[\/vc_column_text][\/vc_column_inner][\/vc_row_inner][\/vc_column][\/vc_row][vc_row type=&#8221;in_container&#8221; full_screen_row_position=&#8221;middle&#8221; scene_position=&#8221;center&#8221; text_color=&#8221;dark&#8221; text_align=&#8221;left&#8221; overlay_strength=&#8221;0.3&#8243; shape_divider_position=&#8221;bottom&#8221;][vc_column column_padding=&#8221;no-extra-padding&#8221; column_padding_position=&#8221;all&#8221; background_color_opacity=&#8221;1&#8243; background_hover_color_opacity=&#8221;1&#8243; column_shadow=&#8221;none&#8221; column_border_radius=&#8221;none&#8221; width=&#8221;1\/1&#8243; tablet_text_alignment=&#8221;default&#8221; phone_text_alignment=&#8221;default&#8221; column_border_width=&#8221;none&#8221; column_border_style=&#8221;solid&#8221;]<div class=\"divider-wrap\"><div style=\"height: 200px;\" class=\"divider\"><\/div><\/div>[\/vc_column][\/vc_row]\n","protected":false},"excerpt":{"rendered":"<p>[vc_row type=&#8221;in_container&#8221; full_screen_row_position=&#8221;middle&#8221; scene_position=&#8221;center&#8221; text_color=&#8221;dark&#8221; text_align=&#8221;left&#8221; overlay_strength=&#8221;0.3&#8243; shape_divider_position=&#8221;bottom&#8221;][vc_column centered_text=&#8221;true&#8221; column_padding=&#8221;no-extra-padding&#8221; column_&#8230;<\/p>\n","protected":false},"author":2,"featured_media":575,"parent":51,"menu_order":0,"comment_status":"closed","ping_status":"closed","template":"","meta":{"footnotes":""},"class_list":["post-167","page","type-page","status-publish","has-post-thumbnail","hentry"],"_links":{"self":[{"href":"https:\/\/cityofmercy.lt\/lt_LT\/wp-json\/wp\/v2\/pages\/167","targetHints":{"allow":["GET"]}}],"collection":[{"href":"https:\/\/cityofmercy.lt\/lt_LT\/wp-json\/wp\/v2\/pages"}],"about":[{"href":"https:\/\/cityofmercy.lt\/lt_LT\/wp-json\/wp\/v2\/types\/page"}],"author":[{"embeddable":true,"href":"https:\/\/cityofmercy.lt\/lt_LT\/wp-json\/wp\/v2\/users\/2"}],"replies":[{"embeddable":true,"href":"https:\/\/cityofmercy.lt\/lt_LT\/wp-json\/wp\/v2\/comments?post=167"}],"version-history":[{"count":40,"href":"https:\/\/cityofmercy.lt\/lt_LT\/wp-json\/wp\/v2\/pages\/167\/revisions"}],"predecessor-version":[{"id":5950,"href":"https:\/\/cityofmercy.lt\/lt_LT\/wp-json\/wp\/v2\/pages\/167\/revisions\/5950"}],"up":[{"embeddable":true,"href":"https:\/\/cityofmercy.lt\/lt_LT\/wp-json\/wp\/v2\/pages\/51"}],"wp:featuredmedia":[{"embeddable":true,"href":"https:\/\/cityofmercy.lt\/lt_LT\/wp-json\/wp\/v2\/media\/575"}],"wp:attachment":[{"href":"https:\/\/cityofmercy.lt\/lt_LT\/wp-json\/wp\/v2\/media?parent=167"}],"curies":[{"name":"wp","href":"https:\/\/api.w.org\/{rel}","templated":true}]}}